{"id":45614,"date":"2018-01-15T22:17:27","date_gmt":"2018-01-15T22:17:27","guid":{"rendered":"https:\/\/tenerife-trips.com\/product\/sin%20categor\u00eda\/buceo\/"},"modified":"2025-12-02T20:59:44","modified_gmt":"2025-12-02T20:59:44","slug":"buceo-tenerife","status":"publish","type":"product","link":"https:\/\/tenerife-trips.com\/es\/product\/deportes-acuaticos\/buceo-tenerife\/","title":{"rendered":"BUCEO"},"content":{"rendered":"<div class=\"wpb-content-wrapper\"><p>[vc_row full_width=&#8221;stretch_row_content_no_spaces&#8221;][vc_column][vc_column_text css=&#8221;.vc_custom_1743592421727{background-color: #F6EB14 !important;background-position: center !important;background-repeat: no-repeat !important;background-size: cover !important;}&#8221; css_animation=&#8221;fadeIn&#8221;]<\/p>\n<h1 class=\"title-h2\" style=\"text-align: center;\"><span style=\"font-size: 18pt; color: #312c7a;\">BUCEO<\/span><\/h1>\n<p>[\/vc_column_text][\/vc_column][\/vc_row][vc_row][vc_column][vc_column_text]<\/p>\n<p style=\"text-align: center;\"><span style=\"font-size: 14pt;\">Buceo Tenerife es de hecho una de las <a href=\"https:\/\/www.tenerife-trips.com\/actividades-en-tenerife\/?lang=es\" target=\"_blank\" rel=\"noopener\">mejores excursiones<\/a> para hacer durante tus vacaciones. La vida marina en las Islas Canarias es abundante y esta es una forma de conocerla muy bien.<\/span><\/p>\n<p style=\"text-align: center;\"><span style=\"font-size: 14pt;\">\u00a1Mire desde una perspectiva diferente y descubra el incre\u00edble mundo submarino que Tenerife tiene para ofrecer!<\/span><\/p>\n<p style=\"text-align: center;\"><span style=\"font-size: 14pt;\"><strong>\u21d3 Ver m\u00e1s descripci\u00f3n a continuaci\u00f3n \u21d3<\/strong><\/span><\/p>\n<p>[\/vc_column_text][vc_empty_space][\/vc_column][\/vc_row][vc_row full_width=&#8221;stretch_row_content&#8221; css=&#8221;.vc_custom_1666446019872{background-color: #312c7a !important;}&#8221;][vc_column]<div class=\"gem-vimeo gem-wrapbox gem-wrapbox-style-no-style rounded-corners gem-wrapbox-position-below\" style=\"width: 100%;\"><div class=\"gem-wrapbox-inner gem-ratio-style\" style=\"padding-top: 56.25%\"><iframe webkitallowfullscreen=\"true\" mozallowfullscreen=\"true\" allowfullscreen=\"true\" class=\"gem-wrapbox-element img-responsive\" frameborder=\"0\" scrolling=\"no\" marginheight=\"0\" marginwidth=\"0\" src=\"\/\/player.vimeo.com\/video\/326160390?title=0&amp;byline=0&amp;portrait=0 \"><\/iframe><\/div><\/div>[vc_empty_space]<div class=\"preloader\"><div class=\"preloader-spin\"><\/div><\/div> <div id=\"gem-gallery-69e3498a00495\" class=\"gem-gallery gem-gallery-hover-zooming-blur\"> <div class=\"gem-gallery-item\"> <div class=\"gem-gallery-item-image\"> <a href=\"https:\/\/tenerife-trips.com\/wp-content\/uploads\/2019\/12\/buceo-Tenerife-1-scaled-thegem-gallery-sidebar.png\" data-fancybox-group=\"gallery-69e3498a00495\" data-full-image-url=\"https:\/\/tenerife-trips.com\/wp-content\/uploads\/2019\/12\/buceo-Tenerife-1-scaled.png\"> <svg width=\"20\" height=\"10\"><path d=\"M 0,10 Q 9,9 10,0 Q 11,9 20,10\" \/><\/svg> <img src=\"https:\/\/tenerife-trips.com\/wp-content\/uploads\/2019\/12\/buceo-Tenerife-1-scaled-thegem-post-thumb-small.png\" alt=\"\" class=\"img-responsive\"> <span class=\"gem-gallery-caption slide-info\"> <\/span> <\/a> <span class=\"gem-gallery-line\"><\/span> <\/div> <\/div> <div class=\"gem-gallery-item\"> <div class=\"gem-gallery-item-image\"> <a href=\"https:\/\/tenerife-trips.com\/wp-content\/uploads\/2019\/12\/scuba-diving-Tenerife-1-scaled-thegem-gallery-sidebar.png\" data-fancybox-group=\"gallery-69e3498a00495\" data-full-image-url=\"https:\/\/tenerife-trips.com\/wp-content\/uploads\/2019\/12\/scuba-diving-Tenerife-1-scaled.png\"> <svg width=\"20\" height=\"10\"><path d=\"M 0,10 Q 9,9 10,0 Q 11,9 20,10\" \/><\/svg> <img src=\"https:\/\/tenerife-trips.com\/wp-content\/uploads\/2019\/12\/scuba-diving-Tenerife-1-scaled-thegem-post-thumb-small.png\" alt=\"\" class=\"img-responsive\"> <span class=\"gem-gallery-caption slide-info\"> <\/span> <\/a> <span class=\"gem-gallery-line\"><\/span> <\/div> <\/div> <div class=\"gem-gallery-item\"> <div class=\"gem-gallery-item-image\"> <a href=\"https:\/\/tenerife-trips.com\/wp-content\/uploads\/2019\/12\/tauchen-Teneriffa-scaled-thegem-gallery-sidebar.png\" data-fancybox-group=\"gallery-69e3498a00495\" data-full-image-url=\"https:\/\/tenerife-trips.com\/wp-content\/uploads\/2019\/12\/tauchen-Teneriffa-scaled.png\"> <svg width=\"20\" height=\"10\"><path d=\"M 0,10 Q 9,9 10,0 Q 11,9 20,10\" \/><\/svg> <img src=\"https:\/\/tenerife-trips.com\/wp-content\/uploads\/2019\/12\/tauchen-Teneriffa-scaled-thegem-post-thumb-small.png\" alt=\"\" class=\"img-responsive\"> <span class=\"gem-gallery-caption slide-info\"> <\/span> <\/a> <span class=\"gem-gallery-line\"><\/span> <\/div> <\/div> <div class=\"gem-gallery-item\"> <div class=\"gem-gallery-item-image\"> <a href=\"https:\/\/tenerife-trips.com\/wp-content\/uploads\/2019\/12\/scuba-diving-Tenerife-2-scaled-thegem-gallery-sidebar.png\" data-fancybox-group=\"gallery-69e3498a00495\" data-full-image-url=\"https:\/\/tenerife-trips.com\/wp-content\/uploads\/2019\/12\/scuba-diving-Tenerife-2-scaled.png\"> <svg width=\"20\" height=\"10\"><path d=\"M 0,10 Q 9,9 10,0 Q 11,9 20,10\" \/><\/svg> <img src=\"https:\/\/tenerife-trips.com\/wp-content\/uploads\/2019\/12\/scuba-diving-Tenerife-2-scaled-thegem-post-thumb-small.png\" alt=\"\" class=\"img-responsive\"> <span class=\"gem-gallery-caption slide-info\"> <\/span> <\/a> <span class=\"gem-gallery-line\"><\/span> <\/div> <\/div> <div class=\"gem-gallery-item\"> <div class=\"gem-gallery-item-image\"> <a href=\"https:\/\/tenerife-trips.com\/wp-content\/uploads\/2019\/12\/nurkowanie-na-Teneryfie-1-scaled-thegem-gallery-sidebar.png\" data-fancybox-group=\"gallery-69e3498a00495\" data-full-image-url=\"https:\/\/tenerife-trips.com\/wp-content\/uploads\/2019\/12\/nurkowanie-na-Teneryfie-1-scaled.png\"> <svg width=\"20\" height=\"10\"><path d=\"M 0,10 Q 9,9 10,0 Q 11,9 20,10\" \/><\/svg> <img src=\"https:\/\/tenerife-trips.com\/wp-content\/uploads\/2019\/12\/nurkowanie-na-Teneryfie-1-scaled-thegem-post-thumb-small.png\" alt=\"\" class=\"img-responsive\"> <span class=\"gem-gallery-caption slide-info\"> <\/span> <\/a> <span class=\"gem-gallery-line\"><\/span> <\/div> <\/div> <div class=\"gem-gallery-item\"> <div class=\"gem-gallery-item-image\"> <a href=\"https:\/\/tenerife-trips.com\/wp-content\/uploads\/2019\/12\/tauchen-Teneriffa-2-scaled-thegem-gallery-sidebar.png\" data-fancybox-group=\"gallery-69e3498a00495\" data-full-image-url=\"https:\/\/tenerife-trips.com\/wp-content\/uploads\/2019\/12\/tauchen-Teneriffa-2-scaled.png\"> <svg width=\"20\" height=\"10\"><path d=\"M 0,10 Q 9,9 10,0 Q 11,9 20,10\" \/><\/svg> <img src=\"https:\/\/tenerife-trips.com\/wp-content\/uploads\/2019\/12\/tauchen-Teneriffa-2-scaled-thegem-post-thumb-small.png\" alt=\"\" class=\"img-responsive\"> <span class=\"gem-gallery-caption slide-info\"> <\/span> <\/a> <span class=\"gem-gallery-line\"><\/span> <\/div> <\/div> <div class=\"gem-gallery-item\"> <div class=\"gem-gallery-item-image\"> <a href=\"https:\/\/tenerife-trips.com\/wp-content\/uploads\/2018\/01\/diving-Tenerife-1-1-thegem-gallery-sidebar.png\" data-fancybox-group=\"gallery-69e3498a00495\" data-full-image-url=\"https:\/\/tenerife-trips.com\/wp-content\/uploads\/2018\/01\/diving-Tenerife-1-1.png\"> <svg width=\"20\" height=\"10\"><path d=\"M 0,10 Q 9,9 10,0 Q 11,9 20,10\" \/><\/svg> <img src=\"https:\/\/tenerife-trips.com\/wp-content\/uploads\/2018\/01\/diving-Tenerife-1-1-thegem-post-thumb-small.png\" alt=\"diving Tenerife\" class=\"img-responsive\"> <span class=\"gem-gallery-caption slide-info\"> <\/span> <\/a> <span class=\"gem-gallery-line\"><\/span> <\/div> <\/div> <div class=\"gem-gallery-item\"> <div class=\"gem-gallery-item-image\"> <a href=\"https:\/\/tenerife-trips.com\/wp-content\/uploads\/2018\/01\/diving-Tenerife-thegem-gallery-sidebar.png\" data-fancybox-group=\"gallery-69e3498a00495\" data-full-image-url=\"https:\/\/tenerife-trips.com\/wp-content\/uploads\/2018\/01\/diving-Tenerife.png\"> <svg width=\"20\" height=\"10\"><path d=\"M 0,10 Q 9,9 10,0 Q 11,9 20,10\" \/><\/svg> <img src=\"https:\/\/tenerife-trips.com\/wp-content\/uploads\/2018\/01\/diving-Tenerife-thegem-post-thumb-small.png\" alt=\"diving Tenerife\" class=\"img-responsive\"> <span class=\"gem-gallery-caption slide-info\"> <\/span> <\/a> <span class=\"gem-gallery-line\"><\/span> <\/div> <\/div> <\/div>[vc_empty_space][\/vc_column][\/vc_row][vc_row full_width=&#8221;stretch_row&#8221; css=&#8221;.vc_custom_1577670601059{background-color: #312c7a !important;background-position: center !important;background-repeat: no-repeat !important;background-size: cover !important;}&#8221;][vc_column][vc_column_text]<\/p>\n<h3 style=\"text-align: center;\"><span style=\"color: #ffffff;\"><strong><span style=\"font-size: 18pt;\">DESCRIPCION<\/span><\/strong><\/span><\/h3>\n<p>[\/vc_column_text][\/vc_column][\/vc_row][vc_row][vc_column][vc_tta_accordion style=&#8221;simple_solid&#8221; color=&#8221;blue&#8221; c_icon=&#8221;chevron&#8221; active_section=&#8221;-0&#8243; collapsible_all=&#8221;true&#8221;][vc_tta_section title=&#8221;EXPLICACI\u00d3N ACTIVIDAD&#8221; tab_id=&#8221;1577670335468-bfaccfb2-6518&#8243;][vc_column_text]<\/p>\n<h3><span style=\"font-size: 12pt;\">Buceo Tenerife es de hecho una de las mejores cosas para hacer durante sus vacaciones. La vida marina en las Islas Canarias es abundante y esta es una forma de conocerla muy bien!<\/span><\/h3>\n<p><span style=\"font-size: 14pt;\">Es dif\u00edcil describir c\u00f3mo te sientes all\u00ed abajo a las personas que nunca antes han tenido esta experiencia. En mi opini\u00f3n, el buceo Tenerife es como descubrir otra dimensi\u00f3n, fuera de nuestro h\u00e1bitat natural. Es de alguna manera similar a estar en un avi\u00f3n a 10 km de altitud volando a otro pa\u00eds. Podr\u00edamos considerarlo evidencia del instinto humano de ir m\u00e1s all\u00e1 de los l\u00edmites y explorar.<\/span><\/p>\n<h3><span style=\"font-size: 12pt;\">DEPENDIENDO DEL LUGAR Y DE LA PROFUNDIDAD DONDE SE HACE EL BUCEO TENERIFE, TIENE ALTA PROBABILIDAD DE ENCONTRAR VIDA MARINA DURANTE LA ACTIVIDAD. AS\u00cd QUE ES MUY F\u00c1CIL VER MANTARRAYAS, TORTUGAS DE MAR O MORENAS. ADEM\u00c1S, ES COM\u00daN VER OTRAS ESPECIES COMO EL PULPO, LA ESTRELLA DE MAR Y EL <a href=\"https:\/\/es.wikipedia.org\/wiki\/Aulostomus_strigosus\" target=\"_blank\" rel=\"noopener\">PEZ TROMPETA<\/a>.<\/span><\/h3>\n<p><span style=\"font-size: 14pt;\">Entonces, en primer lugar para los principiantes, comenzamos el buceo Tenerife con una lecci\u00f3n de teor\u00eda en el centro de buceo. Le explicamos las reglas b\u00e1sicas de seguridad a seguir y el comportamiento a adoptar bajo el agua. La primera vez se llama &#8220;bautismo&#8221; y ser\u00e1 una inmersi\u00f3n desde la playa. Es decir, nos vamos al agua caminando desde la orilla con todo el equipo. Su instructor personal se encargar\u00e1 y le supervisar\u00e1 todo el tiempo. La inmersi\u00f3n durar\u00e1 aproximadamente 25-30 minutos y alcanzar\u00e1 una profundidad m\u00e1xima de 5 metros.<\/span><\/p>\n<p><span style=\"font-size: 14pt;\">Para las personas que tienen experiencia, hay diferentes lugares y profundidades disponibles seg\u00fan su nivel. Algunos de los lugares mejores para el buceo Tenerife son la Cueva de las Morenas, El Caracol, El Condesito, El Meridian. Otros famosos son Monta\u00f1a Amarilla, Playa Las Vistas, El Puertito. El centro de buceo le asesorar\u00e1 y encontrar\u00e1 la mejor opci\u00f3n para usted.<\/span><\/p>\n<p><span style=\"font-size: 14pt;\">Durante la inmersi\u00f3n, su instructor tomar\u00e1 fotograf\u00edas y videos. Al final puede comprarlos si quiere.<\/span>[\/vc_column_text][\/vc_tta_section][vc_tta_section title=&#8221;HORARIO Y TRANSPORTE&#8221; tab_id=&#8221;1577670335512-d0fddf1f-488d&#8221;][vc_column_text]<span style=\"font-size: 14pt;\">Para el buceo en Tenerife, la recogida desde su alojamiento en el sur de la isla est\u00e1 incluida en el precio. Por favor p\u00f3ngase en contacto con nosotros y compruebe la disponibilidad de transporte desde su zona antes de reservar.<\/span><\/p>\n<p><span style=\"text-decoration: underline; font-size: 14pt;\"><span style=\"color: #ff0000; text-decoration: underline;\">HORARIOS:<\/span><\/span><\/p>\n<p><span style=\"font-size: 14pt;\">Todos los d\u00edas del a\u00f1o. Consulte con nuestro servicio de atenci\u00f3n al cliente los horarios disponibles.<\/span><\/p>\n<p><strong><span style=\"font-size: 14pt;\">\u00a1Mire el v\u00eddeo para tener una idea sobre el buceo Tenerife y res\u00e9rvelo ahora mismo!<\/span><\/strong>[\/vc_column_text][\/vc_tta_section][vc_tta_section title=&#8221;CURSOS PADI&#8221; tab_id=&#8221;1610660352630-f7e70afd-ce3f&#8221;][vc_column_text]<\/p>\n<h3><span class=\"JLqJ4b ChMk0b\" style=\"font-size: 12pt;\" data-language-for-alternatives=\"es\" data-language-to-translate-into=\"en\" data-phrase-index=\"0\">Para el buceo en Tenerife tambi\u00e9n ofrecemos los siguientes cursos PADI:<\/span><\/h3>\n<h3><span class=\"JLqJ4b ChMk0b\" style=\"font-size: 12pt;\" data-language-for-alternatives=\"es\" data-language-to-translate-into=\"en\" data-phrase-index=\"2\"><span style=\"text-decoration: underline; color: #ff0000;\">SCUBA DIVER<\/span> , 3 inmersiones en 2 d\u00edas, hasta 12 metros de profundidad.<\/span><\/h3>\n<p><span style=\"font-size: 14pt;\">Si no dispone de mucho tiempo o no quiere dedicar sus vacaciones exclusivamente a bucear el curso Scuba Diver ser\u00e1 su mejor elecci\u00f3n. Este curso requiere menos tiempo que el curso PADI Open Water Diver, en tan solo dos d\u00edas finalizar\u00e1 su curso. Durante el curso realizar\u00e1 las primeras tres secciones de las cinco del desarrollo de conocimientos del libro Open Water Diver.<\/span><\/p>\n<p><span style=\"font-size: 14pt;\">Aprender\u00e1 todos los fundamentos del buceo aut\u00f3nomo por medio del desarrollo de conocimientos, una serie de ejercicios para realizar un buceo seguro y divertido y una percepci\u00f3n del mundo subacu\u00e1tico que le har\u00e1 volver para estar m\u00e1s tiempo en el fondo \u00a1en cada oportunidad que tenga! Todo ello acompa\u00f1ado de nuestros instructores calificados que har\u00e1n de su curso una experiencia segura e inolvidable.<\/span><\/p>\n<p><span style=\"font-size: 14pt;\">Cuando finalice su curso obtendr\u00e1 una certificaci\u00f3n que permite una amplia experiencia de buceo y es un buen calentamiento para el curso Open Water Diver, si este es su objetivo final. Los PADI Scuba Divers est\u00e1n calificados para bucear bajo la supervisi\u00f3n directa de un PADI Divemaster, Assistant Instructor o Instructor a una profundidad m\u00e1xima de 12 metros \/ 40 pies.<\/span><\/p>\n<p><span style=\"font-size: 14pt;\">Para hacer este curso debe tener al menos 15 a\u00f1os de edad (o 10 a\u00f1os de edad para la certificaci\u00f3n Junior Scuba Diver).<\/span><\/p>\n<hr \/>\n<h3><span class=\"JLqJ4b ChMk0b\" style=\"font-size: 12pt;\" data-language-for-alternatives=\"es\" data-language-to-translate-into=\"en\" data-phrase-index=\"4\"><span style=\"text-decoration: underline; color: #ff0000;\">OPEN WATER<\/span> , 5 inmersiones en 3\/4 d\u00edas, hasta 18 metros de profundidad.<\/span><\/h3>\n<p><span style=\"font-size: 14pt;\">El curso PADI Open Water Diver es el curso de buceo m\u00e1s popular del mundo y ha introducido a millones de personas al estilo de vida de la aventura del buceo. Su instructor le ayudar\u00e1 con las consideraciones sobre el equipo de buceo para el entorno de buceo local, c\u00f3mo planificar y realizar inmersiones reales y c\u00f3mo prevenir y gestionar problemas.<\/span><\/p>\n<p><span style=\"font-size: 14pt;\">El curso PADI Open Water Diver consiste en el desarrollo de conocimientos (online, estudio en casa o en un aula) para comprender los principios b\u00e1sicos del buceo aut\u00f3nomo y inmersiones para aprender las t\u00e9cnicas de buceo b\u00e1sicas, repasar sus habilidades y explorar! La duraci\u00f3n de este curso de buceo en Tenerife es de tres o cuatro d\u00edas dependiendo de las necesidades de cada alumno.<\/span><\/p>\n<p><span style=\"font-size: 14pt;\">Los Open Water Diver est\u00e1n calificados para bucear en todo el mundo de manera aut\u00f3noma siempre con un compa\u00f1ero.<\/span><br \/>\n<span style=\"font-size: 14pt;\">Para apuntarse al curso PADI Open Diver o Junior Open Water Diver, debe tener al menos 10 a\u00f1os de edad (PADI eLearning requiere una edad m\u00ednima de 13 a\u00f1os, debido a la legislaci\u00f3n internacional de Internet).<\/span>[\/vc_column_text][\/vc_tta_section][\/vc_tta_accordion]<style type=\"text\/css\">.thegem-button-69e3498a025706664 .gem-button svg {fill: #ffffff;}.thegem-button-69e3498a025706664 .gem-button:hover svg {fill: #312c7a;}<\/style><div class=\"gem-button-container gem-button-position-center thegem-button-69e3498a025706664    \"  ><a class=\"gem-button gem-button-size-small gem-button-style-flat gem-button-text-weight-normal\" data-ll-effect=\"drop-right-without-wrap\" style=\"border-radius: 3px;background-color: #312c7a;color: #ffffff;\" onmouseleave=\"this.style.backgroundColor='#312c7a';this.style.color='#ffffff';\" onmouseenter=\"this.style.backgroundColor='#f6eb14';this.style.color='#312c7a';\" href=\"#scuba-precios\" target=\"_self\">PRECIOS<\/a><\/div> [\/vc_column][\/vc_row][vc_row full_width=&#8221;stretch_row_content&#8221; css=&#8221;.vc_custom_1577475517097{background-color: #312c7a !important;background-position: center !important;background-repeat: no-repeat !important;background-size: cover !important;}&#8221;][vc_column][vc_column_text css=&#8221;.vc_custom_1577670614663{background-position: center !important;background-repeat: no-repeat !important;background-size: cover !important;}&#8221;]<\/p>\n<h3 style=\"text-align: center;\"><strong><span style=\"font-size: 18pt; color: #ffffff;\">COMPRAR YA<\/span><\/strong><\/h3>\n<p>[\/vc_column_text][vc_empty_space height=&#8221;10&#8243; el_id=&#8221;scuba-precios&#8221;][\/vc_column][\/vc_row]<\/p>\n<\/div>","protected":false},"excerpt":{"rendered":"<p>[vc_row full_width=&#8221;stretch_row_content_no_spaces&#8221;][vc_column][vc_column_text css=&#8221;.vc_custom_1743592421727{background-color: #F6EB14 !important;background-position: center !important;background-repeat: no-repeat !important;background-size: cover !important;}&#8221; css_animation=&#8221;fadeIn&#8221;] BUCEO [\/vc_column_text][\/vc_column][\/vc_row][vc_row][vc_column][vc_column_text] Buceo Tenerife es de hecho una&#8230;<\/p>\n","protected":false},"featured_media":425454,"template":"","meta":{"_acf_changed":false,"_seopress_robots_primary_cat":"0","_seopress_titles_title":"Buceo Tenerife. Descubre el mundo submarino de Canarias","_seopress_titles_desc":"Buceo Tenerife, explore una dimensi\u00f3n diferente bajo la superficie del mar, encuentre la abundante vida marina de las Islas Canarias","_seopress_robots_index":""},"product_brand":[],"product_cat":[2172],"product_tag":[2455,2196,2418,2194],"class_list":{"0":"post-45614","1":"product","2":"type-product","3":"status-publish","4":"has-post-thumbnail","6":"product_cat-deportes-acuaticos","7":"product_tag-bucear-tenerife","8":"product_tag-buceo-tenerife","9":"product_tag-excursiones-tenerife","10":"product_tag-tenerife-trips-es","12":"first","13":"instock","14":"virtual","15":"sold-individually","16":"taxable","17":"purchasable","18":"product-type-booking"},"booking_location":"","booking_location_type":"","booking_duration":1,"booking_duration_unit":"hour","booking_buffer":0,"booking_cost":0,"booking_resources":[],"acf":[],"_links":{"self":[{"href":"https:\/\/tenerife-trips.com\/es\/wp-json\/wp\/v2\/product\/45614","targetHints":{"allow":["GET"]}}],"collection":[{"href":"https:\/\/tenerife-trips.com\/es\/wp-json\/wp\/v2\/product"}],"about":[{"href":"https:\/\/tenerife-trips.com\/es\/wp-json\/wp\/v2\/types\/product"}],"wp:featuredmedia":[{"embeddable":true,"href":"https:\/\/tenerife-trips.com\/es\/wp-json\/wp\/v2\/media\/425454"}],"wp:attachment":[{"href":"https:\/\/tenerife-trips.com\/es\/wp-json\/wp\/v2\/media?parent=45614"}],"wp:term":[{"taxonomy":"product_brand","embeddable":true,"href":"https:\/\/tenerife-trips.com\/es\/wp-json\/wp\/v2\/product_brand?post=45614"},{"taxonomy":"product_cat","embeddable":true,"href":"https:\/\/tenerife-trips.com\/es\/wp-json\/wp\/v2\/product_cat?post=45614"},{"taxonomy":"product_tag","embeddable":true,"href":"https:\/\/tenerife-trips.com\/es\/wp-json\/wp\/v2\/product_tag?post=45614"}],"curies":[{"name":"wp","href":"https:\/\/api.w.org\/{rel}","templated":true}]}}