{"id":45630,"date":"2018-04-05T15:47:07","date_gmt":"2018-04-05T14:47:07","guid":{"rendered":"https:\/\/tenerife-trips.com\/product\/sin%20categor\u00eda\/viaje-de-pesca\/"},"modified":"2025-12-02T20:47:29","modified_gmt":"2025-12-02T20:47:29","slug":"pesca-en-tenerife","status":"publish","type":"product","link":"https:\/\/tenerife-trips.com\/es\/product\/deportes-acuaticos\/pesca-en-tenerife\/","title":{"rendered":"VIAJE DE PESCA"},"content":{"rendered":"<div class=\"wpb-content-wrapper\"><p>[vc_row full_width=&#8221;stretch_row_content_no_spaces&#8221;][vc_column][vc_column_text css=&#8221;.vc_custom_1743591436599{background-color: #F6EB14 !important;background-position: center !important;background-repeat: no-repeat !important;background-size: cover !important;}&#8221; css_animation=&#8221;fadeIn&#8221;]<\/p>\n<h1 class=\"title-h2\" style=\"text-align: center;\"><span style=\"font-size: 18pt; color: #312c7a;\">VIAJE DE PESCA<\/span><\/h1>\n<p>[\/vc_column_text][\/vc_column][\/vc_row][vc_row][vc_column][vc_column_text]\u00bfTe apasiona la pesca o simplemente tienes curiosidad de saber c\u00f3mo es en las aguas de las Islas Canarias? La pesca en Tenerife es definitivamente una de las mejores cosas que hacer al visitar este hermoso lugar; Es una actividad adecuada para todos, ni\u00f1os y adultos, principiantes y expertos.<\/p>\n<p style=\"text-align: center;\"><strong>\u21d3 Ver m\u00e1s descripci\u00f3n a continuaci\u00f3n \u21d3<\/strong><\/p>\n<p>[\/vc_column_text][\/vc_column][\/vc_row][vc_row full_width=&#8221;stretch_row_content&#8221; full_height=&#8221;yes&#8221; css=&#8221;.vc_custom_1576192123211{background-color: #312c7a !important;background-position: center !important;background-repeat: no-repeat !important;background-size: cover !important;}&#8221;][vc_column]<div class=\"gem-vimeo gem-wrapbox gem-wrapbox-style-no-style rounded-corners gem-wrapbox-position-below\" style=\"width: 100%;\"><div class=\"gem-wrapbox-inner gem-ratio-style\" style=\"padding-top: 56.25%\"><iframe webkitallowfullscreen=\"true\" mozallowfullscreen=\"true\" allowfullscreen=\"true\" class=\"gem-wrapbox-element img-responsive\" frameborder=\"0\" scrolling=\"no\" marginheight=\"0\" marginwidth=\"0\" src=\"\/\/player.vimeo.com\/video\/397456105?title=0&amp;byline=0&amp;portrait=0 \"><\/iframe><\/div><\/div>[vc_empty_space]<div class=\"preloader\"><div class=\"preloader-spin\"><\/div><\/div> <div id=\"gem-gallery-69debb47c930c\" class=\"gem-gallery gem-gallery-hover-zooming-blur\"> <div class=\"gem-gallery-item\"> <div class=\"gem-gallery-item-image\"> <a href=\"https:\/\/tenerife-trips.com\/wp-content\/uploads\/2019\/12\/wedkarstwo-na-Teneryfie-scaled-thegem-gallery-sidebar.jpg\" data-fancybox-group=\"gallery-69debb47c930c\" data-full-image-url=\"https:\/\/tenerife-trips.com\/wp-content\/uploads\/2019\/12\/wedkarstwo-na-Teneryfie-scaled.jpg\"> <svg width=\"20\" height=\"10\"><path d=\"M 0,10 Q 9,9 10,0 Q 11,9 20,10\" \/><\/svg> <img src=\"https:\/\/tenerife-trips.com\/wp-content\/uploads\/2019\/12\/wedkarstwo-na-Teneryfie-scaled-thegem-post-thumb-small.jpg\" alt=\"\" class=\"img-responsive\"> <span class=\"gem-gallery-caption slide-info\"> <\/span> <\/a> <span class=\"gem-gallery-line\"><\/span> <\/div> <\/div> <div class=\"gem-gallery-item\"> <div class=\"gem-gallery-item-image\"> <a href=\"https:\/\/tenerife-trips.com\/wp-content\/uploads\/2019\/12\/pesca-en-Tenerife-scaled-thegem-gallery-sidebar.jpg\" data-fancybox-group=\"gallery-69debb47c930c\" data-full-image-url=\"https:\/\/tenerife-trips.com\/wp-content\/uploads\/2019\/12\/pesca-en-Tenerife-scaled.jpg\"> <svg width=\"20\" height=\"10\"><path d=\"M 0,10 Q 9,9 10,0 Q 11,9 20,10\" \/><\/svg> <img src=\"https:\/\/tenerife-trips.com\/wp-content\/uploads\/2019\/12\/pesca-en-Tenerife-scaled-thegem-post-thumb-small.jpg\" alt=\"\" class=\"img-responsive\"> <span class=\"gem-gallery-caption slide-info\"> <\/span> <\/a> <span class=\"gem-gallery-line\"><\/span> <\/div> <\/div> <div class=\"gem-gallery-item\"> <div class=\"gem-gallery-item-image\"> <a href=\"https:\/\/tenerife-trips.com\/wp-content\/uploads\/2018\/04\/Tenerife-Fishing-scaled-thegem-gallery-sidebar.jpg\" data-fancybox-group=\"gallery-69debb47c930c\" data-full-image-url=\"https:\/\/tenerife-trips.com\/wp-content\/uploads\/2018\/04\/Tenerife-Fishing-scaled.jpg\"> <svg width=\"20\" height=\"10\"><path d=\"M 0,10 Q 9,9 10,0 Q 11,9 20,10\" \/><\/svg> <img src=\"https:\/\/tenerife-trips.com\/wp-content\/uploads\/2018\/04\/Tenerife-Fishing-scaled-thegem-post-thumb-small.jpg\" alt=\"Tenerife fishing\" class=\"img-responsive\"> <span class=\"gem-gallery-caption slide-info\"> <\/span> <\/a> <span class=\"gem-gallery-line\"><\/span> <\/div> <\/div> <div class=\"gem-gallery-item\"> <div class=\"gem-gallery-item-image\"> <a href=\"https:\/\/tenerife-trips.com\/wp-content\/uploads\/2019\/12\/pesca-en-Tenerife-1-scaled-thegem-gallery-sidebar.jpg\" data-fancybox-group=\"gallery-69debb47c930c\" data-full-image-url=\"https:\/\/tenerife-trips.com\/wp-content\/uploads\/2019\/12\/pesca-en-Tenerife-1-scaled.jpg\"> <svg width=\"20\" height=\"10\"><path d=\"M 0,10 Q 9,9 10,0 Q 11,9 20,10\" \/><\/svg> <img src=\"https:\/\/tenerife-trips.com\/wp-content\/uploads\/2019\/12\/pesca-en-Tenerife-1-scaled-thegem-post-thumb-small.jpg\" alt=\"\" class=\"img-responsive\"> <span class=\"gem-gallery-caption slide-info\"> <\/span> <\/a> <span class=\"gem-gallery-line\"><\/span> <\/div> <\/div> <div class=\"gem-gallery-item\"> <div class=\"gem-gallery-item-image\"> <a href=\"https:\/\/tenerife-trips.com\/wp-content\/uploads\/2019\/12\/angeln-Teneriffa-1-scaled-thegem-gallery-sidebar.jpg\" data-fancybox-group=\"gallery-69debb47c930c\" data-full-image-url=\"https:\/\/tenerife-trips.com\/wp-content\/uploads\/2019\/12\/angeln-Teneriffa-1-scaled.jpg\"> <svg width=\"20\" height=\"10\"><path d=\"M 0,10 Q 9,9 10,0 Q 11,9 20,10\" \/><\/svg> <img src=\"https:\/\/tenerife-trips.com\/wp-content\/uploads\/2019\/12\/angeln-Teneriffa-1-scaled-thegem-post-thumb-small.jpg\" alt=\"angeln Teneriffa\" class=\"img-responsive\"> <span class=\"gem-gallery-caption slide-info\"> <\/span> <\/a> <span class=\"gem-gallery-line\"><\/span> <\/div> <\/div> <div class=\"gem-gallery-item\"> <div class=\"gem-gallery-item-image\"> <a href=\"https:\/\/tenerife-trips.com\/wp-content\/uploads\/2019\/12\/pescare-a-Tenerife-scaled-thegem-gallery-sidebar.jpg\" data-fancybox-group=\"gallery-69debb47c930c\" data-full-image-url=\"https:\/\/tenerife-trips.com\/wp-content\/uploads\/2019\/12\/pescare-a-Tenerife-scaled.jpg\"> <svg width=\"20\" height=\"10\"><path d=\"M 0,10 Q 9,9 10,0 Q 11,9 20,10\" \/><\/svg> <img src=\"https:\/\/tenerife-trips.com\/wp-content\/uploads\/2019\/12\/pescare-a-Tenerife-scaled-thegem-post-thumb-small.jpg\" alt=\"\" class=\"img-responsive\"> <span class=\"gem-gallery-caption slide-info\"> <\/span> <\/a> <span class=\"gem-gallery-line\"><\/span> <\/div> <\/div> <\/div>[vc_empty_space][\/vc_column][\/vc_row][vc_row full_width=&#8221;stretch_row&#8221; css=&#8221;.vc_custom_1577670973533{background-color: #312c7a !important;background-position: center !important;background-repeat: no-repeat !important;background-size: cover !important;}&#8221;][vc_column][vc_column_text]<\/p>\n<h3 style=\"text-align: center;\"><span style=\"color: #ffffff; font-size: 18pt;\">DESCRIPCI\u00d3N<\/span><\/h3>\n<p>[\/vc_column_text][\/vc_column][\/vc_row][vc_row][vc_column][vc_tta_accordion style=&#8221;simple_solid&#8221; color=&#8221;blue&#8221; c_icon=&#8221;chevron&#8221; active_section=&#8221;-0&#8243; collapsible_all=&#8221;true&#8221;][vc_tta_section title=&#8221;EXPLICACI\u00d3N DEL VIAJE&#8221; tab_id=&#8221;1577670924506-194e1e2f-0e36&#8243;][vc_column_text]<\/p>\n<h3><span style=\"font-size: 12pt;\">Nuestros barcos de pesca en Tenerife salen de <a href=\"https:\/\/goo.gl\/maps\/8X3qMq9YmQUGsiy96\" target=\"_blank\" rel=\"noopener\">Puerto Col\u00f3n<\/a>, el puerto principal en Costa Adeje; contamos con 2 barcos, uno para hasta 7 personas y el otro para hasta 10 personas. Puede hacer una excursi\u00f3n compartida o reservar un charter privado solo para su grupo (todas las personas pueden pescar y participar activamente).<\/span><\/h3>\n<p><span style=\"color: #312c7a; font-size: 14pt;\">La excursi\u00f3n compartida de pesca en Tenerife dura 4 horas; el charter privado puede durar 4 o 8 horas. El precio incluye tambi\u00e9n algo de beber como cerveza, agua y refrescos siempre disponibles en ambas excursiones; el charter privado tambi\u00e9n incluye bocadillos y snacks.<\/span><\/p>\n<p>Durante la pesca en Tenerife, nuestra tripulaci\u00f3n altamente experimentada le ayudar\u00e1 a trav\u00e9s de los mejores m\u00e9todos; Nos especializamos en diferentes t\u00e9cnicas como pesca submarina, <a href=\"https:\/\/es.wikipedia.org\/wiki\/Pesca_al_curric%C3%A1n\">pesca al curric\u00e1n<\/a>, pesca a mosca, aparejos ligeros y pesados, pesca a fondo y otras.<\/p>\n<p>En el precio est\u00e1n incluidos todos los equipamientos de alta calidad como se\u00f1uelos, cebos vivos, licencias de pesca; Tambi\u00e9n tenemos dispositivos como GPS, sonda, radar y radio VHF.<\/p>\n<p>La excursi\u00f3n de pesca en Tenerife se dirige a varios tipos de peces, por ejemplo, at\u00fan, marlin, wahoo, pargo, mero, mahi mahi, barracuda y otros; Tambi\u00e9n podemos ayudarle a limpiar y filetear su captura si lo necesita.<\/p>\n<p>A bordo tambi\u00e9n encontrar\u00e1 ba\u00f1o, ducha, nevera, TV, sistema de sonido y un sal\u00f3n para relajarse; as\u00ed que todo lo que necesita traer es su entusiasmo y deseo de atrapar al &#8220;grande&#8221;.<\/p>\n<p><strong>HAGA REALIDAD SU SUE\u00d1O, DISFRUTE DE SUS VACACIONES CON LA PESCA EN TENERIFE, \u00a1LA DISPONIBILIDAD ES LIMITADA!<\/strong>[\/vc_column_text][\/vc_tta_section][vc_tta_section title=&#8221;HORARIO Y SERVICIO DE RECOGIDA&#8221; tab_id=&#8221;1577670924554-c65dbeb2-8ad0&#8243;][vc_column_text]Para esta excursi\u00f3n el servicio de recogida no est\u00e1 disponible, debe venir a <a href=\"https:\/\/www.google.com\/search?q=Puerto%20Colon&amp;oq=Puerto+Colon&amp;aqs=chrome..69i57j0l2j0i395j0i22i30i395l4.2981j1j15&amp;sourceid=chrome&amp;ie=UTF-8&amp;tbs=lf:1,lf_ui:2&amp;tbm=lcl&amp;rflfq=1&amp;num=10&amp;rldimm=15430252968124252743&amp;lqi=CgxQdWVydG8gQ29sb25aHAoMcHVlcnRvIGNvbG9uIgxwdWVydG8gY29sb26qARQQASoQIgxwdWVydG8gY29sb24oBw&amp;ved=2ahUKEwid28Tk2sPuAhXPSsAKHdGBAHAQvS4wBXoECAIQLg&amp;rlst=f#rlfi=hd:;si:15430252968124252743,l,CgxQdWVydG8gQ29sb25aHAoMcHVlcnRvIGNvbG9uIgxwdWVydG8gY29sb26qARQQASoQIgxwdWVydG8gY29sb24oBw;mv:[[28.079788854248346,-16.731555744551095],[28.077739450775105,-16.73616914405671],null,[28.078764157399988,-16.733862444303902],18]\" target=\"_blank\" rel=\"noopener\">Puerto Col\u00f3n<\/a>.<\/p>\n<p><span style=\"text-decoration: underline;\"><span style=\"color: #ff0000; text-decoration: underline;\">HORARIOS:<\/span><\/span><\/p>\n<p>Todos los d\u00edas a las 09:00 y 14:00.<\/p>\n<p><strong><span style=\"font-size: 14pt;\">\u00a1MIRE EL VIDEO, HAGASE UNA IDEA DE QUE SE TRATA Y RESERVE AHORA MISMO!<\/span><\/strong>[\/vc_column_text][\/vc_tta_section][\/vc_tta_accordion]<style type=\"text\/css\">.thegem-button-69debb47caba76929 .gem-button svg {fill: #ffffff;}.thegem-button-69debb47caba76929 .gem-button:hover svg {fill: #312c7a;}<\/style><div class=\"gem-button-container gem-button-position-center thegem-button-69debb47caba76929    \"  ><a class=\"gem-button gem-button-size-small gem-button-style-flat gem-button-text-weight-normal\" data-ll-effect=\"drop-right-without-wrap\" style=\"border-radius: 3px;background-color: #312c7a;color: #ffffff;\" onmouseleave=\"this.style.backgroundColor='#312c7a';this.style.color='#ffffff';\" onmouseenter=\"this.style.backgroundColor='#f6eb14';this.style.color='#312c7a';\" href=\"#precios-fishing\" target=\"_self\">PRECIOS<\/a><\/div> [\/vc_column][\/vc_row][vc_row full_width=&#8221;stretch_row_content&#8221; css=&#8221;.vc_custom_1577475882206{background-color: #312c7a !important;background-position: center !important;background-repeat: no-repeat !important;background-size: cover !important;}&#8221;][vc_column][vc_column_text]<\/p>\n<h3 style=\"text-align: center;\"><strong><span style=\"font-size: 18pt; color: #ffffff;\">COMPRAR YA<\/span><\/strong><\/h3>\n<p>[\/vc_column_text][vc_empty_space height=&#8221;10px&#8221; el_id=&#8221;precios-fishing&#8221;][\/vc_column][\/vc_row]<\/p>\n<\/div>","protected":false},"excerpt":{"rendered":"<p>[vc_row full_width=&#8221;stretch_row_content_no_spaces&#8221;][vc_column][vc_column_text css=&#8221;.vc_custom_1743591436599{background-color: #F6EB14 !important;background-position: center !important;background-repeat: no-repeat !important;background-size: cover !important;}&#8221; css_animation=&#8221;fadeIn&#8221;] VIAJE DE PESCA [\/vc_column_text][\/vc_column][\/vc_row][vc_row][vc_column][vc_column_text]\u00bfTe apasiona la pesca o&#8230;<\/p>\n","protected":false},"featured_media":105364,"template":"","meta":{"_acf_changed":false,"_seopress_robots_primary_cat":"2172","_seopress_titles_title":"Pesca en Tenerife, reserve con nosotros y obtenga su descuento","_seopress_titles_desc":"Pesca en Tenerife, una de las mejores experiencias que puede tener en Canarias; \u00a1mire nuestras ofertas y aproveche los mejores descuentos","_seopress_robots_index":""},"product_brand":[],"product_cat":[2172],"product_tag":[2199],"class_list":{"0":"post-45630","1":"product","2":"type-product","3":"status-publish","4":"has-post-thumbnail","6":"product_cat-deportes-acuaticos","7":"product_tag-pesca-en-tenerife","9":"first","10":"instock","11":"virtual","12":"sold-individually","13":"taxable","14":"purchasable","15":"product-type-booking"},"booking_location":"","booking_location_type":"","booking_duration":1,"booking_duration_unit":"day","booking_buffer":0,"booking_cost":0,"booking_resources":[],"acf":[],"_links":{"self":[{"href":"https:\/\/tenerife-trips.com\/es\/wp-json\/wp\/v2\/product\/45630","targetHints":{"allow":["GET"]}}],"collection":[{"href":"https:\/\/tenerife-trips.com\/es\/wp-json\/wp\/v2\/product"}],"about":[{"href":"https:\/\/tenerife-trips.com\/es\/wp-json\/wp\/v2\/types\/product"}],"wp:featuredmedia":[{"embeddable":true,"href":"https:\/\/tenerife-trips.com\/es\/wp-json\/wp\/v2\/media\/105364"}],"wp:attachment":[{"href":"https:\/\/tenerife-trips.com\/es\/wp-json\/wp\/v2\/media?parent=45630"}],"wp:term":[{"taxonomy":"product_brand","embeddable":true,"href":"https:\/\/tenerife-trips.com\/es\/wp-json\/wp\/v2\/product_brand?post=45630"},{"taxonomy":"product_cat","embeddable":true,"href":"https:\/\/tenerife-trips.com\/es\/wp-json\/wp\/v2\/product_cat?post=45630"},{"taxonomy":"product_tag","embeddable":true,"href":"https:\/\/tenerife-trips.com\/es\/wp-json\/wp\/v2\/product_tag?post=45630"}],"curies":[{"name":"wp","href":"https:\/\/api.w.org\/{rel}","templated":true}]}}