{"id":45656,"date":"2018-01-15T22:34:19","date_gmt":"2018-01-15T22:34:19","guid":{"rendered":"https:\/\/tenerife-trips.com\/product\/sin%20categor\u00eda\/parapente-tandem\/"},"modified":"2025-12-02T20:59:27","modified_gmt":"2025-12-02T20:59:27","slug":"parapente-tenerife","status":"publish","type":"product","link":"https:\/\/tenerife-trips.com\/es\/product\/deportes-aereos\/parapente-tenerife\/","title":{"rendered":"PARAPENTE TANDEM"},"content":{"rendered":"<div class=\"wpb-content-wrapper\"><p>[vc_row full_width=&#8221;stretch_row_content_no_spaces&#8221;][vc_column][vc_column_text css=&#8221;.vc_custom_1743592372300{background-color: #F6EB14 !important;background-position: center !important;background-repeat: no-repeat !important;background-size: cover !important;}&#8221; css_animation=&#8221;fadeIn&#8221;]<\/p>\n<h1 class=\"title-h2\" style=\"text-align: center;\"><span style=\"font-size: 18pt; color: #312c7a;\">PARAPENTE<\/span><\/h1>\n<p>[\/vc_column_text][\/vc_column][\/vc_row][vc_row][vc_column][vc_column_text]<\/p>\n<p style=\"text-align: center;\">Parapente Tenerife es la mejor manera de disfrutar del paisaje de la isla volando sobre su maravillosa costa en un vuelo en t\u00e1ndem; \u00a1Esta es definitivamente una de las <a href=\"https:\/\/tenerife-trips.com\/es\/que-hacer-en-tenerife\/?lang=es\" target=\"_blank\" rel=\"noopener\">mejores cosas que puedes hacer<\/a> para disfrutar de su vacacion!<\/p>\n<p style=\"text-align: center;\"><span style=\"font-size: 14pt;\"><strong>\u21d3 Ver m\u00e1s descripci\u00f3n a continuaci\u00f3n \u21d3<\/strong><\/span><\/p>\n<p>[\/vc_column_text][\/vc_column][\/vc_row][vc_row full_width=&#8221;stretch_row_content&#8221; full_height=&#8221;yes&#8221; css=&#8221;.vc_custom_1576192123211{background-color: #312c7a !important;background-position: center !important;background-repeat: no-repeat !important;background-size: cover !important;}&#8221;][vc_column]<div class=\"gem-vimeo gem-wrapbox gem-wrapbox-style-no-style rounded-corners gem-wrapbox-position-below\" style=\"width: 100%;\"><div class=\"gem-wrapbox-inner gem-ratio-style\" style=\"padding-top: 56.25%\"><iframe webkitallowfullscreen=\"true\" mozallowfullscreen=\"true\" allowfullscreen=\"true\" class=\"gem-wrapbox-element img-responsive\" frameborder=\"0\" scrolling=\"no\" marginheight=\"0\" marginwidth=\"0\" src=\"\/\/player.vimeo.com\/video\/326164961?title=0&amp;byline=0&amp;portrait=0 \"><\/iframe><\/div><\/div>[vc_empty_space]<div class=\"preloader\"><div class=\"preloader-spin\"><\/div><\/div> <div id=\"gem-gallery-69deba99e2073\" class=\"gem-gallery gem-gallery-hover-zooming-blur\"> <div class=\"gem-gallery-item\"> <div class=\"gem-gallery-item-image\"> <a href=\"https:\/\/tenerife-trips.com\/wp-content\/uploads\/2019\/12\/paragliding-Teneriffa-thegem-gallery-sidebar.png\" data-fancybox-group=\"gallery-69deba99e2073\" data-full-image-url=\"https:\/\/tenerife-trips.com\/wp-content\/uploads\/2019\/12\/paragliding-Teneriffa.png\"> <svg width=\"20\" height=\"10\"><path d=\"M 0,10 Q 9,9 10,0 Q 11,9 20,10\" \/><\/svg> <img src=\"https:\/\/tenerife-trips.com\/wp-content\/uploads\/2019\/12\/paragliding-Teneriffa-thegem-post-thumb-small.png\" alt=\"\" class=\"img-responsive\"> <span class=\"gem-gallery-caption slide-info\"> <\/span> <\/a> <span class=\"gem-gallery-line\"><\/span> <\/div> <\/div> <div class=\"gem-gallery-item\"> <div class=\"gem-gallery-item-image\"> <a href=\"https:\/\/tenerife-trips.com\/wp-content\/uploads\/2018\/01\/paragliding-Tenerife-1-scaled-thegem-gallery-sidebar.jpg\" data-fancybox-group=\"gallery-69deba99e2073\" data-full-image-url=\"https:\/\/tenerife-trips.com\/wp-content\/uploads\/2018\/01\/paragliding-Tenerife-1-scaled.jpg\"> <svg width=\"20\" height=\"10\"><path d=\"M 0,10 Q 9,9 10,0 Q 11,9 20,10\" \/><\/svg> <img src=\"https:\/\/tenerife-trips.com\/wp-content\/uploads\/2018\/01\/paragliding-Tenerife-1-scaled-thegem-post-thumb-small.jpg\" alt=\"paragliding Tenerife\" class=\"img-responsive\"> <span class=\"gem-gallery-caption slide-info\"> <\/span> <\/a> <span class=\"gem-gallery-line\"><\/span> <\/div> <\/div> <div class=\"gem-gallery-item\"> <div class=\"gem-gallery-item-image\"> <a href=\"https:\/\/tenerife-trips.com\/wp-content\/uploads\/2018\/01\/paragliding-Tenerife-scaled-thegem-gallery-sidebar.png\" data-fancybox-group=\"gallery-69deba99e2073\" data-full-image-url=\"https:\/\/tenerife-trips.com\/wp-content\/uploads\/2018\/01\/paragliding-Tenerife-scaled.png\"> <svg width=\"20\" height=\"10\"><path d=\"M 0,10 Q 9,9 10,0 Q 11,9 20,10\" \/><\/svg> <img src=\"https:\/\/tenerife-trips.com\/wp-content\/uploads\/2018\/01\/paragliding-Tenerife-scaled-thegem-post-thumb-small.png\" alt=\"paragliding Tenerife\" class=\"img-responsive\"> <span class=\"gem-gallery-caption slide-info\"> <\/span> <\/a> <span class=\"gem-gallery-line\"><\/span> <\/div> <\/div> <div class=\"gem-gallery-item\"> <div class=\"gem-gallery-item-image\"> <a href=\"https:\/\/tenerife-trips.com\/wp-content\/uploads\/2018\/01\/paragliding-Tenerife-scaled-thegem-gallery-sidebar.jpg\" data-fancybox-group=\"gallery-69deba99e2073\" data-full-image-url=\"https:\/\/tenerife-trips.com\/wp-content\/uploads\/2018\/01\/paragliding-Tenerife-scaled.jpg\"> <svg width=\"20\" height=\"10\"><path d=\"M 0,10 Q 9,9 10,0 Q 11,9 20,10\" \/><\/svg> <img src=\"https:\/\/tenerife-trips.com\/wp-content\/uploads\/2018\/01\/paragliding-Tenerife-scaled-thegem-post-thumb-small.jpg\" alt=\"paragliding Tenerife\" class=\"img-responsive\"> <span class=\"gem-gallery-caption slide-info\"> <\/span> <\/a> <span class=\"gem-gallery-line\"><\/span> <\/div> <\/div> <div class=\"gem-gallery-item\"> <div class=\"gem-gallery-item-image\"> <a href=\"https:\/\/tenerife-trips.com\/wp-content\/uploads\/2019\/12\/parapente-Tenerife-scaled-thegem-gallery-sidebar.jpg\" data-fancybox-group=\"gallery-69deba99e2073\" data-full-image-url=\"https:\/\/tenerife-trips.com\/wp-content\/uploads\/2019\/12\/parapente-Tenerife-scaled.jpg\"> <svg width=\"20\" height=\"10\"><path d=\"M 0,10 Q 9,9 10,0 Q 11,9 20,10\" \/><\/svg> <img src=\"https:\/\/tenerife-trips.com\/wp-content\/uploads\/2019\/12\/parapente-Tenerife-scaled-thegem-post-thumb-small.jpg\" alt=\"parapente Tenerife\" class=\"img-responsive\"> <span class=\"gem-gallery-caption slide-info\"> <\/span> <\/a> <span class=\"gem-gallery-line\"><\/span> <\/div> <\/div> <div class=\"gem-gallery-item\"> <div class=\"gem-gallery-item-image\"> <a href=\"https:\/\/tenerife-trips.com\/wp-content\/uploads\/2019\/12\/paragliding-Tenerife-1-thegem-gallery-sidebar.png\" data-fancybox-group=\"gallery-69deba99e2073\" data-full-image-url=\"https:\/\/tenerife-trips.com\/wp-content\/uploads\/2019\/12\/paragliding-Tenerife-1.png\"> <svg width=\"20\" height=\"10\"><path d=\"M 0,10 Q 9,9 10,0 Q 11,9 20,10\" \/><\/svg> <img src=\"https:\/\/tenerife-trips.com\/wp-content\/uploads\/2019\/12\/paragliding-Tenerife-1-thegem-post-thumb-small.png\" alt=\"\" class=\"img-responsive\"> <span class=\"gem-gallery-caption slide-info\"> <\/span> <\/a> <span class=\"gem-gallery-line\"><\/span> <\/div> <\/div> <div class=\"gem-gallery-item\"> <div class=\"gem-gallery-item-image\"> <a href=\"https:\/\/tenerife-trips.com\/wp-content\/uploads\/2019\/12\/parapente-Tenerife-thegem-gallery-sidebar.png\" data-fancybox-group=\"gallery-69deba99e2073\" data-full-image-url=\"https:\/\/tenerife-trips.com\/wp-content\/uploads\/2019\/12\/parapente-Tenerife.png\"> <svg width=\"20\" height=\"10\"><path d=\"M 0,10 Q 9,9 10,0 Q 11,9 20,10\" \/><\/svg> <img src=\"https:\/\/tenerife-trips.com\/wp-content\/uploads\/2019\/12\/parapente-Tenerife-thegem-post-thumb-small.png\" alt=\"\" class=\"img-responsive\"> <span class=\"gem-gallery-caption slide-info\"> <\/span> <\/a> <span class=\"gem-gallery-line\"><\/span> <\/div> <\/div> <div class=\"gem-gallery-item\"> <div class=\"gem-gallery-item-image\"> <a href=\"https:\/\/tenerife-trips.com\/wp-content\/uploads\/2019\/12\/paralotnia-Teneryfa-thegem-gallery-sidebar.png\" data-fancybox-group=\"gallery-69deba99e2073\" data-full-image-url=\"https:\/\/tenerife-trips.com\/wp-content\/uploads\/2019\/12\/paralotnia-Teneryfa.png\"> <svg width=\"20\" height=\"10\"><path d=\"M 0,10 Q 9,9 10,0 Q 11,9 20,10\" \/><\/svg> <img src=\"https:\/\/tenerife-trips.com\/wp-content\/uploads\/2019\/12\/paralotnia-Teneryfa-thegem-post-thumb-small.png\" alt=\"\" class=\"img-responsive\"> <span class=\"gem-gallery-caption slide-info\"> <\/span> <\/a> <span class=\"gem-gallery-line\"><\/span> <\/div> <\/div> <div class=\"gem-gallery-item\"> <div class=\"gem-gallery-item-image\"> <a href=\"https:\/\/tenerife-trips.com\/wp-content\/uploads\/2019\/12\/paragliding-Tenerife-2-thegem-gallery-sidebar.png\" data-fancybox-group=\"gallery-69deba99e2073\" data-full-image-url=\"https:\/\/tenerife-trips.com\/wp-content\/uploads\/2019\/12\/paragliding-Tenerife-2.png\"> <svg width=\"20\" height=\"10\"><path d=\"M 0,10 Q 9,9 10,0 Q 11,9 20,10\" \/><\/svg> <img src=\"https:\/\/tenerife-trips.com\/wp-content\/uploads\/2019\/12\/paragliding-Tenerife-2-thegem-post-thumb-small.png\" alt=\"\" class=\"img-responsive\"> <span class=\"gem-gallery-caption slide-info\"> <\/span> <\/a> <span class=\"gem-gallery-line\"><\/span> <\/div> <\/div> <div class=\"gem-gallery-item\"> <div class=\"gem-gallery-item-image\"> <a href=\"https:\/\/tenerife-trips.com\/wp-content\/uploads\/2019\/12\/parapendio-Tenerife-scaled-thegem-gallery-sidebar.jpg\" data-fancybox-group=\"gallery-69deba99e2073\" data-full-image-url=\"https:\/\/tenerife-trips.com\/wp-content\/uploads\/2019\/12\/parapendio-Tenerife-scaled.jpg\"> <svg width=\"20\" height=\"10\"><path d=\"M 0,10 Q 9,9 10,0 Q 11,9 20,10\" \/><\/svg> <img src=\"https:\/\/tenerife-trips.com\/wp-content\/uploads\/2019\/12\/parapendio-Tenerife-scaled-thegem-post-thumb-small.jpg\" alt=\"parapendio Tenerife\" class=\"img-responsive\"> <span class=\"gem-gallery-caption slide-info\"> <\/span> <\/a> <span class=\"gem-gallery-line\"><\/span> <\/div> <\/div> <div class=\"gem-gallery-item\"> <div class=\"gem-gallery-item-image\"> <a href=\"https:\/\/tenerife-trips.com\/wp-content\/uploads\/2019\/12\/paratrike-scaled-thegem-gallery-sidebar.png\" data-fancybox-group=\"gallery-69deba99e2073\" data-full-image-url=\"https:\/\/tenerife-trips.com\/wp-content\/uploads\/2019\/12\/paratrike-scaled.png\"> <svg width=\"20\" height=\"10\"><path d=\"M 0,10 Q 9,9 10,0 Q 11,9 20,10\" \/><\/svg> <img src=\"https:\/\/tenerife-trips.com\/wp-content\/uploads\/2019\/12\/paratrike-scaled-thegem-post-thumb-small.png\" alt=\"\" class=\"img-responsive\"> <span class=\"gem-gallery-caption slide-info\"> <\/span> <\/a> <span class=\"gem-gallery-line\"><\/span> <\/div> <\/div> <\/div>[vc_empty_space][\/vc_column][\/vc_row][vc_row full_width=&#8221;stretch_row&#8221; css=&#8221;.vc_custom_1577671222333{background-color: #312c7a !important;background-position: center !important;background-repeat: no-repeat !important;background-size: cover !important;}&#8221;][vc_column][vc_column_text]<\/p>\n<h3 style=\"text-align: center;\"><span style=\"font-size: 18pt; color: #ffffff;\">DESCRIPCI\u00d3N<\/span><\/h3>\n<p>[\/vc_column_text][\/vc_column][\/vc_row][vc_row][vc_column][vc_tta_accordion style=&#8221;simple_solid&#8221; color=&#8221;blue&#8221; c_icon=&#8221;chevron&#8221; active_section=&#8221;-0&#8243; collapsible_all=&#8221;true&#8221;][vc_tta_section title=&#8221;EXPLICACI\u00d3N DEL VIAJE&#8221; tab_id=&#8221;1577671091617-0af8eee0-9402&#8243;][vc_column_text css=&#8221;&#8221;]<\/p>\n<h3><span style=\"font-size: 12pt;\">Parapente Tenerife es la mejor manera de disfrutar del paisaje de la isla volando sobre su maravillosa costa en un vuelo en t\u00e1ndem; \u00a1Esta es definitivamente una de las mejores cosas que puedes hacer para disfrutar de su vacacion!<\/span><\/h3>\n<p>Si se hospeda en <a href=\"https:\/\/www.google.es\/maps\/place\/Costa+Adeje,+Santa+Cruz+de+Tenerife\/@28.0831106,-16.7640352,13z\/data=!3m1!4b1!4m5!3m4!1s0xc6a975a1ef338cb:0xba8c8c7bd5044e9f!8m2!3d28.0766856!4d-16.7319493\" target=\"_blank\" rel=\"noopener\">Costa Adeje<\/a> o en <a href=\"https:\/\/goo.gl\/maps\/fguSQ6QxzLZSdLj46\" target=\"_blank\" rel=\"noopener\">Puerto de la Cruz<\/a>, simplemente mire hacia arriba y vea cu\u00e1ntos parapentes vuelan en el cielo. De hecho, Tenerife es muy conocida por los apasionados de este deporte, que eligen la isla por su buen clima durante todo el a\u00f1o que la convierte en un lugar perfecto para practicarlo.<\/p>\n<p>No necesita ninguna experiencia para hacer la excursi\u00f3n parapente Tenerife. Sobre todo, necesita un poco de ganas de probar algo emocionante!<\/p>\n<p>Entonces, antes que nada, le recogemos de su alojamiento. Ofrecemos este servicio en el sur (Los Cristianos, Playa de Las Am\u00e9ricas, Costa Adeje) o desde Puerto de la Cruz. Despu\u00e9s de eso le llevamos al punto de despegue. Cuando volamos en el sur, este se encuentra en las monta\u00f1as detr\u00e1s del pueblo de <a href=\"https:\/\/goo.gl\/maps\/BiiuJq2g6hSoudMLA\" target=\"_blank\" rel=\"noopener\">Adeje<\/a>, a 15 minutos de Los Cristianos y Playa de Las Am\u00e9ricas (el vuelo con el paratrike parte de un campo de despegue en Costa Adeje). Cuando el vuelo se realiza en el norte partimos de diferentes puntos de despegue (depende del viento) en la zona del Valle de la Orotava\/Los Realejos.<\/p>\n<p>Aqu\u00ed nuestro instructor experimentado le explicar\u00e1 las reglas b\u00e1sicas de seguridad antes de despegar y comenzar la experiencia de parapente Tenerife. As\u00ed que ahora todo est\u00e1 claro, \u00a1abramos la vela sobre su cabeza, comencemos a correr y dejemos el suelo!<\/p>\n<p><span style=\"font-size: 14pt;\">Como puede ver en el video el panorama que admirar\u00e1 mientras vuela es fantastico; detr\u00e1s de usted est\u00e1n las monta\u00f1as y el pico majestuoso del <a href=\"https:\/\/es.wikipedia.org\/wiki\/Teide\" target=\"_blank\" rel=\"noopener\">Teide<\/a> y frente a usted la soleada Costa, con sus playas, bah\u00edas, campos de golf y hoteles de lujo. El instructor grabar\u00e1 un video profesional que puede tener al final si est\u00e1 interesado.<\/span><\/p>\n<h3><span style=\"font-size: 12pt;\">Para el parapente Tenerife hay 5 tipos de vuelo disponibles:<\/span><\/h3>\n<ol>\n<li><span style=\"text-decoration: underline;\">Est\u00e1ndar<\/span>: alcanza una altitud de 700-900 metros y dura 10-20 minutos. Realizado en el sur, aterrizaje en Costa Adeje.<\/li>\n<li><span style=\"text-decoration: underline;\">Recomendado<\/span>: alcanza una altitud de 700-1100 metros y dura 20-25 minutos. Realizado en el sur, aterrizaje en Costa Adeje.<\/li>\n<li><span style=\"text-decoration: underline;\">Rendimiento:<\/span> alcanza una altitud de 700-1300 metros y dura 25-30 minutos. Realizado en el sur, aterrizaje en Costa Adeje.<\/li>\n<li><u>Costa Norte<\/u>: parte de diferentes puntos de despegue (depende del viento) en la zona del Valle de la Orotava\/Los Realejos y tiene una duraci\u00f3n de 25-35 minutos. Aterrizaje en Puerto de la Cruz (normalmente), Las Caletillas o Puertito de G\u00fc\u00edmar (depende del viento).<\/li>\n<li><span style=\"text-decoration: underline;\">Paratrike (motor)<\/span>: parte de un campo de despegue en Costa Adeje (sur de Tenerife) volando normalmente a baja altura sobre la costa. La duraci\u00f3n del vuelo es de unos 20 minutos.<\/li>\n<\/ol>\n<p><strong><span style=\"color: #ff0000;\">El l\u00edmite de peso es de unos 100\/110 Kg (120 Kg para el paratrike). Por favor, h\u00e1ganos saber su peso y condici\u00f3n f\u00edsica para ver si el vuelo es posible.<\/span><\/strong><\/p>\n<h6>\u00a1RESERVE LA EXCURSI\u00d3N PARAPENTE TENERIFE AHORA Y TENGA UNA EXPERIENCIA INOLVIDABLE!<\/h6>\n<p>[\/vc_column_text][\/vc_tta_section][vc_tta_section title=&#8221;HORARIO Y SERVICIO DE RECOGIDA&#8221; tab_id=&#8221;1577671091666-736a5870-75e3&#8243;][vc_column_text css=&#8221;&#8221;]El servicio de recogida est\u00e1 disponible en el sur (Los Cristianos, Playa de Las Am\u00e9ricas, Costa Adeje) o desde Puerto de la Cruz. P\u00f3ngase en contacto con nosotros para verificar la disponibilidad de transporte desde su zona antes de reservar.<\/p>\n<p><span style=\"text-decoration: underline;\"><span style=\"color: #ff0000; text-decoration: underline;\">PROGRAMA:<\/span><\/span><\/p>\n<p>Todos los d\u00edas. Por favor pregunte a nuestro servicio de atenci\u00f3n al cliente sobre los horarios disponibles.<\/p>\n<p><strong>\u00a1MIRE EL V\u00cdDEO, HAGASE UNA IDEA DE QUE SE TRATA Y RESERVE AHORA MISMO!<\/strong>[\/vc_column_text][\/vc_tta_section][\/vc_tta_accordion]<style type=\"text\/css\">.thegem-button-69deba99e3e77522 .gem-button svg {fill: #ffffff;}.thegem-button-69deba99e3e77522 .gem-button:hover svg {fill: #312c7a;}<\/style><div class=\"gem-button-container gem-button-position-center thegem-button-69deba99e3e77522    \"  ><a class=\"gem-button gem-button-size-small gem-button-style-flat gem-button-text-weight-normal\" data-ll-effect=\"drop-right-without-wrap\" style=\"border-radius: 3px;background-color: #312c7a;color: #ffffff;\" onmouseleave=\"this.style.backgroundColor='#312c7a';this.style.color='#ffffff';\" onmouseenter=\"this.style.backgroundColor='#f6eb14';this.style.color='#312c7a';\" href=\"#precios-paragliding\" target=\"_self\">PRECIOS<\/a><\/div> [\/vc_column][\/vc_row][vc_row full_width=&#8221;stretch_row_content&#8221; css=&#8221;.vc_custom_1577476060002{background-color: #312c7a !important;background-position: center !important;background-repeat: no-repeat !important;background-size: cover !important;}&#8221;][vc_column][vc_column_text]<\/p>\n<h3 style=\"text-align: center;\"><strong><span style=\"font-size: 18pt; color: #ffffff;\">comprar ya<\/span><\/strong><\/h3>\n<p>[\/vc_column_text][vc_empty_space height=&#8221;10px&#8221; el_id=&#8221;precios-paragliding&#8221;][\/vc_column][\/vc_row]<\/p>\n<\/div>","protected":false},"excerpt":{"rendered":"<p>[vc_row full_width=&#8221;stretch_row_content_no_spaces&#8221;][vc_column][vc_column_text css=&#8221;.vc_custom_1743592372300{background-color: #F6EB14 !important;background-position: center !important;background-repeat: no-repeat !important;background-size: cover !important;}&#8221; css_animation=&#8221;fadeIn&#8221;] PARAPENTE [\/vc_column_text][\/vc_column][\/vc_row][vc_row][vc_column][vc_column_text] Parapente Tenerife es la mejor manera&#8230;<\/p>\n","protected":false},"featured_media":378133,"template":"","meta":{"_acf_changed":false,"_seopress_robots_primary_cat":"0","_seopress_titles_title":"Parapente Tenerife, \u00a1la experiencia m\u00e1s emocionante de la isla","_seopress_titles_desc":"Parapente Tenerife, vuela sobre Costa Adeje en conjunto con nuestro experimentado instructor y disfruta al m\u00e1ximo de tu vacacion en Tenerife","_seopress_robots_index":""},"product_brand":[],"product_cat":[2149],"product_tag":[2429,2428],"class_list":{"0":"post-45656","1":"product","2":"type-product","3":"status-publish","4":"has-post-thumbnail","6":"product_cat-deportes-aereos","7":"product_tag-deportes-aereos-tenerife","8":"product_tag-parapente-tenerife","10":"first","11":"instock","12":"virtual","13":"sold-individually","14":"taxable","15":"purchasable","16":"product-type-booking"},"booking_location":"","booking_location_type":"","booking_duration":1,"booking_duration_unit":"hour","booking_buffer":0,"booking_cost":0,"booking_resources":[],"acf":[],"_links":{"self":[{"href":"https:\/\/tenerife-trips.com\/es\/wp-json\/wp\/v2\/product\/45656","targetHints":{"allow":["GET"]}}],"collection":[{"href":"https:\/\/tenerife-trips.com\/es\/wp-json\/wp\/v2\/product"}],"about":[{"href":"https:\/\/tenerife-trips.com\/es\/wp-json\/wp\/v2\/types\/product"}],"wp:featuredmedia":[{"embeddable":true,"href":"https:\/\/tenerife-trips.com\/es\/wp-json\/wp\/v2\/media\/378133"}],"wp:attachment":[{"href":"https:\/\/tenerife-trips.com\/es\/wp-json\/wp\/v2\/media?parent=45656"}],"wp:term":[{"taxonomy":"product_brand","embeddable":true,"href":"https:\/\/tenerife-trips.com\/es\/wp-json\/wp\/v2\/product_brand?post=45656"},{"taxonomy":"product_cat","embeddable":true,"href":"https:\/\/tenerife-trips.com\/es\/wp-json\/wp\/v2\/product_cat?post=45656"},{"taxonomy":"product_tag","embeddable":true,"href":"https:\/\/tenerife-trips.com\/es\/wp-json\/wp\/v2\/product_tag?post=45656"}],"curies":[{"name":"wp","href":"https:\/\/api.w.org\/{rel}","templated":true}]}}