{"id":45659,"date":"2019-12-09T17:34:32","date_gmt":"2019-12-09T17:34:32","guid":{"rendered":"https:\/\/tenerife-trips.com\/product\/sin%20categor\u00eda\/parasailing\/"},"modified":"2025-12-02T20:41:32","modified_gmt":"2025-12-02T20:41:32","slug":"parasailing-tenerife","status":"publish","type":"product","link":"https:\/\/tenerife-trips.com\/es\/product\/deportes-aereos\/parasailing-tenerife\/","title":{"rendered":"PARASAILING"},"content":{"rendered":"<div class=\"wpb-content-wrapper\"><p>[vc_row full_width=&#8221;stretch_row_content_no_spaces&#8221;][vc_column][vc_column_text css=&#8221;.vc_custom_1743589756793{background-color: #F6EB14 !important;background-position: center !important;background-repeat: no-repeat !important;background-size: cover !important;}&#8221; css_animation=&#8221;fadeIn&#8221;]<\/p>\n<h1 class=\"title-h2\" style=\"text-align: center;\"><span style=\"font-size: 18pt; color: #312c7a;\">PARASAILING<\/span><\/h1>\n<p>[\/vc_column_text][\/vc_column][\/vc_row][vc_row][vc_column][vc_column_text]El <span style=\"font-size: 12pt;\">Parasailing en Tenerife<\/span> es uno de los <a href=\"https:\/\/tenerife-trips.com\/es\/deportes-acuaticos-tenerife\/?lang=es\">deportes acu\u00e1ticos<\/a> m\u00e1s populares de la isla; el clima aqu\u00ed es c\u00e1lido durante todo el a\u00f1o, por lo que es posible practicar esta actividad en cualquier estaci\u00f3n.<\/p>\n<p style=\"text-align: center;\"><strong><span style=\"font-size: 14pt;\">\u21d3 Ver m\u00e1s descripci\u00f3n a continuaci\u00f3n \u21d3<\/span><\/strong><\/p>\n<p>[\/vc_column_text][\/vc_column][\/vc_row][vc_row full_width=&#8221;stretch_row_content&#8221; full_height=&#8221;yes&#8221; css=&#8221;.vc_custom_1576192123211{background-color: #312c7a !important;background-position: center !important;background-repeat: no-repeat !important;background-size: cover !important;}&#8221;][vc_column]<div class=\"gem-vimeo gem-wrapbox gem-wrapbox-style-no-style rounded-corners gem-wrapbox-position-below\" style=\"width: 100%;\"><div class=\"gem-wrapbox-inner gem-ratio-style\" style=\"padding-top: 56.25%\"><iframe webkitallowfullscreen=\"true\" mozallowfullscreen=\"true\" allowfullscreen=\"true\" class=\"gem-wrapbox-element img-responsive\" frameborder=\"0\" scrolling=\"no\" marginheight=\"0\" marginwidth=\"0\" src=\"\/\/player.vimeo.com\/video\/326803081?title=0&amp;byline=0&amp;portrait=0 \"><\/iframe><\/div><\/div>[vc_empty_space]<div class=\"preloader\"><div class=\"preloader-spin\"><\/div><\/div> <div id=\"gem-gallery-69e4cb16c7185\" class=\"gem-gallery gem-gallery-hover-zooming-blur\"> <div class=\"gem-gallery-item\"> <div class=\"gem-gallery-item-image\"> <a href=\"https:\/\/tenerife-trips.com\/wp-content\/uploads\/2019\/12\/f-thegem-gallery-sidebar.jpg\" data-fancybox-group=\"gallery-69e4cb16c7185\" data-full-image-url=\"https:\/\/tenerife-trips.com\/wp-content\/uploads\/2019\/12\/f.jpg\"> <svg width=\"20\" height=\"10\"><path d=\"M 0,10 Q 9,9 10,0 Q 11,9 20,10\" \/><\/svg> <img src=\"https:\/\/tenerife-trips.com\/wp-content\/uploads\/2019\/12\/f-thegem-post-thumb-small.jpg\" alt=\"parasailing en Tenerife\" class=\"img-responsive\"> <span class=\"gem-gallery-caption slide-info\"> <\/span> <\/a> <span class=\"gem-gallery-line\"><\/span> <\/div> <\/div> <div class=\"gem-gallery-item\"> <div class=\"gem-gallery-item-image\"> <a href=\"https:\/\/tenerife-trips.com\/wp-content\/uploads\/2019\/12\/a-thegem-gallery-sidebar.jpg\" data-fancybox-group=\"gallery-69e4cb16c7185\" data-full-image-url=\"https:\/\/tenerife-trips.com\/wp-content\/uploads\/2019\/12\/a.jpg\"> <svg width=\"20\" height=\"10\"><path d=\"M 0,10 Q 9,9 10,0 Q 11,9 20,10\" \/><\/svg> <img src=\"https:\/\/tenerife-trips.com\/wp-content\/uploads\/2019\/12\/a-thegem-post-thumb-small.jpg\" alt=\"\" class=\"img-responsive\"> <span class=\"gem-gallery-caption slide-info\"> <\/span> <\/a> <span class=\"gem-gallery-line\"><\/span> <\/div> <\/div> <div class=\"gem-gallery-item\"> <div class=\"gem-gallery-item-image\"> <a href=\"https:\/\/tenerife-trips.com\/wp-content\/uploads\/2019\/12\/c-thegem-gallery-sidebar.jpg\" data-fancybox-group=\"gallery-69e4cb16c7185\" data-full-image-url=\"https:\/\/tenerife-trips.com\/wp-content\/uploads\/2019\/12\/c.jpg\"> <svg width=\"20\" height=\"10\"><path d=\"M 0,10 Q 9,9 10,0 Q 11,9 20,10\" \/><\/svg> <img src=\"https:\/\/tenerife-trips.com\/wp-content\/uploads\/2019\/12\/c-thegem-post-thumb-small.jpg\" alt=\"parasailing na Teneryfie\" class=\"img-responsive\"> <span class=\"gem-gallery-caption slide-info\"> <\/span> <\/a> <span class=\"gem-gallery-line\"><\/span> <\/div> <\/div> <div class=\"gem-gallery-item\"> <div class=\"gem-gallery-item-image\"> <a href=\"https:\/\/tenerife-trips.com\/wp-content\/uploads\/2019\/12\/e-thegem-gallery-sidebar.jpg\" data-fancybox-group=\"gallery-69e4cb16c7185\" data-full-image-url=\"https:\/\/tenerife-trips.com\/wp-content\/uploads\/2019\/12\/e.jpg\"> <svg width=\"20\" height=\"10\"><path d=\"M 0,10 Q 9,9 10,0 Q 11,9 20,10\" \/><\/svg> <img src=\"https:\/\/tenerife-trips.com\/wp-content\/uploads\/2019\/12\/e-thegem-post-thumb-small.jpg\" alt=\"parasailing in Tenerife\" class=\"img-responsive\"> <span class=\"gem-gallery-caption slide-info\"> <\/span> <\/a> <span class=\"gem-gallery-line\"><\/span> <\/div> <\/div> <div class=\"gem-gallery-item\"> <div class=\"gem-gallery-item-image\"> <a href=\"https:\/\/tenerife-trips.com\/wp-content\/uploads\/2019\/12\/d-thegem-gallery-sidebar.jpg\" data-fancybox-group=\"gallery-69e4cb16c7185\" data-full-image-url=\"https:\/\/tenerife-trips.com\/wp-content\/uploads\/2019\/12\/d.jpg\"> <svg width=\"20\" height=\"10\"><path d=\"M 0,10 Q 9,9 10,0 Q 11,9 20,10\" \/><\/svg> <img src=\"https:\/\/tenerife-trips.com\/wp-content\/uploads\/2019\/12\/d-thegem-post-thumb-small.jpg\" alt=\"parasailing na Teneryfie\" class=\"img-responsive\"> <span class=\"gem-gallery-caption slide-info\"> <\/span> <\/a> <span class=\"gem-gallery-line\"><\/span> <\/div> <\/div> <\/div>[vc_empty_space][\/vc_column][\/vc_row][vc_row full_width=&#8221;stretch_row&#8221; css=&#8221;.vc_custom_1577671466192{background-color: #312c7a !important;background-position: center !important;background-repeat: no-repeat !important;background-size: cover !important;}&#8221;][vc_column][vc_column_text]<\/p>\n<h3 style=\"text-align: center;\"><span style=\"color: #ffffff; font-size: 18pt;\">DESCRIPCI\u00d3N<\/span><\/h3>\n<p>[\/vc_column_text][\/vc_column][\/vc_row][vc_row][vc_column][vc_tta_accordion style=&#8221;simple_solid&#8221; color=&#8221;blue&#8221; c_icon=&#8221;chevron&#8221; active_section=&#8221;-1&#8243; collapsible_all=&#8221;true&#8221;][vc_tta_section title=&#8221;EXPLICACI\u00d3N DEL VIAJE&#8221; tab_id=&#8221;1577671421707-18cf6a7b-34ef&#8221;][vc_column_text]<\/p>\n<h3><span style=\"font-size: 12pt;\">En primer lugar, podemos decir que el parasailing en Tenerife consiste b\u00e1sicamente en un paraca\u00eddas conectado por una larga cuerda a un barco; as\u00ed que a medida que avanza, levanta en el aire alcanzando un m\u00e1ximo de 30 metros de altura dependiendo de las condiciones clim\u00e1ticas (eche un vistazo al video de arriba); sobrevolando el oc\u00e9ano puede disfrutar de una vista fant\u00e1stica de la costa y de las monta\u00f1as, incluido el <a href=\"https:\/\/es.wikipedia.org\/wiki\/Teide\">pico del Teide<\/a>.<\/span><\/h3>\n<p>Antes de comenzar, le explicamos las reglas b\u00e1sicas de seguridad a seguir durante el parasailing en Tenerife; luego nos subimos a la lancha r\u00e1pida y salimos del puerto; cuando estamos a unos 200 metros de la orilla, abrimos el paraca\u00eddas y le dejamos volar.<\/p>\n<p>El viento juega un papel importante y cuando es demasiado fuerte dificulta las cosas; Afortunadamente, las \u00e1reas de Las Am\u00e9ricas y Los Cristianos est\u00e1n protegidas de los vientos alisios que soplan en las Islas Canarias; eso se debe a las monta\u00f1as de 2000 metros de altura en el centro de Tenerife; Esto significa que la zona es particularmente buena para el parasailing en Tenerife y los deportes acu\u00e1ticos en general.<\/p>\n<p>La experiencia dura unos 30 minutos de los cuales 10 en el aire; usted tiene la opci\u00f3n de aterrizar en la plataforma de despegue o refrescarse en el agua del Oc\u00e9ano Atl\u00e1ntico.<\/p>\n<h3><span style=\"text-decoration: underline; color: #ff0000;\"><span style=\"font-size: 12pt;\"><strong>PARA EL PARASAILING en TENERIFE, LOS NI\u00d1OS DEBEN TENER AL MENOS 3 A\u00d1OS Y DEBEN ESTAR ACOMPA\u00d1ADOS DE UN ADULTO. La suma de los pesos de las personas que vuelan no debe exceder los 250 kg. Sin embargo, las condiciones clim\u00e1ticas tambi\u00e9n afectan, cuanto m\u00e1s fuerte es el viento, m\u00e1s peso puede soportar el paraca\u00eddas. Con las condiciones adecuadas, es posible que dos adultos y un ni\u00f1o vuelen juntos.<\/strong><\/span><\/span><\/h3>\n<p>[\/vc_column_text][\/vc_tta_section][vc_tta_section title=&#8221;HORARIO Y SERVICIO DE RECOGIDA&#8221; tab_id=&#8221;1577671421760-8d2aabc6-06df&#8221;][vc_column_text]El servicio de recogida para esta excursi\u00f3n no est\u00e1 disponible, tiene que venir a <a href=\"https:\/\/goo.gl\/maps\/BedjedJUuizEgLww6\" target=\"_blank\" rel=\"noopener\">Puerto Col\u00f3n<\/a>.<\/p>\n<p><span style=\"text-decoration: underline;\"><span style=\"color: #ff0000; text-decoration: underline;\">HORARIOS:<\/span><\/span><\/p>\n<p>Todos los d\u00edas a las 10:00, 11:00, 12:00, 13:00, 14:00, 15:00, 16:00, 17:00.<\/p>\n<p><strong>ENTONCES MIRE EL VIDEO, HAGASE UNA IDEA DE QUE SE TRATA Y RESERVE AHORA MISMO!<\/strong>[\/vc_column_text][\/vc_tta_section][\/vc_tta_accordion]<style type=\"text\/css\">.thegem-button-69e4cb16c7f676256 .gem-button svg {fill: #ffffff;}.thegem-button-69e4cb16c7f676256 .gem-button:hover svg {fill: #312c7a;}<\/style><div class=\"gem-button-container gem-button-position-center thegem-button-69e4cb16c7f676256    \"  ><a class=\"gem-button gem-button-size-small gem-button-style-flat gem-button-text-weight-normal\" data-ll-effect=\"drop-right-without-wrap\" style=\"border-radius: 3px;background-color: #312c7a;color: #ffffff;\" onmouseleave=\"this.style.backgroundColor='#312c7a';this.style.color='#ffffff';\" onmouseenter=\"this.style.backgroundColor='#f6eb14';this.style.color='#312c7a';\" href=\"#precios-parasailing\" target=\"_self\">PRECIOS<\/a><\/div> [\/vc_column][\/vc_row][vc_row full_width=&#8221;stretch_row_content&#8221; css=&#8221;.vc_custom_1577476183698{background-color: #312c7a !important;background-position: center !important;background-repeat: no-repeat !important;background-size: cover !important;}&#8221;][vc_column][vc_column_text]<\/p>\n<h3 style=\"text-align: center;\"><strong><span style=\"font-size: 18pt; color: #ffffff;\">COMPRAR YA<\/span><\/strong><\/h3>\n<p>[\/vc_column_text][vc_empty_space height=&#8221;10px&#8221; el_id=&#8221;precios-parasailing&#8221;][\/vc_column][\/vc_row]<\/p>\n<\/div>","protected":false},"excerpt":{"rendered":"<p>[vc_row full_width=&#8221;stretch_row_content_no_spaces&#8221;][vc_column][vc_column_text css=&#8221;.vc_custom_1743589756793{background-color: #F6EB14 !important;background-position: center !important;background-repeat: no-repeat !important;background-size: cover !important;}&#8221; css_animation=&#8221;fadeIn&#8221;] PARASAILING [\/vc_column_text][\/vc_column][\/vc_row][vc_row][vc_column][vc_column_text]El Parasailing en Tenerife es uno de&#8230;<\/p>\n","protected":false},"featured_media":44358,"template":"","meta":{"_acf_changed":false,"_seopress_robots_primary_cat":"2149","_seopress_titles_title":"Parasailing en Tenerife, vuela sobre el oc\u00e9ano contemplando la isla","_seopress_titles_desc":"Parasailing en Tenerife es uno de los deportes acu\u00e1ticos m\u00e1s populares; sobrevuele el oc\u00e9ano en paraca\u00eddas y disfrute de una vista fantastica","_seopress_robots_index":""},"product_brand":[],"product_cat":[2149],"product_tag":[2205,2206],"class_list":{"0":"post-45659","1":"product","2":"type-product","3":"status-publish","4":"has-post-thumbnail","6":"product_cat-deportes-aereos","7":"product_tag-parasailing-tenerife-es","8":"product_tag-parascending-tenerife-es","10":"first","11":"instock","12":"virtual","13":"sold-individually","14":"taxable","15":"purchasable","16":"product-type-booking"},"booking_location":"","booking_location_type":"","booking_duration":1,"booking_duration_unit":"hour","booking_buffer":0,"booking_cost":0,"booking_resources":[],"acf":[],"_links":{"self":[{"href":"https:\/\/tenerife-trips.com\/es\/wp-json\/wp\/v2\/product\/45659","targetHints":{"allow":["GET"]}}],"collection":[{"href":"https:\/\/tenerife-trips.com\/es\/wp-json\/wp\/v2\/product"}],"about":[{"href":"https:\/\/tenerife-trips.com\/es\/wp-json\/wp\/v2\/types\/product"}],"wp:featuredmedia":[{"embeddable":true,"href":"https:\/\/tenerife-trips.com\/es\/wp-json\/wp\/v2\/media\/44358"}],"wp:attachment":[{"href":"https:\/\/tenerife-trips.com\/es\/wp-json\/wp\/v2\/media?parent=45659"}],"wp:term":[{"taxonomy":"product_brand","embeddable":true,"href":"https:\/\/tenerife-trips.com\/es\/wp-json\/wp\/v2\/product_brand?post=45659"},{"taxonomy":"product_cat","embeddable":true,"href":"https:\/\/tenerife-trips.com\/es\/wp-json\/wp\/v2\/product_cat?post=45659"},{"taxonomy":"product_tag","embeddable":true,"href":"https:\/\/tenerife-trips.com\/es\/wp-json\/wp\/v2\/product_tag?post=45659"}],"curies":[{"name":"wp","href":"https:\/\/api.w.org\/{rel}","templated":true}]}}