{"id":45661,"date":"2018-03-30T16:03:25","date_gmt":"2018-03-30T15:03:25","guid":{"rendered":"https:\/\/tenerife-trips.com\/product\/sin%20categor\u00eda\/siam-park\/"},"modified":"2025-12-02T20:50:01","modified_gmt":"2025-12-02T20:50:01","slug":"siam-park-tenerife","status":"publish","type":"product","link":"https:\/\/tenerife-trips.com\/es\/product\/parques-tematicos\/siam-park-tenerife\/","title":{"rendered":"SIAM PARK"},"content":{"rendered":"<div class=\"wpb-content-wrapper\"><p>[vc_row full_width=&#8221;stretch_row_content_no_spaces&#8221;][vc_column][vc_column_text css=&#8221;.vc_custom_1743591527939{background-color: #F6EB14 !important;background-position: center !important;background-repeat: no-repeat !important;background-size: cover !important;}&#8221; css_animation=&#8221;fadeIn&#8221;]<\/p>\n<h1 class=\"title-h2\" style=\"text-align: center;\"><span style=\"font-size: 18pt; color: #312c7a;\">SIAM PARK<\/span><\/h1>\n<p>[\/vc_column_text][\/vc_column][\/vc_row][vc_row][vc_column][vc_column_text]<\/p>\n<p style=\"text-align: center;\"><span style=\"font-size: 14pt;\">Entonces, antes que nada, tenemos que mencionar que Siam Park Tenerife es el mejor parque acu\u00e1tico del mundo. Esto seg\u00fan la elecci\u00f3n anual de viajeros de TripAdvisor. La arquitectura y los toboganes presentan un tema siam\u00e9s. Aqu\u00ed encontramos la mayor colecci\u00f3n de edificios tailandeses fuera de Tailandia.<\/span><\/p>\n<p style=\"text-align: center;\"><span style=\"font-size: 14pt;\"><strong>\u21d3 Ver m\u00e1s descripci\u00f3n a continuaci\u00f3n \u21d3<\/strong><\/span><\/p>\n<p>[\/vc_column_text][\/vc_column][\/vc_row][vc_row full_width=&#8221;stretch_row_content&#8221; full_height=&#8221;yes&#8221; css=&#8221;.vc_custom_1576192123211{background-color: #312c7a !important;background-position: center !important;background-repeat: no-repeat !important;background-size: cover !important;}&#8221;][vc_column]<div class=\"gem-vimeo gem-wrapbox gem-wrapbox-style-no-style rounded-corners gem-wrapbox-position-below\" style=\"width: 100%;\"><div class=\"gem-wrapbox-inner gem-ratio-style\" style=\"padding-top: 56.25%\"><iframe webkitallowfullscreen=\"true\" mozallowfullscreen=\"true\" allowfullscreen=\"true\" class=\"gem-wrapbox-element img-responsive\" frameborder=\"0\" scrolling=\"no\" marginheight=\"0\" marginwidth=\"0\" src=\"\/\/player.vimeo.com\/video\/328473827?title=0&amp;byline=0&amp;portrait=0 \"><\/iframe><\/div><\/div>[vc_empty_space]<div class=\"preloader\"><div class=\"preloader-spin\"><\/div><\/div> <div id=\"gem-gallery-69d0edadc363b\" class=\"gem-gallery gem-gallery-hover-zooming-blur\"> <div class=\"gem-gallery-item\"> <div class=\"gem-gallery-item-image\"> <a href=\"https:\/\/tenerife-trips.com\/wp-content\/uploads\/2019\/12\/3-7-thegem-gallery-sidebar.jpg\" data-fancybox-group=\"gallery-69d0edadc363b\" data-full-image-url=\"https:\/\/tenerife-trips.com\/wp-content\/uploads\/2019\/12\/3-7.jpg\"> <svg width=\"20\" height=\"10\"><path d=\"M 0,10 Q 9,9 10,0 Q 11,9 20,10\" \/><\/svg> <img src=\"https:\/\/tenerife-trips.com\/wp-content\/uploads\/2019\/12\/3-7-thegem-post-thumb-small.jpg\" alt=\"siam park\" class=\"img-responsive\"> <span class=\"gem-gallery-caption slide-info\"> <\/span> <\/a> <span class=\"gem-gallery-line\"><\/span> <\/div> <\/div> <div class=\"gem-gallery-item\"> <div class=\"gem-gallery-item-image\"> <a href=\"https:\/\/tenerife-trips.com\/wp-content\/uploads\/2019\/12\/6-4-thegem-gallery-sidebar.jpg\" data-fancybox-group=\"gallery-69d0edadc363b\" data-full-image-url=\"https:\/\/tenerife-trips.com\/wp-content\/uploads\/2019\/12\/6-4.jpg\"> <svg width=\"20\" height=\"10\"><path d=\"M 0,10 Q 9,9 10,0 Q 11,9 20,10\" \/><\/svg> <img src=\"https:\/\/tenerife-trips.com\/wp-content\/uploads\/2019\/12\/6-4-thegem-post-thumb-small.jpg\" alt=\"Twin Ticket Tenerife\" class=\"img-responsive\"> <span class=\"gem-gallery-caption slide-info\"> <\/span> <\/a> <span class=\"gem-gallery-line\"><\/span> <\/div> <\/div> <div class=\"gem-gallery-item\"> <div class=\"gem-gallery-item-image\"> <a href=\"https:\/\/tenerife-trips.com\/wp-content\/uploads\/2019\/12\/4-7-thegem-gallery-sidebar.jpg\" data-fancybox-group=\"gallery-69d0edadc363b\" data-full-image-url=\"https:\/\/tenerife-trips.com\/wp-content\/uploads\/2019\/12\/4-7.jpg\"> <svg width=\"20\" height=\"10\"><path d=\"M 0,10 Q 9,9 10,0 Q 11,9 20,10\" \/><\/svg> <img src=\"https:\/\/tenerife-trips.com\/wp-content\/uploads\/2019\/12\/4-7-thegem-post-thumb-small.jpg\" alt=\"siam park\" class=\"img-responsive\"> <span class=\"gem-gallery-caption slide-info\"> <\/span> <\/a> <span class=\"gem-gallery-line\"><\/span> <\/div> <\/div> <div class=\"gem-gallery-item\"> <div class=\"gem-gallery-item-image\"> <a href=\"https:\/\/tenerife-trips.com\/wp-content\/uploads\/2019\/12\/1-7-thegem-gallery-sidebar.jpg\" data-fancybox-group=\"gallery-69d0edadc363b\" data-full-image-url=\"https:\/\/tenerife-trips.com\/wp-content\/uploads\/2019\/12\/1-7.jpg\"> <svg width=\"20\" height=\"10\"><path d=\"M 0,10 Q 9,9 10,0 Q 11,9 20,10\" \/><\/svg> <img src=\"https:\/\/tenerife-trips.com\/wp-content\/uploads\/2019\/12\/1-7-thegem-post-thumb-small.jpg\" alt=\"parco acquatico Tenerife\" class=\"img-responsive\"> <span class=\"gem-gallery-caption slide-info\"> <\/span> <\/a> <span class=\"gem-gallery-line\"><\/span> <\/div> <\/div> <div class=\"gem-gallery-item\"> <div class=\"gem-gallery-item-image\"> <a href=\"https:\/\/tenerife-trips.com\/wp-content\/uploads\/2019\/12\/2-8-thegem-gallery-sidebar.jpg\" data-fancybox-group=\"gallery-69d0edadc363b\" data-full-image-url=\"https:\/\/tenerife-trips.com\/wp-content\/uploads\/2019\/12\/2-8.jpg\"> <svg width=\"20\" height=\"10\"><path d=\"M 0,10 Q 9,9 10,0 Q 11,9 20,10\" \/><\/svg> <img src=\"https:\/\/tenerife-trips.com\/wp-content\/uploads\/2019\/12\/2-8-thegem-post-thumb-small.jpg\" alt=\"parco acquatico Tenerife\" class=\"img-responsive\"> <span class=\"gem-gallery-caption slide-info\"> <\/span> <\/a> <span class=\"gem-gallery-line\"><\/span> <\/div> <\/div> <div class=\"gem-gallery-item\"> <div class=\"gem-gallery-item-image\"> <a href=\"https:\/\/tenerife-trips.com\/wp-content\/uploads\/2019\/12\/5-5-thegem-gallery-sidebar.jpg\" data-fancybox-group=\"gallery-69d0edadc363b\" data-full-image-url=\"https:\/\/tenerife-trips.com\/wp-content\/uploads\/2019\/12\/5-5.jpg\"> <svg width=\"20\" height=\"10\"><path d=\"M 0,10 Q 9,9 10,0 Q 11,9 20,10\" \/><\/svg> <img src=\"https:\/\/tenerife-trips.com\/wp-content\/uploads\/2019\/12\/5-5-thegem-post-thumb-small.jpg\" alt=\"siam park\" class=\"img-responsive\"> <span class=\"gem-gallery-caption slide-info\"> <\/span> <\/a> <span class=\"gem-gallery-line\"><\/span> <\/div> <\/div> <\/div>[vc_empty_space][\/vc_column][\/vc_row][vc_row full_width=&#8221;stretch_row&#8221; content_placement=&#8221;middle&#8221; css=&#8221;.vc_custom_1577675652614{background-color: #312c7a !important;background-position: center !important;background-repeat: no-repeat !important;background-size: cover !important;}&#8221;][vc_column][vc_column_text]<\/p>\n<h3 style=\"text-align: center;\"><span style=\"color: #ffffff; font-size: 18pt;\">DESCRIPCI\u00d3N<\/span><\/h3>\n<p>[\/vc_column_text][\/vc_column][\/vc_row][vc_row full_width=&#8221;stretch_row_content&#8221; content_placement=&#8221;middle&#8221;][vc_column][vc_tta_accordion style=&#8221;simple_solid&#8221; color=&#8221;blue&#8221; c_icon=&#8221;chevron&#8221; active_section=&#8221;-0&#8243; css_animation=&#8221;fadeIn&#8221; no_fill=&#8221;true&#8221; collapsible_all=&#8221;true&#8221; css=&#8221;.vc_custom_1577021524719{background-position: center !important;background-repeat: no-repeat !important;background-size: cover !important;}&#8221;][vc_tta_section title=&#8221;INFORMACI\u00d3N SOBRE EL PARQUE&#8221; tab_id=&#8221;1577675633539-eceb827a-b410&#8243;][vc_column_text]<\/p>\n<h3><span style=\"font-size: 12pt;\">PRIMERO DEBEMOS MENCIONAR QUE SIAM PARK Tenerife ES EL MEJOR PARQUE ACUATICO DEL MUNDO. \u00a1ESTO seg\u00fan LA ELECCI\u00d3N ANUAL DE VIAJEROS DE <a href=\"https:\/\/www.tripadvisor.es\/Attraction_Review-g315919-d668504-Reviews-Siam_Park-Adeje_Tenerife_Canary_Islands.html\" target=\"_blank\" rel=\"noopener\">TRIPADVISOR<\/a>!<\/span><\/h3>\n<p><span style=\"font-size: 14pt;\">Entonces, el empresario alem\u00e1n Wolfgang Kiessling y su hijo Christoph abrieron el parque al p\u00fablico en septiembre de 2008. En la inauguraci\u00f3n invitaron a la princesa de Tailandia Maha Chakri Sirindhorn como invitada especial. La arquitectura del parque y sus toboganes presentan un tema siam\u00e9s. Aqu\u00ed encontramos la mayor colecci\u00f3n de edificios tailandeses fuera de Tailandia.<\/span><\/p>\n<p><span style=\"font-size: 14pt;\">Siam Park Tenerife tiene muchas atracciones y es adecuado para todos, ni\u00f1os y adultos. Por ejemplo los mas jovenes pueden jugar en la &#8220;Lost City&#8221;; esta es una zona infantil con torres, puentes, redes, cascadas y toboganes. Por otro lado las personas que buscan adrenalina pueden ir en el &#8220;Tower of Power&#8221;; en este tobogan se pueden alcanzar 80 km\/h y pasar a trav\u00e9s de un acuario con tiburones y mantarrayas.<\/span><\/p>\n<p><span style=\"font-size: 14pt;\">Adem\u00e1s, una planta desaladora construida en el sitio procesa agua de mar para usarla en el parque. El agua se calienta a 25 \u00b0C (77 \u00b0F) y se reutiliza para regar las plantas despu\u00e9s de los toboganes. Por lo tanto, dentro de Siam Park Tenerife se encuentra una abundante vegetaci\u00f3n que hace el parque m\u00e1s bonito.<\/span><\/p>\n<h3><span style=\"font-size: 12pt;\">Otra atracci\u00f3n famosa de Siam Park Tenerife es sin duda &#8220;The Wave Palace&#8221;. esta piscina produce las olas artificiales m\u00e1s grandes del mundo (3 metros). adem\u00e1s, alrededor de la piscina encontramos una playa de arena blanca con tumbonas que puede utilizar de forma gratuita.<\/span><\/h3>\n<p><span style=\"font-size: 14pt;\">Muchos servicios est\u00e1n disponibles para los clientes en el parque, por ejemplo:<\/span><\/p>\n<ul>\n<li><span style=\"font-size: 14pt;\">varios restaurantes donde puede comprar una comida o merienda;<\/span><\/li>\n<li><span style=\"font-size: 14pt;\">conexi\u00f3n inal\u00e1mbrica a internet gratuita en todo el Siam Park Tenerife;<\/span><\/li>\n<li><span style=\"font-size: 14pt;\">plazas de aparcamiento;<\/span><\/li>\n<li><span style=\"font-size: 14pt;\">vestidores y duchas sin cargo;<\/span><\/li>\n<li><span style=\"font-size: 14pt;\">se pueden alquilar taquillas y toallas;<\/span><\/li>\n<li><span style=\"font-size: 14pt;\">tiendas donde puede comprar recuerdos, protecci\u00f3n solar, bocadillos o dulces.<\/span><\/li>\n<\/ul>\n<p><span style=\"color: #ff0000; font-size: 14pt;\"><span style=\"color: #ff0000;\">Es posible comprar<\/span> la <span style=\"text-decoration: underline;\">ENTRADA ALL INCLUSIVE<\/span>\u00a0que incluye acceso preferencial a las atracciones (se excluye Tower of Power), consumo gratuito de alimentos y bebidas, toalla y taquilla.<\/span><\/p>\n<p><span style=\"font-size: 14pt;\">Como resultado, esta es definitivamente una de las <a href=\"https:\/\/tenerife-trips.com\/es\/que-hacer-en-tenerife\/?lang=es\" target=\"_blank\" rel=\"noopener\">mejores cosas que hacer<\/a> durante su vacaci\u00f3n en Tenerife.<\/span><\/p>\n<p><span style=\"color: #ff0000; font-size: 14pt;\"><span style=\"text-decoration: underline;\">MUY IMPORTANTE<\/span>: p\u00f3ngase en contacto con nosotros antes de completar la reserva; diganos cu\u00e1ndo quiere ir al Siam Park Tenerife; necesitamos poco tiempo para enviarle el ticket; no es necesario imprimir el ticket, se puede mostrar en su tel\u00e9fono m\u00f3vil.<\/span>[\/vc_column_text][\/vc_tta_section][vc_tta_section title=&#8221;HORARIO Y SERVICIO DE RECOGIDA&#8221; tab_id=&#8221;1577675633592-04df94c3-be9e&#8221;][vc_column_text]<span style=\"font-size: 14pt;\">Para Siam Park Tenerife, un autob\u00fas gratuito est\u00e1 disponible desde diferentes lugares en Los Cristianos y Playa de Las Am\u00e9ricas; p\u00f3ngase en contacto con nosotros para averiguar cu\u00e1l es el m\u00e1s cercano a su alojamiento.<\/span><\/p>\n<p><span style=\"text-decoration: underline; color: #ff0000; font-size: 14pt;\">HORARIO:<\/span><\/p>\n<p><span style=\"font-size: 14pt;\">El parque est\u00e1 abierto todos los d\u00edas de 10:00 a 17:00.<\/span><\/p>\n<p><span style=\"font-size: 14pt;\"><strong>\u00a1Mire el video, hagase una idea de qu\u00e9 se trata y res\u00e9rvelo ahora mismo!<\/strong><\/span>[\/vc_column_text][\/vc_tta_section][\/vc_tta_accordion][\/vc_column][\/vc_row][vc_row full_width=&#8221;stretch_row_content&#8221; content_placement=&#8221;middle&#8221; css=&#8221;.vc_custom_1576709624172{background-color: #312c7a !important;background-position: center !important;background-repeat: no-repeat !important;background-size: cover !important;}&#8221;][vc_column][vc_column_text]<\/p>\n<h3 style=\"text-align: center;\"><strong><span style=\"color: #ffffff; font-size: 18pt;\">COMPRAR YA<\/span><\/strong><\/h3>\n<p>[\/vc_column_text][\/vc_column][\/vc_row]<\/p>\n<\/div>","protected":false},"excerpt":{"rendered":"<p>[vc_row full_width=&#8221;stretch_row_content_no_spaces&#8221;][vc_column][vc_column_text css=&#8221;.vc_custom_1743591527939{background-color: #F6EB14 !important;background-position: center !important;background-repeat: no-repeat !important;background-size: cover !important;}&#8221; css_animation=&#8221;fadeIn&#8221;] SIAM PARK [\/vc_column_text][\/vc_column][\/vc_row][vc_row][vc_column][vc_column_text] Entonces, antes que nada, tenemos&#8230;<\/p>\n","protected":false},"featured_media":64964,"template":"","meta":{"_acf_changed":false,"_seopress_robots_primary_cat":"2189","_seopress_titles_title":"Siam Park Tenerife, reserva el mejor parque acu\u00e1tico del mundo","_seopress_titles_desc":"Siam Park Tenerife es el mejor parque acu\u00e1tico del mundo seg\u00fan la elecci\u00f3n anual de los viajeros de TripAdvisor. Reserve ahora online","_seopress_robots_index":""},"product_brand":[],"product_cat":[2189],"product_tag":[2496,2207],"class_list":{"0":"post-45661","1":"product","2":"type-product","3":"status-publish","4":"has-post-thumbnail","6":"product_cat-parques-tematicos","7":"product_tag-parque-acuatico-tenerife","8":"product_tag-siam-park-es","10":"first","11":"instock","12":"virtual","13":"sold-individually","14":"taxable","15":"purchasable","16":"product-type-booking"},"booking_location":"","booking_location_type":"","booking_duration":1,"booking_duration_unit":"day","booking_buffer":0,"booking_cost":0,"booking_resources":[],"acf":[],"_links":{"self":[{"href":"https:\/\/tenerife-trips.com\/es\/wp-json\/wp\/v2\/product\/45661","targetHints":{"allow":["GET"]}}],"collection":[{"href":"https:\/\/tenerife-trips.com\/es\/wp-json\/wp\/v2\/product"}],"about":[{"href":"https:\/\/tenerife-trips.com\/es\/wp-json\/wp\/v2\/types\/product"}],"wp:featuredmedia":[{"embeddable":true,"href":"https:\/\/tenerife-trips.com\/es\/wp-json\/wp\/v2\/media\/64964"}],"wp:attachment":[{"href":"https:\/\/tenerife-trips.com\/es\/wp-json\/wp\/v2\/media?parent=45661"}],"wp:term":[{"taxonomy":"product_brand","embeddable":true,"href":"https:\/\/tenerife-trips.com\/es\/wp-json\/wp\/v2\/product_brand?post=45661"},{"taxonomy":"product_cat","embeddable":true,"href":"https:\/\/tenerife-trips.com\/es\/wp-json\/wp\/v2\/product_cat?post=45661"},{"taxonomy":"product_tag","embeddable":true,"href":"https:\/\/tenerife-trips.com\/es\/wp-json\/wp\/v2\/product_tag?post=45661"}],"curies":[{"name":"wp","href":"https:\/\/api.w.org\/{rel}","templated":true}]}}