{"id":45664,"date":"2018-03-28T18:39:07","date_gmt":"2018-03-28T17:39:07","guid":{"rendered":"https:\/\/tenerife-trips.com\/product\/sin%20categor\u00eda\/loro-parque\/"},"modified":"2025-12-02T20:50:19","modified_gmt":"2025-12-02T20:50:19","slug":"loro-parque-tenerife","status":"publish","type":"product","link":"https:\/\/tenerife-trips.com\/es\/product\/parques-tematicos\/loro-parque-tenerife\/","title":{"rendered":"LORO PARQUE"},"content":{"rendered":"<div class=\"wpb-content-wrapper\"><p>[vc_row full_width=&#8221;stretch_row_content_no_spaces&#8221;][vc_column][vc_column_text css=&#8221;.vc_custom_1743591660910{background-color: #F6EB14 !important;background-position: center !important;background-repeat: no-repeat !important;background-size: cover !important;}&#8221; css_animation=&#8221;fadeIn&#8221;]<\/p>\n<h1 class=\"title-h2\" style=\"text-align: center;\"><span style=\"font-size: 18pt; color: #312c7a;\">LORO PARQUE<\/span><\/h1>\n<p>[\/vc_column_text][\/vc_column][\/vc_row][vc_row][vc_column][vc_column_text]Visitar Loro Parque Tenerife es definitivamente una de <a href=\"https:\/\/tenerife-trips.com\/es\/que-hacer-en-tenerife\/?lang=es\">las mejores cosas que hacer en la isla<\/a>; se encuentra en Puerto de la Cruz, en la costa norte. TripAdvisor reconoci\u00f3 este parque como el mejor zool\u00f3gico del mundo a trav\u00e9s de su elecci\u00f3n anual de viajeros.<\/p>\n<p style=\"text-align: center;\"><strong><span style=\"font-size: 14pt;\">\u21d3 Ver m\u00e1s descripci\u00f3n a continuaci\u00f3n \u21d3<\/span><\/strong><\/p>\n<p>[\/vc_column_text][\/vc_column][\/vc_row][vc_row full_width=&#8221;stretch_row_content&#8221; full_height=&#8221;yes&#8221; css=&#8221;.vc_custom_1576192123211{background-color: #312c7a !important;background-position: center !important;background-repeat: no-repeat !important;background-size: cover !important;}&#8221;][vc_column]<div class=\"gem-vimeo gem-wrapbox gem-wrapbox-style-no-style rounded-corners gem-wrapbox-position-below\" style=\"width: 100%;\"><div class=\"gem-wrapbox-inner gem-ratio-style\" style=\"padding-top: 56.25%\"><iframe webkitallowfullscreen=\"true\" mozallowfullscreen=\"true\" allowfullscreen=\"true\" class=\"gem-wrapbox-element img-responsive\" frameborder=\"0\" scrolling=\"no\" marginheight=\"0\" marginwidth=\"0\" src=\"\/\/player.vimeo.com\/video\/328641209?title=0&amp;byline=0&amp;portrait=0 \"><\/iframe><\/div><\/div>[vc_empty_space]<div class=\"preloader\"><div class=\"preloader-spin\"><\/div><\/div> <div id=\"gem-gallery-69dec0c63b0a3\" class=\"gem-gallery gem-gallery-hover-zooming-blur\" data-autoscroll=\"2000\"> <div class=\"gem-gallery-item\"> <div class=\"gem-gallery-item-image\"> <a href=\"https:\/\/tenerife-trips.com\/wp-content\/uploads\/2019\/12\/2-7-thegem-gallery-fullwidth.jpg\" data-fancybox-group=\"gallery-69dec0c63b0a3\" data-full-image-url=\"https:\/\/tenerife-trips.com\/wp-content\/uploads\/2019\/12\/2-7.jpg\"> <svg width=\"20\" height=\"10\"><path d=\"M 0,10 Q 9,9 10,0 Q 11,9 20,10\" \/><\/svg> <img src=\"https:\/\/tenerife-trips.com\/wp-content\/uploads\/2019\/12\/2-7-thegem-post-thumb-small.jpg\" alt=\"Tenerife zoo\" class=\"img-responsive\"> <span class=\"gem-gallery-caption slide-info\"> <\/span> <\/a> <span class=\"gem-gallery-line\"><\/span> <\/div> <\/div> <div class=\"gem-gallery-item\"> <div class=\"gem-gallery-item-image\"> <a href=\"https:\/\/tenerife-trips.com\/wp-content\/uploads\/2019\/12\/3-6-thegem-gallery-fullwidth.jpg\" data-fancybox-group=\"gallery-69dec0c63b0a3\" data-full-image-url=\"https:\/\/tenerife-trips.com\/wp-content\/uploads\/2019\/12\/3-6.jpg\"> <svg width=\"20\" height=\"10\"><path d=\"M 0,10 Q 9,9 10,0 Q 11,9 20,10\" \/><\/svg> <img src=\"https:\/\/tenerife-trips.com\/wp-content\/uploads\/2019\/12\/3-6-thegem-post-thumb-small.jpg\" alt=\"Tenerife zoo\" class=\"img-responsive\"> <span class=\"gem-gallery-caption slide-info\"> <\/span> <\/a> <span class=\"gem-gallery-line\"><\/span> <\/div> <\/div> <div class=\"gem-gallery-item\"> <div class=\"gem-gallery-item-image\"> <a href=\"https:\/\/tenerife-trips.com\/wp-content\/uploads\/2019\/12\/4-6-thegem-gallery-fullwidth.jpg\" data-fancybox-group=\"gallery-69dec0c63b0a3\" data-full-image-url=\"https:\/\/tenerife-trips.com\/wp-content\/uploads\/2019\/12\/4-6.jpg\"> <svg width=\"20\" height=\"10\"><path d=\"M 0,10 Q 9,9 10,0 Q 11,9 20,10\" \/><\/svg> <img src=\"https:\/\/tenerife-trips.com\/wp-content\/uploads\/2019\/12\/4-6-thegem-post-thumb-small.jpg\" alt=\"Twin Ticket Tenerife\" class=\"img-responsive\"> <span class=\"gem-gallery-caption slide-info\"> <\/span> <\/a> <span class=\"gem-gallery-line\"><\/span> <\/div> <\/div> <div class=\"gem-gallery-item\"> <div class=\"gem-gallery-item-image\"> <a href=\"https:\/\/tenerife-trips.com\/wp-content\/uploads\/2019\/12\/6-3.jpg\" data-fancybox-group=\"gallery-69dec0c63b0a3\" data-full-image-url=\"https:\/\/tenerife-trips.com\/wp-content\/uploads\/2019\/12\/6-3.jpg\"> <svg width=\"20\" height=\"10\"><path d=\"M 0,10 Q 9,9 10,0 Q 11,9 20,10\" \/><\/svg> <img src=\"https:\/\/tenerife-trips.com\/wp-content\/uploads\/2019\/12\/6-3-thegem-post-thumb-small.jpg\" alt=\"loro parque\" class=\"img-responsive\"> <span class=\"gem-gallery-caption slide-info\"> <\/span> <\/a> <span class=\"gem-gallery-line\"><\/span> <\/div> <\/div> <div class=\"gem-gallery-item\"> <div class=\"gem-gallery-item-image\"> <a href=\"https:\/\/tenerife-trips.com\/wp-content\/uploads\/2019\/12\/7-thegem-gallery-fullwidth.jpg\" data-fancybox-group=\"gallery-69dec0c63b0a3\" data-full-image-url=\"https:\/\/tenerife-trips.com\/wp-content\/uploads\/2019\/12\/7.jpg\"> <svg width=\"20\" height=\"10\"><path d=\"M 0,10 Q 9,9 10,0 Q 11,9 20,10\" \/><\/svg> <img src=\"https:\/\/tenerife-trips.com\/wp-content\/uploads\/2019\/12\/7-thegem-post-thumb-small.jpg\" alt=\"loro parque\" class=\"img-responsive\"> <span class=\"gem-gallery-caption slide-info\"> <\/span> <\/a> <span class=\"gem-gallery-line\"><\/span> <\/div> <\/div> <div class=\"gem-gallery-item\"> <div class=\"gem-gallery-item-image\"> <a href=\"https:\/\/tenerife-trips.com\/wp-content\/uploads\/2018\/03\/1-thegem-gallery-fullwidth.jpg\" data-fancybox-group=\"gallery-69dec0c63b0a3\" data-full-image-url=\"https:\/\/tenerife-trips.com\/wp-content\/uploads\/2018\/03\/1.jpg\"> <svg width=\"20\" height=\"10\"><path d=\"M 0,10 Q 9,9 10,0 Q 11,9 20,10\" \/><\/svg> <img src=\"https:\/\/tenerife-trips.com\/wp-content\/uploads\/2018\/03\/1-thegem-post-thumb-small.jpg\" alt=\"Loro Park Teneryfa\" class=\"img-responsive\"> <span class=\"gem-gallery-caption slide-info\"> <\/span> <\/a> <span class=\"gem-gallery-line\"><\/span> <\/div> <\/div> <div class=\"gem-gallery-item\"> <div class=\"gem-gallery-item-image\"> <a href=\"https:\/\/tenerife-trips.com\/wp-content\/uploads\/2019\/12\/loro-thegem-gallery-fullwidth.jpg\" data-fancybox-group=\"gallery-69dec0c63b0a3\" data-full-image-url=\"https:\/\/tenerife-trips.com\/wp-content\/uploads\/2019\/12\/loro.jpg\"> <svg width=\"20\" height=\"10\"><path d=\"M 0,10 Q 9,9 10,0 Q 11,9 20,10\" \/><\/svg> <img src=\"https:\/\/tenerife-trips.com\/wp-content\/uploads\/2019\/12\/loro-thegem-post-thumb-small.jpg\" alt=\"\" class=\"img-responsive\"> <span class=\"gem-gallery-caption slide-info\"> <\/span> <\/a> <span class=\"gem-gallery-line\"><\/span> <\/div> <\/div> <div class=\"gem-gallery-item\"> <div class=\"gem-gallery-item-image\"> <a href=\"https:\/\/tenerife-trips.com\/wp-content\/uploads\/2018\/03\/Loro-Parque-1-scaled-thegem-gallery-fullwidth.png\" data-fancybox-group=\"gallery-69dec0c63b0a3\" data-full-image-url=\"https:\/\/tenerife-trips.com\/wp-content\/uploads\/2018\/03\/Loro-Parque-1-scaled.png\"> <svg width=\"20\" height=\"10\"><path d=\"M 0,10 Q 9,9 10,0 Q 11,9 20,10\" \/><\/svg> <img src=\"https:\/\/tenerife-trips.com\/wp-content\/uploads\/2018\/03\/Loro-Parque-1-scaled-thegem-post-thumb-small.png\" alt=\"\" class=\"img-responsive\"> <span class=\"gem-gallery-caption slide-info\"> <\/span> <\/a> <span class=\"gem-gallery-line\"><\/span> <\/div> <\/div> <\/div>[vc_empty_space][\/vc_column][\/vc_row][vc_row full_width=&#8221;stretch_row&#8221; content_placement=&#8221;middle&#8221; css=&#8221;.vc_custom_1577675534459{background-color: #312c7a !important;background-position: center !important;background-repeat: no-repeat !important;background-size: cover !important;}&#8221;][vc_column][vc_column_text]<\/p>\n<h3 style=\"text-align: center;\"><span style=\"color: #ffffff; font-size: 18pt;\">DESCRIPCI\u00d3N<\/span><\/h3>\n<p>[\/vc_column_text][\/vc_column][\/vc_row][vc_row full_width=&#8221;stretch_row_content&#8221; content_placement=&#8221;middle&#8221;][vc_column][vc_tta_accordion style=&#8221;simple_solid&#8221; color=&#8221;blue&#8221; c_icon=&#8221;chevron&#8221; active_section=&#8221;-0&#8243; css_animation=&#8221;fadeIn&#8221; no_fill=&#8221;true&#8221; collapsible_all=&#8221;true&#8221; css=&#8221;.vc_custom_1577021524719{background-position: center !important;background-repeat: no-repeat !important;background-size: cover !important;}&#8221;][vc_tta_section title=&#8221;INFORMACI\u00d3N SOBRE EL PARQUE&#8221; tab_id=&#8221;1577675507653-b03d33b1-91f5&#8243;][vc_column_text]<\/p>\n<h3><span style=\"font-size: 12pt;\">Primero, debemos decir que visitar Loro Parque Tenerife es definitivamente una de las mejores cosas que hacer en la isla; se encuentra en <a href=\"https:\/\/www.google.com\/maps\/place\/38400+Puerto+de+la+Cruz,+Santa+Cruz+de+Tenerife\/@28.4091297,-16.5659433,14z\/data=!3m1!4b1!4m5!3m4!1s0xc6a7ffa897afdb1:0xfe20ba57c9146376!8m2!3d28.411413!4d-16.5449611\">Puerto de la Cruz<\/a>, en la costa norte.<\/span><\/h3>\n<p>En segundo lugar, TripAdvisor reconoci\u00f3 Loro Parque Tenerife como el mejor zool\u00f3gico del mundo a trav\u00e9s de su elecci\u00f3n anual de viajeros; el empresario alem\u00e1n Wolfgang Kiessling y su padre abrieron el parque en 1972; al principio fue anfitri\u00f3n de 150 loros y ofreci\u00f3 el primer espect\u00e1culo en Europa con estas aves; hoy tiene la mayor colecci\u00f3n de loros del mundo; es decir, aqu\u00ed encontramos m\u00e1s de 300 especies diferentes, algunas de las cuales est\u00e1n en peligro de extinci\u00f3n.<\/p>\n<p>Adem\u00e1s, tambi\u00e9n puede encontrar muchas especies de mam\u00edferos, aves, peces y reptiles; aparte de eso, puede ver fant\u00e1sticos espect\u00e1culos de orcas, delfines, leones marinos y loros varias veces al d\u00eda. Esta atracci\u00f3n ha establecido diferentes r\u00e9cords, por ejemplo, la piscina del espect\u00e1culo de los delfines es la m\u00e1s grande de Europa; otro es el t\u00fanel submarino que atraviesa el acuario con tiburones y otros peces; este es el m\u00e1s largo del viejo continente.<\/p>\n<h3><span style=\"font-size: 12pt;\">La fundaci\u00f3n Loro Parque Tenerife tiene el objetivo de proteger y salvar animales en peligro de extinci\u00f3n; por esta raz\u00f3n construyeron, por ejemplo, el pinguinario m\u00e1s grande del mundo con m\u00e1s de 250 pinguinos.\u00a0<\/span><\/h3>\n<p><span style=\"color: #ff0000;\"><span style=\"text-decoration: underline;\">MUY IMPORTANTE<\/span>: p\u00f3ngase en contacto con nosotros antes de completar la reserva; diganos cu\u00e1ndo quiere ir al Loro Parque Tenerife; necesitamos poco tiempo para enviarle el boleto; no es necesario imprimir el ticket, puede mostrarlo en su tel\u00e9fono m\u00f3vil; al reservar, aseg\u00farese de incluir tambi\u00e9n a los ni\u00f1os y beb\u00e9s que entran gratis.<\/span>[\/vc_column_text][\/vc_tta_section][vc_tta_section title=&#8221;HORARIO Y SERVICIO DE RECOGIDA&#8221; tab_id=&#8221;1577675507705-89aeac4e-37dd&#8221;][vc_column_text]En general, el servicio de transporte desde el sur de Tenerife est\u00e1 disponible todos los d\u00edas. De todos modos, depende de d\u00f3nde se encuentra, por lo que le recomendamos de ponerse en contacto con nosotros y verificar la disponibilidad de transporte desde su zona antes de reservar.<\/p>\n<p><span style=\"text-decoration: underline;\"><span style=\"color: #ff0000; text-decoration: underline;\">HORARIO:<\/span><\/span><\/p>\n<p>El parque est\u00e1 abierto todos los d\u00edas de 9:30 a 17:30.<\/p>\n<p><span style=\"font-size: 14pt;\"><strong>\u00a1Mire el video, hagase una idea de qu\u00e9 se trata y res\u00e9rvelo ahora mismo!<\/strong><\/span>[\/vc_column_text][\/vc_tta_section][\/vc_tta_accordion][\/vc_column][\/vc_row][vc_row full_width=&#8221;stretch_row_content&#8221; content_placement=&#8221;middle&#8221; css=&#8221;.vc_custom_1576709624172{background-color: #312c7a !important;background-position: center !important;background-repeat: no-repeat !important;background-size: cover !important;}&#8221;][vc_column][vc_column_text]<\/p>\n<h3 style=\"text-align: center;\"><strong><span style=\"color: #ffffff; font-size: 18pt;\">COMPRAR YA<\/span><\/strong><\/h3>\n<p>[\/vc_column_text][\/vc_column][\/vc_row]<\/p>\n<\/div>","protected":false},"excerpt":{"rendered":"<p>[vc_row full_width=&#8221;stretch_row_content_no_spaces&#8221;][vc_column][vc_column_text css=&#8221;.vc_custom_1743591660910{background-color: #F6EB14 !important;background-position: center !important;background-repeat: no-repeat !important;background-size: cover !important;}&#8221; css_animation=&#8221;fadeIn&#8221;] LORO PARQUE [\/vc_column_text][\/vc_column][\/vc_row][vc_row][vc_column][vc_column_text]Visitar Loro Parque Tenerife es definitivamente&#8230;<\/p>\n","protected":false},"featured_media":289827,"template":"","meta":{"_acf_changed":false,"_seopress_robots_primary_cat":"2189","_seopress_titles_title":"Loro Parque Tenerife, compre su ticket para el mejor zoo","_seopress_titles_desc":"Loro Parque Tenerife es el mejor zoo del mundo seg\u00fan la elecci\u00f3n anual de viajeros de TripAdvisor. Reserve f\u00e1cilmente su ticket online ahora","_seopress_robots_index":""},"product_brand":[],"product_cat":[2189],"product_tag":[2524,2525],"class_list":{"0":"post-45664","1":"product","2":"type-product","3":"status-publish","4":"has-post-thumbnail","6":"product_cat-parques-tematicos","7":"product_tag-parque-tenerife","8":"product_tag-tenerife-zoo-es","10":"first","11":"instock","12":"virtual","13":"sold-individually","14":"taxable","15":"purchasable","16":"product-type-booking"},"booking_location":"","booking_location_type":"","booking_duration":1,"booking_duration_unit":"day","booking_buffer":0,"booking_cost":0,"booking_resources":[],"acf":[],"_links":{"self":[{"href":"https:\/\/tenerife-trips.com\/es\/wp-json\/wp\/v2\/product\/45664","targetHints":{"allow":["GET"]}}],"collection":[{"href":"https:\/\/tenerife-trips.com\/es\/wp-json\/wp\/v2\/product"}],"about":[{"href":"https:\/\/tenerife-trips.com\/es\/wp-json\/wp\/v2\/types\/product"}],"wp:featuredmedia":[{"embeddable":true,"href":"https:\/\/tenerife-trips.com\/es\/wp-json\/wp\/v2\/media\/289827"}],"wp:attachment":[{"href":"https:\/\/tenerife-trips.com\/es\/wp-json\/wp\/v2\/media?parent=45664"}],"wp:term":[{"taxonomy":"product_brand","embeddable":true,"href":"https:\/\/tenerife-trips.com\/es\/wp-json\/wp\/v2\/product_brand?post=45664"},{"taxonomy":"product_cat","embeddable":true,"href":"https:\/\/tenerife-trips.com\/es\/wp-json\/wp\/v2\/product_cat?post=45664"},{"taxonomy":"product_tag","embeddable":true,"href":"https:\/\/tenerife-trips.com\/es\/wp-json\/wp\/v2\/product_tag?post=45664"}],"curies":[{"name":"wp","href":"https:\/\/api.w.org\/{rel}","templated":true}]}}