{"id":45670,"date":"2018-04-18T16:24:24","date_gmt":"2018-04-18T15:24:24","guid":{"rendered":"https:\/\/tenerife-trips.com\/product\/sin%20categor\u00eda\/aventura-medieval\/"},"modified":"2026-01-03T13:10:01","modified_gmt":"2026-01-03T13:10:01","slug":"castillo-san-miguel-tenerife","status":"publish","type":"product","link":"https:\/\/tenerife-trips.com\/es\/product\/espectaculos\/castillo-san-miguel-tenerife\/","title":{"rendered":"CASTILLO SAN MIGUEL"},"content":{"rendered":"<div class=\"wpb-content-wrapper\"><p>[vc_row full_width=&#8221;stretch_row_content_no_spaces&#8221;][vc_column][vc_column_text css=&#8221;.vc_custom_1743591178369{background-color: #F6EB14 !important;background-position: center !important;background-repeat: no-repeat !important;background-size: cover !important;}&#8221; css_animation=&#8221;fadeIn&#8221;]<\/p>\n<h1 class=\"title-h2\" style=\"text-align: center;\"><span style=\"font-size: 18pt; color: #312c7a;\">CASTILLO SAN MIGUEL<\/span><\/h1>\n<p>[\/vc_column_text][\/vc_column][\/vc_row][vc_row][vc_column][vc_column_text]<\/p>\n<p style=\"text-align: left;\"><span style=\"font-size: 14pt;\">El Castillo San Miguel Tenerife es uno de los mejores\u00a0espect\u00e1culos de entretenimiento\u00a0de la isla; tiene lugar en la zona de Aldea Blanca; el edificio es un castillo medieval de reciente construcci\u00f3n de unos seis mil metros cuadrados; puede acoger un poco m\u00e1s de mil espectadores.<\/span><\/p>\n<p style=\"text-align: center;\"><span style=\"font-size: 14pt;\"><strong>\u21d3<\/strong><strong> Ver m<\/strong><strong>\u00e1<\/strong><strong>s descripci<\/strong><strong>\u00f3<\/strong><strong>n a continuaci<\/strong><strong>\u00f3<\/strong><strong>n <\/strong><strong>\u21d3<\/strong><\/span><\/p>\n<p>[\/vc_column_text][\/vc_column][\/vc_row][vc_row full_width=&#8221;stretch_row_content&#8221; full_height=&#8221;yes&#8221; css=&#8221;.vc_custom_1576192123211{background-color: #312c7a !important;background-position: center !important;background-repeat: no-repeat !important;background-size: cover !important;}&#8221;][vc_column]<div class=\"gem-vimeo gem-wrapbox gem-wrapbox-style-no-style rounded-corners gem-wrapbox-position-below\" style=\"width: 100%;\"><div class=\"gem-wrapbox-inner gem-ratio-style\" style=\"padding-top: 56.25%\"><iframe webkitallowfullscreen=\"true\" mozallowfullscreen=\"true\" allowfullscreen=\"true\" class=\"gem-wrapbox-element img-responsive\" frameborder=\"0\" scrolling=\"no\" marginheight=\"0\" marginwidth=\"0\" src=\"\/\/player.vimeo.com\/video\/326334928?title=0&amp;byline=0&amp;portrait=0 \"><\/iframe><\/div><\/div>[vc_empty_space]<div class=\"preloader\"><div class=\"preloader-spin\"><\/div><\/div> <div id=\"gem-gallery-69f0e2d7d82bf\" class=\"gem-gallery gem-gallery-hover-zooming-blur\"> <div class=\"gem-gallery-item\"> <div class=\"gem-gallery-item-image\"> <a href=\"https:\/\/tenerife-trips.com\/wp-content\/uploads\/2019\/12\/2-6-thegem-gallery-sidebar.jpg\" data-fancybox-group=\"gallery-69f0e2d7d82bf\" data-full-image-url=\"https:\/\/tenerife-trips.com\/wp-content\/uploads\/2019\/12\/2-6.jpg\"> <svg width=\"20\" height=\"10\"><path d=\"M 0,10 Q 9,9 10,0 Q 11,9 20,10\" \/><\/svg> <img src=\"https:\/\/tenerife-trips.com\/wp-content\/uploads\/2019\/12\/2-6-thegem-post-thumb-small.jpg\" alt=\"Castillo San Miguel Tenerife\" class=\"img-responsive\"> <span class=\"gem-gallery-caption slide-info\"> <\/span> <\/a> <span class=\"gem-gallery-line\"><\/span> <\/div> <\/div> <div class=\"gem-gallery-item\"> <div class=\"gem-gallery-item-image\"> <a href=\"https:\/\/tenerife-trips.com\/wp-content\/uploads\/2019\/12\/3-5-thegem-gallery-sidebar.jpg\" data-fancybox-group=\"gallery-69f0e2d7d82bf\" data-full-image-url=\"https:\/\/tenerife-trips.com\/wp-content\/uploads\/2019\/12\/3-5.jpg\"> <svg width=\"20\" height=\"10\"><path d=\"M 0,10 Q 9,9 10,0 Q 11,9 20,10\" \/><\/svg> <img src=\"https:\/\/tenerife-trips.com\/wp-content\/uploads\/2019\/12\/3-5-thegem-post-thumb-small.jpg\" alt=\"Castillo San Miguel Tenerife\" class=\"img-responsive\"> <span class=\"gem-gallery-caption slide-info\"> <\/span> <\/a> <span class=\"gem-gallery-line\"><\/span> <\/div> <\/div> <div class=\"gem-gallery-item\"> <div class=\"gem-gallery-item-image\"> <a href=\"https:\/\/tenerife-trips.com\/wp-content\/uploads\/2019\/12\/5-4-thegem-gallery-sidebar.jpg\" data-fancybox-group=\"gallery-69f0e2d7d82bf\" data-full-image-url=\"https:\/\/tenerife-trips.com\/wp-content\/uploads\/2019\/12\/5-4.jpg\"> <svg width=\"20\" height=\"10\"><path d=\"M 0,10 Q 9,9 10,0 Q 11,9 20,10\" \/><\/svg> <img src=\"https:\/\/tenerife-trips.com\/wp-content\/uploads\/2019\/12\/5-4-thegem-post-thumb-small.jpg\" alt=\"medieval adventure Tenerife\" class=\"img-responsive\"> <span class=\"gem-gallery-caption slide-info\"> <\/span> <\/a> <span class=\"gem-gallery-line\"><\/span> <\/div> <\/div> <div class=\"gem-gallery-item\"> <div class=\"gem-gallery-item-image\"> <a href=\"https:\/\/tenerife-trips.com\/wp-content\/uploads\/2019\/12\/6-2-thegem-gallery-sidebar.jpg\" data-fancybox-group=\"gallery-69f0e2d7d82bf\" data-full-image-url=\"https:\/\/tenerife-trips.com\/wp-content\/uploads\/2019\/12\/6-2.jpg\"> <svg width=\"20\" height=\"10\"><path d=\"M 0,10 Q 9,9 10,0 Q 11,9 20,10\" \/><\/svg> <img src=\"https:\/\/tenerife-trips.com\/wp-content\/uploads\/2019\/12\/6-2-thegem-post-thumb-small.jpg\" alt=\"Castello San Miguel Tenerife\" class=\"img-responsive\"> <span class=\"gem-gallery-caption slide-info\"> <\/span> <\/a> <span class=\"gem-gallery-line\"><\/span> <\/div> <\/div> <div class=\"gem-gallery-item\"> <div class=\"gem-gallery-item-image\"> <a href=\"https:\/\/tenerife-trips.com\/wp-content\/uploads\/2018\/04\/4-thegem-gallery-sidebar.jpg\" data-fancybox-group=\"gallery-69f0e2d7d82bf\" data-full-image-url=\"https:\/\/tenerife-trips.com\/wp-content\/uploads\/2018\/04\/4.jpg\"> <svg width=\"20\" height=\"10\"><path d=\"M 0,10 Q 9,9 10,0 Q 11,9 20,10\" \/><\/svg> <img src=\"https:\/\/tenerife-trips.com\/wp-content\/uploads\/2018\/04\/4-thegem-post-thumb-small.jpg\" alt=\"\" class=\"img-responsive\"> <span class=\"gem-gallery-caption slide-info\"> <\/span> <\/a> <span class=\"gem-gallery-line\"><\/span> <\/div> <\/div> <div class=\"gem-gallery-item\"> <div class=\"gem-gallery-item-image\"> <a href=\"https:\/\/tenerife-trips.com\/wp-content\/uploads\/2019\/12\/1-6-thegem-gallery-sidebar.jpg\" data-fancybox-group=\"gallery-69f0e2d7d82bf\" data-full-image-url=\"https:\/\/tenerife-trips.com\/wp-content\/uploads\/2019\/12\/1-6.jpg\"> <svg width=\"20\" height=\"10\"><path d=\"M 0,10 Q 9,9 10,0 Q 11,9 20,10\" \/><\/svg> <img src=\"https:\/\/tenerife-trips.com\/wp-content\/uploads\/2019\/12\/1-6-thegem-post-thumb-small.jpg\" alt=\"castello San Miguel Tenerife\" class=\"img-responsive\"> <span class=\"gem-gallery-caption slide-info\"> <\/span> <\/a> <span class=\"gem-gallery-line\"><\/span> <\/div> <\/div> <\/div>[vc_empty_space][\/vc_column][\/vc_row][vc_row full_width=&#8221;stretch_row&#8221; content_placement=&#8221;middle&#8221; css=&#8221;.vc_custom_1577675399516{background-color: #312c7a !important;background-position: center !important;background-repeat: no-repeat !important;background-size: cover !important;}&#8221;][vc_column][vc_column_text]<\/p>\n<h3 style=\"text-align: center;\"><span style=\"color: #ffffff; font-size: 18pt;\">DESCRIPCI\u00d3N<\/span><\/h3>\n<p>[\/vc_column_text][\/vc_column][\/vc_row][vc_row full_width=&#8221;stretch_row_content&#8221; content_placement=&#8221;middle&#8221;][vc_column][vc_tta_accordion style=&#8221;simple_solid&#8221; color=&#8221;blue&#8221; c_icon=&#8221;chevron&#8221; active_section=&#8221;-0&#8243; css_animation=&#8221;fadeIn&#8221; no_fill=&#8221;true&#8221; collapsible_all=&#8221;true&#8221; css=&#8221;.vc_custom_1577021524719{background-position: center !important;background-repeat: no-repeat !important;background-size: cover !important;}&#8221;][vc_tta_section title=&#8221;EXPLICACI\u00d3N DE LA ACTUACI\u00d3N&#8221; tab_id=&#8221;1577675377517-0eb930f3-7872&#8243;][vc_column_text css=&#8221;&#8221;]<\/p>\n<h3><span style=\"font-size: 12pt;\">EL CASTILLO SAN MIGUEL TENERIFE ES UNO DE LOS MEJORES ESPECT\u00c1CULOS DE ENTRETENIMIENTO EN LA ISLA; SE REALIZA EN LA ZONA DE ALDEA BLANCA, A 15 MINUTOS EN COCHE DE\u00a0<a href=\"https:\/\/www.google.com\/maps\/place\/38650+Los+Cristianos,+Santa+Cruz+de+Tenerife,+Espa%C3%B1a\/@28.0503736,-16.7274548,14z\/data=!3m1!4b1!4m5!3m4!1s0xc6a982c7e468e79:0x260340f4bc024792!8m2!3d28.0489062!4d-16.7115979\" target=\"_blank\" rel=\"noopener\">LOS CRISTIANOS<\/a>\u00a0Y PLAYA DE LAS AMERICAS.<\/span><\/h3>\n<p><span style=\"font-size: 14pt;\">El edificio es un castillo medieval de reciente construcci\u00f3n de unos seis mil metros cuadrados; este puede acoger un poco m\u00e1s de mil espectadores; dentro de la estructura encontramos una sala principal donde se desarrolla el torneo.<\/span><\/p>\n<p><span style=\"font-size: 14pt;\">En primer lugar, separamos a las personas en dos grupos rivales, sentados en tribunas ubicadas al lado de la arena, uno frente al otro; despu\u00e9s de eso alentamos a la audiencia a animarse y hacer ruido, apoyando a su equipo de caballeros.<\/span><\/p>\n<h3><span style=\"font-size: 12pt;\">PRONTO EL ESPECT\u00c1CULO DEL CASTILLO SAN MIGUEL TENERIFE COMIENZA Y LOS CABALLEROS ENTRAN A LA ARENA; AS\u00cd QUE AHORA COMIENZAN A MOSTRAR SU CAPACIDAD DE MONTAR A CABALLO; MIENTRAS TANTO SERVIMOS UN BANQUETE MEDIEVAL A LAS PERSONAS QUE RESERVARON LA OPCI\u00d3N CON COMIDA.<\/span><\/h3>\n<p><span style=\"font-size: 14pt;\">La carta incluye una crema de verduras de temporada con trozos de queso, pechuga de pollo con zanahorias, patatas al horno y salsa de champi\u00f1ones; como postre hay tarta de helado con sirope de chocolate. Puede elegir tambi\u00e9n una comida vegetariana (crema de verduras de temporada con trozos de queso, lasa\u00f1a o hamburguesa vegetal, helado y fruta) o una comida vegana (ensalada bio, fruta y crema de verduras). Adem\u00e1s ofrecemos bebidas como vino tinto o blanco, agua y zumo de naranja, \u00a1tanto como quieras!<\/span><\/p>\n<p><span style=\"font-size: 14pt;\">Durante el Castillo San Miguel Tenerife, los actores se involucran en duelos de espadas y justas; los caballeros apuntan a los anillos con sus lanzas y un enano entretiene al p\u00fablico con bocanadas de fuego; adem\u00e1s, un \u00e1guila vuela sobre la arena de un lado a otro. La audiencia participa activamente en el espect\u00e1culo; en otras palabras, se involucra por la interacci\u00f3n con sus caballeros pidiendo apoyo.<\/span><\/p>\n<p><span style=\"font-size: 14pt;\">En conclusi\u00f3n, habr\u00e1 un ganador y un perdedor, \u00bftal vez ser\u00e1 su equipo a ganar?<\/span><\/p>\n<p><span style=\"font-size: 14pt;\"><strong><span style=\"color: #ff0000;\">Es posible comprar una opci\u00f3n VIP, que le da derecho a asientos en la primera o segunda fila y una copa de cava.<\/span><\/strong><\/span><\/p>\n<p><span style=\"font-size: 14pt;\">El <span style=\"color: #ff0000;\">servicio de recogida<\/span> est\u00e1 disponible desde el sur, oeste y norte (Puerto de la Cruz, Santa Cruz y La Laguna) por un s<span style=\"color: #ff0000;\">uplemento de 15\u20ac por adulto a partir de 14 a\u00f1os y 10\u20ac por ni\u00f1o de 1 a 13 a\u00f1os<\/span>. Los beb\u00e9s menores de 1 a\u00f1o pueden sentarse en el regazo de sus padres y son gratuitos. El precio del transporte <span style=\"color: #ff0000;\">se abonar\u00e1 directamente al castillo<\/span> una vez all\u00ed. Le recomendamos que se ponga en contacto con nosotros y compruebe la disponibilidad del transporte y la hora de recogida en su zona antes de reservar.<\/span><\/p>\n<p><span style=\"font-size: 14pt;\">La recogida en Puerto de la Cruz y Los Gigantes est\u00e1 disponible solo los s\u00e1bados.<\/span>[\/vc_column_text][\/vc_tta_section][vc_tta_section title=&#8221;HORARIO Y SERVICIO DE RECOGIDA&#8221; tab_id=&#8221;1577675377555-2851ab6c-a976&#8243;][vc_column_text css=&#8221;&#8221;]El <span style=\"color: #ff0000;\">servicio de recogida<\/span> est\u00e1 disponible desde el sur, oeste y norte (Puerto de la Cruz, Santa Cruz y La Laguna) por un s<span style=\"color: #ff0000;\">uplemento de 15\u20ac por adulto a partir de 14 a\u00f1os y 10\u20ac por ni\u00f1o de 1 a 13 a\u00f1os<\/span>. Los beb\u00e9s menores de 1 a\u00f1o pueden sentarse en el regazo de sus padres y son gratuitos. El precio del transporte <span style=\"color: #ff0000;\">se abonar\u00e1 directamente al castillo<\/span> una vez all\u00ed. Le recomendamos que se ponga en contacto con nosotros y compruebe la disponibilidad del transporte y la hora de recogida en su zona antes de reservar.<\/p>\n<p>La recogida en Puerto de la Cruz y Los Gigantes est\u00e1 disponible solo los s\u00e1bados.<\/p>\n<p><span style=\"color: #ff0000; font-size: 14pt;\"><u>HORARIO:<\/u><\/span><\/p>\n<p>Todos los martes, jueves y s\u00e1bados.<\/p>\n<p>El espect\u00e1culo comienza a las 19:30 y termina alrededor de las 21:15.<\/p>\n<p><span style=\"font-size: 14pt;\"><strong>\u00a1Mire el v\u00eddeo, hagase una idea de qu\u00e9 se trata y res\u00e9rvelo ahora mismo!<\/strong><\/span>[\/vc_column_text][\/vc_tta_section][\/vc_tta_accordion][\/vc_column][\/vc_row][vc_row full_width=&#8221;stretch_row_content&#8221; content_placement=&#8221;middle&#8221; css=&#8221;.vc_custom_1576709624172{background-color: #312c7a !important;background-position: center !important;background-repeat: no-repeat !important;background-size: cover !important;}&#8221;][vc_column][vc_column_text]<\/p>\n<h3 style=\"text-align: center;\"><span style=\"font-size: 18pt;\"><strong><span style=\"color: #ffffff;\">COMPRAR YA<\/span><\/strong><\/span><\/h3>\n<p>[\/vc_column_text][\/vc_column][\/vc_row]<\/p>\n<\/div>","protected":false},"excerpt":{"rendered":"<p>[vc_row full_width=&#8221;stretch_row_content_no_spaces&#8221;][vc_column][vc_column_text css=&#8221;.vc_custom_1743591178369{background-color: #F6EB14 !important;background-position: center !important;background-repeat: no-repeat !important;background-size: cover !important;}&#8221; css_animation=&#8221;fadeIn&#8221;] CASTILLO SAN MIGUEL [\/vc_column_text][\/vc_column][\/vc_row][vc_row][vc_column][vc_column_text] El Castillo San Miguel&#8230;<\/p>\n","protected":false},"featured_media":64957,"template":"","meta":{"_acf_changed":false,"_seopress_robots_primary_cat":"2210","_seopress_titles_title":"Castillo San Miguel Tenerife, una fant\u00e1stica aventura medieval","_seopress_titles_desc":"\u00a1Disfrute del Castillo San Miguel Tenerife, uno de los mejores espect\u00e1culos con cena disponibles en la isla! Reserve ahora online","_seopress_robots_index":""},"product_brand":[],"product_cat":[2210],"product_tag":[2483,2484,2482],"class_list":{"0":"post-45670","1":"product","2":"type-product","3":"status-publish","4":"has-post-thumbnail","6":"product_cat-espectaculos","7":"product_tag-aventura-medieval-tenerife","8":"product_tag-castillo-san-miguel-tenerife","9":"product_tag-espectaculos-tenerife","11":"first","12":"instock","13":"virtual","14":"sold-individually","15":"taxable","16":"purchasable","17":"product-type-booking"},"booking_location":"","booking_location_type":"","booking_duration":1,"booking_duration_unit":"day","booking_buffer":0,"booking_cost":0,"booking_resources":[],"acf":[],"_links":{"self":[{"href":"https:\/\/tenerife-trips.com\/es\/wp-json\/wp\/v2\/product\/45670","targetHints":{"allow":["GET"]}}],"collection":[{"href":"https:\/\/tenerife-trips.com\/es\/wp-json\/wp\/v2\/product"}],"about":[{"href":"https:\/\/tenerife-trips.com\/es\/wp-json\/wp\/v2\/types\/product"}],"wp:featuredmedia":[{"embeddable":true,"href":"https:\/\/tenerife-trips.com\/es\/wp-json\/wp\/v2\/media\/64957"}],"wp:attachment":[{"href":"https:\/\/tenerife-trips.com\/es\/wp-json\/wp\/v2\/media?parent=45670"}],"wp:term":[{"taxonomy":"product_brand","embeddable":true,"href":"https:\/\/tenerife-trips.com\/es\/wp-json\/wp\/v2\/product_brand?post=45670"},{"taxonomy":"product_cat","embeddable":true,"href":"https:\/\/tenerife-trips.com\/es\/wp-json\/wp\/v2\/product_cat?post=45670"},{"taxonomy":"product_tag","embeddable":true,"href":"https:\/\/tenerife-trips.com\/es\/wp-json\/wp\/v2\/product_tag?post=45670"}],"curies":[{"name":"wp","href":"https:\/\/api.w.org\/{rel}","templated":true}]}}