{"id":45680,"date":"2018-04-06T16:04:42","date_gmt":"2018-04-06T15:04:42","guid":{"rendered":"https:\/\/tenerife-trips.com\/product\/sin%20categor\u00eda\/stargazing-teide\/"},"modified":"2025-12-02T20:47:10","modified_gmt":"2025-12-02T20:47:10","slug":"stargazing-tenerife","status":"publish","type":"product","link":"https:\/\/tenerife-trips.com\/es\/product\/experiencias-al-aire-libre\/stargazing-tenerife\/","title":{"rendered":"STARGAZING TEIDE"},"content":{"rendered":"<div class=\"wpb-content-wrapper\"><p>[vc_row full_width=&#8221;stretch_row_content_no_spaces&#8221;][vc_column][vc_column_text css=&#8221;.vc_custom_1743591376625{background-color: #F6EB14 !important;background-position: center !important;background-repeat: no-repeat !important;background-size: cover !important;}&#8221; css_animation=&#8221;fadeIn&#8221;]<\/p>\n<h1 class=\"title-h2\" style=\"text-align: center;\"><span style=\"font-size: 18pt; color: #312c7a;\">STARGAZING TEIDE<\/span><\/h1>\n<p>[\/vc_column_text][\/vc_column][\/vc_row][vc_row][vc_column][vc_column_text]\u00bfSab\u00eda que Tenerife es uno de los mejores lugares del mundo para observar las estrellas? Entonces, si desea aprovecharlo, la experiencia &#8220;stargazing Tenerife&#8221; es lo que est\u00e1 buscando.<\/p>\n<p style=\"text-align: center;\"><span style=\"font-size: 14pt;\"><strong>\u21d3 Ver m\u00e1s descripci\u00f3n a continuaci\u00f3n \u21d3<\/strong><\/span><\/p>\n<p>[\/vc_column_text][vc_empty_space][\/vc_column][\/vc_row][vc_row full_width=&#8221;stretch_row_content&#8221; full_height=&#8221;yes&#8221; css=&#8221;.vc_custom_1576192123211{background-color: #312c7a !important;background-position: center !important;background-repeat: no-repeat !important;background-size: cover !important;}&#8221;][vc_column]<div class=\"gem-vimeo gem-wrapbox gem-wrapbox-style-no-style rounded-corners gem-wrapbox-position-below\" style=\"width: 100%;\"><div class=\"gem-wrapbox-inner gem-ratio-style\" style=\"padding-top: 56.25%\"><iframe webkitallowfullscreen=\"true\" mozallowfullscreen=\"true\" allowfullscreen=\"true\" class=\"gem-wrapbox-element img-responsive\" frameborder=\"0\" scrolling=\"no\" marginheight=\"0\" marginwidth=\"0\" src=\"\/\/player.vimeo.com\/video\/327029458?title=0&amp;byline=0&amp;portrait=0 \"><\/iframe><\/div><\/div>[vc_empty_space]<div class=\"preloader\"><div class=\"preloader-spin\"><\/div><\/div> <div id=\"gem-gallery-69f71360275bd\" class=\"gem-gallery gem-gallery-hover-zooming-blur\"> <div class=\"gem-gallery-item\"> <div class=\"gem-gallery-item-image\"> <a href=\"https:\/\/tenerife-trips.com\/wp-content\/uploads\/2019\/12\/2-leg-1-thegem-gallery-sidebar.jpg\" data-fancybox-group=\"gallery-69f71360275bd\" data-full-image-url=\"https:\/\/tenerife-trips.com\/wp-content\/uploads\/2019\/12\/2-leg-1.jpg\"> <svg width=\"20\" height=\"10\"><path d=\"M 0,10 Q 9,9 10,0 Q 11,9 20,10\" \/><\/svg> <img src=\"https:\/\/tenerife-trips.com\/wp-content\/uploads\/2019\/12\/2-leg-1-thegem-post-thumb-small.jpg\" alt=\"stargazing teide\" class=\"img-responsive\"> <span class=\"gem-gallery-caption slide-info\"> <\/span> <\/a> <span class=\"gem-gallery-line\"><\/span> <\/div> <\/div> <div class=\"gem-gallery-item\"> <div class=\"gem-gallery-item-image\"> <a href=\"https:\/\/tenerife-trips.com\/wp-content\/uploads\/2019\/12\/2-14-thegem-gallery-sidebar.jpg\" data-fancybox-group=\"gallery-69f71360275bd\" data-full-image-url=\"https:\/\/tenerife-trips.com\/wp-content\/uploads\/2019\/12\/2-14.jpg\"> <svg width=\"20\" height=\"10\"><path d=\"M 0,10 Q 9,9 10,0 Q 11,9 20,10\" \/><\/svg> <img src=\"https:\/\/tenerife-trips.com\/wp-content\/uploads\/2019\/12\/2-14-thegem-post-thumb-small.jpg\" alt=\"\" class=\"img-responsive\"> <span class=\"gem-gallery-caption slide-info\"> <\/span> <\/a> <span class=\"gem-gallery-line\"><\/span> <\/div> <\/div> <div class=\"gem-gallery-item\"> <div class=\"gem-gallery-item-image\"> <a href=\"https:\/\/tenerife-trips.com\/wp-content\/uploads\/2019\/12\/leg-4-thegem-gallery-sidebar.jpg\" data-fancybox-group=\"gallery-69f71360275bd\" data-full-image-url=\"https:\/\/tenerife-trips.com\/wp-content\/uploads\/2019\/12\/leg-4.jpg\"> <svg width=\"20\" height=\"10\"><path d=\"M 0,10 Q 9,9 10,0 Q 11,9 20,10\" \/><\/svg> <img src=\"https:\/\/tenerife-trips.com\/wp-content\/uploads\/2019\/12\/leg-4-thegem-post-thumb-small.jpg\" alt=\"stargazing teide\" class=\"img-responsive\"> <span class=\"gem-gallery-caption slide-info\"> <\/span> <\/a> <span class=\"gem-gallery-line\"><\/span> <\/div> <\/div> <div class=\"gem-gallery-item\"> <div class=\"gem-gallery-item-image\"> <a href=\"https:\/\/tenerife-trips.com\/wp-content\/uploads\/2018\/04\/5-thegem-gallery-sidebar.jpg\" data-fancybox-group=\"gallery-69f71360275bd\" data-full-image-url=\"https:\/\/tenerife-trips.com\/wp-content\/uploads\/2018\/04\/5.jpg\"> <svg width=\"20\" height=\"10\"><path d=\"M 0,10 Q 9,9 10,0 Q 11,9 20,10\" \/><\/svg> <img src=\"https:\/\/tenerife-trips.com\/wp-content\/uploads\/2018\/04\/5-thegem-post-thumb-small.jpg\" alt=\"\" class=\"img-responsive\"> <span class=\"gem-gallery-caption slide-info\"> <\/span> <\/a> <span class=\"gem-gallery-line\"><\/span> <\/div> <\/div> <div class=\"gem-gallery-item\"> <div class=\"gem-gallery-item-image\"> <a href=\"https:\/\/tenerife-trips.com\/wp-content\/uploads\/2021\/05\/Sternenbeobachtung-Teneriffa-thegem-gallery-sidebar.jpg\" data-fancybox-group=\"gallery-69f71360275bd\" data-full-image-url=\"https:\/\/tenerife-trips.com\/wp-content\/uploads\/2021\/05\/Sternenbeobachtung-Teneriffa.jpg\"> <svg width=\"20\" height=\"10\"><path d=\"M 0,10 Q 9,9 10,0 Q 11,9 20,10\" \/><\/svg> <img src=\"https:\/\/tenerife-trips.com\/wp-content\/uploads\/2021\/05\/Sternenbeobachtung-Teneriffa-thegem-post-thumb-small.jpg\" alt=\"Sternenbeobachtung Teneriffa\" class=\"img-responsive\"> <span class=\"gem-gallery-caption slide-info\"> <\/span> <\/a> <span class=\"gem-gallery-line\"><\/span> <\/div> <\/div> <div class=\"gem-gallery-item\"> <div class=\"gem-gallery-item-image\"> <a href=\"https:\/\/tenerife-trips.com\/wp-content\/uploads\/2019\/12\/3-leg-1-thegem-gallery-sidebar.jpg\" data-fancybox-group=\"gallery-69f71360275bd\" data-full-image-url=\"https:\/\/tenerife-trips.com\/wp-content\/uploads\/2019\/12\/3-leg-1.jpg\"> <svg width=\"20\" height=\"10\"><path d=\"M 0,10 Q 9,9 10,0 Q 11,9 20,10\" \/><\/svg> <img src=\"https:\/\/tenerife-trips.com\/wp-content\/uploads\/2019\/12\/3-leg-1-thegem-post-thumb-small.jpg\" alt=\"tour astronomico sul Teide\" class=\"img-responsive\"> <span class=\"gem-gallery-caption slide-info\"> <\/span> <\/a> <span class=\"gem-gallery-line\"><\/span> <\/div> <\/div> <\/div>[\/vc_column][\/vc_row][vc_row full_width=&#8221;stretch_row_content&#8221; content_placement=&#8221;middle&#8221; css=&#8221;.vc_custom_1577666484601{background-color: #312c7a !important;background-position: center !important;background-repeat: no-repeat !important;background-size: cover !important;}&#8221;][vc_column][vc_column_text]<\/p>\n<h3 style=\"text-align: center;\"><span style=\"color: #ffffff;\"><span style=\"font-size: 24px;\"><b>DESCRIPCI\u00d3N<\/b><\/span><\/span><\/h3>\n<p>[\/vc_column_text][\/vc_column][\/vc_row][vc_row full_width=&#8221;stretch_row_content&#8221; content_placement=&#8221;middle&#8221;][vc_column][vc_tta_accordion style=&#8221;simple_solid&#8221; color=&#8221;blue&#8221; c_icon=&#8221;chevron&#8221; active_section=&#8221;-0&#8243; css_animation=&#8221;fadeIn&#8221; no_fill=&#8221;true&#8221; collapsible_all=&#8221;true&#8221; css=&#8221;.vc_custom_1577021524719{background-position: center !important;background-repeat: no-repeat !important;background-size: cover !important;}&#8221;][vc_tta_section title=&#8221;EXPLICACI\u00d3N DEL VIAJE&#8221; tab_id=&#8221;1577666426649-69cc4b63-8b4b&#8221;][vc_column_text css=&#8221;&#8221;]<\/p>\n<h3><span style=\"font-size: 12pt;\">\u00bfSAB\u00cdA QUE TENERIFE ES UNO DE LOS MEJORES LUGARES DEL MUNDO PARA VER LAS ESTRELLAS? AS\u00cd QUE SI QUIERE APROVECHARLO, LA EXPERIENCIA &#8220;STARGAZING TENERIFE&#8221; ES LO QUE EST\u00c1 BUSCANDO.<\/span><\/h3>\n<p><span style=\"font-size: 14pt;\">En primer lugar venimos a recogerla a su alojamiento si est\u00e1 en el sur o el oeste de Tenerife o en el Puerto de la Cruz (solo los mi\u00e9rcoles y viernes); la hora de recogida depende de la temporada. Tambi\u00e9n le ofrecemos la oportunidad de unirse a nosotros viniendo de forma independiente con su coche si lo prefiere. El tour stargazing Tenerife incluye una parada en un punto panor\u00e1mico de la monta\u00f1a para que pueda admirar una fant\u00e1stica puesta de sol; mientras disfrutamos de esta espectacular vista le ofrecemos una copa de cava y tomamos algunas fotos del grupo. Durante la excursi\u00f3n tambi\u00e9n cenamos en un restaurante local donde podr\u00e1 disfrutar de deliciosas comidas y bebidas.<\/span><\/p>\n<p><span style=\"font-size: 14pt;\">Cuando oscurece, viajamos al centro del <a href=\"\/?p=45828&amp;lang=es\" target=\"_blank\" rel=\"noopener\">Parque Nacional del Teide<\/a> para comenzar la experiencia de stargazing Tenerife; el cielo en esta zona es particularmente oscuro y despejado durante todo el a\u00f1o. Efectivamente es uno de los mejores lugares de astronom\u00eda del mundo; esto se debe a que Tenerife est\u00e1 lejos de la contaminaci\u00f3n lum\u00ednica causada por las grandes ciudades y las zonas urbanas.<\/span><\/p>\n<h3><span style=\"font-size: 12pt;\"><strong>En este punto configuramos nuestro telescopio profesional y nos preparamos para observar el cielo; nuestro gu\u00eda experimentado de stargazing Tenerife comenzar\u00e1 a explicar; proporcionar<\/strong><\/span><span style=\"font-size: 12pt;\"><strong>\u00e1 <\/strong><\/span><span style=\"font-size: 12pt;\"><strong>informaci\u00f3n interesante sobre estrellas, planetas, constelaciones, galaxias y fen\u00f3menos astron\u00f3micos; adem\u00e1s, utilizar\u00e1 un poderoso l\u00e1ser para se\u00f1alar los objetos celestiales de los que est\u00e1 hablando.<\/strong><\/span><\/h3>\n<p><span style=\"font-size: 14pt;\">Si durante la excursi\u00f3n stargazing Tenerife la luna es visible esa noche, eche un vistazo con el telescopio y est\u00e9 listo para el asombro; no se imagina lo bien que puede ver los cr\u00e1teres en nuestro planeta sat\u00e9lite; tambi\u00e9n le permitimos sacar fotograf\u00edas con su tel\u00e9fono m\u00f3vil o c\u00e1mara a trav\u00e9s de las lentes de nuestro dispositivo de observaci\u00f3n.<\/span><\/p>\n<p><span style=\"font-size: 14pt;\">Una de las cosas m\u00e1s interesantes que puede ver durante el stargazing Tenerife es <a href=\"https:\/\/es.wikipedia.org\/wiki\/V%C3%ADa_L%C3%A1ctea\">la V\u00eda L\u00e1ctea<\/a>; esta es la galaxia que contiene nuestro sistema solar y parece una banda de luz a simple vista; su visibilidad puede verse muy reducida por la contaminaci\u00f3n lum\u00ednica, por lo que Tenerife es un lugar perfecto para admirarla.<\/span><\/p>\n<p><span style=\"font-size: 14pt;\">Cuando termina la explicaci\u00f3n y todos han disfrutado al m\u00e1ximo de la experiencia, salimos del parque; por supuesto le dejamos en el mismo lugar donde le recogimos.<\/span><\/p>\n<p><span style=\"color: #ff0000;\"><strong><span style=\"font-size: 14pt;\">El precio del tour stargazing Tenerife depende de varios factores; estos incluyen la edad de los participantes, el idioma hablado (ofrecemos el tour en espa\u00f1ol, ingl\u00e9s, alem\u00e1n, holand\u00e9s y franc\u00e9s) y si el tour es con cena o no. P\u00f3ngase en contacto con nuestro servicio de atenci\u00f3n al cliente a trav\u00e9s del chat en vivo para obtener informaci\u00f3n detallada.<\/span><\/strong><\/span>[\/vc_column_text][vc_column_text]<\/p>\n<h3><span style=\"font-size: 12pt;\">\u00bfSAB\u00cdA QUE TENERIFE ES UNO DE LOS MEJORES LUGARES DEL MUNDO PARA VER LAS ESTRELLAS? AS\u00cd QUE SI QUIERE APROVECHARLO, LA EXPERIENCIA &#8220;STARGAZING TENERIFE&#8221; ES LO QUE EST\u00c1 BUSCANDO.<\/span><\/h3>\n<p><span style=\"font-size: 14pt;\">En primer lugar venimos a recogerla a su alojamiento si est\u00e1 en el sur o el oeste de Tenerife o en el Puerto de la Cruz (solo los mi\u00e9rcoles); la hora de recogida depende de la temporada. Tambi\u00e9n le ofrecemos la oportunidad de unirse a nosotros viniendo de forma independiente con su coche si lo prefiere. El tour stargazing Tenerife incluye una parada en un punto panor\u00e1mico de la monta\u00f1a para que pueda admirar una fant\u00e1stica puesta de sol; mientras disfrutamos de esta espectacular vista le ofrecemos una copa de cava y tomamos algunas fotos del grupo. Durante la excursi\u00f3n tambi\u00e9n cenamos en un restaurante local donde podr\u00e1 disfrutar de deliciosas comidas y bebidas.<\/span><\/p>\n<p><span style=\"font-size: 14pt;\">Cuando oscurece, viajamos al centro del <a href=\"\/?p=45828&amp;lang=es\" target=\"_blank\" rel=\"noopener\">Parque Nacional del Teide<\/a> para comenzar la experiencia de stargazing Tenerife; el cielo en esta zona es particularmente oscuro y despejado durante todo el a\u00f1o. Efectivamente es uno de los mejores lugares de astronom\u00eda del mundo; esto se debe a que Tenerife est\u00e1 lejos de la contaminaci\u00f3n lum\u00ednica causada por las grandes ciudades y las zonas urbanas.<\/span><\/p>\n<h3><span style=\"font-size: 12pt;\"><strong>En este punto configuramos nuestro telescopio profesional y nos preparamos para observar el cielo; nuestro gu\u00eda experimentado de stargazing Tenerife comenzar\u00e1 a explicar; proporcionar<\/strong><\/span><span style=\"font-size: 12pt;\"><strong>\u00e1 <\/strong><\/span><span style=\"font-size: 12pt;\"><strong>informaci\u00f3n interesante sobre estrellas, planetas, constelaciones, galaxias y fen\u00f3menos astron\u00f3micos; adem\u00e1s, utilizar\u00e1 un poderoso l\u00e1ser para se\u00f1alar los objetos celestiales de los que est\u00e1 hablando.<\/strong><\/span><\/h3>\n<p><span style=\"font-size: 14pt;\">Si durante la excursi\u00f3n stargazing Tenerife la luna es visible esa noche, eche un vistazo con el telescopio y est\u00e9 listo para el asombro; no se imagina lo bien que puede ver los cr\u00e1teres en nuestro planeta sat\u00e9lite; tambi\u00e9n le permitimos sacar fotograf\u00edas con su tel\u00e9fono m\u00f3vil o c\u00e1mara a trav\u00e9s de las lentes de nuestro dispositivo de observaci\u00f3n.<\/span><\/p>\n<p><span style=\"font-size: 14pt;\">Una de las cosas m\u00e1s interesantes que puede ver durante el stargazing Tenerife es <a href=\"https:\/\/es.wikipedia.org\/wiki\/V%C3%ADa_L%C3%A1ctea\">la V\u00eda L\u00e1ctea<\/a>; esta es la galaxia que contiene nuestro sistema solar y parece una banda de luz a simple vista; su visibilidad puede verse muy reducida por la contaminaci\u00f3n lum\u00ednica, por lo que Tenerife es un lugar perfecto para admirarla.<\/span><\/p>\n<p><span style=\"font-size: 14pt;\">Cuando termina la explicaci\u00f3n y todos han disfrutado al m\u00e1ximo de la experiencia, salimos del parque; por supuesto le dejamos en el mismo lugar donde le recogimos.<\/span><\/p>\n<p><span style=\"color: #ff0000;\"><strong><span style=\"font-size: 14pt;\">El precio del tour stargazing Tenerife depende de varios factores; estos incluyen la edad de los participantes, el idioma hablado (ofrecemos el tour en ingl\u00e9s, espa\u00f1ol, alem\u00e1n, holand\u00e9s, franc\u00e9s y polaco) y si el tour es con cena o no. P\u00f3ngase en contacto con nuestro servicio de atenci\u00f3n al cliente a trav\u00e9s del chat en vivo para obtener informaci\u00f3n detallada.<\/span><\/strong><\/span>[\/vc_column_text][\/vc_tta_section][vc_tta_section title=&#8221;HORARIO Y SERVICIO DE RECOGIDA&#8221; tab_id=&#8221;1577666426703-ab462d36-69e0&#8243;][vc_column_text]<span style=\"font-size: 14pt;\">El transporte est\u00e1 disponible desde el sur, oeste y Puerto de la Cruz (solo los mi\u00e9rcoles y viernes); le recomendamos que se ponga en contacto con nuestro servicio de atenci\u00f3n al cliente a trav\u00e9s del chat en vivo y, en cualquier caso, verifique la disponibilidad de su zona antes de reservar.<\/span><\/p>\n<p><span style=\"text-decoration: underline; color: #ff0000;\"><span style=\"font-size: 14pt;\">PROGRAMA:<\/span><\/span><\/p>\n<p><span style=\"font-size: 14pt;\">Consulte las fechas disponibles con nuestro servicio de atenci\u00f3n al cliente.<\/span><\/p>\n<p><span style=\"font-size: 14pt;\"><strong>\u00a1Mire el v\u00eddeo, hagase una idea de qu\u00e9 se trata y res\u00e9rvelo ahora mismo!<\/strong><\/span>[\/vc_column_text][\/vc_tta_section][\/vc_tta_accordion][\/vc_column][\/vc_row][vc_row full_width=&#8221;stretch_row_content&#8221; content_placement=&#8221;middle&#8221; css=&#8221;.vc_custom_1576709624172{background-color: #312c7a !important;background-position: center !important;background-repeat: no-repeat !important;background-size: cover !important;}&#8221;][vc_column][vc_column_text]<\/p>\n<h3 style=\"text-align: center;\"><span style=\"color: #ffffff; font-size: 18pt;\">COMPRAR YA<\/span><\/h3>\n<p>[\/vc_column_text][vc_empty_space height=&#8221;15&#8243;][\/vc_column][\/vc_row]<\/p>\n<\/div>","protected":false},"excerpt":{"rendered":"<p>[vc_row full_width=&#8221;stretch_row_content_no_spaces&#8221;][vc_column][vc_column_text css=&#8221;.vc_custom_1743591376625{background-color: #F6EB14 !important;background-position: center !important;background-repeat: no-repeat !important;background-size: cover !important;}&#8221; css_animation=&#8221;fadeIn&#8221;] STARGAZING TEIDE [\/vc_column_text][\/vc_column][\/vc_row][vc_row][vc_column][vc_column_text]\u00bfSab\u00eda que Tenerife es uno de&#8230;<\/p>\n","protected":false},"featured_media":42293,"template":"","meta":{"_acf_changed":false,"_seopress_robots_primary_cat":"2216","_seopress_titles_title":"Stargazing Tenerife, una excursi\u00f3n para ver las estrellas","_seopress_titles_desc":"Stargazing Tenerife, una excursi\u00f3n para mirar el cielo a trav\u00e9s de un telescopio y observar estrellas, planetas, galaxias y constelaciones","_seopress_robots_index":""},"product_brand":[],"product_cat":[2216],"product_tag":[2219,2220,2221],"class_list":{"0":"post-45680","1":"product","2":"type-product","3":"status-publish","4":"has-post-thumbnail","6":"product_cat-experiencias-al-aire-libre","7":"product_tag-stargazing-teide-es","8":"product_tag-stargazing-tenerife-es","9":"product_tag-teide-de-noche","11":"first","12":"instock","13":"virtual","14":"sold-individually","15":"purchasable","16":"product-type-booking"},"booking_location":"","booking_location_type":"","booking_duration":1,"booking_duration_unit":"day","booking_buffer":0,"booking_cost":0,"booking_resources":[],"acf":[],"_links":{"self":[{"href":"https:\/\/tenerife-trips.com\/es\/wp-json\/wp\/v2\/product\/45680","targetHints":{"allow":["GET"]}}],"collection":[{"href":"https:\/\/tenerife-trips.com\/es\/wp-json\/wp\/v2\/product"}],"about":[{"href":"https:\/\/tenerife-trips.com\/es\/wp-json\/wp\/v2\/types\/product"}],"wp:featuredmedia":[{"embeddable":true,"href":"https:\/\/tenerife-trips.com\/es\/wp-json\/wp\/v2\/media\/42293"}],"wp:attachment":[{"href":"https:\/\/tenerife-trips.com\/es\/wp-json\/wp\/v2\/media?parent=45680"}],"wp:term":[{"taxonomy":"product_brand","embeddable":true,"href":"https:\/\/tenerife-trips.com\/es\/wp-json\/wp\/v2\/product_brand?post=45680"},{"taxonomy":"product_cat","embeddable":true,"href":"https:\/\/tenerife-trips.com\/es\/wp-json\/wp\/v2\/product_cat?post=45680"},{"taxonomy":"product_tag","embeddable":true,"href":"https:\/\/tenerife-trips.com\/es\/wp-json\/wp\/v2\/product_tag?post=45680"}],"curies":[{"name":"wp","href":"https:\/\/api.w.org\/{rel}","templated":true}]}}