{"id":45702,"date":"2018-01-26T13:17:02","date_gmt":"2018-01-26T13:17:02","guid":{"rendered":"https:\/\/tenerife-trips.com\/product\/sin%20categor\u00eda\/barco-potente\/"},"modified":"2026-03-14T09:54:11","modified_gmt":"2026-03-14T09:54:11","slug":"avistamiento-cetaceos-tenerife","status":"publish","type":"product","link":"https:\/\/tenerife-trips.com\/es\/product\/viajes-en-barco\/avistamiento-cetaceos-tenerife\/","title":{"rendered":"POWER BOAT"},"content":{"rendered":"<div class=\"wpb-content-wrapper\"><p>[vc_row full_width=&#8221;stretch_row_content_no_spaces&#8221;][vc_column][vc_column_text css=&#8221;.vc_custom_1743591826639{background-color: #F6EB14 !important;background-position: center !important;background-repeat: no-repeat !important;background-size: cover !important;}&#8221; css_animation=&#8221;fadeIn&#8221;]<\/p>\n<h1 class=\"title-h2\" style=\"text-align: center;\"><span style=\"font-size: 18pt; color: #312c7a;\">POWER BOAT<\/span><\/h1>\n<p>[\/vc_column_text][\/vc_column][\/vc_row][vc_row][vc_column][vc_column_text]Avistamiento cet\u00e1ceos Tenerife, una experiencia que no se puede perder al <a href=\"https:\/\/tenerife-trips.com\/es\/mejores-lugares-de-tenerife\/\" target=\"_blank\" rel=\"noopener\">visitar la isla<\/a><strong>.<\/strong> En este viaje en un barco tipo <strong>Power Boat<\/strong> conocer\u00e1 la abundante vida marina de las Islas Canarias. El mar entre <a href=\"https:\/\/es.wikipedia.org\/wiki\/Tenerife\" target=\"_blank\" rel=\"noopener\">Tenerife<\/a> y <a href=\"https:\/\/es.wikipedia.org\/wiki\/La_Gomera\" target=\"_blank\" rel=\"noopener\">La Gomera<\/a> es una reserva natural el gobierno canario la protege y preserva con leyes estrictas.<\/p>\n<p style=\"text-align: center;\"><strong><span style=\"font-size: 14pt;\">\u21d3 Ver m\u00e1s descripci\u00f3n a continuaci\u00f3n \u21d3<\/span><\/strong><\/p>\n<p>[\/vc_column_text][\/vc_column][\/vc_row][vc_row full_width=&#8221;stretch_row_content&#8221; full_height=&#8221;yes&#8221; css=&#8221;.vc_custom_1576192123211{background-color: #312c7a !important;background-position: center !important;background-repeat: no-repeat !important;background-size: cover !important;}&#8221;][vc_column]<div class=\"gem-vimeo gem-wrapbox gem-wrapbox-style-no-style rounded-corners gem-wrapbox-position-below\" style=\"width: 100%;\"><div class=\"gem-wrapbox-inner gem-ratio-style\" style=\"padding-top: 56.25%\"><iframe webkitallowfullscreen=\"true\" mozallowfullscreen=\"true\" allowfullscreen=\"true\" class=\"gem-wrapbox-element img-responsive\" frameborder=\"0\" scrolling=\"no\" marginheight=\"0\" marginwidth=\"0\" src=\"\/\/player.vimeo.com\/video\/357066522?title=0&amp;byline=0&amp;portrait=0 \"><\/iframe><\/div><\/div>[vc_empty_space]<div class=\"preloader\"><div class=\"preloader-spin\"><\/div><\/div> <div id=\"gem-gallery-69debadf32f8e\" class=\"gem-gallery gem-gallery-hover-zooming-blur\"> <div class=\"gem-gallery-item\"> <div class=\"gem-gallery-item-image\"> <a href=\"https:\/\/tenerife-trips.com\/wp-content\/uploads\/2019\/12\/power-boat-1-1-thegem-gallery-sidebar.png\" data-fancybox-group=\"gallery-69debadf32f8e\" data-full-image-url=\"https:\/\/tenerife-trips.com\/wp-content\/uploads\/2019\/12\/power-boat-1-1.png\"> <svg width=\"20\" height=\"10\"><path d=\"M 0,10 Q 9,9 10,0 Q 11,9 20,10\" \/><\/svg> <img src=\"https:\/\/tenerife-trips.com\/wp-content\/uploads\/2019\/12\/power-boat-1-1-thegem-post-thumb-small.png\" alt=\"\" class=\"img-responsive\"> <span class=\"gem-gallery-caption slide-info\"> <\/span> <\/a> <span class=\"gem-gallery-line\"><\/span> <\/div> <\/div> <div class=\"gem-gallery-item\"> <div class=\"gem-gallery-item-image\"> <a href=\"https:\/\/tenerife-trips.com\/wp-content\/uploads\/2019\/12\/power-boat-2-thegem-gallery-sidebar.png\" data-fancybox-group=\"gallery-69debadf32f8e\" data-full-image-url=\"https:\/\/tenerife-trips.com\/wp-content\/uploads\/2019\/12\/power-boat-2.png\"> <svg width=\"20\" height=\"10\"><path d=\"M 0,10 Q 9,9 10,0 Q 11,9 20,10\" \/><\/svg> <img src=\"https:\/\/tenerife-trips.com\/wp-content\/uploads\/2019\/12\/power-boat-2-thegem-post-thumb-small.png\" alt=\"\" class=\"img-responsive\"> <span class=\"gem-gallery-caption slide-info\"> <\/span> <\/a> <span class=\"gem-gallery-line\"><\/span> <\/div> <\/div> <div class=\"gem-gallery-item\"> <div class=\"gem-gallery-item-image\"> <a href=\"https:\/\/tenerife-trips.com\/wp-content\/uploads\/2019\/12\/b-1-thegem-gallery-sidebar.jpg\" data-fancybox-group=\"gallery-69debadf32f8e\" data-full-image-url=\"https:\/\/tenerife-trips.com\/wp-content\/uploads\/2019\/12\/b-1.jpg\"> <svg width=\"20\" height=\"10\"><path d=\"M 0,10 Q 9,9 10,0 Q 11,9 20,10\" \/><\/svg> <img src=\"https:\/\/tenerife-trips.com\/wp-content\/uploads\/2019\/12\/b-1-thegem-post-thumb-small.jpg\" alt=\"whales in Tenerife\" class=\"img-responsive\"> <span class=\"gem-gallery-caption slide-info\"> <\/span> <\/a> <span class=\"gem-gallery-line\"><\/span> <\/div> <\/div> <div class=\"gem-gallery-item\"> <div class=\"gem-gallery-item-image\"> <a href=\"https:\/\/tenerife-trips.com\/wp-content\/uploads\/2019\/12\/d-1-thegem-gallery-sidebar.jpg\" data-fancybox-group=\"gallery-69debadf32f8e\" data-full-image-url=\"https:\/\/tenerife-trips.com\/wp-content\/uploads\/2019\/12\/d-1.jpg\"> <svg width=\"20\" height=\"10\"><path d=\"M 0,10 Q 9,9 10,0 Q 11,9 20,10\" \/><\/svg> <img src=\"https:\/\/tenerife-trips.com\/wp-content\/uploads\/2019\/12\/d-1-thegem-post-thumb-small.jpg\" alt=\"whales in Tenerife\" class=\"img-responsive\"> <span class=\"gem-gallery-caption slide-info\"> <\/span> <\/a> <span class=\"gem-gallery-line\"><\/span> <\/div> <\/div> <div class=\"gem-gallery-item\"> <div class=\"gem-gallery-item-image\"> <a href=\"https:\/\/tenerife-trips.com\/wp-content\/uploads\/2019\/12\/a-1-thegem-gallery-sidebar.jpg\" data-fancybox-group=\"gallery-69debadf32f8e\" data-full-image-url=\"https:\/\/tenerife-trips.com\/wp-content\/uploads\/2019\/12\/a-1.jpg\"> <svg width=\"20\" height=\"10\"><path d=\"M 0,10 Q 9,9 10,0 Q 11,9 20,10\" \/><\/svg> <img src=\"https:\/\/tenerife-trips.com\/wp-content\/uploads\/2019\/12\/a-1-thegem-post-thumb-small.jpg\" alt=\"whales in Tenerife\" class=\"img-responsive\"> <span class=\"gem-gallery-caption slide-info\"> <\/span> <\/a> <span class=\"gem-gallery-line\"><\/span> <\/div> <\/div> <div class=\"gem-gallery-item\"> <div class=\"gem-gallery-item-image\"> <a href=\"https:\/\/tenerife-trips.com\/wp-content\/uploads\/2019\/12\/c-1-thegem-gallery-sidebar.jpg\" data-fancybox-group=\"gallery-69debadf32f8e\" data-full-image-url=\"https:\/\/tenerife-trips.com\/wp-content\/uploads\/2019\/12\/c-1.jpg\"> <svg width=\"20\" height=\"10\"><path d=\"M 0,10 Q 9,9 10,0 Q 11,9 20,10\" \/><\/svg> <img src=\"https:\/\/tenerife-trips.com\/wp-content\/uploads\/2019\/12\/c-1-thegem-post-thumb-small.jpg\" alt=\"whales in Tenerife\" class=\"img-responsive\"> <span class=\"gem-gallery-caption slide-info\"> <\/span> <\/a> <span class=\"gem-gallery-line\"><\/span> <\/div> <\/div> <div class=\"gem-gallery-item\"> <div class=\"gem-gallery-item-image\"> <a href=\"https:\/\/tenerife-trips.com\/wp-content\/uploads\/2019\/12\/7-3-thegem-gallery-sidebar.jpg\" data-fancybox-group=\"gallery-69debadf32f8e\" data-full-image-url=\"https:\/\/tenerife-trips.com\/wp-content\/uploads\/2019\/12\/7-3.jpg\"> <svg width=\"20\" height=\"10\"><path d=\"M 0,10 Q 9,9 10,0 Q 11,9 20,10\" \/><\/svg> <img src=\"https:\/\/tenerife-trips.com\/wp-content\/uploads\/2019\/12\/7-3-thegem-post-thumb-small.jpg\" alt=\"Avistamiento cet\u00e1ceos Tenerife\" class=\"img-responsive\"> <span class=\"gem-gallery-caption slide-info\"> <\/span> <\/a> <span class=\"gem-gallery-line\"><\/span> <\/div> <\/div> <div class=\"gem-gallery-item\"> <div class=\"gem-gallery-item-image\"> <a href=\"https:\/\/tenerife-trips.com\/wp-content\/uploads\/2019\/12\/5-9-thegem-gallery-sidebar.jpg\" data-fancybox-group=\"gallery-69debadf32f8e\" data-full-image-url=\"https:\/\/tenerife-trips.com\/wp-content\/uploads\/2019\/12\/5-9.jpg\"> <svg width=\"20\" height=\"10\"><path d=\"M 0,10 Q 9,9 10,0 Q 11,9 20,10\" \/><\/svg> <img src=\"https:\/\/tenerife-trips.com\/wp-content\/uploads\/2019\/12\/5-9-thegem-post-thumb-small.jpg\" alt=\"Avistamiento cet\u00e1ceos Tenerife\" class=\"img-responsive\"> <span class=\"gem-gallery-caption slide-info\"> <\/span> <\/a> <span class=\"gem-gallery-line\"><\/span> <\/div> <\/div> <div class=\"gem-gallery-item\"> <div class=\"gem-gallery-item-image\"> <a href=\"https:\/\/tenerife-trips.com\/wp-content\/uploads\/2019\/12\/6-6-thegem-gallery-sidebar.jpg\" data-fancybox-group=\"gallery-69debadf32f8e\" data-full-image-url=\"https:\/\/tenerife-trips.com\/wp-content\/uploads\/2019\/12\/6-6.jpg\"> <svg width=\"20\" height=\"10\"><path d=\"M 0,10 Q 9,9 10,0 Q 11,9 20,10\" \/><\/svg> <img src=\"https:\/\/tenerife-trips.com\/wp-content\/uploads\/2019\/12\/6-6-thegem-post-thumb-small.jpg\" alt=\"Avistamiento cet\u00e1ceos Tenerife\" class=\"img-responsive\"> <span class=\"gem-gallery-caption slide-info\"> <\/span> <\/a> <span class=\"gem-gallery-line\"><\/span> <\/div> <\/div> <\/div>[vc_empty_space][\/vc_column][\/vc_row][vc_row full_width=&#8221;stretch_row&#8221; css=&#8221;.vc_custom_1577671816057{background-color: #312c7a !important;background-position: center !important;background-repeat: no-repeat !important;background-size: cover !important;}&#8221;][vc_column][vc_column_text]<\/p>\n<h3 style=\"text-align: center;\"><span style=\"color: #ffffff; font-size: 18pt;\">DESCRIPCI\u00d3N<\/span><\/h3>\n<p>[\/vc_column_text][\/vc_column][\/vc_row][vc_row][vc_column][vc_tta_accordion style=&#8221;simple_solid&#8221; color=&#8221;blue&#8221; c_icon=&#8221;chevron&#8221; active_section=&#8221;-0&#8243; collapsible_all=&#8221;true&#8221;][vc_tta_section title=&#8221;EXPLICACI\u00d3N DEL VIAJE&#8221; tab_id=&#8221;1577671796821-b8e965b1-09ce&#8221;][vc_column_text]<\/p>\n<h3><span style=\"font-size: 12pt;\">Avistamiento cet\u00e1ceos Tenerife, una experiencia que no se puede perder al <a href=\"https:\/\/tenerife-trips.com\/es\/mejores-lugares-de-tenerife\/\" target=\"_blank\" rel=\"noopener\">VISITAR LA ISLA<\/a><strong>.<\/strong> En este viaje en un barco tipo <strong>Power Boat<\/strong> conocer\u00e1 la abundante vida marina de las Islas Canarias. El mar entre <a href=\"https:\/\/es.wikipedia.org\/wiki\/Tenerife\" target=\"_blank\" rel=\"noopener\">TENERIFE<\/a> y <a href=\"https:\/\/es.wikipedia.org\/wiki\/La_Gomera\" target=\"_blank\" rel=\"noopener\">LA GOMERA<\/a> es una reserva natural. El gobierno canario la protege y preserva con leyes estrictas.<\/span><\/h3>\n<p>El viaje comienza en <a href=\"https:\/\/goo.gl\/maps\/PU4jCHJfbBEX7k6x5\" target=\"_blank\" rel=\"noopener\">Puerto Col\u00f3n<\/a>, el puerto principal de Playa de Las Am\u00e9ricas. En nuestro barco a motor hay espacio para un m\u00e1ximo de 12 personas. Una vez que todos est\u00e1n a bordo, dejamos el pantal\u00e1n y comenzamos nuestro viaje con avistamiento cet\u00e1ceos Tenerife.<\/p>\n<p>En estas aguas viven muchos delfines y <a href=\"https:\/\/es.wikipedia.org\/wiki\/Globicephala\" target=\"_blank\" rel=\"noopener\">ballenas<\/a> amigables, as\u00ed que el avistamiento cet\u00e1ceos Tenerife es posible durante todo el a\u00f1o. Por eso vamos a un par de kil\u00f3metros de la costa donde generalmente los encontramos. Aqui probablemente podr\u00e1 ver a estos animales felices y libres en su h\u00e1bitat.<\/p>\n<h3><span style=\"font-size: 12pt;\">LA PROBABILIDAD DEL AVISTAMIENTO CET\u00c1CEOS TENERIFE ES MUY ALTA!<\/span><\/h3>\n<p>Las ballenas nadan lentamente y salen del agua a menudo para respirar, los adultos pueden alcanzar unos 7 metros de longitud y a menudo se pueden ver grupos con beb\u00e9s. Los delfines son extremadamente sociables, les gusta jugar siguiendo barcos y saltando junto a ellos. Por encima de todo, la especie m\u00e1s comun en Tenerife es el delf\u00edn mular o nariz de botella.<\/p>\n<p>Entonces, despu\u00e9s de la incre\u00edble experiencia de avistamiento cet\u00e1ceos Tenerife, nos dirigimos a la costa. Luego nos detenemos cerca de la orilla durante aproximadamente una hora. Por lo general, la ubicaci\u00f3n es &#8220;<a href=\"https:\/\/goo.gl\/maps\/5ZjYKniwCUUB86rQ9\" target=\"_blank\" rel=\"noopener\">el Puertito de Arme\u00f1ime<\/a>&#8220;, una bah\u00eda natural en Costa Adeje. Durante este tiempo, le ofrecemos comida (tortilla de patatas, empanada de at\u00fan, salchicha, tomate, ensalada y fruta) y bebidas (refrescos, agua, cerveza y vino). Adem\u00e1s, si lo desea, puede nadar con nuestro equipo de snorkel. En conclusi\u00f3n, cuando estamos seguros de que todos han disfrutado plenamente del descanso dejamos la playa y regresamos al puerto.<\/p>\n<p><strong><span style=\"font-size: 14pt;\">En resumen el Power Boat es uno de los m\u00e1s comodos disponibles para el avistamiento cet\u00e1ceos Tenerife. Sin embargo, el precio es asequible y garant\u00eda de calidad.<\/span><\/strong><\/p>\n<p><strong><span style=\"font-size: 14pt;\">\u00a1AS\u00cd QUE NO DUDE, RESERVE SUS TICKETS AHORA MISMO!<\/span><\/strong>[\/vc_column_text][\/vc_tta_section][vc_tta_section title=&#8221;HORARIO&#8221; tab_id=&#8221;1577671796869-72a06e6b-61cc&#8221;][vc_column_text]El servicio de recogida para esta excursi\u00f3n de avistamiento cet\u00e1ceos Tenerife no est\u00e1 disponible por el momento, tiene que venir a <a href=\"https:\/\/goo.gl\/maps\/KWSHTdHCp6P7988P9\" target=\"_blank\" rel=\"noopener\">Puerto Col\u00f3n<\/a>.<\/p>\n<p><span style=\"text-decoration: underline;\"><strong><span style=\"color: #ff0000; text-decoration: underline;\">HORARIO:<\/span><\/strong><\/span><\/p>\n<p>Todos los d\u00edas. El horario de la excursi\u00f3n cambia ligeramente seg\u00fan la temporada. Hay 3 excursiones por d\u00eda, aproximadamente a las 10:00, 13:00 y 16:00.<\/p>\n<p><strong><span style=\"font-size: 14pt;\"><span style=\"color: #312c7a;\">\u00a1MIRE EL V\u00cdDEO, HAGASE UNA IDEA DE QUE SE TRATA Y RESERVE AHORA MISMO!<\/span><\/span><\/strong>[\/vc_column_text][\/vc_tta_section][\/vc_tta_accordion]<style type=\"text\/css\">.thegem-button-69debadf341a42140 .gem-button svg {fill: #ffffff;}.thegem-button-69debadf341a42140 .gem-button:hover svg {fill: #312c7a;}<\/style><div class=\"gem-button-container gem-button-position-center thegem-button-69debadf341a42140    \"  ><a class=\"gem-button gem-button-size-small gem-button-style-flat gem-button-text-weight-normal\" data-ll-effect=\"drop-right-without-wrap\" style=\"border-radius: 3px;background-color: #312c7a;color: #ffffff;\" onmouseleave=\"this.style.backgroundColor='#312c7a';this.style.color='#ffffff';\" onmouseenter=\"this.style.backgroundColor='#f6eb14';this.style.color='#312c7a';\" href=\"#precios-power\" target=\"_self\">PRECIOS<\/a><\/div> [\/vc_column][\/vc_row][vc_row full_width=&#8221;stretch_row_content&#8221; css=&#8221;.vc_custom_1577476702260{background-color: #312c7a !important;background-position: center !important;background-repeat: no-repeat !important;background-size: cover !important;}&#8221;][vc_column][vc_column_text]<\/p>\n<h3 style=\"text-align: center;\"><strong><span style=\"font-size: 18pt; color: #ffffff;\">COMPRAR YA<\/span><\/strong><\/h3>\n<p>[\/vc_column_text][vc_empty_space height=&#8221;10px&#8221; el_id=&#8221;precios-power&#8221;][\/vc_column][\/vc_row]<\/p>\n<\/div>","protected":false},"excerpt":{"rendered":"<p>[vc_row full_width=&#8221;stretch_row_content_no_spaces&#8221;][vc_column][vc_column_text css=&#8221;.vc_custom_1743591826639{background-color: #F6EB14 !important;background-position: center !important;background-repeat: no-repeat !important;background-size: cover !important;}&#8221; css_animation=&#8221;fadeIn&#8221;] POWER BOAT [\/vc_column_text][\/vc_column][\/vc_row][vc_row][vc_column][vc_column_text]Avistamiento cet\u00e1ceos Tenerife, una experiencia que&#8230;<\/p>\n","protected":false},"featured_media":43749,"template":"","meta":{"_acf_changed":false,"_seopress_robots_primary_cat":"none","_seopress_titles_title":"Avistamiento cet\u00e1ceos Tenerife, ofertas para exursiones en barco","_seopress_titles_desc":"Excursiones en barco con avistamiento cet\u00e1ceos Tenerife, todas las mejores ofertas para que tu vacacion en Tenerife sea inolvidable","_seopress_robots_index":""},"product_brand":[],"product_cat":[2223],"product_tag":[2552],"class_list":{"0":"post-45702","1":"product","2":"type-product","3":"status-publish","4":"has-post-thumbnail","6":"product_cat-viajes-en-barco","7":"product_tag-avistamiento-cetaceos-tenerife","9":"first","10":"instock","11":"virtual","12":"sold-individually","13":"taxable","14":"purchasable","15":"product-type-booking"},"booking_location":"","booking_location_type":"","booking_duration":1,"booking_duration_unit":"day","booking_buffer":0,"booking_cost":0,"booking_resources":[],"acf":[],"_links":{"self":[{"href":"https:\/\/tenerife-trips.com\/es\/wp-json\/wp\/v2\/product\/45702","targetHints":{"allow":["GET"]}}],"collection":[{"href":"https:\/\/tenerife-trips.com\/es\/wp-json\/wp\/v2\/product"}],"about":[{"href":"https:\/\/tenerife-trips.com\/es\/wp-json\/wp\/v2\/types\/product"}],"wp:featuredmedia":[{"embeddable":true,"href":"https:\/\/tenerife-trips.com\/es\/wp-json\/wp\/v2\/media\/43749"}],"wp:attachment":[{"href":"https:\/\/tenerife-trips.com\/es\/wp-json\/wp\/v2\/media?parent=45702"}],"wp:term":[{"taxonomy":"product_brand","embeddable":true,"href":"https:\/\/tenerife-trips.com\/es\/wp-json\/wp\/v2\/product_brand?post=45702"},{"taxonomy":"product_cat","embeddable":true,"href":"https:\/\/tenerife-trips.com\/es\/wp-json\/wp\/v2\/product_cat?post=45702"},{"taxonomy":"product_tag","embeddable":true,"href":"https:\/\/tenerife-trips.com\/es\/wp-json\/wp\/v2\/product_tag?post=45702"}],"curies":[{"name":"wp","href":"https:\/\/api.w.org\/{rel}","templated":true}]}}