{"id":45704,"date":"2018-01-26T15:10:45","date_gmt":"2018-01-26T15:10:45","guid":{"rendered":"https:\/\/tenerife-trips.com\/product\/sin%20categor\u00eda\/charter-privado-3-hrs\/"},"modified":"2026-03-14T09:59:25","modified_gmt":"2026-03-14T09:59:25","slug":"ver-delfines-en-tenerife","status":"publish","type":"product","link":"https:\/\/tenerife-trips.com\/es\/product\/viajes-en-barco\/ver-delfines-en-tenerife\/","title":{"rendered":"CHARTER PRIVADO"},"content":{"rendered":"<div class=\"wpb-content-wrapper\"><p>[vc_row full_width=&#8221;stretch_row_content_no_spaces&#8221;][vc_column][vc_column_text css=&#8221;.vc_custom_1743591761604{background-color: #F6EB14 !important;background-position: center !important;background-repeat: no-repeat !important;background-size: cover !important;}&#8221; css_animation=&#8221;fadeIn&#8221;]<\/p>\n<h1 class=\"title-h2\" style=\"text-align: center;\"><span style=\"font-size: 18pt; color: #312c7a;\">CHARTER PRIVADO<\/span><\/h1>\n<p>[\/vc_column_text][\/vc_column][\/vc_row][vc_row][vc_column][vc_column_text]<\/p>\n<p style=\"text-align: center;\"><span style=\"font-size: 14pt;\">Ver delfines en Tenerife, una experiencia que no se puede perder al <a href=\"https:\/\/tenerife-trips.com\/es\/mejores-lugares-de-tenerife\/\" target=\"_blank\" rel=\"noopener\">visitar la isla<\/a>. En este viaje en barco conocer\u00e1 la abundante vida marina de las Islas Canarias. El mar entre Tenerife y La Gomera es una reserva natural. El gobierno canario la protege y preserva con leyes estrictas.<\/span><\/p>\n<p style=\"text-align: center;\"><span style=\"font-size: 14pt;\"><strong>\u21d3 Ver m\u00e1s descripci\u00f3n a continuaci\u00f3n \u21d3<\/strong><\/span><\/p>\n<p>[\/vc_column_text][\/vc_column][\/vc_row][vc_row full_width=&#8221;stretch_row_content&#8221; full_height=&#8221;yes&#8221; css=&#8221;.vc_custom_1576192123211{background-color: #312c7a !important;background-position: center !important;background-repeat: no-repeat !important;background-size: cover !important;}&#8221;][vc_column]<div class=\"gem-vimeo gem-wrapbox gem-wrapbox-style-no-style rounded-corners gem-wrapbox-position-below\" style=\"width: 100%;\"><div class=\"gem-wrapbox-inner gem-ratio-style\" style=\"padding-top: 56.25%\"><iframe webkitallowfullscreen=\"true\" mozallowfullscreen=\"true\" allowfullscreen=\"true\" class=\"gem-wrapbox-element img-responsive\" frameborder=\"0\" scrolling=\"no\" marginheight=\"0\" marginwidth=\"0\" src=\"\/\/player.vimeo.com\/video\/379473040?title=0&amp;byline=0&amp;portrait=0 \"><\/iframe><\/div><\/div>[vc_empty_space]<div class=\"preloader\"><div class=\"preloader-spin\"><\/div><\/div> <div id=\"gem-gallery-69d76d571f238\" class=\"gem-gallery gem-gallery-hover-zooming-blur\"> <div class=\"gem-gallery-item\"> <div class=\"gem-gallery-item-image\"> <a href=\"https:\/\/tenerife-trips.com\/wp-content\/uploads\/2020\/08\/barco-de-vela-pequeno-thegem-gallery-sidebar.png\" data-fancybox-group=\"gallery-69d76d571f238\" data-full-image-url=\"https:\/\/tenerife-trips.com\/wp-content\/uploads\/2020\/08\/barco-de-vela-pequeno.png\"> <svg width=\"20\" height=\"10\"><path d=\"M 0,10 Q 9,9 10,0 Q 11,9 20,10\" \/><\/svg> <img src=\"https:\/\/tenerife-trips.com\/wp-content\/uploads\/2020\/08\/barco-de-vela-pequeno-thegem-post-thumb-small.png\" alt=\"\" class=\"img-responsive\"> <span class=\"gem-gallery-caption slide-info\"> <\/span> <\/a> <span class=\"gem-gallery-line\"><\/span> <\/div> <\/div> <div class=\"gem-gallery-item\"> <div class=\"gem-gallery-item-image\"> <a href=\"https:\/\/tenerife-trips.com\/wp-content\/uploads\/2020\/08\/barco-de-vela-1-scaled-thegem-gallery-sidebar.png\" data-fancybox-group=\"gallery-69d76d571f238\" data-full-image-url=\"https:\/\/tenerife-trips.com\/wp-content\/uploads\/2020\/08\/barco-de-vela-1-scaled.png\"> <svg width=\"20\" height=\"10\"><path d=\"M 0,10 Q 9,9 10,0 Q 11,9 20,10\" \/><\/svg> <img src=\"https:\/\/tenerife-trips.com\/wp-content\/uploads\/2020\/08\/barco-de-vela-1-scaled-thegem-post-thumb-small.png\" alt=\"\" class=\"img-responsive\"> <span class=\"gem-gallery-caption slide-info\"> <\/span> <\/a> <span class=\"gem-gallery-line\"><\/span> <\/div> <\/div> <div class=\"gem-gallery-item\"> <div class=\"gem-gallery-item-image\"> <a href=\"https:\/\/tenerife-trips.com\/wp-content\/uploads\/2019\/12\/RIB-thegem-gallery-sidebar.png\" data-fancybox-group=\"gallery-69d76d571f238\" data-full-image-url=\"https:\/\/tenerife-trips.com\/wp-content\/uploads\/2019\/12\/RIB.png\"> <svg width=\"20\" height=\"10\"><path d=\"M 0,10 Q 9,9 10,0 Q 11,9 20,10\" \/><\/svg> <img src=\"https:\/\/tenerife-trips.com\/wp-content\/uploads\/2019\/12\/RIB-thegem-post-thumb-small.png\" alt=\"\" class=\"img-responsive\"> <span class=\"gem-gallery-caption slide-info\"> <\/span> <\/a> <span class=\"gem-gallery-line\"><\/span> <\/div> <\/div> <div class=\"gem-gallery-item\"> <div class=\"gem-gallery-item-image\"> <a href=\"https:\/\/tenerife-trips.com\/wp-content\/uploads\/2019\/12\/Power-Boat-1-thegem-gallery-sidebar.png\" data-fancybox-group=\"gallery-69d76d571f238\" data-full-image-url=\"https:\/\/tenerife-trips.com\/wp-content\/uploads\/2019\/12\/Power-Boat-1.png\"> <svg width=\"20\" height=\"10\"><path d=\"M 0,10 Q 9,9 10,0 Q 11,9 20,10\" \/><\/svg> <img src=\"https:\/\/tenerife-trips.com\/wp-content\/uploads\/2019\/12\/Power-Boat-1-thegem-post-thumb-small.png\" alt=\"\" class=\"img-responsive\"> <span class=\"gem-gallery-caption slide-info\"> <\/span> <\/a> <span class=\"gem-gallery-line\"><\/span> <\/div> <\/div> <div class=\"gem-gallery-item\"> <div class=\"gem-gallery-item-image\"> <a href=\"https:\/\/tenerife-trips.com\/wp-content\/uploads\/2020\/08\/barco-de-lujo-thegem-gallery-sidebar.jpg\" data-fancybox-group=\"gallery-69d76d571f238\" data-full-image-url=\"https:\/\/tenerife-trips.com\/wp-content\/uploads\/2020\/08\/barco-de-lujo.jpg\"> <svg width=\"20\" height=\"10\"><path d=\"M 0,10 Q 9,9 10,0 Q 11,9 20,10\" \/><\/svg> <img src=\"https:\/\/tenerife-trips.com\/wp-content\/uploads\/2020\/08\/barco-de-lujo-thegem-post-thumb-small.jpg\" alt=\"\" class=\"img-responsive\"> <span class=\"gem-gallery-caption slide-info\"> <\/span> <\/a> <span class=\"gem-gallery-line\"><\/span> <\/div> <\/div> <div class=\"gem-gallery-item\"> <div class=\"gem-gallery-item-image\"> <a href=\"https:\/\/tenerife-trips.com\/wp-content\/uploads\/2020\/08\/catamaran-thegem-gallery-sidebar.jpg\" data-fancybox-group=\"gallery-69d76d571f238\" data-full-image-url=\"https:\/\/tenerife-trips.com\/wp-content\/uploads\/2020\/08\/catamaran.jpg\"> <svg width=\"20\" height=\"10\"><path d=\"M 0,10 Q 9,9 10,0 Q 11,9 20,10\" \/><\/svg> <img src=\"https:\/\/tenerife-trips.com\/wp-content\/uploads\/2020\/08\/catamaran-thegem-post-thumb-small.jpg\" alt=\"catamaran Tenerife\" class=\"img-responsive\"> <span class=\"gem-gallery-caption slide-info\"> <\/span> <\/a> <span class=\"gem-gallery-line\"><\/span> <\/div> <\/div> <\/div>[vc_empty_space][\/vc_column][\/vc_row][vc_row full_width=&#8221;stretch_row&#8221; css=&#8221;.vc_custom_1577671947115{background-color: #312c7a !important;background-position: center !important;background-repeat: no-repeat !important;background-size: cover !important;}&#8221;][vc_column][vc_column_text]<\/p>\n<h3 style=\"text-align: center;\"><span style=\"font-size: 18pt; color: #ffffff;\">DESCRIPCI\u00d3N<\/span><\/h3>\n<p>[\/vc_column_text][\/vc_column][\/vc_row][vc_row full_width=&#8221;stretch_row_content&#8221;][vc_column][vc_tta_accordion style=&#8221;simple_solid&#8221; shape=&#8221;square&#8221; color=&#8221;blue&#8221; c_icon=&#8221;chevron&#8221; active_section=&#8221;-0&#8243; css_animation=&#8221;fadeIn&#8221; no_fill=&#8221;true&#8221; collapsible_all=&#8221;true&#8221;][vc_tta_section title=&#8221;EXPLICACI\u00d3N DEL VIAJE&#8221; tab_id=&#8221;1576979714538-e8f5c501-9043&#8243;][vc_column_text css=&#8221;&#8221;]<\/p>\n<h3><span style=\"font-size: 12pt;\">Si est\u00e1 buscando algo m\u00e1s exclusivo, \u00a1podr\u00eda considerar alquilar un charter privado solo para usted y sus amigos! Esta excursi\u00f3n para ver delfines en Tenerife dura 3 o m\u00e1s horas (dependiendo de sus necesidades) desde que sale de Puerto Col\u00f3n y es exactamente como se describe en la p\u00e1gina espec\u00edfica de cada barco.<\/span><\/h3>\n<p style=\"text-align: center;\"><span style=\"font-size: 14pt; color: #ff6600;\"><strong>A continuaci\u00f3n se encuentran los barcos que puede elegir como charter privado para ver delfines en Tenerife:<\/strong><\/span><\/p>\n<p>&nbsp;<\/p>\n<p style=\"text-align: center;\"><span style=\"font-size: 14pt; color: #ff0000;\"><span style=\"text-decoration: underline;\"><strong>Barco de vela peque\u00f1o:<\/strong><\/span>\u00a0 \u00a0m\u00e1ximo 6 personas<\/span><\/p>\n<p><strong><img alt=\"\" class=\"aligncenter wp-image-434592\" src=\"https:\/\/tenerife-trips.com\/wp-content\/uploads\/2018\/01\/sailing-boat-10m-1024x576.png\" alt=\"\" width=\"960\" height=\"540\" \/><\/strong><\/p>\n<hr \/>\n<p>&nbsp;<\/p>\n<p style=\"text-align: center;\"><span style=\"font-size: 14pt; color: #ff0000;\"><span style=\"text-decoration: underline;\"><strong>Barco de vela:<\/strong><\/span>\u00a0 \u00a0m\u00e1ximo 11 personas<\/span><\/p>\n<p><strong><img class=\"aligncenter wp-image-139987\" src=\"https:\/\/tenerife-trips.com\/wp-content\/uploads\/2019\/12\/whale-watching-Tenerife-2-1-1024x575.jpg\" alt=\"whale watching Tenerife\" width=\"960\" height=\"539\" srcset=\"https:\/\/tenerife-trips.com\/wp-content\/uploads\/2019\/12\/whale-watching-Tenerife-2-1-1024x575.jpg 1024w, https:\/\/tenerife-trips.com\/wp-content\/uploads\/2019\/12\/whale-watching-Tenerife-2-1-scaled-600x337.jpg 600w, https:\/\/tenerife-trips.com\/wp-content\/uploads\/2019\/12\/whale-watching-Tenerife-2-1-scaled-300x169.jpg 300w, https:\/\/tenerife-trips.com\/wp-content\/uploads\/2019\/12\/whale-watching-Tenerife-2-1-768x432.jpg 768w, https:\/\/tenerife-trips.com\/wp-content\/uploads\/2019\/12\/whale-watching-Tenerife-2-1-1536x863.jpg 1536w, https:\/\/tenerife-trips.com\/wp-content\/uploads\/2019\/12\/whale-watching-Tenerife-2-1-2048x1151.jpg 2048w\" sizes=\"(max-width: 960px) 100vw, 960px\" \/><\/strong><\/p>\n<hr \/>\n<p>&nbsp;<\/p>\n<p style=\"text-align: center;\"><span style=\"color: #ff0000; font-size: 14pt;\"><span style=\"text-decoration: underline;\"><strong>RIB:<\/strong><\/span>\u00a0 \u00a0m\u00e1ximo 8 personas, con este barco tambi\u00e9n es posible ir a Los Gigantes en un viaje que dura 5 horas. Este barco no tiene permiso para avistamiento de cet\u00e1ceos.\u00a0<\/span><\/p>\n<p><strong><img alt=\"\" class=\"aligncenter wp-image-69915 size-full\" src=\"https:\/\/tenerife-trips.com\/wp-content\/uploads\/2018\/01\/A.png\" alt=\"\" width=\"960\" height=\"539\" \/><\/strong><\/p>\n<hr \/>\n<p>&nbsp;<\/p>\n<p style=\"text-align: center;\"><span style=\"font-size: 14pt;\"><span style=\"color: #ff0000;\"><span style=\"text-decoration: underline;\"><strong>Power Boat:<\/strong><\/span>\u00a0 \u00a0m\u00e1ximo 12 personas<\/span>, ver p\u00e1gina <a href=\"https:\/\/tenerife-trips.com\/product\/viajes-en-barco\/avistamiento-cetaceos-tenerife\/?lang=es\" target=\"_blank\" rel=\"noopener\">aqu\u00ed<\/a><\/span><\/p>\n<p><img class=\"aligncenter wp-image-43749\" src=\"https:\/\/tenerife-trips.com\/wp-content\/uploads\/2019\/12\/2-1.jpg\" alt=\"Avistamiento cet\u00e1ceos Tenerife\" width=\"960\" height=\"539\" srcset=\"https:\/\/tenerife-trips.com\/wp-content\/uploads\/2019\/12\/2-1.jpg 1024w, https:\/\/tenerife-trips.com\/wp-content\/uploads\/2019\/12\/2-1-600x337.jpg 600w, https:\/\/tenerife-trips.com\/wp-content\/uploads\/2019\/12\/2-1-300x168.jpg 300w, https:\/\/tenerife-trips.com\/wp-content\/uploads\/2019\/12\/2-1-768x431.jpg 768w\" sizes=\"(max-width: 960px) 100vw, 960px\" \/><\/p>\n<hr \/>\n<p>&nbsp;<\/p>\n<p style=\"text-align: center;\"><span style=\"font-size: 14pt;\"><span style=\"color: #ff0000;\"><span style=\"text-decoration: underline;\"><strong>Barco de lujo:<\/strong><\/span>\u00a0 \u00a0m\u00e1ximo 12 personas<\/span>, ver p\u00e1gina <a href=\"https:\/\/tenerife-trips.com\/product\/viajes-en-barco\/excursiones-en-barco-tenerife\/?lang=es#1577672522108-b1730a73-38ed\" target=\"_blank\" rel=\"noopener\">aqu\u00ed<\/a><\/span><\/p>\n<p><strong><img alt=\"\" class=\"aligncenter wp-image-77032\" src=\"https:\/\/tenerife-trips.com\/wp-content\/uploads\/2018\/01\/private-charter-3-1024x576.jpg\" alt=\"\" width=\"960\" height=\"540\" \/><\/strong><\/p>\n<hr \/>\n<p>&nbsp;<\/p>\n<p style=\"text-align: center;\"><span style=\"color: #ff0000; font-size: 14pt;\"><span style=\"text-decoration: underline;\"><strong>Catamar\u00e1n:<\/strong><\/span>\u00a0 \u00a0m\u00e1ximo 50 personas<\/span><\/p>\n<p><img alt=\"\" class=\"aligncenter wp-image-350450\" src=\"https:\/\/tenerife-trips.com\/wp-content\/uploads\/2018\/01\/9-1-1024x577.jpg\" alt=\"\" width=\"960\" height=\"541\" \/><\/p>\n<p>&nbsp;<\/p>\n<hr \/>\n<p><span style=\"font-size: 14pt;\">Salimos de <a href=\"https:\/\/goo.gl\/maps\/7NcV9Fbjqm61yrH58\" target=\"_blank\" rel=\"noopener\">Puerto Colon<\/a>, el puerto principal en Playa de Las Am\u00e9ricas donde anclamos nuestros barcos. Una vez que todos est\u00e1n a bordo dejamos el pantal\u00e1n y empezamos nuestro viaje para ver delfines en Tenerife.<\/span><\/p>\n<h3><span style=\"font-size: 12pt;\">En estas aguas viven cet\u00e1ceos amigables y es muy f\u00e1cil verlos durante todo el a\u00f1o; vamos a un par de kil\u00f3metros de la costa, aqu\u00ed generalmente nos encontramos con <a href=\"https:\/\/es.wikipedia.org\/wiki\/Globicephala\" target=\"_blank\" rel=\"noopener\">BALLENAS PILOTO<\/a> y delfines. Probablemente tendr\u00e1 la suerte de ver a estos animales felices y libres en su h\u00e1bitat.<\/span><\/h3>\n<p><strong><span style=\"font-size: 14pt;\">\u00bfREALMENTE VA A VER DELFINES Y BALLENAS?<\/span><\/strong><\/p>\n<p><span style=\"font-size: 14pt;\">S\u00ed, las posibilidades de tener este encuentro son muy altas. Las ballenas piloto nadan lentamente y salen del agua a menudo para respirar. Los adultos pueden alcanzar unos 7 metros de longitud y muchas veces se pueden ver grupos con beb\u00e9s. Los delfines son extremadamente sociables, les gusta jugar siguiendo barcos y saltando a su lado. La especie m\u00e1s com\u00fan que encontramos en Tenerife es el delf\u00edn mular o nariz de botella.<\/span><\/p>\n<p><span style=\"font-size: 14pt;\">Despu\u00e9s de la incre\u00edble experiencia de ver delfines en Tenerife, nos dirigimos a la costa y nos detenemos cerca de la orilla durante aproximadamente una hora. Por lo general, la ubicaci\u00f3n es Playa Diego Hern\u00e1ndez, una playa de arena natural en Costa Adeje. Ahora se puede relajar y nadar con nuestro equipo de snorkel si lo desea. Cuando estamos seguros de que todos han disfrutado del descanso, nos vamos y regresamos al puerto. Durante el viaje le proporcionamos comida y bebidas (refrescos, agua, cerveza y vino).<\/span>[\/vc_column_text][\/vc_tta_section][vc_tta_section title=&#8221;HORARIO Y SERVICIO DE RECOGIDA&#8221; tab_id=&#8221;1576979714565-7b0ce58d-0acc&#8221;][vc_column_text css=&#8221;&#8221;]<span style=\"font-size: 14pt;\"><span style=\"color: #ff0000;\">El servicio de transporte solo est\u00e1 disponible para el barco de vela<\/span> en la zona entre Los Gigantes y Golf del Sur. <span style=\"color: #ff0000;\">Este servicio tiene un coste adicional<\/span>, consulte con nuestro servicio de atenci\u00f3n al cliente. Para el resto de embarcaciones, deber\u00e1 dirigirse a <a href=\"https:\/\/maps.app.goo.gl\/5y9GJZR7j2fYeLmKA\" target=\"_blank\" rel=\"noopener\">Puerto Col\u00f3n<\/a>.<\/span><\/p>\n<p><span style=\"text-decoration: underline; font-size: 14pt;\"><strong><span style=\"color: #ff0000; text-decoration: underline;\">HORARIO:<\/span><\/strong><\/span><\/p>\n<p><span style=\"font-size: 14pt;\"><strong>Barco de vela peque\u00f1o:<\/strong> m\u00e1ximo 6 personas, salida todos los d\u00edas a las 9:30, 13:00 y 16:30 (solo en verano).<\/span><\/p>\n<p><span style=\"font-size: 14pt;\"><strong>Barco de vela:<\/strong> m\u00e1ximo 11 personas, salida todos los d\u00edas a las 10:00, 13:00 y 16:00 (solo en verano).<\/span><\/p>\n<p><span style=\"font-size: 14pt;\"><strong>RIB:<\/strong> m\u00e1ximo 8 personas, salida todos los d\u00edas a las 10:30 y 14:00.<\/span><\/p>\n<p><span style=\"font-size: 14pt;\"><strong>Power Boat:<\/strong> m\u00e1ximo 12 personas, salida todos los d\u00edas a las 10:30, 14:00 y 17:30.<\/span><\/p>\n<p><span style=\"font-size: 14pt;\"><strong>Barco de lujo:<\/strong> m\u00e1ximo 12 personas, salida todos los d\u00edas a las 10:00 y 13:30.<\/span><\/p>\n<p><span style=\"font-size: 14pt;\"><strong>Catamar\u00e1n:<\/strong> m\u00e1ximo 50 personas, a cualquier hora elegida por el cliente.<\/span>[\/vc_column_text][\/vc_tta_section][\/vc_tta_accordion]<style type=\"text\/css\">.thegem-button-69d76d572226b4833 .gem-button svg {fill: #ffffff;}.thegem-button-69d76d572226b4833 .gem-button:hover svg {fill: #312c7a;}<\/style><div class=\"gem-button-container gem-button-position-center thegem-button-69d76d572226b4833    \"  ><a class=\"gem-button gem-button-size-small gem-button-style-flat gem-button-text-weight-normal\" data-ll-effect=\"drop-right-without-wrap\" style=\"border-radius: 3px;background-color: #312c7a;color: #ffffff;\" onmouseleave=\"this.style.backgroundColor='#312c7a';this.style.color='#ffffff';\" onmouseenter=\"this.style.backgroundColor='#f6eb14';this.style.color='#312c7a';\" href=\"#precios-charter\" target=\"_self\">PRECIOS<\/a><\/div> [\/vc_column][\/vc_row][vc_row full_width=&#8221;stretch_row_content&#8221; css=&#8221;.vc_custom_1577477346891{background-color: #312c7a !important;background-position: center !important;background-repeat: no-repeat !important;background-size: cover !important;}&#8221;][vc_column][vc_column_text]<\/p>\n<h3 style=\"text-align: center;\"><strong><span style=\"font-size: 18pt; color: #ffffff;\">COMPRAR YA<\/span><\/strong><\/h3>\n<p>[\/vc_column_text][vc_empty_space height=&#8221;10px&#8221; el_id=&#8221;precios-charter&#8221;][\/vc_column][\/vc_row]<\/p>\n<\/div>","protected":false},"excerpt":{"rendered":"<p>[vc_row full_width=&#8221;stretch_row_content_no_spaces&#8221;][vc_column][vc_column_text css=&#8221;.vc_custom_1743591761604{background-color: #F6EB14 !important;background-position: center !important;background-repeat: no-repeat !important;background-size: cover !important;}&#8221; css_animation=&#8221;fadeIn&#8221;] CHARTER PRIVADO [\/vc_column_text][\/vc_column][\/vc_row][vc_row][vc_column][vc_column_text] Ver delfines en Tenerife, una&#8230;<\/p>\n","protected":false},"featured_media":55135,"template":"","meta":{"_acf_changed":false,"_seopress_robots_primary_cat":"none","_seopress_titles_title":"Ver delfines en Tenerife, excursion privada en barco","_seopress_titles_desc":"Alquile un barco charter privado para ver delfines en Tenerife en su h\u00e1bitat natural, \u00a1una experiencia fant\u00e1stica que nunca olvidar\u00e1","_seopress_robots_index":""},"product_brand":[],"product_cat":[2223],"product_tag":[],"class_list":{"0":"post-45704","1":"product","2":"type-product","3":"status-publish","4":"has-post-thumbnail","6":"product_cat-viajes-en-barco","8":"first","9":"instock","10":"virtual","11":"sold-individually","12":"taxable","13":"purchasable","14":"product-type-booking"},"booking_location":"","booking_location_type":"","booking_duration":1,"booking_duration_unit":"day","booking_buffer":0,"booking_cost":0,"booking_resources":[],"acf":[],"_links":{"self":[{"href":"https:\/\/tenerife-trips.com\/es\/wp-json\/wp\/v2\/product\/45704","targetHints":{"allow":["GET"]}}],"collection":[{"href":"https:\/\/tenerife-trips.com\/es\/wp-json\/wp\/v2\/product"}],"about":[{"href":"https:\/\/tenerife-trips.com\/es\/wp-json\/wp\/v2\/types\/product"}],"wp:featuredmedia":[{"embeddable":true,"href":"https:\/\/tenerife-trips.com\/es\/wp-json\/wp\/v2\/media\/55135"}],"wp:attachment":[{"href":"https:\/\/tenerife-trips.com\/es\/wp-json\/wp\/v2\/media?parent=45704"}],"wp:term":[{"taxonomy":"product_brand","embeddable":true,"href":"https:\/\/tenerife-trips.com\/es\/wp-json\/wp\/v2\/product_brand?post=45704"},{"taxonomy":"product_cat","embeddable":true,"href":"https:\/\/tenerife-trips.com\/es\/wp-json\/wp\/v2\/product_cat?post=45704"},{"taxonomy":"product_tag","embeddable":true,"href":"https:\/\/tenerife-trips.com\/es\/wp-json\/wp\/v2\/product_tag?post=45704"}],"curies":[{"name":"wp","href":"https:\/\/api.w.org\/{rel}","templated":true}]}}