{"id":45710,"date":"2019-07-22T18:25:03","date_gmt":"2019-07-22T17:25:03","guid":{"rendered":"https:\/\/tenerife-trips.com\/product\/sin%20categor\u00eda\/barco-de-lujo\/"},"modified":"2026-03-28T20:25:20","modified_gmt":"2026-03-28T20:25:20","slug":"excursiones-en-barco-tenerife","status":"publish","type":"product","link":"https:\/\/tenerife-trips.com\/es\/product\/viajes-en-barco\/excursiones-en-barco-tenerife\/","title":{"rendered":"BARCO DE LUJO"},"content":{"rendered":"<div class=\"wpb-content-wrapper\"><p>[vc_row full_width=&#8221;stretch_row_content_no_spaces&#8221;][vc_column][vc_column_text css=&#8221;.vc_custom_1743589897050{background-color: #F6EB14 !important;background-position: center !important;background-repeat: no-repeat !important;background-size: cover !important;}&#8221; css_animation=&#8221;fadeIn&#8221;]<\/p>\n<h1 class=\"title-h2\" style=\"text-align: center;\"><span style=\"font-size: 18pt; color: #312c7a;\">BARCO DE LUJO<\/span><\/h1>\n<p>[\/vc_column_text][\/vc_column][\/vc_row][vc_row][vc_column][vc_column_text]Excursiones en barco Tenerife, definitivamente una <a href=\"https:\/\/tenerife-trips.com\/es\/que-hacer-en-tenerife\/\">experiencia que no puede perderse<\/a> cuando visite la isla; en este viaje conocer\u00e1 la abundante vida marina de las Islas Canarias. El mar entre Tenerife y La Gomera es una reserva natural; El gobierno canario la protege y preserva con leyes estrictas.<\/p>\n<p style=\"text-align: center;\"><span style=\"font-size: 14pt;\"><strong>\u21d3 Ver m\u00e1s descripci\u00f3n a continuaci\u00f3n \u21d3<\/strong><\/span><\/p>\n<p>[\/vc_column_text][\/vc_column][\/vc_row][vc_row full_width=&#8221;stretch_row_content&#8221; full_height=&#8221;yes&#8221; css=&#8221;.vc_custom_1576192123211{background-color: #312c7a !important;background-position: center !important;background-repeat: no-repeat !important;background-size: cover !important;}&#8221;][vc_column]<div class=\"gem-vimeo gem-wrapbox gem-wrapbox-style-no-style rounded-corners gem-wrapbox-position-below\" style=\"width: 100%;\"><div class=\"gem-wrapbox-inner gem-ratio-style\" style=\"padding-top: 56.25%\"><iframe webkitallowfullscreen=\"true\" mozallowfullscreen=\"true\" allowfullscreen=\"true\" class=\"gem-wrapbox-element img-responsive\" frameborder=\"0\" scrolling=\"no\" marginheight=\"0\" marginwidth=\"0\" src=\"\/\/player.vimeo.com\/video\/379473040?title=0&amp;byline=0&amp;portrait=0 \"><\/iframe><\/div><\/div>[vc_empty_space]<div class=\"preloader\"><div class=\"preloader-spin\"><\/div><\/div> <div id=\"gem-gallery-69de9fbcedffc\" class=\"gem-gallery gem-gallery-hover-zooming-blur\"> <div class=\"gem-gallery-item\"> <div class=\"gem-gallery-item-image\"> <a href=\"https:\/\/tenerife-trips.com\/wp-content\/uploads\/2019\/07\/2-1-thegem-gallery-sidebar.jpg\" data-fancybox-group=\"gallery-69de9fbcedffc\" data-full-image-url=\"https:\/\/tenerife-trips.com\/wp-content\/uploads\/2019\/07\/2-1.jpg\"> <svg width=\"20\" height=\"10\"><path d=\"M 0,10 Q 9,9 10,0 Q 11,9 20,10\" \/><\/svg> <img src=\"https:\/\/tenerife-trips.com\/wp-content\/uploads\/2019\/07\/2-1-thegem-post-thumb-small.jpg\" alt=\"\" class=\"img-responsive\"> <span class=\"gem-gallery-caption slide-info\"> <\/span> <\/a> <span class=\"gem-gallery-line\"><\/span> <\/div> <\/div> <div class=\"gem-gallery-item\"> <div class=\"gem-gallery-item-image\"> <a href=\"https:\/\/tenerife-trips.com\/wp-content\/uploads\/2021\/02\/Bootstour-Teneriffa-thegem-gallery-sidebar.jpg\" data-fancybox-group=\"gallery-69de9fbcedffc\" data-full-image-url=\"https:\/\/tenerife-trips.com\/wp-content\/uploads\/2021\/02\/Bootstour-Teneriffa.jpg\"> <svg width=\"20\" height=\"10\"><path d=\"M 0,10 Q 9,9 10,0 Q 11,9 20,10\" \/><\/svg> <img src=\"https:\/\/tenerife-trips.com\/wp-content\/uploads\/2021\/02\/Bootstour-Teneriffa-thegem-post-thumb-small.jpg\" alt=\"Bootstour Teneriffa\" class=\"img-responsive\"> <span class=\"gem-gallery-caption slide-info\"> <\/span> <\/a> <span class=\"gem-gallery-line\"><\/span> <\/div> <\/div> <div class=\"gem-gallery-item\"> <div class=\"gem-gallery-item-image\"> <a href=\"https:\/\/tenerife-trips.com\/wp-content\/uploads\/2019\/07\/4-1-thegem-gallery-sidebar.jpg\" data-fancybox-group=\"gallery-69de9fbcedffc\" data-full-image-url=\"https:\/\/tenerife-trips.com\/wp-content\/uploads\/2019\/07\/4-1.jpg\"> <svg width=\"20\" height=\"10\"><path d=\"M 0,10 Q 9,9 10,0 Q 11,9 20,10\" \/><\/svg> <img src=\"https:\/\/tenerife-trips.com\/wp-content\/uploads\/2019\/07\/4-1-thegem-post-thumb-small.jpg\" alt=\"luxury boat\" class=\"img-responsive\"> <span class=\"gem-gallery-caption slide-info\"> <\/span> <\/a> <span class=\"gem-gallery-line\"><\/span> <\/div> <\/div> <div class=\"gem-gallery-item\"> <div class=\"gem-gallery-item-image\"> <a href=\"https:\/\/tenerife-trips.com\/wp-content\/uploads\/2019\/07\/7-1-thegem-gallery-sidebar.jpg\" data-fancybox-group=\"gallery-69de9fbcedffc\" data-full-image-url=\"https:\/\/tenerife-trips.com\/wp-content\/uploads\/2019\/07\/7-1.jpg\"> <svg width=\"20\" height=\"10\"><path d=\"M 0,10 Q 9,9 10,0 Q 11,9 20,10\" \/><\/svg> <img src=\"https:\/\/tenerife-trips.com\/wp-content\/uploads\/2019\/07\/7-1-thegem-post-thumb-small.jpg\" alt=\"\" class=\"img-responsive\"> <span class=\"gem-gallery-caption slide-info\"> <\/span> <\/a> <span class=\"gem-gallery-line\"><\/span> <\/div> <\/div> <div class=\"gem-gallery-item\"> <div class=\"gem-gallery-item-image\"> <a href=\"https:\/\/tenerife-trips.com\/wp-content\/uploads\/2019\/07\/6-1-thegem-gallery-sidebar.jpg\" data-fancybox-group=\"gallery-69de9fbcedffc\" data-full-image-url=\"https:\/\/tenerife-trips.com\/wp-content\/uploads\/2019\/07\/6-1.jpg\"> <svg width=\"20\" height=\"10\"><path d=\"M 0,10 Q 9,9 10,0 Q 11,9 20,10\" \/><\/svg> <img src=\"https:\/\/tenerife-trips.com\/wp-content\/uploads\/2019\/07\/6-1-thegem-post-thumb-small.jpg\" alt=\"\" class=\"img-responsive\"> <span class=\"gem-gallery-caption slide-info\"> <\/span> <\/a> <span class=\"gem-gallery-line\"><\/span> <\/div> <\/div> <div class=\"gem-gallery-item\"> <div class=\"gem-gallery-item-image\"> <a href=\"https:\/\/tenerife-trips.com\/wp-content\/uploads\/2019\/07\/5-1-thegem-gallery-sidebar.jpg\" data-fancybox-group=\"gallery-69de9fbcedffc\" data-full-image-url=\"https:\/\/tenerife-trips.com\/wp-content\/uploads\/2019\/07\/5-1.jpg\"> <svg width=\"20\" height=\"10\"><path d=\"M 0,10 Q 9,9 10,0 Q 11,9 20,10\" \/><\/svg> <img src=\"https:\/\/tenerife-trips.com\/wp-content\/uploads\/2019\/07\/5-1-thegem-post-thumb-small.jpg\" alt=\"\" class=\"img-responsive\"> <span class=\"gem-gallery-caption slide-info\"> <\/span> <\/a> <span class=\"gem-gallery-line\"><\/span> <\/div> <\/div> <div class=\"gem-gallery-item\"> <div class=\"gem-gallery-item-image\"> <a href=\"https:\/\/tenerife-trips.com\/wp-content\/uploads\/2019\/07\/3-thegem-gallery-sidebar.jpg\" data-fancybox-group=\"gallery-69de9fbcedffc\" data-full-image-url=\"https:\/\/tenerife-trips.com\/wp-content\/uploads\/2019\/07\/3.jpg\"> <svg width=\"20\" height=\"10\"><path d=\"M 0,10 Q 9,9 10,0 Q 11,9 20,10\" \/><\/svg> <img src=\"https:\/\/tenerife-trips.com\/wp-content\/uploads\/2019\/07\/3-thegem-post-thumb-small.jpg\" alt=\"\" class=\"img-responsive\"> <span class=\"gem-gallery-caption slide-info\"> <\/span> <\/a> <span class=\"gem-gallery-line\"><\/span> <\/div> <\/div> <\/div>[vc_empty_space][\/vc_column][\/vc_row][vc_row full_width=&#8221;stretch_row&#8221; css=&#8221;.vc_custom_1577672559508{background-color: #312c7a !important;background-position: center !important;background-repeat: no-repeat !important;background-size: cover !important;}&#8221;][vc_column][vc_column_text]<\/p>\n<h3 style=\"text-align: center;\"><span style=\"font-size: 18pt; color: #ffffff;\">DESCRIPCI\u00d3N<\/span><\/h3>\n<p>[\/vc_column_text][\/vc_column][\/vc_row][vc_row][vc_column][vc_tta_accordion style=&#8221;simple_solid&#8221; color=&#8221;blue&#8221; c_icon=&#8221;chevron&#8221; active_section=&#8221;-0&#8243; collapsible_all=&#8221;true&#8221;][vc_tta_section title=&#8221;EXPLICACI\u00d3N DEL VIAJE&#8221; tab_id=&#8221;1577672522108-b1730a73-38ed&#8221;][vc_column_text css=&#8221;&#8221;]<\/p>\n<h3><span style=\"font-size: 12pt;\">Excursiones en barco Tenerife, nuestro viaje empieza desde Puerto Col\u00f3n, el puerto principal de Las Am\u00e9ricas, donde nuestro barco de lujo est\u00e1 anclado; una vez que todos est\u00e1n a bordo, dejamos el pantal\u00e1n\u00a0y comenzamos nuestra excursi\u00f3n.<\/span><\/h3>\n<p>En las aguas de Canarias viven cet\u00e1ceos amigables y es muy f\u00e1cil verlos durante todo el a\u00f1o; entonces primero vamos a un par de kil\u00f3metros de la costa; aqu\u00ed generalmente encontramos a las ballenas piloto y a los delfines; esto quiere decir que probablemente tendr\u00e1 la suerte de ver a estos animales felices y libres en su h\u00e1bitat.<\/p>\n<h3><span style=\"font-size: 12pt;\"><strong>La probabilidad de tener un encuentro con los cet\u00e1ceos durante las excursiones en barco Tenerife es muy alta; las ballenas piloto nadan lentamente y salen del agua a menudo para respirar; los adultos pueden alcanzar unos 7 metros de longitud y muchas veces se pueden ver grupos con beb\u00e9s. Los delfines son extremadamente sociables, les gusta jugar siguiendo a barcos y saltando junto a ellos; la especie m\u00e1s comun que encontramos en Tenerife es el delf\u00edn mular o nariz de botella.<\/strong><\/span><\/h3>\n<p>Entonces, despu\u00e9s de esta incre\u00edble experiencia, nos dirigimos a la costa; paramos el barco de lujo cerca de la orilla durante aproximadamente una hora; por lo general, la ubicaci\u00f3n es <a href=\"http:\/\/tenerifeplayas.com\/playas-ruta-santa-cruz-sur\/playa-diego-hernandez\/\">Playa Diego Hern\u00e1ndez<\/a>, una playa de arena natural en Costa Adeje. El precio incluye barra libre con bebidas gratuitas (agua, cerveza, vino, refrescos) y almuerzo tipo buf\u00e9 espa\u00f1ol (arroz con verduras, muslos de pollo asados, patatas arrugadas canarias, ensalada y pan); si lo desea, puede nadar con nuestro equipo de esn\u00f3rquel. Cuando estamos seguros de que todos han disfrutado del descanso, nos vamos y regresamos al puerto.<\/p>\n<p>La experiencia compartida con el barco de lujo dura en total 3 horas. Tambi\u00e9n es posible realizar una excursi\u00f3n privada de 3 horas con bebidas y comida incluidas o una excursi\u00f3n privada de 2 horas con bebidas incluidas. En la excursi\u00f3n de 3 horas buscamos ballenas y delfines y tambi\u00e9n paramos en una bah\u00eda natural en Costa Adeje para nadar y relajarnos. En la excursi\u00f3n de 2 horas puede elegir hacer una cosa u otra.<\/p>\n<p>Hay disponibilidad para un m\u00e1ximo de 12 personas a bordo.[\/vc_column_text][\/vc_tta_section][vc_tta_section title=&#8221;HORARIO Y SERVICIO DE RECOGIDA&#8221; tab_id=&#8221;1577672522153-83608414-06e5&#8243;][vc_column_text]El servicio de recogida no est\u00e1 disponible para este barco, tiene que ir a <a href=\"https:\/\/goo.gl\/maps\/MDrCHcpLWk3CKhfy7\" target=\"_blank\" rel=\"noopener\">Puerto Col\u00f3n<\/a>.<\/p>\n<p><span style=\"text-decoration: underline;\"><span style=\"color: #ff0000;\"><strong>HORARIO:<\/strong><\/span><\/span><\/p>\n<p>Todos los d\u00edas a las 10:00 y a las 13:30.[\/vc_column_text][\/vc_tta_section][\/vc_tta_accordion]<style type=\"text\/css\">.thegem-button-69de9fbcefa7d4281 .gem-button svg {fill: #ffffff;}.thegem-button-69de9fbcefa7d4281 .gem-button:hover svg {fill: #312c7a;}<\/style><div class=\"gem-button-container gem-button-position-center thegem-button-69de9fbcefa7d4281    \"  ><a class=\"gem-button gem-button-size-small gem-button-style-flat gem-button-text-weight-normal\" data-ll-effect=\"drop-right-without-wrap\" style=\"border-radius: 3px;background-color: #312c7a;color: #ffffff;\" onmouseleave=\"this.style.backgroundColor='#312c7a';this.style.color='#ffffff';\" onmouseenter=\"this.style.backgroundColor='#f6eb14';this.style.color='#312c7a';\" href=\"#precios-luxury\" target=\"_self\">PRECIOS<\/a><\/div> [\/vc_column][\/vc_row][vc_row full_width=&#8221;stretch_row_content&#8221; css=&#8221;.vc_custom_1577477658057{background-color: #312c7a !important;background-position: center !important;background-repeat: no-repeat !important;background-size: cover !important;}&#8221;][vc_column][vc_column_text]<\/p>\n<h3 style=\"text-align: center;\"><strong><span style=\"font-size: 18pt; color: #ffffff;\">COMPRAR YA<\/span><\/strong><\/h3>\n<p>[\/vc_column_text][vc_empty_space height=&#8221;10px&#8221; el_id=&#8221;precios-luxury&#8221;][\/vc_column][\/vc_row]<\/p>\n<\/div>","protected":false},"excerpt":{"rendered":"<p>[vc_row full_width=&#8221;stretch_row_content_no_spaces&#8221;][vc_column][vc_column_text css=&#8221;.vc_custom_1743589897050{background-color: #F6EB14 !important;background-position: center !important;background-repeat: no-repeat !important;background-size: cover !important;}&#8221; css_animation=&#8221;fadeIn&#8221;] BARCO DE LUJO [\/vc_column_text][\/vc_column][\/vc_row][vc_row][vc_column][vc_column_text]Excursiones en barco Tenerife, definitivamente&#8230;<\/p>\n","protected":false},"featured_media":43785,"template":"","meta":{"_acf_changed":false,"_seopress_robots_primary_cat":"2223","_seopress_titles_title":"Excursiones en barco Tenerife, un viaje inolvidable","_seopress_titles_desc":"Disfrute de su vacacion con excursiones en barco Tenerife, un un viaje inolvidable de observaci\u00f3n cet\u00e1ceos con nuestro barco de lujo","_seopress_robots_index":""},"product_brand":[],"product_cat":[2223],"product_tag":[],"class_list":{"0":"post-45710","1":"product","2":"type-product","3":"status-publish","4":"has-post-thumbnail","6":"product_cat-viajes-en-barco","8":"first","9":"instock","10":"virtual","11":"sold-individually","12":"taxable","13":"purchasable","14":"product-type-booking"},"booking_location":"","booking_location_type":"","booking_duration":3,"booking_duration_unit":"hour","booking_buffer":0,"booking_cost":0,"booking_resources":[],"acf":[],"_links":{"self":[{"href":"https:\/\/tenerife-trips.com\/es\/wp-json\/wp\/v2\/product\/45710","targetHints":{"allow":["GET"]}}],"collection":[{"href":"https:\/\/tenerife-trips.com\/es\/wp-json\/wp\/v2\/product"}],"about":[{"href":"https:\/\/tenerife-trips.com\/es\/wp-json\/wp\/v2\/types\/product"}],"wp:featuredmedia":[{"embeddable":true,"href":"https:\/\/tenerife-trips.com\/es\/wp-json\/wp\/v2\/media\/43785"}],"wp:attachment":[{"href":"https:\/\/tenerife-trips.com\/es\/wp-json\/wp\/v2\/media?parent=45710"}],"wp:term":[{"taxonomy":"product_brand","embeddable":true,"href":"https:\/\/tenerife-trips.com\/es\/wp-json\/wp\/v2\/product_brand?post=45710"},{"taxonomy":"product_cat","embeddable":true,"href":"https:\/\/tenerife-trips.com\/es\/wp-json\/wp\/v2\/product_cat?post=45710"},{"taxonomy":"product_tag","embeddable":true,"href":"https:\/\/tenerife-trips.com\/es\/wp-json\/wp\/v2\/product_tag?post=45710"}],"curies":[{"name":"wp","href":"https:\/\/api.w.org\/{rel}","templated":true}]}}