{"id":45714,"date":"2019-09-10T14:18:07","date_gmt":"2019-09-10T13:18:07","guid":{"rendered":"https:\/\/tenerife-trips.com\/product\/sin%20categor\u00eda\/safari-submarino\/"},"modified":"2025-12-02T20:43:33","modified_gmt":"2025-12-02T20:43:33","slug":"submarino-tenerife","status":"publish","type":"product","link":"https:\/\/tenerife-trips.com\/es\/product\/viajes-en-barco\/submarino-tenerife\/","title":{"rendered":"SAFARI SUBMARINO"},"content":{"rendered":"<div class=\"wpb-content-wrapper\"><p>[vc_row full_width=&#8221;stretch_row_content_no_spaces&#8221;][vc_column][vc_column_text css=&#8221;.vc_custom_1743589845657{background-color: #F6EB14 !important;background-position: center !important;background-repeat: no-repeat !important;background-size: cover !important;}&#8221; css_animation=&#8221;fadeIn&#8221;]<\/p>\n<h1 class=\"title-h2\" style=\"text-align: center;\"><span style=\"font-size: 18pt; color: #312c7a;\">SAFARI SUBMARINO<\/span><\/h1>\n<p>[\/vc_column_text][\/vc_column][\/vc_row][vc_row][vc_column][vc_column_text]Una de <a href=\"https:\/\/tenerife-trips.com\/es\/que-hacer-en-tenerife\/\" target=\"_blank\" rel=\"noopener\">las experiencias m\u00e1s singulares que puede tener al visitar la isla<\/a> es el viaje con el submarino Tenerife. Esta es una oportunidad de hacer algo realmente diferente durante su vacaci\u00f3n. \u00a1Ahora puede subir a bordo de uno de los solos 15 submarinos comerciales del mundo! Esta excursi\u00f3n le llevar\u00e1 a descubrir el para\u00edso submarino de las Islas Canarias.<\/p>\n<p style=\"text-align: center;\"><span style=\"font-size: 14pt;\"><strong>\u21d3 Ver m\u00e1s descripci\u00f3n a continuaci\u00f3n \u21d3<\/strong><\/span><\/p>\n<p>[\/vc_column_text][\/vc_column][\/vc_row][vc_row full_width=&#8221;stretch_row_content&#8221; full_height=&#8221;yes&#8221; css=&#8221;.vc_custom_1576192123211{background-color: #312c7a !important;background-position: center !important;background-repeat: no-repeat !important;background-size: cover !important;}&#8221;][vc_column]<div class=\"gem-vimeo gem-wrapbox gem-wrapbox-style-no-style rounded-corners gem-wrapbox-position-below\" style=\"width: 100%;\"><div class=\"gem-wrapbox-inner gem-ratio-style\" style=\"padding-top: 56.25%\"><iframe webkitallowfullscreen=\"true\" mozallowfullscreen=\"true\" allowfullscreen=\"true\" class=\"gem-wrapbox-element img-responsive\" frameborder=\"0\" scrolling=\"no\" marginheight=\"0\" marginwidth=\"0\" src=\"\/\/player.vimeo.com\/video\/359043172?title=0&amp;byline=0&amp;portrait=0 \"><\/iframe><\/div><\/div>[vc_empty_space]<div class=\"preloader\"><div class=\"preloader-spin\"><\/div><\/div> <div id=\"gem-gallery-69d10bf2ca0d0\" class=\"gem-gallery gem-gallery-hover-zooming-blur\"> <div class=\"gem-gallery-item\"> <div class=\"gem-gallery-item-image\"> <a href=\"https:\/\/tenerife-trips.com\/wp-content\/uploads\/2019\/09\/lodz-podwodna-Teneryfa-thegem-gallery-sidebar.jpg\" data-fancybox-group=\"gallery-69d10bf2ca0d0\" data-full-image-url=\"https:\/\/tenerife-trips.com\/wp-content\/uploads\/2019\/09\/lodz-podwodna-Teneryfa.jpg\"> <svg width=\"20\" height=\"10\"><path d=\"M 0,10 Q 9,9 10,0 Q 11,9 20,10\" \/><\/svg> <img src=\"https:\/\/tenerife-trips.com\/wp-content\/uploads\/2019\/09\/lodz-podwodna-Teneryfa-thegem-post-thumb-small.jpg\" alt=\"\u0142\u00f3d\u017a podwodna Teneryfa\" class=\"img-responsive\"> <span class=\"gem-gallery-caption slide-info\"> <\/span> <\/a> <span class=\"gem-gallery-line\"><\/span> <\/div> <\/div> <div class=\"gem-gallery-item\"> <div class=\"gem-gallery-item-image\"> <a href=\"https:\/\/tenerife-trips.com\/wp-content\/uploads\/2019\/12\/2-3-thegem-gallery-sidebar.jpg\" data-fancybox-group=\"gallery-69d10bf2ca0d0\" data-full-image-url=\"https:\/\/tenerife-trips.com\/wp-content\/uploads\/2019\/12\/2-3.jpg\"> <svg width=\"20\" height=\"10\"><path d=\"M 0,10 Q 9,9 10,0 Q 11,9 20,10\" \/><\/svg> <img src=\"https:\/\/tenerife-trips.com\/wp-content\/uploads\/2019\/12\/2-3-thegem-post-thumb-small.jpg\" alt=\"\" class=\"img-responsive\"> <span class=\"gem-gallery-caption slide-info\"> <\/span> <\/a> <span class=\"gem-gallery-line\"><\/span> <\/div> <\/div> <div class=\"gem-gallery-item\"> <div class=\"gem-gallery-item-image\"> <a href=\"https:\/\/tenerife-trips.com\/wp-content\/uploads\/2019\/12\/3-3-thegem-gallery-sidebar.jpg\" data-fancybox-group=\"gallery-69d10bf2ca0d0\" data-full-image-url=\"https:\/\/tenerife-trips.com\/wp-content\/uploads\/2019\/12\/3-3.jpg\"> <svg width=\"20\" height=\"10\"><path d=\"M 0,10 Q 9,9 10,0 Q 11,9 20,10\" \/><\/svg> <img src=\"https:\/\/tenerife-trips.com\/wp-content\/uploads\/2019\/12\/3-3-thegem-post-thumb-small.jpg\" alt=\"submarine Tenerife\" class=\"img-responsive\"> <span class=\"gem-gallery-caption slide-info\"> <\/span> <\/a> <span class=\"gem-gallery-line\"><\/span> <\/div> <\/div> <div class=\"gem-gallery-item\"> <div class=\"gem-gallery-item-image\"> <a href=\"https:\/\/tenerife-trips.com\/wp-content\/uploads\/2019\/12\/submarine-thegem-gallery-sidebar.png\" data-fancybox-group=\"gallery-69d10bf2ca0d0\" data-full-image-url=\"https:\/\/tenerife-trips.com\/wp-content\/uploads\/2019\/12\/submarine.png\"> <svg width=\"20\" height=\"10\"><path d=\"M 0,10 Q 9,9 10,0 Q 11,9 20,10\" \/><\/svg> <img src=\"https:\/\/tenerife-trips.com\/wp-content\/uploads\/2019\/12\/submarine-thegem-post-thumb-small.png\" alt=\"\" class=\"img-responsive\"> <span class=\"gem-gallery-caption slide-info\"> <\/span> <\/a> <span class=\"gem-gallery-line\"><\/span> <\/div> <\/div> <div class=\"gem-gallery-item\"> <div class=\"gem-gallery-item-image\"> <a href=\"https:\/\/tenerife-trips.com\/wp-content\/uploads\/2019\/12\/6-1-thegem-gallery-sidebar.jpg\" data-fancybox-group=\"gallery-69d10bf2ca0d0\" data-full-image-url=\"https:\/\/tenerife-trips.com\/wp-content\/uploads\/2019\/12\/6-1.jpg\"> <svg width=\"20\" height=\"10\"><path d=\"M 0,10 Q 9,9 10,0 Q 11,9 20,10\" \/><\/svg> <img src=\"https:\/\/tenerife-trips.com\/wp-content\/uploads\/2019\/12\/6-1-thegem-post-thumb-small.jpg\" alt=\"\" class=\"img-responsive\"> <span class=\"gem-gallery-caption slide-info\"> <\/span> <\/a> <span class=\"gem-gallery-line\"><\/span> <\/div> <\/div> <\/div>[vc_empty_space][\/vc_column][\/vc_row][vc_row full_width=&#8221;stretch_row&#8221; css=&#8221;.vc_custom_1577672286168{background-color: #312c7a !important;background-position: center !important;background-repeat: no-repeat !important;background-size: cover !important;}&#8221;][vc_column][vc_column_text]<\/p>\n<h3 style=\"text-align: center;\"><span style=\"color: #ffffff; font-size: 18pt;\">DESCRIPCI\u00d3N<\/span><\/h3>\n<p>[\/vc_column_text][\/vc_column][\/vc_row][vc_row][vc_column][vc_tta_accordion style=&#8221;simple_solid&#8221; active_section=&#8221;-0&#8243; collapsible_all=&#8221;true&#8221;][vc_tta_section title=&#8221;EXPLICACI\u00d3N DEL VIAJE&#8221; tab_id=&#8221;1577672252895-1751d300-7b46&#8243;][vc_column_text]<\/p>\n<h3><span style=\"font-size: 12pt;\">La excursi\u00f3n submarino Tenerife comienza desde el puerto &#8220;<a href=\"https:\/\/goo.gl\/maps\/fWFyNDAcU2djLQAA6\" target=\"_blank\" rel=\"noopener\">AMARILLA MARINA<\/a>&#8220;. esto se encuentra en Amarilla Golf en el sur de la isla. est\u00e1 a 15-20 minutos en coche de Playa de Las Am\u00e9ricas y Los Cristianos.<\/span><\/h3>\n<p>A bordo hay 44 asientos. Cada uno se coloca frente a uno de los 22 agujeros de puerto. Durante la experiencia con el submarino Tenerife, un gu\u00eda proporcionar\u00e1 informaci\u00f3n. Los idiomas principales son ingl\u00e9s, alem\u00e1n, espa\u00f1ol, italiano, franc\u00e9s, holand\u00e9s y polaco. En invierno tambi\u00e9n finland\u00e9s, dan\u00e9s y sueco. Aseg\u00farese de informarnos cu\u00e1l es su idioma de preferencia al hacer la reserva.<\/p>\n<p>El viaje del submarino Tenerife dura aproximadamente una hora. Alcanzamos una profundidad de unos 30 metros bajo el nivel del mar. Aqu\u00ed vemos abundante vida marina y descubrimos los naufragios de la zona. Adem\u00e1s, algunos buzos nadan alrededor del submarino. Como resultado, atraen m\u00e1s vida marina cerca de los agujeros de puerto. Le recomendamos que traiga su c\u00e1mara con usted para llevarse buenos recuerdos de su excursi\u00f3n submarina en Tenerife.<\/p>\n<p>Estar dentro de un submarino por primera vez es un poco como volar en un avi\u00f3n por primera vez. Podr\u00edamos considerarlo evidencia del instinto humano de dominar diferentes ambientes.<\/p>\n<p><span style=\"color: #ff0000;\"><strong><span style=\"font-size: 14pt;\">PARA LA EXCURSI\u00d3N CON EL SUBMARINO TENERIFE LOS NI\u00d1OS DEBEN TENER AL MENOS 2 A\u00d1OS DE EDAD.<\/span><\/strong><\/span>[\/vc_column_text][\/vc_tta_section][vc_tta_section title=&#8221;HORARIO Y SERVICIO DE RECOGIDA&#8221; tab_id=&#8221;1577672252933-43ba051c-7d54&#8243;][vc_column_text]El servicio de recogida se ofrece desde el sur y el oeste, desde Los Gigantes hasta Los Cristianos; tambi\u00e9n hay un servicio separado disponible desde Puerto de la Cruz. Le recomendamos que contacte con nosotros y consulte disponibilidad de transporte desde su zona antes de reservar.<\/p>\n<p><span style=\"text-decoration: underline;\"><span style=\"color: #ff0000; text-decoration: underline;\">PROGRAMA:<\/span><\/span><\/p>\n<p>Los lunes, martes, mi\u00e9rcoles, jueves y domingo. Consulte los horarios disponibles con nuestro servicio de atenci\u00f3n al cliente.<\/p>\n<p><strong>Mire el video, hagase una idea de que se trata e reserve ahora mismo!<\/strong>[\/vc_column_text][\/vc_tta_section][\/vc_tta_accordion][\/vc_column][\/vc_row][vc_row full_width=&#8221;stretch_row_content&#8221; css=&#8221;.vc_custom_1577477895777{background-color: #312c7a !important;background-position: center !important;background-repeat: no-repeat !important;background-size: cover !important;}&#8221;][vc_column][vc_column_text]<\/p>\n<h3 style=\"text-align: center;\"><strong><span style=\"font-size: 18pt; color: #ffffff;\">COMPRAR YA<\/span><\/strong><\/h3>\n<p>[\/vc_column_text][\/vc_column][\/vc_row]<\/p>\n<\/div>","protected":false},"excerpt":{"rendered":"<p>[vc_row full_width=&#8221;stretch_row_content_no_spaces&#8221;][vc_column][vc_column_text css=&#8221;.vc_custom_1743589845657{background-color: #F6EB14 !important;background-position: center !important;background-repeat: no-repeat !important;background-size: cover !important;}&#8221; css_animation=&#8221;fadeIn&#8221;] SAFARI SUBMARINO [\/vc_column_text][\/vc_column][\/vc_row][vc_row][vc_column][vc_column_text]Una de las experiencias m\u00e1s singulares&#8230;<\/p>\n","protected":false},"featured_media":43888,"template":"","meta":{"_acf_changed":false,"_seopress_robots_primary_cat":"2223","_seopress_titles_title":"Submarino Tenerife, una experiencia \u00fanica en Canarias","_seopress_titles_desc":"Una maravillosa inmersi\u00f3n a bordo de un submarino para disfrutar a tope de su vacaci\u00f3n en Tenerife. Reserve ahora mismo con Tenerife Trips","_seopress_robots_index":""},"product_brand":[],"product_cat":[2223],"product_tag":[2231],"class_list":{"0":"post-45714","1":"product","2":"type-product","3":"status-publish","4":"has-post-thumbnail","6":"product_cat-viajes-en-barco","7":"product_tag-submarino-tenerife","9":"first","10":"instock","11":"virtual","12":"sold-individually","13":"taxable","14":"purchasable","15":"product-type-booking"},"booking_location":"","booking_location_type":"","booking_duration":1,"booking_duration_unit":"day","booking_buffer":0,"booking_cost":0,"booking_resources":[],"acf":[],"_links":{"self":[{"href":"https:\/\/tenerife-trips.com\/es\/wp-json\/wp\/v2\/product\/45714","targetHints":{"allow":["GET"]}}],"collection":[{"href":"https:\/\/tenerife-trips.com\/es\/wp-json\/wp\/v2\/product"}],"about":[{"href":"https:\/\/tenerife-trips.com\/es\/wp-json\/wp\/v2\/types\/product"}],"wp:featuredmedia":[{"embeddable":true,"href":"https:\/\/tenerife-trips.com\/es\/wp-json\/wp\/v2\/media\/43888"}],"wp:attachment":[{"href":"https:\/\/tenerife-trips.com\/es\/wp-json\/wp\/v2\/media?parent=45714"}],"wp:term":[{"taxonomy":"product_brand","embeddable":true,"href":"https:\/\/tenerife-trips.com\/es\/wp-json\/wp\/v2\/product_brand?post=45714"},{"taxonomy":"product_cat","embeddable":true,"href":"https:\/\/tenerife-trips.com\/es\/wp-json\/wp\/v2\/product_cat?post=45714"},{"taxonomy":"product_tag","embeddable":true,"href":"https:\/\/tenerife-trips.com\/es\/wp-json\/wp\/v2\/product_tag?post=45714"}],"curies":[{"name":"wp","href":"https:\/\/api.w.org\/{rel}","templated":true}]}}