{"id":45716,"date":"2019-12-17T18:36:16","date_gmt":"2019-12-17T18:36:16","guid":{"rendered":"https:\/\/tenerife-trips.com\/product\/sin%20categor\u00eda\/catamaran\/"},"modified":"2026-03-27T16:13:48","modified_gmt":"2026-03-27T16:13:48","slug":"catamaran-en-tenerife","status":"publish","type":"product","link":"https:\/\/tenerife-trips.com\/es\/product\/viajes-en-barco\/catamaran-en-tenerife\/","title":{"rendered":"CATAMARAN"},"content":{"rendered":"<div class=\"wpb-content-wrapper\"><p>[vc_row full_width=&#8221;stretch_row_content_no_spaces&#8221;][vc_column][vc_column_text css=&#8221;.vc_custom_1743589447757{background-color: #F6EB14 !important;background-position: center !important;background-repeat: no-repeat !important;background-size: cover !important;}&#8221; css_animation=&#8221;fadeIn&#8221;]<\/p>\n<h1 class=\"title-h2\" style=\"text-align: center;\"><span style=\"font-size: 18pt; color: #312c7a;\">CATAMARAN<\/span><\/h1>\n<p>[\/vc_column_text][\/vc_column][\/vc_row][vc_row][vc_column][vc_column_text]<\/p>\n<p style=\"text-align: center;\">\u00a1Disfrute de sus vacaciones con el catamar\u00e1n Tenerife y conozca la incre\u00edble vida marina de las Islas Canarias! Cet\u00e1ceos amigables pueblan la reserva natural entre Tenerife y La Gomera, por lo que aparecen con mucha frecuencia cerca de la costa. Esto hace posible que los turistas realicen un viaje en barco y tengan una experiencia inolvidable.<\/p>\n<p style=\"text-align: center;\"><span style=\"font-size: 14pt;\"><strong>\u21d3 Ver m\u00e1s descripci\u00f3n a continuaci\u00f3n \u21d3<\/strong><\/span><\/p>\n<p>[\/vc_column_text][\/vc_column][\/vc_row][vc_row full_width=&#8221;stretch_row_content&#8221; full_height=&#8221;yes&#8221; css=&#8221;.vc_custom_1576192123211{background-color: #312c7a !important;background-position: center !important;background-repeat: no-repeat !important;background-size: cover !important;}&#8221;][vc_column]<div class=\"gem-vimeo gem-wrapbox gem-wrapbox-style-no-style rounded-corners gem-wrapbox-position-below\" style=\"width: 100%;\"><div class=\"gem-wrapbox-inner gem-ratio-style\" style=\"padding-top: 56.25%\"><iframe webkitallowfullscreen=\"true\" mozallowfullscreen=\"true\" allowfullscreen=\"true\" class=\"gem-wrapbox-element img-responsive\" frameborder=\"0\" scrolling=\"no\" marginheight=\"0\" marginwidth=\"0\" src=\"\/\/player.vimeo.com\/video\/326575374?title=0&amp;byline=0&amp;portrait=0 \"><\/iframe><\/div><\/div>[vc_empty_space]<div class=\"preloader\"><div class=\"preloader-spin\"><\/div><\/div> <div id=\"gem-gallery-69d27f990be2d\" class=\"gem-gallery gem-gallery-hover-zooming-blur\"> <div class=\"gem-gallery-item\"> <div class=\"gem-gallery-item-image\"> <a href=\"https:\/\/tenerife-trips.com\/wp-content\/uploads\/2019\/12\/catamaran-Tenerife-2-thegem-gallery-sidebar.jpg\" data-fancybox-group=\"gallery-69d27f990be2d\" data-full-image-url=\"https:\/\/tenerife-trips.com\/wp-content\/uploads\/2019\/12\/catamaran-Tenerife-2.jpg\"> <svg width=\"20\" height=\"10\"><path d=\"M 0,10 Q 9,9 10,0 Q 11,9 20,10\" \/><\/svg> <img src=\"https:\/\/tenerife-trips.com\/wp-content\/uploads\/2019\/12\/catamaran-Tenerife-2-thegem-post-thumb-small.jpg\" alt=\"catamaran Tenerife\" class=\"img-responsive\"> <span class=\"gem-gallery-caption slide-info\"> <\/span> <\/a> <span class=\"gem-gallery-line\"><\/span> <\/div> <\/div> <div class=\"gem-gallery-item\"> <div class=\"gem-gallery-item-image\"> <a href=\"https:\/\/tenerife-trips.com\/wp-content\/uploads\/2019\/12\/catamaran-Tenerife-8-thegem-gallery-sidebar.jpg\" data-fancybox-group=\"gallery-69d27f990be2d\" data-full-image-url=\"https:\/\/tenerife-trips.com\/wp-content\/uploads\/2019\/12\/catamaran-Tenerife-8.jpg\"> <svg width=\"20\" height=\"10\"><path d=\"M 0,10 Q 9,9 10,0 Q 11,9 20,10\" \/><\/svg> <img src=\"https:\/\/tenerife-trips.com\/wp-content\/uploads\/2019\/12\/catamaran-Tenerife-8-thegem-post-thumb-small.jpg\" alt=\"\" class=\"img-responsive\"> <span class=\"gem-gallery-caption slide-info\"> <\/span> <\/a> <span class=\"gem-gallery-line\"><\/span> <\/div> <\/div> <div class=\"gem-gallery-item\"> <div class=\"gem-gallery-item-image\"> <a href=\"https:\/\/tenerife-trips.com\/wp-content\/uploads\/2019\/12\/catamaran-Tenerife-1-2-thegem-gallery-sidebar.jpg\" data-fancybox-group=\"gallery-69d27f990be2d\" data-full-image-url=\"https:\/\/tenerife-trips.com\/wp-content\/uploads\/2019\/12\/catamaran-Tenerife-1-2.jpg\"> <svg width=\"20\" height=\"10\"><path d=\"M 0,10 Q 9,9 10,0 Q 11,9 20,10\" \/><\/svg> <img src=\"https:\/\/tenerife-trips.com\/wp-content\/uploads\/2019\/12\/catamaran-Tenerife-1-2-thegem-post-thumb-small.jpg\" alt=\"katamaran Teneriffa\" class=\"img-responsive\"> <span class=\"gem-gallery-caption slide-info\"> <\/span> <\/a> <span class=\"gem-gallery-line\"><\/span> <\/div> <\/div> <div class=\"gem-gallery-item\"> <div class=\"gem-gallery-item-image\"> <a href=\"https:\/\/tenerife-trips.com\/wp-content\/uploads\/2019\/12\/katamaran-Teneryfa-3-thegem-gallery-sidebar.jpg\" data-fancybox-group=\"gallery-69d27f990be2d\" data-full-image-url=\"https:\/\/tenerife-trips.com\/wp-content\/uploads\/2019\/12\/katamaran-Teneryfa-3.jpg\"> <svg width=\"20\" height=\"10\"><path d=\"M 0,10 Q 9,9 10,0 Q 11,9 20,10\" \/><\/svg> <img src=\"https:\/\/tenerife-trips.com\/wp-content\/uploads\/2019\/12\/katamaran-Teneryfa-3-thegem-post-thumb-small.jpg\" alt=\"katamaran Teneryfa\" class=\"img-responsive\"> <span class=\"gem-gallery-caption slide-info\"> <\/span> <\/a> <span class=\"gem-gallery-line\"><\/span> <\/div> <\/div> <div class=\"gem-gallery-item\"> <div class=\"gem-gallery-item-image\"> <a href=\"https:\/\/tenerife-trips.com\/wp-content\/uploads\/2019\/12\/catamaran-en-Tenerife-2-thegem-gallery-sidebar.jpg\" data-fancybox-group=\"gallery-69d27f990be2d\" data-full-image-url=\"https:\/\/tenerife-trips.com\/wp-content\/uploads\/2019\/12\/catamaran-en-Tenerife-2.jpg\"> <svg width=\"20\" height=\"10\"><path d=\"M 0,10 Q 9,9 10,0 Q 11,9 20,10\" \/><\/svg> <img src=\"https:\/\/tenerife-trips.com\/wp-content\/uploads\/2019\/12\/catamaran-en-Tenerife-2-thegem-post-thumb-small.jpg\" alt=\"catamaran en Tenerife\" class=\"img-responsive\"> <span class=\"gem-gallery-caption slide-info\"> <\/span> <\/a> <span class=\"gem-gallery-line\"><\/span> <\/div> <\/div> <div class=\"gem-gallery-item\"> <div class=\"gem-gallery-item-image\"> <a href=\"https:\/\/tenerife-trips.com\/wp-content\/uploads\/2019\/12\/catamaran-Tenerife-3-thegem-gallery-sidebar.jpg\" data-fancybox-group=\"gallery-69d27f990be2d\" data-full-image-url=\"https:\/\/tenerife-trips.com\/wp-content\/uploads\/2019\/12\/catamaran-Tenerife-3.jpg\"> <svg width=\"20\" height=\"10\"><path d=\"M 0,10 Q 9,9 10,0 Q 11,9 20,10\" \/><\/svg> <img src=\"https:\/\/tenerife-trips.com\/wp-content\/uploads\/2019\/12\/catamaran-Tenerife-3-thegem-post-thumb-small.jpg\" alt=\"\" class=\"img-responsive\"> <span class=\"gem-gallery-caption slide-info\"> <\/span> <\/a> <span class=\"gem-gallery-line\"><\/span> <\/div> <\/div> <div class=\"gem-gallery-item\"> <div class=\"gem-gallery-item-image\"> <a href=\"https:\/\/tenerife-trips.com\/wp-content\/uploads\/2019\/12\/catamaran-Tenerife-5-thegem-gallery-sidebar.jpg\" data-fancybox-group=\"gallery-69d27f990be2d\" data-full-image-url=\"https:\/\/tenerife-trips.com\/wp-content\/uploads\/2019\/12\/catamaran-Tenerife-5.jpg\"> <svg width=\"20\" height=\"10\"><path d=\"M 0,10 Q 9,9 10,0 Q 11,9 20,10\" \/><\/svg> <img src=\"https:\/\/tenerife-trips.com\/wp-content\/uploads\/2019\/12\/catamaran-Tenerife-5-thegem-post-thumb-small.jpg\" alt=\"\" class=\"img-responsive\"> <span class=\"gem-gallery-caption slide-info\"> <\/span> <\/a> <span class=\"gem-gallery-line\"><\/span> <\/div> <\/div> <div class=\"gem-gallery-item\"> <div class=\"gem-gallery-item-image\"> <a href=\"https:\/\/tenerife-trips.com\/wp-content\/uploads\/2019\/12\/catamarano-Tenerife-2-thegem-gallery-sidebar.jpg\" data-fancybox-group=\"gallery-69d27f990be2d\" data-full-image-url=\"https:\/\/tenerife-trips.com\/wp-content\/uploads\/2019\/12\/catamarano-Tenerife-2.jpg\"> <svg width=\"20\" height=\"10\"><path d=\"M 0,10 Q 9,9 10,0 Q 11,9 20,10\" \/><\/svg> <img src=\"https:\/\/tenerife-trips.com\/wp-content\/uploads\/2019\/12\/catamarano-Tenerife-2-thegem-post-thumb-small.jpg\" alt=\"catamarano Tenerife\" class=\"img-responsive\"> <span class=\"gem-gallery-caption slide-info\"> <\/span> <\/a> <span class=\"gem-gallery-line\"><\/span> <\/div> <\/div> <div class=\"gem-gallery-item\"> <div class=\"gem-gallery-item-image\"> <a href=\"https:\/\/tenerife-trips.com\/wp-content\/uploads\/2019\/12\/catamaran-Tenerife-2-1-thegem-gallery-sidebar.jpg\" data-fancybox-group=\"gallery-69d27f990be2d\" data-full-image-url=\"https:\/\/tenerife-trips.com\/wp-content\/uploads\/2019\/12\/catamaran-Tenerife-2-1.jpg\"> <svg width=\"20\" height=\"10\"><path d=\"M 0,10 Q 9,9 10,0 Q 11,9 20,10\" \/><\/svg> <img src=\"https:\/\/tenerife-trips.com\/wp-content\/uploads\/2019\/12\/catamaran-Tenerife-2-1-thegem-post-thumb-small.jpg\" alt=\"\" class=\"img-responsive\"> <span class=\"gem-gallery-caption slide-info\"> <\/span> <\/a> <span class=\"gem-gallery-line\"><\/span> <\/div> <\/div> <\/div>[vc_empty_space][\/vc_column][\/vc_row][vc_row full_width=&#8221;stretch_row&#8221; css=&#8221;.vc_custom_1577672701198{background-color: #312c7a !important;background-position: center !important;background-repeat: no-repeat !important;background-size: cover !important;}&#8221;][vc_column][vc_column_text]<\/p>\n<h3 style=\"text-align: center;\"><span style=\"color: #ffffff; font-size: 18pt;\">DESCRIPCI\u00d3N<\/span><\/h3>\n<p>[\/vc_column_text][\/vc_column][\/vc_row][vc_row][vc_column][vc_tta_accordion style=&#8221;simple_solid&#8221; color=&#8221;blue&#8221; c_icon=&#8221;chevron&#8221; active_section=&#8221;-00&#8243; collapsible_all=&#8221;true&#8221;][vc_tta_section title=&#8221;EXPLICACI\u00d3N DEL VIAJE&#8221; tab_id=&#8221;1577672666530-17510263-e5b3&#8243;][vc_column_text css=&#8221;&#8221;]En primer lugar tenemos que decir que el catamar\u00e1n en Tenerife es uno de los mejores barcos de la isla. Sale de &#8220;<a href=\"https:\/\/www.google.com\/maps\/place\/Puerto+Col%C3%B3n+S.A+(Puerto)\/@28.0789021,-16.7383559,17z\/data=!4m8!1m2!2m1!1spuerto+colon+tenerife!3m4!1s0x0:0xc0290fd657efb647!8m2!3d28.0792954!4d-16.7379022\" target=\"_blank\" rel=\"noopener\">Puerto Colon<\/a>&#8221; el puerto principal en el sur.<\/p>\n<h3><span style=\"font-size: 12pt;\">Al comienzo del viaje, el catamar\u00e1n en Tenerife sale del muelle y viaja a un par de kil\u00f3metros de la costa. Aqu\u00ed es muy f\u00e1cil ver ballenas piloto y delfines felices y libres en su entorno natural. El gobierno canario protege y preserva su h\u00e1bitat con leyes estrictas.<\/span><\/h3>\n<p>Despu\u00e9s de esta incre\u00edble experiencia con el catamar\u00e1n en Tenerife nos dirigimos a la costa. Luego nos paramos cerca de la orilla. Durante este tiempo puede nadar, relajarse y comer. En el caso del viaje de 3 horas, el lugar donde tenemos el descanso es Playa Diego Hern\u00e1ndez; esta es una playa fant\u00e1stica en la zona de La Caleta, Costa Adeje. Para la excursi\u00f3n de 4,5 horas, el sitio donde nos paramos es la bah\u00eda de Masca; desde este lugar puede contemplar perfectamente los majestuosos acantilados de Los Gigantes.<\/p>\n<h3><span style=\"font-size: 12pt;\">Una vez que hemos anclado el catamar\u00e1n en Tenerife cerca de la orilla le ofrecemos comida y bebidas. Para el viaje corto le damos bocadillos, mientras que por el largo tenemos arroz con albondigas de pollo, pan y platano canario. Como bebidas hay agua, cerveza, vino y refrescos. \u00a1en este momento de la excursi\u00f3n puede saltar al agua y ba\u00f1arse!<\/span><\/h3>\n<p>Finalmente, cuando estamos seguros de que todos han disfrutado plenamente del descanso, salimos y regresamos al puerto. Despu\u00e9s de la excursi\u00f3n le llevamos de regreso al mismo punto de recogida donde nos encontramos. En resumen, el catamar\u00e1n en Tenerife es definitivamente uno de los <a href=\"https:\/\/www.tenerife-trips.com\/que-hacer-en-tenerife\/?lang=es\" target=\"_blank\" rel=\"noopener\">mejores viajes<\/a> que puede hacer al visitar la isla.<\/p>\n<p id=\"tw-target-text\" class=\"tw-data-text tw-text-large XcVN5d tw-ta\" dir=\"ltr\" data-placeholder=\"Traduzione\"><span style=\"text-decoration: underline; color: #ff0000;\"><strong><span lang=\"es\">El catamar\u00e1n ofrece una zona VIP con tumbonas. Estas no est\u00e1n incluidas en el precio, se pueden reservar y pagar durante el embarque.<\/span><\/strong><\/span><\/p>\n<pre id=\"tw-target-text\" class=\"tw-data-text tw-text-large XcVN5d tw-ta\" dir=\"ltr\" data-placeholder=\"Traduzione\"><\/pre>\n<p>[\/vc_column_text][\/vc_tta_section][vc_tta_section title=&#8221;HORARIO Y SERVICIO DE RECOGIDA&#8221; tab_id=&#8221;1577672666572-9f2a1dc7-b12a&#8221;][vc_column_text]El servicio de recogida est\u00e1 disponible en el sur y oeste de Tenerife. Le recomendamos que consulte con nosotros la disponibilidad de transporte desde su zona antes de reservar.<\/p>\n<p><span style=\"text-decoration: underline; color: #ff0000;\"><strong>HORARIO:<\/strong><\/span><\/p>\n<p>Por favor consulte con nuestro servicio de atenci\u00f3n al cliente qu\u00e9 d\u00edas es posible realizar la excursi\u00f3n. La excursi\u00f3n de 3 horas est\u00e1 disponible todos los d\u00edas a las 10:00 y la de 4,5 horas todos los d\u00edas a las 13:00. \u00a1Recuerde reservar con antelaci\u00f3n para encontrar plaza!<\/p>\n<p><span style=\"font-size: 14pt;\"><strong>\u00a1MIRE EL V\u00cdDEO, HAGASE UNA IDEA DE QUE SE TRATA Y RESERVE AHORA MISMO!<\/strong><\/span>[\/vc_column_text][\/vc_tta_section][\/vc_tta_accordion][vc_empty_space height=&#8221;30&#8243;]<style type=\"text\/css\">.thegem-button-69d27f990eccf9070 .gem-button svg {fill: #ffffff;}.thegem-button-69d27f990eccf9070 .gem-button:hover svg {fill: #312c7a;}<\/style><div class=\"gem-button-container gem-button-position-center thegem-button-69d27f990eccf9070    \"  ><a class=\"gem-button gem-button-size-small gem-button-style-flat gem-button-text-weight-normal\" data-ll-effect=\"drop-right-without-wrap\" style=\"border-radius: 3px;background-color: #312c7a;color: #ffffff;\" onmouseleave=\"this.style.backgroundColor='#312c7a';this.style.color='#ffffff';\" onmouseenter=\"this.style.backgroundColor='#f6eb14';this.style.color='#312c7a';\" href=\"#precios-cata\" target=\"_self\">PRECIOS<\/a><\/div> [\/vc_column][\/vc_row][vc_row full_width=&#8221;stretch_row&#8221; css=&#8221;.vc_custom_1577672746230{background-color: #312c7a !important;background-position: center !important;background-repeat: no-repeat !important;background-size: cover !important;}&#8221;][vc_column][vc_column_text css=&#8221;.vc_custom_1577672713631{background-color: #312c7a !important;background-position: center !important;background-repeat: no-repeat !important;background-size: cover !important;}&#8221;]<\/p>\n<h3 style=\"text-align: center;\"><strong><span style=\"font-size: 18pt; color: #ffffff;\">comprar ya<\/span><\/strong><\/h3>\n<p>[\/vc_column_text][vc_empty_space height=&#8221;10px&#8221; el_id=&#8221;precios-cata&#8221;][\/vc_column][\/vc_row]<\/p>\n<\/div>","protected":false},"excerpt":{"rendered":"<p>[vc_row full_width=&#8221;stretch_row_content_no_spaces&#8221;][vc_column][vc_column_text css=&#8221;.vc_custom_1743589447757{background-color: #F6EB14 !important;background-position: center !important;background-repeat: no-repeat !important;background-size: cover !important;}&#8221; css_animation=&#8221;fadeIn&#8221;] CATAMARAN [\/vc_column_text][\/vc_column][\/vc_row][vc_row][vc_column][vc_column_text] \u00a1Disfrute de sus vacaciones con el&#8230;<\/p>\n","protected":false},"featured_media":412590,"template":"","meta":{"_acf_changed":false,"_seopress_robots_primary_cat":"2223","_seopress_titles_title":"Catamar\u00e1n en Tenerife, una excursi\u00f3n de avistamiento cet\u00e1ceos.","_seopress_titles_desc":"Descubra la vida marina de las Islas Canarias con el viaje de nuestro catamar\u00e1n en Tenerife. Una experiencia inolvidable!","_seopress_robots_index":""},"product_brand":[],"product_cat":[2223],"product_tag":[2232,2387,2388,2233],"class_list":{"0":"post-45716","1":"product","2":"type-product","3":"status-publish","4":"has-post-thumbnail","6":"product_cat-viajes-en-barco","7":"product_tag-catamaran-tenerife-es","8":"product_tag-excursion-en-barco-tenerife","9":"product_tag-salida-en-barco-tenerife","10":"product_tag-viajes-en-barco-tenerife","12":"first","13":"instock","14":"virtual","15":"sold-individually","16":"taxable","17":"purchasable","18":"product-type-booking"},"booking_location":"","booking_location_type":"","booking_duration":1,"booking_duration_unit":"day","booking_buffer":0,"booking_cost":0,"booking_resources":[],"acf":[],"_links":{"self":[{"href":"https:\/\/tenerife-trips.com\/es\/wp-json\/wp\/v2\/product\/45716","targetHints":{"allow":["GET"]}}],"collection":[{"href":"https:\/\/tenerife-trips.com\/es\/wp-json\/wp\/v2\/product"}],"about":[{"href":"https:\/\/tenerife-trips.com\/es\/wp-json\/wp\/v2\/types\/product"}],"wp:featuredmedia":[{"embeddable":true,"href":"https:\/\/tenerife-trips.com\/es\/wp-json\/wp\/v2\/media\/412590"}],"wp:attachment":[{"href":"https:\/\/tenerife-trips.com\/es\/wp-json\/wp\/v2\/media?parent=45716"}],"wp:term":[{"taxonomy":"product_brand","embeddable":true,"href":"https:\/\/tenerife-trips.com\/es\/wp-json\/wp\/v2\/product_brand?post=45716"},{"taxonomy":"product_cat","embeddable":true,"href":"https:\/\/tenerife-trips.com\/es\/wp-json\/wp\/v2\/product_cat?post=45716"},{"taxonomy":"product_tag","embeddable":true,"href":"https:\/\/tenerife-trips.com\/es\/wp-json\/wp\/v2\/product_tag?post=45716"}],"curies":[{"name":"wp","href":"https:\/\/api.w.org\/{rel}","templated":true}]}}