{"id":45718,"date":"2018-01-15T22:47:15","date_gmt":"2018-01-15T22:47:15","guid":{"rendered":"https:\/\/tenerife-trips.com\/product\/sin%20categor\u00eda\/dia-en-la-gomera\/"},"modified":"2025-12-02T20:57:43","modified_gmt":"2025-12-02T20:57:43","slug":"excursion-la-gomera","status":"publish","type":"product","link":"https:\/\/tenerife-trips.com\/es\/product\/viajes-en-bus\/excursion-la-gomera\/","title":{"rendered":"D\u00cdA EN LA GOMERA"},"content":{"rendered":"<div class=\"wpb-content-wrapper\"><p>[vc_row full_width=&#8221;stretch_row_content_no_spaces&#8221;][vc_column][vc_column_text css=&#8221;.vc_custom_1743592318487{background-color: #F6EB14 !important;background-position: center !important;background-repeat: no-repeat !important;background-size: cover !important;}&#8221; css_animation=&#8221;fadeIn&#8221;]<\/p>\n<h1 class=\"title-h2\" style=\"text-align: center;\"><span style=\"font-size: 18pt; color: #312c7a;\">LA GOMERA<\/span><\/h1>\n<p>[\/vc_column_text][\/vc_column][\/vc_row][vc_row][vc_column][vc_column_text]<\/p>\n<p style=\"text-align: center;\">Excursion La Gomera en un d\u00eda, este es uno de los viajes m\u00e1s populares; La Gomera es la segunda m\u00e1s peque\u00f1a de las Islas Canarias y est\u00e1 a solo 30 km de Tenerife; esto hace posible hacer una excursi\u00f3n de un d\u00eda y explorar los espectaculares paisajes que la isla tiene para ofrecer.<\/p>\n<p style=\"text-align: center;\"><strong><span style=\"font-size: 14pt;\">\u21d3 Ver m\u00e1s descripci\u00f3n a continuaci\u00f3n \u21d3<\/span><\/strong><\/p>\n<p>[\/vc_column_text][\/vc_column][\/vc_row][vc_row full_width=&#8221;stretch_row_content&#8221; full_height=&#8221;yes&#8221; css=&#8221;.vc_custom_1576192123211{background-color: #312c7a !important;background-position: center !important;background-repeat: no-repeat !important;background-size: cover !important;}&#8221;][vc_column]<div class=\"gem-vimeo gem-wrapbox gem-wrapbox-style-no-style rounded-corners gem-wrapbox-position-below\" style=\"width: 100%;\"><div class=\"gem-wrapbox-inner gem-ratio-style\" style=\"padding-top: 56.25%\"><iframe webkitallowfullscreen=\"true\" mozallowfullscreen=\"true\" allowfullscreen=\"true\" class=\"gem-wrapbox-element img-responsive\" frameborder=\"0\" scrolling=\"no\" marginheight=\"0\" marginwidth=\"0\" src=\"\/\/player.vimeo.com\/video\/329605917?title=0&amp;byline=0&amp;portrait=0 \"><\/iframe><\/div><\/div>[vc_empty_space]<div class=\"preloader\"><div class=\"preloader-spin\"><\/div><\/div> <div id=\"gem-gallery-69d5aeff8015a\" class=\"gem-gallery gem-gallery-hover-zooming-blur\"> <div class=\"gem-gallery-item\"> <div class=\"gem-gallery-item-image\"> <a href=\"https:\/\/tenerife-trips.com\/wp-content\/uploads\/2021\/05\/La-Gomera-Tagesausflug-scaled-thegem-gallery-sidebar.jpg\" data-fancybox-group=\"gallery-69d5aeff8015a\" data-full-image-url=\"https:\/\/tenerife-trips.com\/wp-content\/uploads\/2021\/05\/La-Gomera-Tagesausflug-scaled.jpg\"> <svg width=\"20\" height=\"10\"><path d=\"M 0,10 Q 9,9 10,0 Q 11,9 20,10\" \/><\/svg> <img src=\"https:\/\/tenerife-trips.com\/wp-content\/uploads\/2021\/05\/La-Gomera-Tagesausflug-scaled-thegem-post-thumb-small.jpg\" alt=\"La Gomera Tagesausflug\" class=\"img-responsive\"> <span class=\"gem-gallery-caption slide-info\"> <\/span> <\/a> <span class=\"gem-gallery-line\"><\/span> <\/div> <\/div> <div class=\"gem-gallery-item\"> <div class=\"gem-gallery-item-image\"> <a href=\"https:\/\/tenerife-trips.com\/wp-content\/uploads\/2019\/12\/b-2-scaled-thegem-gallery-sidebar.jpg\" data-fancybox-group=\"gallery-69d5aeff8015a\" data-full-image-url=\"https:\/\/tenerife-trips.com\/wp-content\/uploads\/2019\/12\/b-2-scaled.jpg\"> <svg width=\"20\" height=\"10\"><path d=\"M 0,10 Q 9,9 10,0 Q 11,9 20,10\" \/><\/svg> <img src=\"https:\/\/tenerife-trips.com\/wp-content\/uploads\/2019\/12\/b-2-scaled-thegem-post-thumb-small.jpg\" alt=\"\" class=\"img-responsive\"> <span class=\"gem-gallery-caption slide-info\"> <\/span> <\/a> <span class=\"gem-gallery-line\"><\/span> <\/div> <\/div> <div class=\"gem-gallery-item\"> <div class=\"gem-gallery-item-image\"> <a href=\"https:\/\/tenerife-trips.com\/wp-content\/uploads\/2019\/12\/c-2-scaled-thegem-gallery-sidebar.jpg\" data-fancybox-group=\"gallery-69d5aeff8015a\" data-full-image-url=\"https:\/\/tenerife-trips.com\/wp-content\/uploads\/2019\/12\/c-2-scaled.jpg\"> <svg width=\"20\" height=\"10\"><path d=\"M 0,10 Q 9,9 10,0 Q 11,9 20,10\" \/><\/svg> <img src=\"https:\/\/tenerife-trips.com\/wp-content\/uploads\/2019\/12\/c-2-scaled-thegem-post-thumb-small.jpg\" alt=\"\" class=\"img-responsive\"> <span class=\"gem-gallery-caption slide-info\"> <\/span> <\/a> <span class=\"gem-gallery-line\"><\/span> <\/div> <\/div> <div class=\"gem-gallery-item\"> <div class=\"gem-gallery-item-image\"> <a href=\"https:\/\/tenerife-trips.com\/wp-content\/uploads\/2019\/12\/e-1-scaled-thegem-gallery-sidebar.jpg\" data-fancybox-group=\"gallery-69d5aeff8015a\" data-full-image-url=\"https:\/\/tenerife-trips.com\/wp-content\/uploads\/2019\/12\/e-1-scaled.jpg\"> <svg width=\"20\" height=\"10\"><path d=\"M 0,10 Q 9,9 10,0 Q 11,9 20,10\" \/><\/svg> <img src=\"https:\/\/tenerife-trips.com\/wp-content\/uploads\/2019\/12\/e-1-scaled-thegem-post-thumb-small.jpg\" alt=\"Tenerife to La Gomera\" class=\"img-responsive\"> <span class=\"gem-gallery-caption slide-info\"> <\/span> <\/a> <span class=\"gem-gallery-line\"><\/span> <\/div> <\/div> <div class=\"gem-gallery-item\"> <div class=\"gem-gallery-item-image\"> <a href=\"https:\/\/tenerife-trips.com\/wp-content\/uploads\/2019\/12\/f-1-scaled-thegem-gallery-sidebar.jpg\" data-fancybox-group=\"gallery-69d5aeff8015a\" data-full-image-url=\"https:\/\/tenerife-trips.com\/wp-content\/uploads\/2019\/12\/f-1-scaled.jpg\"> <svg width=\"20\" height=\"10\"><path d=\"M 0,10 Q 9,9 10,0 Q 11,9 20,10\" \/><\/svg> <img src=\"https:\/\/tenerife-trips.com\/wp-content\/uploads\/2019\/12\/f-1-scaled-thegem-post-thumb-small.jpg\" alt=\"Tenerife to La Gomera\" class=\"img-responsive\"> <span class=\"gem-gallery-caption slide-info\"> <\/span> <\/a> <span class=\"gem-gallery-line\"><\/span> <\/div> <\/div> <\/div>[vc_empty_space][\/vc_column][\/vc_row][vc_row full_width=&#8221;stretch_row&#8221; css=&#8221;.vc_custom_1577672866498{background-color: #312c7a !important;background-position: center !important;background-repeat: no-repeat !important;background-size: cover !important;}&#8221;][vc_column][vc_column_text]<\/p>\n<h3 style=\"text-align: center;\"><span style=\"color: #ffffff; font-size: 18pt;\">DESCRIPCI\u00d3N<\/span><\/h3>\n<p>[\/vc_column_text][\/vc_column][\/vc_row][vc_row][vc_column][vc_tta_accordion style=&#8221;simple_solid&#8221; active_section=&#8221;0&#8243; collapsible_all=&#8221;true&#8221;][vc_tta_section title=&#8221;EXPLICACI\u00d3N DEL VIAJE&#8221; tab_id=&#8221;1577479559164-5603874a-e1f7&#8243;][vc_column_text]<\/p>\n<h3><span style=\"font-size: 12pt;\">Excursion La Gomera en un d\u00eda, este es uno de los <a href=\"https:\/\/tenerife-trips.com\/es\/que-hacer-en-tenerife\/?lang=es\">viajes m\u00e1s populares<\/a>; La Gomera es la segunda m\u00e1s peque\u00f1a de las Islas Canarias y est\u00e1 a solo 30 km de Tenerife; esto hace posible hacer una excursi\u00f3n de un d\u00eda y explorar los espectaculares paisajes que la isla tiene para ofrecer.<\/span><\/h3>\n<p>En ferry se tarda solo 50 minutos desde Tenerife a <a href=\"https:\/\/www.google.es\/maps\/place\/La+Gomera\/@28.1188289,-17.3637769,11z\/data=!3m1!4b1!4m5!3m4!1s0xc6ae33697cbc54d:0x59c58fe23f47d04e!8m2!3d28.1033035!4d-17.2193578\">La Gomera<\/a>; por lo tanto, muchas personas deciden cada a\u00f1o visitar este lugar. Es una isla muy verde donde viven solo 22000 personas; el aire es muy limpio y el ritmo es muy lento y relajado. Es un para\u00edso para las personas que aman la naturaleza, la paz y los panoramas incre\u00edbles; adem\u00e1s, la gente la llama &#8220;la isla de Crist\u00f3bal Col\u00f3n&#8221; porque el explorador se detuvo aqu\u00ed durante aproximadamente un mes en su viaje para descubrir Am\u00e9rica en 1492.<\/p>\n<p>Para la excursion La Gomera, le recogemos en autob\u00fas cerca de su alojamiento; luego le llevamos al puerto de Los Cristianos donde cogemos el ferry. Saliendo de Tenerife disfrutamos de una vista espectacular de la costa occidental y del majestuoso volc\u00e1n Teide; en menos de una hora llegamos a San sebastian de La Gomera, la capital de la isla.<\/p>\n<h3><span style=\"font-size: 12pt;\">Desde aqu\u00ed comienza nuestra excursion La Gomera que le llevar\u00e1 a ver los lugares m\u00e1s famosos y hermosos; entre estos encontramos el barranco de Hermigua, el pueblo de Agulo y el bosque del Parque Garajonay, patrimonio de la humanidad de la UNESCO.<\/span><\/h3>\n<p>Alrededor del mediod\u00eda tenemos un almuerzo t\u00edpico (incluido en el precio) en un restaurante local; al final, ver\u00e1 una demostraci\u00f3n del lenguaje silbado bastante singular &#8220;silbo gomero&#8221;. Por el camino nos detendremos en muchos miradores panor\u00e1micos como el Roque de Agando para tomar fotos y disfrutar plenamente de los incre\u00edbles paisajes; el recorrido termina cuando volvemos a San Sebasti\u00e1n, donde tiene tiempo libre para tomar un caf\u00e9 o hacer compras; salimos de La Gomera alrededor de las 17:00 para volver a Tenerife sobre las 18:00.<\/p>\n<p><span style=\"font-size: 14pt;\">Nuestros gu\u00edas tur\u00edsticos experimentados le proporcionar\u00e1n informaciones interesantes; aseg\u00farese de consultar con nosotros los idiomas disponibles antes de reservar. <\/span><strong><span style=\"color: #ff0000;\">Para la excursion La Gomera, debe tener con usted un carnet de identidad valido o pasaporte.<\/span><\/strong><\/p>\n<p><span style=\"color: #ff0000;\">Se recuerda a todos los clientes que participan en la excursi\u00f3n que no dejen ning\u00fan tipo de objeto personal de valor en el autob\u00fas al bajarse para visitar los lugares; la empresa no asume responsabilidad por ninguna p\u00e9rdida o robo de art\u00edculos personales de ning\u00fan tipo.<\/span>[\/vc_column_text][\/vc_tta_section][vc_tta_section title=&#8221;HORARIO Y SERVICIO DE RECOGIDA&#8221; tab_id=&#8221;1577479559195-014022d2-c94f&#8221;][vc_column_text]La recogida cerca de su alojamiento est\u00e1 incluida en el precio; este servicio est\u00e1 disponible en el oeste y sur desde la zona de Los Gigantes hasta El M\u00e9dano y en el norte desde Puerto de la Cruz. Le recomendamos que consulte con nosotros la disponibilidad de transporte desde su zona antes de reservar.<\/p>\n<p><span style=\"color: #ff0000;\"><strong><span style=\"text-decoration: underline;\">HORARIO:<\/span><\/strong><\/span><\/p>\n<p>Pregunte a nuestro servicio de atenci\u00f3n al cliente en qu\u00e9 d\u00edas es posible realizar la excursi\u00f3n.[\/vc_column_text][\/vc_tta_section][\/vc_tta_accordion]<style type=\"text\/css\">.thegem-button-69d5aeff8110b9712 .gem-button svg {fill: #ffffff;}.thegem-button-69d5aeff8110b9712 .gem-button:hover svg {fill: #312c7a;}<\/style><div class=\"gem-button-container gem-button-position-center thegem-button-69d5aeff8110b9712    \"  ><a class=\"gem-button gem-button-size-small gem-button-style-flat gem-button-text-weight-normal\" data-ll-effect=\"drop-right-without-wrap\" style=\"border-radius: 3px;background-color: #312c7a;color: #ffffff;\" onmouseleave=\"this.style.backgroundColor='#312c7a';this.style.color='#ffffff';\" onmouseenter=\"this.style.backgroundColor='#f6eb14';this.style.color='#312c7a';\" href=\"#precios-gomera\" target=\"_self\">PRECIOS<\/a><\/div> [\/vc_column][\/vc_row][vc_row full_width=&#8221;stretch_row_content&#8221; content_placement=&#8221;middle&#8221; css=&#8221;.vc_custom_1576709624172{background-color: #312c7a !important;background-position: center !important;background-repeat: no-repeat !important;background-size: cover !important;}&#8221;][vc_column][vc_column_text]<\/p>\n<h3 style=\"text-align: center;\"><strong><span style=\"color: #ffffff; font-size: 18pt;\">comprar ya<\/span><\/strong><\/h3>\n<p>[\/vc_column_text][vc_empty_space height=&#8221;10px&#8221; el_id=&#8221;precios-gomera&#8221;][\/vc_column][\/vc_row]<\/p>\n<\/div>","protected":false},"excerpt":{"rendered":"<p>[vc_row full_width=&#8221;stretch_row_content_no_spaces&#8221;][vc_column][vc_column_text css=&#8221;.vc_custom_1743592318487{background-color: #F6EB14 !important;background-position: center !important;background-repeat: no-repeat !important;background-size: cover !important;}&#8221; css_animation=&#8221;fadeIn&#8221;] LA GOMERA [\/vc_column_text][\/vc_column][\/vc_row][vc_row][vc_column][vc_column_text] Excursion La Gomera en un&#8230;<\/p>\n","protected":false},"featured_media":50122,"template":"","meta":{"_acf_changed":false,"_seopress_robots_primary_cat":"0","_seopress_titles_title":"Excursion La Gomera, visita de un d\u00eda en autob\u00fas desde Tenerife","_seopress_titles_desc":"Excursion La Gomera, un dia en autob\u00fas para descubrir la segunda m\u00e1s peque\u00f1a de las Islas Canarias, un lugar donde domina la naturaleza","_seopress_robots_index":""},"product_brand":[],"product_cat":[2234],"product_tag":[2426,2425,2194],"class_list":{"0":"post-45718","1":"product","2":"type-product","3":"status-publish","4":"has-post-thumbnail","6":"product_cat-viajes-en-bus","7":"product_tag-excursion-la-gomera","8":"product_tag-excursiones-autobus-tenerife","9":"product_tag-tenerife-trips-es","11":"first","12":"instock","13":"virtual","14":"sold-individually","15":"purchasable","16":"product-type-booking"},"booking_location":"","booking_location_type":"","booking_duration":1,"booking_duration_unit":"day","booking_buffer":0,"booking_cost":0,"booking_resources":[],"acf":[],"_links":{"self":[{"href":"https:\/\/tenerife-trips.com\/es\/wp-json\/wp\/v2\/product\/45718","targetHints":{"allow":["GET"]}}],"collection":[{"href":"https:\/\/tenerife-trips.com\/es\/wp-json\/wp\/v2\/product"}],"about":[{"href":"https:\/\/tenerife-trips.com\/es\/wp-json\/wp\/v2\/types\/product"}],"wp:featuredmedia":[{"embeddable":true,"href":"https:\/\/tenerife-trips.com\/es\/wp-json\/wp\/v2\/media\/50122"}],"wp:attachment":[{"href":"https:\/\/tenerife-trips.com\/es\/wp-json\/wp\/v2\/media?parent=45718"}],"wp:term":[{"taxonomy":"product_brand","embeddable":true,"href":"https:\/\/tenerife-trips.com\/es\/wp-json\/wp\/v2\/product_brand?post=45718"},{"taxonomy":"product_cat","embeddable":true,"href":"https:\/\/tenerife-trips.com\/es\/wp-json\/wp\/v2\/product_cat?post=45718"},{"taxonomy":"product_tag","embeddable":true,"href":"https:\/\/tenerife-trips.com\/es\/wp-json\/wp\/v2\/product_tag?post=45718"}],"curies":[{"name":"wp","href":"https:\/\/api.w.org\/{rel}","templated":true}]}}