{"id":45720,"date":"2018-01-18T19:34:09","date_gmt":"2018-01-18T19:34:09","guid":{"rendered":"https:\/\/tenerife-trips.com\/product\/sin%20categor\u00eda\/gran-tour\/"},"modified":"2025-12-02T20:53:51","modified_gmt":"2025-12-02T20:53:51","slug":"excursion-en-tenerife","status":"publish","type":"product","link":"https:\/\/tenerife-trips.com\/es\/product\/viajes-en-bus\/excursion-en-tenerife\/","title":{"rendered":"GRAN TOUR"},"content":{"rendered":"<div class=\"wpb-content-wrapper\"><p>[vc_row full_width=&#8221;stretch_row_content_no_spaces&#8221;][vc_column][vc_column_text css=&#8221;.vc_custom_1743592022705{background-color: #F6EB14 !important;background-position: center !important;background-repeat: no-repeat !important;background-size: cover !important;}&#8221; css_animation=&#8221;fadeIn&#8221;]<\/p>\n<h1 class=\"title-h2\" style=\"text-align: center;\"><span style=\"font-size: 18pt; color: #312c7a;\">GRAN TOUR<\/span><\/h1>\n<p>[\/vc_column_text][\/vc_column][\/vc_row][vc_row][vc_column][vc_column_text]<\/p>\n<p style=\"text-align: center;\">Excursi\u00f3n en Tenerife en autob\u00fas, esta es la mas popular; es muy recomendable para las personas que desean descubrir los lugares m\u00e1s famosos en solo un d\u00eda.<\/p>\n<p style=\"text-align: center;\"><strong><span style=\"font-size: 14pt;\">\u21d3 Ver m\u00e1s descripci\u00f3n a continuaci\u00f3n \u21d3<\/span><\/strong><\/p>\n<p>[\/vc_column_text][\/vc_column][\/vc_row][vc_row full_width=&#8221;stretch_row_content&#8221; full_height=&#8221;yes&#8221; css=&#8221;.vc_custom_1576192123211{background-color: #312c7a !important;background-position: center !important;background-repeat: no-repeat !important;background-size: cover !important;}&#8221;][vc_column]<div class=\"gem-vimeo gem-wrapbox gem-wrapbox-style-no-style rounded-corners gem-wrapbox-position-below\" style=\"width: 100%;\"><div class=\"gem-wrapbox-inner gem-ratio-style\" style=\"padding-top: 56.25%\"><iframe webkitallowfullscreen=\"true\" mozallowfullscreen=\"true\" allowfullscreen=\"true\" class=\"gem-wrapbox-element img-responsive\" frameborder=\"0\" scrolling=\"no\" marginheight=\"0\" marginwidth=\"0\" src=\"\/\/player.vimeo.com\/video\/328704748?title=0&amp;byline=0&amp;portrait=0 \"><\/iframe><\/div><\/div>[vc_empty_space]<div class=\"preloader\"><div class=\"preloader-spin\"><\/div><\/div> <div id=\"gem-gallery-69dc7c1cca74a\" class=\"gem-gallery gem-gallery-hover-zooming-blur\"> <div class=\"gem-gallery-item\"> <div class=\"gem-gallery-item-image\"> <a href=\"https:\/\/tenerife-trips.com\/wp-content\/uploads\/2018\/01\/web4-thegem-gallery-sidebar.jpg\" data-fancybox-group=\"gallery-69dc7c1cca74a\" data-full-image-url=\"https:\/\/tenerife-trips.com\/wp-content\/uploads\/2018\/01\/web4.jpg\"> <svg width=\"20\" height=\"10\"><path d=\"M 0,10 Q 9,9 10,0 Q 11,9 20,10\" \/><\/svg> <img src=\"https:\/\/tenerife-trips.com\/wp-content\/uploads\/2018\/01\/web4-thegem-post-thumb-small.jpg\" alt=\"Tenerife sightseeing\" class=\"img-responsive\"> <span class=\"gem-gallery-caption slide-info\"> <\/span> <\/a> <span class=\"gem-gallery-line\"><\/span> <\/div> <\/div> <div class=\"gem-gallery-item\"> <div class=\"gem-gallery-item-image\"> <a href=\"https:\/\/tenerife-trips.com\/wp-content\/uploads\/2019\/12\/Masca-1-thegem-gallery-sidebar.jpg\" data-fancybox-group=\"gallery-69dc7c1cca74a\" data-full-image-url=\"https:\/\/tenerife-trips.com\/wp-content\/uploads\/2019\/12\/Masca-1.jpg\"> <svg width=\"20\" height=\"10\"><path d=\"M 0,10 Q 9,9 10,0 Q 11,9 20,10\" \/><\/svg> <img src=\"https:\/\/tenerife-trips.com\/wp-content\/uploads\/2019\/12\/Masca-1-thegem-post-thumb-small.jpg\" alt=\"Tenerife points of interest\" class=\"img-responsive\"> <span class=\"gem-gallery-caption slide-info\"> <\/span> <\/a> <span class=\"gem-gallery-line\"><\/span> <\/div> <\/div> <div class=\"gem-gallery-item\"> <div class=\"gem-gallery-item-image\"> <a href=\"https:\/\/tenerife-trips.com\/wp-content\/uploads\/2019\/12\/Gran-Tour-thegem-gallery-sidebar.jpg\" data-fancybox-group=\"gallery-69dc7c1cca74a\" data-full-image-url=\"https:\/\/tenerife-trips.com\/wp-content\/uploads\/2019\/12\/Gran-Tour.jpg\"> <svg width=\"20\" height=\"10\"><path d=\"M 0,10 Q 9,9 10,0 Q 11,9 20,10\" \/><\/svg> <img src=\"https:\/\/tenerife-trips.com\/wp-content\/uploads\/2019\/12\/Gran-Tour-thegem-post-thumb-small.jpg\" alt=\"\" class=\"img-responsive\"> <span class=\"gem-gallery-caption slide-info\"> <\/span> <\/a> <span class=\"gem-gallery-line\"><\/span> <\/div> <\/div> <div class=\"gem-gallery-item\"> <div class=\"gem-gallery-item-image\"> <a href=\"https:\/\/tenerife-trips.com\/wp-content\/uploads\/2019\/12\/1-12-thegem-gallery-sidebar.jpg\" data-fancybox-group=\"gallery-69dc7c1cca74a\" data-full-image-url=\"https:\/\/tenerife-trips.com\/wp-content\/uploads\/2019\/12\/1-12.jpg\"> <svg width=\"20\" height=\"10\"><path d=\"M 0,10 Q 9,9 10,0 Q 11,9 20,10\" \/><\/svg> <img src=\"https:\/\/tenerife-trips.com\/wp-content\/uploads\/2019\/12\/1-12-thegem-post-thumb-small.jpg\" alt=\"Excursi\u00f3n en Tenerife\" class=\"img-responsive\"> <span class=\"gem-gallery-caption slide-info\"> <\/span> <\/a> <span class=\"gem-gallery-line\"><\/span> <\/div> <\/div> <div class=\"gem-gallery-item\"> <div class=\"gem-gallery-item-image\"> <a href=\"https:\/\/tenerife-trips.com\/wp-content\/uploads\/2019\/12\/garachico-thegem-gallery-sidebar.jpg\" data-fancybox-group=\"gallery-69dc7c1cca74a\" data-full-image-url=\"https:\/\/tenerife-trips.com\/wp-content\/uploads\/2019\/12\/garachico.jpg\"> <svg width=\"20\" height=\"10\"><path d=\"M 0,10 Q 9,9 10,0 Q 11,9 20,10\" \/><\/svg> <img src=\"https:\/\/tenerife-trips.com\/wp-content\/uploads\/2019\/12\/garachico-thegem-post-thumb-small.jpg\" alt=\"\" class=\"img-responsive\"> <span class=\"gem-gallery-caption slide-info\"> <\/span> <\/a> <span class=\"gem-gallery-line\"><\/span> <\/div> <\/div> <\/div>[\/vc_column][\/vc_row][vc_row full_width=&#8221;stretch_row&#8221; css=&#8221;.vc_custom_1577673363531{background-color: #312c7a !important;background-position: center !important;background-repeat: no-repeat !important;background-size: cover !important;}&#8221;][vc_column][vc_column_text]<\/p>\n<h3 style=\"text-align: center;\"><span style=\"color: #ffffff; font-size: 18pt;\">DESCRIPCI\u00d3N<\/span><\/h3>\n<p>[\/vc_column_text][\/vc_column][\/vc_row][vc_row][vc_column][vc_tta_accordion style=&#8221;simple_solid&#8221; color=&#8221;blue&#8221; c_icon=&#8221;chevron&#8221; active_section=&#8221;-0&#8243; css_animation=&#8221;none&#8221; no_fill=&#8221;true&#8221; collapsible_all=&#8221;true&#8221;][vc_tta_section title=&#8221;EXPLICACI\u00d3N DEL VIAJE&#8221; tab_id=&#8221;1577673346966-b741c8b9-d9ae&#8221;][vc_column_text]<\/p>\n<h3><span style=\"font-size: 12pt;\">Entonces, primero le recogemos cerca de su alojamiento. para esta Excursi\u00f3n en Tenerife la recogida est\u00e1 disponible en el sur, oeste y norte de la isla.<\/span><\/h3>\n<p>Luego viajamos al Teide pasando por el bosque de pinos canarios, una verdadera belleza de la naturaleza. En aproximadamente una hora alcanzamos los 2.200 metros de altitud, donde encontramos una incre\u00edble meseta de roca volc\u00e1nica. Este es el primer lugar que visitamos durante el recorrido.<\/p>\n<p>En esta excursi\u00f3n en Tenerife paramos en el centro del Parque Nacional del Teide en el sitio m\u00e1s popular de \u201cRoques de Garcia\u201d. Aqu\u00ed estamos a la base del pico del Teide. Con sus 3718 metros sobre el nivel del mar es el tercer volc\u00e1n m\u00e1s alto del mundo.<\/p>\n<p>El panorama de esta zona es \u00fanico y recuerda un poco los desiertos de Nevada o Arizona en los Estados Unidos. El paisaje lunar del Parque Nacional ha inspirado a muchos directores de cine que lo eligieron para sus escenas. Algunas pel\u00edculas especialmente relevantes son &#8220;El planeta de los simios&#8221; de 1968 y &#8220;Furia de titanes&#8221; de 2010. Durante nuestra primera parada tiene mas o menos una hora de tiempo libre. Puede caminar un poco por uno de los senderos de la zona o tomar un caf\u00e8 en el \u201cParador\u201d, un hotel nacional que tiene cafeter\u00eda y restaurante.<\/p>\n<h3><span style=\"font-size: 12pt;\">Despu\u00e9s nos dirigimos a Icod de Los Vinos, un pueblo t\u00edpico canario. en este lugar puede experimentar un ambiente tradicional y ponerse en contacto con la cultura local. adem\u00e1s, puede ver el famoso <a href=\"https:\/\/es.wikipedia.org\/wiki\/Drago_de_Icod_de_los_Vinos\" target=\"_blank\" rel=\"noopener\">DRAGO MILENARIO<\/a> y probar especialidades locales como vino y licores.<\/span><\/h3>\n<p>Mas tarde vamos al pueblo de Garachico donde vemos las piscinas naturales m\u00e1s famosas de la isla. Durante la erupci\u00f3n del volc\u00e1n Trevejo en 1706, los flujos de lava enterraron el pueblo y formaron las piscinas. Hoy en d\u00eda estas son una de las principales atracciones de Tenerife.<\/p>\n<p>Nuestro \u00faltimo destino ser\u00e1 Masca, un peque\u00f1o pueblo escondido en el medio de la espectacular monta\u00f1a Teno. Este, junto con el Teide, es el lugar tur\u00edstico m\u00e1s importante de la isla. Desde aqu\u00ed nos dirigimos hacia el sur y alrededor de las 18:00 estamos de regreso. Por supuesto le llevamos al mismo punto donde le recogimos.<\/p>\n<p><strong>Durante la excursi\u00f3n paramos en un restaurante donde puede almorzar (no incluido en el precio). De todas formas puede traer su propia comida si lo prefiere.<\/strong><\/p>\n<h3><span style=\"font-size: 12pt;\">Nuestros gu\u00edas tur\u00edsticos experimentados le proporcionar\u00e1n informaciones interesantes. aseg\u00farese de consultar <a href=\"https:\/\/www.tenerife-trips.com\/contacto\/?lang=es\" target=\"_blank\" rel=\"noopener\">CON NOSOTROS<\/a> los idiomas disponibles antes de reservar. No se pierda la mejor excursi\u00f3n en Tenerife, \u00a1reserve ahora mismo!<\/span><\/h3>\n<p><span style=\"color: #ff0000;\">Se recuerda a todos los clientes que participan en la excursi\u00f3n que no dejen ning\u00fan tipo de objeto personal de valor en el autob\u00fas al bajarse para visitar los lugares. La empresa no asume responsabilidad por ninguna p\u00e9rdida o robo de art\u00edculos personales de ning\u00fan tipo.<\/span>[\/vc_column_text][\/vc_tta_section][vc_tta_section title=&#8221;HORARIO Y SERVICIO DE RECOGIDA&#8221; tab_id=&#8221;1577673347016-71e5c6ea-c848&#8243;][vc_column_text]La recogida cerca de su alojamiento est\u00e1 incluida en el precio; este servicio est\u00e1 disponible en el oeste y sur desde la zona de Los Gigantes hasta El M\u00e9dano y en el norte desde Puerto de la Cruz y a veces Santa Cruz. Le recomendamos que consulte con nosotros la disponibilidad de transporte desde su zona antes de reservar.<\/p>\n<p><span style=\"text-decoration: underline;\"><span style=\"color: #ff0000; text-decoration: underline;\">HORARIO:<\/span><\/span><\/p>\n<p>Pregunte a nuestro servicio de atenci\u00f3n al cliente en qu\u00e9 d\u00edas es posible realizar la excursi\u00f3n.<\/p>\n<p><strong><span style=\"font-size: 14pt;\">\u00a1MIRE EL V\u00cdDEO, HAGASE UNA IDEA DE QUE SE TRATA Y RESERVE AHORA MISMO!<\/span><\/strong>[\/vc_column_text][\/vc_tta_section][\/vc_tta_accordion]<style type=\"text\/css\">.thegem-button-69dc7c1ccba088443 .gem-button svg {fill: #ffffff;}.thegem-button-69dc7c1ccba088443 .gem-button:hover svg {fill: #312c7a;}<\/style><div class=\"gem-button-container gem-button-position-center thegem-button-69dc7c1ccba088443    \"  ><a class=\"gem-button gem-button-size-small gem-button-style-flat gem-button-text-weight-normal\" data-ll-effect=\"drop-right-without-wrap\" style=\"border-radius: 3px;background-color: #312c7a;color: #ffffff;\" onmouseleave=\"this.style.backgroundColor='#312c7a';this.style.color='#ffffff';\" onmouseenter=\"this.style.backgroundColor='#f6eb14';this.style.color='#312c7a';\" href=\"#precios-grantour\" target=\"_self\">PRECIOS<\/a><\/div> [\/vc_column][\/vc_row][vc_row full_width=&#8221;stretch_row_content&#8221; content_placement=&#8221;middle&#8221; css=&#8221;.vc_custom_1576709624172{background-color: #312c7a !important;background-position: center !important;background-repeat: no-repeat !important;background-size: cover !important;}&#8221;][vc_column][vc_column_text]<\/p>\n<h3 style=\"text-align: center;\"><strong><span style=\"color: #ffffff; font-size: 18pt;\">COMPRAR YA<\/span><\/strong><\/h3>\n<p>[\/vc_column_text][vc_empty_space height=&#8221;10px&#8221; el_id=&#8221;precios-grantour&#8221;][\/vc_column][\/vc_row]<\/p>\n<\/div>","protected":false},"excerpt":{"rendered":"<p>[vc_row full_width=&#8221;stretch_row_content_no_spaces&#8221;][vc_column][vc_column_text css=&#8221;.vc_custom_1743592022705{background-color: #F6EB14 !important;background-position: center !important;background-repeat: no-repeat !important;background-size: cover !important;}&#8221; css_animation=&#8221;fadeIn&#8221;] GRAN TOUR [\/vc_column_text][\/vc_column][\/vc_row][vc_row][vc_column][vc_column_text] Excursi\u00f3n en Tenerife en autob\u00fas,&#8230;<\/p>\n","protected":false},"featured_media":80404,"template":"","meta":{"_acf_changed":false,"_seopress_robots_primary_cat":"0","_seopress_titles_title":"Excursi\u00f3n en Tenerife, ofertas diarias para los tours mas populares","_seopress_titles_desc":"Excursi\u00f3n en Tenerife, descubra los mejores lugares en un recorrido en autob\u00fas. Encuentre las excursiones mas famosas en nuestra p\u00e1gina","_seopress_robots_index":""},"product_brand":[],"product_cat":[2234],"product_tag":[],"class_list":{"0":"post-45720","1":"product","2":"type-product","3":"status-publish","4":"has-post-thumbnail","6":"product_cat-viajes-en-bus","8":"first","9":"instock","10":"virtual","11":"sold-individually","12":"purchasable","13":"product-type-booking"},"booking_location":"","booking_location_type":"","booking_duration":1,"booking_duration_unit":"day","booking_buffer":0,"booking_cost":0,"booking_resources":[],"acf":[],"_links":{"self":[{"href":"https:\/\/tenerife-trips.com\/es\/wp-json\/wp\/v2\/product\/45720","targetHints":{"allow":["GET"]}}],"collection":[{"href":"https:\/\/tenerife-trips.com\/es\/wp-json\/wp\/v2\/product"}],"about":[{"href":"https:\/\/tenerife-trips.com\/es\/wp-json\/wp\/v2\/types\/product"}],"wp:featuredmedia":[{"embeddable":true,"href":"https:\/\/tenerife-trips.com\/es\/wp-json\/wp\/v2\/media\/80404"}],"wp:attachment":[{"href":"https:\/\/tenerife-trips.com\/es\/wp-json\/wp\/v2\/media?parent=45720"}],"wp:term":[{"taxonomy":"product_brand","embeddable":true,"href":"https:\/\/tenerife-trips.com\/es\/wp-json\/wp\/v2\/product_brand?post=45720"},{"taxonomy":"product_cat","embeddable":true,"href":"https:\/\/tenerife-trips.com\/es\/wp-json\/wp\/v2\/product_cat?post=45720"},{"taxonomy":"product_tag","embeddable":true,"href":"https:\/\/tenerife-trips.com\/es\/wp-json\/wp\/v2\/product_tag?post=45720"}],"curies":[{"name":"wp","href":"https:\/\/api.w.org\/{rel}","templated":true}]}}