{"id":45777,"date":"2018-01-18T18:27:34","date_gmt":"2018-01-18T18:27:34","guid":{"rendered":"https:\/\/tenerife-trips.com\/product\/sin%20categor\u00eda\/quad-teide-tour\/"},"modified":"2025-12-02T20:54:05","modified_gmt":"2025-12-02T20:54:05","slug":"quad-tour-tenerife","status":"publish","type":"product","link":"https:\/\/tenerife-trips.com\/es\/product\/aventuras-en-terreno\/quad-tour-tenerife\/","title":{"rendered":"QUAD TEIDE TOUR"},"content":{"rendered":"<div class=\"wpb-content-wrapper\"><p>[vc_row full_width=&#8221;stretch_row_content_no_spaces&#8221;][vc_column][vc_column_text css=&#8221;.vc_custom_1743592075816{background-color: #F6EB14 !important;background-position: center !important;background-repeat: no-repeat !important;background-size: cover !important;}&#8221; css_animation=&#8221;fadeIn&#8221;]<\/p>\n<h1 class=\"title-h2\" style=\"text-align: center;\"><span style=\"font-size: 18pt; color: #312c7a;\">QUAD TEIDE<\/span><\/h1>\n<p>[\/vc_column_text][\/vc_column][\/vc_row][vc_row][vc_column][vc_column_text]<\/p>\n<p style=\"text-align: center;\">El quad tour Tenerife le llevar\u00e1 hasta la base del pico del Teide; este es el tercer volc\u00e1n m\u00e1s alto del mundo despu\u00e9s de los hawaianos Mauna Kea y Mauna Loa.<\/p>\n<p style=\"text-align: center;\"><strong>\u21d3 Ver m\u00e1s descripci\u00f3n a continuaci\u00f3n \u21d3<\/strong><\/p>\n<p>[\/vc_column_text][\/vc_column][\/vc_row][vc_row full_width=&#8221;stretch_row_content&#8221; full_height=&#8221;yes&#8221; css=&#8221;.vc_custom_1576192123211{background-color: #312c7a !important;background-position: center !important;background-repeat: no-repeat !important;background-size: cover !important;}&#8221;][vc_column][vc_column_text css=&#8221;.vc_custom_1747753473696{background-color: #F6EB14 !important;}&#8221;]<\/p>\n<p style=\"text-align: center;\"><span style=\"font-size: 12pt; font-family: verdana, geneva, sans-serif;\"><strong><span style=\"text-decoration: underline;\">REBAJADO:<\/span><\/strong><\/span><\/p>\n<p style=\"text-align: center;\"><span style=\"font-size: 12pt; font-family: verdana, geneva, sans-serif;\"><strong>Doble <del>150 \u20ac<\/del>\u00a0 130 \u20ac<\/strong><\/span><\/p>\n<p style=\"text-align: center;\"><span style=\"font-size: 12pt; font-family: verdana, geneva, sans-serif;\"><strong>Individual <del>130 \u20ac<\/del>\u00a0 109 \u20ac<\/strong><\/span><\/p>\n<p>[\/vc_column_text][vc_empty_space]<div class=\"gem-vimeo gem-wrapbox gem-wrapbox-style-no-style rounded-corners gem-wrapbox-position-below\" style=\"width: 100%;\"><div class=\"gem-wrapbox-inner gem-ratio-style\" style=\"padding-top: 56.25%\"><iframe webkitallowfullscreen=\"true\" mozallowfullscreen=\"true\" allowfullscreen=\"true\" class=\"gem-wrapbox-element img-responsive\" frameborder=\"0\" scrolling=\"no\" marginheight=\"0\" marginwidth=\"0\" src=\"\/\/player.vimeo.com\/video\/467537945?title=0&amp;byline=0&amp;portrait=0 \"><\/iframe><\/div><\/div>[vc_empty_space]<div class=\"preloader\"><div class=\"preloader-spin\"><\/div><\/div> <div id=\"gem-gallery-69e966db445e4\" class=\"gem-gallery gem-gallery-hover-zooming-blur\"> <div class=\"gem-gallery-item\"> <div class=\"gem-gallery-item-image\"> <a href=\"https:\/\/tenerife-trips.com\/wp-content\/uploads\/2019\/12\/Quad-Teide-7-thegem-gallery-sidebar.jpg\" data-fancybox-group=\"gallery-69e966db445e4\" data-full-image-url=\"https:\/\/tenerife-trips.com\/wp-content\/uploads\/2019\/12\/Quad-Teide-7.jpg\"> <svg width=\"20\" height=\"10\"><path d=\"M 0,10 Q 9,9 10,0 Q 11,9 20,10\" \/><\/svg> <img src=\"https:\/\/tenerife-trips.com\/wp-content\/uploads\/2019\/12\/Quad-Teide-7-thegem-post-thumb-small.jpg\" alt=\"\" class=\"img-responsive\"> <span class=\"gem-gallery-caption slide-info\"> <\/span> <\/a> <span class=\"gem-gallery-line\"><\/span> <\/div> <\/div> <div class=\"gem-gallery-item\"> <div class=\"gem-gallery-item-image\"> <a href=\"https:\/\/tenerife-trips.com\/wp-content\/uploads\/2019\/12\/Quad-Teide-2-thegem-gallery-sidebar.jpg\" data-fancybox-group=\"gallery-69e966db445e4\" data-full-image-url=\"https:\/\/tenerife-trips.com\/wp-content\/uploads\/2019\/12\/Quad-Teide-2.jpg\"> <svg width=\"20\" height=\"10\"><path d=\"M 0,10 Q 9,9 10,0 Q 11,9 20,10\" \/><\/svg> <img src=\"https:\/\/tenerife-trips.com\/wp-content\/uploads\/2019\/12\/Quad-Teide-2-thegem-post-thumb-small.jpg\" alt=\"noleggio quad Tenerife\" class=\"img-responsive\"> <span class=\"gem-gallery-caption slide-info\"> <\/span> <\/a> <span class=\"gem-gallery-line\"><\/span> <\/div> <\/div> <div class=\"gem-gallery-item\"> <div class=\"gem-gallery-item-image\"> <a href=\"https:\/\/tenerife-trips.com\/wp-content\/uploads\/2021\/05\/Quad-Teide-thegem-gallery-sidebar.jpg\" data-fancybox-group=\"gallery-69e966db445e4\" data-full-image-url=\"https:\/\/tenerife-trips.com\/wp-content\/uploads\/2021\/05\/Quad-Teide.jpg\"> <svg width=\"20\" height=\"10\"><path d=\"M 0,10 Q 9,9 10,0 Q 11,9 20,10\" \/><\/svg> <img src=\"https:\/\/tenerife-trips.com\/wp-content\/uploads\/2021\/05\/Quad-Teide-thegem-post-thumb-small.jpg\" alt=\"quad Teide\" class=\"img-responsive\"> <span class=\"gem-gallery-caption slide-info\"> <\/span> <\/a> <span class=\"gem-gallery-line\"><\/span> <\/div> <\/div> <div class=\"gem-gallery-item\"> <div class=\"gem-gallery-item-image\"> <a href=\"https:\/\/tenerife-trips.com\/wp-content\/uploads\/2019\/12\/Quad-Teide-6-thegem-gallery-sidebar.jpg\" data-fancybox-group=\"gallery-69e966db445e4\" data-full-image-url=\"https:\/\/tenerife-trips.com\/wp-content\/uploads\/2019\/12\/Quad-Teide-6.jpg\"> <svg width=\"20\" height=\"10\"><path d=\"M 0,10 Q 9,9 10,0 Q 11,9 20,10\" \/><\/svg> <img src=\"https:\/\/tenerife-trips.com\/wp-content\/uploads\/2019\/12\/Quad-Teide-6-thegem-post-thumb-small.jpg\" alt=\"\" class=\"img-responsive\"> <span class=\"gem-gallery-caption slide-info\"> <\/span> <\/a> <span class=\"gem-gallery-line\"><\/span> <\/div> <\/div> <div class=\"gem-gallery-item\"> <div class=\"gem-gallery-item-image\"> <a href=\"https:\/\/tenerife-trips.com\/wp-content\/uploads\/2019\/12\/Quad-Teide-3-thegem-gallery-sidebar.jpg\" data-fancybox-group=\"gallery-69e966db445e4\" data-full-image-url=\"https:\/\/tenerife-trips.com\/wp-content\/uploads\/2019\/12\/Quad-Teide-3.jpg\"> <svg width=\"20\" height=\"10\"><path d=\"M 0,10 Q 9,9 10,0 Q 11,9 20,10\" \/><\/svg> <img src=\"https:\/\/tenerife-trips.com\/wp-content\/uploads\/2019\/12\/Quad-Teide-3-thegem-post-thumb-small.jpg\" alt=\"wycieczka quadem Teneryfa\" class=\"img-responsive\"> <span class=\"gem-gallery-caption slide-info\"> <\/span> <\/a> <span class=\"gem-gallery-line\"><\/span> <\/div> <\/div> <div class=\"gem-gallery-item\"> <div class=\"gem-gallery-item-image\"> <a href=\"https:\/\/tenerife-trips.com\/wp-content\/uploads\/2019\/12\/Quad-Teide-5-thegem-gallery-sidebar.jpg\" data-fancybox-group=\"gallery-69e966db445e4\" data-full-image-url=\"https:\/\/tenerife-trips.com\/wp-content\/uploads\/2019\/12\/Quad-Teide-5.jpg\"> <svg width=\"20\" height=\"10\"><path d=\"M 0,10 Q 9,9 10,0 Q 11,9 20,10\" \/><\/svg> <img src=\"https:\/\/tenerife-trips.com\/wp-content\/uploads\/2019\/12\/Quad-Teide-5-thegem-post-thumb-small.jpg\" alt=\"quad tour Tenerife\" class=\"img-responsive\"> <span class=\"gem-gallery-caption slide-info\"> <\/span> <\/a> <span class=\"gem-gallery-line\"><\/span> <\/div> <\/div> <\/div>[vc_empty_space][\/vc_column][\/vc_row][vc_row full_width=&#8221;stretch_row&#8221; content_placement=&#8221;middle&#8221; css=&#8221;.vc_custom_1577674549490{background-color: #312c7a !important;background-position: center !important;background-repeat: no-repeat !important;background-size: cover !important;}&#8221;][vc_column][vc_column_text]<\/p>\n<h3 style=\"text-align: center;\"><span style=\"color: #ffffff; font-size: 18pt;\">DESCRIPCI\u00d3N<\/span><\/h3>\n<p>[\/vc_column_text][\/vc_column][\/vc_row][vc_row full_width=&#8221;stretch_row_content&#8221; content_placement=&#8221;middle&#8221;][vc_column][vc_tta_accordion style=&#8221;simple_solid&#8221; color=&#8221;blue&#8221; c_icon=&#8221;chevron&#8221; active_section=&#8221;-0&#8243; css_animation=&#8221;fadeIn&#8221; no_fill=&#8221;true&#8221; collapsible_all=&#8221;true&#8221; css=&#8221;.vc_custom_1577021524719{background-position: center !important;background-repeat: no-repeat !important;background-size: cover !important;}&#8221;][vc_tta_section title=&#8221;EXPLICACI\u00d3N DEL VIAJE&#8221; tab_id=&#8221;1577674533422-270e54e1-5ade&#8221;][vc_column_text]<\/p>\n<h3><span style=\"font-size: 12pt;\">El quad tour tenerife le llevar\u00e1 a la base del pico de Teide, delante del tercer volc\u00e1n m\u00e1s alto del mundo despu\u00e9s de los hawaianos Mauna Kea hawaiano y el Mauna Loa.<\/span><\/h3>\n<p>\u00a1El quad tour Tenerife es definitivamente una de las <a href=\"https:\/\/tenerife-trips.com\/es\/que-hacer-en-tenerife\/?lang=es\" target=\"_blank\" rel=\"noopener\">mejores excursiones recomendadas<\/a> si quiere disfrutar activamente de su vacaci\u00f3n! La isla es un lugar donde hay muchos paisajes incre\u00edbles para ver. Por lo tanto, le sugerimos que no se recueste en la playa todo el tiempo o se perder\u00e1 lo mejor.<\/p>\n<p>En primer lugar, le recogemos cerca de su alojamiento en el sur o oeste de la isla. Luego le llevamos al garaje donde tenemos los quads, aqu\u00ed comienza el quad tour Tenerife. Despu\u00e9s de una explicaci\u00f3n r\u00e1pida de las reglas de seguridad, le proporcionamos todo el equipo y nos sentamos en los veh\u00edculos. Conducimos en direcci\u00f3n Parque Nacional del Teide por la carretera principal que asciende las monta\u00f1as. Al atravesar un hermoso bosque de pinos canarios podemos contemplar fantasticos panoramas.<\/p>\n<h3><span style=\"font-size: 12pt;\">Nuestros gu\u00edas, uno al frente y uno en la parte posterior del grupo, controlar\u00e1n el tr\u00e1fico. le ayudar\u00e1n en caso de que necesite algo durante el quad tour Tenerife. Una vez que llegamos a la meseta a 2200 metros, paramos en los mejores puntos de vista panor\u00e1micos.<\/span><\/h3>\n<p>Queremos que disfrute totalmente del espectacular <a href=\"https:\/\/es.wikipedia.org\/wiki\/Parque_nacional_del_Teide\" target=\"_blank\" rel=\"noopener\">Parque Nacional del Teide<\/a>, patrimonio mundial del UNESCO. Este lugar es tan particular que muchos directores de cine famosos lo eligieron para sus escenas. Algunas pel\u00edculas especialmente relevantes son &#8220;El planeta de los simios&#8221; de 1968 y &#8220;Furia de titanes&#8221; de 2010.<\/p>\n<p>El quad tour Tenerife dura 3 horas en total desde que comienza a conducir y es principalmente por la carretera. Durante la excursi\u00f3n sacaremos fotos de usted que puede comprar al final si est\u00e1 interesado. Puede sentarte en un quad solo (individual) o compartir uno con otra persona (doble).<\/p>\n<p><span style=\"text-decoration: underline; color: #ff0000;\"><strong>Para la excursi\u00f3n tiene que tener una carnet valido si quiere conducir; los ni\u00f1os deben tener al menos 7 a\u00f1os de edad. Tenga en cuenta que cada quad puede transportar un m\u00e1ximo de 150 kg.<\/strong><\/span><\/p>\n<p><strong>\u00a1No lo dude, reserve su mejor viaje ahora mismo!<\/strong>[\/vc_column_text][\/vc_tta_section][vc_tta_section title=&#8221;HORARIO Y SERVICIO DE RECOGIDA&#8221; tab_id=&#8221;1577674533461-085e9fb0-2e73&#8243;][vc_column_text]Por favor p\u00f3ngase en contacto con nuestro servicio de atenci\u00f3n al cliente a trav\u00e9s del chat en vivo y verifique la disponibilidad y las condiciones de transporte desde su zona antes de reservar.<\/p>\n<p><span style=\"text-decoration: underline;\"><span style=\"color: #ff0000; text-decoration: underline;\">HORARIO:<\/span><\/span><\/p>\n<p>Todos los d\u00edas.<\/p>\n<p><strong>\u00a1Mire el v\u00eddeo, hagase una idea de qu\u00e9 se trata y res\u00e9rvelo ahora mismo!<\/strong>[\/vc_column_text][\/vc_tta_section][\/vc_tta_accordion][\/vc_column][\/vc_row][vc_row full_width=&#8221;stretch_row_content&#8221; content_placement=&#8221;middle&#8221; css=&#8221;.vc_custom_1576709624172{background-color: #312c7a !important;background-position: center !important;background-repeat: no-repeat !important;background-size: cover !important;}&#8221;][vc_column][vc_column_text]<\/p>\n<h3 style=\"text-align: center;\"><strong><span style=\"color: #ffffff; font-size: 18pt;\">comprar ya<\/span><\/strong><\/h3>\n<p>[\/vc_column_text][\/vc_column][\/vc_row]<\/p>\n<\/div>","protected":false},"excerpt":{"rendered":"<p>[vc_row full_width=&#8221;stretch_row_content_no_spaces&#8221;][vc_column][vc_column_text css=&#8221;.vc_custom_1743592075816{background-color: #F6EB14 !important;background-position: center !important;background-repeat: no-repeat !important;background-size: cover !important;}&#8221; css_animation=&#8221;fadeIn&#8221;] QUAD TEIDE [\/vc_column_text][\/vc_column][\/vc_row][vc_row][vc_column][vc_column_text] El quad tour Tenerife le&#8230;<\/p>\n","protected":false},"featured_media":582960,"template":"","meta":{"_acf_changed":false,"_seopress_robots_primary_cat":"0","_seopress_titles_title":"Quad tour Tenerife, un recorrido por el Parque Nacional del Teide","_seopress_titles_desc":"El quad tour Tenerife es un viaje a trav\u00e9s del Parque Nacional del Teide; descubra los impresionantes panoramas de este sitio \u00fanico al mundo","_seopress_robots_index":""},"product_brand":[],"product_cat":[2240],"product_tag":[2250,2247,2249],"class_list":{"0":"post-45777","1":"product","2":"type-product","3":"status-publish","4":"has-post-thumbnail","6":"product_cat-aventuras-en-terreno","7":"product_tag-conducir-quad-tenerife","8":"product_tag-quad-tenerife-es","9":"product_tag-teide-tour-es","11":"first","12":"instock","13":"virtual","14":"sold-individually","15":"taxable","16":"purchasable","17":"product-type-booking"},"booking_location":"","booking_location_type":"","booking_duration":1,"booking_duration_unit":"day","booking_buffer":0,"booking_cost":0,"booking_resources":[],"acf":[],"_links":{"self":[{"href":"https:\/\/tenerife-trips.com\/es\/wp-json\/wp\/v2\/product\/45777","targetHints":{"allow":["GET"]}}],"collection":[{"href":"https:\/\/tenerife-trips.com\/es\/wp-json\/wp\/v2\/product"}],"about":[{"href":"https:\/\/tenerife-trips.com\/es\/wp-json\/wp\/v2\/types\/product"}],"wp:featuredmedia":[{"embeddable":true,"href":"https:\/\/tenerife-trips.com\/es\/wp-json\/wp\/v2\/media\/582960"}],"wp:attachment":[{"href":"https:\/\/tenerife-trips.com\/es\/wp-json\/wp\/v2\/media?parent=45777"}],"wp:term":[{"taxonomy":"product_brand","embeddable":true,"href":"https:\/\/tenerife-trips.com\/es\/wp-json\/wp\/v2\/product_brand?post=45777"},{"taxonomy":"product_cat","embeddable":true,"href":"https:\/\/tenerife-trips.com\/es\/wp-json\/wp\/v2\/product_cat?post=45777"},{"taxonomy":"product_tag","embeddable":true,"href":"https:\/\/tenerife-trips.com\/es\/wp-json\/wp\/v2\/product_tag?post=45777"}],"curies":[{"name":"wp","href":"https:\/\/api.w.org\/{rel}","templated":true}]}}