{"id":45781,"date":"2018-01-16T19:41:31","date_gmt":"2018-01-16T19:41:31","guid":{"rendered":"https:\/\/tenerife-trips.com\/product\/sin%20categor\u00eda\/teide-medio-dia\/"},"modified":"2025-12-02T20:54:48","modified_gmt":"2025-12-02T20:54:48","slug":"excursiones-al-teide","status":"publish","type":"product","link":"https:\/\/tenerife-trips.com\/es\/product\/viajes-en-bus\/excursiones-al-teide\/","title":{"rendered":"TEIDE TOUR"},"content":{"rendered":"<div class=\"wpb-content-wrapper\"><p>[vc_row full_width=&#8221;stretch_row_content_no_spaces&#8221;][vc_column][vc_column_text css=&#8221;.vc_custom_1743592258209{background-color: #F6EB14 !important;background-position: center !important;background-repeat: no-repeat !important;background-size: cover !important;}&#8221; css_animation=&#8221;fadeIn&#8221;]<\/p>\n<h1 class=\"title-h2\" style=\"text-align: center;\"><span style=\"font-size: 18pt; color: #312c7a;\">TEIDE TOUR<\/span><\/h1>\n<p>[\/vc_column_text][\/vc_column][\/vc_row][vc_row][vc_column][vc_column_text]<\/p>\n<p style=\"text-align: center;\">Excursiones al <a href=\"https:\/\/www.tenerife-trips.com\/mejores-lugares-de-tenerife\/?lang=es\" target=\"_blank\" rel=\"noopener\">Teide<\/a> , entre las visitas tur\u00edsticas m\u00e1s famosas encontramos definitivamente la del Parque Nacional del Teide. Declarado Patrimonio de la Humanidad por la UNESCO en 2007, el parque es el hogar del volc\u00e1n Teide. Con sus 3718 metros, este es el tercero m\u00e1s alto del mundo despu\u00e9s del los hawaianos <a href=\"https:\/\/www.gohawaii.com\/es\" target=\"_blank\" rel=\"noopener\">Mauna Kea y Mauna Loa<\/a>.<\/p>\n<p style=\"text-align: center;\"><strong>\u21d3 Ver m\u00e1s descripci\u00f3n a continuaci\u00f3n \u21d3<\/strong><\/p>\n<p>[\/vc_column_text][\/vc_column][\/vc_row][vc_row full_width=&#8221;stretch_row_content&#8221; full_height=&#8221;yes&#8221; css=&#8221;.vc_custom_1576192123211{background-color: #312c7a !important;background-position: center !important;background-repeat: no-repeat !important;background-size: cover !important;}&#8221;][vc_column]<div class=\"gem-vimeo gem-wrapbox gem-wrapbox-style-no-style rounded-corners gem-wrapbox-position-below\" style=\"width: 100%;\"><div class=\"gem-wrapbox-inner gem-ratio-style\" style=\"padding-top: 56.25%\"><iframe webkitallowfullscreen=\"true\" mozallowfullscreen=\"true\" allowfullscreen=\"true\" class=\"gem-wrapbox-element img-responsive\" frameborder=\"0\" scrolling=\"no\" marginheight=\"0\" marginwidth=\"0\" src=\"\/\/player.vimeo.com\/video\/379122731?title=0&amp;byline=0&amp;portrait=0 \"><\/iframe><\/div><\/div>[vc_empty_space]<div class=\"preloader\"><div class=\"preloader-spin\"><\/div><\/div> <div id=\"gem-gallery-69dec0c63b1d0\" class=\"gem-gallery gem-gallery-hover-zooming-blur\"> <div class=\"gem-gallery-item\"> <div class=\"gem-gallery-item-image\"> <a href=\"https:\/\/tenerife-trips.com\/wp-content\/uploads\/2018\/01\/web4-thegem-gallery-sidebar.jpg\" data-fancybox-group=\"gallery-69dec0c63b1d0\" data-full-image-url=\"https:\/\/tenerife-trips.com\/wp-content\/uploads\/2018\/01\/web4.jpg\"> <svg width=\"20\" height=\"10\"><path d=\"M 0,10 Q 9,9 10,0 Q 11,9 20,10\" \/><\/svg> <img src=\"https:\/\/tenerife-trips.com\/wp-content\/uploads\/2018\/01\/web4-thegem-post-thumb-small.jpg\" alt=\"Tenerife sightseeing\" class=\"img-responsive\"> <span class=\"gem-gallery-caption slide-info\"> <\/span> <\/a> <span class=\"gem-gallery-line\"><\/span> <\/div> <\/div> <div class=\"gem-gallery-item\"> <div class=\"gem-gallery-item-image\"> <a href=\"https:\/\/tenerife-trips.com\/wp-content\/uploads\/2018\/01\/web1-1-thegem-gallery-sidebar.jpg\" data-fancybox-group=\"gallery-69dec0c63b1d0\" data-full-image-url=\"https:\/\/tenerife-trips.com\/wp-content\/uploads\/2018\/01\/web1-1.jpg\"> <svg width=\"20\" height=\"10\"><path d=\"M 0,10 Q 9,9 10,0 Q 11,9 20,10\" \/><\/svg> <img src=\"https:\/\/tenerife-trips.com\/wp-content\/uploads\/2018\/01\/web1-1-thegem-post-thumb-small.jpg\" alt=\"\" class=\"img-responsive\"> <span class=\"gem-gallery-caption slide-info\"> <\/span> <\/a> <span class=\"gem-gallery-line\"><\/span> <\/div> <\/div> <div class=\"gem-gallery-item\"> <div class=\"gem-gallery-item-image\"> <a href=\"https:\/\/tenerife-trips.com\/wp-content\/uploads\/2018\/01\/web3-thegem-gallery-sidebar.jpg\" data-fancybox-group=\"gallery-69dec0c63b1d0\" data-full-image-url=\"https:\/\/tenerife-trips.com\/wp-content\/uploads\/2018\/01\/web3.jpg\"> <svg width=\"20\" height=\"10\"><path d=\"M 0,10 Q 9,9 10,0 Q 11,9 20,10\" \/><\/svg> <img src=\"https:\/\/tenerife-trips.com\/wp-content\/uploads\/2018\/01\/web3-thegem-post-thumb-small.jpg\" alt=\"Tenerife sightseeing\" class=\"img-responsive\"> <span class=\"gem-gallery-caption slide-info\"> <\/span> <\/a> <span class=\"gem-gallery-line\"><\/span> <\/div> <\/div> <div class=\"gem-gallery-item\"> <div class=\"gem-gallery-item-image\"> <a href=\"https:\/\/tenerife-trips.com\/wp-content\/uploads\/2018\/01\/2web-thegem-gallery-sidebar.jpg\" data-fancybox-group=\"gallery-69dec0c63b1d0\" data-full-image-url=\"https:\/\/tenerife-trips.com\/wp-content\/uploads\/2018\/01\/2web.jpg\"> <svg width=\"20\" height=\"10\"><path d=\"M 0,10 Q 9,9 10,0 Q 11,9 20,10\" \/><\/svg> <img src=\"https:\/\/tenerife-trips.com\/wp-content\/uploads\/2018\/01\/2web-thegem-post-thumb-small.jpg\" alt=\"escursione al Teide Tenerife\" class=\"img-responsive\"> <span class=\"gem-gallery-caption slide-info\"> <\/span> <\/a> <span class=\"gem-gallery-line\"><\/span> <\/div> <\/div> <\/div>[\/vc_column][\/vc_row][vc_row full_width=&#8221;stretch_row&#8221; css=&#8221;.vc_custom_1577673501725{background-color: #312c7a !important;background-position: center !important;background-repeat: no-repeat !important;background-size: cover !important;}&#8221;][vc_column][vc_column_text]<\/p>\n<h3 style=\"text-align: center;\"><span style=\"color: #ffffff; font-size: 18pt;\">DESCRIPCI\u00d3N<\/span><\/h3>\n<p>[\/vc_column_text][\/vc_column][\/vc_row][vc_row][vc_column][vc_tta_accordion style=&#8221;simple_solid&#8221; color=&#8221;blue&#8221; c_icon=&#8221;chevron&#8221; active_section=&#8221;-0&#8243; css_animation=&#8221;fadeIn&#8221; no_fill=&#8221;true&#8221; collapsible_all=&#8221;true&#8221;][vc_tta_section title=&#8221;EXPLICACI\u00d3N DEL VIAJE&#8221; tab_id=&#8221;1577673478036-8fb4431e-f2ed&#8221;][vc_column_text]<\/p>\n<h3><span style=\"font-size: 12pt;\">Entre las varias excursiones al Teide, el viaje en autob\u00fas es la mas popular. Primero le recogemos cerca de su alojamiento. el servicio de recogida est\u00e1 <\/span><span style=\"font-size: 12pt;\">disponible en el oeste y sur desde la zona de Los Gigantes hasta El M\u00e9dano y en el norte desde Puerto de la Cruz. le recomendamos consultar con nosotros la disponibilidad del transporte desde su zona antes de reservar.<\/span><\/h3>\n<p>Empezamos nuestra excursi\u00f3n viajando a trav\u00e9s del bosque de pinos canarios, una verdadera belleza de la naturaleza. En aproximadamente una hora llegamos a la meseta a 2200 metros de altitud. Aqu\u00ed se encuentra el majestuoso pico del Teide, la monta\u00f1a m\u00e1s alta de Espa\u00f1a.<\/p>\n<p>Para los guanches, el Teide era un lugar sagrado, lo consideraban la puerta del infierno. Estos abor\u00edgenes habitaron Tenerife antes de que los espa\u00f1oles conquistaran la isla en 1496.<br \/>\nEl paisaje lunar del parque nacional que se visita en las excursiones al Teide ha inspirado a muchos directores de cine que lo eligieron para sus escenas. Algunas pel\u00edculas especialmente relevantes son &#8220;El planeta de los simios&#8221; de 1968 y &#8220;Furia de titanes&#8221; de 2010.<\/p>\n<h3><span style=\"font-size: 12pt;\">Durante las excursiones al Teide nos detenemos en el centro del Parque Nacional. Aqu\u00ed encontramos el lugar m\u00e1s popular de &#8220;Roques de Garc\u00eda&#8221; donde tiene tiempo libre para dar un paseo. Adem\u00e1s, puede admirar el pico del Teide desde su base y disfrutar del magn\u00edfico paisaje lunar.<\/span><\/h3>\n<p>Las personas que desean subir a la cima del volc\u00e1n (3550 metros) con el <span style=\"color: #ff0000;\">telef\u00e9rico<\/span> pueden comprar el <span style=\"color: #ff0000;\">ticket<\/span> de nosotros. <span style=\"color: #ff0000;\">Aseg\u00farese de agregarlo en la reserva porque no es posible comprarlo en el parque.<\/span> El precio es de 40\u20ac por adulto a partir de 14 a\u00f1os y 20\u20ac por ni\u00f1o de 3 a 13 a\u00f1os. <span style=\"color: #ff0000;\">No se permite el ascenso en telef\u00e9rico a ni\u00f1os menores de 3 a\u00f1os por riesgo de da\u00f1os a la salud debido a la altura<\/span>. En caso de que el telef\u00e9rico est\u00e9 cerrado por malas condiciones meteorol\u00f3gicas los d\u00edas de las excursiones al Teide p\u00f3ngase en contacto con nosotros y le reembolsaremos \u00edntegramente el precio pagado.<\/p>\n<p>Finalmente, cuando todos hayan disfrutado plenamente de la excursi\u00f3n, dejamos el parque. Estamos de regreso en el punto de partida aproximadamente una hora despu\u00e9s de que nos fuimos. Por supuesto le llevamos al mismo lugar donde le recogimos.<\/p>\n<h3><span style=\"font-size: 12pt;\">Nuestro gu\u00eda tur\u00edstico le proporcionar\u00e1 informaciones interesantes sobre el parque. <\/span><span style=\"font-size: 12pt;\">aseg\u00farese de consultar con nosotros los idiomas disponibles antes de reservar la excursi\u00f3n.<\/span><\/h3>\n<p><span style=\"color: #ff0000;\">Se recuerda a todos los clientes que participan en las excursiones al Teide que no dejen ning\u00fan tipo de objeto personal de valor en el autob\u00fas al bajarse para visitar los lugares. La empresa no asume responsabilidad por ninguna p\u00e9rdida o robo de art\u00edculos personales de ning\u00fan tipo.<\/span>[\/vc_column_text][\/vc_tta_section][vc_tta_section title=&#8221;HORARIO Y SERVICIO DE RECOGIDA&#8221; tab_id=&#8221;1577673478089-411efe0d-3995&#8243;][vc_column_text]La recogida cerca de su alojamiento est\u00e1 incluida en el precio; este servicio est\u00e1 disponible en el oeste y sur desde la zona de Los Gigantes hasta El M\u00e9dano y en el norte desde Puerto de la Cruz. Le recomendamos que consulte con nosotros la disponibilidad de transporte desde su zona antes de reservar.<\/p>\n<p><span style=\"text-decoration: underline;\"><span style=\"color: #ff0000;\"><strong>HORARIO:<\/strong><\/span><\/span><\/p>\n<p>Pregunte a nuestro servicio de atenci\u00f3n al cliente en qu\u00e9 d\u00edas es posible realizar la excursi\u00f3n.<\/p>\n<p><strong>\u00a1MIRE EL V\u00cdDEO, HAGASE UNA IDEA DE QUE SE TRATA Y RESERVE AHORA MISMO!<\/strong>[\/vc_column_text][\/vc_tta_section][\/vc_tta_accordion]<style type=\"text\/css\">.thegem-button-69dec0c63caf42826 .gem-button svg {fill: #ffffff;}.thegem-button-69dec0c63caf42826 .gem-button:hover svg {fill: #312c7a;}<\/style><div class=\"gem-button-container gem-button-position-center thegem-button-69dec0c63caf42826    \"  ><a class=\"gem-button gem-button-size-small gem-button-style-flat gem-button-text-weight-normal\" data-ll-effect=\"drop-right-without-wrap\" style=\"border-radius: 3px;background-color: #312c7a;color: #ffffff;\" onmouseleave=\"this.style.backgroundColor='#312c7a';this.style.color='#ffffff';\" onmouseenter=\"this.style.backgroundColor='#f6eb14';this.style.color='#312c7a';\" href=\"#precios-teide\" target=\"_self\">PRECIOS<\/a><\/div> [\/vc_column][\/vc_row][vc_row full_width=&#8221;stretch_row_content&#8221; content_placement=&#8221;middle&#8221; css=&#8221;.vc_custom_1577490015218{background-color: #312c7a !important;background-position: center !important;background-repeat: no-repeat !important;background-size: cover !important;}&#8221;][vc_column][vc_column_text]<\/p>\n<h3 style=\"text-align: center;\"><span style=\"font-size: 18pt;\"><strong><span style=\"color: #ffffff;\">COMPRAR YA<\/span><\/strong><\/span><\/h3>\n<p>[\/vc_column_text][vc_empty_space height=&#8221;10px&#8221; el_id=&#8221;precios-teide&#8221;][\/vc_column][\/vc_row]<\/p>\n<\/div>","protected":false},"excerpt":{"rendered":"<p>[vc_row full_width=&#8221;stretch_row_content_no_spaces&#8221;][vc_column][vc_column_text css=&#8221;.vc_custom_1743592258209{background-color: #F6EB14 !important;background-position: center !important;background-repeat: no-repeat !important;background-size: cover !important;}&#8221; css_animation=&#8221;fadeIn&#8221;] TEIDE TOUR [\/vc_column_text][\/vc_column][\/vc_row][vc_row][vc_column][vc_column_text] Excursiones al Teide , entre&#8230;<\/p>\n","protected":false},"featured_media":42857,"template":"","meta":{"_acf_changed":false,"_seopress_robots_primary_cat":"0","_seopress_titles_title":"Excursiones al Teide, un viaje en autob\u00fas para descubrir el parque","_seopress_titles_desc":"Una de las mejores visitas tur\u00edsticas de Tenerife son las excursiones al Teide. Descubra su paisaje lunar en un viaje en autob\u00fas hasta el pico del volc\u00e1n","_seopress_robots_index":""},"product_brand":[],"product_cat":[2234],"product_tag":[2417,2420,2418,2419],"class_list":{"0":"post-45781","1":"product","2":"type-product","3":"status-publish","4":"has-post-thumbnail","6":"product_cat-viajes-en-bus","7":"product_tag-excursion-en-autobus-tenerife","8":"product_tag-excursion-teide-es","9":"product_tag-excursiones-tenerife","10":"product_tag-visitar-teide","12":"first","13":"instock","14":"virtual","15":"sold-individually","16":"purchasable","17":"product-type-booking"},"booking_location":"","booking_location_type":"","booking_duration":1,"booking_duration_unit":"day","booking_buffer":0,"booking_cost":0,"booking_resources":[],"acf":[],"_links":{"self":[{"href":"https:\/\/tenerife-trips.com\/es\/wp-json\/wp\/v2\/product\/45781","targetHints":{"allow":["GET"]}}],"collection":[{"href":"https:\/\/tenerife-trips.com\/es\/wp-json\/wp\/v2\/product"}],"about":[{"href":"https:\/\/tenerife-trips.com\/es\/wp-json\/wp\/v2\/types\/product"}],"wp:featuredmedia":[{"embeddable":true,"href":"https:\/\/tenerife-trips.com\/es\/wp-json\/wp\/v2\/media\/42857"}],"wp:attachment":[{"href":"https:\/\/tenerife-trips.com\/es\/wp-json\/wp\/v2\/media?parent=45781"}],"wp:term":[{"taxonomy":"product_brand","embeddable":true,"href":"https:\/\/tenerife-trips.com\/es\/wp-json\/wp\/v2\/product_brand?post=45781"},{"taxonomy":"product_cat","embeddable":true,"href":"https:\/\/tenerife-trips.com\/es\/wp-json\/wp\/v2\/product_cat?post=45781"},{"taxonomy":"product_tag","embeddable":true,"href":"https:\/\/tenerife-trips.com\/es\/wp-json\/wp\/v2\/product_tag?post=45781"}],"curies":[{"name":"wp","href":"https:\/\/api.w.org\/{rel}","templated":true}]}}