{"id":45786,"date":"2021-08-05T03:49:24","date_gmt":"2021-08-05T02:49:24","guid":{"rendered":"https:\/\/tenerife-trips.com\/product\/sin%20categor\u00eda\/noroeste\/"},"modified":"2025-12-02T20:37:19","modified_gmt":"2025-12-02T20:37:19","slug":"que-ver-en-tenerife","status":"publish","type":"product","link":"https:\/\/tenerife-trips.com\/es\/product\/viajes-en-bus\/que-ver-en-tenerife\/","title":{"rendered":"NORESTE"},"content":{"rendered":"<div class=\"wpb-content-wrapper\"><p>[vc_row full_width=&#8221;stretch_row_content_no_spaces&#8221;][vc_column][vc_column_text css=&#8221;.vc_custom_1743588927767{background-color: #F6EB14 !important;background-position: center !important;background-repeat: no-repeat !important;background-size: cover !important;}&#8221; css_animation=&#8221;fadeIn&#8221;]<\/p>\n<h1 class=\"title-h2\" style=\"text-align: center;\"><span style=\"font-size: 18pt; color: #312c7a;\">NORESTE<\/span><\/h1>\n<p>[\/vc_column_text][\/vc_column][\/vc_row][vc_row][vc_column][vc_column_text]<\/p>\n<p style=\"text-align: center;\">\u00bfPensando en que ver en Tenerife?<\/p>\n<p style=\"text-align: center;\">Bueno, el lugar que est\u00e1s visitando es uno de los destinos tur\u00edsticos m\u00e1s populares del mundo; la raz\u00f3n es la belleza de la isla con sus atracciones naturales, junto con su clima perfecto.<\/p>\n<p style=\"text-align: center;\"><strong>\u21d3 Ver m\u00e1s descripci\u00f3n a continuaci\u00f3n \u21d3<\/strong><\/p>\n<p>[\/vc_column_text][\/vc_column][\/vc_row][vc_row full_width=&#8221;stretch_row_content&#8221; full_height=&#8221;yes&#8221; css=&#8221;.vc_custom_1576192123211{background-color: #312c7a !important;background-position: center !important;background-repeat: no-repeat !important;background-size: cover !important;}&#8221;][vc_column]<div class=\"gem-vimeo gem-wrapbox gem-wrapbox-style-no-style rounded-corners gem-wrapbox-position-below\" style=\"width: 100%;\"><div class=\"gem-wrapbox-inner gem-ratio-style\" style=\"padding-top: 56.25%\"><iframe webkitallowfullscreen=\"true\" mozallowfullscreen=\"true\" allowfullscreen=\"true\" class=\"gem-wrapbox-element img-responsive\" frameborder=\"0\" scrolling=\"no\" marginheight=\"0\" marginwidth=\"0\" src=\"\/\/player.vimeo.com\/video\/676568455?title=0&amp;byline=0&amp;portrait=0 \"><\/iframe><\/div><\/div>[vc_empty_space]<div class=\"preloader\"><div class=\"preloader-spin\"><\/div><\/div> <div id=\"gem-gallery-69e343eb57756\" class=\"gem-gallery gem-gallery-hover-zooming-blur\"> <div class=\"gem-gallery-item\"> <div class=\"gem-gallery-item-image\"> <a href=\"https:\/\/tenerife-trips.com\/wp-content\/uploads\/2021\/12\/cosa-vedere-a-Tenerife-nord-1-thegem-gallery-sidebar.png\" data-fancybox-group=\"gallery-69e343eb57756\" data-full-image-url=\"https:\/\/tenerife-trips.com\/wp-content\/uploads\/2021\/12\/cosa-vedere-a-Tenerife-nord-1.png\"> <svg width=\"20\" height=\"10\"><path d=\"M 0,10 Q 9,9 10,0 Q 11,9 20,10\" \/><\/svg> <img src=\"https:\/\/tenerife-trips.com\/wp-content\/uploads\/2021\/12\/cosa-vedere-a-Tenerife-nord-1-thegem-post-thumb-small.png\" alt=\"cosa vedere a Tenerife nord\" class=\"img-responsive\"> <span class=\"gem-gallery-caption slide-info\"> <\/span> <\/a> <span class=\"gem-gallery-line\"><\/span> <\/div> <\/div> <div class=\"gem-gallery-item\"> <div class=\"gem-gallery-item-image\"> <a href=\"https:\/\/tenerife-trips.com\/wp-content\/uploads\/2021\/08\/what-to-see-in-Tenerife-1-thegem-gallery-sidebar.png\" data-fancybox-group=\"gallery-69e343eb57756\" data-full-image-url=\"https:\/\/tenerife-trips.com\/wp-content\/uploads\/2021\/08\/what-to-see-in-Tenerife-1.png\"> <svg width=\"20\" height=\"10\"><path d=\"M 0,10 Q 9,9 10,0 Q 11,9 20,10\" \/><\/svg> <img src=\"https:\/\/tenerife-trips.com\/wp-content\/uploads\/2021\/08\/what-to-see-in-Tenerife-1-thegem-post-thumb-small.png\" alt=\"what to see in Tenerife\" class=\"img-responsive\"> <span class=\"gem-gallery-caption slide-info\"> <\/span> <\/a> <span class=\"gem-gallery-line\"><\/span> <\/div> <\/div> <div class=\"gem-gallery-item\"> <div class=\"gem-gallery-item-image\"> <a href=\"https:\/\/tenerife-trips.com\/wp-content\/uploads\/2019\/12\/Teneryfa-zwiedzanie-thegem-gallery-sidebar.png\" data-fancybox-group=\"gallery-69e343eb57756\" data-full-image-url=\"https:\/\/tenerife-trips.com\/wp-content\/uploads\/2019\/12\/Teneryfa-zwiedzanie.png\"> <svg width=\"20\" height=\"10\"><path d=\"M 0,10 Q 9,9 10,0 Q 11,9 20,10\" \/><\/svg> <img src=\"https:\/\/tenerife-trips.com\/wp-content\/uploads\/2019\/12\/Teneryfa-zwiedzanie-thegem-post-thumb-small.png\" alt=\"Teneryfa zwiedzanie\" class=\"img-responsive\"> <span class=\"gem-gallery-caption slide-info\"> <\/span> <\/a> <span class=\"gem-gallery-line\"><\/span> <\/div> <\/div> <div class=\"gem-gallery-item\"> <div class=\"gem-gallery-item-image\"> <a href=\"https:\/\/tenerife-trips.com\/wp-content\/uploads\/2019\/12\/Teneryfa-zwiedzanie-1-thegem-gallery-sidebar.png\" data-fancybox-group=\"gallery-69e343eb57756\" data-full-image-url=\"https:\/\/tenerife-trips.com\/wp-content\/uploads\/2019\/12\/Teneryfa-zwiedzanie-1.png\"> <svg width=\"20\" height=\"10\"><path d=\"M 0,10 Q 9,9 10,0 Q 11,9 20,10\" \/><\/svg> <img src=\"https:\/\/tenerife-trips.com\/wp-content\/uploads\/2019\/12\/Teneryfa-zwiedzanie-1-thegem-post-thumb-small.png\" alt=\"Teneryfa zwiedzanie\" class=\"img-responsive\"> <span class=\"gem-gallery-caption slide-info\"> <\/span> <\/a> <span class=\"gem-gallery-line\"><\/span> <\/div> <\/div> <div class=\"gem-gallery-item\"> <div class=\"gem-gallery-item-image\"> <a href=\"https:\/\/tenerife-trips.com\/wp-content\/uploads\/2019\/12\/que-ver-en-Tenerife-1-thegem-gallery-sidebar.png\" data-fancybox-group=\"gallery-69e343eb57756\" data-full-image-url=\"https:\/\/tenerife-trips.com\/wp-content\/uploads\/2019\/12\/que-ver-en-Tenerife-1.png\"> <svg width=\"20\" height=\"10\"><path d=\"M 0,10 Q 9,9 10,0 Q 11,9 20,10\" \/><\/svg> <img src=\"https:\/\/tenerife-trips.com\/wp-content\/uploads\/2019\/12\/que-ver-en-Tenerife-1-thegem-post-thumb-small.png\" alt=\"que ver en Tenerife\" class=\"img-responsive\"> <span class=\"gem-gallery-caption slide-info\"> <\/span> <\/a> <span class=\"gem-gallery-line\"><\/span> <\/div> <\/div> <div class=\"gem-gallery-item\"> <div class=\"gem-gallery-item-image\"> <a href=\"https:\/\/tenerife-trips.com\/wp-content\/uploads\/2019\/12\/sehenswurdigkeiten-auf-Teneriffa-thegem-gallery-sidebar.png\" data-fancybox-group=\"gallery-69e343eb57756\" data-full-image-url=\"https:\/\/tenerife-trips.com\/wp-content\/uploads\/2019\/12\/sehenswurdigkeiten-auf-Teneriffa.png\"> <svg width=\"20\" height=\"10\"><path d=\"M 0,10 Q 9,9 10,0 Q 11,9 20,10\" \/><\/svg> <img src=\"https:\/\/tenerife-trips.com\/wp-content\/uploads\/2019\/12\/sehenswurdigkeiten-auf-Teneriffa-thegem-post-thumb-small.png\" alt=\"sehensw\u00fcrdigkeiten Teneriffa\" class=\"img-responsive\"> <span class=\"gem-gallery-caption slide-info\"> <\/span> <\/a> <span class=\"gem-gallery-line\"><\/span> <\/div> <\/div> <div class=\"gem-gallery-item\"> <div class=\"gem-gallery-item-image\"> <a href=\"https:\/\/tenerife-trips.com\/wp-content\/uploads\/2019\/12\/sehenswurdigkeiten-auf-Teneriffa-1-thegem-gallery-sidebar.png\" data-fancybox-group=\"gallery-69e343eb57756\" data-full-image-url=\"https:\/\/tenerife-trips.com\/wp-content\/uploads\/2019\/12\/sehenswurdigkeiten-auf-Teneriffa-1.png\"> <svg width=\"20\" height=\"10\"><path d=\"M 0,10 Q 9,9 10,0 Q 11,9 20,10\" \/><\/svg> <img src=\"https:\/\/tenerife-trips.com\/wp-content\/uploads\/2019\/12\/sehenswurdigkeiten-auf-Teneriffa-1-thegem-post-thumb-small.png\" alt=\"sehensw\u00fcrdigkeiten Teneriffa\" class=\"img-responsive\"> <span class=\"gem-gallery-caption slide-info\"> <\/span> <\/a> <span class=\"gem-gallery-line\"><\/span> <\/div> <\/div> <div class=\"gem-gallery-item\"> <div class=\"gem-gallery-item-image\"> <a href=\"https:\/\/tenerife-trips.com\/wp-content\/uploads\/2019\/12\/que-ver-en-Tenerife-thegem-gallery-sidebar.png\" data-fancybox-group=\"gallery-69e343eb57756\" data-full-image-url=\"https:\/\/tenerife-trips.com\/wp-content\/uploads\/2019\/12\/que-ver-en-Tenerife.png\"> <svg width=\"20\" height=\"10\"><path d=\"M 0,10 Q 9,9 10,0 Q 11,9 20,10\" \/><\/svg> <img src=\"https:\/\/tenerife-trips.com\/wp-content\/uploads\/2019\/12\/que-ver-en-Tenerife-thegem-post-thumb-small.png\" alt=\"que ver en Tenerife\" class=\"img-responsive\"> <span class=\"gem-gallery-caption slide-info\"> <\/span> <\/a> <span class=\"gem-gallery-line\"><\/span> <\/div> <\/div> <div class=\"gem-gallery-item\"> <div class=\"gem-gallery-item-image\"> <a href=\"https:\/\/tenerife-trips.com\/wp-content\/uploads\/2019\/12\/cosa-vedere-a-Tenerife-1-thegem-gallery-sidebar.png\" data-fancybox-group=\"gallery-69e343eb57756\" data-full-image-url=\"https:\/\/tenerife-trips.com\/wp-content\/uploads\/2019\/12\/cosa-vedere-a-Tenerife-1.png\"> <svg width=\"20\" height=\"10\"><path d=\"M 0,10 Q 9,9 10,0 Q 11,9 20,10\" \/><\/svg> <img src=\"https:\/\/tenerife-trips.com\/wp-content\/uploads\/2019\/12\/cosa-vedere-a-Tenerife-1-thegem-post-thumb-small.png\" alt=\"cosa vedere a Tenerife\" class=\"img-responsive\"> <span class=\"gem-gallery-caption slide-info\"> <\/span> <\/a> <span class=\"gem-gallery-line\"><\/span> <\/div> <\/div> <div class=\"gem-gallery-item\"> <div class=\"gem-gallery-item-image\"> <a href=\"https:\/\/tenerife-trips.com\/wp-content\/uploads\/2019\/12\/cosa-vedere-a-Tenerife-thegem-gallery-sidebar.png\" data-fancybox-group=\"gallery-69e343eb57756\" data-full-image-url=\"https:\/\/tenerife-trips.com\/wp-content\/uploads\/2019\/12\/cosa-vedere-a-Tenerife.png\"> <svg width=\"20\" height=\"10\"><path d=\"M 0,10 Q 9,9 10,0 Q 11,9 20,10\" \/><\/svg> <img src=\"https:\/\/tenerife-trips.com\/wp-content\/uploads\/2019\/12\/cosa-vedere-a-Tenerife-thegem-post-thumb-small.png\" alt=\"cosa vedere a Tenerife\" class=\"img-responsive\"> <span class=\"gem-gallery-caption slide-info\"> <\/span> <\/a> <span class=\"gem-gallery-line\"><\/span> <\/div> <\/div> <\/div>[vc_empty_space][\/vc_column][\/vc_row][vc_row full_width=&#8221;stretch_row&#8221; css=&#8221;.vc_custom_1577673647758{background-color: #312c7a !important;background-position: center !important;background-repeat: no-repeat !important;background-size: cover !important;}&#8221;][vc_column][vc_column_text]<\/p>\n<h3 style=\"text-align: center;\"><span style=\"color: #ffffff;\"><span style=\"font-size: 24px;\"><b>DESCRIPCI\u00d3N<\/b><\/span><\/span><\/h3>\n<p>[\/vc_column_text][\/vc_column][\/vc_row][vc_row][vc_column][vc_tta_accordion style=&#8221;simple_solid&#8221; color=&#8221;blue&#8221; c_icon=&#8221;chevron&#8221; active_section=&#8221;-0&#8243; css_animation=&#8221;fadeIn&#8221; no_fill=&#8221;true&#8221; collapsible_all=&#8221;true&#8221;][vc_tta_section title=&#8221;EXPLICACI\u00d3N DEL VIAJE&#8221; tab_id=&#8221;1577673621646-fb7b649e-a36b&#8221;][vc_column_text css=&#8221;&#8221;]<\/p>\n<h3><span style=\"font-size: 12pt;\">\u00bfPensando en que ver en Tenerife?<\/span><\/h3>\n<p>Bueno, el lugar que est\u00e1s visitando es uno de los destinos tur\u00edsticos m\u00e1s populares del mundo. La raz\u00f3n es la belleza de la isla con sus atracciones naturales, junto con su clima perfecto.<\/p>\n<p>Aqu\u00ed conviven desiertos y bosques, playas y monta\u00f1as, clima fr\u00edo y c\u00e1lido. Si no tiene idea de que ver en Tenerife, definitivamente le recomendamos que pase un tiempo de sus vacaciones explorando <a href=\"\/?p=45828&amp;lang=es\">los lugares m\u00e1s famosos<\/a>.<\/p>\n<p>Esta excursi\u00f3n le llevar\u00e1 al lado norte de la isla, un \u00e1rea muy verde. Aqu\u00ed encontramos un microclima h\u00famedo causado por los vientos alisios que a menudo traen nubes a esta regi\u00f3n.<\/p>\n<p>Entonces, primero le recogemos cerca de su alojamiento. Desde Tenerife sur y oeste y tambi\u00e9n desde Puerto de la Cruz en el norte. Le recomendamos de ponerse en contacto con nosotros para confirmar la disponibilidad de transporte desde su zona.<\/p>\n<h3><span style=\"font-size: 12pt;\">Luego cogemos la autopista en direcci\u00f3n Santa Cruz, llegamos a la ciudad en una hora y aqu\u00ed paramos para nuestra primera visita del d\u00eda. En &#8220;Tenerife Trips&#8221; estamos dedicados a sugerirle que ver en Tenerife, \u00a1por lo que est\u00e1 en buenas manos!<\/span><\/h3>\n<p>Despu\u00e9s de la visita a Santa Cruz nos dirigimos a una de las zonas m\u00e1s bonitas de la isla, el <a href=\"https:\/\/es.wikipedia.org\/wiki\/Macizo_de_Anaga\" target=\"_blank\" rel=\"noopener\">Macizo de Anaga<\/a>. Este es uno de los lugares que definitivamente hay que ver en Tenerife. Esta zona es famosa por sus verdes monta\u00f1as y asombrosos paisajes. El <a href=\"https:\/\/es.wikipedia.org\/wiki\/Parque_rural_de_Anaga\" target=\"_blank\" rel=\"noopener\">parque rural de Anaga<\/a> fue declarado reserva de la biosfera en 2015. Alberga la \u00ablaurisilva\u00bb, un tipo de bosque perennifolio t\u00edpico de Madeira y las Islas Canarias, llamado as\u00ed por el predominio de especies de la familia de las laur\u00e1ceas.<\/p>\n<p>Continuamos nuestro viaje saliendo de Anaga y viajando por el bosque del &#8220;Monte de las Mercedes&#8221;. Pronto llegamos al pueblo de La Laguna, hogar de la universidad m\u00e1s famosa de Canarias. All\u00ed damos un paseo por el centro hist\u00f3rico admirando su arquitectura t\u00edpica de los asentamientos coloniales espa\u00f1oles.<\/p>\n<p>Finalmente viajamos de regreso al sur y llegamos alrededor de las 18:00. Por supuesto le dejamos en el mismo lugar donde le recogimos por la ma\u00f1ana.<\/p>\n<h3><span style=\"font-size: 12pt;\">\u00a1AHORA SABE QUE VER EN TENERIFE!<\/span><\/h3>\n<p><span style=\"color: #ff0000;\">Se recuerda a todos los clientes que participan en la excursi\u00f3n que no dejen ning\u00fan tipo de objeto personal de valor en el autob\u00fas al bajarse para visitar los lugares. La empresa no asume responsabilidad por ninguna p\u00e9rdida o robo de art\u00edculos personales de ning\u00fan tipo.<\/span>[\/vc_column_text][\/vc_tta_section][vc_tta_section title=&#8221;HORARIO Y SERVICIO DE RECOGIDA&#8221; tab_id=&#8221;1577673621699-822afb48-b2ef&#8221;][vc_column_text]La recogida cerca de su alojamiento en Tenerife sur, oeste o norte (Puerto de la Cruz) est\u00e1 incluida en el precio. Le recomendamos ponerse en contacto con nosotros y verificar la disponibilidad de transporte desde su zona en cualquier caso.<\/p>\n<p><span style=\"text-decoration: underline;\"><span style=\"color: #ff0000; text-decoration: underline;\">HORARIO:<\/span><\/span><\/p>\n<p>Pregunte a nuestro servicio de atenci\u00f3n al cliente en qu\u00e9 d\u00edas es posible realizar la excursi\u00f3n.<\/p>\n<p><b>\u00a1Mire el v\u00eddeo, h\u00e1gase una idea de qu\u00e9 se trata y res\u00e9rvelo ahora mismo!<\/b>[\/vc_column_text][\/vc_tta_section][\/vc_tta_accordion]<style type=\"text\/css\">.thegem-button-69e343eb591271101 .gem-button svg {fill: #ffffff;}.thegem-button-69e343eb591271101 .gem-button:hover svg {fill: #312c7a;}<\/style><div class=\"gem-button-container gem-button-position-center thegem-button-69e343eb591271101    \"  ><a class=\"gem-button gem-button-size-small gem-button-style-flat gem-button-text-weight-normal\" data-ll-effect=\"drop-right-without-wrap\" style=\"border-radius: 3px;background-color: #312c7a;color: #ffffff;\" onmouseleave=\"this.style.backgroundColor='#312c7a';this.style.color='#ffffff';\" onmouseenter=\"this.style.backgroundColor='#f6eb14';this.style.color='#312c7a';\" href=\"#precios-noreste\" target=\"_self\">PRECIOS<\/a><\/div> [\/vc_column][\/vc_row][vc_row full_width=&#8221;stretch_row_content&#8221; content_placement=&#8221;middle&#8221; css=&#8221;.vc_custom_1576709624172{background-color: #312c7a !important;background-position: center !important;background-repeat: no-repeat !important;background-size: cover !important;}&#8221;][vc_column][vc_column_text]<\/p>\n<h3 style=\"text-align: center;\"><strong><span style=\"color: #ffffff; font-size: 18pt;\">comprar ya<\/span><\/strong><\/h3>\n<p>[\/vc_column_text][vc_empty_space height=&#8221;10px&#8221; el_id=&#8221;precios-noreste&#8221;][\/vc_column][\/vc_row]<\/p>\n<\/div>","protected":false},"excerpt":{"rendered":"<p>[vc_row full_width=&#8221;stretch_row_content_no_spaces&#8221;][vc_column][vc_column_text css=&#8221;.vc_custom_1743588927767{background-color: #F6EB14 !important;background-position: center !important;background-repeat: no-repeat !important;background-size: cover !important;}&#8221; css_animation=&#8221;fadeIn&#8221;] NORESTE [\/vc_column_text][\/vc_column][\/vc_row][vc_row][vc_column][vc_column_text] \u00bfPensando en que ver en Tenerife?&#8230;<\/p>\n","protected":false},"featured_media":287416,"template":"","meta":{"_acf_changed":false,"_seopress_robots_primary_cat":"2234","_seopress_titles_title":"Que ver en Tenerife, ofertas diarias para todas las excursiones","_seopress_titles_desc":"Que ver en Tenerife, visite la isla en un recorrido en autob\u00fas. Encuentre en nuestra p\u00e1gina todas las mejores excursiones y lugares para ver","_seopress_robots_index":""},"product_brand":[],"product_cat":[2234],"product_tag":[2418,2648],"class_list":{"0":"post-45786","1":"product","2":"type-product","3":"status-publish","4":"has-post-thumbnail","6":"product_cat-viajes-en-bus","7":"product_tag-excursiones-tenerife","8":"product_tag-que-ver-en-tenerife","10":"first","11":"instock","12":"virtual","13":"sold-individually","14":"purchasable","15":"product-type-booking"},"booking_location":"","booking_location_type":"","booking_duration":1,"booking_duration_unit":"day","booking_buffer":0,"booking_cost":0,"booking_resources":[],"acf":[],"_links":{"self":[{"href":"https:\/\/tenerife-trips.com\/es\/wp-json\/wp\/v2\/product\/45786","targetHints":{"allow":["GET"]}}],"collection":[{"href":"https:\/\/tenerife-trips.com\/es\/wp-json\/wp\/v2\/product"}],"about":[{"href":"https:\/\/tenerife-trips.com\/es\/wp-json\/wp\/v2\/types\/product"}],"wp:featuredmedia":[{"embeddable":true,"href":"https:\/\/tenerife-trips.com\/es\/wp-json\/wp\/v2\/media\/287416"}],"wp:attachment":[{"href":"https:\/\/tenerife-trips.com\/es\/wp-json\/wp\/v2\/media?parent=45786"}],"wp:term":[{"taxonomy":"product_brand","embeddable":true,"href":"https:\/\/tenerife-trips.com\/es\/wp-json\/wp\/v2\/product_brand?post=45786"},{"taxonomy":"product_cat","embeddable":true,"href":"https:\/\/tenerife-trips.com\/es\/wp-json\/wp\/v2\/product_cat?post=45786"},{"taxonomy":"product_tag","embeddable":true,"href":"https:\/\/tenerife-trips.com\/es\/wp-json\/wp\/v2\/product_tag?post=45786"}],"curies":[{"name":"wp","href":"https:\/\/api.w.org\/{rel}","templated":true}]}}