{"id":45793,"date":"2018-11-07T19:32:13","date_gmt":"2018-11-07T19:32:13","guid":{"rendered":"https:\/\/tenerife-trips.com\/product\/sin%20categor\u00eda\/tour-a-la-isla\/"},"modified":"2025-12-02T20:44:47","modified_gmt":"2025-12-02T20:44:47","slug":"que-visitar-en-tenerife","status":"publish","type":"product","link":"https:\/\/tenerife-trips.com\/es\/product\/viajes-en-bus\/que-visitar-en-tenerife\/","title":{"rendered":"TOUR A LA ISLA"},"content":{"rendered":"<div class=\"wpb-content-wrapper\"><p>[vc_row full_width=&#8221;stretch_row_content_no_spaces&#8221;][vc_column][vc_column_text css=&#8221;.vc_custom_1743591123599{background-color: #F6EB14 !important;background-position: center !important;background-repeat: no-repeat !important;background-size: cover !important;}&#8221; css_animation=&#8221;fadeIn&#8221;]<\/p>\n<h1 class=\"title-h2\" style=\"text-align: center;\"><span style=\"font-size: 18pt; color: #312c7a;\">TOUR A LA ISLA<\/span><\/h1>\n<p>[\/vc_column_text][\/vc_column][\/vc_row][vc_row][vc_column][vc_column_text]<\/p>\n<p style=\"text-align: center;\">\u00bfEst\u00e1 pensando en que visitar en Tenerife? El tour a la isla es una excursi\u00f3n costera que le llevar\u00e1 a ver los lugares <a href=\"https:\/\/www.tenerife-trips.com\/mejores-lugares-de-tenerife\/?lang=es\" target=\"_blank\" rel=\"noopener\">m\u00e1s famosos de la isla<\/a>; se recomienda para las personas que desean hacer un recorrido por la isla pero no quieren viajar a las monta\u00f1as.<\/p>\n<p style=\"text-align: center;\"><strong>\u21d3 Ver m\u00e1s descripci\u00f3n a continuaci\u00f3n \u21d3<\/strong><\/p>\n<p>[\/vc_column_text][\/vc_column][\/vc_row][vc_row full_width=&#8221;stretch_row_content&#8221; full_height=&#8221;yes&#8221; css=&#8221;.vc_custom_1576192123211{background-color: #312c7a !important;background-position: center !important;background-repeat: no-repeat !important;background-size: cover !important;}&#8221;][vc_column][vc_empty_space]<div class=\"preloader\"><div class=\"preloader-spin\"><\/div><\/div> <div id=\"gem-gallery-69f2a80b688bf\" class=\"gem-gallery gem-gallery-hover-zooming-blur\"> <div class=\"gem-gallery-item\"> <div class=\"gem-gallery-item-image\"> <a href=\"https:\/\/tenerife-trips.com\/wp-content\/uploads\/2019\/12\/Gran-Tour-thegem-gallery-sidebar.jpg\" data-fancybox-group=\"gallery-69f2a80b688bf\" data-full-image-url=\"https:\/\/tenerife-trips.com\/wp-content\/uploads\/2019\/12\/Gran-Tour.jpg\"> <svg width=\"20\" height=\"10\"><path d=\"M 0,10 Q 9,9 10,0 Q 11,9 20,10\" \/><\/svg> <img src=\"https:\/\/tenerife-trips.com\/wp-content\/uploads\/2019\/12\/Gran-Tour-thegem-post-thumb-small.jpg\" alt=\"\" class=\"img-responsive\"> <span class=\"gem-gallery-caption slide-info\"> <\/span> <\/a> <span class=\"gem-gallery-line\"><\/span> <\/div> <\/div> <div class=\"gem-gallery-item\"> <div class=\"gem-gallery-item-image\"> <a href=\"https:\/\/tenerife-trips.com\/wp-content\/uploads\/2019\/12\/escursioni-a-Tenerife-scaled-thegem-gallery-sidebar.png\" data-fancybox-group=\"gallery-69f2a80b688bf\" data-full-image-url=\"https:\/\/tenerife-trips.com\/wp-content\/uploads\/2019\/12\/escursioni-a-Tenerife-scaled.png\"> <svg width=\"20\" height=\"10\"><path d=\"M 0,10 Q 9,9 10,0 Q 11,9 20,10\" \/><\/svg> <img src=\"https:\/\/tenerife-trips.com\/wp-content\/uploads\/2019\/12\/escursioni-a-Tenerife-scaled-thegem-post-thumb-small.png\" alt=\"escursioni a Tenerife\" class=\"img-responsive\"> <span class=\"gem-gallery-caption slide-info\"> <\/span> <\/a> <span class=\"gem-gallery-line\"><\/span> <\/div> <\/div> <div class=\"gem-gallery-item\"> <div class=\"gem-gallery-item-image\"> <a href=\"https:\/\/tenerife-trips.com\/wp-content\/uploads\/2019\/12\/Inselrundfahrt-Teneriffa-thegem-gallery-sidebar.png\" data-fancybox-group=\"gallery-69f2a80b688bf\" data-full-image-url=\"https:\/\/tenerife-trips.com\/wp-content\/uploads\/2019\/12\/Inselrundfahrt-Teneriffa.png\"> <svg width=\"20\" height=\"10\"><path d=\"M 0,10 Q 9,9 10,0 Q 11,9 20,10\" \/><\/svg> <img src=\"https:\/\/tenerife-trips.com\/wp-content\/uploads\/2019\/12\/Inselrundfahrt-Teneriffa-thegem-post-thumb-small.png\" alt=\"Inselrundfahrt Teneriffa\" class=\"img-responsive\"> <span class=\"gem-gallery-caption slide-info\"> <\/span> <\/a> <span class=\"gem-gallery-line\"><\/span> <\/div> <\/div> <div class=\"gem-gallery-item\"> <div class=\"gem-gallery-item-image\"> <a href=\"https:\/\/tenerife-trips.com\/wp-content\/uploads\/2019\/12\/Island-Tour-Tenerife-thegem-gallery-sidebar.png\" data-fancybox-group=\"gallery-69f2a80b688bf\" data-full-image-url=\"https:\/\/tenerife-trips.com\/wp-content\/uploads\/2019\/12\/Island-Tour-Tenerife.png\"> <svg width=\"20\" height=\"10\"><path d=\"M 0,10 Q 9,9 10,0 Q 11,9 20,10\" \/><\/svg> <img src=\"https:\/\/tenerife-trips.com\/wp-content\/uploads\/2019\/12\/Island-Tour-Tenerife-thegem-post-thumb-small.png\" alt=\"Island Tour Tenerife\" class=\"img-responsive\"> <span class=\"gem-gallery-caption slide-info\"> <\/span> <\/a> <span class=\"gem-gallery-line\"><\/span> <\/div> <\/div> <div class=\"gem-gallery-item\"> <div class=\"gem-gallery-item-image\"> <a href=\"https:\/\/tenerife-trips.com\/wp-content\/uploads\/2019\/12\/que-visitar-en-Tenerife-scaled-thegem-gallery-sidebar.png\" data-fancybox-group=\"gallery-69f2a80b688bf\" data-full-image-url=\"https:\/\/tenerife-trips.com\/wp-content\/uploads\/2019\/12\/que-visitar-en-Tenerife-scaled.png\"> <svg width=\"20\" height=\"10\"><path d=\"M 0,10 Q 9,9 10,0 Q 11,9 20,10\" \/><\/svg> <img src=\"https:\/\/tenerife-trips.com\/wp-content\/uploads\/2019\/12\/que-visitar-en-Tenerife-scaled-thegem-post-thumb-small.png\" alt=\"que visitar en Tenerife\" class=\"img-responsive\"> <span class=\"gem-gallery-caption slide-info\"> <\/span> <\/a> <span class=\"gem-gallery-line\"><\/span> <\/div> <\/div> <div class=\"gem-gallery-item\"> <div class=\"gem-gallery-item-image\"> <a href=\"https:\/\/tenerife-trips.com\/wp-content\/uploads\/2019\/12\/Teneryfa-wycieczka-objazdowa-thegem-gallery-sidebar.png\" data-fancybox-group=\"gallery-69f2a80b688bf\" data-full-image-url=\"https:\/\/tenerife-trips.com\/wp-content\/uploads\/2019\/12\/Teneryfa-wycieczka-objazdowa.png\"> <svg width=\"20\" height=\"10\"><path d=\"M 0,10 Q 9,9 10,0 Q 11,9 20,10\" \/><\/svg> <img src=\"https:\/\/tenerife-trips.com\/wp-content\/uploads\/2019\/12\/Teneryfa-wycieczka-objazdowa-thegem-post-thumb-small.png\" alt=\"Teneryfa wycieczka objazdowa\" class=\"img-responsive\"> <span class=\"gem-gallery-caption slide-info\"> <\/span> <\/a> <span class=\"gem-gallery-line\"><\/span> <\/div> <\/div> <div class=\"gem-gallery-item\"> <div class=\"gem-gallery-item-image\"> <a href=\"https:\/\/tenerife-trips.com\/wp-content\/uploads\/2019\/12\/garachico-thegem-gallery-sidebar.jpg\" data-fancybox-group=\"gallery-69f2a80b688bf\" data-full-image-url=\"https:\/\/tenerife-trips.com\/wp-content\/uploads\/2019\/12\/garachico.jpg\"> <svg width=\"20\" height=\"10\"><path d=\"M 0,10 Q 9,9 10,0 Q 11,9 20,10\" \/><\/svg> <img src=\"https:\/\/tenerife-trips.com\/wp-content\/uploads\/2019\/12\/garachico-thegem-post-thumb-small.jpg\" alt=\"\" class=\"img-responsive\"> <span class=\"gem-gallery-caption slide-info\"> <\/span> <\/a> <span class=\"gem-gallery-line\"><\/span> <\/div> <\/div> <\/div>[vc_empty_space][\/vc_column][\/vc_row][vc_row full_width=&#8221;stretch_row&#8221; content_placement=&#8221;middle&#8221; css=&#8221;.vc_custom_1577673770343{background-color: #312c7a !important;background-position: center !important;background-repeat: no-repeat !important;background-size: cover !important;}&#8221;][vc_column][vc_column_text]<\/p>\n<h3 style=\"text-align: center;\"><span style=\"color: #ffffff; font-size: 18pt;\">DESCRIPCI\u00d3N<\/span><\/h3>\n<p>[\/vc_column_text][\/vc_column][\/vc_row][vc_row full_width=&#8221;stretch_row_content&#8221; content_placement=&#8221;middle&#8221;][vc_column][vc_tta_accordion style=&#8221;simple_solid&#8221; color=&#8221;blue&#8221; c_icon=&#8221;chevron&#8221; active_section=&#8221;-0&#8243; css_animation=&#8221;fadeIn&#8221; no_fill=&#8221;true&#8221; collapsible_all=&#8221;true&#8221; css=&#8221;.vc_custom_1577021524719{background-position: center !important;background-repeat: no-repeat !important;background-size: cover !important;}&#8221;][vc_tta_section title=&#8221;EXPLICACI\u00d3N DEL VIAJE&#8221; tab_id=&#8221;1577673753351-5cfdbd27-28c2&#8243;][vc_column_text]<\/p>\n<h3><span style=\"font-size: 12pt;\">\u00bfEst\u00e1 pensando en que visitar en Tenerife? El tour a la isla es una excursi\u00f3n costera que le llevar\u00e1 a ver los lugares <a href=\"https:\/\/www.tenerife-trips.com\/mejores-lugares-de-tenerife\/?lang=es\" target=\"_blank\" rel=\"noopener\">M\u00c1S FAMOSOS DE LA ISLA<\/a>; se recomienda para las personas que desean hacer un recorrido por la isla sin viajar a las monta\u00f1as.<\/span><\/h3>\n<p>En primer lugar, le recogemos cerca de su alojamiento. Luego cogemos la autopista en direcci\u00f3n a Santa Cruz y llegamos a la ciudad de <a href=\"https:\/\/goo.gl\/maps\/mvFyL8PUaAEmeeKy9\" target=\"_blank\" rel=\"noopener\">Candelaria<\/a>. Durante esta primera parada del tour a la isla admiramos la famosa catedral. Aqu\u00ed se encuentra la&#8221;Virgen de la Candelaria&#8221;, patrona de las Islas Canarias. Frente a la iglesia, en la plaza principal, podemos ver nueve grandes estatuas. Estas representan a los &#8220;Menceyes&#8221;, los reyes abor\u00edgenes que gobernaron la isla antes de que los espa\u00f1oles la conquistaran.<\/p>\n<p>Despu\u00e9s llegamos a la ciudad de <a href=\"https:\/\/goo.gl\/maps\/4Wg5cPe6FBbErvkx6\" target=\"_blank\" rel=\"noopener\">La Orotava<\/a> donde nos quedamos para visitar su centro hist\u00f3rico. Aqu\u00ed vemos edificios antiguos bien conservados y encontramos productos t\u00edpicos, entrando en contacto con la verdadera cultura de la gente local.<\/p>\n<p><span style=\"font-size: 14pt;\">El tercer lugar que visitamos en el recorrido es <a href=\"https:\/\/goo.gl\/maps\/T2NVf5sxGPADXtiR6\" target=\"_blank\" rel=\"noopener\">Garachico<\/a>. \u00a0La erupci\u00f3n del volc\u00e1n Trevejo en 1706 destruy\u00f3 en parte la ciudad; los flujos de lava llegaron al mar y formaron piscinas naturales que hoy en d\u00eda son las m\u00e1s conocidas de la isla. La gran roca en el mar frente al pueblo llamada &#8220;Roque de Garachico&#8221; y las piscinas son los s\u00edmbolos de la zona.<\/span><\/p>\n<h3><span style=\"font-size: 12pt;\">La \u00faltima parada de nuestro recorrido por la isla es <a href=\"https:\/\/goo.gl\/maps\/wsfJZ1VQXLSWWxo98\" target=\"_blank\" rel=\"noopener\">MASCA<\/a>, un peque\u00f1o pueblo en medio de la espectacular monta\u00f1a de Teno. Este, junto con el Teide, es el destino tur\u00edstico m\u00e1s importante de la isla y uno de los lugares que hay que visitar en Tenerife.<\/span><\/h3>\n<p>Durante la excursi\u00f3n a ver los lugares que hay que visitar en Tenerife nos paramos en un restaurante donde puede almorzar (no incluido en el precio). De todos modos, puede optar por traer su propia comida o comer en otro lugar.<\/p>\n<p><span style=\"color: #ff0000;\">Se recuerda a todos los clientes que participan en la excursi\u00f3n que no dejen ning\u00fan tipo de objeto personal de valor en el autob\u00fas al bajarse para visitar los lugares. La empresa no asume responsabilidad por ninguna p\u00e9rdida o robo de art\u00edculos personales de ning\u00fan tipo.<\/span>[\/vc_column_text][\/vc_tta_section][vc_tta_section title=&#8221;HORARIO Y SERVICIO DE RECOGIDA&#8221; tab_id=&#8221;1577673753391-0ceedb59-48ba&#8221;][vc_column_text]El servicio de transporte con recogida cerca de su alojamiento est\u00e1 incluido en el precio. Est\u00e1 disponible en el oeste y sur en la zona entre Los Gigantes y El M\u00e9dano. Le recomendamos que consulte con nosotros la disponibilidad de transporte desde su zona antes de reservar.<\/p>\n<p><span style=\"text-decoration: underline; color: #ff0000;\"><strong>HORARIO:<\/strong><\/span><\/p>\n<p>Por favor consulte con nuestro servicio de atenci\u00f3n al cliente qu\u00e9 d\u00edas es posible realizar la excursi\u00f3n.<\/p>\n<p><strong>\u00a1Mire el v\u00eddeo, hagase una idea de qu\u00e9 se trata y res\u00e9rvelo ahora mismo!<\/strong>[\/vc_column_text][\/vc_tta_section][\/vc_tta_accordion][\/vc_column][\/vc_row][vc_row full_width=&#8221;stretch_row_content&#8221; content_placement=&#8221;middle&#8221; css=&#8221;.vc_custom_1576709624172{background-color: #312c7a !important;background-position: center !important;background-repeat: no-repeat !important;background-size: cover !important;}&#8221;][vc_column][vc_column_text]<\/p>\n<h3 style=\"text-align: center;\"><span style=\"font-size: 18pt;\"><strong><span style=\"color: #ffffff;\">compra ya<\/span><\/strong><\/span><\/h3>\n<p>[\/vc_column_text][\/vc_column][\/vc_row]<\/p>\n<\/div>","protected":false},"excerpt":{"rendered":"<p>[vc_row full_width=&#8221;stretch_row_content_no_spaces&#8221;][vc_column][vc_column_text css=&#8221;.vc_custom_1743591123599{background-color: #F6EB14 !important;background-position: center !important;background-repeat: no-repeat !important;background-size: cover !important;}&#8221; css_animation=&#8221;fadeIn&#8221;] TOUR A LA ISLA [\/vc_column_text][\/vc_column][\/vc_row][vc_row][vc_column][vc_column_text] \u00bfEst\u00e1 pensando en&#8230;<\/p>\n","protected":false},"featured_media":392636,"template":"","meta":{"_acf_changed":false,"_seopress_robots_primary_cat":"2234","_seopress_titles_title":"Que visitar en Tenerife? Descubra los mejores lugares de la isla","_seopress_titles_desc":"El tour a la isla es una excursi\u00f3n costera que le llevar\u00e1 a visitar los lugares mas famosos que hay que visitar en Tenerife","_seopress_robots_index":""},"product_brand":[],"product_cat":[2234],"product_tag":[2649,2259],"class_list":{"0":"post-45793","1":"product","2":"type-product","3":"status-publish","4":"has-post-thumbnail","6":"product_cat-viajes-en-bus","7":"product_tag-que-visitar-en-tenerife","8":"product_tag-tour-a-la-isla-tenerife","10":"first","11":"instock","12":"virtual","13":"sold-individually","14":"purchasable","15":"product-type-booking"},"booking_location":"","booking_location_type":"","booking_duration":1,"booking_duration_unit":"day","booking_buffer":0,"booking_cost":0,"booking_resources":[],"acf":[],"_links":{"self":[{"href":"https:\/\/tenerife-trips.com\/es\/wp-json\/wp\/v2\/product\/45793","targetHints":{"allow":["GET"]}}],"collection":[{"href":"https:\/\/tenerife-trips.com\/es\/wp-json\/wp\/v2\/product"}],"about":[{"href":"https:\/\/tenerife-trips.com\/es\/wp-json\/wp\/v2\/types\/product"}],"wp:featuredmedia":[{"embeddable":true,"href":"https:\/\/tenerife-trips.com\/es\/wp-json\/wp\/v2\/media\/392636"}],"wp:attachment":[{"href":"https:\/\/tenerife-trips.com\/es\/wp-json\/wp\/v2\/media?parent=45793"}],"wp:term":[{"taxonomy":"product_brand","embeddable":true,"href":"https:\/\/tenerife-trips.com\/es\/wp-json\/wp\/v2\/product_brand?post=45793"},{"taxonomy":"product_cat","embeddable":true,"href":"https:\/\/tenerife-trips.com\/es\/wp-json\/wp\/v2\/product_cat?post=45793"},{"taxonomy":"product_tag","embeddable":true,"href":"https:\/\/tenerife-trips.com\/es\/wp-json\/wp\/v2\/product_tag?post=45793"}],"curies":[{"name":"wp","href":"https:\/\/api.w.org\/{rel}","templated":true}]}}