{"id":46838,"date":"2018-01-15T22:10:44","date_gmt":"2018-01-15T22:10:44","guid":{"rendered":"https:\/\/tenerife-trips.com\/product\/sin%20categor\u00eda\/safari-en-buggy\/"},"modified":"2025-12-02T21:00:00","modified_gmt":"2025-12-02T21:00:00","slug":"excursion-buggy-tenerife","status":"publish","type":"product","link":"https:\/\/tenerife-trips.com\/es\/product\/aventuras-en-terreno\/excursion-buggy-tenerife\/","title":{"rendered":"EXCURSI\u00d3N EN BUGGY"},"content":{"rendered":"<div class=\"wpb-content-wrapper\"><p>[vc_row full_width=&#8221;stretch_row_content_no_spaces&#8221;][vc_column][vc_column_text css=&#8221;.vc_custom_1743592867893{background-color: #F6EB14 !important;background-position: center !important;background-repeat: no-repeat !important;background-size: cover !important;}&#8221; css_animation=&#8221;fadeIn&#8221;]<\/p>\n<h1 class=\"title-h2\" style=\"text-align: center;\"><span style=\"font-size: 18pt; color: #312c7a;\">EXCURSI\u00d3N EN BUGGY<\/span><\/h1>\n<p>[\/vc_column_text][\/vc_column][\/vc_row][vc_row][vc_column][vc_column_text]<\/p>\n<p style=\"text-align: center;\"><span style=\"font-size: 14pt;\">La excursi\u00f3n buggy Tenerife es definitivamente la mejor manera de divertirse conduciendo durante su vacaci\u00f3n. \u00a1En este viaje vamos a visitar la costa oeste, una de las zonas m\u00e1s aut\u00e9nticas de la isla!<\/span><\/p>\n<p style=\"text-align: center;\"><span style=\"font-size: 14pt;\"><strong>\u21d3 Ver m\u00e1s descripci\u00f3n a continuaci\u00f3n \u21d3<\/strong><\/span><\/p>\n<p>[\/vc_column_text][\/vc_column][\/vc_row][vc_row full_width=&#8221;stretch_row_content&#8221; full_height=&#8221;yes&#8221; css=&#8221;.vc_custom_1576192123211{background-color: #312c7a !important;background-position: center !important;background-repeat: no-repeat !important;background-size: cover !important;}&#8221;][vc_column]<div class=\"gem-vimeo gem-wrapbox gem-wrapbox-style-no-style rounded-corners gem-wrapbox-position-below\" style=\"width: 100%;\"><div class=\"gem-wrapbox-inner gem-ratio-style\" style=\"padding-top: 56.25%\"><iframe webkitallowfullscreen=\"true\" mozallowfullscreen=\"true\" allowfullscreen=\"true\" class=\"gem-wrapbox-element img-responsive\" frameborder=\"0\" scrolling=\"no\" marginheight=\"0\" marginwidth=\"0\" src=\"\/\/player.vimeo.com\/video\/325660092?title=0&amp;byline=0&amp;portrait=0 \"><\/iframe><\/div><\/div>[vc_empty_space]<div class=\"preloader\"><div class=\"preloader-spin\"><\/div><\/div> <div id=\"gem-gallery-69e92ca397d55\" class=\"gem-gallery gem-gallery-hover-zooming-blur\"> <div class=\"gem-gallery-item\"> <div class=\"gem-gallery-item-image\"> <a href=\"https:\/\/tenerife-trips.com\/wp-content\/uploads\/2019\/12\/buggy-Tenerife-thegem-gallery-sidebar.jpg\" data-fancybox-group=\"gallery-69e92ca397d55\" data-full-image-url=\"https:\/\/tenerife-trips.com\/wp-content\/uploads\/2019\/12\/buggy-Tenerife.jpg\"> <svg width=\"20\" height=\"10\"><path d=\"M 0,10 Q 9,9 10,0 Q 11,9 20,10\" \/><\/svg> <img src=\"https:\/\/tenerife-trips.com\/wp-content\/uploads\/2019\/12\/buggy-Tenerife-thegem-post-thumb-small.jpg\" alt=\"buggy Tenerife\" class=\"img-responsive\"> <span class=\"gem-gallery-caption slide-info\"> <\/span> <\/a> <span class=\"gem-gallery-line\"><\/span> <\/div> <\/div> <div class=\"gem-gallery-item\"> <div class=\"gem-gallery-item-image\"> <a href=\"https:\/\/tenerife-trips.com\/wp-content\/uploads\/2019\/12\/buggy-Tenerife-1-thegem-gallery-sidebar.jpg\" data-fancybox-group=\"gallery-69e92ca397d55\" data-full-image-url=\"https:\/\/tenerife-trips.com\/wp-content\/uploads\/2019\/12\/buggy-Tenerife-1.jpg\"> <svg width=\"20\" height=\"10\"><path d=\"M 0,10 Q 9,9 10,0 Q 11,9 20,10\" \/><\/svg> <img src=\"https:\/\/tenerife-trips.com\/wp-content\/uploads\/2019\/12\/buggy-Tenerife-1-thegem-post-thumb-small.jpg\" alt=\"\" class=\"img-responsive\"> <span class=\"gem-gallery-caption slide-info\"> <\/span> <\/a> <span class=\"gem-gallery-line\"><\/span> <\/div> <\/div> <div class=\"gem-gallery-item\"> <div class=\"gem-gallery-item-image\"> <a href=\"https:\/\/tenerife-trips.com\/wp-content\/uploads\/2019\/12\/buggy-Tenerife-2-thegem-gallery-sidebar.jpg\" data-fancybox-group=\"gallery-69e92ca397d55\" data-full-image-url=\"https:\/\/tenerife-trips.com\/wp-content\/uploads\/2019\/12\/buggy-Tenerife-2.jpg\"> <svg width=\"20\" height=\"10\"><path d=\"M 0,10 Q 9,9 10,0 Q 11,9 20,10\" \/><\/svg> <img src=\"https:\/\/tenerife-trips.com\/wp-content\/uploads\/2019\/12\/buggy-Tenerife-2-thegem-post-thumb-small.jpg\" alt=\"\" class=\"img-responsive\"> <span class=\"gem-gallery-caption slide-info\"> <\/span> <\/a> <span class=\"gem-gallery-line\"><\/span> <\/div> <\/div> <div class=\"gem-gallery-item\"> <div class=\"gem-gallery-item-image\"> <a href=\"https:\/\/tenerife-trips.com\/wp-content\/uploads\/2019\/12\/buggy-Tenerife-3-thegem-gallery-sidebar.jpg\" data-fancybox-group=\"gallery-69e92ca397d55\" data-full-image-url=\"https:\/\/tenerife-trips.com\/wp-content\/uploads\/2019\/12\/buggy-Tenerife-3.jpg\"> <svg width=\"20\" height=\"10\"><path d=\"M 0,10 Q 9,9 10,0 Q 11,9 20,10\" \/><\/svg> <img src=\"https:\/\/tenerife-trips.com\/wp-content\/uploads\/2019\/12\/buggy-Tenerife-3-thegem-post-thumb-small.jpg\" alt=\"\" class=\"img-responsive\"> <span class=\"gem-gallery-caption slide-info\"> <\/span> <\/a> <span class=\"gem-gallery-line\"><\/span> <\/div> <\/div> <div class=\"gem-gallery-item\"> <div class=\"gem-gallery-item-image\"> <a href=\"https:\/\/tenerife-trips.com\/wp-content\/uploads\/2019\/12\/buggy-Tenerife-4-thegem-gallery-sidebar.jpg\" data-fancybox-group=\"gallery-69e92ca397d55\" data-full-image-url=\"https:\/\/tenerife-trips.com\/wp-content\/uploads\/2019\/12\/buggy-Tenerife-4.jpg\"> <svg width=\"20\" height=\"10\"><path d=\"M 0,10 Q 9,9 10,0 Q 11,9 20,10\" \/><\/svg> <img src=\"https:\/\/tenerife-trips.com\/wp-content\/uploads\/2019\/12\/buggy-Tenerife-4-thegem-post-thumb-small.jpg\" alt=\"buggy Tenerife\" class=\"img-responsive\"> <span class=\"gem-gallery-caption slide-info\"> <\/span> <\/a> <span class=\"gem-gallery-line\"><\/span> <\/div> <\/div> <\/div>[vc_empty_space][\/vc_column][\/vc_row][vc_row full_width=&#8221;stretch_row&#8221; content_placement=&#8221;middle&#8221; css=&#8221;.vc_custom_1577673941910{background-color: #312c7a !important;background-position: center !important;background-repeat: no-repeat !important;background-size: cover !important;}&#8221;][vc_column][vc_column_text]<\/p>\n<h3 style=\"text-align: center;\"><span style=\"color: #ffffff; font-size: 18pt;\">DESCRIPCI\u00d3N<\/span><\/h3>\n<p>[\/vc_column_text][\/vc_column][\/vc_row][vc_row full_width=&#8221;stretch_row_content&#8221; content_placement=&#8221;middle&#8221;][vc_column][vc_tta_accordion style=&#8221;simple_solid&#8221; color=&#8221;blue&#8221; c_icon=&#8221;chevron&#8221; active_section=&#8221;-0&#8243; css_animation=&#8221;fadeIn&#8221; no_fill=&#8221;true&#8221; collapsible_all=&#8221;true&#8221; css=&#8221;.vc_custom_1577021524719{background-position: center !important;background-repeat: no-repeat !important;background-size: cover !important;}&#8221;][vc_tta_section title=&#8221;EXPLICACI\u00d3N DEL VIAJE&#8221; tab_id=&#8221;1577673922089-e349dd12-9b30&#8243;][vc_column_text css=&#8221;&#8221;]<\/p>\n<h3><span style=\"font-size: 12pt;\">La excursi\u00f3n buggy Tenerife es definitivamente la mejor manera de divertirse conduciendo durante su vacaci\u00f3n. \u00a1En este viaje vamos a visitar la costa oeste, una de las zonas m\u00e1s aut\u00e9nticas de la isla!<\/span><\/h3>\n<p><span style=\"font-size: 14pt;\">En primer lugar, le recogemos cerca de su alojamiento en Tenerife sur. Luego le llevamos a nuestra base en <a href=\"https:\/\/goo.gl\/maps\/wrC6SyaYkeuUcEcU6\" target=\"_blank\" rel=\"noopener\">Adeje<\/a>, donde se guardan los buggies. Aqu\u00ed le damos una explicaci\u00f3n r\u00e1pida de las reglas de seguridad a seguir antes de comenzar la excursi\u00f3n buggy Tenerife. Conducir\u00e1 un CFMOTO con un motor de 550 cc y transmisi\u00f3n autom\u00e1tica.<\/span><\/p>\n<p><span style=\"font-size: 14pt;\">Una vez que todo est\u00e1 claro, nos sentamos en el buggy y dejamos nuestra base. Haremos una excursi\u00f3n de 2 o 3 horas en la costa oeste de Tenerife. pasaremos por los lugares mas conocidos como por ejemplo El Puertito, Playa Paraiso, Callao Salvaje, La Caleta y el Hotel Abama (s\u00f3lo en la excursi\u00f3n de 3 horas). Aqui abajo puede ver un <span lang=\"es\">v\u00eddeo que <\/span><span lang=\"es\">ense\u00f1a la ruta del viaje de 3 horas.<\/span><\/span><\/p>\n<h3><span style=\"font-size: 12pt;\">Durante <\/span><span style=\"font-size: 12pt;\">la excursi\u00f3n buggy Tenerife <\/span><span style=\"font-size: 12pt;\">nos pararemos algunas veces para descansar y disfrutar de la vista desde diferentes lugares. <span style=\"text-decoration: underline;\">Estaremos conduciendo tambi\u00e9n fuera de carretera durante aproximadamente 40 minutos<\/span>, \u00a1definitivamente queremos que aproveche el veh\u00edculo que est\u00e1 conduciendo!<\/span><\/h3>\n<p><span style=\"font-size: 14pt;\">La excursi\u00f3n buggy Tenerife termina cuando volvemos al punto de partida. Despu\u00e9s de eso, le llevamos de regreso al lugar donde le recogimos.<\/span><\/p>\n<p><span style=\"font-size: 14pt;\">Habr\u00e1 un m\u00e1ximo de 8 buggies en el grupo que seguir\u00e1n nuestro experimentado gu\u00eda tur\u00edstico. Los buggies tienen 2 asientos para que pueda ir solo o compartir un doble con otra persona.<\/span><\/p>\n<p><span style=\"text-decoration: underline; font-size: 14pt;\"><span style=\"color: #ff0000; text-decoration: underline;\">Para la excursi\u00f3n buggy Tenerife, los conductores deben tener un carnet valido. Los ni\u00f1os deben tener al menos 12 a\u00f1os o 1,20 metros de altura.<\/span><\/span><\/p>\n<p><span style=\"font-size: 14pt;\"><strong> \u00a1Reserve ahora y comienze a sentir la adrenalina!<\/strong><\/span>[\/vc_column_text][\/vc_tta_section][vc_tta_section title=&#8221;HORARIO Y SERVICIO DE RECOGIDA&#8221; tab_id=&#8221;1577673922128-22aaaffb-8486&#8243;][vc_column_text css=&#8221;&#8221;]<span style=\"font-size: 14pt;\">La recogida cerca de su alojamiento en Tenerife sur est\u00e1 incluida en el precio. Le recomendamos de ponerse en <a href=\"https:\/\/tenerife-trips.com\/contacto\/?lang=es\" target=\"_blank\" rel=\"noopener\">contacto<\/a> con nosotros y verificar la disponibilidad de transporte desde su zona en cualquier caso antes de reservar.<\/span><\/p>\n<p><span style=\"text-decoration: underline; color: #ff0000; font-size: 14pt;\"><strong>HORARIO:<\/strong><\/span><\/p>\n<p><span style=\"font-size: 14pt;\">Todos los d\u00edas excepto el domingo.<\/span><\/p>\n<p><span style=\"font-size: 14pt;\"><strong>\u00a1Mire el v\u00eddeo, hagase una idea de qu\u00e9 se trata y res\u00e9rvelo ahora mismo!<\/strong><\/span>[\/vc_column_text][\/vc_tta_section][\/vc_tta_accordion][\/vc_column][\/vc_row][vc_row][vc_column][vc_column_text]<\/p>\n<h3 style=\"text-align: center;\"><span style=\"text-decoration: underline; color: #312c7a;\"><span style=\"font-size: 18pt;\">ZONA <span lang=\"es\">EXCURSI\u00d3N<\/span><\/span><\/span><\/h3>\n<p>[\/vc_column_text]<div class=\"gem-vimeo gem-wrapbox gem-wrapbox-style-no-style rounded-corners gem-wrapbox-position-below\" style=\"width: 100%;\"><div class=\"gem-wrapbox-inner gem-ratio-style\" style=\"padding-top: 56.25%\"><iframe webkitallowfullscreen=\"true\" mozallowfullscreen=\"true\" allowfullscreen=\"true\" class=\"gem-wrapbox-element img-responsive\" frameborder=\"0\" scrolling=\"no\" marginheight=\"0\" marginwidth=\"0\" src=\"\/\/player.vimeo.com\/video\/445324197?title=0&amp;byline=0&amp;portrait=0 \"><\/iframe><\/div><\/div>[\/vc_column][\/vc_row][vc_row full_width=&#8221;stretch_row_content&#8221; content_placement=&#8221;middle&#8221; css=&#8221;.vc_custom_1576709624172{background-color: #312c7a !important;background-position: center !important;background-repeat: no-repeat !important;background-size: cover !important;}&#8221;][vc_column][vc_column_text]<\/p>\n<h3 style=\"text-align: center;\"><span style=\"font-size: 18pt;\"><strong><span style=\"color: #ffffff;\">COMPRAR YA<\/span><\/strong><\/span><\/h3>\n<p>[\/vc_column_text][\/vc_column][\/vc_row]<\/p>\n<\/div>","protected":false},"excerpt":{"rendered":"<p>[vc_row full_width=&#8221;stretch_row_content_no_spaces&#8221;][vc_column][vc_column_text css=&#8221;.vc_custom_1743592867893{background-color: #F6EB14 !important;background-position: center !important;background-repeat: no-repeat !important;background-size: cover !important;}&#8221; css_animation=&#8221;fadeIn&#8221;] EXCURSI\u00d3N EN BUGGY [\/vc_column_text][\/vc_column][\/vc_row][vc_row][vc_column][vc_column_text] La excursi\u00f3n buggy Tenerife&#8230;<\/p>\n","protected":false},"featured_media":73447,"template":"","meta":{"_acf_changed":false,"_seopress_robots_primary_cat":"0","_seopress_titles_title":"Excursi\u00f3n buggy Tenerife, descubre la costa oeste de la isla","_seopress_titles_desc":"Excursi\u00f3n buggy Tenerife, visite el fant\u00e1stico oeste conduciendo un buggy a trav\u00e9s de paisajes incre\u00edbles en una de las zonas m\u00e1s aut\u00e9nticas","_seopress_robots_index":""},"product_brand":[],"product_cat":[2240],"product_tag":[2246,2245],"class_list":{"0":"post-46838","1":"product","2":"type-product","3":"status-publish","4":"has-post-thumbnail","6":"product_cat-aventuras-en-terreno","7":"product_tag-buggy-safari-tenerife-es","8":"product_tag-buggy-tenerife-es","10":"first","11":"instock","12":"sold-individually","13":"taxable","14":"shipping-taxable","15":"purchasable","16":"product-type-booking"},"booking_location":"","booking_location_type":"","booking_duration":1,"booking_duration_unit":"day","booking_buffer":0,"booking_cost":0,"booking_resources":[],"acf":[],"_links":{"self":[{"href":"https:\/\/tenerife-trips.com\/es\/wp-json\/wp\/v2\/product\/46838","targetHints":{"allow":["GET"]}}],"collection":[{"href":"https:\/\/tenerife-trips.com\/es\/wp-json\/wp\/v2\/product"}],"about":[{"href":"https:\/\/tenerife-trips.com\/es\/wp-json\/wp\/v2\/types\/product"}],"wp:featuredmedia":[{"embeddable":true,"href":"https:\/\/tenerife-trips.com\/es\/wp-json\/wp\/v2\/media\/73447"}],"wp:attachment":[{"href":"https:\/\/tenerife-trips.com\/es\/wp-json\/wp\/v2\/media?parent=46838"}],"wp:term":[{"taxonomy":"product_brand","embeddable":true,"href":"https:\/\/tenerife-trips.com\/es\/wp-json\/wp\/v2\/product_brand?post=46838"},{"taxonomy":"product_cat","embeddable":true,"href":"https:\/\/tenerife-trips.com\/es\/wp-json\/wp\/v2\/product_cat?post=46838"},{"taxonomy":"product_tag","embeddable":true,"href":"https:\/\/tenerife-trips.com\/es\/wp-json\/wp\/v2\/product_tag?post=46838"}],"curies":[{"name":"wp","href":"https:\/\/api.w.org\/{rel}","templated":true}]}}