{"id":48070,"date":"2018-01-21T11:50:47","date_gmt":"2018-01-21T11:50:47","guid":{"rendered":"https:\/\/tenerife-trips.com\/product\/sin%20categor\u00eda\/mht\/"},"modified":"2026-04-04T11:25:16","modified_gmt":"2026-04-04T10:25:16","slug":"mht-en-tenerife","status":"publish","type":"product","link":"https:\/\/tenerife-trips.com\/es\/product\/espectaculos\/mht-en-tenerife\/","title":{"rendered":"MHT"},"content":{"rendered":"<div class=\"wpb-content-wrapper\"><p>[vc_row full_width=&#8221;stretch_row_content_no_spaces&#8221;][vc_column][vc_column_text css=&#8221;.vc_custom_1743591956916{background-color: #F6EB14 !important;background-position: center !important;background-repeat: no-repeat !important;background-size: cover !important;}&#8221; css_animation=&#8221;fadeIn&#8221;]<\/p>\n<h1 class=\"title-h2\" style=\"text-align: center;\"><span style=\"font-size: 18pt; color: #312c7a;\">MHT<\/span><\/h1>\n<p>[\/vc_column_text][\/vc_column][\/vc_row][vc_row][vc_column][vc_column_text]<\/p>\n<p style=\"text-align: center;\">MHT en Tenerife es un famoso espect\u00e1culo de Drag Queens con cena; una noche maravillosa de disfraces brillantes y risas divertidas; \u00a1Un elenco de personajes de primera calidad bailando y cantando toda la noche! Una sensacional variedad de colores y luces, adecuada para todo tipo de personas y familias.<\/p>\n<p style=\"text-align: center;\"><strong>\u21d3<\/strong><strong> Ver m<\/strong><strong>\u00e1<\/strong><strong>s descripci<\/strong><strong>\u00f3<\/strong><strong>n a continuaci<\/strong><strong>\u00f3<\/strong><strong>n <\/strong><strong>\u21d3<\/strong><\/p>\n<p>[\/vc_column_text][\/vc_column][\/vc_row][vc_row full_width=&#8221;stretch_row_content&#8221; full_height=&#8221;yes&#8221; css=&#8221;.vc_custom_1576192123211{background-color: #312c7a !important;background-position: center !important;background-repeat: no-repeat !important;background-size: cover !important;}&#8221;][vc_column]<div class=\"gem-vimeo gem-wrapbox gem-wrapbox-style-no-style rounded-corners gem-wrapbox-position-below\" style=\"width: 100%;\"><div class=\"gem-wrapbox-inner gem-ratio-style\" style=\"padding-top: 56.25%\"><iframe webkitallowfullscreen=\"true\" mozallowfullscreen=\"true\" allowfullscreen=\"true\" class=\"gem-wrapbox-element img-responsive\" frameborder=\"0\" scrolling=\"no\" marginheight=\"0\" marginwidth=\"0\" src=\"\/\/player.vimeo.com\/video\/326036320?title=0&amp;byline=0&amp;portrait=0 \"><\/iframe><\/div><\/div>[vc_empty_space]<div class=\"preloader\"><div class=\"preloader-spin\"><\/div><\/div> <div id=\"gem-gallery-69debaed9d38e\" class=\"gem-gallery gem-gallery-hover-zooming-blur\"> <div class=\"gem-gallery-item\"> <div class=\"gem-gallery-item-image\"> <a href=\"https:\/\/tenerife-trips.com\/wp-content\/uploads\/2019\/12\/MHT-thegem-gallery-sidebar.jpg\" data-fancybox-group=\"gallery-69debaed9d38e\" data-full-image-url=\"https:\/\/tenerife-trips.com\/wp-content\/uploads\/2019\/12\/MHT.jpg\"> <svg width=\"20\" height=\"10\"><path d=\"M 0,10 Q 9,9 10,0 Q 11,9 20,10\" \/><\/svg> <img src=\"https:\/\/tenerife-trips.com\/wp-content\/uploads\/2019\/12\/MHT-thegem-post-thumb-small.jpg\" alt=\"\" class=\"img-responsive\"> <span class=\"gem-gallery-caption slide-info\"> <\/span> <\/a> <span class=\"gem-gallery-line\"><\/span> <\/div> <\/div> <div class=\"gem-gallery-item\"> <div class=\"gem-gallery-item-image\"> <a href=\"https:\/\/tenerife-trips.com\/wp-content\/uploads\/2018\/01\/shows-Tenerife-thegem-gallery-sidebar.jpg\" data-fancybox-group=\"gallery-69debaed9d38e\" data-full-image-url=\"https:\/\/tenerife-trips.com\/wp-content\/uploads\/2018\/01\/shows-Tenerife.jpg\"> <svg width=\"20\" height=\"10\"><path d=\"M 0,10 Q 9,9 10,0 Q 11,9 20,10\" \/><\/svg> <img src=\"https:\/\/tenerife-trips.com\/wp-content\/uploads\/2018\/01\/shows-Tenerife-thegem-post-thumb-small.jpg\" alt=\"\" class=\"img-responsive\"> <span class=\"gem-gallery-caption slide-info\"> <\/span> <\/a> <span class=\"gem-gallery-line\"><\/span> <\/div> <\/div> <div class=\"gem-gallery-item\"> <div class=\"gem-gallery-item-image\"> <a href=\"https:\/\/tenerife-trips.com\/wp-content\/uploads\/2019\/12\/show-Tenerife-thegem-gallery-sidebar.jpg\" data-fancybox-group=\"gallery-69debaed9d38e\" data-full-image-url=\"https:\/\/tenerife-trips.com\/wp-content\/uploads\/2019\/12\/show-Tenerife.jpg\"> <svg width=\"20\" height=\"10\"><path d=\"M 0,10 Q 9,9 10,0 Q 11,9 20,10\" \/><\/svg> <img src=\"https:\/\/tenerife-trips.com\/wp-content\/uploads\/2019\/12\/show-Tenerife-thegem-post-thumb-small.jpg\" alt=\"show Tenerife\" class=\"img-responsive\"> <span class=\"gem-gallery-caption slide-info\"> <\/span> <\/a> <span class=\"gem-gallery-line\"><\/span> <\/div> <\/div> <div class=\"gem-gallery-item\"> <div class=\"gem-gallery-item-image\"> <a href=\"https:\/\/tenerife-trips.com\/wp-content\/uploads\/2019\/12\/MHT-Teneryfa-thegem-gallery-sidebar.jpg\" data-fancybox-group=\"gallery-69debaed9d38e\" data-full-image-url=\"https:\/\/tenerife-trips.com\/wp-content\/uploads\/2019\/12\/MHT-Teneryfa.jpg\"> <svg width=\"20\" height=\"10\"><path d=\"M 0,10 Q 9,9 10,0 Q 11,9 20,10\" \/><\/svg> <img src=\"https:\/\/tenerife-trips.com\/wp-content\/uploads\/2019\/12\/MHT-Teneryfa-thegem-post-thumb-small.jpg\" alt=\"MHT Teneryfa\" class=\"img-responsive\"> <span class=\"gem-gallery-caption slide-info\"> <\/span> <\/a> <span class=\"gem-gallery-line\"><\/span> <\/div> <\/div> <div class=\"gem-gallery-item\"> <div class=\"gem-gallery-item-image\"> <a href=\"https:\/\/tenerife-trips.com\/wp-content\/uploads\/2019\/12\/MHT-2-thegem-gallery-sidebar.png\" data-fancybox-group=\"gallery-69debaed9d38e\" data-full-image-url=\"https:\/\/tenerife-trips.com\/wp-content\/uploads\/2019\/12\/MHT-2.png\"> <svg width=\"20\" height=\"10\"><path d=\"M 0,10 Q 9,9 10,0 Q 11,9 20,10\" \/><\/svg> <img src=\"https:\/\/tenerife-trips.com\/wp-content\/uploads\/2019\/12\/MHT-2-thegem-post-thumb-small.png\" alt=\"\" class=\"img-responsive\"> <span class=\"gem-gallery-caption slide-info\"> <\/span> <\/a> <span class=\"gem-gallery-line\"><\/span> <\/div> <\/div> <div class=\"gem-gallery-item\"> <div class=\"gem-gallery-item-image\"> <a href=\"https:\/\/tenerife-trips.com\/wp-content\/uploads\/2019\/12\/MHT-thegem-gallery-sidebar.png\" data-fancybox-group=\"gallery-69debaed9d38e\" data-full-image-url=\"https:\/\/tenerife-trips.com\/wp-content\/uploads\/2019\/12\/MHT.png\"> <svg width=\"20\" height=\"10\"><path d=\"M 0,10 Q 9,9 10,0 Q 11,9 20,10\" \/><\/svg> <img src=\"https:\/\/tenerife-trips.com\/wp-content\/uploads\/2019\/12\/MHT-thegem-post-thumb-small.png\" alt=\"\" class=\"img-responsive\"> <span class=\"gem-gallery-caption slide-info\"> <\/span> <\/a> <span class=\"gem-gallery-line\"><\/span> <\/div> <\/div> <\/div>[vc_empty_space][\/vc_column][\/vc_row][vc_row full_width=&#8221;stretch_row&#8221; content_placement=&#8221;middle&#8221; css=&#8221;.vc_custom_1577675267970{background-color: #312c7a !important;background-position: center !important;background-repeat: no-repeat !important;background-size: cover !important;}&#8221;][vc_column][vc_column_text]<\/p>\n<h3 style=\"text-align: center;\"><span style=\"color: #ffffff; font-size: 18pt;\">DESCRIPCI\u00d3N<\/span><\/h3>\n<p>[\/vc_column_text][\/vc_column][\/vc_row][vc_row full_width=&#8221;stretch_row_content&#8221; content_placement=&#8221;middle&#8221;][vc_column][vc_tta_accordion style=&#8221;simple_solid&#8221; color=&#8221;blue&#8221; c_icon=&#8221;chevron&#8221; active_section=&#8221;-0&#8243; css_animation=&#8221;fadeIn&#8221; no_fill=&#8221;true&#8221; collapsible_all=&#8221;true&#8221; css=&#8221;.vc_custom_1577021524719{background-position: center !important;background-repeat: no-repeat !important;background-size: cover !important;}&#8221;][vc_tta_section title=&#8221;EXPLICACI\u00d3N DE LA ACTUACI\u00d3N&#8221; tab_id=&#8221;1577675230760-d5bc14b5-8c4a&#8221;][vc_column_text css=&#8221;&#8221;]<\/p>\n<h3><span style=\"font-size: 12pt;\">MHT en TENERIFE ES LA MAS FAMOSA COMEDIA DE DRAG QUEENS CON CENA; UNA NOCHE MARAVILLOSA DE DISFRACES Y RISAS DIVERTIDAS, APTO PARA CUALQUIER TIPO DE PERSONAS Y FAMILIAS.<\/span><\/h3>\n<p>\u00a1El espect\u00e1culo presenta una lista de personajes de alta calidad que bailan y cantan toda la noche! Mientras tanto, ofrece una sensacional variedad de colores y luces.<\/p>\n<p>Tenerife no es ciertamente solo un lugar para tumbarse en la playa y tomar el sol; la oferta de entretenimiento es muy buena y hay\u00a0<a href=\"https:\/\/tenerife-trips.com\/es\/espectaculos-tenerife\/?lang=es\">varios espect\u00e1culos<\/a> que puede ver durante su visita aqu\u00ed; sobre todo MHT en Tenerife, un evento perfecto para compartir con su pareja, familia o amigos para relajarse y reirse.<\/p>\n<p>Entonces, para las personas que no lo saben, una <a href=\"https:\/\/es.wikipedia.org\/wiki\/Drag_queen\">Drag Queen<\/a>\u00a0es simplemente una persona que se viste muy femenina para entretener; por ejemplo, el maquillaje es exagerado, as\u00ed como la forma de actuar con extrema feminidad.<\/p>\n<h3><span style=\"font-size: 12pt;\">EN RESUMEN, LOS PERSONAJES DE MHT en TENERIFE BAILAN, CANTAN Y ACT\u00daAN; ADEM\u00c1S, INTERACT\u00daAN CON EL P\u00daBLICO, HACIENDO QUE LA NOCHE SEA MUY DIVERTIDA Y AGRADABLE; EL IDIOMA HABLADO ES EL INGL\u00c9S PARA QUE LA ACTUACI\u00d3N PUEDA LLEGAR A UNA GRAN AUDIENCIA.<\/span><\/h3>\n<p><strong>Cena MHT en Tenerife:<\/strong><br \/>\n<u>Entrante<\/u>: sopa casera de verduras de temporada<br \/>\n<u>Plato Principal<\/u>: pavo asado servido con pur\u00e9 de patatas, verduras de temporada, papas asadas, pud\u00edn de Yorkshire y salsa o hamburguesa vegetariana de alubias mixtas empanada con todos los ingredientes (el plato principal de los ni\u00f1os son nuggets a menos que se solicite una cena de pavo asado)<\/p>\n<p><u>Postre<\/u>: helado Viennetta<\/p>\n<p><b><strong>Otra informaci\u00f3n importante<\/strong><\/b><\/p>\n<p>Somos un espect\u00e1culo c\u00f3mico familiar. El idioma del espect\u00e1culo es el ingl\u00e9s.<\/p>\n<p>Tiene que traer su entrada.<\/p>\n<p>P\u00f3ngase en contacto con nosotros si quiere una comida vegetariana o tiene otros requisitos diet\u00e9ticos \/ alergias.[\/vc_column_text][\/vc_tta_section][vc_tta_section title=&#8221;HORARIO Y SERVICIO DE RECOGIDA&#8221; tab_id=&#8221;1577675230814-8c15a75b-7012&#8243;][vc_column_text css=&#8221;&#8221;]<strong>No hay servicio de recogida para este espect\u00e1culo; debe acudir al <a href=\"https:\/\/maps.app.goo.gl\/TzPsqyitSzhvAo2d9\" target=\"_blank\" rel=\"noopener\">Vivo Bar<\/a>\u00a0en Playa de Las Am\u00e9ricas.<br \/>\n<\/strong><\/p>\n<p><span style=\"color: #ff0000;\"><u>HORARIO:<\/u><\/span><\/p>\n<p>Por favor pregunte a nuestro servicio de atenci\u00f3n al cliente qu\u00e9 d\u00edas es posible ver el espect\u00e1culo. Tiene lugar en el <a href=\"https:\/\/maps.app.goo.gl\/TzPsqyitSzhvAo2d9\" target=\"_blank\" rel=\"noopener\">Vivo Bar<\/a>, en Playa de Las Am\u00e9ricas.<\/p>\n<p><b><strong>Horarios aproximados<\/strong><\/b><\/p>\n<p>Apertura de puertas 19.00<\/p>\n<p>MHT Pre Show 19.30<\/p>\n<p>Comida 19.50<\/p>\n<p>MHT Espect\u00e1culo principal 20.50<\/p>\n<p>Fin del espect\u00e1culo 23.00 (pausa de 20 minutos incluida)[\/vc_column_text][\/vc_tta_section][\/vc_tta_accordion][\/vc_column][\/vc_row][vc_row full_width=&#8221;stretch_row_content&#8221; content_placement=&#8221;middle&#8221; css=&#8221;.vc_custom_1576709624172{background-color: #312c7a !important;background-position: center !important;background-repeat: no-repeat !important;background-size: cover !important;}&#8221;][vc_column][vc_column_text]<\/p>\n<h3 style=\"text-align: center;\"><strong><span style=\"color: #ffffff; font-size: 18pt;\">COMPRAR YA<\/span><\/strong><\/h3>\n<p>[\/vc_column_text][\/vc_column][\/vc_row]<\/p>\n<\/div>","protected":false},"excerpt":{"rendered":"<p>[vc_row full_width=&#8221;stretch_row_content_no_spaces&#8221;][vc_column][vc_column_text css=&#8221;.vc_custom_1743591956916{background-color: #F6EB14 !important;background-position: center !important;background-repeat: no-repeat !important;background-size: cover !important;}&#8221; css_animation=&#8221;fadeIn&#8221;] MHT [\/vc_column_text][\/vc_column][\/vc_row][vc_row][vc_column][vc_column_text] MHT en Tenerife es un famoso&#8230;<\/p>\n","protected":false},"featured_media":333938,"template":"","meta":{"_acf_changed":false,"_seopress_robots_primary_cat":"none","_seopress_titles_title":"MHT en Tenerife, disfruta del famoso espect\u00e1culo de Drag Queens","_seopress_titles_desc":"MHT en Tenerife, el famoso espect\u00e1culo de Drag Queens con cena. Una noche de disfraces brillantes, risas divertidas y alta calidad","_seopress_robots_index":""},"product_brand":[],"product_cat":[2210],"product_tag":[2495,2482,2828],"class_list":{"0":"post-48070","1":"product","2":"type-product","3":"status-publish","4":"has-post-thumbnail","6":"product_cat-espectaculos","7":"product_tag-diversion-tenerife","8":"product_tag-espectaculos-tenerife","9":"product_tag-mht-en-tenerife","11":"first","12":"instock","13":"virtual","14":"sold-individually","15":"taxable","16":"purchasable","17":"product-type-booking"},"booking_location":"","booking_location_type":"","booking_duration":1,"booking_duration_unit":"day","booking_buffer":0,"booking_cost":0,"booking_resources":[],"acf":[],"_links":{"self":[{"href":"https:\/\/tenerife-trips.com\/es\/wp-json\/wp\/v2\/product\/48070","targetHints":{"allow":["GET"]}}],"collection":[{"href":"https:\/\/tenerife-trips.com\/es\/wp-json\/wp\/v2\/product"}],"about":[{"href":"https:\/\/tenerife-trips.com\/es\/wp-json\/wp\/v2\/types\/product"}],"wp:featuredmedia":[{"embeddable":true,"href":"https:\/\/tenerife-trips.com\/es\/wp-json\/wp\/v2\/media\/333938"}],"wp:attachment":[{"href":"https:\/\/tenerife-trips.com\/es\/wp-json\/wp\/v2\/media?parent=48070"}],"wp:term":[{"taxonomy":"product_brand","embeddable":true,"href":"https:\/\/tenerife-trips.com\/es\/wp-json\/wp\/v2\/product_brand?post=48070"},{"taxonomy":"product_cat","embeddable":true,"href":"https:\/\/tenerife-trips.com\/es\/wp-json\/wp\/v2\/product_cat?post=48070"},{"taxonomy":"product_tag","embeddable":true,"href":"https:\/\/tenerife-trips.com\/es\/wp-json\/wp\/v2\/product_tag?post=48070"}],"curies":[{"name":"wp","href":"https:\/\/api.w.org\/{rel}","templated":true}]}}