{"id":52656,"date":"2020-03-02T19:42:06","date_gmt":"2020-03-02T19:42:06","guid":{"rendered":"https:\/\/tenerife-trips.com\/product\/sin%20categor\u00eda\/escuela-de-surf-tenerife\/"},"modified":"2025-12-02T20:40:47","modified_gmt":"2025-12-02T20:40:47","slug":"escuela-de-surf-tenerife","status":"publish","type":"product","link":"https:\/\/tenerife-trips.com\/es\/product\/deportes-acuaticos\/escuela-de-surf-tenerife\/","title":{"rendered":"CLASE DE SURF"},"content":{"rendered":"<div class=\"wpb-content-wrapper\"><p>[vc_row full_width=&#8221;stretch_row_content_no_spaces&#8221;][vc_column][vc_column_text css=&#8221;.vc_custom_1743589391933{background-color: #F6EB14 !important;background-position: center !important;background-repeat: no-repeat !important;background-size: cover !important;}&#8221; css_animation=&#8221;fadeIn&#8221;]<\/p>\n<h1 class=\"title-h2\" style=\"text-align: center;\"><span style=\"font-size: 18pt; color: #312c7a;\">CLASE DE SURF<\/span><\/h1>\n<p>[\/vc_column_text][\/vc_column][\/vc_row][vc_row][vc_column][vc_column_text]<\/p>\n<p style=\"text-align: center;\">Nuestra escuela de surf Tenerife con sede en el centro de Playa de Las Am\u00e9ricas ofrece clases en grupo y privadas para todos los niveles. \u00a1Pruebe uno de los <a href=\"https:\/\/www.tenerife-trips.com\/deportes-acuaticos-tenerife\/?lang=es\" target=\"_blank\" rel=\"noopener\">mejores deportes acu\u00e1ticos<\/a> de la isla!<\/p>\n<p style=\"text-align: center;\"><strong>\u21d3<\/strong><strong> Ver m\u00e1s descripci\u00f3n a continuaci\u00f3n <\/strong><strong>\u21d3<\/strong><\/p>\n<p>[\/vc_column_text][\/vc_column][\/vc_row][vc_row full_width=&#8221;stretch_row_content&#8221; full_height=&#8221;yes&#8221; css=&#8221;.vc_custom_1576192123211{background-color: #312c7a !important;background-position: center !important;background-repeat: no-repeat !important;background-size: cover !important;}&#8221;][vc_column]<div class=\"gem-vimeo gem-wrapbox gem-wrapbox-style-no-style rounded-corners gem-wrapbox-position-below\" style=\"width: 100%;\"><div class=\"gem-wrapbox-inner gem-ratio-style\" style=\"padding-top: 56.25%\"><iframe webkitallowfullscreen=\"true\" mozallowfullscreen=\"true\" allowfullscreen=\"true\" class=\"gem-wrapbox-element img-responsive\" frameborder=\"0\" scrolling=\"no\" marginheight=\"0\" marginwidth=\"0\" src=\"\/\/player.vimeo.com\/video\/394995267?title=0&amp;byline=0&amp;portrait=0 \"><\/iframe><\/div><\/div>[vc_empty_space]<div class=\"preloader\"><div class=\"preloader-spin\"><\/div><\/div> <div id=\"gem-gallery-69debaed98064\" class=\"gem-gallery gem-gallery-hover-zooming-blur\"> <div class=\"gem-gallery-item\"> <div class=\"gem-gallery-item-image\"> <a href=\"https:\/\/tenerife-trips.com\/wp-content\/uploads\/2020\/03\/surf-school-Tenerife-2-thegem-gallery-sidebar.jpg\" data-fancybox-group=\"gallery-69debaed98064\" data-full-image-url=\"https:\/\/tenerife-trips.com\/wp-content\/uploads\/2020\/03\/surf-school-Tenerife-2.jpg\"> <svg width=\"20\" height=\"10\"><path d=\"M 0,10 Q 9,9 10,0 Q 11,9 20,10\" \/><\/svg> <img src=\"https:\/\/tenerife-trips.com\/wp-content\/uploads\/2020\/03\/surf-school-Tenerife-2-thegem-post-thumb-small.jpg\" alt=\"surf school Tenerife\" class=\"img-responsive\"> <span class=\"gem-gallery-caption slide-info\"> <\/span> <\/a> <span class=\"gem-gallery-line\"><\/span> <\/div> <\/div> <div class=\"gem-gallery-item\"> <div class=\"gem-gallery-item-image\"> <a href=\"https:\/\/tenerife-trips.com\/wp-content\/uploads\/2020\/03\/surfen-Teneriffa-thegem-gallery-sidebar.jpg\" data-fancybox-group=\"gallery-69debaed98064\" data-full-image-url=\"https:\/\/tenerife-trips.com\/wp-content\/uploads\/2020\/03\/surfen-Teneriffa.jpg\"> <svg width=\"20\" height=\"10\"><path d=\"M 0,10 Q 9,9 10,0 Q 11,9 20,10\" \/><\/svg> <img src=\"https:\/\/tenerife-trips.com\/wp-content\/uploads\/2020\/03\/surfen-Teneriffa-thegem-post-thumb-small.jpg\" alt=\"\" class=\"img-responsive\"> <span class=\"gem-gallery-caption slide-info\"> <\/span> <\/a> <span class=\"gem-gallery-line\"><\/span> <\/div> <\/div> <div class=\"gem-gallery-item\"> <div class=\"gem-gallery-item-image\"> <a href=\"https:\/\/tenerife-trips.com\/wp-content\/uploads\/2020\/03\/surf-school-Tenerife-thegem-gallery-sidebar.png\" data-fancybox-group=\"gallery-69debaed98064\" data-full-image-url=\"https:\/\/tenerife-trips.com\/wp-content\/uploads\/2020\/03\/surf-school-Tenerife.png\"> <svg width=\"20\" height=\"10\"><path d=\"M 0,10 Q 9,9 10,0 Q 11,9 20,10\" \/><\/svg> <img src=\"https:\/\/tenerife-trips.com\/wp-content\/uploads\/2020\/03\/surf-school-Tenerife-thegem-post-thumb-small.png\" alt=\"surf school Tenerife\" class=\"img-responsive\"> <span class=\"gem-gallery-caption slide-info\"> <\/span> <\/a> <span class=\"gem-gallery-line\"><\/span> <\/div> <\/div> <div class=\"gem-gallery-item\"> <div class=\"gem-gallery-item-image\"> <a href=\"https:\/\/tenerife-trips.com\/wp-content\/uploads\/2020\/03\/escuela-de-surf-Tenerife-2-thegem-gallery-sidebar.jpg\" data-fancybox-group=\"gallery-69debaed98064\" data-full-image-url=\"https:\/\/tenerife-trips.com\/wp-content\/uploads\/2020\/03\/escuela-de-surf-Tenerife-2.jpg\"> <svg width=\"20\" height=\"10\"><path d=\"M 0,10 Q 9,9 10,0 Q 11,9 20,10\" \/><\/svg> <img src=\"https:\/\/tenerife-trips.com\/wp-content\/uploads\/2020\/03\/escuela-de-surf-Tenerife-2-thegem-post-thumb-small.jpg\" alt=\"escuela de surf Tenerife\" class=\"img-responsive\"> <span class=\"gem-gallery-caption slide-info\"> <\/span> <\/a> <span class=\"gem-gallery-line\"><\/span> <\/div> <\/div> <div class=\"gem-gallery-item\"> <div class=\"gem-gallery-item-image\"> <a href=\"https:\/\/tenerife-trips.com\/wp-content\/uploads\/2020\/03\/escuela-de-surf-Tenerife-thegem-gallery-sidebar.jpg\" data-fancybox-group=\"gallery-69debaed98064\" data-full-image-url=\"https:\/\/tenerife-trips.com\/wp-content\/uploads\/2020\/03\/escuela-de-surf-Tenerife.jpg\"> <svg width=\"20\" height=\"10\"><path d=\"M 0,10 Q 9,9 10,0 Q 11,9 20,10\" \/><\/svg> <img src=\"https:\/\/tenerife-trips.com\/wp-content\/uploads\/2020\/03\/escuela-de-surf-Tenerife-thegem-post-thumb-small.jpg\" alt=\"\" class=\"img-responsive\"> <span class=\"gem-gallery-caption slide-info\"> <\/span> <\/a> <span class=\"gem-gallery-line\"><\/span> <\/div> <\/div> <div class=\"gem-gallery-item\"> <div class=\"gem-gallery-item-image\"> <a href=\"https:\/\/tenerife-trips.com\/wp-content\/uploads\/2020\/03\/surf-Tenerife-thegem-gallery-sidebar.jpg\" data-fancybox-group=\"gallery-69debaed98064\" data-full-image-url=\"https:\/\/tenerife-trips.com\/wp-content\/uploads\/2020\/03\/surf-Tenerife.jpg\"> <svg width=\"20\" height=\"10\"><path d=\"M 0,10 Q 9,9 10,0 Q 11,9 20,10\" \/><\/svg> <img src=\"https:\/\/tenerife-trips.com\/wp-content\/uploads\/2020\/03\/surf-Tenerife-thegem-post-thumb-small.jpg\" alt=\"\" class=\"img-responsive\"> <span class=\"gem-gallery-caption slide-info\"> <\/span> <\/a> <span class=\"gem-gallery-line\"><\/span> <\/div> <\/div> <div class=\"gem-gallery-item\"> <div class=\"gem-gallery-item-image\"> <a href=\"https:\/\/tenerife-trips.com\/wp-content\/uploads\/2020\/03\/Teneryfa-surfing-1-thegem-gallery-sidebar.jpg\" data-fancybox-group=\"gallery-69debaed98064\" data-full-image-url=\"https:\/\/tenerife-trips.com\/wp-content\/uploads\/2020\/03\/Teneryfa-surfing-1.jpg\"> <svg width=\"20\" height=\"10\"><path d=\"M 0,10 Q 9,9 10,0 Q 11,9 20,10\" \/><\/svg> <img src=\"https:\/\/tenerife-trips.com\/wp-content\/uploads\/2020\/03\/Teneryfa-surfing-1-thegem-post-thumb-small.jpg\" alt=\"\" class=\"img-responsive\"> <span class=\"gem-gallery-caption slide-info\"> <\/span> <\/a> <span class=\"gem-gallery-line\"><\/span> <\/div> <\/div> <\/div>[vc_empty_space][\/vc_column][\/vc_row][vc_row full_width=&#8221;stretch_row&#8221; content_placement=&#8221;middle&#8221; css=&#8221;.vc_custom_1577675652614{background-color: #312c7a !important;background-position: center !important;background-repeat: no-repeat !important;background-size: cover !important;}&#8221;][vc_column][vc_column_text]<\/p>\n<h3 style=\"text-align: center;\"><span style=\"color: #ffffff; font-size: 18pt;\">DESCRIPCI\u00d3N<\/span><\/h3>\n<p>[\/vc_column_text][\/vc_column][\/vc_row][vc_row full_width=&#8221;stretch_row_content&#8221; content_placement=&#8221;middle&#8221;][vc_column][vc_tta_accordion style=&#8221;simple_solid&#8221; color=&#8221;blue&#8221; c_icon=&#8221;chevron&#8221; active_section=&#8221;-0&#8243; css_animation=&#8221;fadeIn&#8221; no_fill=&#8221;true&#8221; collapsible_all=&#8221;true&#8221; css=&#8221;.vc_custom_1577021524719{background-position: center !important;background-repeat: no-repeat !important;background-size: cover !important;}&#8221;][vc_tta_section title=&#8221;EXPLICACI\u00d3N DE LA CLASE&#8221; tab_id=&#8221;1577675633539-eceb827a-b410560b-d9e3&#8243;][vc_column_text]<\/p>\n<h3><span style=\"font-size: 12pt;\">NUESTRA ESCUELA DE SURF TENERIFE PROPORCIONA claseS en grupo Y PRIVADAS PARA TODOS LOS NIVELES. EN ESTA FANT\u00c1STICA ISLA VOLC\u00c1NICA BESADA POR EL OC\u00c9ANO, EL SOL BRILLA TODO EL A\u00d1O. GRANDES OlAS HACEN FELICES SURFistas DE TODO EL MUNDO. TENERIFE ES DE VERDAD UN PARA\u00cdSO para ellos A SOLAS POCAS HORAS DE EUROPA.<\/span><\/h3>\n<p>\u00bfLa mejor parte de este sue\u00f1o? No hay tiburones peligrosos tratando de morderle los pies durante las sesiones de surf. Ya sea un profesional o un principiante, solo necesita empacar su equipaje, reservar uno de los cientos de vuelos que llegan a la isla todos los d\u00edas y prepararse para una gran experiencia de surf.<\/p>\n<p>Las clases en grupo son para un m\u00e1ximo de 6 personas y hay que tener al menos 14 a\u00f1os para participar. Por otro lado, las clases privadas son para 1 hasta 4 personas como m\u00e1ximo. Hay diferentes opciones disponibles de acuerdo con el n\u00famero de participantes:<\/p>\n<ul>\n<li>1 persona, posible tambi\u00e9n para ni\u00f1os a partir de 5 a\u00f1os;<\/li>\n<li>2 personas, posible tambi\u00e9n para ni\u00f1os a partir de 8 a\u00f1os;<\/li>\n<li>3 o 4 personas, si hay ni\u00f1os consulte con nosotros acerca de la edad.<\/li>\n<\/ul>\n<h3><span style=\"font-size: 12pt;\">EN NUESTRA ESCUELA DE SURF TENERIFE TODAS LAS CLASES, PRIVADas O en GRUPO, duran 2 HORAS. NUESTROS INSTRUCTORES PROFESIONALES lE CUIDAR\u00c1N DURANTE TODO EL TIEMPO.<\/span><\/h3>\n<p>Tenerife es la m\u00e1s grande y poblada de las <a href=\"https:\/\/es.wikipedia.org\/wiki\/Canarias\" target=\"_blank\" rel=\"noopener\">Islas Canarias<\/a>. Est\u00e1 dominada por el Teide, un incre\u00edble volc\u00e1n de 3718 metros de altura en el centro de la isla. Su impresionante altitud crea las condiciones para diferentes microclimas. Por esta raz\u00f3n, la isla de la eterna primavera es rica en naturaleza y hermosos panoramas. De hecho, puede disfrutar de paisajes fabulosos y aventuras al aire libre si desea descansar del surf.<\/p>\n<p>Debido a la particular morfolog\u00eda de la costa, en Playa de Las Am\u00e9ricas es posible coger las mejores olas. Aqu\u00ed encontramos varios puntos de surf en solo un kil\u00f3metro de costa, a poca distancia de todos los hoteles y resorts de la zona. Los lugares m\u00e1s famosos son &#8220;La Izquierda&#8221;, &#8220;El Medio&#8221;, &#8220;El Bunker&#8221;, &#8220;La Derecha&#8221;, &#8220;Piscina&#8221;, &#8220;El Dedo&#8221; y &#8220;Fitenia&#8221;. A trav\u00e9s de <a href=\"https:\/\/www.youtube.com\/watch?v=LLsgZMnv4oY\" target=\"_blank\" rel=\"noopener\">este enlace<\/a> puede ver un v\u00eddeo de un surfista experimentado surfeando olas en Playa de Las Am\u00e9ricas, donde se encuentra nuestra escuela de surf Tenerife.<\/p>\n<p>Tenerife presenta oleaje norte en invierno y sur en verano. Debido a su posici\u00f3n, Playa de Las Am\u00e9ricas est\u00e1 expuesta a ambos. Esto permite surfear durante todo el a\u00f1o en esta zona. Si quiere cultivar su pasi\u00f3n, contacte con nuestra escuela de surf Tenerife. Estaremos encantados de darle m\u00e1s informaci\u00f3n y sugerirle la mejor soluci\u00f3n para disfrutar de esta fant\u00e1stica isla.[\/vc_column_text][\/vc_tta_section][vc_tta_section title=&#8221;HORARIO Y SERVICIO DE RECOGIDA&#8221; tab_id=&#8221;1577675633592-04df94c3-be9e560b-d9e3&#8243;][vc_column_text][\/vc_column_text][vc_column_text]El servicio de transporte no est\u00e1 disponible, tiene que venir a nuestra escuela en Playa de Las Am\u00e9ricas.<\/p>\n<p>Las clases est\u00e1n disponibles todos los d\u00edas en diferentes horarios seg\u00fan el nivel de la marea y las condiciones del mar.<\/p>\n<p><strong>\u00a1Mire el video, hagase una idea de qu\u00e9 se trata y res\u00e9rvelo ahora mismo!<\/strong>[\/vc_column_text][\/vc_tta_section][\/vc_tta_accordion]<style type=\"text\/css\">.thegem-button-69debaed998607759 .gem-button svg {fill: #ffffff;}.thegem-button-69debaed998607759 .gem-button:hover svg {fill: #312c7a;}<\/style><div class=\"gem-button-container gem-button-position-center thegem-button-69debaed998607759    \"  ><a class=\"gem-button gem-button-size-small gem-button-style-flat gem-button-text-weight-normal\" data-ll-effect=\"drop-right-without-wrap\" style=\"border-radius: 3px;background-color: #312c7a;color: #ffffff;\" onmouseleave=\"this.style.backgroundColor='#312c7a';this.style.color='#ffffff';\" onmouseenter=\"this.style.backgroundColor='#f6eb14';this.style.color='#312c7a';\" href=\"#precios-surf\" target=\"_self\">PRECIOS<\/a><\/div> [\/vc_column][\/vc_row][vc_row full_width=&#8221;stretch_row_content&#8221; content_placement=&#8221;middle&#8221; css=&#8221;.vc_custom_1576709624172{background-color: #312c7a !important;background-position: center !important;background-repeat: no-repeat !important;background-size: cover !important;}&#8221;][vc_column][vc_column_text]<\/p>\n<h3 style=\"text-align: center;\"><strong><span style=\"color: #ffffff; font-size: 18pt;\">COMPRAR YA<\/span><\/strong><\/h3>\n<p>[\/vc_column_text][vc_empty_space height=&#8221;10px&#8221; el_id=&#8221;precios-surf&#8221;][\/vc_column][\/vc_row]<\/p>\n<\/div>","protected":false},"excerpt":{"rendered":"<p>[vc_row full_width=&#8221;stretch_row_content_no_spaces&#8221;][vc_column][vc_column_text css=&#8221;.vc_custom_1743589391933{background-color: #F6EB14 !important;background-position: center !important;background-repeat: no-repeat !important;background-size: cover !important;}&#8221; css_animation=&#8221;fadeIn&#8221;] CLASE DE SURF [\/vc_column_text][\/vc_column][\/vc_row][vc_row][vc_column][vc_column_text] Nuestra escuela de surf&#8230;<\/p>\n","protected":false},"featured_media":419967,"template":"","meta":{"_acf_changed":false,"_seopress_robots_primary_cat":"2172","_seopress_titles_title":"Escuela de surf Tenerife, clases en Playa de Las Americas","_seopress_titles_desc":"Reserve ahora su clase de surf en nuestra escuela de surf Tenerife ubicada en Las Americas; clases en grupo y privadas para todos los niveles","_seopress_robots_index":""},"product_brand":[],"product_cat":[2172],"product_tag":[2289,2292,2291,2290],"class_list":{"0":"post-52656","1":"product","2":"type-product","3":"status-publish","4":"has-post-thumbnail","6":"product_cat-deportes-acuaticos","7":"product_tag-clase-de-surf-tenerife","8":"product_tag-escuela-de-surf-tenerife","9":"product_tag-surf-tenerife-es","10":"product_tag-surfear-tenerife","12":"first","13":"instock","14":"virtual","15":"sold-individually","16":"taxable","17":"purchasable","18":"product-type-booking"},"booking_location":"","booking_location_type":"","booking_duration":1,"booking_duration_unit":"day","booking_buffer":0,"booking_cost":0,"booking_resources":[],"acf":[],"_links":{"self":[{"href":"https:\/\/tenerife-trips.com\/es\/wp-json\/wp\/v2\/product\/52656","targetHints":{"allow":["GET"]}}],"collection":[{"href":"https:\/\/tenerife-trips.com\/es\/wp-json\/wp\/v2\/product"}],"about":[{"href":"https:\/\/tenerife-trips.com\/es\/wp-json\/wp\/v2\/types\/product"}],"wp:featuredmedia":[{"embeddable":true,"href":"https:\/\/tenerife-trips.com\/es\/wp-json\/wp\/v2\/media\/419967"}],"wp:attachment":[{"href":"https:\/\/tenerife-trips.com\/es\/wp-json\/wp\/v2\/media?parent=52656"}],"wp:term":[{"taxonomy":"product_brand","embeddable":true,"href":"https:\/\/tenerife-trips.com\/es\/wp-json\/wp\/v2\/product_brand?post=52656"},{"taxonomy":"product_cat","embeddable":true,"href":"https:\/\/tenerife-trips.com\/es\/wp-json\/wp\/v2\/product_cat?post=52656"},{"taxonomy":"product_tag","embeddable":true,"href":"https:\/\/tenerife-trips.com\/es\/wp-json\/wp\/v2\/product_tag?post=52656"}],"curies":[{"name":"wp","href":"https:\/\/api.w.org\/{rel}","templated":true}]}}