{"id":700089,"date":"2025-07-09T15:48:20","date_gmt":"2025-07-09T14:48:20","guid":{"rendered":"https:\/\/tenerife-trips.com\/?post_type=product&#038;p=700089"},"modified":"2025-12-02T20:35:39","modified_gmt":"2025-12-02T20:35:39","slug":"experiencia-en-jeep-en-tenerife","status":"publish","type":"product","link":"https:\/\/tenerife-trips.com\/es\/product\/aventuras-en-terreno\/experiencia-en-jeep-en-tenerife\/","title":{"rendered":"JEEP COMO CONDUCTOR"},"content":{"rendered":"<div class=\"wpb-content-wrapper\"><p>[vc_row full_width=&#8221;stretch_row_content_no_spaces&#8221;][vc_column][vc_column_text css=&#8221;.vc_custom_1752157389367{background-color: #F6EB14 !important;background-position: center !important;background-repeat: no-repeat !important;background-size: cover !important;}&#8221; css_animation=&#8221;fadeIn&#8221;]<\/p>\n<h1 class=\"title-h2\" style=\"text-align: center;\"><span style=\"font-size: 18pt; color: #312c7a;\">JEEP COMO CONDUCTOR<\/span><\/h1>\n<p>[\/vc_column_text][\/vc_column][\/vc_row][vc_row][vc_column][vc_column_text css=&#8221;&#8221;]<\/p>\n<p style=\"text-align: center;\"><span style=\"font-size: 14pt;\">\u00a1Una experiencia en jeep en Tenerife es sin duda una de las mejores maneras de descubrir la isla!<\/span><\/p>\n<p style=\"text-decoration: underline; text-align: center;\"><span style=\"font-size: 14pt; color: #312c7a;\"><strong>\u21d3 Ver m\u00e1s descripci\u00f3n a continuaci\u00f3n \u21d3<\/strong><\/span><\/p>\n<p>[\/vc_column_text][\/vc_column][\/vc_row][vc_row full_width=&#8221;stretch_row_content&#8221; full_height=&#8221;yes&#8221; css=&#8221;.vc_custom_1576192123211{background-color: #312c7a !important;background-position: center !important;background-repeat: no-repeat !important;background-size: cover !important;}&#8221;][vc_column]<div class=\"gem-vimeo gem-wrapbox gem-wrapbox-style-no-style rounded-corners gem-wrapbox-position-below\" style=\"width: 100%;\"><div class=\"gem-wrapbox-inner gem-ratio-style\" style=\"padding-top: 56.25%\"><iframe webkitallowfullscreen=\"true\" mozallowfullscreen=\"true\" allowfullscreen=\"true\" class=\"gem-wrapbox-element img-responsive\" frameborder=\"0\" scrolling=\"no\" marginheight=\"0\" marginwidth=\"0\" src=\"\/\/player.vimeo.com\/video\/331765195?title=0&amp;byline=0&amp;portrait=0 \"><\/iframe><\/div><\/div>[vc_empty_space]<div class=\"preloader\"><div class=\"preloader-spin\"><\/div><\/div> <div id=\"gem-gallery-69e3450584c38\" class=\"gem-gallery gem-gallery-hover-zooming-blur\"> <div class=\"gem-gallery-item\"> <div class=\"gem-gallery-item-image\"> <a href=\"https:\/\/tenerife-trips.com\/wp-content\/uploads\/2019\/12\/1-5-thegem-gallery-sidebar.jpg\" data-fancybox-group=\"gallery-69e3450584c38\" data-full-image-url=\"https:\/\/tenerife-trips.com\/wp-content\/uploads\/2019\/12\/1-5.jpg\"> <svg width=\"20\" height=\"10\"><path d=\"M 0,10 Q 9,9 10,0 Q 11,9 20,10\" \/><\/svg> <img src=\"https:\/\/tenerife-trips.com\/wp-content\/uploads\/2019\/12\/1-5-thegem-post-thumb-small.jpg\" alt=\"jeep Tenerife\" class=\"img-responsive\"> <span class=\"gem-gallery-caption slide-info\"> <\/span> <\/a> <span class=\"gem-gallery-line\"><\/span> <\/div> <\/div> <div class=\"gem-gallery-item\"> <div class=\"gem-gallery-item-image\"> <a href=\"https:\/\/tenerife-trips.com\/wp-content\/uploads\/2019\/12\/2-thegem-gallery-sidebar.jpg\" data-fancybox-group=\"gallery-69e3450584c38\" data-full-image-url=\"https:\/\/tenerife-trips.com\/wp-content\/uploads\/2019\/12\/2.jpg\"> <svg width=\"20\" height=\"10\"><path d=\"M 0,10 Q 9,9 10,0 Q 11,9 20,10\" \/><\/svg> <img src=\"https:\/\/tenerife-trips.com\/wp-content\/uploads\/2019\/12\/2-thegem-post-thumb-small.jpg\" alt=\"jeep Tenerife\" class=\"img-responsive\"> <span class=\"gem-gallery-caption slide-info\"> <\/span> <\/a> <span class=\"gem-gallery-line\"><\/span> <\/div> <\/div> <div class=\"gem-gallery-item\"> <div class=\"gem-gallery-item-image\"> <a href=\"https:\/\/tenerife-trips.com\/wp-content\/uploads\/2019\/12\/3-8-thegem-gallery-sidebar.jpg\" data-fancybox-group=\"gallery-69e3450584c38\" data-full-image-url=\"https:\/\/tenerife-trips.com\/wp-content\/uploads\/2019\/12\/3-8.jpg\"> <svg width=\"20\" height=\"10\"><path d=\"M 0,10 Q 9,9 10,0 Q 11,9 20,10\" \/><\/svg> <img src=\"https:\/\/tenerife-trips.com\/wp-content\/uploads\/2019\/12\/3-8-thegem-post-thumb-small.jpg\" alt=\"jeep Tenerife\" class=\"img-responsive\"> <span class=\"gem-gallery-caption slide-info\"> <\/span> <\/a> <span class=\"gem-gallery-line\"><\/span> <\/div> <\/div> <div class=\"gem-gallery-item\"> <div class=\"gem-gallery-item-image\"> <a href=\"https:\/\/tenerife-trips.com\/wp-content\/uploads\/2019\/12\/4-5-thegem-gallery-sidebar.jpg\" data-fancybox-group=\"gallery-69e3450584c38\" data-full-image-url=\"https:\/\/tenerife-trips.com\/wp-content\/uploads\/2019\/12\/4-5.jpg\"> <svg width=\"20\" height=\"10\"><path d=\"M 0,10 Q 9,9 10,0 Q 11,9 20,10\" \/><\/svg> <img src=\"https:\/\/tenerife-trips.com\/wp-content\/uploads\/2019\/12\/4-5-thegem-post-thumb-small.jpg\" alt=\"jeep Tenerife\" class=\"img-responsive\"> <span class=\"gem-gallery-caption slide-info\"> <\/span> <\/a> <span class=\"gem-gallery-line\"><\/span> <\/div> <\/div> <div class=\"gem-gallery-item\"> <div class=\"gem-gallery-item-image\"> <a href=\"https:\/\/tenerife-trips.com\/wp-content\/uploads\/2019\/12\/5-10-thegem-gallery-sidebar.jpg\" data-fancybox-group=\"gallery-69e3450584c38\" data-full-image-url=\"https:\/\/tenerife-trips.com\/wp-content\/uploads\/2019\/12\/5-10.jpg\"> <svg width=\"20\" height=\"10\"><path d=\"M 0,10 Q 9,9 10,0 Q 11,9 20,10\" \/><\/svg> <img src=\"https:\/\/tenerife-trips.com\/wp-content\/uploads\/2019\/12\/5-10-thegem-post-thumb-small.jpg\" alt=\"jeep Tenerife\" class=\"img-responsive\"> <span class=\"gem-gallery-caption slide-info\"> <\/span> <\/a> <span class=\"gem-gallery-line\"><\/span> <\/div> <\/div> <div class=\"gem-gallery-item\"> <div class=\"gem-gallery-item-image\"> <a href=\"https:\/\/tenerife-trips.com\/wp-content\/uploads\/2019\/12\/5-leg-thegem-gallery-sidebar.jpg\" data-fancybox-group=\"gallery-69e3450584c38\" data-full-image-url=\"https:\/\/tenerife-trips.com\/wp-content\/uploads\/2019\/12\/5-leg.jpg\"> <svg width=\"20\" height=\"10\"><path d=\"M 0,10 Q 9,9 10,0 Q 11,9 20,10\" \/><\/svg> <img src=\"https:\/\/tenerife-trips.com\/wp-content\/uploads\/2019\/12\/5-leg-thegem-post-thumb-small.jpg\" alt=\"\" class=\"img-responsive\"> <span class=\"gem-gallery-caption slide-info\"> <\/span> <\/a> <span class=\"gem-gallery-line\"><\/span> <\/div> <\/div> <div class=\"gem-gallery-item\"> <div class=\"gem-gallery-item-image\"> <a href=\"https:\/\/tenerife-trips.com\/wp-content\/uploads\/2019\/12\/4leg-1-thegem-gallery-sidebar.jpg\" data-fancybox-group=\"gallery-69e3450584c38\" data-full-image-url=\"https:\/\/tenerife-trips.com\/wp-content\/uploads\/2019\/12\/4leg-1.jpg\"> <svg width=\"20\" height=\"10\"><path d=\"M 0,10 Q 9,9 10,0 Q 11,9 20,10\" \/><\/svg> <img src=\"https:\/\/tenerife-trips.com\/wp-content\/uploads\/2019\/12\/4leg-1-thegem-post-thumb-small.jpg\" alt=\"jeep safari Tenerife\" class=\"img-responsive\"> <span class=\"gem-gallery-caption slide-info\"> <\/span> <\/a> <span class=\"gem-gallery-line\"><\/span> <\/div> <\/div> <\/div>[vc_empty_space][\/vc_column][\/vc_row][vc_row full_width=&#8221;stretch_row&#8221; css=&#8221;.vc_custom_1577672701198{background-color: #312c7a !important;background-position: center !important;background-repeat: no-repeat !important;background-size: cover !important;}&#8221;][vc_column][vc_column_text css=&#8221;&#8221;]<\/p>\n<h3 style=\"text-align: center;\"><span style=\"font-size: 18pt; color: #ffffff;\">DESCRIPCI\u00d3N<\/span><\/h3>\n<p>[\/vc_column_text][\/vc_column][\/vc_row][vc_row][vc_column][vc_tta_accordion style=&#8221;simple_solid&#8221; color=&#8221;blue&#8221; c_icon=&#8221;chevron&#8221; active_section=&#8221;-00&#8243; collapsible_all=&#8221;true&#8221;][vc_tta_section title=&#8221;EXPLICACI\u00d3N DEL VIAJE&#8221; tab_id=&#8221;1577672666530-17510263-e5b3731c-73a33577-8584877d-2b612479-deda&#8221;][vc_column_text css=&#8221;&#8221;]<span style=\"font-size: 14pt;\">Lo primero que tenemos que decir es que la experiencia en jeep en Tenerife es sin duda una de las <a href=\"https:\/\/tenerife-trips.com\/es\/actividades-en-tenerife\/\" target=\"_blank\" rel=\"noopener\">mejores excursiones<\/a> para visitar la isla!<\/span><\/p>\n<p><span style=\"font-size: 14pt;\">El Jeep Wrangler con tracci\u00f3n en las cuatro ruedas tiene capacidad para un m\u00e1ximo de 4 personas (3 pasajeros y el conductor). En un tour en jeep, podr\u00e1 disfrutar mejor de los paisajes de los fant\u00e1sticos lugares que visitar\u00e1. Ir\u00e1 en un grupo de veh\u00edculos siguiendo al gu\u00eda. \u00c9l le proporcionar\u00e1 informaci\u00f3n interesante durante toda la excursi\u00f3n en ingl\u00e9s, espa\u00f1ol e italiano.<\/span><\/p>\n<p><span style=\"font-size: 14pt;\">\u00a0Puede conducir su jeep y llevar a otras 3 personas a bordo. <span style=\"color: #ff0000;\">Para ser conductor<\/span> en la experiencia en jeep en Tenerife <span style=\"color: #ff0000;\">hay que tener un permiso de conducir v\u00e1lido durante al menos dos a\u00f1os y tener al menos 21 a\u00f1os de edad<\/span>. Se permiten dos conductores y pueden turnarse durante la excursi\u00f3n. Se puede a\u00f1adir un tercer conductor por 30\u20ac adicionales.<\/span><\/p>\n<h3><span style=\"font-size: 12pt;\">Disponemos de diferentes tours para la experiencia en jeep en Tenerife:<\/span><\/h3>\n<ul>\n<li><span style=\"font-size: 14pt;\"><span style=\"text-decoration: underline;\"><strong>Teide sunset:<\/strong><\/span> desde la base en Costa Adeje nos dirigiremos a Gu\u00eda de Isora, pasando por el pueblo de Ch\u00edo, para tomar la carretera TF38 que sube al Parque Nacional del Teide. A 1000 metros sobre el nivel del mar, accederemos a nuestro terreno privado de 15.000 metros cuadrados, donde podr\u00e1 disfrutar de aproximadamente 20 minutos de conducci\u00f3n por un circuito de tierra todoterreno. Despu\u00e9s, continuaremos el viaje ascendiendo hacia el centro del parque nacional. Pararemos en los <a href=\"https:\/\/maps.app.goo.gl\/spL6xebzqpo8oEsv8\" target=\"_blank\" rel=\"noopener\">Roques de Garc\u00eda<\/a>, a 2200 metros de altitud, donde podr\u00e1 admirar el majestuoso pico del volc\u00e1n Teide y el <a href=\"https:\/\/maps.app.goo.gl\/FpdSzecaD3S92vDE9\" target=\"_blank\" rel=\"noopener\">Llano de Ucanca<\/a>. De regreso, pararemos en un mirador panor\u00e1mico donde disfrutaremos de la puesta de sol y de la vista de otras islas hacia el oeste. Dispondr\u00e1 de una nevera con bebidas fr\u00edas y s\u00e1ndwiches de pollo y queso o at\u00fan. Tras la parada para ver la puesta de sol, regresaremos a nuestra oficina en Costa Adeje.<\/span><\/li>\n<li><span style=\"font-size: 14pt;\"><span style=\"text-decoration: underline;\"><strong>Teide de d\u00eda:<\/strong><\/span> este recorrido es exactamente igual al recorrido Teide sunset, solo que sin vista de la puesta del sol, ya que se realiza m\u00e1s temprano en el d\u00eda.<\/span><\/li>\n<li><span style=\"font-size: 14pt;\"><span style=\"font-size: 14pt;\"><span style=\"text-decoration: underline;\"><strong>Tour costero:<\/strong><\/span> <\/span><\/span><span class=\"ryNqvb\">desde la base en Costa Adeje, nos dirigiremos a Gu\u00eda de Isora, pasando por el pueblo de Ch\u00edo, para tomar la carretera TF38 que sube al Parque Nacional del Teide.<\/span> <span class=\"jCAhz ChMk0b\"><span class=\"ryNqvb\">A 1000 metros de altitud, entraremos en nuestro terreno privado de 15.000 metros cuadrados, donde podr\u00e1n disfrutar de aproximadamente 20 minutos de conducci\u00f3n por un circuito de tierra todoterreno.<\/span><\/span> <span class=\"jCAhz ChMk0b\"><span class=\"ryNqvb\">Despu\u00e9s, nos dirigiremos a Los Gigantes para admirar los hermosos acantilados desde un <a href=\"https:\/\/maps.app.goo.gl\/mtHpy23rLapQ9d1s6\" target=\"_blank\" rel=\"noopener\">mirador panor\u00e1mico<\/a>.<\/span><\/span> <span class=\"jCAhz ChMk0b\"><span class=\"ryNqvb\">Despu\u00e9s, nos dirigiremos al sur por la costa y haremos una parada en &#8220;<a href=\"https:\/\/maps.app.goo.gl\/UrFU1qFN5yaHvPrL9\" target=\"_blank\" rel=\"noopener\">El Balito<\/a>&#8220;.<\/span><\/span> <span class=\"jCAhz ChMk0b\"><span class=\"ryNqvb\">Aqu\u00ed podremos conducir un poco fuera de carretera y darnos un ba\u00f1o en el mar antes de regresar a nuestra oficina en Costa Adeje.<\/span><\/span><\/li>\n<\/ul>\n<p><span style=\"font-size: 14pt;\">En cada parada, nuestro gu\u00eda les contar\u00e1 an\u00e9cdotas e historias sobre el volc\u00e1n y los lugares visitados. Tambi\u00e9n tomar\u00e1 fotos que podr\u00e1n comprar al final del recorrido si lo desean. Disponemos de chaquetas para el fr\u00edo, por si alguien las necesita. La duraci\u00f3n de cada recorrido es de aproximadamente 3,5 horas.<\/span><\/p>\n<p><span style=\"font-size: 14pt;\">Si no desea conducir, tambi\u00e9n puede viajar en el jeep como pasajero con el gu\u00eda. Para m\u00e1s informaci\u00f3n, consulte con nuestro servicio de atenci\u00f3n al cliente.<\/span><\/p>\n<p><span style=\"color: #ff0000; font-size: 14pt;\">Esta actividad no es apta para ni\u00f1os menores de 2 a\u00f1os ni para personas mayores de 95 a\u00f1os.<\/span>[\/vc_column_text][\/vc_tta_section][vc_tta_section title=&#8221;SERVICIO DE RECOGIDA&#8221; tab_id=&#8221;1577672666572-9f2a1dc7-b12a731c-73a33577-8584877d-2b612479-deda&#8221;][vc_column_text css=&#8221;&#8221;]No hay servicio de recogida, pero puede obtener un reembolso de hasta 10 \u20ac mostrando el recibo del taxi. La oficina a la que debe acudir est\u00e1 en Costa Adeje.<\/p>\n<h6><span style=\"color: #312c7a;\"><strong>Vea el v\u00eddeo, h\u00e1gase una idea de c\u00f3mo es una excursi\u00f3n en jeep por Tenerife y \u00a1reserve ya!<\/strong><\/span><\/h6>\n<p>[\/vc_column_text][\/vc_tta_section][\/vc_tta_accordion][vc_empty_space height=&#8221;30&#8243;]<style type=\"text\/css\">.thegem-button-69e345058665b3346 .gem-button svg {fill: #ffffff;}.thegem-button-69e345058665b3346 .gem-button:hover svg {fill: #312c7a;}<\/style><div class=\"gem-button-container gem-button-position-center thegem-button-69e345058665b3346    \"  ><a class=\"gem-button gem-button-size-small gem-button-style-flat gem-button-text-weight-normal\" data-ll-effect=\"drop-right-without-wrap\" style=\"border-radius: 3px;background-color: #312c7a;color: #ffffff;\" onmouseleave=\"this.style.backgroundColor='#312c7a';this.style.color='#ffffff';\" onmouseenter=\"this.style.backgroundColor='#f6eb14';this.style.color='#312c7a';\" href=\"#prices-tamaran\" target=\"_self\">PRECIOS<\/a><\/div> [\/vc_column][\/vc_row][vc_row full_width=&#8221;stretch_row&#8221; css=&#8221;.vc_custom_1577672746230{background-color: #312c7a !important;background-position: center !important;background-repeat: no-repeat !important;background-size: cover !important;}&#8221;][vc_column][vc_column_text css=&#8221;.vc_custom_1752160666541{background-color: #312c7a !important;background-position: center !important;background-repeat: no-repeat !important;background-size: cover !important;}&#8221;]<\/p>\n<h3 style=\"text-align: center;\"><strong><span style=\"font-size: 18pt; color: #ffffff;\">comprar ya<\/span><\/strong><\/h3>\n<p>[\/vc_column_text][vc_empty_space height=&#8221;10px&#8221;][\/vc_column][\/vc_row][vc_section][vc_row][vc_column][vc_empty_space height=&#8221;1px&#8221;][\/vc_column][\/vc_row][vc_row][vc_column width=&#8221;1\/3&#8243;][vc_empty_space][vc_empty_space][vc_column_text css=&#8221;&#8221;]<span style=\"font-family: helvetica, arial, sans-serif;\"><strong>\u00a0 \u00a0 \u00a0 \u00a0 \u00bfQUIERE HACER UN REGALO?<\/strong><\/span>[\/vc_column_text][\/vc_column][vc_column width=&#8221;1\/3&#8243;][vc_single_image image=&#8221;451887&#8243; img_size=&#8221;medium&#8221; alignment=&#8221;center&#8221; style=&#8221;vc_box_rounded&#8221; onclick=&#8221;custom_link&#8221; img_link_target=&#8221;_blank&#8221; css=&#8221;&#8221; link=&#8221;https:\/\/www.tenerife-trips.com\/es\/product\/wps_wgm_giftcard-2\/tarjeta-regalo\/&#8221;][\/vc_column][vc_column width=&#8221;1\/3&#8243;]<style type=\"text\/css\">.thegem-button-69e345058714a7793 .gem-button svg {fill: #ffffff;}.thegem-button-69e345058714a7793 .gem-button:hover svg {fill: #ffffff;}<\/style><div class=\"gem-button-container gem-button-position-center thegem-button-69e345058714a7793    \"  ><a class=\"gem-button gem-button-size-medium gem-button-style-flat gem-button-text-weight-normal gem-button-icon-position-left  gem-button-tablet-size-medium gem-button-mobile-size-medium\" data-ll-effect=\"drop-right-without-wrap\" style=\"border-radius: 3px;background-color: #1a9144;color: #ffffff;\" onmouseleave=\"this.style.backgroundColor='#1a9144';this.style.color='#ffffff';\" onmouseenter=\"this.style.backgroundColor='#312c7a';this.style.color='#ffffff';\" href=\"https:\/\/www.tenerife-trips.com\/es\/product\/wps_wgm_giftcard-2\/tarjeta-regalo\/\" target=\"_blank\" id=\"giftjetski\"><i class=\"gem-print-icon gem-icon-pack-elegant \">&#xe073;<\/i>COMPRAR UNA TARJETA REGALO<\/a><\/div> [\/vc_column][\/vc_row][\/vc_section][vc_row][vc_column][vc_empty_space el_id=&#8221;prices-tamaran&#8221;][\/vc_column][\/vc_row]<\/p>\n<\/div>","protected":false},"excerpt":{"rendered":"<p>[vc_row full_width=&#8221;stretch_row_content_no_spaces&#8221;][vc_column][vc_column_text css=&#8221;.vc_custom_1752157389367{background-color: #F6EB14 !important;background-position: center !important;background-repeat: no-repeat !important;background-size: cover !important;}&#8221; css_animation=&#8221;fadeIn&#8221;] JEEP COMO CONDUCTOR [\/vc_column_text][\/vc_column][\/vc_row][vc_row][vc_column][vc_column_text css=&#8221;&#8221;] \u00a1Una experiencia en&#8230;<\/p>\n","protected":false},"featured_media":699933,"template":"","meta":{"_acf_changed":false,"_seopress_robots_primary_cat":"2240","_seopress_titles_title":"Experiencia en jeep en Tenerife, conduce un Wrangler por la isla","_seopress_titles_desc":"Experiencia en jeep en Tenerife, descubre la isla conduciendo un Wrangler por paisajes impresionantes. Diferentes excursiones disponibles","_seopress_robots_index":""},"product_brand":[],"product_cat":[2240],"product_tag":[2443],"class_list":{"0":"post-700089","1":"product","2":"type-product","3":"status-publish","4":"has-post-thumbnail","6":"product_cat-aventuras-en-terreno","7":"product_tag-jeep-tenerife-es","9":"first","10":"instock","11":"virtual","12":"sold-individually","13":"taxable","14":"purchasable","15":"product-type-booking"},"booking_location":"","booking_location_type":"","booking_duration":1,"booking_duration_unit":"day","booking_buffer":0,"booking_cost":0,"booking_resources":[],"acf":[],"_links":{"self":[{"href":"https:\/\/tenerife-trips.com\/es\/wp-json\/wp\/v2\/product\/700089","targetHints":{"allow":["GET"]}}],"collection":[{"href":"https:\/\/tenerife-trips.com\/es\/wp-json\/wp\/v2\/product"}],"about":[{"href":"https:\/\/tenerife-trips.com\/es\/wp-json\/wp\/v2\/types\/product"}],"wp:featuredmedia":[{"embeddable":true,"href":"https:\/\/tenerife-trips.com\/es\/wp-json\/wp\/v2\/media\/699933"}],"wp:attachment":[{"href":"https:\/\/tenerife-trips.com\/es\/wp-json\/wp\/v2\/media?parent=700089"}],"wp:term":[{"taxonomy":"product_brand","embeddable":true,"href":"https:\/\/tenerife-trips.com\/es\/wp-json\/wp\/v2\/product_brand?post=700089"},{"taxonomy":"product_cat","embeddable":true,"href":"https:\/\/tenerife-trips.com\/es\/wp-json\/wp\/v2\/product_cat?post=700089"},{"taxonomy":"product_tag","embeddable":true,"href":"https:\/\/tenerife-trips.com\/es\/wp-json\/wp\/v2\/product_tag?post=700089"}],"curies":[{"name":"wp","href":"https:\/\/api.w.org\/{rel}","templated":true}]}}