{"id":85980,"date":"2020-10-22T14:04:25","date_gmt":"2020-10-22T13:04:25","guid":{"rendered":"https:\/\/tenerife-trips.com\/?post_type=product&#038;p=85980"},"modified":"2025-12-02T20:40:23","modified_gmt":"2025-12-02T20:40:23","slug":"helicoptero-tenerife","status":"publish","type":"product","link":"https:\/\/tenerife-trips.com\/es\/product\/deportes-aereos\/helicoptero-tenerife\/","title":{"rendered":"Helic\u00f3ptero"},"content":{"rendered":"<div class=\"wpb-content-wrapper\"><p>[vc_row full_width=&#8221;stretch_row_content_no_spaces&#8221;][vc_column][vc_column_text css=&#8221;.vc_custom_1743589332071{background-color: #F6EB14 !important;background-position: center !important;background-repeat: no-repeat !important;background-size: cover !important;}&#8221; css_animation=&#8221;fadeIn&#8221;]<\/p>\n<h1 class=\"title-h2\" style=\"text-align: center;\"><span style=\"font-size: 18pt; color: #312c7a;\">Helic\u00f3ptero<\/span><\/h1>\n<p>[\/vc_column_text][\/vc_column][\/vc_row][vc_row][vc_column][vc_column_text]<\/p>\n<p style=\"text-align: center;\">Un vuelo con el helic\u00f3ptero Tenerife es sin duda una de las mejores excursiones disponibles en la isla; Hay diferentes recorridos disponibles, \u00a1de 20 a 120 Km!<\/p>\n<p style=\"text-align: center;\"><strong>\u21d3 Ver m\u00e1s descripci\u00f3n a continuaci\u00f3n \u21d3<\/strong><\/p>\n<p>[\/vc_column_text][vc_empty_space][\/vc_column][\/vc_row][vc_row full_width=&#8221;stretch_row_content&#8221; full_height=&#8221;yes&#8221; css=&#8221;.vc_custom_1576192123211{background-color: #312c7a !important;background-position: center !important;background-repeat: no-repeat !important;background-size: cover !important;}&#8221;][vc_column]<div class=\"gem-vimeo gem-wrapbox gem-wrapbox-style-no-style rounded-corners gem-wrapbox-position-below\" style=\"width: 100%;\"><div class=\"gem-wrapbox-inner gem-ratio-style\" style=\"padding-top: 56.25%\"><iframe webkitallowfullscreen=\"true\" mozallowfullscreen=\"true\" allowfullscreen=\"true\" class=\"gem-wrapbox-element img-responsive\" frameborder=\"0\" scrolling=\"no\" marginheight=\"0\" marginwidth=\"0\" src=\"\/\/player.vimeo.com\/video\/470712681?title=0&amp;byline=0&amp;portrait=0 \"><\/iframe><\/div><\/div>[vc_empty_space]<div class=\"preloader\"><div class=\"preloader-spin\"><\/div><\/div> <div id=\"gem-gallery-69d0f30b3a2be\" class=\"gem-gallery gem-gallery-hover-zooming-blur\"> <div class=\"gem-gallery-item\"> <div class=\"gem-gallery-item-image\"> <a href=\"https:\/\/tenerife-trips.com\/wp-content\/uploads\/2020\/10\/elicottero-Tenerife-thegem-gallery-sidebar.png\" data-fancybox-group=\"gallery-69d0f30b3a2be\" data-full-image-url=\"https:\/\/tenerife-trips.com\/wp-content\/uploads\/2020\/10\/elicottero-Tenerife.png\"> <svg width=\"20\" height=\"10\"><path d=\"M 0,10 Q 9,9 10,0 Q 11,9 20,10\" \/><\/svg> <img src=\"https:\/\/tenerife-trips.com\/wp-content\/uploads\/2020\/10\/elicottero-Tenerife-thegem-post-thumb-small.png\" alt=\"elicottero Tenerife\" class=\"img-responsive\"> <span class=\"gem-gallery-caption slide-info\"> <\/span> <\/a> <span class=\"gem-gallery-line\"><\/span> <\/div> <\/div> <div class=\"gem-gallery-item\"> <div class=\"gem-gallery-item-image\"> <a href=\"https:\/\/tenerife-trips.com\/wp-content\/uploads\/2020\/10\/helicopter-tour-Tenerife-thegem-gallery-sidebar.png\" data-fancybox-group=\"gallery-69d0f30b3a2be\" data-full-image-url=\"https:\/\/tenerife-trips.com\/wp-content\/uploads\/2020\/10\/helicopter-tour-Tenerife.png\"> <svg width=\"20\" height=\"10\"><path d=\"M 0,10 Q 9,9 10,0 Q 11,9 20,10\" \/><\/svg> <img src=\"https:\/\/tenerife-trips.com\/wp-content\/uploads\/2020\/10\/helicopter-tour-Tenerife-thegem-post-thumb-small.png\" alt=\"\" class=\"img-responsive\"> <span class=\"gem-gallery-caption slide-info\"> <\/span> <\/a> <span class=\"gem-gallery-line\"><\/span> <\/div> <\/div> <div class=\"gem-gallery-item\"> <div class=\"gem-gallery-item-image\"> <a href=\"https:\/\/tenerife-trips.com\/wp-content\/uploads\/2020\/10\/b-thegem-gallery-sidebar.jpg\" data-fancybox-group=\"gallery-69d0f30b3a2be\" data-full-image-url=\"https:\/\/tenerife-trips.com\/wp-content\/uploads\/2020\/10\/b.jpg\"> <svg width=\"20\" height=\"10\"><path d=\"M 0,10 Q 9,9 10,0 Q 11,9 20,10\" \/><\/svg> <img src=\"https:\/\/tenerife-trips.com\/wp-content\/uploads\/2020\/10\/b-thegem-post-thumb-small.jpg\" alt=\"\" class=\"img-responsive\"> <span class=\"gem-gallery-caption slide-info\"> <\/span> <\/a> <span class=\"gem-gallery-line\"><\/span> <\/div> <\/div> <div class=\"gem-gallery-item\"> <div class=\"gem-gallery-item-image\"> <a href=\"https:\/\/tenerife-trips.com\/wp-content\/uploads\/2020\/10\/a-thegem-gallery-sidebar.jpg\" data-fancybox-group=\"gallery-69d0f30b3a2be\" data-full-image-url=\"https:\/\/tenerife-trips.com\/wp-content\/uploads\/2020\/10\/a.jpg\"> <svg width=\"20\" height=\"10\"><path d=\"M 0,10 Q 9,9 10,0 Q 11,9 20,10\" \/><\/svg> <img src=\"https:\/\/tenerife-trips.com\/wp-content\/uploads\/2020\/10\/a-thegem-post-thumb-small.jpg\" alt=\"\" class=\"img-responsive\"> <span class=\"gem-gallery-caption slide-info\"> <\/span> <\/a> <span class=\"gem-gallery-line\"><\/span> <\/div> <\/div> <div class=\"gem-gallery-item\"> <div class=\"gem-gallery-item-image\"> <a href=\"https:\/\/tenerife-trips.com\/wp-content\/uploads\/2020\/10\/c-thegem-gallery-sidebar.jpg\" data-fancybox-group=\"gallery-69d0f30b3a2be\" data-full-image-url=\"https:\/\/tenerife-trips.com\/wp-content\/uploads\/2020\/10\/c.jpg\"> <svg width=\"20\" height=\"10\"><path d=\"M 0,10 Q 9,9 10,0 Q 11,9 20,10\" \/><\/svg> <img src=\"https:\/\/tenerife-trips.com\/wp-content\/uploads\/2020\/10\/c-thegem-post-thumb-small.jpg\" alt=\"\" class=\"img-responsive\"> <span class=\"gem-gallery-caption slide-info\"> <\/span> <\/a> <span class=\"gem-gallery-line\"><\/span> <\/div> <\/div> <div class=\"gem-gallery-item\"> <div class=\"gem-gallery-item-image\"> <a href=\"https:\/\/tenerife-trips.com\/wp-content\/uploads\/2020\/10\/d-thegem-gallery-sidebar.jpg\" data-fancybox-group=\"gallery-69d0f30b3a2be\" data-full-image-url=\"https:\/\/tenerife-trips.com\/wp-content\/uploads\/2020\/10\/d.jpg\"> <svg width=\"20\" height=\"10\"><path d=\"M 0,10 Q 9,9 10,0 Q 11,9 20,10\" \/><\/svg> <img src=\"https:\/\/tenerife-trips.com\/wp-content\/uploads\/2020\/10\/d-thegem-post-thumb-small.jpg\" alt=\"\" class=\"img-responsive\"> <span class=\"gem-gallery-caption slide-info\"> <\/span> <\/a> <span class=\"gem-gallery-line\"><\/span> <\/div> <\/div> <\/div>[vc_empty_space][\/vc_column][\/vc_row][vc_row full_width=&#8221;stretch_row&#8221; css=&#8221;.vc_custom_1577670800120{background-color: #312c7a !important;background-position: center !important;background-repeat: no-repeat !important;background-size: cover !important;}&#8221;][vc_column][vc_column_text]<\/p>\n<h3 style=\"text-align: center;\"><span style=\"color: #ffffff; font-size: 18pt;\">DESCRIPCI\u00d3N<\/span><\/h3>\n<p>[\/vc_column_text][\/vc_column][\/vc_row][vc_row][vc_column][vc_tta_accordion style=&#8221;simple_solid&#8221; color=&#8221;blue&#8221; c_icon=&#8221;chevron&#8221; active_section=&#8221;-0&#8243; collapsible_all=&#8221;true&#8221;][vc_tta_section title=&#8221;EXPLICACI\u00d3N DEL VIAJE&#8221; tab_id=&#8221;1577670774782-176a6d5c-3339d176-6d95fcee-9aa1&#8243;][vc_column_text css=&#8221;&#8221;]El vuelo con el helic\u00f3ptero Tenerife es sin duda una de las mejores experiencias disponibles en la isla; podr\u00e1 sobrevolar los mejores paisajes y realizar v\u00eddeos y fotograf\u00edas de los impresionantes panoramas de Tenerife desde el cielo.<\/p>\n<h3><span style=\"font-size: 12pt;\">EL PUNTO DE INICIO POR DONDE TIENE QUE VENIR est\u00e1 SITUADO EN LA ZONA DE <a href=\"https:\/\/www.google.com\/maps\/place\/Adeje,+Santa+Cruz+de+Tenerife\/@28.1217966,-16.7426763,15z\/data=!3m1!4b1!4m5!3m4!1s0xc6a909bd5432ced:0x2abb5d93f23f4103!8m2!3d28.1220604!4d-16.7338211\">ADEJE<\/a>, EN EL SUR. HAY DIFERENTES TOURS DISPONIBLES CON EL HELIC\u00d3PTERO TENERIFE, DESDE 20 A 120 KM; AQU\u00cd HAY UN MAPA QUE LE MUESTRA LAS OPCIONES QUE PUEDE ELEGIR:<\/span><\/h3>\n<h3><span style=\"text-decoration: underline; font-size: 14pt; color: #ff0000;\"><strong><img alt=\"\" class=\"alignleft wp-image-662286 size-full\" src=\"https:\/\/www.tenerife-trips.com\/wp-content\/uploads\/2020\/10\/finale.jpg\" alt=\"\" width=\"1562\" height=\"1080\" srcset=\"https:\/\/tenerife-trips.com\/wp-content\/uploads\/2020\/10\/finale.jpg 1562w, https:\/\/tenerife-trips.com\/wp-content\/uploads\/2020\/10\/finale-600x415.jpg 600w, https:\/\/tenerife-trips.com\/wp-content\/uploads\/2020\/10\/finale-300x207.jpg 300w, https:\/\/tenerife-trips.com\/wp-content\/uploads\/2020\/10\/finale-1024x708.jpg 1024w, https:\/\/tenerife-trips.com\/wp-content\/uploads\/2020\/10\/finale-768x531.jpg 768w, https:\/\/tenerife-trips.com\/wp-content\/uploads\/2020\/10\/finale-1536x1062.jpg 1536w\" sizes=\"(max-width: 1562px) 100vw, 1562px\" \/><\/strong><\/span><\/h3>\n<h2><span style=\"text-decoration: underline;\"><span style=\"font-size: 14pt;\">HELIC\u00d3PTERO TENERIFE, DESCRIPCI\u00d3N DE LOS TOURS:<\/span><\/span><\/h2>\n<h4><span style=\"text-decoration: underline; color: #ff8533;\"><strong><span style=\"font-size: 12pt;\">COSTA del SUR (20 KM, 8 MINUTOS):<\/span><\/strong><\/span><\/h4>\n<p>en primer lugar sobrevolaremos la Costa Adeje pasando desde la zona del pueblo de <a href=\"https:\/\/www.google.com\/maps\/place\/38679+La+Caleta,+Santa+Cruz+de+Tenerife\/@28.1008885,-16.7577555,17z\/data=!3m1!4b1!4m5!3m4!1s0xc6a90ce8bf2530f:0x4eacec4c09089d93!8m2!3d28.1001994!4d-16.7547945\">La Caleta<\/a> y su campo de golf. En segundo lugar, echaremos un vistazo a las zonas tur\u00edsticas de Playa de Las Am\u00e9ricas y Los Cristianos. Este tour le permitir\u00e1 descubrir la zona tur\u00edstica m\u00e1s famosa de la isla.<\/p>\n<h4><span style=\"text-decoration: underline; color: #00ccff;\"><span style=\"font-size: 12pt;\"><strong>PLAYAS Y BARRANCOS (30KM, 12 MINUTOS):<\/strong><\/span><\/span><\/h4>\n<p>el helic\u00f3ptero Tenerife sobrevuela primero el pueblo de La Caleta y su campo de golf; luego veremos las zonas tur\u00edsticas de Playa de las Am\u00e9ricas y Los Cristianos. Posteriormente podr\u00e1 admirar el <a href=\"https:\/\/www.google.com\/maps\/place\/Roque+del+Conde\/@28.1041663,-16.7073658,15z\/data=!4m13!1m7!3m6!1s0xc6a9a21cb047743:0x687e64a4895cec00!2sRoque+del+Conde!3b1!8m2!3d28.104167!4d-16.698611!3m4!1s0xc6a9a21ca4e80a7:0x53b2dfc681b84580!8m2!3d28.1042591!4d-16.6985616\">Roque del Conde<\/a> y descubrir el Barranco del Infierno; podremos apreciar el volc\u00e1n Teide y su pico de 3718 metros de altitud desde las colinas.<\/p>\n<h4><strong><span style=\"text-decoration: underline; color: #0808bf;\"><span style=\"font-size: 12pt;\">LOS GIGANTES (50 KM, 20 MINUTOS):<\/span><\/span><\/strong><\/h4>\n<p>volaremos primero sobre el pueblo de La Caleta y luego a lo largo de la costa occidental hacia <a href=\"https:\/\/www.google.com\/maps\/place\/38687+Playa+San+Juan,+Santa+Cruz+de+Tenerife\/@28.1821589,-16.8211201,16z\/data=!3m1!4b1!4m5!3m4!1s0xc6a8e009649c9bf:0x90a672505a844872!8m2!3d28.1816173!4d-16.8170755\">Playa San Juan<\/a>. Seguiremos hacia el norte por <a href=\"https:\/\/www.google.com\/maps\/place\/Alcal%C3%A1,+Santa+Cruz+de+Tenerife\/@28.2004126,-16.8327177,16z\/data=!3m1!4b1!4m5!3m4!1s0xc6a8ddd3dacea59:0x624d2168adb13fa0!8m2!3d28.2021526!4d-16.8274248\">Alcal\u00e1<\/a> hasta llegar a los majestuosos acantilados de <a href=\"https:\/\/www.google.com\/maps\/place\/Acantilados+de+Los+Gigantes,+Santa+Cruz+de+Tenerife\/@28.244027,-16.8448772,16z\/data=!3m1!4b1!4m5!3m4!1s0xc6a8c153fdc6811:0xa0340f674cf6610!8m2!3d28.2408828!4d-16.8377834\">Los Gigantes<\/a>; en el camino de regreso pasaremos por encima de las monta\u00f1as y el pinar disfrutando de una impresionante vista del volc\u00e1n Teide.<\/p>\n<h4><span style=\"text-decoration: underline; color: #008000;\"><span style=\"font-size: 12pt;\"><strong>ISLA BAJA (85 KM, 30 MINUTOS):<\/strong><\/span><\/span><\/h4>\n<p>este recorrido combina el paisaje seco del sur con el verde del norte; el helic\u00f3ptero Tenerife pasar\u00e1 primero por las zonas de La Caleta, Alcal\u00e1 y Playa San Juan; luego visitaremos el Macizo de Teno; m\u00e1s tarde sobrevolaremos <a href=\"https:\/\/www.google.com\/maps\/place\/38480+Buenavista+del+Nte.,+Santa+Cruz+de+Tenerife\/@28.3710193,-16.8537935,16z\/data=!3m1!4b1!4m5!3m4!1s0xc6a61c4253adb65:0x9396a71db32d3ff7!8m2!3d28.3727951!4d-16.851763\">Buenavista del Norte<\/a> y <a href=\"https:\/\/www.google.com\/maps\/place\/Garachico,+Santa+Cruz+de+Tenerife\/@28.3725568,-16.7674647,16z\/data=!3m1!4b1!4m5!3m4!1s0xc6a62846a5f860b:0xece9e1aeb7cea23c!8m2!3d28.3732467!4d-16.7640103\">Garachico<\/a>, en la costa norte; por \u00faltimo, pero no menos importante, regresaremos a nuestra base sobrevolando la corona forestal.<\/p>\n<h4><strong><span style=\"text-decoration: underline; font-size: 12pt; color: #ff0000;\">GRAN TEIDE LUXURY (120 KM, 45 MINUTOS):<\/span><\/strong><\/h4>\n<p>este es un tour VIP durante el cual volaremos en c\u00edrculo sobre el asombroso Parque Nacional del Teide; declarado Patrimonio de la Humanidad por la UNESCO en 2007, el parque alberga el volc\u00e1n Teide; alcanzando 3718 metros este es el tercero m\u00e1s alto del mundo despu\u00e9s del los <a href=\"https:\/\/www.gohawaii.com\/es\">hawaianos Mauna Kea y Mauna Loa<\/a>. Durante este recorrido tendr\u00e1 la oportunidad de tener una vista privilegiada de hermosos lugares sobrevolando bosques y monta\u00f1as; los m\u00e1s destacables son por ejemplo el <a href=\"https:\/\/www.google.com\/maps\/place\/Orotava+Valley,+Santa+Cruz+de+Tenerife\/@28.4295407,-16.6423194,10.55z\/data=!4m5!3m4!1s0xc6a819b1a2a4e8b:0xc963883f687ac8fd!8m2!3d28.3230695!4d-16.5584071\">Valle de La Orotava<\/a>, <a href=\"https:\/\/www.google.com\/maps\/place\/38400+Puerto+de+la+Cruz,+Santa+Cruz+de+Tenerife\/@28.4091297,-16.5659434,14z\/data=!3m1!4b1!4m5!3m4!1s0xc6a7ffa897afdb1:0xfe20ba57c9146376!8m2!3d28.411413!4d-16.5449611\">Puerto de la Cruz<\/a>, <a href=\"https:\/\/www.google.com\/maps\/place\/38690+Santiago+del+Teide,+Santa+Cruz+de+Tenerife\/@28.2955075,-16.8195248,16z\/data=!3m1!4b1!4m5!3m4!1s0xc6a89619e99c21b:0x279c4fb7d60cfe04!8m2!3d28.2972603!4d-16.8156254\">Santiago del Teide<\/a> y <a href=\"https:\/\/www.google.com\/maps\/place\/38613+Vilaflor,+Santa+Cruz+de+Tenerife,+Santa+Cruz+de+Tenerife\/@28.1563487,-16.6417589,16z\/data=!3m1!4b1!4m5!3m4!1s0xc6a9b78f07a44db:0x4c0d623a565d76ff!8m2!3d28.1578174!4d-16.6372355\">Vilaflor<\/a>. \u00a1Adem\u00e1s le ofreceremos un poco de cava para que disfrute plenamente de la experiencia VIP!<\/p>\n<p><span style=\"font-size: 14pt; color: #ff0000;\"><strong><u>Aviso importante<\/u><\/strong><strong>: tiene que reservar este viaje al menos 48 horas antes de la fecha programada; durante el proceso de reserva debe proporcionar en la secci\u00f3n &#8220;informaci\u00f3n adicional&#8221; el peso de cada persona. El d\u00eda del vuelo todos los clientes deben mostrar un documento de identificaci\u00f3n personal. <\/strong><strong>En el helic\u00f3ptero hay 4 asientos disponibles para los clientes; si quiere un tour privado y sois menos de 4 personas tiene que pagar el precio del tour por persona multiplicado por 3,5. Hay un l\u00edmite de peso de 110 kg, si pesa m\u00e1s que esto debe pagar el precio del tour por persona multiplicado por 1,5; esto se debe a que podemos llevar 1 persona menos a bordo. El precio es por asiento, por lo que es el mismo para adultos y ni\u00f1os.<\/strong><\/span><\/p>\n<h4><span style=\"font-size: 12pt; color: #312c7a;\">EN CONCLUSI\u00d3N, EL TOUR CON EL HELIC\u00d3PTERO TENERIFE ES UNA DE LAS EXCURSIONES M\u00c1S FAMOSAS.<\/span><\/h4>\n<p><strong>\u00a1No se lo pierda, reserve ya sus tickets!<\/strong>[\/vc_column_text][\/vc_tta_section][vc_tta_section title=&#8221;HORARIO Y SERVICIO DE RECOGIDA&#8221; tab_id=&#8221;1577670774833-8f45ebdc-ed58d176-6d95fcee-9aa1&#8243;][vc_column_text]El servicio de recogida para esta excursi\u00f3n no est\u00e1 disponible, tiene que venir a nuestra base en <a href=\"https:\/\/www.google.com\/maps\/place\/Adeje,+Santa+Cruz+de+Tenerife\/@28.1217966,-16.7426763,15z\/data=!3m1!4b1!4m5!3m4!1s0xc6a909bd5432ced:0x2abb5d93f23f4103!8m2!3d28.1220604!4d-16.7338211\">Adeje<\/a>.<\/p>\n<p><span style=\"text-decoration: underline; color: #ff0000;\">HORARIOS:<\/span><\/p>\n<p>Todos los dias.<\/p>\n<p><strong>\u00a1MIRE EL VIDEO, HAGASE UNA IDEA DE QUE SE TRATA Y RESERVE AHORA MISMO!<\/strong>[\/vc_column_text][\/vc_tta_section][vc_tta_section title=&#8221;POL\u00cdTICA DE CANCELACI\u00d3N&#8221; tab_id=&#8221;1610112977862-508f8be9-6746&#8243;][vc_column_text]Si cancela con m\u00e1s de 48 horas de anticipaci\u00f3n antes de su vuelo, se le cobrar\u00e1 el 50% del importe pagado.<\/p>\n<p>Si el aviso de cancelaci\u00f3n es menos de 48 horas antes del vuelo, se le cobrar\u00e1 el 100% del importe pagado.<\/p>\n<p>Si el d\u00eda del vuelo el piloto decide que las condiciones no son aptas para volar intentaremos reprogramar la excursi\u00f3n para otro d\u00eda; en caso de que no sea posible para el cliente le devolveremos el 100% del importe pagado.[\/vc_column_text][\/vc_tta_section][\/vc_tta_accordion]<style type=\"text\/css\">.thegem-button-69d0f30b3b7ba3042 .gem-button svg {fill: #ffffff;}.thegem-button-69d0f30b3b7ba3042 .gem-button:hover svg {fill: #312c7a;}<\/style><div class=\"gem-button-container gem-button-position-center thegem-button-69d0f30b3b7ba3042    \"  ><a class=\"gem-button gem-button-size-small gem-button-style-flat gem-button-text-weight-normal\" data-ll-effect=\"drop-right-without-wrap\" style=\"border-radius: 3px;background-color: #312c7a;color: #ffffff;\" onmouseleave=\"this.style.backgroundColor='#312c7a';this.style.color='#ffffff';\" onmouseenter=\"this.style.backgroundColor='#f6eb14';this.style.color='#312c7a';\" href=\"#precios-helicopter\" target=\"_self\">PRECIOS<\/a><\/div> [\/vc_column][\/vc_row][vc_row full_width=&#8221;stretch_row_content&#8221; css=&#8221;.vc_custom_1577475746461{background-color: #312c7a !important;background-position: center !important;background-repeat: no-repeat !important;background-size: cover !important;}&#8221;][vc_column][vc_column_text]<\/p>\n<h3 style=\"text-align: center;\"><strong><span style=\"font-size: 18pt; color: #ffffff;\">COMPRAR YA<\/span><\/strong><\/h3>\n<p>[\/vc_column_text][vc_empty_space height=&#8221;10px&#8221; el_id=&#8221;precios-helicopter&#8221;][\/vc_column][\/vc_row]<\/p>\n<\/div>","protected":false},"excerpt":{"rendered":"<p>[vc_row full_width=&#8221;stretch_row_content_no_spaces&#8221;][vc_column][vc_column_text css=&#8221;.vc_custom_1743589332071{background-color: #F6EB14 !important;background-position: center !important;background-repeat: no-repeat !important;background-size: cover !important;}&#8221; css_animation=&#8221;fadeIn&#8221;] Helic\u00f3ptero [\/vc_column_text][\/vc_column][\/vc_row][vc_row][vc_column][vc_column_text] Un vuelo con el helic\u00f3ptero Tenerife&#8230;<\/p>\n","protected":false},"featured_media":85822,"template":"","meta":{"_acf_changed":false,"_seopress_robots_primary_cat":"2149","_seopress_titles_title":"Helic\u00f3ptero Tenerife, disfrute de incre\u00edbles panoramas","_seopress_titles_desc":"Vuele con el Helic\u00f3ptero Tenerife sobre la isla y disfrute de una vista privilegiada de los lugares m\u00e1s bellos. Reserve online ahora","_seopress_robots_index":""},"product_brand":[],"product_cat":[2149],"product_tag":[2753],"class_list":{"0":"post-85980","1":"product","2":"type-product","3":"status-publish","4":"has-post-thumbnail","6":"product_cat-deportes-aereos","7":"product_tag-helicoptero-tenerife","9":"first","10":"instock","11":"virtual","12":"sold-individually","13":"taxable","14":"purchasable","15":"product-type-booking"},"booking_location":"","booking_location_type":"","booking_duration":1,"booking_duration_unit":"day","booking_buffer":0,"booking_cost":0,"booking_resources":[],"acf":[],"_links":{"self":[{"href":"https:\/\/tenerife-trips.com\/es\/wp-json\/wp\/v2\/product\/85980","targetHints":{"allow":["GET"]}}],"collection":[{"href":"https:\/\/tenerife-trips.com\/es\/wp-json\/wp\/v2\/product"}],"about":[{"href":"https:\/\/tenerife-trips.com\/es\/wp-json\/wp\/v2\/types\/product"}],"wp:featuredmedia":[{"embeddable":true,"href":"https:\/\/tenerife-trips.com\/es\/wp-json\/wp\/v2\/media\/85822"}],"wp:attachment":[{"href":"https:\/\/tenerife-trips.com\/es\/wp-json\/wp\/v2\/media?parent=85980"}],"wp:term":[{"taxonomy":"product_brand","embeddable":true,"href":"https:\/\/tenerife-trips.com\/es\/wp-json\/wp\/v2\/product_brand?post=85980"},{"taxonomy":"product_cat","embeddable":true,"href":"https:\/\/tenerife-trips.com\/es\/wp-json\/wp\/v2\/product_cat?post=85980"},{"taxonomy":"product_tag","embeddable":true,"href":"https:\/\/tenerife-trips.com\/es\/wp-json\/wp\/v2\/product_tag?post=85980"}],"curies":[{"name":"wp","href":"https:\/\/api.w.org\/{rel}","templated":true}]}}