{"id":621905,"date":"2018-01-15T22:17:27","date_gmt":"2018-01-15T22:17:27","guid":{"rendered":"https:\/\/tenerife-trips.com\/?post_type=product&#038;p=621905"},"modified":"2025-12-03T12:33:43","modified_gmt":"2025-12-03T12:33:43","slug":"plongee-a-tenerife","status":"publish","type":"product","link":"https:\/\/tenerife-trips.com\/fr\/product\/sports-aquatiques\/plongee-a-tenerife\/","title":{"rendered":"PLONG\u00c9E"},"content":{"rendered":"<div class=\"wpb-content-wrapper\"><p>[vc_row full_width=&#8221;stretch_row_content_no_spaces&#8221;][vc_column][vc_column_text css=&#8221;.vc_custom_1743673768604{background-color: #F6EB14 !important;background-position: center !important;background-repeat: no-repeat !important;background-size: cover !important;}&#8221; css_animation=&#8221;fadeIn&#8221;]<\/p>\n<h1 class=\"title-h2\" style=\"text-align: center;\"><span style=\"font-size: 18pt; color: #312c7a;\">PLONG\u00c9E<\/span><\/h1>\n<p>[\/vc_column_text][\/vc_column][\/vc_row][vc_row][vc_column][vc_column_text css=&#8221;&#8221;]<\/p>\n<p style=\"text-align: center;\">La plong\u00e9e \u00e0 Tenerife est vraiment l&#8217;une des meilleures excursions \u00e0 faire pendant vos vacances. <a href=\"https:\/\/en.wikipedia.org\/wiki\/Marine_life_of_the_Canary_Islands\" target=\"_blank\" rel=\"noopener\">La vie marine des \u00eeles Canaries<\/a> est abondante et c&#8217;est une fa\u00e7on de bien la conna\u00eetre.<\/p>\n<p style=\"text-align: center;\">Regardez d&#8217;une perspective diff\u00e9rente et d\u00e9couvrez le fantastique monde sous-marin que Tenerife a \u00e0 offrir !<\/p>\n<p style=\"text-align: center;\"><b><strong>\u21d3 Voir la description ci-dessous \u21d3<\/strong><\/b><\/p>\n<p>[\/vc_column_text][vc_empty_space][\/vc_column][\/vc_row][vc_row full_width=&#8221;stretch_row_content&#8221; css=&#8221;.vc_custom_1666445830802{background-color: #312c7a !important;}&#8221;][vc_column]<div class=\"gem-vimeo gem-wrapbox gem-wrapbox-style-no-style rounded-corners gem-wrapbox-position-below\" style=\"width: 100%;\"><div class=\"gem-wrapbox-inner gem-ratio-style\" style=\"padding-top: 56.25%\"><iframe webkitallowfullscreen=\"true\" mozallowfullscreen=\"true\" allowfullscreen=\"true\" class=\"gem-wrapbox-element img-responsive\" frameborder=\"0\" scrolling=\"no\" marginheight=\"0\" marginwidth=\"0\" src=\"\/\/player.vimeo.com\/video\/326160390?title=0&amp;byline=0&amp;portrait=0 \"><\/iframe><\/div><\/div>[vc_empty_space]<div class=\"preloader\"><div class=\"preloader-spin\"><\/div><\/div> <div id=\"gem-gallery-69d797aa44c5f\" class=\"gem-gallery gem-gallery-hover-zooming-blur\"> <div class=\"gem-gallery-item\"> <div class=\"gem-gallery-item-image\"> <a href=\"https:\/\/tenerife-trips.com\/wp-content\/uploads\/2019\/12\/buceo-Tenerife-1-scaled-thegem-gallery-sidebar.png\" data-fancybox-group=\"gallery-69d797aa44c5f\" data-full-image-url=\"https:\/\/tenerife-trips.com\/wp-content\/uploads\/2019\/12\/buceo-Tenerife-1-scaled.png\"> <svg width=\"20\" height=\"10\"><path d=\"M 0,10 Q 9,9 10,0 Q 11,9 20,10\" \/><\/svg> <img src=\"https:\/\/tenerife-trips.com\/wp-content\/uploads\/2019\/12\/buceo-Tenerife-1-scaled-thegem-post-thumb-small.png\" alt=\"\" class=\"img-responsive\"> <span class=\"gem-gallery-caption slide-info\"> <\/span> <\/a> <span class=\"gem-gallery-line\"><\/span> <\/div> <\/div> <div class=\"gem-gallery-item\"> <div class=\"gem-gallery-item-image\"> <a href=\"https:\/\/tenerife-trips.com\/wp-content\/uploads\/2019\/12\/scuba-diving-Tenerife-1-scaled-thegem-gallery-sidebar.png\" data-fancybox-group=\"gallery-69d797aa44c5f\" data-full-image-url=\"https:\/\/tenerife-trips.com\/wp-content\/uploads\/2019\/12\/scuba-diving-Tenerife-1-scaled.png\"> <svg width=\"20\" height=\"10\"><path d=\"M 0,10 Q 9,9 10,0 Q 11,9 20,10\" \/><\/svg> <img src=\"https:\/\/tenerife-trips.com\/wp-content\/uploads\/2019\/12\/scuba-diving-Tenerife-1-scaled-thegem-post-thumb-small.png\" alt=\"\" class=\"img-responsive\"> <span class=\"gem-gallery-caption slide-info\"> <\/span> <\/a> <span class=\"gem-gallery-line\"><\/span> <\/div> <\/div> <div class=\"gem-gallery-item\"> <div class=\"gem-gallery-item-image\"> <a href=\"https:\/\/tenerife-trips.com\/wp-content\/uploads\/2019\/12\/tauchen-Teneriffa-scaled-thegem-gallery-sidebar.png\" data-fancybox-group=\"gallery-69d797aa44c5f\" data-full-image-url=\"https:\/\/tenerife-trips.com\/wp-content\/uploads\/2019\/12\/tauchen-Teneriffa-scaled.png\"> <svg width=\"20\" height=\"10\"><path d=\"M 0,10 Q 9,9 10,0 Q 11,9 20,10\" \/><\/svg> <img src=\"https:\/\/tenerife-trips.com\/wp-content\/uploads\/2019\/12\/tauchen-Teneriffa-scaled-thegem-post-thumb-small.png\" alt=\"\" class=\"img-responsive\"> <span class=\"gem-gallery-caption slide-info\"> <\/span> <\/a> <span class=\"gem-gallery-line\"><\/span> <\/div> <\/div> <div class=\"gem-gallery-item\"> <div class=\"gem-gallery-item-image\"> <a href=\"https:\/\/tenerife-trips.com\/wp-content\/uploads\/2019\/12\/scuba-diving-Tenerife-2-scaled-thegem-gallery-sidebar.png\" data-fancybox-group=\"gallery-69d797aa44c5f\" data-full-image-url=\"https:\/\/tenerife-trips.com\/wp-content\/uploads\/2019\/12\/scuba-diving-Tenerife-2-scaled.png\"> <svg width=\"20\" height=\"10\"><path d=\"M 0,10 Q 9,9 10,0 Q 11,9 20,10\" \/><\/svg> <img src=\"https:\/\/tenerife-trips.com\/wp-content\/uploads\/2019\/12\/scuba-diving-Tenerife-2-scaled-thegem-post-thumb-small.png\" alt=\"\" class=\"img-responsive\"> <span class=\"gem-gallery-caption slide-info\"> <\/span> <\/a> <span class=\"gem-gallery-line\"><\/span> <\/div> <\/div> <div class=\"gem-gallery-item\"> <div class=\"gem-gallery-item-image\"> <a href=\"https:\/\/tenerife-trips.com\/wp-content\/uploads\/2019\/12\/nurkowanie-na-Teneryfie-1-scaled-thegem-gallery-sidebar.png\" data-fancybox-group=\"gallery-69d797aa44c5f\" data-full-image-url=\"https:\/\/tenerife-trips.com\/wp-content\/uploads\/2019\/12\/nurkowanie-na-Teneryfie-1-scaled.png\"> <svg width=\"20\" height=\"10\"><path d=\"M 0,10 Q 9,9 10,0 Q 11,9 20,10\" \/><\/svg> <img src=\"https:\/\/tenerife-trips.com\/wp-content\/uploads\/2019\/12\/nurkowanie-na-Teneryfie-1-scaled-thegem-post-thumb-small.png\" alt=\"\" class=\"img-responsive\"> <span class=\"gem-gallery-caption slide-info\"> <\/span> <\/a> <span class=\"gem-gallery-line\"><\/span> <\/div> <\/div> <div class=\"gem-gallery-item\"> <div class=\"gem-gallery-item-image\"> <a href=\"https:\/\/tenerife-trips.com\/wp-content\/uploads\/2019\/12\/tauchen-Teneriffa-2-scaled-thegem-gallery-sidebar.png\" data-fancybox-group=\"gallery-69d797aa44c5f\" data-full-image-url=\"https:\/\/tenerife-trips.com\/wp-content\/uploads\/2019\/12\/tauchen-Teneriffa-2-scaled.png\"> <svg width=\"20\" height=\"10\"><path d=\"M 0,10 Q 9,9 10,0 Q 11,9 20,10\" \/><\/svg> <img src=\"https:\/\/tenerife-trips.com\/wp-content\/uploads\/2019\/12\/tauchen-Teneriffa-2-scaled-thegem-post-thumb-small.png\" alt=\"\" class=\"img-responsive\"> <span class=\"gem-gallery-caption slide-info\"> <\/span> <\/a> <span class=\"gem-gallery-line\"><\/span> <\/div> <\/div> <div class=\"gem-gallery-item\"> <div class=\"gem-gallery-item-image\"> <a href=\"https:\/\/tenerife-trips.com\/wp-content\/uploads\/2018\/01\/diving-Tenerife-1-1-thegem-gallery-sidebar.png\" data-fancybox-group=\"gallery-69d797aa44c5f\" data-full-image-url=\"https:\/\/tenerife-trips.com\/wp-content\/uploads\/2018\/01\/diving-Tenerife-1-1.png\"> <svg width=\"20\" height=\"10\"><path d=\"M 0,10 Q 9,9 10,0 Q 11,9 20,10\" \/><\/svg> <img src=\"https:\/\/tenerife-trips.com\/wp-content\/uploads\/2018\/01\/diving-Tenerife-1-1-thegem-post-thumb-small.png\" alt=\"diving Tenerife\" class=\"img-responsive\"> <span class=\"gem-gallery-caption slide-info\"> <\/span> <\/a> <span class=\"gem-gallery-line\"><\/span> <\/div> <\/div> <div class=\"gem-gallery-item\"> <div class=\"gem-gallery-item-image\"> <a href=\"https:\/\/tenerife-trips.com\/wp-content\/uploads\/2018\/01\/diving-Tenerife-thegem-gallery-sidebar.png\" data-fancybox-group=\"gallery-69d797aa44c5f\" data-full-image-url=\"https:\/\/tenerife-trips.com\/wp-content\/uploads\/2018\/01\/diving-Tenerife.png\"> <svg width=\"20\" height=\"10\"><path d=\"M 0,10 Q 9,9 10,0 Q 11,9 20,10\" \/><\/svg> <img src=\"https:\/\/tenerife-trips.com\/wp-content\/uploads\/2018\/01\/diving-Tenerife-thegem-post-thumb-small.png\" alt=\"diving Tenerife\" class=\"img-responsive\"> <span class=\"gem-gallery-caption slide-info\"> <\/span> <\/a> <span class=\"gem-gallery-line\"><\/span> <\/div> <\/div> <\/div>[vc_empty_space][\/vc_column][\/vc_row][vc_row full_width=&#8221;stretch_row&#8221; css=&#8221;.vc_custom_1577670601059{background-color: #312c7a !important;background-position: center !important;background-repeat: no-repeat !important;background-size: cover !important;}&#8221;][vc_column][vc_column_text]<\/p>\n<h3 style=\"text-align: center;\"><span style=\"color: #ffffff;\"><strong><span style=\"font-size: 18pt;\">DESCRIPTION<\/span><\/strong><\/span><\/h3>\n<p>[\/vc_column_text][\/vc_column][\/vc_row][vc_row][vc_column][vc_tta_accordion style=&#8221;simple_solid&#8221; color=&#8221;blue&#8221; c_icon=&#8221;chevron&#8221; active_section=&#8221;-0&#8243; collapsible_all=&#8221;true&#8221;][vc_tta_section title=&#8221;EXPLICATION DE L&#8217;EXCURSION&#8221; tab_id=&#8221;1577670335468-bfaccfb2-65188a0a-bf4d&#8221;][vc_column_text css=&#8221;&#8221;]<\/p>\n<h3><span style=\"font-size: 12pt;\">La plong\u00e9e \u00e0 Tenerife est en effet l&#8217;une des meilleures choses \u00e0 faire pendant vos vacances. La faune et la flore marines des \u00eeles Canaries sont abondantes et c&#8217;est une fa\u00e7on de les conna\u00eetre tr\u00e8s bien !<\/span><\/h3>\n<p>Il est difficile de d\u00e9crire ce que l&#8217;on ressent \u00e0 Tenerife \u00e0 ceux qui n&#8217;ont jamais v\u00e9cu cette exp\u00e9rience. \u00c0 mon avis, la plong\u00e9e \u00e0 Tenerife est comme la d\u00e9couverte d&#8217;une autre dimension, hors de notre habitat naturel. C&#8217;est un peu comme \u00eatre \u00e0 bord d&#8217;un avion \u00e0 10 km d&#8217;altitude en train de voler vers un autre pays. On pourrait consid\u00e9rer que c&#8217;est une preuve de l&#8217;instinct humain de d\u00e9passer les limites et d&#8217;explorer.<\/p>\n<p>En fonction de l&#8217;endroit et de la profondeur de plong\u00e9e, vous avez de grandes chances de rencontrer la vie marine pendant la plong\u00e9e \u00e0 Tenerife. Ainsi, il est assez facile de voir des raies pastenagues et des raies taureaux, des tortues de mer ou des mur\u00e8nes. En outre, il est courant d&#8217;apercevoir d&#8217;autres esp\u00e8ces comme des poulpes, des \u00e9toiles de mer et des trompettes.<\/p>\n<h3><span style=\"font-size: 12pt;\">Pour les d\u00e9butants, la plong\u00e9e \u00e0 tenerife commence par une le\u00e7on th\u00e9orique au centre de plong\u00e9e.<\/span><\/h3>\n<p>Nous vous expliquons les r\u00e8gles de s\u00e9curit\u00e9 de base \u00e0 suivre et le comportement \u00e0 adopter sous l&#8217;eau. La premi\u00e8re fois est appel\u00e9e \u00ab plong\u00e9e d&#8217;essai \u00bb et il s&#8217;agira d&#8217;une plong\u00e9e de plage. C&#8217;est-\u00e0-dire que nous allons dans l&#8217;eau en marchant depuis le rivage avec tout l&#8217;\u00e9quipement. Votre instructeur personnel s&#8217;occupera de vous et vous surveillera pendant toute la dur\u00e9e de la plong\u00e9e. La plong\u00e9e durera environ 25-30 minutes et vous atteindrez une profondeur maximale de 5 m\u00e8tres.<\/p>\n<p>Pour les personnes qui ont de l&#8217;exp\u00e9rience, diff\u00e9rents sites et profondeurs sont disponibles en fonction de leur niveau. Les sites de plong\u00e9e les plus c\u00e9l\u00e8bres de T\u00e9n\u00e9rife sont Cueva de las morenas, El Caracol, El Condesito, El Meridian. D&#8217;autres endroits c\u00e9l\u00e8bres sont Monta\u00f1a Amarilla, Playa Las Vistas, El Puertito. Notre centre de plong\u00e9e vous conseillera et trouvera la meilleure option pour vous.<\/p>\n<p>Pendant la plong\u00e9e \u00e0 Tenerife, un instructeur prendra des photos et des vid\u00e9os de vous. A la fin, vous pouvez les acheter si vous le souhaitez.[\/vc_column_text][\/vc_tta_section][vc_tta_section title=&#8221;HORAIRE ET SERVICE DE TRANSPORT&#8221; tab_id=&#8221;1577670335512-d0fddf1f-488d8a0a-bf4d&#8221;][vc_column_text css=&#8221;&#8221;]Pour la plong\u00e9e \u00e0 Tenerife, le service de transport depuis votre h\u00e9bergement dans le sud de l&#8217;\u00eele (Playa de Las Americas et Los Cristianos) est inclus dans le prix. Veuillez nous contacter et v\u00e9rifier la disponibilit\u00e9 du transport depuis votre r\u00e9gion avant de r\u00e9server.<\/p>\n<p><span style=\"color: #ff0000;\"><u>HORAIRE:<\/u><\/span><\/p>\n<p>Tous les jours de l&#8217;ann\u00e9e. Veuillez v\u00e9rifier aupr\u00e8s de notre service client\u00e8le les horaires disponibles.<\/p>\n<p>Pour la plong\u00e9e \u00e0 Tenerife, le service de transport depuis votre h\u00e9bergement dans le sud de l&#8217;\u00eele (Playa de Las Americas et Los Cristianos) est inclus dans le prix. Veuillez nous contacter et v\u00e9rifier la disponibilit\u00e9 du transport depuis votre r\u00e9gion avant de r\u00e9server.<\/p>\n<p><span style=\"color: #ff0000;\"><u>HORAIRE:<\/u><\/span><\/p>\n<p>Tous les jours de l&#8217;ann\u00e9e. Veuillez v\u00e9rifier aupr\u00e8s de notre service client\u00e8le les horaires disponibles.<\/p>\n<p><strong>Regardez la vid\u00e9o, faites-vous une id\u00e9e de ce qu&#8217;est la plong\u00e9e \u00e0 Tenerife et r\u00e9servez d\u00e8s maintenant !<\/strong>[\/vc_column_text][\/vc_tta_section][vc_tta_section title=&#8221;PADI COURS&#8221; tab_id=&#8221;1610657248583-3fb7a807-4b218a0a-bf4d&#8221;][vc_column_text css=&#8221;&#8221;]Pour la plong\u00e9e \u00e0 Tenerife, nous proposons \u00e9galement les cours PADI suivants :<\/p>\n<h3><span style=\"font-size: 12pt;\"><span style=\"color: #ff0000;\"><u>SCUBA DIVER<\/u><\/span>, 3 plong\u00e9es en 2 jours, jusqu&#8217;\u00e0 12 m\u00e8tres de profondeur.<\/span><\/h3>\n<p>Si vous n&#8217;avez pas beaucoup de temps, ou si vous ne voulez pas passer vos vacances exclusivement sur le cours Scuba Diver, ceci sera votre meilleur choix. Ce cours n\u00e9cessite moins de temps que le cours PADI Open Water Diver ; en deux jours seulement, vous terminerez votre cours. Pendant le cours, vous suivrez les trois premi\u00e8res sections des cinq \u00e9l\u00e9ments de d\u00e9veloppement des connaissances du livre Open Water Diver.<\/p>\n<p>Vous apprendrez toutes les bases de la plong\u00e9e sous-marine \u00e0 travers le d\u00e9veloppement des connaissances (en ligne, \u00e0 domicile ou dans notre salle de classe), une s\u00e9rie d&#8217;exercices pour une plong\u00e9e s\u00fbre et amusante et une perception du monde sous-marin qui vous donnera envie de revenir dans les profondeurs \u00e0 chaque fois que vous en aurez l&#8217;occasion ! Le tout accompagn\u00e9 par nos instructeurs qualifi\u00e9s, qui feront de votre cours une exp\u00e9rience s\u00fbre et inoubliable. A la fin de votre cours, vous recevrez un certificat qui vous permettra d&#8217;acqu\u00e9rir une vaste exp\u00e9rience de la plong\u00e9e et constituera un bon \u00e9chauffement pour le cours Open Water Diver, si tel est votre but ultime.<\/p>\n<p>Les PADI Scuba Divers sont qualifi\u00e9s pour plonger sous la supervision directe d&#8217;un PADI Divemaster, d&#8217;un Assistant Instructeur ou d&#8217;un Instructeur jusqu&#8217;\u00e0 une profondeur maximale de 12 m\u00e8tres \/ 40 pieds.<\/p>\n<p>Pour suivre ce cours de plong\u00e9e \u00e0 T\u00e9n\u00e9rife, vous devez avoir 15 ans (ou 10 ans pour la certification Junior Scuba Diver).<\/p>\n<hr \/>\n<h3><span style=\"font-size: 12pt;\"><span style=\"color: #ff0000;\"><u>OPEN WATER<\/u><\/span>, 5 plong\u00e9es en 3\/4 jours, jusqu&#8217;\u00e0 18 m\u00e8tres de profondeur.<\/span><\/h3>\n<p>Le cours PADI Open Water Diver est le cours de plong\u00e9e le plus populaire au monde et a initi\u00e9 des millions de personnes au style de vie de la plong\u00e9e d&#8217;aventure. Votre instructeur vous aidera \u00e0 vous familiariser avec l&#8217;\u00e9quipement de plong\u00e9e adapt\u00e9 \u00e0 votre environnement local, \u00e0 planifier et \u00e0 effectuer de vraies plong\u00e9es et \u00e0 pr\u00e9venir et g\u00e9rer les probl\u00e8mes.<\/p>\n<p>Le cours PADI Open Water Diver consiste en un d\u00e9veloppement des connaissances (en ligne, \u00e0 domicile ou dans notre salle de classe) pour comprendre les principes de base de la plong\u00e9e sous-marine et des plong\u00e9es pour apprendre les techniques de base de la plong\u00e9e, r\u00e9viser vos comp\u00e9tences et explorer. La dur\u00e9e du cours est de trois ou quatre jours, en fonction des besoins de chaque \u00e9l\u00e8ve.<\/p>\n<p>Les Open Water Divers sont qualifi\u00e9s pour plonger dans le monde entier, de mani\u00e8re autonome et toujours avec un partenaire.<\/p>\n<p>Pour participer au cours PADI Open Water Diver ou Junior Open Diver, vous devez \u00eatre \u00e2g\u00e9 de 10 ans ou plus (le cours PADI eLearning requiert un \u00e2ge minimum de 13 ans en raison des lois internationales sur l&#8217;internet).[\/vc_column_text][\/vc_tta_section][\/vc_tta_accordion]<style type=\"text\/css\">.thegem-button-69d797aa4653d7202 .gem-button svg {fill: #312c7a;}.thegem-button-69d797aa4653d7202 .gem-button:hover svg {fill: #ffffff;}<\/style><div class=\"gem-button-container gem-button-position-center thegem-button-69d797aa4653d7202    \"  ><a class=\"gem-button gem-button-size-medium gem-button-style-flat gem-button-text-weight-normal  gem-button-tablet-size-medium gem-button-mobile-size-medium\" data-ll-effect=\"drop-right-without-wrap\" style=\"border-radius: 3px;background-color: #f6eb14;color: #312c7a;\" onmouseleave=\"this.style.backgroundColor='#f6eb14';this.style.color='#312c7a';\" onmouseenter=\"this.style.backgroundColor='#312c7a';this.style.color='#ffffff';\" href=\"#giftscuba\" target=\"_self\">PRIX<\/a><\/div> [\/vc_column][\/vc_row][vc_row full_width=&#8221;stretch_row_content&#8221; css=&#8221;.vc_custom_1577474711662{background-color: #312c7a !important;background-position: center !important;background-repeat: no-repeat !important;background-size: cover !important;}&#8221;][vc_column][vc_column_text css=&#8221;.vc_custom_1733246948038{background-position: center !important;background-repeat: no-repeat !important;background-size: cover !important;}&#8221; css_animation=&#8221;fadeIn&#8221;]<\/p>\n<h3 style=\"text-align: center;\"><span style=\"font-size: 18pt; color: #ffffff;\"><strong>R\u00c9SERVEZ MAINTENANT<\/strong><\/span><\/h3>\n<p>[\/vc_column_text][vc_empty_space height=&#8221;10&#8243; el_id=&#8221;prices-jet-ski&#8221;][\/vc_column][\/vc_row][vc_section][vc_row][vc_column][vc_empty_space height=&#8221;1px&#8221;][\/vc_column][\/vc_row][vc_row][vc_column width=&#8221;1\/3&#8243;][vc_empty_space][vc_empty_space][vc_column_text css=&#8221;&#8221;]<span style=\"font-family: helvetica, arial, sans-serif;\"><strong>\u00a0 \u00a0 \u00a0 \u00a0 VOUS SOUHAITEZ FAIRE UN DON ?<\/strong><\/span>[\/vc_column_text][\/vc_column][vc_column width=&#8221;1\/3&#8243;][vc_single_image image=&#8221;710568&#8243; img_size=&#8221;medium&#8221; alignment=&#8221;center&#8221; style=&#8221;vc_box_rounded&#8221; onclick=&#8221;custom_link&#8221; img_link_target=&#8221;_blank&#8221; link=&#8221;https:\/\/tenerife-trips.com\/product\/wps_wgm_giftcard\/gift-card\/&#8221;][\/vc_column][vc_column width=&#8221;1\/3&#8243;]<style type=\"text\/css\">.thegem-button-69d797aa470553731 .gem-button svg {fill: #ffffff;}.thegem-button-69d797aa470553731 .gem-button:hover svg {fill: #ffffff;}<\/style><div class=\"gem-button-container gem-button-position-center thegem-button-69d797aa470553731    \"  ><a class=\"gem-button gem-button-size-medium gem-button-style-flat gem-button-text-weight-normal gem-button-icon-position-left  gem-button-tablet-size-medium gem-button-mobile-size-medium\" data-ll-effect=\"drop-right-without-wrap\" style=\"border-radius: 3px;background-color: #1a9144;color: #ffffff;\" onmouseleave=\"this.style.backgroundColor='#1a9144';this.style.color='#ffffff';\" onmouseenter=\"this.style.backgroundColor='#312c7a';this.style.color='#ffffff';\" href=\"https:\/\/tenerife-trips.com\/product\/wps_wgm_giftcard\/gift-card\/\" target=\"_blank\" id=\"giftjetski\"><i class=\"gem-print-icon gem-icon-pack-elegant \">&#xe073;<\/i>ACHETER UNE CARTE CADEAU<\/a><\/div> [\/vc_column][\/vc_row][\/vc_section][vc_row][vc_column][vc_empty_space el_id=&#8221;giftscuba&#8221;][\/vc_column][\/vc_row]<\/p>\n<\/div>","protected":false},"excerpt":{"rendered":"<p>[vc_row full_width=&#8221;stretch_row_content_no_spaces&#8221;][vc_column][vc_column_text css=&#8221;.vc_custom_1743673768604{background-color: #F6EB14 !important;background-position: center !important;background-repeat: no-repeat !important;background-size: cover !important;}&#8221; css_animation=&#8221;fadeIn&#8221;] PLONG\u00c9E [\/vc_column_text][\/vc_column][\/vc_row][vc_row][vc_column][vc_column_text css=&#8221;&#8221;] La plong\u00e9e \u00e0 Tenerife est&#8230;<\/p>\n","protected":false},"featured_media":626231,"template":"","meta":{"_acf_changed":false,"_seopress_robots_primary_cat":"0","_seopress_titles_title":"Plong\u00e9e \u00e0 Tenerife. D\u00e9couvrez le monde sous-marin de l&#039;\u00eele","_seopress_titles_desc":"Plong\u00e9e \u00e0 Tenerife, explorez une autre dimension sous la surface de la mer, rencontrez l&#039;abondante vie marine des \u00eeles Canaries","_seopress_robots_index":""},"product_brand":[],"product_cat":[2938],"product_tag":[],"class_list":{"0":"post-621905","1":"product","2":"type-product","3":"status-publish","4":"has-post-thumbnail","6":"product_cat-sports-aquatiques","8":"first","9":"instock","10":"virtual","11":"sold-individually","12":"taxable","13":"purchasable","14":"product-type-booking"},"booking_location":"","booking_location_type":"","booking_duration":1,"booking_duration_unit":"hour","booking_buffer":0,"booking_cost":0,"booking_resources":[],"acf":[],"_links":{"self":[{"href":"https:\/\/tenerife-trips.com\/fr\/wp-json\/wp\/v2\/product\/621905","targetHints":{"allow":["GET"]}}],"collection":[{"href":"https:\/\/tenerife-trips.com\/fr\/wp-json\/wp\/v2\/product"}],"about":[{"href":"https:\/\/tenerife-trips.com\/fr\/wp-json\/wp\/v2\/types\/product"}],"wp:featuredmedia":[{"embeddable":true,"href":"https:\/\/tenerife-trips.com\/fr\/wp-json\/wp\/v2\/media\/626231"}],"wp:attachment":[{"href":"https:\/\/tenerife-trips.com\/fr\/wp-json\/wp\/v2\/media?parent=621905"}],"wp:term":[{"taxonomy":"product_brand","embeddable":true,"href":"https:\/\/tenerife-trips.com\/fr\/wp-json\/wp\/v2\/product_brand?post=621905"},{"taxonomy":"product_cat","embeddable":true,"href":"https:\/\/tenerife-trips.com\/fr\/wp-json\/wp\/v2\/product_cat?post=621905"},{"taxonomy":"product_tag","embeddable":true,"href":"https:\/\/tenerife-trips.com\/fr\/wp-json\/wp\/v2\/product_tag?post=621905"}],"curies":[{"name":"wp","href":"https:\/\/api.w.org\/{rel}","templated":true}]}}