{"id":622037,"date":"2018-01-15T21:51:26","date_gmt":"2018-01-15T21:51:26","guid":{"rendered":"https:\/\/tenerife-trips.com\/?post_type=product&#038;p=622037"},"modified":"2025-12-03T12:33:59","modified_gmt":"2025-12-03T12:33:59","slug":"jet-ski-safari","status":"publish","type":"product","link":"https:\/\/tenerife-trips.com\/fr\/product\/sports-aquatiques\/jet-ski-safari\/","title":{"rendered":"JET SKI SAFARI"},"content":{"rendered":"<div class=\"wpb-content-wrapper\"><p>[vc_row full_width=&#8221;stretch_row_content_no_spaces&#8221;][vc_column][vc_column_text css=&#8221;.vc_custom_1743673657090{background-color: #F6EB14 !important;background-position: center !important;background-repeat: no-repeat !important;background-size: cover !important;}&#8221; css_animation=&#8221;fadeIn&#8221;]<\/p>\n<h1 class=\"title-h2\" style=\"text-align: center;\"><span style=\"font-size: 18pt; color: #312c7a;\">JET SKI SAFARI<\/span><\/h1>\n<p>[\/vc_column_text][\/vc_column][\/vc_row][vc_row][vc_column][vc_column_text css=&#8221;&#8221;]<\/p>\n<p style=\"text-align: center;\">Notre jet ski \u00e0 Tenerife sera le meilleur souvenir de vos vacances <a href=\"https:\/\/fr.wikipedia.org\/wiki\/\u00celes_Canaries\">aux Canaries<\/a>!<\/p>\n<p style=\"text-decoration: underline; text-align: center;\"><strong>\u21d3 Voir la description ci-dessous \u21d3<\/strong><\/p>\n<p>[\/vc_column_text][\/vc_column][\/vc_row][vc_row full_width=&#8221;stretch_row_content&#8221; full_height=&#8221;yes&#8221; css=&#8221;.vc_custom_1576192123211{background-color: #312c7a !important;background-position: center !important;background-repeat: no-repeat !important;background-size: cover !important;}&#8221;][vc_column]<div class=\"gem-vimeo gem-wrapbox gem-wrapbox-style-no-style rounded-corners gem-wrapbox-position-below\" style=\"width: 100%;\"><div class=\"gem-wrapbox-inner gem-ratio-style\" style=\"padding-top: 56.25%\"><iframe webkitallowfullscreen=\"true\" mozallowfullscreen=\"true\" allowfullscreen=\"true\" class=\"gem-wrapbox-element img-responsive\" frameborder=\"0\" scrolling=\"no\" marginheight=\"0\" marginwidth=\"0\" src=\"\/\/player.vimeo.com\/video\/306713519?title=0&amp;byline=0&amp;portrait=0 \"><\/iframe><\/div><\/div>[vc_empty_space]<div class=\"preloader\"><div class=\"preloader-spin\"><\/div><\/div> <div id=\"gem-gallery-69ded39867193\" class=\"gem-gallery gem-gallery-hover-zooming-blur\"> <div class=\"gem-gallery-item\"> <div class=\"gem-gallery-item-image\"> <a href=\"https:\/\/tenerife-trips.com\/wp-content\/uploads\/2019\/12\/3-leg-thegem-gallery-sidebar.jpg\" data-fancybox-group=\"gallery-69ded39867193\" data-full-image-url=\"https:\/\/tenerife-trips.com\/wp-content\/uploads\/2019\/12\/3-leg.jpg\"> <svg width=\"20\" height=\"10\"><path d=\"M 0,10 Q 9,9 10,0 Q 11,9 20,10\" \/><\/svg> <img src=\"https:\/\/tenerife-trips.com\/wp-content\/uploads\/2019\/12\/3-leg-thegem-post-thumb-small.jpg\" alt=\"moto d'acqua Tenerife\" class=\"img-responsive\"> <span class=\"gem-gallery-caption slide-info\"> <\/span> <\/a> <span class=\"gem-gallery-line\"><\/span> <\/div> <\/div> <div class=\"gem-gallery-item\"> <div class=\"gem-gallery-item-image\"> <a href=\"https:\/\/tenerife-trips.com\/wp-content\/uploads\/2019\/12\/2-leg-thegem-gallery-sidebar.jpg\" data-fancybox-group=\"gallery-69ded39867193\" data-full-image-url=\"https:\/\/tenerife-trips.com\/wp-content\/uploads\/2019\/12\/2-leg.jpg\"> <svg width=\"20\" height=\"10\"><path d=\"M 0,10 Q 9,9 10,0 Q 11,9 20,10\" \/><\/svg> <img src=\"https:\/\/tenerife-trips.com\/wp-content\/uploads\/2019\/12\/2-leg-thegem-post-thumb-small.jpg\" alt=\"moto de agua Tenerife\" class=\"img-responsive\"> <span class=\"gem-gallery-caption slide-info\"> <\/span> <\/a> <span class=\"gem-gallery-line\"><\/span> <\/div> <\/div> <div class=\"gem-gallery-item\"> <div class=\"gem-gallery-item-image\"> <a href=\"https:\/\/tenerife-trips.com\/wp-content\/uploads\/2018\/01\/Jet-Ski-Tenerife-1-thegem-gallery-sidebar.jpg\" data-fancybox-group=\"gallery-69ded39867193\" data-full-image-url=\"https:\/\/tenerife-trips.com\/wp-content\/uploads\/2018\/01\/Jet-Ski-Tenerife-1.jpg\"> <svg width=\"20\" height=\"10\"><path d=\"M 0,10 Q 9,9 10,0 Q 11,9 20,10\" \/><\/svg> <img src=\"https:\/\/tenerife-trips.com\/wp-content\/uploads\/2018\/01\/Jet-Ski-Tenerife-1-thegem-post-thumb-small.jpg\" alt=\"Jet Ski Tenerife\" class=\"img-responsive\"> <span class=\"gem-gallery-caption slide-info\"> <\/span> <\/a> <span class=\"gem-gallery-line\"><\/span> <\/div> <\/div> <div class=\"gem-gallery-item\"> <div class=\"gem-gallery-item-image\"> <a href=\"https:\/\/tenerife-trips.com\/wp-content\/uploads\/2019\/12\/1-leg-thegem-gallery-sidebar.jpg\" data-fancybox-group=\"gallery-69ded39867193\" data-full-image-url=\"https:\/\/tenerife-trips.com\/wp-content\/uploads\/2019\/12\/1-leg.jpg\"> <svg width=\"20\" height=\"10\"><path d=\"M 0,10 Q 9,9 10,0 Q 11,9 20,10\" \/><\/svg> <img src=\"https:\/\/tenerife-trips.com\/wp-content\/uploads\/2019\/12\/1-leg-thegem-post-thumb-small.jpg\" alt=\"Skutery wodne na Teneryfie\" class=\"img-responsive\"> <span class=\"gem-gallery-caption slide-info\"> <\/span> <\/a> <span class=\"gem-gallery-line\"><\/span> <\/div> <\/div> <\/div>[\/vc_column][\/vc_row][vc_row full_width=&#8221;stretch_row&#8221; css=&#8221;.vc_custom_1577669794647{background-color: #312c7a !important;background-position: center !important;background-repeat: no-repeat !important;background-size: cover !important;}&#8221;][vc_column][vc_column_text css=&#8221;.vc_custom_1577669778672{background-position: center !important;background-repeat: no-repeat !important;background-size: cover !important;}&#8221; css_animation=&#8221;fadeIn&#8221;]<\/p>\n<h3 class=\"title-h2\" style=\"text-align: center;\"><span style=\"font-size: 18pt; color: #ffffff;\">DESCRIPTION<\/span><\/h3>\n<p>[\/vc_column_text][\/vc_column][\/vc_row][vc_row][vc_column][vc_tta_accordion style=&#8221;simple_solid&#8221; color=&#8221;blue&#8221; c_icon=&#8221;chevron&#8221; active_section=&#8221;0&#8243; collapsible_all=&#8221;true&#8221;][vc_tta_section title=&#8221;EXPLICATION DE L&#8217;EXCURSION&#8221; tab_id=&#8221;1577669752813-9df83b3e-350f7ef4-cfdd&#8221;][vc_column_text css=&#8221;&#8221;]<\/p>\n<div id=\"pl-2135\" class=\"panel-layout\">\n<div id=\"pg-2135-0\" class=\"panel-grid panel-no-style\">\n<div id=\"pgc-2135-0-0\" class=\"panel-grid-cell\" data-weight=\"1\">\n<div id=\"panel-2135-0-0-0\" class=\"so-panel widget widget_sow-editor panel-first-child panel-last-child\" data-style=\"{&quot;background_display&quot;:&quot;tile&quot;,&quot;featured_widgets&quot;:&quot;&quot;}\" data-index=\"0\">\n<div class=\"so-widget-sow-editor so-widget-sow-editor-base\">\n<div class=\"siteorigin-widget-tinymce textwidget\">\n<p>Notre jet ski \u00e0 Tenerife sera le meilleur souvenir de vos vacances <a href=\"https:\/\/fr.wikipedia.org\/wiki\/\u00celes_Canaries\">aux Canaries<\/a>!<\/p>\n<h3><span style=\"font-size: 12pt;\">Tout d&#8217;abord, vous devez savoir que nous pouvons commencer le voyage en jet ski Tenerife \u00e0 partir de 2 ports diff\u00e9rents, soit <a href=\"https:\/\/www.google.com\/maps\/place\/Puerto+Col%C3%B3n\/@28.0789928,-16.7359737,15z\/data=!4m5!3m4!1s0x0:0xd62345524f768247!8m2!3d28.0789928!4d-16.7359737\">PUERTO COL\u00f3N<\/a>, soit <a href=\"https:\/\/goo.gl\/maps\/dD8xjBa3yVAgw7SD9\">LAS GALLETAS<\/a>.<\/span><\/h3>\n<p><span style=\"font-size: 14pt;\">Au d\u00e9but, nous vous donnons une le\u00e7on th\u00e9orique rapide au port. Nous vous expliquons les r\u00e8gles de base \u00e0 suivre pour votre s\u00e9curit\u00e9 pendant l&#8217;excursion en jet ski \u00e0 T\u00e9n\u00e9rife. Une fois que tout est clair, nous vous fournissons tout l&#8217;\u00e9quipement n\u00e9cessaire, comme un gilet de sauvetage et une combinaison de plong\u00e9e (g\u00e9n\u00e9ralement seulement en hiver). Ensuite, nous nous installons sur le jet ski et nous quittons le port en petit groupe de v\u00e9hicules. Vous devez suivre notre guide qui reste \u00e0 l&#8217;avant du groupe. Il s&#8217;occupera de vous pendant toute la dur\u00e9e de l&#8217;excursion.<\/span><\/p>\n<h3><span style=\"font-size: 12pt;\">La zone visit\u00e9e lors de l&#8217;excursion en jet ski \u00e0 T\u00e9n\u00e9rife d\u00e9pend de la dur\u00e9e de l&#8217;excursion.<\/span><\/h3>\n<p>Depuis Puerto Col\u00f3n, nous nous rendrons \u00e0 La Caleta et \u00e0 la c\u00e9l\u00e8bre plage <a href=\"https:\/\/www.beach-inspector.com\/en\/b\/playa-de-diego-hernandez\">Playa Diego Hernandez<\/a> pour les excursions de 1 heure et 40 minutes. Dans l&#8217;excursion de 2 heures, nous irons un peu plus au nord, dans la r\u00e9gion d&#8217;<a href=\"https:\/\/goo.gl\/maps\/ndMJCcEjPUmW3L1x7\">Alcal\u00e1<\/a>.<\/p>\n<p>Depuis le port de Las Galletas, nous nous dirigeons g\u00e9n\u00e9ralement vers l&#8217;ouest. L&#8217;excursion d&#8217;une heure permet d&#8217;atteindre la r\u00e9gion de Palm-Mar. Dans l&#8217;excursion de 2 heures, nous nous rendrons un peu plus loin dans la r\u00e9gion de Los Cristianos. La dur\u00e9e indiqu\u00e9e de l&#8217;excursion comprend une explication des r\u00e8gles de s\u00e9curit\u00e9 dans le port, c&#8217;est pourquoi le temps r\u00e9el pass\u00e9 sur l&#8217;eau peut \u00eatre un peu plus court.<\/p>\n<p>L&#8217;excursion de 20 minutes n&#8217;est pas un safari et se d\u00e9roule sur un circuit dans la zone de Puerto Col\u00f3n. Vous \u00eates libre de conduire comme vous le souhaitez dans la zone d\u00e9limit\u00e9e.<\/p>\n<p><strong>Lors de cette excursion en jet ski \u00e0 T\u00e9n\u00e9rife, nous voulons que vous passiez un bon moment et que vous profitiez \u00e9galement de beaux paysages.<\/strong> <strong>Vous admirerez une belle c\u00f4te volcanique et les hautes montagnes au-del\u00e0.<\/strong><\/p>\n<p>Au bas de cette section, vous pouvez voir une carte montrant les zones que nous venons de mentionner. <span style=\"color: #ff0000;\"><u>Nous tenons cependant \u00e0 vous informer que les endroits o\u00f9 nous nous rendons peuvent changer en fonction des conditions m\u00e9t\u00e9orologiques et de l&#8217;\u00e9tat de la mer<\/u><\/span>. Au cours du trajet de 2 heures, il y aura \u00e9galement une pause d&#8217;environ 10\/15 minutes pour se baigner. Nous sommes certains que plus vous passerez de temps sur le jet ski, plus vous vous amuserez.<\/p>\n<p>Le jet ski atteint une bonne vitesse, suffisante pour ressentir l&#8217;adr\u00e9naline tout en restant en s\u00e9curit\u00e9. Notre guide prendra des photos de vous que vous pourrez acheter \u00e0 la fin si cela vous int\u00e9resse. Vous pouvez \u00eatre seul sur le jet ski (simple) ou le partager avec une autre personne (double, il est possible d&#8217;\u00e9changer le conducteur).<\/p>\n<h6>Le jet ski de Tenerife est le roi des <a href=\"https:\/\/tenerife-trips.com\/fr\/sports-aquatiques-tenerife\/\">sports aquatiques<\/a>. Si vous avez de la chance, vous pourrez peut-\u00eatre apercevoir des dauphins pendant l&#8217;excursion, car il y en a beaucoup dans ces eaux !<\/h6>\n<p><span style=\"color: #ff0000;\"><u><strong>Pour conduire un jet ski, il faut \u00eatre \u00e2g\u00e9 d&#8217;au moins 16 ans.<\/strong><\/u> <u><strong>Les enfants de 16 et 17 ans doivent pr\u00e9senter une autorisation sign\u00e9e de leurs parents ou de leur tuteur s&#8217;ils veulent conduire et ils ne peuvent pas emmener un autre mineur sur le jet ski.<\/strong><\/u> <u><strong>Les enfants jusqu&#8217;\u00e0 15 ans doivent \u00eatre accompagn\u00e9s par des adultes.<\/strong><\/u> <u><strong>L&#8217;\u00e2ge minimum est de 6 ans pour les trajets de 20 minutes, de 10 ans pour les trajets de 40 minutes et d&#8217;une heure, et de 12 ans pour les trajets de 2 heures.<\/strong><\/u> <u><strong>Aucun permis de conduire n&#8217;est requis. Les clients doivent \u00eatre munis d&#8217;une carte d&#8217;identit\u00e9 ou d&#8217;un passeport. Le poids maximal autoris\u00e9 est de 120 kg pour les jet-skis simples et de 160 kg pour les jet-skis doubles.<\/strong><\/u><\/span><\/p>\n<p>&nbsp;<\/p>\n<p><img alt=\"\" class=\"aligncenter wp-image-703040 size-full\" src=\"https:\/\/tenerife-trips.com\/wp-content\/uploads\/2018\/01\/map-estate-2025-3.png\" alt=\"\" width=\"1116\" height=\"817\" srcset=\"https:\/\/tenerife-trips.com\/wp-content\/uploads\/2018\/01\/map-estate-2025-3.png 1116w, https:\/\/tenerife-trips.com\/wp-content\/uploads\/2018\/01\/map-estate-2025-3-600x439.png 600w, https:\/\/tenerife-trips.com\/wp-content\/uploads\/2018\/01\/map-estate-2025-3-300x220.png 300w, https:\/\/tenerife-trips.com\/wp-content\/uploads\/2018\/01\/map-estate-2025-3-1024x750.png 1024w, https:\/\/tenerife-trips.com\/wp-content\/uploads\/2018\/01\/map-estate-2025-3-768x562.png 768w\" sizes=\"(max-width: 1116px) 100vw, 1116px\" \/><\/p>\n<\/div>\n<\/div>\n<\/div>\n<\/div>\n<\/div>\n<\/div>\n<p>[\/vc_column_text][\/vc_tta_section][vc_tta_section title=&#8221;HORAIRE ET SERVICE DE TRANSPORT&#8221; tab_id=&#8221;1577669752866-707b0c8d-67a87ef4-cfdd&#8221;][vc_column_text css=&#8221;&#8221;]Si nous partons de <a href=\"https:\/\/www.google.com\/maps\/place\/Puerto+Col%C3%B3n\/@28.0789928,-16.7359737,15z\/data=!4m5!3m4!1s0x0:0xd62345524f768247!8m2!3d28.0789928!4d-16.7359737\">Puerto Col\u00f3n<\/a>, vous devez atteindre le port vous-m\u00eame. Lorsque nous partons de <a href=\"https:\/\/goo.gl\/maps\/5kognbHfWdY7SSfHA\">Las Galletas<\/a>, nous offrons un service de transport dans le sud de T\u00e9n\u00e9rife, veuillez demander des d\u00e9tails \u00e0 ce sujet \u00e0 notre service client\u00e8le.<\/p>\n<p><span style=\"color: #ff0000;\"><u>HORAIRE :<\/u><\/span><\/p>\n<p><span style=\"font-size: 14pt;\">En g\u00e9n\u00e9ral, cette excursion est disponible de 10h00 \u00e0 17h00. Les horaires varient en fonction de la saison, nous vous demandons donc de nous contacter pour v\u00e9rifier.<\/span>[\/vc_column_text][\/vc_tta_section][\/vc_tta_accordion]<style type=\"text\/css\">.thegem-button-69ded398684c81651 .gem-button svg {fill: #312c7a;}.thegem-button-69ded398684c81651 .gem-button:hover svg {fill: #ffffff;}<\/style><div class=\"gem-button-container gem-button-position-center thegem-button-69ded398684c81651    \"  ><a class=\"gem-button gem-button-size-medium gem-button-style-flat gem-button-text-weight-normal  gem-button-tablet-size-medium gem-button-mobile-size-medium\" data-ll-effect=\"drop-right-without-wrap\" style=\"border-radius: 3px;background-color: #f6eb14;color: #312c7a;\" onmouseleave=\"this.style.backgroundColor='#f6eb14';this.style.color='#312c7a';\" onmouseenter=\"this.style.backgroundColor='#312c7a';this.style.color='#ffffff';\" href=\"#giftjetski\" target=\"_self\">PRIX<\/a><\/div> [vc_empty_space][\/vc_column][\/vc_row][vc_row full_width=&#8221;stretch_row_content&#8221; css=&#8221;.vc_custom_1577474711662{background-color: #312c7a !important;background-position: center !important;background-repeat: no-repeat !important;background-size: cover !important;}&#8221;][vc_column][vc_column_text css=&#8221;.vc_custom_1732807702427{background-position: center !important;background-repeat: no-repeat !important;background-size: cover !important;}&#8221; css_animation=&#8221;fadeIn&#8221;]<\/p>\n<h3 style=\"text-align: center;\"><span style=\"font-size: 18pt; color: #ffffff;\"><strong>R\u00c9SERVEZ MAINTENANT<\/strong><\/span><\/h3>\n<p>[\/vc_column_text][vc_empty_space height=&#8221;10&#8243; el_id=&#8221;prices-jet-ski&#8221;][\/vc_column][\/vc_row][vc_section][vc_row][vc_column][vc_empty_space height=&#8221;1px&#8221;][\/vc_column][\/vc_row][vc_row][vc_column width=&#8221;1\/3&#8243;][vc_empty_space][vc_empty_space][vc_column_text css=&#8221;&#8221;]<span style=\"font-family: helvetica, arial, sans-serif;\"><strong>\u00a0 \u00a0 \u00a0 \u00a0 \u00a0VOUS SOUHAITEZ FAIRE UN DON ?<\/strong><\/span><\/p>\n<p>[\/vc_column_text][\/vc_column][vc_column width=&#8221;1\/3&#8243;][vc_single_image image=&#8221;710568&#8243; img_size=&#8221;medium&#8221; alignment=&#8221;center&#8221; style=&#8221;vc_box_rounded&#8221; onclick=&#8221;custom_link&#8221; img_link_target=&#8221;_blank&#8221; link=&#8221;https:\/\/tenerife-trips.com\/product\/wps_wgm_giftcard\/gift-card\/&#8221;][\/vc_column][vc_column width=&#8221;1\/3&#8243;]<style type=\"text\/css\">.thegem-button-69ded39868e7a6126 .gem-button svg {fill: #ffffff;}.thegem-button-69ded39868e7a6126 .gem-button:hover svg {fill: #ffffff;}<\/style><div class=\"gem-button-container gem-button-position-center thegem-button-69ded39868e7a6126    \"  ><a class=\"gem-button gem-button-size-medium gem-button-style-flat gem-button-text-weight-normal gem-button-icon-position-left  gem-button-tablet-size-medium gem-button-mobile-size-small\" data-ll-effect=\"drop-right-without-wrap\" style=\"border-radius: 3px;background-color: #1a9144;color: #ffffff;\" onmouseleave=\"this.style.backgroundColor='#1a9144';this.style.color='#ffffff';\" onmouseenter=\"this.style.backgroundColor='#312c7a';this.style.color='#ffffff';\" href=\"https:\/\/tenerife-trips.com\/product\/wps_wgm_giftcard\/gift-card\/\" target=\"_blank\"><i class=\"gem-print-icon gem-icon-pack-elegant \">&#xe073;<\/i>ACHETER UNE CARTE CADEAU<\/a><\/div> [\/vc_column][\/vc_row][\/vc_section][vc_row][vc_column][vc_empty_space el_id=&#8221;giftjetski&#8221;][\/vc_column][\/vc_row]<\/p>\n<\/div>","protected":false},"excerpt":{"rendered":"<p>[vc_row full_width=&#8221;stretch_row_content_no_spaces&#8221;][vc_column][vc_column_text css=&#8221;.vc_custom_1743673657090{background-color: #F6EB14 !important;background-position: center !important;background-repeat: no-repeat !important;background-size: cover !important;}&#8221; css_animation=&#8221;fadeIn&#8221;] JET SKI SAFARI [\/vc_column_text][\/vc_column][\/vc_row][vc_row][vc_column][vc_column_text css=&#8221;&#8221;] Notre jet ski&#8230;<\/p>\n","protected":false},"featured_media":622073,"template":"","meta":{"_acf_changed":false,"_seopress_robots_primary_cat":"2938","_seopress_titles_title":"Jet ski \u00e0 Tenerife, r\u00e9duction en ligne pour les meilleures excursions","_seopress_titles_desc":"Le jet ski \u00e0 Tenerife est certainement l&#039;une des meilleures activit\u00e9s \u00e0 pratiquer pendant les vacances. Vous explorerez la c\u00f4te sud lors d&#039;un safari","_seopress_robots_index":""},"product_brand":[],"product_cat":[2938],"product_tag":[],"class_list":{"0":"post-622037","1":"product","2":"type-product","3":"status-publish","4":"has-post-thumbnail","6":"product_cat-sports-aquatiques","8":"first","9":"instock","10":"virtual","11":"sold-individually","12":"taxable","13":"purchasable","14":"product-type-booking"},"booking_location":"","booking_location_type":"","booking_duration":1,"booking_duration_unit":"hour","booking_buffer":0,"booking_cost":0,"booking_resources":[],"acf":[],"_links":{"self":[{"href":"https:\/\/tenerife-trips.com\/fr\/wp-json\/wp\/v2\/product\/622037","targetHints":{"allow":["GET"]}}],"collection":[{"href":"https:\/\/tenerife-trips.com\/fr\/wp-json\/wp\/v2\/product"}],"about":[{"href":"https:\/\/tenerife-trips.com\/fr\/wp-json\/wp\/v2\/types\/product"}],"wp:featuredmedia":[{"embeddable":true,"href":"https:\/\/tenerife-trips.com\/fr\/wp-json\/wp\/v2\/media\/622073"}],"wp:attachment":[{"href":"https:\/\/tenerife-trips.com\/fr\/wp-json\/wp\/v2\/media?parent=622037"}],"wp:term":[{"taxonomy":"product_brand","embeddable":true,"href":"https:\/\/tenerife-trips.com\/fr\/wp-json\/wp\/v2\/product_brand?post=622037"},{"taxonomy":"product_cat","embeddable":true,"href":"https:\/\/tenerife-trips.com\/fr\/wp-json\/wp\/v2\/product_cat?post=622037"},{"taxonomy":"product_tag","embeddable":true,"href":"https:\/\/tenerife-trips.com\/fr\/wp-json\/wp\/v2\/product_tag?post=622037"}],"curies":[{"name":"wp","href":"https:\/\/api.w.org\/{rel}","templated":true}]}}