{"id":627967,"date":"2018-01-26T18:48:26","date_gmt":"2018-01-26T18:48:26","guid":{"rendered":"https:\/\/tenerife-trips.com\/?post_type=product&#038;p=627967"},"modified":"2025-12-03T12:33:30","modified_gmt":"2025-12-03T12:33:30","slug":"kayak-et-snorkeling-a-tenerife","status":"publish","type":"product","link":"https:\/\/tenerife-trips.com\/fr\/product\/sports-aquatiques\/kayak-et-snorkeling-a-tenerife\/","title":{"rendered":"KAYAK ET SNORKELING"},"content":{"rendered":"<div class=\"wpb-content-wrapper\"><p>[vc_row full_width=&#8221;stretch_row_content_no_spaces&#8221;][vc_column][vc_column_text css=&#8221;.vc_custom_1743673831443{background-color: #F6EB14 !important;background-position: center !important;background-repeat: no-repeat !important;background-size: cover !important;}&#8221; css_animation=&#8221;fadeIn&#8221;]<\/p>\n<h1 class=\"title-h2\" style=\"text-align: center;\"><span style=\"font-size: 18pt; color: #312c7a;\">KAYAK ET SNORKELING<\/span><\/h1>\n<p>[\/vc_column_text][\/vc_column][\/vc_row][vc_row][vc_column][vc_column_text css=&#8221;&#8221;]<\/p>\n<p style=\"text-align: center;\">Kayak et snorkeling \u00e0 T\u00e9n\u00e9rife, c&#8217;est l&#8217;une des meilleures excursions disponibles sur l&#8217;\u00eele. C&#8217;est quelque chose que vous n&#8217;oublierez jamais ! Nous vous emm\u00e8nerons en kayak dans un endroit secret accessible uniquement par la mer. Vous aurez l&#8217;occasion de nager avec des tortues et peut-\u00eatre des raies dans leur environnement naturel. Les tortues sont des animaux tr\u00e8s amicaux et elles aiment v\u00e9rifier ce que vous, \u00eatres \u00e9tranges, faites dans leur habitat.<\/p>\n<p style=\"text-align: center;\"><strong>\u21d3 Voir la description ci-dessous \u21d3<\/strong><\/p>\n<p>[\/vc_column_text][vc_empty_space][\/vc_column][\/vc_row][vc_row full_width=&#8221;stretch_row_content&#8221; css=&#8221;.vc_custom_1666445830802{background-color: #312c7a !important;}&#8221;][vc_column]<div class=\"gem-vimeo gem-wrapbox gem-wrapbox-style-no-style rounded-corners gem-wrapbox-position-below\" style=\"width: 100%;\"><div class=\"gem-wrapbox-inner gem-ratio-style\" style=\"padding-top: 56.25%\"><iframe webkitallowfullscreen=\"true\" mozallowfullscreen=\"true\" allowfullscreen=\"true\" class=\"gem-wrapbox-element img-responsive\" frameborder=\"0\" scrolling=\"no\" marginheight=\"0\" marginwidth=\"0\" src=\"\/\/player.vimeo.com\/video\/321716846?title=0&amp;byline=0&amp;portrait=0 \"><\/iframe><\/div><\/div>[vc_empty_space]<div class=\"preloader\"><div class=\"preloader-spin\"><\/div><\/div> <div id=\"gem-gallery-69e4e5d728ae3\" class=\"gem-gallery gem-gallery-hover-zooming-blur\"> <div class=\"gem-gallery-item\"> <div class=\"gem-gallery-item-image\"> <a href=\"https:\/\/tenerife-trips.com\/wp-content\/uploads\/2018\/01\/leg4-thegem-gallery-sidebar.jpg\" data-fancybox-group=\"gallery-69e4e5d728ae3\" data-full-image-url=\"https:\/\/tenerife-trips.com\/wp-content\/uploads\/2018\/01\/leg4.jpg\"> <svg width=\"20\" height=\"10\"><path d=\"M 0,10 Q 9,9 10,0 Q 11,9 20,10\" \/><\/svg> <img src=\"https:\/\/tenerife-trips.com\/wp-content\/uploads\/2018\/01\/leg4-thegem-post-thumb-small.jpg\" alt=\"\" class=\"img-responsive\"> <span class=\"gem-gallery-caption slide-info\"> <\/span> <\/a> <span class=\"gem-gallery-line\"><\/span> <\/div> <\/div> <div class=\"gem-gallery-item\"> <div class=\"gem-gallery-item-image\"> <a href=\"https:\/\/tenerife-trips.com\/wp-content\/uploads\/2018\/01\/leg3-thegem-gallery-sidebar.jpg\" data-fancybox-group=\"gallery-69e4e5d728ae3\" data-full-image-url=\"https:\/\/tenerife-trips.com\/wp-content\/uploads\/2018\/01\/leg3.jpg\"> <svg width=\"20\" height=\"10\"><path d=\"M 0,10 Q 9,9 10,0 Q 11,9 20,10\" \/><\/svg> <img src=\"https:\/\/tenerife-trips.com\/wp-content\/uploads\/2018\/01\/leg3-thegem-post-thumb-small.jpg\" alt=\"nurkowanie Teneryfa\" class=\"img-responsive\"> <span class=\"gem-gallery-caption slide-info\"> <\/span> <\/a> <span class=\"gem-gallery-line\"><\/span> <\/div> <\/div> <div class=\"gem-gallery-item\"> <div class=\"gem-gallery-item-image\"> <a href=\"https:\/\/tenerife-trips.com\/wp-content\/uploads\/2018\/01\/nurkowanie-Teneryfa-thegem-gallery-sidebar.jpg\" data-fancybox-group=\"gallery-69e4e5d728ae3\" data-full-image-url=\"https:\/\/tenerife-trips.com\/wp-content\/uploads\/2018\/01\/nurkowanie-Teneryfa.jpg\"> <svg width=\"20\" height=\"10\"><path d=\"M 0,10 Q 9,9 10,0 Q 11,9 20,10\" \/><\/svg> <img src=\"https:\/\/tenerife-trips.com\/wp-content\/uploads\/2018\/01\/nurkowanie-Teneryfa-thegem-post-thumb-small.jpg\" alt=\"nurkowanie Teneryfa\" class=\"img-responsive\"> <span class=\"gem-gallery-caption slide-info\"> <\/span> <\/a> <span class=\"gem-gallery-line\"><\/span> <\/div> <\/div> <div class=\"gem-gallery-item\"> <div class=\"gem-gallery-item-image\"> <a href=\"https:\/\/tenerife-trips.com\/wp-content\/uploads\/2018\/01\/1leg-thegem-gallery-sidebar.jpg\" data-fancybox-group=\"gallery-69e4e5d728ae3\" data-full-image-url=\"https:\/\/tenerife-trips.com\/wp-content\/uploads\/2018\/01\/1leg.jpg\"> <svg width=\"20\" height=\"10\"><path d=\"M 0,10 Q 9,9 10,0 Q 11,9 20,10\" \/><\/svg> <img src=\"https:\/\/tenerife-trips.com\/wp-content\/uploads\/2018\/01\/1leg-thegem-post-thumb-small.jpg\" alt=\"\" class=\"img-responsive\"> <span class=\"gem-gallery-caption slide-info\"> <\/span> <\/a> <span class=\"gem-gallery-line\"><\/span> <\/div> <\/div> <div class=\"gem-gallery-item\"> <div class=\"gem-gallery-item-image\"> <a href=\"https:\/\/tenerife-trips.com\/wp-content\/uploads\/2018\/01\/leg5-thegem-gallery-sidebar.jpg\" data-fancybox-group=\"gallery-69e4e5d728ae3\" data-full-image-url=\"https:\/\/tenerife-trips.com\/wp-content\/uploads\/2018\/01\/leg5.jpg\"> <svg width=\"20\" height=\"10\"><path d=\"M 0,10 Q 9,9 10,0 Q 11,9 20,10\" \/><\/svg> <img src=\"https:\/\/tenerife-trips.com\/wp-content\/uploads\/2018\/01\/leg5-thegem-post-thumb-small.jpg\" alt=\"\" class=\"img-responsive\"> <span class=\"gem-gallery-caption slide-info\"> <\/span> <\/a> <span class=\"gem-gallery-line\"><\/span> <\/div> <\/div> <\/div>[vc_empty_space][\/vc_column][\/vc_row][vc_row full_width=&#8221;stretch_row&#8221; css=&#8221;.vc_custom_1577670800120{background-color: #312c7a !important;background-position: center !important;background-repeat: no-repeat !important;background-size: cover !important;}&#8221;][vc_column][vc_column_text]<\/p>\n<h3 style=\"text-align: center;\"><span style=\"color: #ffffff; font-size: 18pt;\">DESCRIPTION<\/span><\/h3>\n<p>[\/vc_column_text][\/vc_column][\/vc_row][vc_row][vc_column][vc_tta_accordion style=&#8221;simple_solid&#8221; color=&#8221;blue&#8221; c_icon=&#8221;chevron&#8221; active_section=&#8221;-0&#8243; collapsible_all=&#8221;true&#8221;][vc_tta_section title=&#8221;EXPLICATION DE L&#8217;EXCURSION&#8221; tab_id=&#8221;1577670774782-176a6d5c-33399140-0c18&#8243;][vc_column_text css=&#8221;&#8221;]Tout d&#8217;abord, pour le kayak et snorkeling \u00e0 T\u00e9n\u00e9rife, nous partons en kayak de Los Cristianos dans un petit groupe de personnes. Notre guide exp\u00e9riment\u00e9 vous conduit le long de la c\u00f4te en direction d&#8217;El Palm-Mar. Cette r\u00e9gion est surtout connue pour ses falaises et ses grottes naturelles.<\/p>\n<p>En 30 minutes environ, nous atteignons l&#8217;endroit o\u00f9 vivent les tortues. Ici, nous plongeons enfin dans l&#8217;eau, et en g\u00e9n\u00e9ral, quelques minutes plus tard, certaines d&#8217;entre elles arrivent et nagent parmi nous. Nous ne pouvons pas garantir \u00e0 100% la pr\u00e9sence de la faune car les animaux sont libres, mais il y a de tr\u00e8s grandes chances de les voir. Il peut arriver, rarement, que les conditions de la mer ne permettent pas de faire du snorkeling ; dans ce cas, nous proposons aux clients de refaire l&#8217;excursion gratuitement.<\/p>\n<p>Pendant l&#8217;excursion de kayak et snorkeling \u00e0 T\u00e9n\u00e9rife, vous avez suffisamment de temps pour profiter de la rencontre avec la faune et la flore marines. D&#8217;autre part, les personnes souhaitant se reposer peuvent s&#8217;asseoir sur le kayak et attendre. La temp\u00e9rature de l&#8217;eau \u00e0 Tenerife est agr\u00e9able (19\u00b0\/20\u00b0 en hiver et 23\u00b0\/24\u00b0 en \u00e9t\u00e9). Il est donc possible de pratiquer cette activit\u00e9 tout au long de l&#8217;ann\u00e9e.<\/p>\n<h3><span style=\"font-size: 12pt;\">L&#8217;EXCURSION kayak et snorkeling \u00e0 T\u00e9n\u00e9rife DURE ENVIRON 2 HEURES. AUCUNE EXP\u00c9RIENCE PR\u00c9ALABLE DE SNORKELING OU DE KAYAK N&#8217;EST REQUISE ET IL N&#8217;EST PAS OBLIGATOIRE DE SAVOIR NAGER PUISQUE VOUS PORTEZ UN GILET DE SAUVETAGE. M\u00caME S&#8217;IL N&#8217;Y A PAS DE RESTRICTION D&#8217;\u00c2GE, IL EST PR\u00c9F\u00c9RABLE QUE LES ENFANTS AIENT AU MOINS 6 ANS POUR PROFITER DE L&#8217;EXP\u00c9RIENCE DE SNORKELING \u00c0 T\u00c9N\u00c9RIFE. CEPENDANT, S&#8217;ILS ONT MOINS DE 6 ANS, NOUS VOUS DEMANDONS DE NOUS CONTACTER POUR CONFIRMER QU&#8217;ILS PEUVENT PARTICIPER \u00c0 L&#8217;EXCURSION.<\/span><\/h3>\n<p>Nous disposons de kayaks professionnels et tr\u00e8s s\u00fbrs de diff\u00e9rentes tailles, c&#8217;est-\u00e0-dire que vous pouvez prendre un kayak simple ou un kayak double. Pendant l&#8217;excursion, il est assez facile de voir des dauphins. En effet, les piscicultures de la r\u00e9gion les attirent. Ce sont des animaux tr\u00e8s amicaux, c&#8217;est pourquoi ils viennent parfois nager pr\u00e8s de nous et nous disent presque \u00ab bonjour \u00bb !<\/p>\n<p><span style=\"color: #ff0000;\">Pendant l&#8217;excursion, votre guide prendra des photos et de courtes vid\u00e9os. \u00c0 la fin de l&#8217;excursion, vous pourrez les acheter au prix de 15 \u20ac par kayak si vous le souhaitez.<\/span><\/p>\n<h3><span style=\"font-size: 12pt;\">EN CONCLUSION, L&#8217;EXCURSION kayak et snorkeling \u00e0 T\u00e9n\u00e9rife EST L&#8217;UNE DES EXCURSIONS LES PLUS C\u00c9L\u00c8BRES.<\/span><\/h3>\n<p><strong>Ne la manquez pas, r\u00e9servez vos billets d\u00e8s maintenant !<\/strong>[\/vc_column_text][\/vc_tta_section][vc_tta_section title=&#8221;HORAIRE ET SERVICE DE TRANSPORT&#8221; tab_id=&#8221;1577670774833-8f45ebdc-ed589140-0c18&#8243;][vc_column_text css=&#8221;&#8221;]Un service de transport est disponible \u00e0 partir du sud de Tenerife. Nous vous recommandons de nous contacter pour v\u00e9rifier la disponibilit\u00e9 du transport depuis votre r\u00e9gion.<\/p>\n<p><span style=\"text-decoration: underline; color: #ff0000;\">HORAIRE :<\/span><\/p>\n<p>Tous les jours g\u00e9n\u00e9ralement \u00e0 10h30, 11h30, 12h30, 14h30 et certains jours \u00e0 16h30. L&#8217;heure de l&#8217;excursion peut changer en fonction du jour et de la saison, v\u00e9rifiez donc avec nous avant de r\u00e9server.<\/p>\n<h6>REGARDEZ LA VID\u00c9O, FAITES-VOUS UNE ID\u00c9E DE CE DONT IL S&#8217;AGIT ET R\u00c9SERVEZ D\u00c8S MAINTENANT !<\/h6>\n<p>[\/vc_column_text][\/vc_tta_section][\/vc_tta_accordion]<style type=\"text\/css\">.thegem-button-69e4e5d729ead961 .gem-button svg {fill: #ffffff;}.thegem-button-69e4e5d729ead961 .gem-button:hover svg {fill: #312c7a;}<\/style><div class=\"gem-button-container gem-button-position-center thegem-button-69e4e5d729ead961    \"  ><a class=\"gem-button gem-button-size-small gem-button-style-flat gem-button-text-weight-normal\" data-ll-effect=\"drop-right-without-wrap\" style=\"border-radius: 3px;background-color: #312c7a;color: #ffffff;\" onmouseleave=\"this.style.backgroundColor='#312c7a';this.style.color='#ffffff';\" onmouseenter=\"this.style.backgroundColor='#f6eb14';this.style.color='#312c7a';\" href=\"#prices-kayak\" target=\"_self\">PRIX<\/a><\/div> [\/vc_column][\/vc_row][vc_row full_width=&#8221;stretch_row_content&#8221; css=&#8221;.vc_custom_1577475746461{background-color: #312c7a !important;background-position: center !important;background-repeat: no-repeat !important;background-size: cover !important;}&#8221;][vc_column][vc_column_text css=&#8221;&#8221;]<\/p>\n<h3 style=\"text-align: center;\"><strong><span style=\"font-size: 18pt; color: #ffffff;\">R\u00c9SERVEZ MAINTENANT<\/span><\/strong><\/h3>\n<p>[\/vc_column_text][vc_empty_space height=&#8221;10px&#8221; el_id=&#8221;prices-kayak&#8221;][\/vc_column][\/vc_row][vc_section][vc_row][vc_column][vc_empty_space height=&#8221;1px&#8221;][\/vc_column][\/vc_row][vc_row][vc_column width=&#8221;1\/3&#8243;][vc_empty_space][vc_empty_space][vc_column_text css=&#8221;&#8221;]<span style=\"font-family: helvetica, arial, sans-serif;\"><strong>\u00a0 \u00a0 \u00a0 \u00a0 VOUS SOUHAITEZ FAIRE UN DON ?<\/strong><\/span>[\/vc_column_text][\/vc_column][vc_column width=&#8221;1\/3&#8243;][vc_single_image image=&#8221;710568&#8243; img_size=&#8221;medium&#8221; alignment=&#8221;center&#8221; style=&#8221;vc_box_rounded&#8221; onclick=&#8221;custom_link&#8221; img_link_target=&#8221;_blank&#8221; link=&#8221;https:\/\/tenerife-trips.com\/product\/wps_wgm_giftcard\/gift-card\/&#8221;][\/vc_column][vc_column width=&#8221;1\/3&#8243;]<style type=\"text\/css\">.thegem-button-69e4e5d72cf2e9280 .gem-button svg {fill: #ffffff;}.thegem-button-69e4e5d72cf2e9280 .gem-button:hover svg {fill: #ffffff;}<\/style><div class=\"gem-button-container gem-button-position-center thegem-button-69e4e5d72cf2e9280    \"  ><a class=\"gem-button gem-button-size-medium gem-button-style-flat gem-button-text-weight-normal gem-button-icon-position-left  gem-button-tablet-size-medium gem-button-mobile-size-small\" data-ll-effect=\"drop-right-without-wrap\" style=\"border-radius: 3px;background-color: #1a9144;color: #ffffff;\" onmouseleave=\"this.style.backgroundColor='#1a9144';this.style.color='#ffffff';\" onmouseenter=\"this.style.backgroundColor='#312c7a';this.style.color='#ffffff';\" href=\"https:\/\/tenerife-trips.com\/product\/wps_wgm_giftcard\/gift-card\/\" target=\"_blank\" id=\"giftjetski\"><i class=\"gem-print-icon gem-icon-pack-elegant \">&#xe073;<\/i>ACHETER UNE CARTE CADEAU<\/a><\/div> [\/vc_column][\/vc_row][\/vc_section][vc_row][vc_column][vc_empty_space el_id=&#8221;giftscuba&#8221;][\/vc_column][\/vc_row]<\/p>\n<\/div>","protected":false},"excerpt":{"rendered":"<p>[vc_row full_width=&#8221;stretch_row_content_no_spaces&#8221;][vc_column][vc_column_text css=&#8221;.vc_custom_1743673831443{background-color: #F6EB14 !important;background-position: center !important;background-repeat: no-repeat !important;background-size: cover !important;}&#8221; css_animation=&#8221;fadeIn&#8221;] KAYAK ET SNORKELING [\/vc_column_text][\/vc_column][\/vc_row][vc_row][vc_column][vc_column_text css=&#8221;&#8221;] Kayak et snorkeling&#8230;<\/p>\n","protected":false},"featured_media":627974,"template":"","meta":{"_acf_changed":false,"_seopress_robots_primary_cat":"0","_seopress_titles_title":"kayak et snorkeling \u00e0 T\u00e9n\u00e9rife, \u00e0 la rencontre de la vie marine","_seopress_titles_desc":"kayak et snorkeling \u00e0 T\u00e9n\u00e9rife, rejoignez un endroit secret en kayak o\u00f9 vous pourrez faire l&#039;exp\u00e9rience de nager avec des tortues dans leur habitat","_seopress_robots_index":""},"product_brand":[],"product_cat":[2938],"product_tag":[],"class_list":{"0":"post-627967","1":"product","2":"type-product","3":"status-publish","4":"has-post-thumbnail","6":"product_cat-sports-aquatiques","8":"first","9":"instock","10":"virtual","11":"sold-individually","12":"taxable","13":"purchasable","14":"product-type-booking"},"booking_location":"","booking_location_type":"","booking_duration":1,"booking_duration_unit":"day","booking_buffer":0,"booking_cost":0,"booking_resources":[],"acf":[],"_links":{"self":[{"href":"https:\/\/tenerife-trips.com\/fr\/wp-json\/wp\/v2\/product\/627967","targetHints":{"allow":["GET"]}}],"collection":[{"href":"https:\/\/tenerife-trips.com\/fr\/wp-json\/wp\/v2\/product"}],"about":[{"href":"https:\/\/tenerife-trips.com\/fr\/wp-json\/wp\/v2\/types\/product"}],"wp:featuredmedia":[{"embeddable":true,"href":"https:\/\/tenerife-trips.com\/fr\/wp-json\/wp\/v2\/media\/627974"}],"wp:attachment":[{"href":"https:\/\/tenerife-trips.com\/fr\/wp-json\/wp\/v2\/media?parent=627967"}],"wp:term":[{"taxonomy":"product_brand","embeddable":true,"href":"https:\/\/tenerife-trips.com\/fr\/wp-json\/wp\/v2\/product_brand?post=627967"},{"taxonomy":"product_cat","embeddable":true,"href":"https:\/\/tenerife-trips.com\/fr\/wp-json\/wp\/v2\/product_cat?post=627967"},{"taxonomy":"product_tag","embeddable":true,"href":"https:\/\/tenerife-trips.com\/fr\/wp-json\/wp\/v2\/product_tag?post=627967"}],"curies":[{"name":"wp","href":"https:\/\/api.w.org\/{rel}","templated":true}]}}