{"id":630144,"date":"2020-03-02T19:42:06","date_gmt":"2020-03-02T19:42:06","guid":{"rendered":"https:\/\/tenerife-trips.com\/?post_type=product&#038;p=630144"},"modified":"2025-12-03T12:32:57","modified_gmt":"2025-12-03T12:32:57","slug":"ecole-de-surf-a-tenerife","status":"publish","type":"product","link":"https:\/\/tenerife-trips.com\/fr\/product\/sports-aquatiques\/ecole-de-surf-a-tenerife\/","title":{"rendered":"LE\u00c7ON DE SURF"},"content":{"rendered":"<div class=\"wpb-content-wrapper\"><p>[vc_row full_width=&#8221;stretch_row_content_no_spaces&#8221;][vc_column][vc_column_text css=&#8221;.vc_custom_1743673540459{background-color: #F6EB14 !important;background-position: center !important;background-repeat: no-repeat !important;background-size: cover !important;}&#8221; css_animation=&#8221;fadeIn&#8221;]<\/p>\n<h1 class=\"title-h2\" style=\"text-align: center;\"><span style=\"font-size: 18pt; color: #312c7a;\">LE\u00c7ON DE SURF<\/span><\/h1>\n<p>[\/vc_column_text][\/vc_column][\/vc_row][vc_row][vc_column][vc_column_text css=&#8221;&#8221;]<\/p>\n<p style=\"text-align: center;\">Notre \u00e9cole de surf \u00e0 Tenerife est situ\u00e9e au c\u0153ur de Playa de Las Americas et propose des cours collectifs et priv\u00e9s pour tous les niveaux. Essayez l&#8217;un des meilleurs sports aquatiques de Tenerife !<\/p>\n<p style=\"text-align: center;\"><strong>\u21d3 Voir la description ci-dessous \u21d3<\/strong><\/p>\n<p>[\/vc_column_text][\/vc_column][\/vc_row][vc_row full_width=&#8221;stretch_row_content&#8221; full_height=&#8221;yes&#8221; css=&#8221;.vc_custom_1576192123211{background-color: #312c7a !important;background-position: center !important;background-repeat: no-repeat !important;background-size: cover !important;}&#8221;][vc_column]<div class=\"gem-vimeo gem-wrapbox gem-wrapbox-style-no-style rounded-corners gem-wrapbox-position-below\" style=\"width: 100%;\"><div class=\"gem-wrapbox-inner gem-ratio-style\" style=\"padding-top: 56.25%\"><iframe webkitallowfullscreen=\"true\" mozallowfullscreen=\"true\" allowfullscreen=\"true\" class=\"gem-wrapbox-element img-responsive\" frameborder=\"0\" scrolling=\"no\" marginheight=\"0\" marginwidth=\"0\" src=\"\/\/player.vimeo.com\/video\/394995267?title=0&amp;byline=0&amp;portrait=0 \"><\/iframe><\/div><\/div>[vc_empty_space]<div class=\"preloader\"><div class=\"preloader-spin\"><\/div><\/div> <div id=\"gem-gallery-69e9da3b5159b\" class=\"gem-gallery gem-gallery-hover-zooming-blur\"> <div class=\"gem-gallery-item\"> <div class=\"gem-gallery-item-image\"> <a href=\"https:\/\/tenerife-trips.com\/wp-content\/uploads\/2020\/03\/surf-school-Tenerife-2-thegem-gallery-sidebar.jpg\" data-fancybox-group=\"gallery-69e9da3b5159b\" data-full-image-url=\"https:\/\/tenerife-trips.com\/wp-content\/uploads\/2020\/03\/surf-school-Tenerife-2.jpg\"> <svg width=\"20\" height=\"10\"><path d=\"M 0,10 Q 9,9 10,0 Q 11,9 20,10\" \/><\/svg> <img src=\"https:\/\/tenerife-trips.com\/wp-content\/uploads\/2020\/03\/surf-school-Tenerife-2-thegem-post-thumb-small.jpg\" alt=\"surf school Tenerife\" class=\"img-responsive\"> <span class=\"gem-gallery-caption slide-info\"> <\/span> <\/a> <span class=\"gem-gallery-line\"><\/span> <\/div> <\/div> <div class=\"gem-gallery-item\"> <div class=\"gem-gallery-item-image\"> <a href=\"https:\/\/tenerife-trips.com\/wp-content\/uploads\/2020\/03\/surfen-Teneriffa-thegem-gallery-sidebar.jpg\" data-fancybox-group=\"gallery-69e9da3b5159b\" data-full-image-url=\"https:\/\/tenerife-trips.com\/wp-content\/uploads\/2020\/03\/surfen-Teneriffa.jpg\"> <svg width=\"20\" height=\"10\"><path d=\"M 0,10 Q 9,9 10,0 Q 11,9 20,10\" \/><\/svg> <img src=\"https:\/\/tenerife-trips.com\/wp-content\/uploads\/2020\/03\/surfen-Teneriffa-thegem-post-thumb-small.jpg\" alt=\"\" class=\"img-responsive\"> <span class=\"gem-gallery-caption slide-info\"> <\/span> <\/a> <span class=\"gem-gallery-line\"><\/span> <\/div> <\/div> <div class=\"gem-gallery-item\"> <div class=\"gem-gallery-item-image\"> <a href=\"https:\/\/tenerife-trips.com\/wp-content\/uploads\/2020\/03\/surf-school-Tenerife-thegem-gallery-sidebar.png\" data-fancybox-group=\"gallery-69e9da3b5159b\" data-full-image-url=\"https:\/\/tenerife-trips.com\/wp-content\/uploads\/2020\/03\/surf-school-Tenerife.png\"> <svg width=\"20\" height=\"10\"><path d=\"M 0,10 Q 9,9 10,0 Q 11,9 20,10\" \/><\/svg> <img src=\"https:\/\/tenerife-trips.com\/wp-content\/uploads\/2020\/03\/surf-school-Tenerife-thegem-post-thumb-small.png\" alt=\"surf school Tenerife\" class=\"img-responsive\"> <span class=\"gem-gallery-caption slide-info\"> <\/span> <\/a> <span class=\"gem-gallery-line\"><\/span> <\/div> <\/div> <div class=\"gem-gallery-item\"> <div class=\"gem-gallery-item-image\"> <a href=\"https:\/\/tenerife-trips.com\/wp-content\/uploads\/2020\/03\/escuela-de-surf-Tenerife-2-thegem-gallery-sidebar.jpg\" data-fancybox-group=\"gallery-69e9da3b5159b\" data-full-image-url=\"https:\/\/tenerife-trips.com\/wp-content\/uploads\/2020\/03\/escuela-de-surf-Tenerife-2.jpg\"> <svg width=\"20\" height=\"10\"><path d=\"M 0,10 Q 9,9 10,0 Q 11,9 20,10\" \/><\/svg> <img src=\"https:\/\/tenerife-trips.com\/wp-content\/uploads\/2020\/03\/escuela-de-surf-Tenerife-2-thegem-post-thumb-small.jpg\" alt=\"escuela de surf Tenerife\" class=\"img-responsive\"> <span class=\"gem-gallery-caption slide-info\"> <\/span> <\/a> <span class=\"gem-gallery-line\"><\/span> <\/div> <\/div> <div class=\"gem-gallery-item\"> <div class=\"gem-gallery-item-image\"> <a href=\"https:\/\/tenerife-trips.com\/wp-content\/uploads\/2020\/03\/escuela-de-surf-Tenerife-thegem-gallery-sidebar.jpg\" data-fancybox-group=\"gallery-69e9da3b5159b\" data-full-image-url=\"https:\/\/tenerife-trips.com\/wp-content\/uploads\/2020\/03\/escuela-de-surf-Tenerife.jpg\"> <svg width=\"20\" height=\"10\"><path d=\"M 0,10 Q 9,9 10,0 Q 11,9 20,10\" \/><\/svg> <img src=\"https:\/\/tenerife-trips.com\/wp-content\/uploads\/2020\/03\/escuela-de-surf-Tenerife-thegem-post-thumb-small.jpg\" alt=\"\" class=\"img-responsive\"> <span class=\"gem-gallery-caption slide-info\"> <\/span> <\/a> <span class=\"gem-gallery-line\"><\/span> <\/div> <\/div> <div class=\"gem-gallery-item\"> <div class=\"gem-gallery-item-image\"> <a href=\"https:\/\/tenerife-trips.com\/wp-content\/uploads\/2020\/03\/surf-Tenerife-thegem-gallery-sidebar.jpg\" data-fancybox-group=\"gallery-69e9da3b5159b\" data-full-image-url=\"https:\/\/tenerife-trips.com\/wp-content\/uploads\/2020\/03\/surf-Tenerife.jpg\"> <svg width=\"20\" height=\"10\"><path d=\"M 0,10 Q 9,9 10,0 Q 11,9 20,10\" \/><\/svg> <img src=\"https:\/\/tenerife-trips.com\/wp-content\/uploads\/2020\/03\/surf-Tenerife-thegem-post-thumb-small.jpg\" alt=\"\" class=\"img-responsive\"> <span class=\"gem-gallery-caption slide-info\"> <\/span> <\/a> <span class=\"gem-gallery-line\"><\/span> <\/div> <\/div> <div class=\"gem-gallery-item\"> <div class=\"gem-gallery-item-image\"> <a href=\"https:\/\/tenerife-trips.com\/wp-content\/uploads\/2020\/03\/Teneryfa-surfing-1-thegem-gallery-sidebar.jpg\" data-fancybox-group=\"gallery-69e9da3b5159b\" data-full-image-url=\"https:\/\/tenerife-trips.com\/wp-content\/uploads\/2020\/03\/Teneryfa-surfing-1.jpg\"> <svg width=\"20\" height=\"10\"><path d=\"M 0,10 Q 9,9 10,0 Q 11,9 20,10\" \/><\/svg> <img src=\"https:\/\/tenerife-trips.com\/wp-content\/uploads\/2020\/03\/Teneryfa-surfing-1-thegem-post-thumb-small.jpg\" alt=\"\" class=\"img-responsive\"> <span class=\"gem-gallery-caption slide-info\"> <\/span> <\/a> <span class=\"gem-gallery-line\"><\/span> <\/div> <\/div> <\/div>[vc_empty_space][\/vc_column][\/vc_row][vc_row full_width=&#8221;stretch_row&#8221; content_placement=&#8221;middle&#8221; css=&#8221;.vc_custom_1577675652614{background-color: #312c7a !important;background-position: center !important;background-repeat: no-repeat !important;background-size: cover !important;}&#8221;][vc_column][vc_column_text]<\/p>\n<h3 style=\"text-align: center;\"><span style=\"color: #ffffff; font-size: 18pt;\">DESCRIPTION<\/span><\/h3>\n<p>[\/vc_column_text][\/vc_column][\/vc_row][vc_row full_width=&#8221;stretch_row_content&#8221; content_placement=&#8221;middle&#8221;][vc_column][vc_tta_accordion style=&#8221;simple_solid&#8221; color=&#8221;blue&#8221; c_icon=&#8221;chevron&#8221; active_section=&#8221;-0&#8243; css_animation=&#8221;fadeIn&#8221; no_fill=&#8221;true&#8221; collapsible_all=&#8221;true&#8221; css=&#8221;.vc_custom_1577021524719{background-position: center !important;background-repeat: no-repeat !important;background-size: cover !important;}&#8221;][vc_tta_section title=&#8221;EXPLICATION DE L&#8217;EXCURSION&#8221; tab_id=&#8221;1577675633539-eceb827a-b410560b-d9e3dca0-d38b&#8221;][vc_column_text css=&#8221;&#8221;]<\/p>\n<h3><span style=\"font-size: 12pt;\">TOUT D&#8217;ABORD, NOTRE \u00c9COLE DE SURF \u00c0 TENERIFE PROPOSE DES COURS COLLECTIFS ET PRIV\u00c9S POUR TOUS LES NIVEAUX. SUR CETTE FANTASTIQUE \u00ceLE VOLCANIQUE BAIGN\u00c9E PAR L&#8217;OC\u00c9AN, LE SOLEIL BRILLE TOUTE L&#8217;ANN\u00c9E. LES GRANDES VAGUES FONT LE BONHEUR DES SURFEURS DU MONDE ENTIER. TENERIFE EST EN EFFET UN PARADIS POUR LES SURFEURS, \u00c0 QUELQUES HEURES SEULEMENT DE L&#8217;EUROPE.<\/span><\/h3>\n<p>La meilleure partie de ce r\u00eave ? Il n&#8217;y a pas de requins dangereux qui essaient de vous mordre les pieds pendant les sessions de surf. Que vous soyez professionnel ou d\u00e9butant, il vous suffit de faire votre valise, de prendre l&#8217;un des cent vols qui desservent l&#8217;\u00eele chaque jour et de vous pr\u00e9parer \u00e0 vivre une exp\u00e9rience de surf inoubliable.<\/p>\n<p>Les cours collectifs sont pour un maximum de 6 personnes et vous devez avoir au moins 14 ans pour y participer. En revanche, les le\u00e7ons priv\u00e9es sont pr\u00e9vues pour 1 \u00e0 4 personnes maximum. Diff\u00e9rentes options sont disponibles en fonction du nombre de participants :<\/p>\n<ul>\n<li>1 personne, \u00e9galement possible pour les enfants \u00e0 partir de 5 ans ;<\/li>\n<li>2 personnes, \u00e9galement possible pour les enfants \u00e0 partir de 8 ans ;<\/li>\n<li>3 ou 4 personnes, s&#8217;il y a des enfants, v\u00e9rifiez l&#8217;\u00e2ge avec nous.<\/li>\n<\/ul>\n<h3><span style=\"font-size: 14pt;\">DANS NOTRE \u00c9COLE DE SURF \u00c0 TENERIFE, TOUTES LES LE\u00c7ONS, QU&#8217;ELLES SOIENT PRIV\u00c9ES OU EN GROUPE, DURENT 2 HEURES. NOS INSTRUCTEURS PROFESSIONNELS S&#8217;OCCUPERONT DE VOUS PENDANT TOUTE LA DUR\u00c9E DU COURS.<\/span><\/h3>\n<p>Tenerife est la plus grande et la plus peupl\u00e9e des <a href=\"https:\/\/fr.wikipedia.org\/wiki\/\u00celes_Canaries\" target=\"_blank\" rel=\"noopener\">\u00eeles Canaries<\/a>. Elle est domin\u00e9e par le Teide, un \u00e9tonnant volcan de 3718 m\u00e8tres d&#8217;altitude situ\u00e9 en plein milieu de l&#8217;\u00eele. Son altitude impressionnante cr\u00e9e les conditions pour diff\u00e9rents microclimats. C&#8217;est pourquoi l&#8217;\u00eele de l&#8217;\u00e9ternel printemps est riche en nature et en panoramas magnifiques. En fait, vous pouvez profiter de paysages fabuleux et d&#8217;aventures en plein air si vous avez envie de faire une pause dans la pratique du surf.<\/p>\n<p>Gr\u00e2ce \u00e0 la morphologie particuli\u00e8re de la c\u00f4te de Playa de Las Americas, il est possible de prendre les meilleures vagues. On y trouve plusieurs spots de surf sur seulement un kilom\u00e8tre de c\u00f4te. Ils se trouvent \u00e0 quelques pas de tous les h\u00f4tels et centres de vill\u00e9giature de la r\u00e9gion. Les spots les plus connus sont \u00ab La Izquierda \u00bb, \u00ab El Medio \u00bb, \u00ab El Bunker \u00bb, \u00ab La Derecha \u00bb, \u00ab Piscina \u00bb, \u00ab El Dedo \u00bb et \u00ab Fitenia \u00bb. Ce lien vous permet de visionner la vid\u00e9o d&#8217;un surfeur exp\u00e9riment\u00e9 surfant sur les vagues de Playa de Las Americas, o\u00f9 se trouve notre \u00e9cole de surf \u00e0 T\u00e9n\u00e9rife.<\/p>\n<p>Tenerife pr\u00e9sente des houles du nord en hiver et des houles du sud en \u00e9t\u00e9. De par sa position, Playa de Las Americas est expos\u00e9e aux deux. Il est donc possible de surfer toute l&#8217;ann\u00e9e \u00e0 cet endroit. Si nous avons suscit\u00e9 votre int\u00e9r\u00eat et que vous souhaitez cultiver votre passion, contactez notre \u00e9cole de surf Tenerife. Nous serons heureux de vous donner plus d&#8217;informations et de vous sugg\u00e9rer la meilleure solution pour profiter de cette \u00eele fantastique.[\/vc_column_text][\/vc_tta_section][vc_tta_section title=&#8221;HORAIRE ET SERVICE DE TRANSPORT&#8221; tab_id=&#8221;1577675633592-04df94c3-be9e560b-d9e3dca0-d38b&#8221;][vc_column_text][\/vc_column_text][vc_column_text css=&#8221;&#8221;]Le service de transport n&#8217;est pas disponible, vous devez venir \u00e0 notre \u00e9cole \u00e0 Playa de Las Americas.<\/p>\n<p>Les le\u00e7ons sont disponibles tous les jours \u00e0 des heures diff\u00e9rentes en fonction du niveau de la mar\u00e9e et de l&#8217;\u00e9tat de la mer.<\/p>\n<p><strong>Regardez la vid\u00e9o, faites-vous une id\u00e9e de ce dont il s&#8217;agit et r\u00e9servez d\u00e8s maintenant !<\/strong>[\/vc_column_text][\/vc_tta_section][\/vc_tta_accordion]<style type=\"text\/css\">.thegem-button-69e9da3b53c3c6611 .gem-button svg {fill: #312c7a;}.thegem-button-69e9da3b53c3c6611 .gem-button:hover svg {fill: #ffffff;}<\/style><div class=\"gem-button-container gem-button-position-center thegem-button-69e9da3b53c3c6611    \"  ><a class=\"gem-button gem-button-size-medium gem-button-style-flat gem-button-text-weight-normal  gem-button-tablet-size-medium gem-button-mobile-size-medium\" data-ll-effect=\"drop-right-without-wrap\" style=\"border-radius: 3px;background-color: #f6eb14;color: #312c7a;\" onmouseleave=\"this.style.backgroundColor='#f6eb14';this.style.color='#312c7a';\" onmouseenter=\"this.style.backgroundColor='#312c7a';this.style.color='#ffffff';\" href=\"#giftsurf\" target=\"_self\">PRIX<\/a><\/div> [\/vc_column][\/vc_row][vc_row full_width=&#8221;stretch_row_content&#8221; content_placement=&#8221;middle&#8221; css=&#8221;.vc_custom_1576709624172{background-color: #312c7a !important;background-position: center !important;background-repeat: no-repeat !important;background-size: cover !important;}&#8221;][vc_column][vc_column_text css=&#8221;&#8221;]<\/p>\n<h3 style=\"text-align: center;\"><span style=\"font-size: 18pt; color: #ffffff;\"><strong>R\u00c9SERVEZ MAINTENANT<\/strong><\/span><\/h3>\n<p>[\/vc_column_text][vc_empty_space height=&#8221;10px&#8221; el_id=&#8221;prices-surf&#8221;][\/vc_column][\/vc_row][vc_section][vc_row][vc_column][vc_empty_space height=&#8221;1px&#8221;][\/vc_column][\/vc_row][vc_row][vc_column width=&#8221;1\/3&#8243;][vc_empty_space][vc_empty_space][vc_column_text css=&#8221;&#8221;]<span style=\"font-family: helvetica, arial, sans-serif;\"><strong>\u00a0 \u00a0 \u00a0 \u00a0 VOUS SOUHAITEZ FAIRE UN DON ?<\/strong><\/span>[\/vc_column_text][\/vc_column][vc_column width=&#8221;1\/3&#8243;][vc_single_image image=&#8221;710568&#8243; img_size=&#8221;medium&#8221; alignment=&#8221;center&#8221; style=&#8221;vc_box_rounded&#8221; onclick=&#8221;custom_link&#8221; img_link_target=&#8221;_blank&#8221; link=&#8221;https:\/\/tenerife-trips.com\/product\/wps_wgm_giftcard\/gift-card\/&#8221;][\/vc_column][vc_column width=&#8221;1\/3&#8243;]<style type=\"text\/css\">.thegem-button-69e9da3b5479c4904 .gem-button svg {fill: #ffffff;}.thegem-button-69e9da3b5479c4904 .gem-button:hover svg {fill: #ffffff;}<\/style><div class=\"gem-button-container gem-button-position-center thegem-button-69e9da3b5479c4904    \"  ><a class=\"gem-button gem-button-size-medium gem-button-style-flat gem-button-text-weight-normal gem-button-icon-position-left  gem-button-tablet-size-medium gem-button-mobile-size-small\" data-ll-effect=\"drop-right-without-wrap\" style=\"border-radius: 3px;background-color: #1a9144;color: #ffffff;\" onmouseleave=\"this.style.backgroundColor='#1a9144';this.style.color='#ffffff';\" onmouseenter=\"this.style.backgroundColor='#312c7a';this.style.color='#ffffff';\" href=\"https:\/\/tenerife-trips.com\/product\/wps_wgm_giftcard\/gift-card\/\" target=\"_blank\" id=\"giftjetski\"><i class=\"gem-print-icon gem-icon-pack-elegant \">&#xe073;<\/i>ACHETER UNE CARTE CADEAU<\/a><\/div> [\/vc_column][\/vc_row][\/vc_section][vc_row][vc_column][vc_empty_space el_id=&#8221;giftsurf&#8221;][\/vc_column][\/vc_row]<\/p>\n<\/div>","protected":false},"excerpt":{"rendered":"<p>[vc_row full_width=&#8221;stretch_row_content_no_spaces&#8221;][vc_column][vc_column_text css=&#8221;.vc_custom_1743673540459{background-color: #F6EB14 !important;background-position: center !important;background-repeat: no-repeat !important;background-size: cover !important;}&#8221; css_animation=&#8221;fadeIn&#8221;] LE\u00c7ON DE SURF [\/vc_column_text][\/vc_column][\/vc_row][vc_row][vc_column][vc_column_text css=&#8221;&#8221;] Notre \u00e9cole de&#8230;<\/p>\n","protected":false},"featured_media":630145,"template":"","meta":{"_acf_changed":false,"_seopress_robots_primary_cat":"2938","_seopress_titles_title":"Ecole de surf \u00e0 Tenerife, cours collectifs ou priv\u00e9s \u00e0 Las Americas","_seopress_titles_desc":"Commencez votre formation avec une \u00e9cole de surf \u00e0 Tenerife bas\u00e9e \u00e0 Playa de Las Americas. Cours collectifs ou priv\u00e9s disponibles pour tous les niveaux","_seopress_robots_index":""},"product_brand":[],"product_cat":[2938],"product_tag":[],"class_list":{"0":"post-630144","1":"product","2":"type-product","3":"status-publish","4":"has-post-thumbnail","6":"product_cat-sports-aquatiques","8":"first","9":"instock","10":"virtual","11":"sold-individually","12":"taxable","13":"purchasable","14":"product-type-booking"},"booking_location":"","booking_location_type":"","booking_duration":1,"booking_duration_unit":"day","booking_buffer":0,"booking_cost":0,"booking_resources":[],"acf":[],"_links":{"self":[{"href":"https:\/\/tenerife-trips.com\/fr\/wp-json\/wp\/v2\/product\/630144","targetHints":{"allow":["GET"]}}],"collection":[{"href":"https:\/\/tenerife-trips.com\/fr\/wp-json\/wp\/v2\/product"}],"about":[{"href":"https:\/\/tenerife-trips.com\/fr\/wp-json\/wp\/v2\/types\/product"}],"wp:featuredmedia":[{"embeddable":true,"href":"https:\/\/tenerife-trips.com\/fr\/wp-json\/wp\/v2\/media\/630145"}],"wp:attachment":[{"href":"https:\/\/tenerife-trips.com\/fr\/wp-json\/wp\/v2\/media?parent=630144"}],"wp:term":[{"taxonomy":"product_brand","embeddable":true,"href":"https:\/\/tenerife-trips.com\/fr\/wp-json\/wp\/v2\/product_brand?post=630144"},{"taxonomy":"product_cat","embeddable":true,"href":"https:\/\/tenerife-trips.com\/fr\/wp-json\/wp\/v2\/product_cat?post=630144"},{"taxonomy":"product_tag","embeddable":true,"href":"https:\/\/tenerife-trips.com\/fr\/wp-json\/wp\/v2\/product_tag?post=630144"}],"curies":[{"name":"wp","href":"https:\/\/api.w.org\/{rel}","templated":true}]}}