{"id":630242,"date":"2018-04-05T15:47:07","date_gmt":"2018-04-05T14:47:07","guid":{"rendered":"https:\/\/tenerife-trips.com\/?post_type=product&#038;p=630242"},"modified":"2025-12-03T12:33:11","modified_gmt":"2025-12-03T12:33:11","slug":"peche-a-tenerife","status":"publish","type":"product","link":"https:\/\/tenerife-trips.com\/fr\/product\/sports-aquatiques\/peche-a-tenerife\/","title":{"rendered":"EXCURSION DE P\u00caCHE"},"content":{"rendered":"<div class=\"wpb-content-wrapper\"><p>[vc_row full_width=&#8221;stretch_row_content_no_spaces&#8221;][vc_column][vc_column_text css=&#8221;.vc_custom_1743673598634{background-color: #F6EB14 !important;background-position: center !important;background-repeat: no-repeat !important;background-size: cover !important;}&#8221; css_animation=&#8221;fadeIn&#8221;]<\/p>\n<h1 class=\"title-h2\" style=\"text-align: center;\"><span style=\"font-size: 18pt; color: #312c7a;\">EXCURSION DE P\u00caCHE<\/span><\/h1>\n<p>[\/vc_column_text][\/vc_column][\/vc_row][vc_row][vc_column][vc_column_text css=&#8221;&#8221;]<\/p>\n<p style=\"text-align: center;\">La p\u00eache \u00e0 Tenerife est sans aucun doute l&#8217;une des meilleures choses \u00e0 faire lors d&#8217;une visite dans cette magnifique r\u00e9gion. C&#8217;est une activit\u00e9 qui convient \u00e0 tout le monde, enfants et adultes, d\u00e9butants et experts.<\/p>\n<p style=\"text-align: center;\"><strong>\u21d3 Voir la description ci-dessous \u21d3<\/strong><\/p>\n<p>[\/vc_column_text][vc_empty_space][\/vc_column][\/vc_row][vc_row full_width=&#8221;stretch_row_content&#8221; full_height=&#8221;yes&#8221; css=&#8221;.vc_custom_1576192123211{background-color: #312c7a !important;background-position: center !important;background-repeat: no-repeat !important;background-size: cover !important;}&#8221;][vc_column]<div class=\"gem-vimeo gem-wrapbox gem-wrapbox-style-no-style rounded-corners gem-wrapbox-position-below\" style=\"width: 100%;\"><div class=\"gem-wrapbox-inner gem-ratio-style\" style=\"padding-top: 56.25%\"><iframe webkitallowfullscreen=\"true\" mozallowfullscreen=\"true\" allowfullscreen=\"true\" class=\"gem-wrapbox-element img-responsive\" frameborder=\"0\" scrolling=\"no\" marginheight=\"0\" marginwidth=\"0\" src=\"\/\/player.vimeo.com\/video\/397456105?title=0&amp;byline=0&amp;portrait=0 \"><\/iframe><\/div><\/div>[vc_empty_space]<div class=\"preloader\"><div class=\"preloader-spin\"><\/div><\/div> <div id=\"gem-gallery-69dec339a774e\" class=\"gem-gallery gem-gallery-hover-zooming-blur\"> <div class=\"gem-gallery-item\"> <div class=\"gem-gallery-item-image\"> <a href=\"https:\/\/tenerife-trips.com\/wp-content\/uploads\/2019\/12\/wedkarstwo-na-Teneryfie-scaled-thegem-gallery-sidebar.jpg\" data-fancybox-group=\"gallery-69dec339a774e\" data-full-image-url=\"https:\/\/tenerife-trips.com\/wp-content\/uploads\/2019\/12\/wedkarstwo-na-Teneryfie-scaled.jpg\"> <svg width=\"20\" height=\"10\"><path d=\"M 0,10 Q 9,9 10,0 Q 11,9 20,10\" \/><\/svg> <img src=\"https:\/\/tenerife-trips.com\/wp-content\/uploads\/2019\/12\/wedkarstwo-na-Teneryfie-scaled-thegem-post-thumb-small.jpg\" alt=\"\" class=\"img-responsive\"> <span class=\"gem-gallery-caption slide-info\"> <\/span> <\/a> <span class=\"gem-gallery-line\"><\/span> <\/div> <\/div> <div class=\"gem-gallery-item\"> <div class=\"gem-gallery-item-image\"> <a href=\"https:\/\/tenerife-trips.com\/wp-content\/uploads\/2019\/12\/pesca-en-Tenerife-scaled-thegem-gallery-sidebar.jpg\" data-fancybox-group=\"gallery-69dec339a774e\" data-full-image-url=\"https:\/\/tenerife-trips.com\/wp-content\/uploads\/2019\/12\/pesca-en-Tenerife-scaled.jpg\"> <svg width=\"20\" height=\"10\"><path d=\"M 0,10 Q 9,9 10,0 Q 11,9 20,10\" \/><\/svg> <img src=\"https:\/\/tenerife-trips.com\/wp-content\/uploads\/2019\/12\/pesca-en-Tenerife-scaled-thegem-post-thumb-small.jpg\" alt=\"\" class=\"img-responsive\"> <span class=\"gem-gallery-caption slide-info\"> <\/span> <\/a> <span class=\"gem-gallery-line\"><\/span> <\/div> <\/div> <div class=\"gem-gallery-item\"> <div class=\"gem-gallery-item-image\"> <a href=\"https:\/\/tenerife-trips.com\/wp-content\/uploads\/2018\/04\/Tenerife-Fishing-scaled-thegem-gallery-sidebar.jpg\" data-fancybox-group=\"gallery-69dec339a774e\" data-full-image-url=\"https:\/\/tenerife-trips.com\/wp-content\/uploads\/2018\/04\/Tenerife-Fishing-scaled.jpg\"> <svg width=\"20\" height=\"10\"><path d=\"M 0,10 Q 9,9 10,0 Q 11,9 20,10\" \/><\/svg> <img src=\"https:\/\/tenerife-trips.com\/wp-content\/uploads\/2018\/04\/Tenerife-Fishing-scaled-thegem-post-thumb-small.jpg\" alt=\"Tenerife fishing\" class=\"img-responsive\"> <span class=\"gem-gallery-caption slide-info\"> <\/span> <\/a> <span class=\"gem-gallery-line\"><\/span> <\/div> <\/div> <div class=\"gem-gallery-item\"> <div class=\"gem-gallery-item-image\"> <a href=\"https:\/\/tenerife-trips.com\/wp-content\/uploads\/2019\/12\/pesca-en-Tenerife-1-scaled-thegem-gallery-sidebar.jpg\" data-fancybox-group=\"gallery-69dec339a774e\" data-full-image-url=\"https:\/\/tenerife-trips.com\/wp-content\/uploads\/2019\/12\/pesca-en-Tenerife-1-scaled.jpg\"> <svg width=\"20\" height=\"10\"><path d=\"M 0,10 Q 9,9 10,0 Q 11,9 20,10\" \/><\/svg> <img src=\"https:\/\/tenerife-trips.com\/wp-content\/uploads\/2019\/12\/pesca-en-Tenerife-1-scaled-thegem-post-thumb-small.jpg\" alt=\"\" class=\"img-responsive\"> <span class=\"gem-gallery-caption slide-info\"> <\/span> <\/a> <span class=\"gem-gallery-line\"><\/span> <\/div> <\/div> <div class=\"gem-gallery-item\"> <div class=\"gem-gallery-item-image\"> <a href=\"https:\/\/tenerife-trips.com\/wp-content\/uploads\/2019\/12\/angeln-Teneriffa-1-scaled-thegem-gallery-sidebar.jpg\" data-fancybox-group=\"gallery-69dec339a774e\" data-full-image-url=\"https:\/\/tenerife-trips.com\/wp-content\/uploads\/2019\/12\/angeln-Teneriffa-1-scaled.jpg\"> <svg width=\"20\" height=\"10\"><path d=\"M 0,10 Q 9,9 10,0 Q 11,9 20,10\" \/><\/svg> <img src=\"https:\/\/tenerife-trips.com\/wp-content\/uploads\/2019\/12\/angeln-Teneriffa-1-scaled-thegem-post-thumb-small.jpg\" alt=\"angeln Teneriffa\" class=\"img-responsive\"> <span class=\"gem-gallery-caption slide-info\"> <\/span> <\/a> <span class=\"gem-gallery-line\"><\/span> <\/div> <\/div> <div class=\"gem-gallery-item\"> <div class=\"gem-gallery-item-image\"> <a href=\"https:\/\/tenerife-trips.com\/wp-content\/uploads\/2019\/12\/pescare-a-Tenerife-scaled-thegem-gallery-sidebar.jpg\" data-fancybox-group=\"gallery-69dec339a774e\" data-full-image-url=\"https:\/\/tenerife-trips.com\/wp-content\/uploads\/2019\/12\/pescare-a-Tenerife-scaled.jpg\"> <svg width=\"20\" height=\"10\"><path d=\"M 0,10 Q 9,9 10,0 Q 11,9 20,10\" \/><\/svg> <img src=\"https:\/\/tenerife-trips.com\/wp-content\/uploads\/2019\/12\/pescare-a-Tenerife-scaled-thegem-post-thumb-small.jpg\" alt=\"\" class=\"img-responsive\"> <span class=\"gem-gallery-caption slide-info\"> <\/span> <\/a> <span class=\"gem-gallery-line\"><\/span> <\/div> <\/div> <\/div>[vc_empty_space][\/vc_column][\/vc_row][vc_row full_width=&#8221;stretch_row&#8221; css=&#8221;.vc_custom_1577670973533{background-color: #312c7a !important;background-position: center !important;background-repeat: no-repeat !important;background-size: cover !important;}&#8221;][vc_column][vc_column_text]<\/p>\n<h3 style=\"text-align: center;\"><span style=\"color: #ffffff; font-size: 18pt;\">DESCRIPTION<\/span><\/h3>\n<p>[\/vc_column_text][\/vc_column][\/vc_row][vc_row][vc_column][vc_tta_accordion style=&#8221;simple_solid&#8221; color=&#8221;blue&#8221; c_icon=&#8221;chevron&#8221; active_section=&#8221;-0&#8243; collapsible_all=&#8221;true&#8221;][vc_tta_section title=&#8221;EXPLICATION DE L&#8217;EXCURSION&#8221; tab_id=&#8221;1577670924506-194e1e2f-0e361fb5-d23a&#8221;][vc_column_text css=&#8221;&#8221;]Nos bateaux pour l&#8217;excursion de p\u00eache \u00e0 Tenerife partent de <a href=\"https:\/\/maps.app.goo.gl\/WQU8vZtG8Kd8Gbeb8\" target=\"_blank\" rel=\"noopener\">Puerto Col\u00f3n<\/a>, le port principal de Costa Adeje. Nous avons donc 2 bateaux, l&#8217;un pour un maximum de 7 personnes et l&#8217;autre pour un maximum de 10 personnes. Il est possible de faire une sortie partag\u00e9e ou de r\u00e9server un charter priv\u00e9 uniquement pour votre groupe (toutes les personnes peuvent p\u00eacher activement).<\/p>\n<h3><span style=\"font-size: 12pt;\">L&#8217;EXCURSION DE P\u00caCHE \u00c0 T\u00c9N\u00c9RIFE DURE 4 HEURES. LE CHARTER PRIV\u00c9 PEUT DURER 4 OU 8 HEURES POUR UN MAXIMUM DE 10 PERSONNES. LE PRIX COMPREND \u00c9GALEMENT LES BOISSONS TELLES QUE LA BI\u00c8RE, L&#8217;EAU ET LES BOISSONS NON ALCOOLIS\u00c9ES, TOUJOURS DISPONIBLES LORS DES DEUX EXCURSIONS. LE CHARTER PRIV\u00c9 COMPREND \u00c9GALEMENT DES SANDWICHS ET DES SNACKS.<\/span><\/h3>\n<p>Pendant l&#8217;excursion de p\u00eache \u00e0 Tenerife, notre \u00e9quipage tr\u00e8s exp\u00e9riment\u00e9 vous aidera \u00e0 remonter votre prise gr\u00e2ce aux meilleures m\u00e9thodes. Nous sommes sp\u00e9cialis\u00e9s dans diff\u00e9rentes techniques telles que la p\u00eache au harpon, la p\u00eache \u00e0 la tra\u00eene, la p\u00eache \u00e0 la mouche, la p\u00eache l\u00e9g\u00e8re et lourde, la p\u00eache de fond et autres.<\/p>\n<p>Le prix comprend tout l&#8217;\u00e9quipement de haute qualit\u00e9 tel que les leurres, les engins de p\u00eache, les app\u00e2ts vivants, les licences de p\u00eache. Nous disposons \u00e9galement d&#8217;appareils tels que le GPS, le sondeur de p\u00eache, le radar et la radio VHF.<\/p>\n<p><span style=\"font-size: 14pt;\">L&#8217;excursion de p\u00eache \u00e0 Tenerife cible diff\u00e9rents types de poissons, par exemple le thon, le marlin, le wahoo, le vivaneau, le m\u00e9rou, le mahi mahi, le barracuda et d&#8217;autres. Nous pouvons \u00e9galement vous aider \u00e0 nettoyer et \u00e0 fileter vos prises si vous le souhaitez.<\/span><\/p>\n<p>\u00c0 bord de notre bateau de p\u00eache, vous trouverez \u00e9galement des toilettes, une douche, un r\u00e9frig\u00e9rateur, une t\u00e9l\u00e9vision, un syst\u00e8me audio et un salon pour vous d\u00e9tendre. Tout ce dont vous avez besoin, c&#8217;est de votre enthousiasme et de votre d\u00e9sir d&#8217;attraper le \u00ab gros poisson \u00bb.<\/p>\n<h3><span style=\"font-size: 12pt;\">R\u00c9ALISEZ VOTRE R\u00caVE, PROFITEZ DE VOS VACANCES AVEC L&#8217;EXCURSION DE P\u00caCHE \u00c0 T\u00c9N\u00c9RIFE, LA DISPONIBILIT\u00c9 EST LIMIT\u00c9E !<\/span><\/h3>\n<p>[\/vc_column_text][\/vc_tta_section][vc_tta_section title=&#8221;HORAIRE ET SERVICE DE TRANSPORT&#8221; tab_id=&#8221;1577670924554-c65dbeb2-8ad01fb5-d23a&#8221;][vc_column_text css=&#8221;&#8221;]Pour l&#8217;excursion de p\u00eache \u00e0 Tenerife, le service de transport n&#8217;est pas disponible, vous devez vous rendre au port de <a href=\"https:\/\/maps.app.goo.gl\/WQU8vZtG8Kd8Gbeb8\" target=\"_blank\" rel=\"noopener\">Puerto Col\u00f3n<\/a>.<\/p>\n<p><span style=\"text-decoration: underline;\"><span style=\"color: #ff0000; text-decoration: underline;\">HORAIRE:<\/span><\/span><\/p>\n<p>Tous les jours \u00e0 09:00 et 14:00<\/p>\n<h6><span style=\"color: #312c7a;\"><strong>REGARDEZ LA VID\u00c9O, FAITES-VOUS UNE ID\u00c9E DE CE DONT IL S&#8217;AGIT ET R\u00c9SERVEZ D\u00c8S MAINTENANT !<\/strong><\/span><\/h6>\n<p>[\/vc_column_text][\/vc_tta_section][\/vc_tta_accordion]<style type=\"text\/css\">.thegem-button-69dec339a88b44237 .gem-button svg {fill: #312c7a;}.thegem-button-69dec339a88b44237 .gem-button:hover svg {fill: #ffffff;}<\/style><div class=\"gem-button-container gem-button-position-center thegem-button-69dec339a88b44237    \"  ><a class=\"gem-button gem-button-size-medium gem-button-style-flat gem-button-text-weight-normal  gem-button-tablet-size-medium gem-button-mobile-size-medium\" data-ll-effect=\"drop-right-without-wrap\" style=\"border-radius: 3px;background-color: #f6eb14;color: #312c7a;\" onmouseleave=\"this.style.backgroundColor='#f6eb14';this.style.color='#312c7a';\" onmouseenter=\"this.style.backgroundColor='#312c7a';this.style.color='#ffffff';\" href=\"#giftfishing\" target=\"_self\">PRIX<\/a><\/div> [\/vc_column][\/vc_row][vc_row full_width=&#8221;stretch_row_content&#8221; css=&#8221;.vc_custom_1577474711662{background-color: #312c7a !important;background-position: center !important;background-repeat: no-repeat !important;background-size: cover !important;}&#8221;][vc_column][vc_column_text css=&#8221;.vc_custom_1732884259960{background-position: center !important;background-repeat: no-repeat !important;background-size: cover !important;}&#8221; css_animation=&#8221;fadeIn&#8221;]<\/p>\n<p class=\"title-h2\" style=\"text-align: center;\"><span style=\"color: #ffffff; font-size: 18pt;\"><strong>R\u00c9SERVEZ MAINTENANT<\/strong><\/span><\/p>\n<p>[\/vc_column_text][vc_empty_space height=&#8221;10&#8243; el_id=&#8221;prices-jet-ski&#8221;][\/vc_column][\/vc_row][vc_section][vc_row][vc_column][vc_empty_space height=&#8221;1px&#8221;][\/vc_column][\/vc_row][vc_row][vc_column width=&#8221;1\/3&#8243;][vc_empty_space][vc_empty_space][vc_column_text css=&#8221;&#8221;]<span style=\"font-family: helvetica, arial, sans-serif;\"><strong>\u00a0 \u00a0 \u00a0 \u00a0 VOUS SOUHAITEZ FAIRE UN DON ?<\/strong><\/span>[\/vc_column_text][\/vc_column][vc_column width=&#8221;1\/3&#8243;][vc_single_image image=&#8221;710568&#8243; img_size=&#8221;medium&#8221; alignment=&#8221;center&#8221; style=&#8221;vc_box_rounded&#8221; onclick=&#8221;custom_link&#8221; img_link_target=&#8221;_blank&#8221; link=&#8221;https:\/\/tenerife-trips.com\/product\/wps_wgm_giftcard\/gift-card\/&#8221;][\/vc_column][vc_column width=&#8221;1\/3&#8243;]<style type=\"text\/css\">.thegem-button-69dec339a92025162 .gem-button svg {fill: #ffffff;}.thegem-button-69dec339a92025162 .gem-button:hover svg {fill: #ffffff;}<\/style><div class=\"gem-button-container gem-button-position-center thegem-button-69dec339a92025162    \"  ><a class=\"gem-button gem-button-size-medium gem-button-style-flat gem-button-text-weight-normal gem-button-icon-position-left  gem-button-tablet-size-medium gem-button-mobile-size-small\" data-ll-effect=\"drop-right-without-wrap\" style=\"border-radius: 3px;background-color: #1a9144;color: #ffffff;\" onmouseleave=\"this.style.backgroundColor='#1a9144';this.style.color='#ffffff';\" onmouseenter=\"this.style.backgroundColor='#312c7a';this.style.color='#ffffff';\" href=\"https:\/\/tenerife-trips.com\/product\/wps_wgm_giftcard\/gift-card\/\" target=\"_blank\" id=\"giftjetski\"><i class=\"gem-print-icon gem-icon-pack-elegant \">&#xe073;<\/i>ACHETER UNE CARTE CADEAU<\/a><\/div> [\/vc_column][\/vc_row][\/vc_section][vc_row][vc_column][vc_empty_space el_id=&#8221;giftfishing&#8221;][\/vc_column][\/vc_row]<\/p>\n<\/div>","protected":false},"excerpt":{"rendered":"<p>[vc_row full_width=&#8221;stretch_row_content_no_spaces&#8221;][vc_column][vc_column_text css=&#8221;.vc_custom_1743673598634{background-color: #F6EB14 !important;background-position: center !important;background-repeat: no-repeat !important;background-size: cover !important;}&#8221; css_animation=&#8221;fadeIn&#8221;] EXCURSION DE P\u00caCHE [\/vc_column_text][\/vc_column][\/vc_row][vc_row][vc_column][vc_column_text css=&#8221;&#8221;] La p\u00eache \u00e0&#8230;<\/p>\n","protected":false},"featured_media":638094,"template":"","meta":{"_acf_changed":false,"_seopress_robots_primary_cat":"2938","_seopress_titles_title":"P\u00eache \u00e0 Tenerife, r\u00e9servez avec nous en ligne","_seopress_titles_desc":"La p\u00eache \u00e0 Tenerife, l&#039;une des meilleures exp\u00e9riences que l&#039;on puisse vivre aux Canaries. Consultez nos offres et profitez des meilleures r\u00e9ductions","_seopress_robots_index":""},"product_brand":[],"product_cat":[2938],"product_tag":[],"class_list":{"0":"post-630242","1":"product","2":"type-product","3":"status-publish","4":"has-post-thumbnail","6":"product_cat-sports-aquatiques","8":"first","9":"instock","10":"virtual","11":"sold-individually","12":"taxable","13":"purchasable","14":"product-type-booking"},"booking_location":"","booking_location_type":"","booking_duration":1,"booking_duration_unit":"day","booking_buffer":0,"booking_cost":0,"booking_resources":[],"acf":[],"_links":{"self":[{"href":"https:\/\/tenerife-trips.com\/fr\/wp-json\/wp\/v2\/product\/630242","targetHints":{"allow":["GET"]}}],"collection":[{"href":"https:\/\/tenerife-trips.com\/fr\/wp-json\/wp\/v2\/product"}],"about":[{"href":"https:\/\/tenerife-trips.com\/fr\/wp-json\/wp\/v2\/types\/product"}],"wp:featuredmedia":[{"embeddable":true,"href":"https:\/\/tenerife-trips.com\/fr\/wp-json\/wp\/v2\/media\/638094"}],"wp:attachment":[{"href":"https:\/\/tenerife-trips.com\/fr\/wp-json\/wp\/v2\/media?parent=630242"}],"wp:term":[{"taxonomy":"product_brand","embeddable":true,"href":"https:\/\/tenerife-trips.com\/fr\/wp-json\/wp\/v2\/product_brand?post=630242"},{"taxonomy":"product_cat","embeddable":true,"href":"https:\/\/tenerife-trips.com\/fr\/wp-json\/wp\/v2\/product_cat?post=630242"},{"taxonomy":"product_tag","embeddable":true,"href":"https:\/\/tenerife-trips.com\/fr\/wp-json\/wp\/v2\/product_tag?post=630242"}],"curies":[{"name":"wp","href":"https:\/\/api.w.org\/{rel}","templated":true}]}}