{"id":53022,"date":"2019-11-27T03:19:06","date_gmt":"2019-11-27T03:19:06","guid":{"rendered":"https:\/\/tenerife-trips.com\/pagina-principale\/"},"modified":"2026-01-31T18:52:22","modified_gmt":"2026-01-31T18:52:22","slug":"escursioni-tenerife-2","status":"publish","type":"page","link":"https:\/\/tenerife-trips.com\/it\/","title":{"rendered":"Pagina principale"},"content":{"rendered":"<div class=\"wpb-content-wrapper\"><p>[vc_section][vc_row full_width=&#8221;stretch_row_content_no_spaces&#8221; content_placement=&#8221;top&#8221; css_animation=&#8221;fadeIn&#8221; css=&#8221;.vc_custom_1574822360670{background-color: #312c7a !important;}&#8221;][vc_column][vc_column_text css=&#8221;.vc_custom_1769606912669{background-color: #F6EB14 !important;background-position: center !important;background-repeat: no-repeat !important;background-size: cover !important;}&#8221; css_animation=&#8221;fadeIn&#8221;]<\/p>\n<h1 class=\"title-h2\" style=\"text-align: center;\"><span style=\"font-size: 18pt; color: #312c7a;\">ESCURSIONI TENERIFE<\/span><\/h1>\n<p>[\/vc_column_text]<div id=\"fullwidth-block-69d2809e4dc96\" class=\"fullwidth-block fullwidth-block-parallax-vertical clearfix\" data-mobile-parallax-enable=\"1\" style=\"color: #ffffff;background-color: #312c7a;\"><script type=\"text\/javascript\">if (typeof(gem_fix_fullwidth_position) == \"function\") { gem_fix_fullwidth_position(document.getElementById(\"fullwidth-block-69d2809e4dc96\")); }<\/script><div class=\"fullwidth-block-inner\">[vc_row_inner][vc_column_inner width=&#8221;1\/3&#8243; thegem_content_alignment=&#8221;center&#8221;][vc_single_image image=&#8221;53056&#8243; img_size=&#8221;full&#8221; alignment=&#8221;center&#8221; onclick=&#8221;custom_link&#8221; css=&#8221;&#8221; link=&#8221;https:\/\/tenerife-trips.com\/it\/sport-acquatici-tenerife\/&#8221;][\/vc_column_inner][vc_column_inner width=&#8221;1\/3&#8243;][vc_single_image image=&#8221;380381&#8243; img_size=&#8221;full&#8221; alignment=&#8221;center&#8221; onclick=&#8221;custom_link&#8221; css=&#8221;&#8221; link=&#8221;https:\/\/tenerife-trips.com\/it\/sport-daria-tenerife\/&#8221;][\/vc_column_inner][vc_column_inner width=&#8221;1\/3&#8243;][vc_single_image image=&#8221;53080&#8243; img_size=&#8221;full&#8221; alignment=&#8221;center&#8221; onclick=&#8221;custom_link&#8221; css=&#8221;&#8221; link=&#8221;https:\/\/tenerife-trips.com\/it\/escursioni-in-barca-tenerife\/&#8221;][\/vc_column_inner][\/vc_row_inner][vc_row_inner][vc_column_inner width=&#8221;1\/3&#8243;][vc_single_image image=&#8221;53074&#8243; img_size=&#8221;full&#8221; alignment=&#8221;center&#8221; onclick=&#8221;custom_link&#8221; css=&#8221;&#8221; link=&#8221;https:\/\/tenerife-trips.com\/it\/escursioni-da-fare-a-tenerife\/&#8221;][\/vc_column_inner][vc_column_inner width=&#8221;1\/3&#8243;][vc_single_image image=&#8221;690354&#8243; img_size=&#8221;270&#215;270&#8243; alignment=&#8221;center&#8221; css=&#8221;.vc_custom_1749499161596{border-top-width: 20px !important;border-bottom-width: 20px !important;border-radius: 2px !important;border-color: #EEEE22 !important;}&#8221;][\/vc_column_inner][vc_column_inner width=&#8221;1\/3&#8243;][vc_single_image image=&#8221;75423&#8243; img_size=&#8221;full&#8221; alignment=&#8221;center&#8221; onclick=&#8221;custom_link&#8221; css=&#8221;&#8221; link=&#8221;https:\/\/tenerife-trips.com\/it\/avventure-terrestri-a-tenerife\/&#8221;][\/vc_column_inner][\/vc_row_inner][vc_row_inner][vc_column_inner width=&#8221;1\/3&#8243;][vc_single_image image=&#8221;53062&#8243; img_size=&#8221;full&#8221; alignment=&#8221;center&#8221; onclick=&#8221;custom_link&#8221; css=&#8221;&#8221; link=&#8221;https:\/\/tenerife-trips.com\/it\/attivita-allaperto-a-tenerife\/&#8221;][\/vc_column_inner][vc_column_inner width=&#8221;1\/3&#8243;][vc_single_image image=&#8221;418418&#8243; img_size=&#8221;full&#8221; alignment=&#8221;center&#8221; onclick=&#8221;custom_link&#8221; css=&#8221;&#8221; link=&#8221;https:\/\/tenerife-trips.com\/it\/spettacoli-a-tenerife\/&#8221;][\/vc_column_inner][vc_column_inner width=&#8221;1\/3&#8243;][vc_single_image image=&#8221;115452&#8243; img_size=&#8221;full&#8221; alignment=&#8221;center&#8221; onclick=&#8221;custom_link&#8221; css=&#8221;&#8221; link=&#8221;https:\/\/tenerife-trips.com\/it\/parchi-divertimento-tenerife\/&#8221;][\/vc_column_inner][\/vc_row_inner][vc_empty_space]<\/div><\/div>[\/vc_column][\/vc_row][vc_row][vc_column][vc_column_text css=&#8221;&#8221;]<\/p>\n<h3><span style=\"font-size: 12pt;\">ESCURSIONI A TENERIFE, QUESTO \u00c8 SICURAMENTE IL NOSTRO BUSINESS!<\/span><\/h3>\n<p>Per cominciare, vogliamo presentarle la nostra agenzia come la sua guida locale quando visita Tenerife. La nostra conoscenza dell&#8217;isola e delle migliori cose da fare e dei luoghi da visitare la aiuter\u00e0 a rendere la sua vacanza indimenticabile!<\/p>\n<p>In generale, l&#8217;offerta di escursioni Tenerife \u00e8 davvero enorme. Sull&#8217;isola si possono trovare, ad esempio, luoghi incredibili per attivit\u00e0 all&#8217;aria aperta. In alternativa ci si pu\u00f2 divertire praticando qualsiasi tipo di sport acquatico o aereo come immersioni subacquee, moto d\u2019acqua o parasailing.<\/p>\n<p>Inoltre, \u00e8 possibile esplorare l&#8217;isola con visite guidate in jeep o in autobus. Dopodich\u00e9 \u00e8 possibile visitare i migliori parchi a tema come Loro Parque e Siam Park. Ancora si pu\u00f2 guidare un quad o un buggy in un safari attraverso il fantastico <a href=\"https:\/\/it.wikipedia.org\/wiki\/Parco_nazionale_del_Teide\" target=\"_blank\" rel=\"noopener\">Parco Nazionale del Teide<\/a> ed il suo paesaggio lunare. Ultimo, ma non meno importante, ci si pu\u00f2 intrattenere con spettacoli superlativi. C&#8217;\u00e8 davvero tutto qui per il suo divertimento!<\/p>\n<h3><span style=\"font-size: 12pt;\">Siamo specializzati esclusivamente nelle escursioni sull&#8217;isola di Tenerife; QUESTA \u00c8 FONDAMENTALMENTE LA PI<\/span><span style=\"font-size: 12pt;\">\u00d9 <\/span><span style=\"font-size: 12pt;\">GRANDE, PI\u00d9 POPOLATA E PI\u00d9 VISITATA DELLE ISOLE CANARIE. LA SUA VARIET\u00c0 DI PAESAGGI, MICROCLIMI, ATTIVIT\u00c0 RICREATIVE E SERVIZI TURISTICI LA RENDE SICURAMENTE UNA DELLE DESTINAZIONI PI\u00d9 POPOLARI DEL MONDO. OLTRE CINQUE MILIONI DI VISITATORI VENGONO SULL&#8217;ISOLA OGNI ANNO E FANNO MOLTE ESCURSIONI TENERIFE.<\/span><\/h3>\n<p>Ci sono alcune cose da notare che dovrebbe sapere prima di venire a Tenerife. Primo, gli alisei soffiano quasi costantemente da nord-est a sud-ovest a questa latitudine. In considerazione di ci\u00f2, non prenoti il suo alloggio nella parte orientale dell&#8217;isola a meno che non le piaccia il vento. Al contrario, la costa occidentale \u00e8 protetta da questi venti da alte montagne. Per questo motivo, le consigliamo di rimanere nella zona tra Los Cristianos e Santiago del Teide.<\/p>\n<p>In secondo luogo, nel nord di Tenerife il clima \u00e8 generalmente pi\u00f9 nuvoloso e umido. \u00c8 importante rendersi conto che se rimane l\u00ec, potrebbe non trovare esattamente le giornate di sole che sta cercando, soprattutto in inverno. Un&#8217;altra cosa da tenere a mente \u00e8 che se soggiorna nel nord, il servizio di raccolta per la maggior parte delle escursioni Tenerife non \u00e8 disponibile. In altre parole \u00e8 necessario noleggiare un&#8217;auto per arrivare a sud, il trasporto pubblico non \u00e8 una buona opzione perch\u00e9 ci sono spesso ritardi.<\/p>\n<h3><span style=\"font-size: 12pt;\">TERZO, SE ST\u00c0 PENSANDO DI FARE ESCURSIONI TENERIFE, \u00c8 MEGLIO PRENOTARLE IN ANTICIPO. LA DISPONIBILIT\u00c0 INFATTI \u00c8 LIMITATA ED \u00c8 DIFFICILE ORGANIZZARE ALL\u2019ULTIMO MINUTO. TENENDO PRESENTE QUESTO, LA INVITIAMO A CONTATTARCI PRIMA DI ARRIVARE IN MODO CHE POSSIAMO PIANIFICARE LA SUA VACANZA. VOGLIAMO CHE DURANTE LA SUA PERMANENZA SI RILASSI INVECE DI STRESSARSI PERCH\u00c8 NON CI SONO POSTI DISPONIBILI. TUTTAVIA, IN GENERALE UNA SETTIMANA DI PREAVVISO \u00c8 SUFFICIENTE PER ORGANIZZARSI. ALTRETTANTO IMPORTANTE \u00c8 CHE CI FORNISCA TUTTI I DETTAGLI NECESSARI PER LE ESCURSIONI.<\/span><\/h3>\n<p>Il clima qui \u00e8 spesso chiamato &#8220;eterna primavera&#8221; perch\u00e9 \u00e8 caratterizzato da temperature miti tutto l&#8217;anno. Ci\u00f2 \u00e8 particolarmente vero nella parte sud-occidentale dell&#8217;isola. Di conseguenza, questo bel tempo stimola molte diverse escursioni a Tenerife. Per prima cosa, si pu\u00f2 sorvolare la Costa Adeje in parapendio o in elicottero. In secondo luogo, \u00e8 possibile fare kayak con i delfini nella zona di El Palm-Mar. In terzo luogo, si pu\u00f2 osservare le balene in una gita in barca contemplando le maestose scogliere di Los Gigantes. Senza dubbio, queste sono esperienze che ricorder\u00e0 per sempre.<\/p>\n<h3><span style=\"font-size: 12pt;\">ALLORA CONSULTI LE ESCURSIONI TENERIFE, LEGGA LA DESCRIZIONE DETTAGLIATA E GUARDI IL VIDEO. IN QUESTO MODO PU\u00d2 GI\u00c0 FARSI UN\u2019IDEA DI COM\u2019\u00c8 L&#8217;ESPERIENZA PRIMA DI PRENOTARLA E CONOSCERE DETTAGLI IMPORTANTI COME PREZZO, DURATA, ECC.<\/span><\/h3>\n<p>Un altro punto chiave \u00e8 il design moderno e chiaro del nostro negozio online. Quando naviga sul sito, senza dubbio, pu\u00f2 notare la cura dei dettagli. Di certo vogliamo affermare che siamo diversi da molti altri famosi negozi online del settore e questo perch\u00e9 abbiamo una vasta conoscenza di Tenerife! Di fatto filmiamo personalmente le escursioni. Come pu\u00f2 vedere, produciamo quasi tutte le immagini ed i video che pubblichiamo. In sostanza, sul nostro sito web pu\u00f2 trovare contenuti originali ed esclusivi. Senza dubbio siamo appassionati di quello che facciamo!<\/p>\n<h3><span style=\"font-size: 12pt;\">NONOSTANTE POSSA SEMBRARE STRANO, ALCUNe DElle migliori agenzie online NON conoscono bene Tenerife perch\u00e9 organizzano escursioni in tutto il mondo. ALTRETTANTO IMPORTANTE, NON PUBBLICANO FOTO E VIDEO ORIGINALI COME NOI. Uno dei nostri punti di forza \u00e8 che ci occupiamo esclusivamente di escursioni a Tenerife. QUESTO APPARE MOLTO CHIARO NON APPENA SI APRE IL NOSTRO SITO WEB E LO SI CONFRONTA CON GLI ALTRI. DATI QUESTI PUNTI, \u00c8 IMPORTANTE TENERE CONTO DELLA DIFFERENZA DEI NOSTRI SERVIZI. SENZA DUBBIO POSSIAMO CONSIGLIARVI MEGLIO SU QUALI ESCURSIONI TENERIFE FARE.<\/span><\/h3>\n<p>Prima di tutto, l&#8217;obiettivo di questo sito web \u00e8 organizzare escursioni Tenerife ai migliori prezzi. In secondo luogo, \u00e8 dare un&#8217;idea migliore di ci\u00f2 che Tenerife pu\u00f2 offrire a chi sta programmando le proprie vacanze. In altre parole, vogliamo fornire informazioni turistiche generali e condividere la nostra conoscenza ed esperienza su questo posto meraviglioso.<\/p>\n<p>Per rendere felici i nostri clienti, lavoriamo con i migliori partner. Parte del nostro lavoro \u00e8 infatti verificare che tutti i nostri collaboratori lavorino correttamente. In particolare controlliamo documenti importanti come assicurazioni e iscrizioni presso il governo delle Canarie. Certamente questa attivit\u00e0 assicura la qualit\u00e0 delle escursioni che offriamo. Ci sono molte aziende a Tenerife che lavorano male, per non parlare di quelle illegali.<\/p>\n<h3><span style=\"font-size: 12pt;\">UN&#8217;ALTRA COSA DA PRENDERE IN CONSIDERAZIONE \u00c8 LA NOSTRA <a href=\"https:\/\/www.tenerife-trips.com\/termini-e-condizioni\/?lang=it\" target=\"_blank\" rel=\"noopener\">POLITICA DI CANCELLAZIONE<\/a>. VOGLIAMO CHE CI CONTATTI PRIMA DI PRENOTARE IN QUALSIASI CASO. NONOSTANTE LA BUONA QUALIT\u00c0 DEL NOSTRO SITO, \u00c8 IMPOSSIBILE AVERE UNA DISPONIBILIT\u00c0 AGGIORNATA ONLINE.<\/span><\/h3>\n<p>Preferiamo essere contattati tramite il nostro servizio di supporto di chat dal vivo o su WhatsApp perch\u00e9 \u00e8 il modo pi\u00f9 semplice e veloce. Non riceviamo telefonate perch\u00e9 vogliamo che la nostra comunicazione sia scritta e chiara sia per lei che per noi. Se prova a contattarci a tarda notte le risponderemo il giorno successivo. Sebbene il nostro ufficio sia piuttosto occupato, faremo del nostro meglio per risponderle in poco tempo. Generalmente rispondiamo entro qualche ora, quindi non si stressi, cercheremo di essere il pi\u00f9 veloci possibile. Saremo felici di risponderle durante tutto l&#8217;anno, quindi si metta subito in contatto con noi.<\/p>\n<p>Infine, vogliamo che sappia che ci\u00f2 che ci distingue dalle altre imprese \u00e8 il servizio clienti che offriamo. Abbiamo davvero ottime recensioni dai nostri clienti. Ci\u00f2 \u00e8 dovuto al fatto che ogni volta che si verifica un problema, facciamo del nostro meglio per risolverlo. Crediamo che a lungo termine avere clienti soddisfatti ci far\u00e0 avere successo. Oltre ad organizzare l\u2019escursione, offriamo un ottimo servizio post vendita. In generale, una volta completata l&#8217;esperienza, controlliamo la sua opinione a riguardo.<\/p>\n<h3><span style=\"font-size: 12pt;\">IN CONCLUSIONE, PRENOTI CON NOI LE SUE ESCURSIONI TENERIFE E APPROFITTI DEI MIGLIORI SCONTI ONLINE!<\/span><\/h3>\n<p>[\/vc_column_text][vc_empty_space][\/vc_column][\/vc_row][\/vc_section]<\/p>\n<\/div>","protected":false},"excerpt":{"rendered":"<p>[vc_section][vc_row full_width=&#8221;stretch_row_content_no_spaces&#8221; content_placement=&#8221;top&#8221; css_animation=&#8221;fadeIn&#8221; css=&#8221;.vc_custom_1574822360670{background-color: #312c7a !important;}&#8221;][vc_column][vc_column_text css=&#8221;.vc_custom_1769606912669{background-color: #F6EB14 !important;background-position: center !important;background-repeat: no-repeat !important;background-size: cover !important;}&#8221; css_animation=&#8221;fadeIn&#8221;] ESCURSIONI TENERIFE [\/vc_column_text][\/vc_column][\/vc_row][vc_row][vc_column][vc_column_text&#8230;<\/p>\n","protected":false},"author":2,"featured_media":60388,"parent":0,"menu_order":0,"comment_status":"closed","ping_status":"closed","template":"","meta":{"_acf_changed":false,"_seopress_robots_primary_cat":"","_seopress_titles_title":"Escursioni Tenerife, organizza la tua vacanza con Tenerife Trips","_seopress_titles_desc":"Tenerife Trips \u00e8 un'agenzia italiana che organizza tutte le migliore escursioni a Tenerife, visiti ora la nostra pagina","_seopress_robots_index":"","footnotes":""},"class_list":["post-53022","page","type-page","status-publish","has-post-thumbnail"],"acf":[],"_links":{"self":[{"href":"https:\/\/tenerife-trips.com\/it\/wp-json\/wp\/v2\/pages\/53022","targetHints":{"allow":["GET"]}}],"collection":[{"href":"https:\/\/tenerife-trips.com\/it\/wp-json\/wp\/v2\/pages"}],"about":[{"href":"https:\/\/tenerife-trips.com\/it\/wp-json\/wp\/v2\/types\/page"}],"author":[{"embeddable":true,"href":"https:\/\/tenerife-trips.com\/it\/wp-json\/wp\/v2\/users\/2"}],"replies":[{"embeddable":true,"href":"https:\/\/tenerife-trips.com\/it\/wp-json\/wp\/v2\/comments?post=53022"}],"version-history":[{"count":0,"href":"https:\/\/tenerife-trips.com\/it\/wp-json\/wp\/v2\/pages\/53022\/revisions"}],"wp:featuredmedia":[{"embeddable":true,"href":"https:\/\/tenerife-trips.com\/it\/wp-json\/wp\/v2\/media\/60388"}],"wp:attachment":[{"href":"https:\/\/tenerife-trips.com\/it\/wp-json\/wp\/v2\/media?parent=53022"}],"curies":[{"name":"wp","href":"https:\/\/api.w.org\/{rel}","templated":true}]}}