{"id":59592,"date":"2019-11-27T18:51:48","date_gmt":"2019-11-27T18:51:48","guid":{"rendered":"https:\/\/tenerife-trips.com\/?page_id=59592"},"modified":"2025-06-10T20:55:49","modified_gmt":"2025-06-10T19:55:49","slug":"chi-siamo-tenerife-trips","status":"publish","type":"page","link":"https:\/\/tenerife-trips.com\/it\/chi-siamo-tenerife-trips\/","title":{"rendered":"Chi siamo"},"content":{"rendered":"<div class=\"wpb-content-wrapper\"><p>[vc_section][vc_row full_width=&#8221;stretch_row_content_no_spaces&#8221;][vc_column][vc_column_text css=&#8221;.vc_custom_1743408483433{background-color: #F6EB14 !important;background-position: center !important;background-repeat: no-repeat !important;background-size: cover !important;}&#8221; css_animation=&#8221;fadeIn&#8221;]<\/p>\n<h1 class=\"title-h2\" style=\"text-align: center;\"><span style=\"font-size: 18pt; color: #312c7a;\">MANAGEMENT<\/span><\/h1>\n<p>[\/vc_column_text][\/vc_column][\/vc_row][vc_row][vc_column][vc_column_text]<\/p>\n<p style=\"text-align: center;\">TENERIFE TRIPS \u00e8 una agenzia online che organizza escursioni a Tenerife. Offriamo tutti i tipi di attivit\u00e0 come tour terrestri, sport acquatici e aerei, gite in barca, spettacoli, parchi a tema e molto altro! Dia un&#8217;occhiata alle nostre offerte giornaliere e approfitti dei migliori sconti online!<\/p>\n<p>[\/vc_column_text][vc_empty_space height=&#8221;47px&#8221;][\/vc_column][\/vc_row][vc_row full_width=&#8221;stretch_row_content&#8221; css=&#8221;.vc_custom_1577587267150{background-color: #312c7a !important;background-position: center !important;background-repeat: no-repeat !important;background-size: cover !important;}&#8221;][vc_column width=&#8221;1\/2&#8243;][vc_single_image image=&#8221;42971&#8243; img_size=&#8221;full&#8221; alignment=&#8221;center&#8221; css=&#8221;&#8221;][\/vc_column][vc_column width=&#8221;1\/2&#8243;][vc_column_text]<span style=\"color: #ffffff; font-family: arial, helvetica, sans-serif;\"><strong>Emanuele<\/strong><\/span><\/p>\n<p><span style=\"color: #ffffff; font-family: arial, helvetica, sans-serif;\"><strong>Tenerife Trips General Manager<\/strong><\/span><\/p>\n<p><span style=\"color: #ffffff;\">Sono nato in Italia nel 1983; mi sono laureato in sociologia nel 2009 all&#8217;Universit\u00e0 di Bologna. Ho vissuto in diversi paesi trai quali Inghilterra, Germania, Australia, Stati Uniti e dal 2015 a Tenerife, in Spagna. Mentre ero all&#8217;estero ho studiato lingue, parlo fluentemente inglese, tedesco, spagnolo e ovviamente italiano madrelingua; al momento sto seguendo un corso di francese. Durante la mia carriera ho acquisito esperienza lavorativa principalmente nelle vendite e nel servizio clienti e dal 2015 mi dedico all&#8217;organizzazione di escursioni a Tenerife. Nell&#8217;agosto 2017 ho avuto la possibilit\u00e0 di aprire un&#8217;attivit\u00e0 in proprio ed \u00e8 cosi nato &#8220;Tenerife Trips&#8221;. Lo scopo del mio lavoro \u00e8 organizzare le vostre vacanze e renderle memorabili, condividendo con voi la mia esperienza e conoscenza dell&#8217;isola.<\/span><\/p>\n<p style=\"text-align: center;\"><span style=\"font-family: arial, helvetica, sans-serif; color: #ffffff;\"><strong>LINGUE PARLATE:<\/strong><\/span><\/p>\n<p style=\"text-align: center;\"><span style=\"color: #ffffff; font-family: arial, helvetica, sans-serif;\">SPAGNOLO &#8211; INGLESE &#8211; TEDESCO &#8211; ITALIANO <img alt=\"\" class=\"size-full wp-image-316154 aligncenter\" src=\"https:\/\/www.tenerife-trips.com\/wp-content\/uploads\/2021\/12\/flags.png\" alt=\"\" width=\"222\" height=\"75\" \/><\/span><\/p>\n<h6><\/h6>\n<p>[\/vc_column_text][\/vc_column][\/vc_row][vc_row][vc_column][vc_empty_space][vc_column_text css=&#8221;&#8221;]<\/p>\n<h4 style=\"text-align: center;\"><span style=\"text-decoration: underline; color: #312c7a;\"><span style=\"font-size: 14pt;\">SITI WEB RACCOMANDATI:<\/span><\/span><\/h4>\n<p>[\/vc_column_text]<div class=\"gem-list\" ><ul>\n<li style=\"text-align: center;\"><a href=\"https:\/\/www.go-etna.com\/\" target=\"_blank\" rel=\"noopener noreferrer\">www.go-etna.com<\/a> (escursioni in Sicilia)<\/li>\n<li style=\"text-align: center;\"><a href=\"https:\/\/housesaleitaly.com\" target=\"_blank\" rel=\"noopener\">www.housesaleitaly.com<\/a> (agenzia immobiliare in Liguria)<\/li>\n<\/ul>\n<\/div>[vc_empty_space][\/vc_column][\/vc_row][\/vc_section]<\/p>\n<\/div>","protected":false},"excerpt":{"rendered":"<p>[vc_section][vc_row full_width=&#8221;stretch_row_content_no_spaces&#8221;][vc_column][vc_column_text css=&#8221;.vc_custom_1743408483433{background-color: #F6EB14 !important;background-position: center !important;background-repeat: no-repeat !important;background-size: cover !important;}&#8221; css_animation=&#8221;fadeIn&#8221;] MANAGEMENT [\/vc_column_text][\/vc_column][\/vc_row][vc_row][vc_column][vc_column_text] TENERIFE TRIPS \u00e8 una agenzia online&#8230;<\/p>\n","protected":false},"author":2,"featured_media":0,"parent":0,"menu_order":0,"comment_status":"closed","ping_status":"closed","template":"","meta":{"_acf_changed":false,"_seopress_robots_primary_cat":"0","_seopress_titles_title":"Chi siamo, presentazione del management di Tenerife Trips","_seopress_titles_desc":"Chi siamo, in questa pagina potete leggere ed informarvi sulle persone che dirigono l&#039;impresa. Le nostre esperienze e propositi lavorativi.","_seopress_robots_index":"","footnotes":""},"class_list":["post-59592","page","type-page","status-publish"],"acf":[],"_links":{"self":[{"href":"https:\/\/tenerife-trips.com\/it\/wp-json\/wp\/v2\/pages\/59592","targetHints":{"allow":["GET"]}}],"collection":[{"href":"https:\/\/tenerife-trips.com\/it\/wp-json\/wp\/v2\/pages"}],"about":[{"href":"https:\/\/tenerife-trips.com\/it\/wp-json\/wp\/v2\/types\/page"}],"author":[{"embeddable":true,"href":"https:\/\/tenerife-trips.com\/it\/wp-json\/wp\/v2\/users\/2"}],"replies":[{"embeddable":true,"href":"https:\/\/tenerife-trips.com\/it\/wp-json\/wp\/v2\/comments?post=59592"}],"version-history":[{"count":0,"href":"https:\/\/tenerife-trips.com\/it\/wp-json\/wp\/v2\/pages\/59592\/revisions"}],"wp:attachment":[{"href":"https:\/\/tenerife-trips.com\/it\/wp-json\/wp\/v2\/media?parent=59592"}],"curies":[{"name":"wp","href":"https:\/\/api.w.org\/{rel}","templated":true}]}}