{"id":74742,"date":"2018-05-10T00:05:25","date_gmt":"2018-05-09T23:05:25","guid":{"rendered":"https:\/\/tenerife-trips.com\/?page_id=74742"},"modified":"2025-11-20T12:47:18","modified_gmt":"2025-11-20T12:47:18","slug":"informativa-sulla-privacy","status":"publish","type":"page","link":"https:\/\/tenerife-trips.com\/it\/informativa-sulla-privacy\/","title":{"rendered":"Informativa sulla Privacy"},"content":{"rendered":"<div class=\"wpb-content-wrapper\"><p>[vc_row full_width=&#8221;stretch_row_content_no_spaces&#8221; css=&#8221;.vc_custom_1588961501765{background-color: #f6eb14 !important;}&#8221;][vc_column][vc_column_text]<\/p>\n<h2 style=\"text-align: center;\"><span style=\"font-size: 18pt;\"><strong>INFORMATIVA SULLA PRIVACY<\/strong><\/span><\/h2>\n<p>[\/vc_column_text][\/vc_column][\/vc_row][vc_row][vc_column][vc_column_text css=&#8221;&#8221; css_animation=&#8221;fadeIn&#8221;]Ai sensi della legge spagnola Ley Org\u00e1nica 3\/2018 e dell&#8217;articolo 13 del Regolamento UE 2016\/679 le forniamo le seguenti informazioni:<\/p>\n<p>&nbsp;<\/p>\n<p><span style=\"text-decoration: underline;\"><strong>INFORMAZIONI DI BASE SULLA PROTEZIONE DEI DATI<\/strong><\/span><\/p>\n<table style=\"width: 54.5465%;\">\n<tbody>\n<tr>\n<td style=\"width: 21.039%;\" width=\"111\"><strong>Responsabile<\/strong><\/td>\n<td style=\"width: 77.7133%;\" width=\"439\"><strong>POEMA SOLUTIONS S.L.<\/strong><\/td>\n<\/tr>\n<tr>\n<td style=\"width: 21.039%;\" width=\"111\"><strong>Scopo<\/strong><\/td>\n<td style=\"width: 77.7133%;\" width=\"439\">\u00a0\u00b7 Rispondere alle richieste di informazioni effettuate tramite il\u00a0 \u00a0 \u00a0web o qualsiasi altro mezzo di contatto.<\/p>\n<p>\u00b7 Gestire i servizi contrattati tramite il nostro negozio online.<\/td>\n<\/tr>\n<tr>\n<td style=\"width: 21.039%;\" width=\"111\"><strong>Legittimazione<\/strong><\/td>\n<td style=\"width: 77.7133%;\" width=\"439\">\u00a0\u00b7 Consenso dell&#8217;interessato.<\/p>\n<p>\u00b7 Instaurazione del rapporto precontrattuale \/ contrattuale.<\/td>\n<\/tr>\n<tr>\n<td style=\"width: 21.039%;\" width=\"111\"><strong>Destinatari<\/strong><\/td>\n<td style=\"width: 77.7133%;\" width=\"439\">\u00a0Nessun dato verr\u00e0 ceduto a terzi se non per obbligo di legge o\u00a0 \u00a0nel caso in cui sia necessario per soddisfare la sua richiesta.<\/td>\n<\/tr>\n<tr>\n<td style=\"width: 21.039%;\" width=\"111\"><strong>Diritti<\/strong><\/td>\n<td style=\"width: 77.7133%;\" width=\"439\">\u00a0\u00c8 possibile esercitare i diritti di accesso, rettifica, cancellazione\u00a0 \u00a0e opposizione, limitazione del trattamento, portabilit\u00e0 dei dati.<\/td>\n<\/tr>\n<\/tbody>\n<\/table>\n<p><strong>\u00a0<\/strong><\/p>\n<p><strong><u>CHI TRATTER\u00c0 I SUOI DATI?<\/u><\/strong><\/p>\n<p>Il responsabile del trattamento dei suoi dati \u00e8<\/p>\n<p><span style=\"text-decoration: underline;\">Nome<\/span>: POEMA SOLUTIONS S.L.<\/p>\n<p><span style=\"text-decoration: underline;\">Partita IVA e codice fiscale<\/span>: B24751083<\/p>\n<p><span style=\"text-decoration: underline;\">Nome commerciale<\/span>: TENERIFE TRIPS<\/p>\n<p><span style=\"text-decoration: underline;\">Indirizzo<\/span>: Calle Lagunas de Ruidera 749, Orihuela Costa, 03189, Spagna<\/p>\n<p>Altri dettagli di contatto:<\/p>\n<p><span style=\"text-decoration: underline;\">E-mail<\/span>: <a href=\"mailto:emanuele@tenerife-trips.com\" target=\"_blank\" rel=\"noopener\"><span style=\"text-decoration: underline;\">copi questo collegamento ipertestuale e lo incolli per vedere il nostro indirizzo e-mail<\/span><\/a><\/p>\n<p><span style=\"text-decoration: underline;\">Numero di telefono<\/span>: +34 689 210 678<\/p>\n<p>&nbsp;<\/p>\n<p><strong><u>QUAL \u00c8 LO SCOPO DEL TRATTAMENTO E LA BASE GIURIDICA DELLO STESSO?<\/u><\/strong><\/p>\n<p>In Tenerife-Trips trattiamo le informazioni fornite dalle persone interessate al fine di gestire le loro richieste di informazioni e gestire il processo di vendita dei servizi che si possono acquistare nel nostro negozio online.<\/p>\n<p>La base giuridica per il trattamento dei suoi dati \u00e8 il consenso che fornisce attraverso l&#8217;accettazione dei consensi forniti sul nostro sito web, in conformit\u00e0 con la politica sulla privacy di Tenerife-Trips.<\/p>\n<p>Ricordi che quando le chiediamo di inserire i suoi dati personali per darle accesso a qualsiasi funzionalit\u00e0 o servizio nei nostri moduli, contrassegneremo alcuni campi come obbligatori, poich\u00e9 sono dati di cui abbiamo bisogno per poter fornire il servizio o darle accesso alla funzionalit\u00e0 in questione. Tenga presente che se decide di non fornirci queste informazioni, potrebbe non essere in grado di completare la registrazione come utente o potrebbe non essere in grado di usufruire dei servizi.<\/p>\n<p>In caso di richieste che ci pervengono attraverso mezzi diversi dai nostri moduli di contatto web, la base giuridica del trattamento dei suoi dati in questo caso \u00e8 l&#8217;instaurazione del rapporto precontrattuale-contrattuale. Questo significa che gestiremo i suoi dati per soddisfare le sue richieste di informazioni e \/ o servizi.<\/p>\n<p>I dati forniti dagli utenti verranno utilizzati per studi statistici e analisi del profilo al fine di fornire un servizio migliore attraverso il nostro sito web, per il quale verr\u00e0 utilizzata l&#8217;applicazione Google Analytics.<\/p>\n<p>Per maggiori informazioni consulti la nostra <a href=\"https:\/\/tenerife-trips.com\/it\/cookie-policy-eu\/?lang=it\" target=\"_blank\" rel=\"noopener\">Politica dei Cookie<\/a>.<\/p>\n<p>&nbsp;<\/p>\n<p><strong><u>DOVE SONO MEMORIZZATE LE SUE INFORMAZIONI?<\/u><\/strong><\/p>\n<p>Hostinger International Ltd., Cyprus private limited company, 61 Lordou Vironos str., 6023 Larnaca, Cyprus, https:\/\/www.hostinger.com<\/p>\n<p>&nbsp;<\/p>\n<p><strong><u>A CHI SARANNO TRASFERITI I SUOI DATI?<\/u><\/strong><\/p>\n<p>Per adempiere alle finalit\u00e0 indicate nella presente Informativa sulla Privacy, \u00e8 necessario che diamo accesso ai suoi dati personali alle seguenti entit\u00e0 che ci forniscono supporto nei servizi che le offriamo:<\/p>\n<p>Entit\u00e0 finanziarie. Gestire il pagamento dei servizi appaltati.<\/p>\n<p>Fornitori di servizi tecnologici. Hosting e manutenzione del web.<\/p>\n<p>Oltre a quelli indicati, nessun dato sar\u00e0 ceduto a terzi se non per obbligo di legge, o nel caso in cui sia necessario per gli adempimenti direttamente connessi alle funzioni derivate dal servizio.<\/p>\n<p>&nbsp;<\/p>\n<p><strong><u>PER QUANTO TEMPO CONSERVEREMO I SUOI DATI?<\/u><\/strong><\/p>\n<p>I dati personali forniti saranno conservati per tutto il tempo in cui sar\u00e0 mantenuto il rapporto con questa societ\u00e0, e la sua cancellazione non sar\u00e0 richiesta dall&#8217;interessato.<\/p>\n<p>&nbsp;<\/p>\n<p><strong><u>QUALI SONO I SUOI DIRITTI QUANDO CI FORNISCE I SUOI DATI? E DOVE PU\u00d2 ESERCITARE I SUOI DIRITTI?<\/u><\/strong><\/p>\n<p>Chiunque ha il diritto di ottenere conferma sul fatto che stiamo trattando dati personali che lo riguardano o meno a Tenerife-Trips. Le persone interessate hanno il diritto di accedere ai propri dati personali, nonch\u00e9 di richiedere la rettifica di dati inesatti o chiederne la cancellazione quando, tra gli altri motivi, i dati non sono pi\u00f9 necessari per le finalit\u00e0 per le quali sono stati raccolti. In determinate circostanze, gli interessati possono richiedere la limitazione del trattamento dei propri dati, nel qual caso li conserveremo solo per l&#8217;esercizio o la difesa di reclami.<\/p>\n<p>In determinate circostanze e per motivi legati alla loro situazione particolare, gli interessati possono opporsi al trattamento dei propri dati e Tenerife-Trips interromper\u00e0 il trattamento dei dati, salvo per motivi legittimi impellenti, o per l&#8217;esercizio o la difesa di eventuali reclami. Per esercitare i suoi diritti deve inviare una comunicazione unitamente al suo documento di identit\u00e0 a:<\/p>\n<p><a href=\"mailto:emanuele@tenerife-trips.com\" target=\"_blank\" rel=\"noopener\"><span style=\"text-decoration: underline;\">copi questo collegamento ipertestuale e lo incolli per vedere il nostro indirizzo e-mail<\/span><\/a><\/p>\n<p>L&#8217;utente pu\u00f2 revocare in qualsiasi momento il consenso prestato al seguente indirizzo di posta elettronica: <a href=\"mailto:emanuele@tenerife-trips.com\" target=\"_blank\" rel=\"noopener\"><span style=\"text-decoration: underline;\">copi questo collegamento ipertestuale e lo incolli per vedere il nostro indirizzo e-mail<\/span><\/a><\/p>\n<p>Si informa inoltre che si ha diritto di presentare un reclamo alla autorit\u00e0 di controllo <a href=\"https:\/\/www.aepd.es\" target=\"_blank\" rel=\"noopener\">Agencia Espa\u00f1ola de Protecci\u00f3n de Datos (AEPD)<\/a>.[\/vc_column_text][\/vc_column][\/vc_row]<\/p>\n<\/div>","protected":false},"excerpt":{"rendered":"<p>[vc_row full_width=&#8221;stretch_row_content_no_spaces&#8221; css=&#8221;.vc_custom_1588961501765{background-color: #f6eb14 !important;}&#8221;][vc_column][vc_column_text] INFORMATIVA SULLA PRIVACY [\/vc_column_text][\/vc_column][\/vc_row][vc_row][vc_column][vc_column_text css=&#8221;&#8221; css_animation=&#8221;fadeIn&#8221;]Ai sensi della legge spagnola Ley Org\u00e1nica 3\/2018 e dell&#8217;articolo&#8230;<\/p>\n","protected":false},"author":2,"featured_media":0,"parent":0,"menu_order":0,"comment_status":"closed","ping_status":"closed","template":"","meta":{"_acf_changed":false,"_seopress_robots_primary_cat":"0","_seopress_titles_title":"","_seopress_titles_desc":"","_seopress_robots_index":"","footnotes":""},"class_list":["post-74742","page","type-page","status-publish"],"acf":[],"_links":{"self":[{"href":"https:\/\/tenerife-trips.com\/it\/wp-json\/wp\/v2\/pages\/74742","targetHints":{"allow":["GET"]}}],"collection":[{"href":"https:\/\/tenerife-trips.com\/it\/wp-json\/wp\/v2\/pages"}],"about":[{"href":"https:\/\/tenerife-trips.com\/it\/wp-json\/wp\/v2\/types\/page"}],"author":[{"embeddable":true,"href":"https:\/\/tenerife-trips.com\/it\/wp-json\/wp\/v2\/users\/2"}],"replies":[{"embeddable":true,"href":"https:\/\/tenerife-trips.com\/it\/wp-json\/wp\/v2\/comments?post=74742"}],"version-history":[{"count":0,"href":"https:\/\/tenerife-trips.com\/it\/wp-json\/wp\/v2\/pages\/74742\/revisions"}],"wp:attachment":[{"href":"https:\/\/tenerife-trips.com\/it\/wp-json\/wp\/v2\/media?parent=74742"}],"curies":[{"name":"wp","href":"https:\/\/api.w.org\/{rel}","templated":true}]}}