{"id":74823,"date":"2020-08-27T16:21:28","date_gmt":"2020-08-27T15:21:28","guid":{"rendered":"https:\/\/tenerife-trips.com\/?page_id=74823"},"modified":"2025-11-20T12:49:52","modified_gmt":"2025-11-20T12:49:52","slug":"avviso-legale","status":"publish","type":"page","link":"https:\/\/tenerife-trips.com\/it\/avviso-legale\/","title":{"rendered":"Avviso Legale"},"content":{"rendered":"<div class=\"wpb-content-wrapper\"><p>[vc_row full_width=&#8221;stretch_row_content_no_spaces&#8221; css=&#8221;.vc_custom_1588961501765{background-color: #f6eb14 !important;}&#8221;][vc_column][vc_column_text]<\/p>\n<h2 style=\"text-align: center;\"><span style=\"font-size: 18pt;\"><strong>avviso legale<\/strong><\/span><\/h2>\n<p>[\/vc_column_text][\/vc_column][\/vc_row][vc_row][vc_column][vc_column_text css=&#8221;&#8221; css_animation=&#8221;fadeIn&#8221;]<span style=\"font-size: 18pt;\"><strong><u>OGGETTO<\/u><\/strong><\/span><\/p>\n<p>Le presenti condizioni legali sono stabilite da Tenerife-Trips al fine di determinare i criteri e le condizioni di utilizzo del sito web www.tenerife-trips.com.<\/p>\n<p><strong>Dati del proprietario:<\/strong><\/p>\n<p>Ai sensi della legge spagnola Ley Org\u00e1nica 3\/2018 e dell&#8217;articolo 13 del Regolamento UE 2016\/679 Tenerife-Trips rende disponibili i dati del proprietario di questo sito web.<\/p>\n<p><strong>Identificazione e contatto:<\/strong><\/p>\n<p><span style=\"text-decoration: underline;\">Nome<\/span>: POEMA SOLUTIONS S.L.<\/p>\n<p><span style=\"text-decoration: underline;\">Partita IVA e codice fiscale<\/span>: B24751083<\/p>\n<p><span style=\"text-decoration: underline;\">Nome commerciale<\/span>: TENERIFE TRIPS<\/p>\n<p><span style=\"text-decoration: underline;\">Indirizzo<\/span>: Calle Lagunas de Ruidera 749, Orihuela Costa, 03189, Spagna<\/p>\n<p><strong>Altri dettagli di contatto:<\/strong><\/p>\n<p><span style=\"text-decoration: underline;\">E-mail<\/span>: <a href=\"mailto:emanuele@tenerife-trips.com\" target=\"_blank\" rel=\"noopener\"><span style=\"text-decoration: underline;\">copi questo collegamento ipertestuale e lo incolli per vedere il nostro indirizzo e-mail<\/span><\/a><\/p>\n<p><span style=\"text-decoration: underline;\">Numero di telefono<\/span>: +34 689 210 678<\/p>\n<p>Durante la navigazione in questo sito il navigatore acquisisce lo stato di utente; l&#8217;utente accetta le condizioni d&#8217;uso proposte, Tenerife-Trips si riserva il diritto di modificare le sue condizioni legali in qualsiasi momento, nonch\u00e9 di apportare qualsiasi miglioramento tecnico o visivo che ritenga appropriato; se le modifiche interessano la privacy degli utenti, saranno avvisati in anticipo dell&#8217;entrata in vigore delle modifiche.<\/p>\n<p>In conformit\u00e0 con la legge spagnola Ley Org\u00e1nica 3\/2018 e con il Regolamento UE 2016\/679 per poter rispondere alle domande dell&#8217;utente devono essere compilati i campi obbligatori. Nessun dato sar\u00e0 ceduto a terzi se non per obbligo di legge o nel caso in cui sia necessario per soddisfare la richiesta dell&#8217;utente, il quale \u00e8 tenuto a comunicare eventuali variazioni e modifiche ai suoi dati. L&#8217;utente pu\u00f2 esercitare i propri diritti di accesso, rettifica, cancellazione, limitazione, opposizione e portabilit\u00e0 dei dati scrivendo al seguente indirizzo:<\/p>\n<p><a href=\"mailto:emanuele@tenerife-trips.com\" target=\"_blank\" rel=\"noopener\"><span style=\"text-decoration: underline;\">copi questo collegamento ipertestuale e lo incolli per vedere il nostro indirizzo e-mail<\/span><\/a><\/p>\n<p>&nbsp;<\/p>\n<p><span style=\"font-size: 18pt;\"><strong><u>POLITICA DEI COLLEGAMENTI<\/u><\/strong><\/span><\/p>\n<p>Su questo sito sono stati stabiliti collegamenti a pagine di terze parti al fine di fornire agli utenti l&#8217;accesso a diversi social network e piattaforme internet; Tenerife-Trips non \u00e8 responsabile del contenuto, delle offerte, dei prodotti o dei servizi che possono essere trovati attraverso tali collegamenti.<\/p>\n<p>&nbsp;<\/p>\n<p><span style=\"font-size: 18pt;\"><strong><u>LEGISLAZIONE APPLICABILE<\/u><\/strong><\/span><\/p>\n<p>Per quanto riguarda Tenerife-Trips, l&#8217;utente sar\u00e0 gestito secondo le normative nazionali vigenti e qualsiasi controversia sar\u00e0 risolta attraverso il Tribunale di Alicante.[\/vc_column_text][\/vc_column][\/vc_row]<\/p>\n<\/div>","protected":false},"excerpt":{"rendered":"<p>[vc_row full_width=&#8221;stretch_row_content_no_spaces&#8221; css=&#8221;.vc_custom_1588961501765{background-color: #f6eb14 !important;}&#8221;][vc_column][vc_column_text] avviso legale [\/vc_column_text][\/vc_column][\/vc_row][vc_row][vc_column][vc_column_text css=&#8221;&#8221; css_animation=&#8221;fadeIn&#8221;]OGGETTO Le presenti condizioni legali sono stabilite da Tenerife-Trips al fine&#8230;<\/p>\n","protected":false},"author":2,"featured_media":0,"parent":0,"menu_order":0,"comment_status":"closed","ping_status":"closed","template":"","meta":{"_acf_changed":false,"_seopress_robots_primary_cat":"0","_seopress_titles_title":"","_seopress_titles_desc":"","_seopress_robots_index":"","footnotes":""},"class_list":["post-74823","page","type-page","status-publish"],"acf":[],"_links":{"self":[{"href":"https:\/\/tenerife-trips.com\/it\/wp-json\/wp\/v2\/pages\/74823","targetHints":{"allow":["GET"]}}],"collection":[{"href":"https:\/\/tenerife-trips.com\/it\/wp-json\/wp\/v2\/pages"}],"about":[{"href":"https:\/\/tenerife-trips.com\/it\/wp-json\/wp\/v2\/types\/page"}],"author":[{"embeddable":true,"href":"https:\/\/tenerife-trips.com\/it\/wp-json\/wp\/v2\/users\/2"}],"replies":[{"embeddable":true,"href":"https:\/\/tenerife-trips.com\/it\/wp-json\/wp\/v2\/comments?post=74823"}],"version-history":[{"count":0,"href":"https:\/\/tenerife-trips.com\/it\/wp-json\/wp\/v2\/pages\/74823\/revisions"}],"wp:attachment":[{"href":"https:\/\/tenerife-trips.com\/it\/wp-json\/wp\/v2\/media?parent=74823"}],"curies":[{"name":"wp","href":"https:\/\/api.w.org\/{rel}","templated":true}]}}