{"id":74840,"date":"2018-07-23T22:14:55","date_gmt":"2018-07-23T21:14:55","guid":{"rendered":"https:\/\/tenerife-trips.com\/?page_id=74840"},"modified":"2025-03-31T09:15:28","modified_gmt":"2025-03-31T08:15:28","slug":"informazioni-turistiche","status":"publish","type":"page","link":"https:\/\/tenerife-trips.com\/it\/informazioni-turistiche\/","title":{"rendered":"Informazioni Turistiche"},"content":{"rendered":"<div class=\"wpb-content-wrapper\"><p>[vc_row full_width=&#8221;stretch_row_content_no_spaces&#8221;][vc_column][vc_column_text css=&#8221;.vc_custom_1743408908823{background-color: #F6EB14 !important;background-position: center !important;background-repeat: no-repeat !important;background-size: cover !important;}&#8221; css_animation=&#8221;fadeIn&#8221;]<\/p>\n<h1 class=\"title-h2\" style=\"text-align: center;\"><span style=\"font-size: 18pt; color: #312c7a;\">INFORMAZIONI TURISTICHE<\/span><\/h1>\n<p>[\/vc_column_text][\/vc_column][\/vc_row][vc_row][vc_column][vc_column_text css=&#8221;.vc_custom_1588526360756{background-position: center !important;background-repeat: no-repeat !important;background-size: contain !important;}&#8221; css_animation=&#8221;fadeIn&#8221;]<\/p>\n<p style=\"text-align: center;\">Informazioni turistiche Tenerife, in questa pagina trova i nostri articoli su vari argomenti importanti; dovrebbe leggerli prima di venire sull&#8217;isola per farsi un&#8217;idea migliore del luogo e delle sue caratteristiche.<\/p>\n<h3 style=\"text-align: center;\"><span style=\"font-size: 12pt;\">Le informazioni fornite qui sono scritte da residenti, quindi sono affidabili!<\/span><\/h3>\n<p style=\"text-align: center;\">L&#8217;offerta di Tenerife, in sport, attivit\u00e0 ed escursioni da fare \u00e8 enorme; ad esempio pu\u00f2 trovare bei posti per le camminate o il ciclismo, divertirsi con gli sport acquatici o aerei come le immersioni subacquee, la moto d&#8217;acqua o il parapendio; si pu\u00f2 esplorare l&#8217;isola con visite guidate; visitare i migliori parchi a tema come Loro Parque e Siam Park; guidare un quad o un buggy in un safari attraverso il fantastico Parco Nazionale del Teide e il suo paesaggio lunare; o ancora assistere a spettacoli superlativi. Qui c&#8217;\u00e8 davvero tutto per il suo divertimento!<\/p>\n<h3 style=\"text-align: center;\"><span style=\"font-size: 12pt;\">TENERIFE \u00c8 LA PI\u00d9 GRANDE, PI\u00d9 POPOLATA E VISITATA DELLE ISOLE CANARIE; LA SUA VARIET\u00c0 DI PAESAGGI, MICROCLIMI, ATTIVIT\u00c0 RICREATIVE E SERVIZI TURISTICI LA RENDE UNA DELLE DESTINAZIONI PI\u00d9 POPOLARI IN TUTTO IL MONDO, CON PI\u00d9 DI CINQUE MILIONI DI VISITATORI OGNI ANNO.<\/span><\/h3>\n<p style=\"text-align: center;\">Il clima qui \u00e8 spesso chiamato la &#8220;primavera eterna&#8221; perch\u00e9 \u00e8 molto mite; questo \u00e8 particolarmente vero nel sud-ovest dell&#8217;isola, dove troviamo una temperatura media tra 18 e 25 gradi Celsius tutto l&#8217;anno; un tempo cos\u00ec favorevole stimola molte attivit\u00e0 ed escursioni diverse; dal sorvolare la Costa Adeje in parapendio o in elicottero al fare kayak con i delfini nella zona di El Palm-Mar; dalle camminate nella zona di <a href=\"https:\/\/www.google.com\/maps\/place\/38489+Masca,+Santa+Cruz+de+Tenerife\/@28.3044869,-16.8418518,18z\/data=!3m1!4b1!4m5!3m4!1s0xc6a8bc99a78823b:0xa0340f674cfb310!8m2!3d28.3053534!4d-16.8399144?hl=it\">Masca<\/a> alle escursioni in barca di avvistamento balene contemplando le maestose scogliere di Los Gigantes.<\/p>\n<h3 style=\"text-align: center;\"><span style=\"font-size: 12pt;\">A PARTE DELLA ORGANIZZAZIONE E VENDITA DI ESCURSIONI AI MIGLIORI PREZZI, LO SCOPO DELLA NOSTRA IMPRESA \u00c8 ANCHE DI FORNIRE INFORMAZIONI TURISTICHE TENERIFE.<\/span><\/h3>\n<p style=\"text-align: center;\">Vogliamo dare un&#8217;idea migliore di ci\u00f2 che Tenerife pu\u00f2 offrire alle persone che stanno organizzando le loro vacanze; inoltre desideriamo fornire informazioni turistiche generali, condividendo la nostra conoscenza di questo posto meraviglioso. Speriamo che le siano utili!<\/p>\n<p style=\"text-align: center;\"><strong>CONSULTI QUI LE <a href=\"https:\/\/tenerife-trips.com\/it\/cosa-fare-a-tenerife\/?lang=it\">NOSTRE ESCURSIONI<\/a> E APPROFITTI DEI MIGLIORI SCONTI ONLINE!<\/strong><\/p>\n<p>[\/vc_column_text][vc_empty_space][\/vc_column][\/vc_row][vc_row full_width=&#8221;stretch_row_content_no_spaces&#8221; css=&#8221;.vc_custom_1588517622823{background-color: #312c7a !important;background-position: center !important;background-repeat: no-repeat !important;background-size: cover !important;}&#8221;][vc_column][vc_column_text css=&#8221;.vc_custom_1588524389296{background-color: #f6eb14 !important;}&#8221;]<\/p>\n<h2 style=\"text-align: center;\"><span style=\"font-size: 18pt; color: #312c7a;\">nostri articoli<\/span><\/h2>\n<p>[\/vc_column_text][vc_empty_space][vc_masonry_grid post_type=&#8221;post&#8221; max_items=&#8221;10&#8243; element_width=&#8221;3&#8243; gap=&#8221;25&#8243; item=&#8221;masonryGrid_ScaleWithRotation&#8221; initial_loading_animation=&#8221;fadeIn&#8221; css=&#8221;.vc_custom_1588526096324{background-color: #312c7a !important;}&#8221; grid_id=&#8221;vc_gid:1743408820361-2395a7fc-a153-10&#8243; taxonomies=&#8221;59&#8243; exclude=&#8221;5032, 5029, 4842, 4834&#8243;][\/vc_column][\/vc_row]<\/p>\n<\/div>","protected":false},"excerpt":{"rendered":"<p>[vc_row full_width=&#8221;stretch_row_content_no_spaces&#8221;][vc_column][vc_column_text css=&#8221;.vc_custom_1743408908823{background-color: #F6EB14 !important;background-position: center !important;background-repeat: no-repeat !important;background-size: cover !important;}&#8221; css_animation=&#8221;fadeIn&#8221;] INFORMAZIONI TURISTICHE [\/vc_column_text][\/vc_column][\/vc_row][vc_row][vc_column][vc_column_text css=&#8221;.vc_custom_1588526360756{background-position: center !important;background-repeat: no-repeat !important;background-size:&#8230;<\/p>\n","protected":false},"author":2,"featured_media":0,"parent":0,"menu_order":0,"comment_status":"closed","ping_status":"closed","template":"","meta":{"_acf_changed":false,"_seopress_robots_primary_cat":"0","_seopress_titles_title":"","_seopress_titles_desc":"","_seopress_robots_index":"","footnotes":""},"class_list":["post-74840","page","type-page","status-publish"],"acf":[],"_links":{"self":[{"href":"https:\/\/tenerife-trips.com\/it\/wp-json\/wp\/v2\/pages\/74840","targetHints":{"allow":["GET"]}}],"collection":[{"href":"https:\/\/tenerife-trips.com\/it\/wp-json\/wp\/v2\/pages"}],"about":[{"href":"https:\/\/tenerife-trips.com\/it\/wp-json\/wp\/v2\/types\/page"}],"author":[{"embeddable":true,"href":"https:\/\/tenerife-trips.com\/it\/wp-json\/wp\/v2\/users\/2"}],"replies":[{"embeddable":true,"href":"https:\/\/tenerife-trips.com\/it\/wp-json\/wp\/v2\/comments?post=74840"}],"version-history":[{"count":0,"href":"https:\/\/tenerife-trips.com\/it\/wp-json\/wp\/v2\/pages\/74840\/revisions"}],"wp:attachment":[{"href":"https:\/\/tenerife-trips.com\/it\/wp-json\/wp\/v2\/media?parent=74840"}],"curies":[{"name":"wp","href":"https:\/\/api.w.org\/{rel}","templated":true}]}}