{"id":146289,"date":"2021-06-02T13:07:40","date_gmt":"2021-06-02T12:07:40","guid":{"rendered":"https:\/\/tenerife-trips.com\/?post_type=product&#038;p=146289"},"modified":"2025-12-02T20:11:15","modified_gmt":"2025-12-02T20:11:15","slug":"parchi-tenerife","status":"publish","type":"product","link":"https:\/\/tenerife-trips.com\/it\/product\/parchi-tematici\/parchi-tenerife\/","title":{"rendered":"JUNGLE PARK"},"content":{"rendered":"<div class=\"wpb-content-wrapper\"><p>[vc_row full_width=&#8221;stretch_row_content_no_spaces&#8221;][vc_column][vc_column_text css=&#8221;.vc_custom_1743418045077{background-color: #F6EB14 !important;background-position: center !important;background-repeat: no-repeat !important;background-size: cover !important;}&#8221; css_animation=&#8221;fadeIn&#8221;]<\/p>\n<h1 class=\"title-h2\" style=\"text-align: center;\"><span style=\"font-size: 18pt; color: #312c7a;\">JUNGLE PARK<\/span><\/h1>\n<p>[\/vc_column_text][\/vc_column][\/vc_row][vc_row][vc_column][vc_column_text]<\/p>\n<p style=\"text-align: center;\"><span style=\"font-size: 14pt;\">Il Jungle Park \u00e8 uno dei migliori parchi di Tenerife. Si trova nel sud, a soli dieci minuti di auto da <a href=\"https:\/\/www.google.com\/maps\/place\/38650+Los+Cristianos,+Santa+Cruz+de+Tenerife\/@28.0503736,-16.7274548,14z\/data=!3m1!4b1!4m5!3m4!1s0xc6a982c7e468e79:0x260340f4bc024792!8m2!3d28.0489062!4d-16.7115979\" target=\"_blank\" rel=\"noopener\">Los Cristianos<\/a>.<\/span><\/p>\n<p style=\"text-align: center;\"><span style=\"font-size: 14pt;\"><strong>\u21d3 Veda ulteriore descrizione di seguito \u21d3<\/strong><\/span><\/p>\n<p>[\/vc_column_text][vc_empty_space][\/vc_column][\/vc_row][vc_row full_width=&#8221;stretch_row_content&#8221; full_height=&#8221;yes&#8221; css=&#8221;.vc_custom_1576192123211{background-color: #312c7a !important;background-position: center !important;background-repeat: no-repeat !important;background-size: cover !important;}&#8221;][vc_column]<div class=\"gem-vimeo gem-wrapbox gem-wrapbox-style-no-style rounded-corners gem-wrapbox-position-below\" style=\"width: 100%;\"><div class=\"gem-wrapbox-inner gem-ratio-style\" style=\"padding-top: 56.25%\"><iframe webkitallowfullscreen=\"true\" mozallowfullscreen=\"true\" allowfullscreen=\"true\" class=\"gem-wrapbox-element img-responsive\" frameborder=\"0\" scrolling=\"no\" marginheight=\"0\" marginwidth=\"0\" src=\"\/\/player.vimeo.com\/video\/540400017?title=0&amp;byline=0&amp;portrait=0 \"><\/iframe><\/div><\/div>[vc_empty_space]<div class=\"preloader\"><div class=\"preloader-spin\"><\/div><\/div> <div id=\"gem-gallery-69db837f1cc2d\" class=\"gem-gallery gem-gallery-hover-zooming-blur\"> <div class=\"gem-gallery-item\"> <div class=\"gem-gallery-item-image\"> <a href=\"https:\/\/tenerife-trips.com\/wp-content\/uploads\/2021\/05\/Jungle-Park-Tenerife-1-thegem-gallery-sidebar.jpg\" data-fancybox-group=\"gallery-69db837f1cc2d\" data-full-image-url=\"https:\/\/tenerife-trips.com\/wp-content\/uploads\/2021\/05\/Jungle-Park-Tenerife-1.jpg\"> <svg width=\"20\" height=\"10\"><path d=\"M 0,10 Q 9,9 10,0 Q 11,9 20,10\" \/><\/svg> <img src=\"https:\/\/tenerife-trips.com\/wp-content\/uploads\/2021\/05\/Jungle-Park-Tenerife-1-thegem-post-thumb-small.jpg\" alt=\"Jungle Park Tenerife\" class=\"img-responsive\"> <span class=\"gem-gallery-caption slide-info\"> <\/span> <\/a> <span class=\"gem-gallery-line\"><\/span> <\/div> <\/div> <div class=\"gem-gallery-item\"> <div class=\"gem-gallery-item-image\"> <a href=\"https:\/\/tenerife-trips.com\/wp-content\/uploads\/2021\/05\/Jungle-Park-Tenerife-2-scaled-thegem-gallery-sidebar.jpg\" data-fancybox-group=\"gallery-69db837f1cc2d\" data-full-image-url=\"https:\/\/tenerife-trips.com\/wp-content\/uploads\/2021\/05\/Jungle-Park-Tenerife-2-scaled.jpg\"> <svg width=\"20\" height=\"10\"><path d=\"M 0,10 Q 9,9 10,0 Q 11,9 20,10\" \/><\/svg> <img src=\"https:\/\/tenerife-trips.com\/wp-content\/uploads\/2021\/05\/Jungle-Park-Tenerife-2-scaled-thegem-post-thumb-small.jpg\" alt=\"Jungle Park Tenerife\" class=\"img-responsive\"> <span class=\"gem-gallery-caption slide-info\"> <\/span> <\/a> <span class=\"gem-gallery-line\"><\/span> <\/div> <\/div> <div class=\"gem-gallery-item\"> <div class=\"gem-gallery-item-image\"> <a href=\"https:\/\/tenerife-trips.com\/wp-content\/uploads\/2021\/05\/Jungle-Park-Tenerife-3-scaled-thegem-gallery-sidebar.jpg\" data-fancybox-group=\"gallery-69db837f1cc2d\" data-full-image-url=\"https:\/\/tenerife-trips.com\/wp-content\/uploads\/2021\/05\/Jungle-Park-Tenerife-3-scaled.jpg\"> <svg width=\"20\" height=\"10\"><path d=\"M 0,10 Q 9,9 10,0 Q 11,9 20,10\" \/><\/svg> <img src=\"https:\/\/tenerife-trips.com\/wp-content\/uploads\/2021\/05\/Jungle-Park-Tenerife-3-scaled-thegem-post-thumb-small.jpg\" alt=\"\" class=\"img-responsive\"> <span class=\"gem-gallery-caption slide-info\"> <\/span> <\/a> <span class=\"gem-gallery-line\"><\/span> <\/div> <\/div> <div class=\"gem-gallery-item\"> <div class=\"gem-gallery-item-image\"> <a href=\"https:\/\/tenerife-trips.com\/wp-content\/uploads\/2021\/05\/Jungle-Park-Tenerife-4-scaled-thegem-gallery-sidebar.jpg\" data-fancybox-group=\"gallery-69db837f1cc2d\" data-full-image-url=\"https:\/\/tenerife-trips.com\/wp-content\/uploads\/2021\/05\/Jungle-Park-Tenerife-4-scaled.jpg\"> <svg width=\"20\" height=\"10\"><path d=\"M 0,10 Q 9,9 10,0 Q 11,9 20,10\" \/><\/svg> <img src=\"https:\/\/tenerife-trips.com\/wp-content\/uploads\/2021\/05\/Jungle-Park-Tenerife-4-scaled-thegem-post-thumb-small.jpg\" alt=\"\" class=\"img-responsive\"> <span class=\"gem-gallery-caption slide-info\"> <\/span> <\/a> <span class=\"gem-gallery-line\"><\/span> <\/div> <\/div> <div class=\"gem-gallery-item\"> <div class=\"gem-gallery-item-image\"> <a href=\"https:\/\/tenerife-trips.com\/wp-content\/uploads\/2021\/05\/Jungle-Park-Tenerife-5-scaled-thegem-gallery-sidebar.jpg\" data-fancybox-group=\"gallery-69db837f1cc2d\" data-full-image-url=\"https:\/\/tenerife-trips.com\/wp-content\/uploads\/2021\/05\/Jungle-Park-Tenerife-5-scaled.jpg\"> <svg width=\"20\" height=\"10\"><path d=\"M 0,10 Q 9,9 10,0 Q 11,9 20,10\" \/><\/svg> <img src=\"https:\/\/tenerife-trips.com\/wp-content\/uploads\/2021\/05\/Jungle-Park-Tenerife-5-scaled-thegem-post-thumb-small.jpg\" alt=\"\" class=\"img-responsive\"> <span class=\"gem-gallery-caption slide-info\"> <\/span> <\/a> <span class=\"gem-gallery-line\"><\/span> <\/div> <\/div> <div class=\"gem-gallery-item\"> <div class=\"gem-gallery-item-image\"> <a href=\"https:\/\/tenerife-trips.com\/wp-content\/uploads\/2021\/05\/Jungle-Park-Tenerife-6-scaled-thegem-gallery-sidebar.jpg\" data-fancybox-group=\"gallery-69db837f1cc2d\" data-full-image-url=\"https:\/\/tenerife-trips.com\/wp-content\/uploads\/2021\/05\/Jungle-Park-Tenerife-6-scaled.jpg\"> <svg width=\"20\" height=\"10\"><path d=\"M 0,10 Q 9,9 10,0 Q 11,9 20,10\" \/><\/svg> <img src=\"https:\/\/tenerife-trips.com\/wp-content\/uploads\/2021\/05\/Jungle-Park-Tenerife-6-scaled-thegem-post-thumb-small.jpg\" alt=\"Jungle Park Tenerife\" class=\"img-responsive\"> <span class=\"gem-gallery-caption slide-info\"> <\/span> <\/a> <span class=\"gem-gallery-line\"><\/span> <\/div> <\/div> <div class=\"gem-gallery-item\"> <div class=\"gem-gallery-item-image\"> <a href=\"https:\/\/tenerife-trips.com\/wp-content\/uploads\/2021\/05\/Jungle-Park-Tenerife-7-scaled-thegem-gallery-sidebar.jpg\" data-fancybox-group=\"gallery-69db837f1cc2d\" data-full-image-url=\"https:\/\/tenerife-trips.com\/wp-content\/uploads\/2021\/05\/Jungle-Park-Tenerife-7-scaled.jpg\"> <svg width=\"20\" height=\"10\"><path d=\"M 0,10 Q 9,9 10,0 Q 11,9 20,10\" \/><\/svg> <img src=\"https:\/\/tenerife-trips.com\/wp-content\/uploads\/2021\/05\/Jungle-Park-Tenerife-7-scaled-thegem-post-thumb-small.jpg\" alt=\"\" class=\"img-responsive\"> <span class=\"gem-gallery-caption slide-info\"> <\/span> <\/a> <span class=\"gem-gallery-line\"><\/span> <\/div> <\/div> <div class=\"gem-gallery-item\"> <div class=\"gem-gallery-item-image\"> <a href=\"https:\/\/tenerife-trips.com\/wp-content\/uploads\/2021\/05\/Jungle-Park-Tenerife-scaled-thegem-gallery-sidebar.jpg\" data-fancybox-group=\"gallery-69db837f1cc2d\" data-full-image-url=\"https:\/\/tenerife-trips.com\/wp-content\/uploads\/2021\/05\/Jungle-Park-Tenerife-scaled.jpg\"> <svg width=\"20\" height=\"10\"><path d=\"M 0,10 Q 9,9 10,0 Q 11,9 20,10\" \/><\/svg> <img src=\"https:\/\/tenerife-trips.com\/wp-content\/uploads\/2021\/05\/Jungle-Park-Tenerife-scaled-thegem-post-thumb-small.jpg\" alt=\"Jungle Park Tenerife\" class=\"img-responsive\"> <span class=\"gem-gallery-caption slide-info\"> <\/span> <\/a> <span class=\"gem-gallery-line\"><\/span> <\/div> <\/div> <\/div>[vc_empty_space][\/vc_column][\/vc_row][vc_row full_width=&#8221;stretch_row&#8221; css=&#8221;.vc_custom_1577670800120{background-color: #312c7a !important;background-position: center !important;background-repeat: no-repeat !important;background-size: cover !important;}&#8221;][vc_column][vc_column_text]<\/p>\n<h3 style=\"text-align: center;\"><span style=\"color: #ffffff; font-size: 18pt;\">DESCRIZIONE<\/span><\/h3>\n<p>[\/vc_column_text][\/vc_column][\/vc_row][vc_row][vc_column][vc_tta_accordion style=&#8221;simple_solid&#8221; color=&#8221;blue&#8221; c_icon=&#8221;chevron&#8221; active_section=&#8221;-0&#8243; collapsible_all=&#8221;true&#8221;][vc_tta_section title=&#8221;DESCRIZIONE PARCO&#8221; tab_id=&#8221;1577670774782-176a6d5c-3339d176-6d958167-dbaa126b-4bdd&#8221;][vc_column_text]<\/p>\n<h3><span style=\"font-size: 12pt;\">IN PRIMO LUOGO, POSSIAMO DIRE CHE IL JUNGLE PARK \u00c8 UNO DEI MIGLIORI PARCHI A TENERIFE. SI TROVA A SUD NELLA ZONA DI <a href=\"https:\/\/www.google.com\/maps\/place\/38652+Chayofa,+Santa+Cruz+de+Tenerife\/@28.0743628,-16.7007999,16z\/data=!3m1!4b1!4m13!1m7!3m6!1s0xc6a982c7e468e79:0x260340f4bc024792!2s38650+Los+Cristianos,+Santa+Cruz+de+Tenerife!3b1!8m2!3d28.0489062!4d-16.7115979!3m4!1s0xc6a99bee723167f:0xa0340f674cf8280!8m2!3d28.0745836!4d-16.6954529\" target=\"_blank\" rel=\"noopener\">CHAYOFA<\/a>, A SOLI DIECI MINUTI DA LOS CRISTIANOS IN AUTO.<\/span><\/h3>\n<p><span style=\"font-size: 14pt;\">Come indica il nome, all&#8217;interno del parco c&#8217;\u00e8 un&#8217;abbondante vegetazione di alberi e piante esotiche. In altre parole, camminare all&#8217;interno del Jungle Park sar\u00e0 davvero come fare una passeggiata nella natura. Qui pu\u00f2 vedere molte diverse specie di animali provenienti da tutto il mondo. Troviamo, ad esempio, molti uccelli come marab\u00f9, aquile, falchi, ibis, gru, fenicotteri, pappagalli, are e molti altri uccelli esotici.<\/span><\/p>\n<p><span style=\"font-size: 14pt;\">Tra tutti i parchi di Tenerife il Jungle Park \u00e8 l&#8217;unico dove si pu\u00f2 assistere allo &#8220;spettacolo dei rapaci&#8221;. Durante questa attrazione gli uccelli compieranno acrobazie seguendo gli ordini di esperti addestratori che si prendeno cura di loro con passione. Inoltre all&#8217;interno del parco si pu\u00f2 camminare all&#8217;interno di una gigantesca voliera dove incontrer\u00e0 varie specie di pappagalli; sono molto amichevoli e non esiteranno a saltare sul suo dito per salutarla.<\/span><\/p>\n<h3><span style=\"font-size: 14pt;\">NEI PARCHI DI TENERIFE CI SONO DAVVERO TANTISSIME ATTRAZIONI INTERESSANTI!\u00a0<\/span><\/h3>\n<p><span style=\"font-size: 14pt;\">Al Jungle Park potr\u00e0 inoltre vedere l&#8217;alimentazione di procioni e pinguini. Ultimo, ma non meno importante, dovr\u00e0 assolutamente assistere allo &#8220;spettacolo dei leoni marini&#8221;; non creder\u00e0 ai suoi occhi quando vedr\u00e0 le evoluzioni che questi animali sono in grado di fare.<\/span><\/p>\n<p><span style=\"font-size: 14pt;\">Come altri parchi a Tenerife, il Jungle Park ospita molti primati, ad esempio oranghi, gibboni, uistit\u00ec, cappuccini, saimiri e le <a href=\"https:\/\/it.wikipedia.org\/wiki\/Cercopithecus_neglectus\" target=\"_blank\" rel=\"noopener\">scimmie di Brazz\u00e0<\/a>. Nel parco sar\u00e0 anche possibile camminare attraverso uno spazio chiuso riservato ai lemuri dove potrete incontrare faccia a faccia questi simpatici animali.<\/span><\/p>\n<p><span style=\"font-size: 14pt;\">Un&#8217;altro divertimento che offre il parco \u00e8 sfrecciare con un bob su una pista che attraversa la giungla. Sia adulti che bambini possono godere di questa fantastica attrazione.<\/span><\/p>\n<h3><span style=\"font-size: 12pt;\">Se ha intenzione di visitare il Jungle Park insieme al parco acquatico Aqualand, pu\u00f2 acquistare il \u201ctwo parks ticket\u201d. In questo modo avr\u00e0 uno sconto sul prezzo.<\/span><\/h3>\n<p><span style=\"font-size: 14pt;\">In conclusione, se sta pensando di visitare uno dei parchi di Tenerife le consigliamo di venire al Jungle Park. Questo parco offre innumerevoli attrazioni e si trova in una zona facilmente raggiungibile da qualsiasi punto dell&#8217;isola.<\/span>[\/vc_column_text][\/vc_tta_section][vc_tta_section title=&#8221;ORARIO E TRASPORTO&#8221; tab_id=&#8221;1577670774833-8f45ebdc-ed58d176-6d958167-dbaa126b-4bdd&#8221;][vc_column_text]<span style=\"font-size: 14pt;\">Per il Jungle Park il servizio di trasporto non \u00e8 disponibile, deve raggiungere il parco autonomamente.<\/span><\/p>\n<p><span style=\"text-decoration: underline; font-size: 14pt;\"><span style=\"color: #ff0000; text-decoration: underline;\">GIORNI E ORARI DI APERTURA:<\/span><\/span><\/p>\n<p><span style=\"font-size: 14pt;\">Il parco \u00e8 aperto tutti i giorni dalle 10:30 alle 16:30.<\/span><\/p>\n<p><span style=\"font-size: 14pt;\"><strong>GUARDI IL VIDEO, SI FACCIA UN&#8217;IDEA DI COM&#8217;\u00c8 IL PARCO E PRENOTI ORA!<\/strong><\/span><\/p>\n<h6><\/h6>\n<p>[\/vc_column_text][\/vc_tta_section][\/vc_tta_accordion][\/vc_column][\/vc_row][vc_row full_width=&#8221;stretch_row_content&#8221; css=&#8221;.vc_custom_1577475746461{background-color: #312c7a !important;background-position: center !important;background-repeat: no-repeat !important;background-size: cover !important;}&#8221;][vc_column][vc_column_text]<\/p>\n<h3 style=\"text-align: center;\"><strong><span style=\"font-size: 18pt; color: #ffffff;\">PRENOTA ORA<\/span><\/strong><\/h3>\n<p>[\/vc_column_text][\/vc_column][\/vc_row]<\/p>\n<\/div>","protected":false},"excerpt":{"rendered":"<p>[vc_row full_width=&#8221;stretch_row_content_no_spaces&#8221;][vc_column][vc_column_text css=&#8221;.vc_custom_1743418045077{background-color: #F6EB14 !important;background-position: center !important;background-repeat: no-repeat !important;background-size: cover !important;}&#8221; css_animation=&#8221;fadeIn&#8221;] JUNGLE PARK [\/vc_column_text][\/vc_column][\/vc_row][vc_row][vc_column][vc_column_text] Il Jungle Park \u00e8 uno&#8230;<\/p>\n","protected":false},"featured_media":144079,"template":"","meta":{"_acf_changed":false,"_seopress_robots_primary_cat":"2303","_seopress_titles_title":"Parchi Tenerife, visiti il Jungle Park, uno dei migliori dell&#039;isola","_seopress_titles_desc":"Parchi Tenerife, sulla nostra pagina trova una selezione dei migliori dell&#039;isola mostrati con video originali. Prenoti da un&#039;agenzia italiana.","_seopress_robots_index":""},"product_brand":[],"product_cat":[2303],"product_tag":[2846,2845,2527,2516],"class_list":{"0":"post-146289","1":"product","2":"type-product","3":"status-publish","4":"has-post-thumbnail","6":"product_cat-parchi-tematici","7":"product_tag-jungle-park-tenerife-it","8":"product_tag-parchi-divertimento-tenerife","9":"product_tag-parchi-tenerife","10":"product_tag-parco-tenerife","12":"first","13":"instock","14":"virtual","15":"sold-individually","16":"taxable","17":"purchasable","18":"product-type-booking"},"booking_location":"","booking_location_type":"","booking_duration":1,"booking_duration_unit":"day","booking_buffer":0,"booking_cost":0,"booking_resources":[],"acf":[],"_links":{"self":[{"href":"https:\/\/tenerife-trips.com\/it\/wp-json\/wp\/v2\/product\/146289","targetHints":{"allow":["GET"]}}],"collection":[{"href":"https:\/\/tenerife-trips.com\/it\/wp-json\/wp\/v2\/product"}],"about":[{"href":"https:\/\/tenerife-trips.com\/it\/wp-json\/wp\/v2\/types\/product"}],"wp:featuredmedia":[{"embeddable":true,"href":"https:\/\/tenerife-trips.com\/it\/wp-json\/wp\/v2\/media\/144079"}],"wp:attachment":[{"href":"https:\/\/tenerife-trips.com\/it\/wp-json\/wp\/v2\/media?parent=146289"}],"wp:term":[{"taxonomy":"product_brand","embeddable":true,"href":"https:\/\/tenerife-trips.com\/it\/wp-json\/wp\/v2\/product_brand?post=146289"},{"taxonomy":"product_cat","embeddable":true,"href":"https:\/\/tenerife-trips.com\/it\/wp-json\/wp\/v2\/product_cat?post=146289"},{"taxonomy":"product_tag","embeddable":true,"href":"https:\/\/tenerife-trips.com\/it\/wp-json\/wp\/v2\/product_tag?post=146289"}],"curies":[{"name":"wp","href":"https:\/\/api.w.org\/{rel}","templated":true}]}}