{"id":315787,"date":"2021-08-05T03:49:24","date_gmt":"2021-08-05T02:49:24","guid":{"rendered":"https:\/\/tenerife-trips.com\/?post_type=product&#038;p=315787"},"modified":"2025-12-02T20:10:53","modified_gmt":"2025-12-02T20:10:53","slug":"cosa-vedere-a-tenerife-nord","status":"publish","type":"product","link":"https:\/\/tenerife-trips.com\/it\/product\/gite-in-autobus\/cosa-vedere-a-tenerife-nord\/","title":{"rendered":"NORDEST"},"content":{"rendered":"<div class=\"wpb-content-wrapper\"><p>[vc_row full_width=&#8221;stretch_row_content_no_spaces&#8221;][vc_column][vc_column_text css=&#8221;.vc_custom_1743417855592{background-color: #F6EB14 !important;background-position: center !important;background-repeat: no-repeat !important;background-size: cover !important;}&#8221; css_animation=&#8221;fadeIn&#8221;]<\/p>\n<h1 class=\"title-h2\" style=\"text-align: center;\"><span style=\"font-size: 18pt; color: #312c7a;\">NORDEST<\/span><\/h1>\n<p>[\/vc_column_text][\/vc_column][\/vc_row][vc_row][vc_column][vc_column_text]<\/p>\n<p style=\"text-align: center;\"><strong>Sta pensando a cosa vedere a Tenerife nord?<\/strong><\/p>\n<p style=\"text-align: center;\">Ebbene, il luogo che sta visitando \u00e8 una delle mete turistiche pi\u00f9 ambite al mondo; il motivo \u00e8 la bellezza dell&#8217;isola con le sue attrazioni naturali, insieme al suo clima perfetto.<\/p>\n<p style=\"text-align: center;\"><strong>\u21d3 Veda ulteriore descrizione di seguito \u21d3<\/strong><\/p>\n<p>[\/vc_column_text][vc_empty_space][\/vc_column][\/vc_row][vc_row full_width=&#8221;stretch_row_content&#8221; full_height=&#8221;yes&#8221; css=&#8221;.vc_custom_1576192123211{background-color: #312c7a !important;background-position: center !important;background-repeat: no-repeat !important;background-size: cover !important;}&#8221;][vc_column]<div class=\"gem-vimeo gem-wrapbox gem-wrapbox-style-no-style rounded-corners gem-wrapbox-position-below\" style=\"width: 100%;\"><div class=\"gem-wrapbox-inner gem-ratio-style\" style=\"padding-top: 56.25%\"><iframe webkitallowfullscreen=\"true\" mozallowfullscreen=\"true\" allowfullscreen=\"true\" class=\"gem-wrapbox-element img-responsive\" frameborder=\"0\" scrolling=\"no\" marginheight=\"0\" marginwidth=\"0\" src=\"\/\/player.vimeo.com\/video\/676568455?title=0&amp;byline=0&amp;portrait=0 \"><\/iframe><\/div><\/div>[vc_empty_space]<div class=\"preloader\"><div class=\"preloader-spin\"><\/div><\/div> <div id=\"gem-gallery-69e3494fbbfc7\" class=\"gem-gallery gem-gallery-hover-zooming-blur\"> <div class=\"gem-gallery-item\"> <div class=\"gem-gallery-item-image\"> <a href=\"https:\/\/tenerife-trips.com\/wp-content\/uploads\/2021\/12\/cosa-vedere-a-Tenerife-nord-1-thegem-gallery-sidebar.png\" data-fancybox-group=\"gallery-69e3494fbbfc7\" data-full-image-url=\"https:\/\/tenerife-trips.com\/wp-content\/uploads\/2021\/12\/cosa-vedere-a-Tenerife-nord-1.png\"> <svg width=\"20\" height=\"10\"><path d=\"M 0,10 Q 9,9 10,0 Q 11,9 20,10\" \/><\/svg> <img src=\"https:\/\/tenerife-trips.com\/wp-content\/uploads\/2021\/12\/cosa-vedere-a-Tenerife-nord-1-thegem-post-thumb-small.png\" alt=\"cosa vedere a Tenerife nord\" class=\"img-responsive\"> <span class=\"gem-gallery-caption slide-info\"> <\/span> <\/a> <span class=\"gem-gallery-line\"><\/span> <\/div> <\/div> <div class=\"gem-gallery-item\"> <div class=\"gem-gallery-item-image\"> <a href=\"https:\/\/tenerife-trips.com\/wp-content\/uploads\/2021\/08\/what-to-see-in-Tenerife-1-thegem-gallery-sidebar.png\" data-fancybox-group=\"gallery-69e3494fbbfc7\" data-full-image-url=\"https:\/\/tenerife-trips.com\/wp-content\/uploads\/2021\/08\/what-to-see-in-Tenerife-1.png\"> <svg width=\"20\" height=\"10\"><path d=\"M 0,10 Q 9,9 10,0 Q 11,9 20,10\" \/><\/svg> <img src=\"https:\/\/tenerife-trips.com\/wp-content\/uploads\/2021\/08\/what-to-see-in-Tenerife-1-thegem-post-thumb-small.png\" alt=\"what to see in Tenerife\" class=\"img-responsive\"> <span class=\"gem-gallery-caption slide-info\"> <\/span> <\/a> <span class=\"gem-gallery-line\"><\/span> <\/div> <\/div> <div class=\"gem-gallery-item\"> <div class=\"gem-gallery-item-image\"> <a href=\"https:\/\/tenerife-trips.com\/wp-content\/uploads\/2019\/12\/Teneryfa-zwiedzanie-thegem-gallery-sidebar.png\" data-fancybox-group=\"gallery-69e3494fbbfc7\" data-full-image-url=\"https:\/\/tenerife-trips.com\/wp-content\/uploads\/2019\/12\/Teneryfa-zwiedzanie.png\"> <svg width=\"20\" height=\"10\"><path d=\"M 0,10 Q 9,9 10,0 Q 11,9 20,10\" \/><\/svg> <img src=\"https:\/\/tenerife-trips.com\/wp-content\/uploads\/2019\/12\/Teneryfa-zwiedzanie-thegem-post-thumb-small.png\" alt=\"Teneryfa zwiedzanie\" class=\"img-responsive\"> <span class=\"gem-gallery-caption slide-info\"> <\/span> <\/a> <span class=\"gem-gallery-line\"><\/span> <\/div> <\/div> <div class=\"gem-gallery-item\"> <div class=\"gem-gallery-item-image\"> <a href=\"https:\/\/tenerife-trips.com\/wp-content\/uploads\/2019\/12\/Teneryfa-zwiedzanie-1-thegem-gallery-sidebar.png\" data-fancybox-group=\"gallery-69e3494fbbfc7\" data-full-image-url=\"https:\/\/tenerife-trips.com\/wp-content\/uploads\/2019\/12\/Teneryfa-zwiedzanie-1.png\"> <svg width=\"20\" height=\"10\"><path d=\"M 0,10 Q 9,9 10,0 Q 11,9 20,10\" \/><\/svg> <img src=\"https:\/\/tenerife-trips.com\/wp-content\/uploads\/2019\/12\/Teneryfa-zwiedzanie-1-thegem-post-thumb-small.png\" alt=\"Teneryfa zwiedzanie\" class=\"img-responsive\"> <span class=\"gem-gallery-caption slide-info\"> <\/span> <\/a> <span class=\"gem-gallery-line\"><\/span> <\/div> <\/div> <div class=\"gem-gallery-item\"> <div class=\"gem-gallery-item-image\"> <a href=\"https:\/\/tenerife-trips.com\/wp-content\/uploads\/2019\/12\/que-ver-en-Tenerife-1-thegem-gallery-sidebar.png\" data-fancybox-group=\"gallery-69e3494fbbfc7\" data-full-image-url=\"https:\/\/tenerife-trips.com\/wp-content\/uploads\/2019\/12\/que-ver-en-Tenerife-1.png\"> <svg width=\"20\" height=\"10\"><path d=\"M 0,10 Q 9,9 10,0 Q 11,9 20,10\" \/><\/svg> <img src=\"https:\/\/tenerife-trips.com\/wp-content\/uploads\/2019\/12\/que-ver-en-Tenerife-1-thegem-post-thumb-small.png\" alt=\"que ver en Tenerife\" class=\"img-responsive\"> <span class=\"gem-gallery-caption slide-info\"> <\/span> <\/a> <span class=\"gem-gallery-line\"><\/span> <\/div> <\/div> <div class=\"gem-gallery-item\"> <div class=\"gem-gallery-item-image\"> <a href=\"https:\/\/tenerife-trips.com\/wp-content\/uploads\/2019\/12\/sehenswurdigkeiten-auf-Teneriffa-thegem-gallery-sidebar.png\" data-fancybox-group=\"gallery-69e3494fbbfc7\" data-full-image-url=\"https:\/\/tenerife-trips.com\/wp-content\/uploads\/2019\/12\/sehenswurdigkeiten-auf-Teneriffa.png\"> <svg width=\"20\" height=\"10\"><path d=\"M 0,10 Q 9,9 10,0 Q 11,9 20,10\" \/><\/svg> <img src=\"https:\/\/tenerife-trips.com\/wp-content\/uploads\/2019\/12\/sehenswurdigkeiten-auf-Teneriffa-thegem-post-thumb-small.png\" alt=\"sehensw\u00fcrdigkeiten Teneriffa\" class=\"img-responsive\"> <span class=\"gem-gallery-caption slide-info\"> <\/span> <\/a> <span class=\"gem-gallery-line\"><\/span> <\/div> <\/div> <div class=\"gem-gallery-item\"> <div class=\"gem-gallery-item-image\"> <a href=\"https:\/\/tenerife-trips.com\/wp-content\/uploads\/2019\/12\/sehenswurdigkeiten-auf-Teneriffa-1-thegem-gallery-sidebar.png\" data-fancybox-group=\"gallery-69e3494fbbfc7\" data-full-image-url=\"https:\/\/tenerife-trips.com\/wp-content\/uploads\/2019\/12\/sehenswurdigkeiten-auf-Teneriffa-1.png\"> <svg width=\"20\" height=\"10\"><path d=\"M 0,10 Q 9,9 10,0 Q 11,9 20,10\" \/><\/svg> <img src=\"https:\/\/tenerife-trips.com\/wp-content\/uploads\/2019\/12\/sehenswurdigkeiten-auf-Teneriffa-1-thegem-post-thumb-small.png\" alt=\"sehensw\u00fcrdigkeiten Teneriffa\" class=\"img-responsive\"> <span class=\"gem-gallery-caption slide-info\"> <\/span> <\/a> <span class=\"gem-gallery-line\"><\/span> <\/div> <\/div> <div class=\"gem-gallery-item\"> <div class=\"gem-gallery-item-image\"> <a href=\"https:\/\/tenerife-trips.com\/wp-content\/uploads\/2019\/12\/que-ver-en-Tenerife-thegem-gallery-sidebar.png\" data-fancybox-group=\"gallery-69e3494fbbfc7\" data-full-image-url=\"https:\/\/tenerife-trips.com\/wp-content\/uploads\/2019\/12\/que-ver-en-Tenerife.png\"> <svg width=\"20\" height=\"10\"><path d=\"M 0,10 Q 9,9 10,0 Q 11,9 20,10\" \/><\/svg> <img src=\"https:\/\/tenerife-trips.com\/wp-content\/uploads\/2019\/12\/que-ver-en-Tenerife-thegem-post-thumb-small.png\" alt=\"que ver en Tenerife\" class=\"img-responsive\"> <span class=\"gem-gallery-caption slide-info\"> <\/span> <\/a> <span class=\"gem-gallery-line\"><\/span> <\/div> <\/div> <div class=\"gem-gallery-item\"> <div class=\"gem-gallery-item-image\"> <a href=\"https:\/\/tenerife-trips.com\/wp-content\/uploads\/2019\/12\/cosa-vedere-a-Tenerife-1-thegem-gallery-sidebar.png\" data-fancybox-group=\"gallery-69e3494fbbfc7\" data-full-image-url=\"https:\/\/tenerife-trips.com\/wp-content\/uploads\/2019\/12\/cosa-vedere-a-Tenerife-1.png\"> <svg width=\"20\" height=\"10\"><path d=\"M 0,10 Q 9,9 10,0 Q 11,9 20,10\" \/><\/svg> <img src=\"https:\/\/tenerife-trips.com\/wp-content\/uploads\/2019\/12\/cosa-vedere-a-Tenerife-1-thegem-post-thumb-small.png\" alt=\"cosa vedere a Tenerife\" class=\"img-responsive\"> <span class=\"gem-gallery-caption slide-info\"> <\/span> <\/a> <span class=\"gem-gallery-line\"><\/span> <\/div> <\/div> <div class=\"gem-gallery-item\"> <div class=\"gem-gallery-item-image\"> <a href=\"https:\/\/tenerife-trips.com\/wp-content\/uploads\/2019\/12\/cosa-vedere-a-Tenerife-thegem-gallery-sidebar.png\" data-fancybox-group=\"gallery-69e3494fbbfc7\" data-full-image-url=\"https:\/\/tenerife-trips.com\/wp-content\/uploads\/2019\/12\/cosa-vedere-a-Tenerife.png\"> <svg width=\"20\" height=\"10\"><path d=\"M 0,10 Q 9,9 10,0 Q 11,9 20,10\" \/><\/svg> <img src=\"https:\/\/tenerife-trips.com\/wp-content\/uploads\/2019\/12\/cosa-vedere-a-Tenerife-thegem-post-thumb-small.png\" alt=\"cosa vedere a Tenerife\" class=\"img-responsive\"> <span class=\"gem-gallery-caption slide-info\"> <\/span> <\/a> <span class=\"gem-gallery-line\"><\/span> <\/div> <\/div> <\/div>[vc_empty_space][\/vc_column][\/vc_row][vc_row full_width=&#8221;stretch_row&#8221; css=&#8221;.vc_custom_1577670800120{background-color: #312c7a !important;background-position: center !important;background-repeat: no-repeat !important;background-size: cover !important;}&#8221;][vc_column][vc_column_text]<\/p>\n<h3 style=\"text-align: center;\"><span style=\"color: #ffffff; font-size: 18pt;\">DESCRIZIONE<\/span><\/h3>\n<p>[\/vc_column_text][\/vc_column][\/vc_row][vc_row][vc_column][vc_tta_accordion style=&#8221;simple_solid&#8221; color=&#8221;blue&#8221; c_icon=&#8221;chevron&#8221; active_section=&#8221;-0&#8243; collapsible_all=&#8221;true&#8221;][vc_tta_section title=&#8221;SPIEGAZIONE ESCURSIONE&#8221; tab_id=&#8221;1577670774782-176a6d5c-3339d176-6d958167-dbaae4f6-fd99&#8243;][vc_column_text css=&#8221;&#8221;]<\/p>\n<h3 style=\"text-align: center;\"><span style=\"font-size: 12pt;\">STA PENSANDO A COSA VEDERE A TENERIFE nord?<\/span><\/h3>\n<p style=\"text-align: center;\">Innanzitutto dobbiamo dirle che il luogo che sta visitando \u00e8 una delle mete turistiche pi\u00f9 ambite al mondo. Questo \u00e8 dovuto alla bellezza dell&#8217;isola con le sue attrazioni naturali, insieme al suo clima perfetto.<\/p>\n<p style=\"text-align: center;\">Qui convivono deserti e foreste, spiagge e montagne, freddo e caldo. Se non ha idea di cosa vedere a Tenerife nord le consigliamo sicuramente di trascorrere un po&#8217; di tempo della sua vacanza esplorando le <a href=\"https:\/\/www.tenerife-trips.com\/cosa-vedere-a-tenerife\/?lang=it\" target=\"_blank\" rel=\"noopener\">localit\u00e0 pi\u00f9 famose<\/a>. Questa escursione la porter\u00e0 nel lato nord dell&#8217;isola, un&#8217;area molto verde. Qui troviamo un microclima umido causato soprattutto dagli alisei che spesso portano nubi in questa regione.<\/p>\n<h3 style=\"text-align: center;\"><span style=\"font-size: 12pt;\">IN PRIMIS LA VENIAMO A PRENDERE VICINO AL SUO ALLOGGIO A TENERIFE SUD O NEL NORD A PUERTO DE LA CRUZ. LE CONSIGLIAMO DI CONTATTARCI PER CONFERMARE LA DISPONIBILITA&#8217; DEL TRASPORTO DALLA SUA ZONA E L&#8217;ORARIO DI RACCOLTA. SUCCESSIVAMENTE PRENDIAMO L&#8217;AUTOSTRADA IN DIREZIONE SANTA CRUZ, RAGGIUNGIAMO LA CITT\u00c0 E QUI CI FERMIAMO PER LA PRIMA VISITA DELLA GIORNATA. &#8220;TENERIFE TRIPS&#8221; SI DEDICA A SUGGERIRE COSA VEDERE A TENERIFE NORD, QUINDI \u00e8 IN BUONE MANI!<\/span><\/h3>\n<p style=\"text-align: center;\">In seguito ci dirigiamo verso una delle zone pi\u00f9 belle di Tenerife, il <a href=\"https:\/\/it.wikipedia.org\/wiki\/Massiccio_di_Anaga\" target=\"_blank\" rel=\"noopener\">Massiccio di Anaga<\/a>. Quest&#8217;area \u00e8 famosa per le sue montagne verdi e i suoi paesaggi sorprendenti. Il parco di Anaga \u00e8 stato dichiarato riserva della biosfera nel 2015. Qui si trova la \u201claurisilva\u201d, un tipo di foresta sempreverde tipica di Madeira e delle Isole Canarie, cos\u00ec chiamata per la predominanza di specie della famiglia delle Lauraceae.<\/p>\n<p style=\"text-align: center;\">Continuiamo il nostro viaggio lasciando la zona di Anaga e attraversando la foresta di \u201cMonte de las Mercedes\u201d. In breve raggiungiamo la citt\u00e0 di La Laguna, sede della pi\u00f9 famosa universit\u00e0 delle Isole Canarie. L\u00ec facciamo una passeggiata nel centro storico ammirando la sua architettura tipica degli insediamenti coloniali spagnoli.<\/p>\n<p style=\"text-align: center;\">Infine, ritorniamo nella zona in cui siamo venuti a prenderla. Ovviamente, la lasciamo nello stesso posto in cui ci siamo incontrati la mattina.<\/p>\n<h3 style=\"text-align: center;\"><span style=\"font-size: 12pt;\">ORA s\u00e0 COSA VEDERE A TENERIFE NORD!<\/span><\/h3>\n<p style=\"text-align: center;\"><span style=\"color: #ff0000;\">Si ricorda a tutti i clienti che partecipano all&#8217;escursione di non lasciare alcun tipo di oggetti personali di valore sull&#8217;autobus quando si scende per visitare i luoghi. L&#8217;azienda non si assume alcuna responsabilit\u00e0 per eventuali smarrimenti o furti di oggetti personali di alcun genere.<\/span><\/p>\n<p>[\/vc_column_text][\/vc_tta_section][vc_tta_section title=&#8221;ORARIO E TRASPORTO&#8221; tab_id=&#8221;1577670774833-8f45ebdc-ed58d176-6d958167-dbaae4f6-fd99&#8243;][vc_column_text]La raccolta \u00e8 disponibile da Tenerife sud, ovest e nord (Puerto de la Cruz); le consigliamo di mettersi in contatto con noi e verificare la disponibilit\u00e0 e l&#8217;orario del trasporto dalla sua zona prima di prenotare.<\/p>\n<p><span style=\"text-decoration: underline;\"><span style=\"color: #ff0000; text-decoration: underline;\">PROGRAMMA:<\/span><\/span><\/p>\n<p>Chieda al nostro servizio clienti in quali giorni \u00e8 possibile effettuare l\u2019escursione.<\/p>\n<h6><span style=\"color: #312c7a;\">GUARDi IL VIDEO, si FAccia UN&#8217;IDEA DI cosa vedere a Tenerife nord E PRENOTi ORA!<\/span><\/h6>\n<p>[\/vc_column_text][\/vc_tta_section][\/vc_tta_accordion]<style type=\"text\/css\">.thegem-button-69e3494fbd5516057 .gem-button svg {fill: #ffffff;}.thegem-button-69e3494fbd5516057 .gem-button:hover svg {fill: #312c7a;}<\/style><div class=\"gem-button-container gem-button-position-center thegem-button-69e3494fbd5516057    \"  ><a class=\"gem-button gem-button-size-small gem-button-style-flat gem-button-text-weight-normal\" data-ll-effect=\"drop-right-without-wrap\" style=\"border-radius: 3px;background-color: #312c7a;color: #ffffff;\" onmouseleave=\"this.style.backgroundColor='#312c7a';this.style.color='#ffffff';\" onmouseenter=\"this.style.backgroundColor='#f6eb14';this.style.color='#312c7a';\" href=\"#prezzi-nordest\" target=\"_self\">PREZZI<\/a><\/div> [\/vc_column][\/vc_row][vc_row full_width=&#8221;stretch_row_content&#8221; css=&#8221;.vc_custom_1577475746461{background-color: #312c7a !important;background-position: center !important;background-repeat: no-repeat !important;background-size: cover !important;}&#8221;][vc_column][vc_column_text]<\/p>\n<h3 style=\"text-align: center;\"><strong><span style=\"font-size: 18pt; color: #ffffff;\">PRENOTA ORA<\/span><\/strong><\/h3>\n<p>[\/vc_column_text][vc_empty_space height=&#8221;10px&#8221; el_id=&#8221;prezzi-nordest&#8221;][\/vc_column][\/vc_row]<\/p>\n<\/div>","protected":false},"excerpt":{"rendered":"<p>[vc_row full_width=&#8221;stretch_row_content_no_spaces&#8221;][vc_column][vc_column_text css=&#8221;.vc_custom_1743417855592{background-color: #F6EB14 !important;background-position: center !important;background-repeat: no-repeat !important;background-size: cover !important;}&#8221; css_animation=&#8221;fadeIn&#8221;] NORDEST [\/vc_column_text][\/vc_column][\/vc_row][vc_row][vc_column][vc_column_text] Sta pensando a cosa vedere a&#8230;<\/p>\n","protected":false},"featured_media":287414,"template":"","meta":{"_acf_changed":false,"_seopress_robots_primary_cat":"2299","_seopress_titles_title":"Cosa vedere a Tenerife nord, un tour alla scoperta del verde nord","_seopress_titles_desc":"Cosa vedere a Tenerife nord, visiti con un tour in autobus le zone pi\u00f9 verdi dell&#039;isola e le citt\u00e0 pi\u00f9 antiche della storia coloniale","_seopress_robots_index":""},"product_brand":[],"product_cat":[2299],"product_tag":[2858,2859,2402],"class_list":{"0":"post-315787","1":"product","2":"type-product","3":"status-publish","4":"has-post-thumbnail","6":"product_cat-gite-in-autobus","7":"product_tag-cosa-vedere-a-tenerife-nord","8":"product_tag-gita-in-autobus-tenerife","9":"product_tag-visitare-tenerife","11":"first","12":"instock","13":"virtual","14":"sold-individually","15":"purchasable","16":"product-type-booking"},"booking_location":"","booking_location_type":"","booking_duration":1,"booking_duration_unit":"day","booking_buffer":0,"booking_cost":0,"booking_resources":[],"acf":[],"_links":{"self":[{"href":"https:\/\/tenerife-trips.com\/it\/wp-json\/wp\/v2\/product\/315787","targetHints":{"allow":["GET"]}}],"collection":[{"href":"https:\/\/tenerife-trips.com\/it\/wp-json\/wp\/v2\/product"}],"about":[{"href":"https:\/\/tenerife-trips.com\/it\/wp-json\/wp\/v2\/types\/product"}],"wp:featuredmedia":[{"embeddable":true,"href":"https:\/\/tenerife-trips.com\/it\/wp-json\/wp\/v2\/media\/287414"}],"wp:attachment":[{"href":"https:\/\/tenerife-trips.com\/it\/wp-json\/wp\/v2\/media?parent=315787"}],"wp:term":[{"taxonomy":"product_brand","embeddable":true,"href":"https:\/\/tenerife-trips.com\/it\/wp-json\/wp\/v2\/product_brand?post=315787"},{"taxonomy":"product_cat","embeddable":true,"href":"https:\/\/tenerife-trips.com\/it\/wp-json\/wp\/v2\/product_cat?post=315787"},{"taxonomy":"product_tag","embeddable":true,"href":"https:\/\/tenerife-trips.com\/it\/wp-json\/wp\/v2\/product_tag?post=315787"}],"curies":[{"name":"wp","href":"https:\/\/api.w.org\/{rel}","templated":true}]}}