{"id":347860,"date":"2019-03-11T17:23:35","date_gmt":"2019-03-11T17:23:35","guid":{"rendered":"https:\/\/tenerife-trips.com\/?post_type=product&#038;p=347860"},"modified":"2026-05-03T11:48:25","modified_gmt":"2026-05-03T10:48:25","slug":"flamenco-a-tenerife","status":"publish","type":"product","link":"https:\/\/tenerife-trips.com\/it\/product\/spettacoli\/flamenco-a-tenerife\/","title":{"rendered":"FLAMENCO"},"content":{"rendered":"<div class=\"wpb-content-wrapper\"><p>[vc_row full_width=&#8221;stretch_row_content_no_spaces&#8221;][vc_column][vc_column_text css=&#8221;.vc_custom_1743419611407{background-color: #F6EB14 !important;background-position: center !important;background-repeat: no-repeat !important;background-size: cover !important;}&#8221; css_animation=&#8221;fadeIn&#8221;]<\/p>\n<h1 class=\"title-h2\" style=\"text-align: center;\"><span style=\"font-size: 18pt; color: #312c7a;\">FLAMENCO<\/span><\/h1>\n<p>[\/vc_column_text][\/vc_column][\/vc_row][vc_row][vc_column][vc_column_text]<\/p>\n<p style=\"text-align: center;\">Lo spettacolo di flamenco a Tenerife \u00e8 uno dei migliori divertimenti dell&#8217;isola; si svolge al Castillo San Miguel, nella zona di Aldea Blanca.<\/p>\n<p style=\"text-align: center;\"><strong>\u21d3 Veda ulteriore descrizione di seguito \u21d3<\/strong><\/p>\n<p>[\/vc_column_text][vc_empty_space][\/vc_column][\/vc_row][vc_row full_width=&#8221;stretch_row_content&#8221; full_height=&#8221;yes&#8221; css=&#8221;.vc_custom_1576192123211{background-color: #312c7a !important;background-position: center !important;background-repeat: no-repeat !important;background-size: cover !important;}&#8221;][vc_column][vc_empty_space]<div class=\"preloader\"><div class=\"preloader-spin\"><\/div><\/div> <div id=\"gem-gallery-69f8835160e09\" class=\"gem-gallery gem-gallery-hover-zooming-blur\"> <div class=\"gem-gallery-item\"> <div class=\"gem-gallery-item-image\"> <a href=\"https:\/\/tenerife-trips.com\/wp-content\/uploads\/2019\/03\/flamenco-Teneryfa.png\" data-fancybox-group=\"gallery-69f8835160e09\" data-full-image-url=\"https:\/\/tenerife-trips.com\/wp-content\/uploads\/2019\/03\/flamenco-Teneryfa.png\"> <svg width=\"20\" height=\"10\"><path d=\"M 0,10 Q 9,9 10,0 Q 11,9 20,10\" \/><\/svg> <img src=\"https:\/\/tenerife-trips.com\/wp-content\/uploads\/2019\/03\/flamenco-Teneryfa-thegem-post-thumb-small.png\" alt=\"flamenco Teneryfa\" class=\"img-responsive\"> <span class=\"gem-gallery-caption slide-info\"> <\/span> <\/a> <span class=\"gem-gallery-line\"><\/span> <\/div> <\/div> <div class=\"gem-gallery-item\"> <div class=\"gem-gallery-item-image\"> <a href=\"https:\/\/tenerife-trips.com\/wp-content\/uploads\/2022\/03\/Flamenco-Tenerife-1.png\" data-fancybox-group=\"gallery-69f8835160e09\" data-full-image-url=\"https:\/\/tenerife-trips.com\/wp-content\/uploads\/2022\/03\/Flamenco-Tenerife-1.png\"> <svg width=\"20\" height=\"10\"><path d=\"M 0,10 Q 9,9 10,0 Q 11,9 20,10\" \/><\/svg> <img src=\"https:\/\/tenerife-trips.com\/wp-content\/uploads\/2022\/03\/Flamenco-Tenerife-1-thegem-post-thumb-small.png\" alt=\"\" class=\"img-responsive\"> <span class=\"gem-gallery-caption slide-info\"> <\/span> <\/a> <span class=\"gem-gallery-line\"><\/span> <\/div> <\/div> <div class=\"gem-gallery-item\"> <div class=\"gem-gallery-item-image\"> <a href=\"https:\/\/tenerife-trips.com\/wp-content\/uploads\/2022\/03\/Flamenco-Tenerife-2.jpg\" data-fancybox-group=\"gallery-69f8835160e09\" data-full-image-url=\"https:\/\/tenerife-trips.com\/wp-content\/uploads\/2022\/03\/Flamenco-Tenerife-2.jpg\"> <svg width=\"20\" height=\"10\"><path d=\"M 0,10 Q 9,9 10,0 Q 11,9 20,10\" \/><\/svg> <img src=\"https:\/\/tenerife-trips.com\/wp-content\/uploads\/2022\/03\/Flamenco-Tenerife-2-thegem-post-thumb-small.jpg\" alt=\"\" class=\"img-responsive\"> <span class=\"gem-gallery-caption slide-info\"> <\/span> <\/a> <span class=\"gem-gallery-line\"><\/span> <\/div> <\/div> <div class=\"gem-gallery-item\"> <div class=\"gem-gallery-item-image\"> <a href=\"https:\/\/tenerife-trips.com\/wp-content\/uploads\/2022\/03\/Flamenco-Tenerife-4.png\" data-fancybox-group=\"gallery-69f8835160e09\" data-full-image-url=\"https:\/\/tenerife-trips.com\/wp-content\/uploads\/2022\/03\/Flamenco-Tenerife-4.png\"> <svg width=\"20\" height=\"10\"><path d=\"M 0,10 Q 9,9 10,0 Q 11,9 20,10\" \/><\/svg> <img src=\"https:\/\/tenerife-trips.com\/wp-content\/uploads\/2022\/03\/Flamenco-Tenerife-4-thegem-post-thumb-small.png\" alt=\"flamenco Tenerife\" class=\"img-responsive\"> <span class=\"gem-gallery-caption slide-info\"> <\/span> <\/a> <span class=\"gem-gallery-line\"><\/span> <\/div> <\/div> <div class=\"gem-gallery-item\"> <div class=\"gem-gallery-item-image\"> <a href=\"https:\/\/tenerife-trips.com\/wp-content\/uploads\/2022\/03\/Flamenco-Tenerife-3.png\" data-fancybox-group=\"gallery-69f8835160e09\" data-full-image-url=\"https:\/\/tenerife-trips.com\/wp-content\/uploads\/2022\/03\/Flamenco-Tenerife-3.png\"> <svg width=\"20\" height=\"10\"><path d=\"M 0,10 Q 9,9 10,0 Q 11,9 20,10\" \/><\/svg> <img src=\"https:\/\/tenerife-trips.com\/wp-content\/uploads\/2022\/03\/Flamenco-Tenerife-3-thegem-post-thumb-small.png\" alt=\"\" class=\"img-responsive\"> <span class=\"gem-gallery-caption slide-info\"> <\/span> <\/a> <span class=\"gem-gallery-line\"><\/span> <\/div> <\/div> <\/div>[vc_empty_space][\/vc_column][\/vc_row][vc_row full_width=&#8221;stretch_row&#8221; css=&#8221;.vc_custom_1577670800120{background-color: #312c7a !important;background-position: center !important;background-repeat: no-repeat !important;background-size: cover !important;}&#8221;][vc_column][vc_column_text]<\/p>\n<h3 style=\"text-align: center;\"><span style=\"color: #ffffff; font-size: 18pt;\">DESCRIZIONE<\/span><\/h3>\n<p>[\/vc_column_text][\/vc_column][\/vc_row][vc_row][vc_column][vc_tta_accordion style=&#8221;simple_solid&#8221; color=&#8221;blue&#8221; c_icon=&#8221;chevron&#8221; active_section=&#8221;-0&#8243; collapsible_all=&#8221;true&#8221;][vc_tta_section title=&#8221;INFORMAZIONI SULLO SPETTACOLO&#8221; tab_id=&#8221;1577670774782-176a6d5c-3339d176-6d958167-dbaae4f6-fd99825b-e0ae&#8221;][vc_column_text css=&#8221;&#8221;]<\/p>\n<h3><span style=\"font-size: 12pt;\">LO SPETTACOLO DI FLAMENCO A TENERIFE \u00c8 SENZA DUBBIO UNO DEGLI <a href=\"https:\/\/www.tenerife-trips.com\/spettacoli-a-tenerife\/?lang=it\" target=\"_blank\" rel=\"noopener\">SPETTACOLI PI\u00d9 AUTENTICI<\/a> CHE SI PUO&#8217; GODERE SULL&#8217;ISOLA.<\/span><\/h3>\n<p>Al momento presentiamo &#8220;Pasi\u00f3n&#8221; che ha una coreografia di Eva Rodr\u00edguez. In questo spettacolo pu\u00f2 vedere danze classiche spagnole come &#8220;La Boda de Luis Alonso&#8221;, &#8220;La Vida Breve&#8221; e &#8220;Pasodoble&#8221;; ascolter\u00e0 anche canti dal vivo accompagnati dalla chitarra tipica del flamenco.<\/p>\n<p>Lo spettacolo di flamenco a Tenerife inizia alle 21:00 e termina alle 22:30; l&#8217;evento si svolge presso Aldea Blanca nel <a href=\"https:\/\/goo.gl\/maps\/2oWxZokJxA1kLpje9\" target=\"_blank\" rel=\"noopener\">Castillo San Miguel<\/a>. La qualit\u00e0 e la professionalit\u00e0 dei ballerini la sorprender\u00e0 senza dubbio; siamo sicuri che trascorrer\u00e0 una serata meravigliosa.<\/p>\n<h3><span style=\"font-size: 12pt;\">IL BIGLIETTO PER LO SPETTACOLO DI FLAMENCO A TENERIFE COMPRENDE L&#8217;ENTRATA E UN BICCHIERE DI SANGRIA; SE ACQUISTA L&#8217;OPZIONE VIP AVR\u00c0 <\/span><span style=\"font-size: 12pt;\">L&#8217;INGRESSO PRIORITARIO, I POSTI IN PRIMA FILA ED UN BICCHIERE DI SPUMANTE.<\/span><\/h3>\n<p>Il <span style=\"color: #ff0000;\">servizio di trasporto<\/span> per lo spettacolo di flamenco a Tenerife \u00e8 disponibile dal sud e dall&#8217;ovest dell&#8217;isola nella zona compresa tra Los Gigantes e Golf del Sur <span class=\"jCAhz ChMk0b\"><span class=\"ryNqvb\">a un\u00a0<span style=\"color: #ff0000;\">costo aggiuntivo di 16\u20ac per adulto dai 14 anni e 11\u20ac per bambino da 1 a 13 anni<\/span>.<\/span><\/span>\u00a0<span class=\"jCAhz ChMk0b\"><span class=\"ryNqvb\">I bambini di et\u00e0 inferiore a 1 anno possono sedersi in grembo ai genitori e sono gratuiti.<\/span><\/span>\u00a0<span class=\"jCAhz ChMk0b\"><span class=\"ryNqvb\">Il prezzo del trasporto verr\u00e0\u00a0<span style=\"color: #ff0000;\">pagato direttamente al castello<\/span>\u00a0una volta arrivati.<\/span><\/span>\u00a0Le consigliamo di mettersi in contatto con noi e verificare la disponibilit\u00e0 del trasporto e l\u2019orario di raccolta dalla sua zona prima di prenotare.[\/vc_column_text][\/vc_tta_section][vc_tta_section title=&#8221;ORARIO E TRASPORTO&#8221; tab_id=&#8221;1577670774833-8f45ebdc-ed58d176-6d958167-dbaae4f6-fd99825b-e0ae&#8221;][vc_column_text css=&#8221;&#8221;]Il <span style=\"color: #ff0000;\">servizio di trasporto<\/span> per lo spettacolo di flamenco a Tenerife \u00e8 disponibile dal sud e dall&#8217;ovest dell&#8217;isola nella zona compresa tra Los Gigantes e Golf del Sur <span class=\"jCAhz ChMk0b\"><span class=\"ryNqvb\">a un\u00a0<span style=\"color: #ff0000;\">costo aggiuntivo di 16\u20ac per adulto dai 14 anni e 11\u20ac per bambino da 1 a 13 anni<\/span>.<\/span><\/span>\u00a0<span class=\"jCAhz ChMk0b\"><span class=\"ryNqvb\">I bambini di et\u00e0 inferiore a 1 anno possono sedersi in grembo ai genitori e sono gratuiti.<\/span><\/span>\u00a0<span class=\"jCAhz ChMk0b\"><span class=\"ryNqvb\">Il prezzo del trasporto verr\u00e0\u00a0<span style=\"color: #ff0000;\">pagato direttamente al castello<\/span>\u00a0una volta arrivati.<\/span><\/span>\u00a0Le consigliamo di mettersi in contatto con noi e verificare la disponibilit\u00e0 del trasporto e l\u2019orario di raccolta dalla sua zona prima di prenotare.<\/p>\n<p><span style=\"text-decoration: underline;\"><span style=\"color: #ff0000; text-decoration: underline;\">PROGRAMMA:<\/span><\/span><\/p>\n<p>Tutti i venerd\u00ec.<\/p>\n<p>Lo spettacolo inizia alle 21:00 e termina intorno alle 22:30.<\/p>\n<h3><span style=\"color: #312c7a; font-size: 12pt;\">GUARDi IL VIDEO, si FAccia UN&#8217;IDEA di com&#8217;\u00e8 lo spettacolo E PRENOTi ORA!<\/span><\/h3>\n<p>[\/vc_column_text][\/vc_tta_section][\/vc_tta_accordion][\/vc_column][\/vc_row][vc_row full_width=&#8221;stretch_row_content&#8221; css=&#8221;.vc_custom_1577475746461{background-color: #312c7a !important;background-position: center !important;background-repeat: no-repeat !important;background-size: cover !important;}&#8221;][vc_column][vc_column_text]<\/p>\n<h3 style=\"text-align: center;\"><strong><span style=\"font-size: 18pt; color: #ffffff;\">PRENOTA ORA<\/span><\/strong><\/h3>\n<p>[\/vc_column_text][\/vc_column][\/vc_row]<\/p>\n<\/div>","protected":false},"excerpt":{"rendered":"<p>[vc_row full_width=&#8221;stretch_row_content_no_spaces&#8221;][vc_column][vc_column_text css=&#8221;.vc_custom_1743419611407{background-color: #F6EB14 !important;background-position: center !important;background-repeat: no-repeat !important;background-size: cover !important;}&#8221; css_animation=&#8221;fadeIn&#8221;] FLAMENCO [\/vc_column_text][\/vc_column][\/vc_row][vc_row][vc_column][vc_column_text] Lo spettacolo di flamenco a Tenerife&#8230;<\/p>\n","protected":false},"featured_media":347553,"template":"","meta":{"_acf_changed":false,"_seopress_robots_primary_cat":"2302","_seopress_titles_title":"Flamenco a Tenerife, prenota online lo spettacolo pi\u00f9 autentico.","_seopress_titles_desc":"Goditi il \u200b\u200bmiglior intrattenimento dell'isola con lo spettacolo di flamenco a Tenerife. Prenota il tuo biglietto online con Tenerife Trips.","_seopress_robots_index":""},"product_brand":[],"product_cat":[2302],"product_tag":[2869,2870],"class_list":{"0":"post-347860","1":"product","2":"type-product","3":"status-publish","4":"has-post-thumbnail","6":"product_cat-spettacoli","7":"product_tag-flamenco-a-tenerife","8":"product_tag-spettacolo-flamenco-a-tenerife","10":"first","11":"instock","12":"virtual","13":"sold-individually","14":"taxable","15":"purchasable","16":"product-type-booking"},"booking_location":"","booking_location_type":"","booking_duration":1,"booking_duration_unit":"day","booking_buffer":0,"booking_cost":0,"booking_resources":[],"acf":[],"_links":{"self":[{"href":"https:\/\/tenerife-trips.com\/it\/wp-json\/wp\/v2\/product\/347860","targetHints":{"allow":["GET"]}}],"collection":[{"href":"https:\/\/tenerife-trips.com\/it\/wp-json\/wp\/v2\/product"}],"about":[{"href":"https:\/\/tenerife-trips.com\/it\/wp-json\/wp\/v2\/types\/product"}],"wp:featuredmedia":[{"embeddable":true,"href":"https:\/\/tenerife-trips.com\/it\/wp-json\/wp\/v2\/media\/347553"}],"wp:attachment":[{"href":"https:\/\/tenerife-trips.com\/it\/wp-json\/wp\/v2\/media?parent=347860"}],"wp:term":[{"taxonomy":"product_brand","embeddable":true,"href":"https:\/\/tenerife-trips.com\/it\/wp-json\/wp\/v2\/product_brand?post=347860"},{"taxonomy":"product_cat","embeddable":true,"href":"https:\/\/tenerife-trips.com\/it\/wp-json\/wp\/v2\/product_cat?post=347860"},{"taxonomy":"product_tag","embeddable":true,"href":"https:\/\/tenerife-trips.com\/it\/wp-json\/wp\/v2\/product_tag?post=347860"}],"curies":[{"name":"wp","href":"https:\/\/api.w.org\/{rel}","templated":true}]}}