{"id":383036,"date":"2022-07-07T14:28:22","date_gmt":"2022-07-07T13:28:22","guid":{"rendered":"https:\/\/tenerife-trips.com\/?post_type=product&#038;p=383036"},"modified":"2025-12-02T20:08:54","modified_gmt":"2025-12-02T20:08:54","slug":"trekking-a-tenerife","status":"publish","type":"product","link":"https:\/\/tenerife-trips.com\/it\/product\/attivita-allaperto\/trekking-a-tenerife\/","title":{"rendered":"CAMMINATA TENO"},"content":{"rendered":"<div class=\"wpb-content-wrapper\"><p>[vc_row full_width=&#8221;stretch_row_content_no_spaces&#8221;][vc_column][vc_column_text css=&#8221;.vc_custom_1743417567358{background-color: #F6EB14 !important;background-position: center !important;background-repeat: no-repeat !important;background-size: cover !important;}&#8221; css_animation=&#8221;fadeIn&#8221;]<\/p>\n<h1 class=\"title-h2\" style=\"text-align: center;\"><span style=\"font-size: 18pt; color: #312c7a;\">CAMMINATA TENO<\/span><\/h1>\n<p>[\/vc_column_text][\/vc_column][\/vc_row][vc_row][vc_column][vc_column_text]<\/p>\n<p style=\"text-align: center;\">Il trekking a Tenerife \u00e8 una delle migliori esperienze da fare; scopra il <a href=\"https:\/\/it.frwiki.wiki\/wiki\/Massif_de_Teno#:~:text=Il%20massiccio%20del%20Teno%20(in,altitudine%20a%20Cruz%20de%20Gala.\" target=\"_blank\" rel=\"noopener\">Massiccio del Teno<\/a>, una delle zone pi\u00f9 autentiche dell&#8217;isola!<\/p>\n<p style=\"text-align: center;\"><strong>\u21d3 Veda ulteriore descrizione di seguito \u21d3<\/strong><\/p>\n<p>[\/vc_column_text][\/vc_column][\/vc_row][vc_row full_width=&#8221;stretch_row_content&#8221; full_height=&#8221;yes&#8221; css=&#8221;.vc_custom_1576192123211{background-color: #312c7a !important;background-position: center !important;background-repeat: no-repeat !important;background-size: cover !important;}&#8221;][vc_column]<div class=\"gem-vimeo gem-wrapbox gem-wrapbox-style-no-style rounded-corners gem-wrapbox-position-below\" style=\"width: 100%;\"><div class=\"gem-wrapbox-inner gem-ratio-style\" style=\"padding-top: 56.25%\"><iframe webkitallowfullscreen=\"true\" mozallowfullscreen=\"true\" allowfullscreen=\"true\" class=\"gem-wrapbox-element img-responsive\" frameborder=\"0\" scrolling=\"no\" marginheight=\"0\" marginwidth=\"0\" src=\"\/\/player.vimeo.com\/video\/307157460?title=0&amp;byline=0&amp;portrait=0 \"><\/iframe><\/div><\/div>[vc_empty_space]<div class=\"preloader\"><div class=\"preloader-spin\"><\/div><\/div> <div id=\"gem-gallery-69db8379c6eb3\" class=\"gem-gallery gem-gallery-hover-zooming-blur\"> <div class=\"gem-gallery-item\"> <div class=\"gem-gallery-item-image\"> <a href=\"https:\/\/tenerife-trips.com\/wp-content\/uploads\/2022\/07\/senderismo-Tenerife-scaled-thegem-gallery-sidebar.png\" data-fancybox-group=\"gallery-69db8379c6eb3\" data-full-image-url=\"https:\/\/tenerife-trips.com\/wp-content\/uploads\/2022\/07\/senderismo-Tenerife-scaled.png\"> <svg width=\"20\" height=\"10\"><path d=\"M 0,10 Q 9,9 10,0 Q 11,9 20,10\" \/><\/svg> <img src=\"https:\/\/tenerife-trips.com\/wp-content\/uploads\/2022\/07\/senderismo-Tenerife-scaled-thegem-post-thumb-small.png\" alt=\"senderismo Tenerife\" class=\"img-responsive\"> <span class=\"gem-gallery-caption slide-info\"> <\/span> <\/a> <span class=\"gem-gallery-line\"><\/span> <\/div> <\/div> <div class=\"gem-gallery-item\"> <div class=\"gem-gallery-item-image\"> <a href=\"https:\/\/tenerife-trips.com\/wp-content\/uploads\/2022\/07\/wandern-Teneriffa-1-scaled-thegem-gallery-sidebar.png\" data-fancybox-group=\"gallery-69db8379c6eb3\" data-full-image-url=\"https:\/\/tenerife-trips.com\/wp-content\/uploads\/2022\/07\/wandern-Teneriffa-1-scaled.png\"> <svg width=\"20\" height=\"10\"><path d=\"M 0,10 Q 9,9 10,0 Q 11,9 20,10\" \/><\/svg> <img src=\"https:\/\/tenerife-trips.com\/wp-content\/uploads\/2022\/07\/wandern-Teneriffa-1-scaled-thegem-post-thumb-small.png\" alt=\"wandern Teneriffa\" class=\"img-responsive\"> <span class=\"gem-gallery-caption slide-info\"> <\/span> <\/a> <span class=\"gem-gallery-line\"><\/span> <\/div> <\/div> <div class=\"gem-gallery-item\"> <div class=\"gem-gallery-item-image\"> <a href=\"https:\/\/tenerife-trips.com\/wp-content\/uploads\/2022\/07\/wandern-Teneriffa-scaled-thegem-gallery-sidebar.png\" data-fancybox-group=\"gallery-69db8379c6eb3\" data-full-image-url=\"https:\/\/tenerife-trips.com\/wp-content\/uploads\/2022\/07\/wandern-Teneriffa-scaled.png\"> <svg width=\"20\" height=\"10\"><path d=\"M 0,10 Q 9,9 10,0 Q 11,9 20,10\" \/><\/svg> <img src=\"https:\/\/tenerife-trips.com\/wp-content\/uploads\/2022\/07\/wandern-Teneriffa-scaled-thegem-post-thumb-small.png\" alt=\"wandern Teneriffa\" class=\"img-responsive\"> <span class=\"gem-gallery-caption slide-info\"> <\/span> <\/a> <span class=\"gem-gallery-line\"><\/span> <\/div> <\/div> <div class=\"gem-gallery-item\"> <div class=\"gem-gallery-item-image\"> <a href=\"https:\/\/tenerife-trips.com\/wp-content\/uploads\/2022\/07\/trekking-Tenerife-scaled-thegem-gallery-sidebar.png\" data-fancybox-group=\"gallery-69db8379c6eb3\" data-full-image-url=\"https:\/\/tenerife-trips.com\/wp-content\/uploads\/2022\/07\/trekking-Tenerife-scaled.png\"> <svg width=\"20\" height=\"10\"><path d=\"M 0,10 Q 9,9 10,0 Q 11,9 20,10\" \/><\/svg> <img src=\"https:\/\/tenerife-trips.com\/wp-content\/uploads\/2022\/07\/trekking-Tenerife-scaled-thegem-post-thumb-small.png\" alt=\"trekking Tenerife\" class=\"img-responsive\"> <span class=\"gem-gallery-caption slide-info\"> <\/span> <\/a> <span class=\"gem-gallery-line\"><\/span> <\/div> <\/div> <div class=\"gem-gallery-item\"> <div class=\"gem-gallery-item-image\"> <a href=\"https:\/\/tenerife-trips.com\/wp-content\/uploads\/2022\/07\/hiking-Tenerife-scaled-thegem-gallery-sidebar.png\" data-fancybox-group=\"gallery-69db8379c6eb3\" data-full-image-url=\"https:\/\/tenerife-trips.com\/wp-content\/uploads\/2022\/07\/hiking-Tenerife-scaled.png\"> <svg width=\"20\" height=\"10\"><path d=\"M 0,10 Q 9,9 10,0 Q 11,9 20,10\" \/><\/svg> <img src=\"https:\/\/tenerife-trips.com\/wp-content\/uploads\/2022\/07\/hiking-Tenerife-scaled-thegem-post-thumb-small.png\" alt=\"hiking Tenerife\" class=\"img-responsive\"> <span class=\"gem-gallery-caption slide-info\"> <\/span> <\/a> <span class=\"gem-gallery-line\"><\/span> <\/div> <\/div> <div class=\"gem-gallery-item\"> <div class=\"gem-gallery-item-image\"> <a href=\"https:\/\/tenerife-trips.com\/wp-content\/uploads\/2022\/07\/hiking-Tenerife-1-scaled-thegem-gallery-sidebar.png\" data-fancybox-group=\"gallery-69db8379c6eb3\" data-full-image-url=\"https:\/\/tenerife-trips.com\/wp-content\/uploads\/2022\/07\/hiking-Tenerife-1-scaled.png\"> <svg width=\"20\" height=\"10\"><path d=\"M 0,10 Q 9,9 10,0 Q 11,9 20,10\" \/><\/svg> <img src=\"https:\/\/tenerife-trips.com\/wp-content\/uploads\/2022\/07\/hiking-Tenerife-1-scaled-thegem-post-thumb-small.png\" alt=\"hiking Tenerife\" class=\"img-responsive\"> <span class=\"gem-gallery-caption slide-info\"> <\/span> <\/a> <span class=\"gem-gallery-line\"><\/span> <\/div> <\/div> <div class=\"gem-gallery-item\"> <div class=\"gem-gallery-item-image\"> <a href=\"https:\/\/tenerife-trips.com\/wp-content\/uploads\/2022\/07\/senderismo-Tenerife-1-scaled-thegem-gallery-sidebar.png\" data-fancybox-group=\"gallery-69db8379c6eb3\" data-full-image-url=\"https:\/\/tenerife-trips.com\/wp-content\/uploads\/2022\/07\/senderismo-Tenerife-1-scaled.png\"> <svg width=\"20\" height=\"10\"><path d=\"M 0,10 Q 9,9 10,0 Q 11,9 20,10\" \/><\/svg> <img src=\"https:\/\/tenerife-trips.com\/wp-content\/uploads\/2022\/07\/senderismo-Tenerife-1-scaled-thegem-post-thumb-small.png\" alt=\"senderismo Tenerife\" class=\"img-responsive\"> <span class=\"gem-gallery-caption slide-info\"> <\/span> <\/a> <span class=\"gem-gallery-line\"><\/span> <\/div> <\/div> <div class=\"gem-gallery-item\"> <div class=\"gem-gallery-item-image\"> <a href=\"https:\/\/tenerife-trips.com\/wp-content\/uploads\/2022\/07\/trekking-Tenerife-1-scaled-thegem-gallery-sidebar.png\" data-fancybox-group=\"gallery-69db8379c6eb3\" data-full-image-url=\"https:\/\/tenerife-trips.com\/wp-content\/uploads\/2022\/07\/trekking-Tenerife-1-scaled.png\"> <svg width=\"20\" height=\"10\"><path d=\"M 0,10 Q 9,9 10,0 Q 11,9 20,10\" \/><\/svg> <img src=\"https:\/\/tenerife-trips.com\/wp-content\/uploads\/2022\/07\/trekking-Tenerife-1-scaled-thegem-post-thumb-small.png\" alt=\"trekking Tenerife\" class=\"img-responsive\"> <span class=\"gem-gallery-caption slide-info\"> <\/span> <\/a> <span class=\"gem-gallery-line\"><\/span> <\/div> <\/div> <\/div>[vc_empty_space][\/vc_column][\/vc_row][vc_row full_width=&#8221;stretch_row&#8221; css=&#8221;.vc_custom_1600437606350{background-color: #312c7a !important;background-position: center !important;background-repeat: no-repeat !important;background-size: cover !important;}&#8221;][vc_column][vc_column_text]<\/p>\n<h3 style=\"text-align: center;\"><span style=\"color: #ffffff;\"><span style=\"font-size: 18pt;\">DESCRIZIONE<\/span><\/span><\/h3>\n<p>[\/vc_column_text][\/vc_column][\/vc_row][vc_row][vc_column][vc_tta_accordion style=&#8221;simple_solid&#8221; color=&#8221;blue&#8221; c_icon=&#8221;chevron&#8221; active_section=&#8221;-0&#8243; collapsible_all=&#8221;true&#8221;][vc_tta_section title=&#8221;SPIEGAZIONE ESCURSIONE&#8221; tab_id=&#8221;1577671091617-0af8eee0-94027ef3-2caf4681-986c&#8221;][vc_column_text]<\/p>\n<h3><span style=\"font-size: 12pt;\">IL TREKKING A TENERIFE \u00c8 SICURAMENTE UNA DELLE <a href=\"https:\/\/www.tenerife-trips.com\/attivita-a-tenerife\/?lang=it\" target=\"_blank\" rel=\"noopener\">MIGLIORI ATTIVIT\u00c0<\/a> DA FARE DURANTE LA SUA VACANZA. IN QUESTA CAMMINATA SCOPRIr\u00e0 LA FAMOSA ZONA DEL <a href=\"https:\/\/it.frwiki.wiki\/wiki\/Massif_de_Teno#:~:text=Il%20massiccio%20del%20Teno%20(in,altitudine%20a%20Cruz%20de%20Gala.\" target=\"_blank\" rel=\"noopener\">MASSICCIO DEL TENO<\/a>, A NORD OVEST DELL&#8217;ISOLA.<\/span><\/h3>\n<p>Il nostro viaggio parte dalla zona di <a href=\"https:\/\/maps.app.goo.gl\/mfkDxQSKvVMjeei57\" target=\"_blank\" rel=\"noopener\">Santiago del Teide<\/a> ad un&#8217;altitudine di 870 metri sul livello del mare. Da qu\u00ec ci incamminiamo verso il paese di <a href=\"https:\/\/goo.gl\/maps\/xJRJK2LkkSQn9MhSA\" target=\"_blank\" rel=\"noopener\">Tamaimo<\/a>, passandovi vicino. Il percorso \u00e8 circolare e ritorna al punto di partenza.<\/p>\n<p>Durante questo trekking a Tenerife cammineremo su un sentiero ricco di viste mozzafiato delle montagne e dell&#8217;oceano. La nostra guida locale esperta le fornir\u00e0 informazioni interessanti sulle piante, la storia, le formazioni geologiche, ecc.<\/p>\n<h3><span style=\"font-size: 12pt;\">IL PERCORSO DI QUESTA ESCURSIONE DI TREKKING A TENERIFE \u00c8 sia IN DISCESA che in salita ED \u00c8 LUNGHO CIRCA 6 KM. LA DURATA DELLA CAMMINATA \u00c8 DI CIRCA 3,5 ORE; OVVIAMENTE FAREMO UNA PAUSA PER MANGIARE E RIPOSARE UN PO&#8217; A MET\u00c0 DEL TRAGITTO.<\/span><\/h3>\n<p>La camminata presenta un dislivello di +352m\/-352m. La difficolt\u00e0 di questa esperienza di trekking a Tenerife \u00e8 media, ma richiede una buona forma fisica. La nostra guida ha il diritto di porre fine alla camminata dei clienti che secondo lui rischiano di farsi male.<\/p>\n<p>Bisogna portare almeno 1 litro d&#8217;acqua e qualcosa da mangiare. Idealmente si dovrebbero indossare scarpe comode e un cappello per il sole ed avere con s\u00e8 la crema solare.[\/vc_column_text][\/vc_tta_section][vc_tta_section title=&#8221;ORARIO E TRASPORTO&#8221; tab_id=&#8221;1577671091666-736a5870-75e37ef3-2caf4681-986c&#8221;][vc_column_text]Per questa escursione di trekking a Tenerife \u00e8 disponibile un servizio di trasporto da sud e da ovest, nella zona compresa tra El Medano e Los Gigantes; le consigliamo di verificare la disponibilit\u00e0 del trasporto dalla sua zona prima di prenotare con il nostro servizio clienti tramite la chat dal vivo.<\/p>\n<p><span style=\"text-decoration: underline;\"><span style=\"color: #ff0000; text-decoration: underline;\">PROGRAMMA:<\/span><\/span><\/p>\n<p>Tutti i mercoled\u00ec.<\/p>\n<p><strong>Guardi il video, si faccia un&#8217;idea di cosa si tratta e prenoti ora!<\/strong>[\/vc_column_text][\/vc_tta_section][\/vc_tta_accordion]<style type=\"text\/css\">.thegem-button-69db8379c988f70 .gem-button svg {fill: #ffffff;}.thegem-button-69db8379c988f70 .gem-button:hover svg {fill: #312c7a;}<\/style><div class=\"gem-button-container gem-button-position-center thegem-button-69db8379c988f70    \"  ><a class=\"gem-button gem-button-size-small gem-button-style-flat gem-button-text-weight-normal\" data-ll-effect=\"drop-right-without-wrap\" style=\"border-radius: 3px;background-color: #312c7a;color: #ffffff;\" onmouseleave=\"this.style.backgroundColor='#312c7a';this.style.color='#ffffff';\" onmouseenter=\"this.style.backgroundColor='#f6eb14';this.style.color='#312c7a';\" href=\"#prezzi-teno\" target=\"_self\">PREZZI<\/a><\/div> [\/vc_column][\/vc_row][vc_row full_width=&#8221;stretch_row_content&#8221; css=&#8221;.vc_custom_1600437633584{background-color: #312c7a !important;background-position: center !important;background-repeat: no-repeat !important;background-size: cover !important;}&#8221;][vc_column][vc_column_text]<\/p>\n<h3 style=\"text-align: center;\"><span style=\"color: #ffffff;\"><strong><span style=\"font-size: 18pt;\">PRENOTA ORA<\/span><\/strong><\/span><\/h3>\n<p>[\/vc_column_text][vc_empty_space height=&#8221;10px&#8221; el_id=&#8221;prezzi-teno&#8221;][\/vc_column][\/vc_row]<\/p>\n<\/div>","protected":false},"excerpt":{"rendered":"<p>[vc_row full_width=&#8221;stretch_row_content_no_spaces&#8221;][vc_column][vc_column_text css=&#8221;.vc_custom_1743417567358{background-color: #F6EB14 !important;background-position: center !important;background-repeat: no-repeat !important;background-size: cover !important;}&#8221; css_animation=&#8221;fadeIn&#8221;] CAMMINATA TENO [\/vc_column_text][\/vc_column][\/vc_row][vc_row][vc_column][vc_column_text] Il trekking a Tenerife \u00e8&#8230;<\/p>\n","protected":false},"featured_media":383103,"template":"","meta":{"_acf_changed":false,"_seopress_robots_primary_cat":"2301","_seopress_titles_title":"Trekking a Tenerife, scopra il Massiccio del Teno","_seopress_titles_desc":"Il trekking a Tenerife \u00e8 una delle migliori attivit\u00e0 da fare durante la sua vacanza sull&#039;isola. Scopra la zona del Massiccio del Teno","_seopress_robots_index":""},"product_brand":[],"product_cat":[2301],"product_tag":[2883,2884],"class_list":{"0":"post-383036","1":"product","2":"type-product","3":"status-publish","4":"has-post-thumbnail","6":"product_cat-attivita-allaperto","7":"product_tag-trekking-a-tenerife","8":"product_tag-trekking-tenerife-it","10":"first","11":"instock","12":"virtual","13":"sold-individually","14":"taxable","15":"purchasable","16":"product-type-booking"},"booking_location":"","booking_location_type":"","booking_duration":1,"booking_duration_unit":"day","booking_buffer":0,"booking_cost":0,"booking_resources":[],"acf":[],"_links":{"self":[{"href":"https:\/\/tenerife-trips.com\/it\/wp-json\/wp\/v2\/product\/383036","targetHints":{"allow":["GET"]}}],"collection":[{"href":"https:\/\/tenerife-trips.com\/it\/wp-json\/wp\/v2\/product"}],"about":[{"href":"https:\/\/tenerife-trips.com\/it\/wp-json\/wp\/v2\/types\/product"}],"wp:featuredmedia":[{"embeddable":true,"href":"https:\/\/tenerife-trips.com\/it\/wp-json\/wp\/v2\/media\/383103"}],"wp:attachment":[{"href":"https:\/\/tenerife-trips.com\/it\/wp-json\/wp\/v2\/media?parent=383036"}],"wp:term":[{"taxonomy":"product_brand","embeddable":true,"href":"https:\/\/tenerife-trips.com\/it\/wp-json\/wp\/v2\/product_brand?post=383036"},{"taxonomy":"product_cat","embeddable":true,"href":"https:\/\/tenerife-trips.com\/it\/wp-json\/wp\/v2\/product_cat?post=383036"},{"taxonomy":"product_tag","embeddable":true,"href":"https:\/\/tenerife-trips.com\/it\/wp-json\/wp\/v2\/product_tag?post=383036"}],"curies":[{"name":"wp","href":"https:\/\/api.w.org\/{rel}","templated":true}]}}