{"id":434074,"date":"2022-12-17T00:59:45","date_gmt":"2022-12-17T00:59:45","guid":{"rendered":"https:\/\/tenerife-trips.com\/?post_type=product&#038;p=434074"},"modified":"2025-12-02T20:08:20","modified_gmt":"2025-12-02T20:08:20","slug":"tour-in-jeep-tenerife","status":"publish","type":"product","link":"https:\/\/tenerife-trips.com\/it\/product\/avventure-terrestri\/tour-in-jeep-tenerife\/","title":{"rendered":"JEEP COME PASSEGGERO"},"content":{"rendered":"<div class=\"wpb-content-wrapper\"><p>[vc_row full_width=&#8221;stretch_row_content_no_spaces&#8221;][vc_column][vc_column_text css=&#8221;.vc_custom_1743417460386{background-color: #F6EB14 !important;background-position: center !important;background-repeat: no-repeat !important;background-size: cover !important;}&#8221; css_animation=&#8221;fadeIn&#8221;]<\/p>\n<h1 class=\"title-h2\" style=\"text-align: center;\"><span style=\"font-size: 18pt; color: #312c7a;\">JEEP COME PASSEGGERO<\/span><\/h1>\n<p>[\/vc_column_text][\/vc_column][\/vc_row][vc_row][vc_column][vc_column_text]<\/p>\n<p style=\"text-align: center;\"><span style=\"font-size: 14pt;\">Un tour in jeep a Tenerife \u00e8 senza dubbio uno dei modi migliori per scoprire l&#8217;isola!<\/span><\/p>\n<p style=\"text-align: center;\"><span style=\"font-size: 14pt;\"><strong>\u21d3 Veda ulteriore descrizione di seguito \u21d3<\/strong><\/span><\/p>\n<p>[\/vc_column_text][\/vc_column][\/vc_row][vc_row full_width=&#8221;stretch_row_content&#8221; full_height=&#8221;yes&#8221; css=&#8221;.vc_custom_1576192123211{background-color: #312c7a !important;background-position: center !important;background-repeat: no-repeat !important;background-size: cover !important;}&#8221;][vc_column]<div class=\"gem-vimeo gem-wrapbox gem-wrapbox-style-no-style rounded-corners gem-wrapbox-position-below\" style=\"width: 100%;\"><div class=\"gem-wrapbox-inner gem-ratio-style\" style=\"padding-top: 56.25%\"><iframe webkitallowfullscreen=\"true\" mozallowfullscreen=\"true\" allowfullscreen=\"true\" class=\"gem-wrapbox-element img-responsive\" frameborder=\"0\" scrolling=\"no\" marginheight=\"0\" marginwidth=\"0\" src=\"\/\/player.vimeo.com\/video\/780823901?title=0&amp;byline=0&amp;portrait=0 \"><\/iframe><\/div><\/div>[vc_empty_space]<div class=\"preloader\"><div class=\"preloader-spin\"><\/div><\/div> <div id=\"gem-gallery-69dea23e302da\" class=\"gem-gallery gem-gallery-hover-zooming-blur\"> <div class=\"gem-gallery-item\"> <div class=\"gem-gallery-item-image\"> <a href=\"https:\/\/tenerife-trips.com\/wp-content\/uploads\/2022\/12\/tour-in-jeep-Tenerife-thegem-gallery-sidebar.png\" data-fancybox-group=\"gallery-69dea23e302da\" data-full-image-url=\"https:\/\/tenerife-trips.com\/wp-content\/uploads\/2022\/12\/tour-in-jeep-Tenerife.png\"> <svg width=\"20\" height=\"10\"><path d=\"M 0,10 Q 9,9 10,0 Q 11,9 20,10\" \/><\/svg> <img src=\"https:\/\/tenerife-trips.com\/wp-content\/uploads\/2022\/12\/tour-in-jeep-Tenerife-thegem-post-thumb-small.png\" alt=\"tour in jeep Tenerife\" class=\"img-responsive\"> <span class=\"gem-gallery-caption slide-info\"> <\/span> <\/a> <span class=\"gem-gallery-line\"><\/span> <\/div> <\/div> <div class=\"gem-gallery-item\"> <div class=\"gem-gallery-item-image\"> <a href=\"https:\/\/tenerife-trips.com\/wp-content\/uploads\/2022\/12\/jeep-Tenerife-2-thegem-gallery-sidebar.png\" data-fancybox-group=\"gallery-69dea23e302da\" data-full-image-url=\"https:\/\/tenerife-trips.com\/wp-content\/uploads\/2022\/12\/jeep-Tenerife-2.png\"> <svg width=\"20\" height=\"10\"><path d=\"M 0,10 Q 9,9 10,0 Q 11,9 20,10\" \/><\/svg> <img src=\"https:\/\/tenerife-trips.com\/wp-content\/uploads\/2022\/12\/jeep-Tenerife-2-thegem-post-thumb-small.png\" alt=\"jeep tour Tenerife\" class=\"img-responsive\"> <span class=\"gem-gallery-caption slide-info\"> <\/span> <\/a> <span class=\"gem-gallery-line\"><\/span> <\/div> <\/div> <div class=\"gem-gallery-item\"> <div class=\"gem-gallery-item-image\"> <a href=\"https:\/\/tenerife-trips.com\/wp-content\/uploads\/2022\/12\/jeep-tenerife-1-thegem-gallery-sidebar.png\" data-fancybox-group=\"gallery-69dea23e302da\" data-full-image-url=\"https:\/\/tenerife-trips.com\/wp-content\/uploads\/2022\/12\/jeep-tenerife-1.png\"> <svg width=\"20\" height=\"10\"><path d=\"M 0,10 Q 9,9 10,0 Q 11,9 20,10\" \/><\/svg> <img src=\"https:\/\/tenerife-trips.com\/wp-content\/uploads\/2022\/12\/jeep-tenerife-1-thegem-post-thumb-small.png\" alt=\"\" class=\"img-responsive\"> <span class=\"gem-gallery-caption slide-info\"> <\/span> <\/a> <span class=\"gem-gallery-line\"><\/span> <\/div> <\/div> <div class=\"gem-gallery-item\"> <div class=\"gem-gallery-item-image\"> <a href=\"https:\/\/tenerife-trips.com\/wp-content\/uploads\/2022\/12\/jeep-Tenerife-3-thegem-gallery-sidebar.png\" data-fancybox-group=\"gallery-69dea23e302da\" data-full-image-url=\"https:\/\/tenerife-trips.com\/wp-content\/uploads\/2022\/12\/jeep-Tenerife-3.png\"> <svg width=\"20\" height=\"10\"><path d=\"M 0,10 Q 9,9 10,0 Q 11,9 20,10\" \/><\/svg> <img src=\"https:\/\/tenerife-trips.com\/wp-content\/uploads\/2022\/12\/jeep-Tenerife-3-thegem-post-thumb-small.png\" alt=\"\" class=\"img-responsive\"> <span class=\"gem-gallery-caption slide-info\"> <\/span> <\/a> <span class=\"gem-gallery-line\"><\/span> <\/div> <\/div> <div class=\"gem-gallery-item\"> <div class=\"gem-gallery-item-image\"> <a href=\"https:\/\/tenerife-trips.com\/wp-content\/uploads\/2022\/12\/jeep-Tenerife-4-thegem-gallery-sidebar.png\" data-fancybox-group=\"gallery-69dea23e302da\" data-full-image-url=\"https:\/\/tenerife-trips.com\/wp-content\/uploads\/2022\/12\/jeep-Tenerife-4.png\"> <svg width=\"20\" height=\"10\"><path d=\"M 0,10 Q 9,9 10,0 Q 11,9 20,10\" \/><\/svg> <img src=\"https:\/\/tenerife-trips.com\/wp-content\/uploads\/2022\/12\/jeep-Tenerife-4-thegem-post-thumb-small.png\" alt=\"\" class=\"img-responsive\"> <span class=\"gem-gallery-caption slide-info\"> <\/span> <\/a> <span class=\"gem-gallery-line\"><\/span> <\/div> <\/div> <\/div>[vc_empty_space][\/vc_column][\/vc_row][vc_row full_width=&#8221;stretch_row&#8221; css=&#8221;.vc_custom_1600437606350{background-color: #312c7a !important;background-position: center !important;background-repeat: no-repeat !important;background-size: cover !important;}&#8221;][vc_column][vc_column_text]<\/p>\n<h3 style=\"text-align: center;\"><span style=\"color: #ffffff;\"><span style=\"font-size: 18pt;\">DESCRIZIONE<\/span><\/span><\/h3>\n<p>[\/vc_column_text][\/vc_column][\/vc_row][vc_row][vc_column][vc_tta_accordion style=&#8221;simple_solid&#8221; color=&#8221;blue&#8221; c_icon=&#8221;chevron&#8221; active_section=&#8221;-0&#8243; collapsible_all=&#8221;true&#8221;][vc_tta_section title=&#8221;SPIEGAZIONE ESCURSIONE&#8221; tab_id=&#8221;1577671091617-0af8eee0-94027ef3-2caf4681-986cadf3-3e76&#8243;][vc_column_text]<span style=\"font-size: 14pt;\">Prima di tutto dobbiamo dire che il tour in jeep Tenerife \u00e8 sicuramente una delle <a href=\"https:\/\/www.tenerife-trips.com\/attivita-a-tenerife\/?lang=it\" target=\"_blank\" rel=\"noopener\">migliori escursioni<\/a> per visitare l&#8217;isola!<\/span><\/p>\n<p><span style=\"font-size: 14pt;\">I veicoli possono portare a bordo un massimo di 9 persone (8 passeggeri e l&#8217;autista). Durante il tour in jeep a Tenerife o nelle altre isole potrete godere meglio dei paesaggi dei fantastici luoghi che andrete a visitare. Anche se farete parte di un gruppo, avrete un autista solo per voi che vi spiegher\u00e0 e fornir\u00e0 informazioni interessanti durante tutta l&#8217;escursione. In altre parole, avrete la sensazione di essere in un tour privato.<\/span><\/p>\n<h3><span style=\"font-size: 12pt;\">SONO DISPONIBILI DIVERSI ITINERARI PER IL TOUR IN JEEP TENERIFE:<\/span><\/h3>\n<ul>\n<li><span style=\"font-size: 14pt;\"><span style=\"text-decoration: underline;\"><strong>Teide mezza giornata:<\/strong><\/span> in questo tour si visita il centro del Parco Nazionale del Teide con sosta al &#8220;<a href=\"https:\/\/goo.gl\/maps\/5t7cNVoaVk1xRZKk6\" target=\"_blank\" rel=\"noopener\">Parador de Ca\u00f1adas del Teide<\/a>&#8220;. La durata \u00e8 di circa 5 ore, approssimativamente dalle 9:00 alle 13:30. Per chiarire, l&#8217;escursione non include il viaggio in funivia. Il servizio di trasporto \u00e8 disponibile dal sud di Tenerife il marted\u00ec, mercoled\u00ec, gioved\u00ec e sabato. Le lingue disponibili sono spagnolo, inglese, tedesco, francese, italiano e olandese.<\/span><\/li>\n<li><span style=\"font-size: 14pt;\"><span style=\"text-decoration: underline;\"><strong>Teide e Masca:<\/strong><\/span> in questo tour in jeep a Tenerife si visita il centro del Parco Nazionale del Teide con sosta al &#8220;Parador de Ca\u00f1adas del Teide&#8221; e il paese di <a href=\"https:\/\/goo.gl\/maps\/NBGsjTNeTUGP7MTs9\" target=\"_blank\" rel=\"noopener\">Masca<\/a>. La durata \u00e8 di circa 7 ore, approssimativamente dalle 9:00 alle 16:00. Il servizio di trasporto \u00e8 disponibile dal sud di Tenerife il luned\u00ec, marted\u00ec, mercoled\u00ec, gioved\u00ec, venerd\u00ec e sabato. Le lingue disponibili sono spagnolo, inglese, tedesco, francese, italiano, olandese e polacco. Ci si ferma anche per pranzare al ristorante (non incluso nel prezzo).<\/span><\/li>\n<li><span style=\"font-size: 14pt;\"><span style=\"text-decoration: underline;\"><strong>Masca:<\/strong><\/span> in questo tour in jeep a Tenerife si visitano Garachico, Icod de los Vinos e il famoso paese di Masca nella zona del Massiccio di Teno. La durata \u00e8 di circa 7 ore, indicativamente dalle 9:00 alle 16:00. Il servizio di trasporto \u00e8 disponibile da Puerto de la Cruz il mercoled\u00ec. Le lingue disponibili sono spagnolo, inglese, tedesco, francese e italiano. Ci si ferma anche per pranzare al ristorante (non incluso nel prezzo).<\/span><\/li>\n<\/ul>\n<h3><span style=\"font-size: 12pt;\">OLTRE AL TOUR IN JEEP A TENERIFE \u00c8 POSSIBILE VISITARE ANCHE UN&#8217;ALTRA ISOLA PARTENDO DA TENERIFE:<\/span><\/h3>\n<ul>\n<li><span style=\"font-size: 14pt;\"><span style=\"text-decoration: underline;\"><strong>La Gomera:<\/strong><\/span> in questo tour si prende il traghetto da Los Cristianos e si va a visitare l&#8217;isola di La Gomera. Il viaggio in barca dura circa 50 minuti a tratta. L&#8217;escursione visita le zone di San Sebasti\u00e1n de La Gomera, Hermigua, Agulo, Laguna Grande e il Parco Nazionale del Garajonay. Durante il viaggio ci fermiamo in un tipico ristorante canario per pranzare (incluso nel prezzo). Inoltre, si assister\u00e0 a una dimostrazione della lingua fischiata &#8220;<a href=\"https:\/\/it.wikipedia.org\/wiki\/Silbo_gomero\" target=\"_blank\" rel=\"noopener\">Silbo Gomero<\/a>&#8220;. La durata \u00e8 di circa 9\/10 ore, approssimativamente dalle 9:00 alle 18:00\/19:00. Il servizio di trasporto \u00e8 disponibile dal sud di Tenerife o da Puerto de la Cruz il luned\u00ec, marted\u00ec, mercoled\u00ec, gioved\u00ec, venerd\u00ec e sabato. Le lingue disponibili sono spagnolo, inglese, tedesco, francese, italiano, olandese e polacco. <span style=\"color: #ff0000;\">Per questa escursione i bambini da 0 a 2 anni pagano una tassa di 6,25 \u20ac per il traghetto. Tutte le persone che partecipano all&#8217;escursione a La Gomera devono portare con s\u00e9 un documento d&#8217;identit\u00e0 personale valido da esibire al momento dell&#8217;imbarco sul traghetto.<\/span><\/span><\/li>\n<\/ul>\n<p><span style=\"color: #ff0000;\"><strong><span style=\"font-size: 14pt;\">La preghiamo di contattare il nostro servizio clienti prima di prenotare il tour in jeep a Tenerife. Invii un messaggio attraverso la live chat o il numero whatsapp. Dobbiamo confermare la disponibilit\u00e0 dei tour, la lingua (vedere la tabella delle lingue nella sezione &#8220;servizio di trasporto e lingue&#8221;) e il servizio di trasporto dalla sua zona.<\/span><\/strong><\/span>[\/vc_column_text][\/vc_tta_section][vc_tta_section title=&#8221;SERVIZIO DI TRASPORTO E LINGUE&#8221; tab_id=&#8221;1577671091666-736a5870-75e37ef3-2caf4681-986cadf3-3e76&#8243;][vc_column_text]<span style=\"font-size: 14pt;\">Il servizio di trasporto nel sud di Tenerife \u00e8 disponibile nella zona tra Los Gigantes e El Medano. I tour da sud sono:<\/span><\/p>\n<ul>\n<li><span style=\"font-size: 14pt;\">Teide mezza giornata,<\/span><\/li>\n<li><span style=\"font-size: 14pt;\">Teide e Masca,<\/span><\/li>\n<li><span style=\"font-size: 14pt;\">La Gomera.<\/span><\/li>\n<\/ul>\n<p><span style=\"font-size: 14pt;\">Nel nord di Tenerife il servizio di trasporto \u00e8 disponibile da Puerto de la Cruz. I tour da nord sono:<\/span><\/p>\n<ul>\n<li><span style=\"font-size: 14pt;\">La Gomera,<\/span><\/li>\n<li><span style=\"font-size: 14pt;\">Masca.<\/span><\/li>\n<\/ul>\n<h3><span style=\"font-size: 12pt;\">Generalmente il punto di raccolta per il tour in jeep a Tenerife dipende dalla localit\u00e0.<\/span><\/h3>\n<p><span style=\"font-size: 14pt;\"> Infatti, potrebbe essere direttamente dal suo alloggio o da un punto vicino alla sua zona. In conclusione, le chiediamo di contattare il nostro servizio clienti per confermare la disponibilit\u00e0 e i dettagli del servizio di trasporto.<\/span><\/p>\n<p>&nbsp;<\/p>\n<h3><span style=\"text-decoration: underline; font-size: 12pt; color: #000000;\"><strong>LINGUE TOUR IN JEEP TENERIFE:<\/strong><\/span><\/h3>\n<table style=\"height: 143px; width: 100%; border-collapse: collapse; border-style: solid; border-color: #000000;\">\n<tbody>\n<tr style=\"border-style: solid; border-color: #000000;\">\n<td style=\"width: 14.2857%; height: 24px; border-style: solid; border-color: #000000; text-align: center;\"><span style=\"color: #0c610c;\"><strong>TOUR<\/strong><\/span><\/td>\n<td style=\"width: 14.2857%; height: 24px; border-style: solid; border-color: #000000; text-align: center;\"><span style=\"color: #ff6600;\"><strong>LUNED\u00cc<\/strong><\/span><\/td>\n<td style=\"width: 14.2857%; height: 24px; border-style: solid; border-color: #000000; text-align: center;\"><span style=\"color: #ff6600;\"><strong>MARTED\u00cc<\/strong><\/span><\/td>\n<td style=\"width: 14.2857%; height: 24px; border-style: solid; border-color: #000000; text-align: center;\"><span style=\"color: #ff6600;\"><strong>MERCOLED\u00cc<\/strong><\/span><\/td>\n<td style=\"width: 14.2857%; height: 24px; border-style: solid; border-color: #000000; text-align: center;\"><span style=\"color: #ff6600;\"><strong>GIOVED\u00cc<\/strong><\/span><\/td>\n<td style=\"width: 14.2857%; height: 24px; border-style: solid; border-color: #000000; text-align: center;\"><span style=\"color: #ff6600;\"><strong>VENERD\u00cc<\/strong><\/span><\/td>\n<td style=\"width: 14.2857%; height: 24px; border-style: solid; border-color: #000000; text-align: center;\"><span style=\"color: #ff6600;\"><strong>SABATO<\/strong><\/span><\/td>\n<\/tr>\n<tr style=\"border-style: solid; border-color: #000000;\">\n<td style=\"width: 14.2857%; height: 24px; border-style: solid; border-color: #000000; text-align: center;\"><span style=\"color: #0c610c;\"><strong>Teide mezza giornata<\/strong><\/span><\/td>\n<td style=\"width: 14.2857%; height: 24px; border-style: solid; border-color: #000000; text-align: center;\"><\/td>\n<td style=\"width: 14.2857%; height: 24px; border-style: solid; border-color: #000000; text-align: center;\">Inglese, spagnolo, francese, tedesco, olandese, italiano.<\/td>\n<td style=\"width: 14.2857%; height: 24px; border-style: solid; border-color: #000000; text-align: center;\">Spagnolo, francese, tedesco, olandese, italiano.<\/td>\n<td style=\"width: 14.2857%; height: 24px; border-style: solid; border-color: #000000; text-align: center;\">Inglese, spagnolo, francese, tedesco, olandese, italiano.<\/td>\n<td style=\"width: 14.2857%; height: 24px; border-style: solid; border-color: #000000; text-align: center;\"><\/td>\n<td style=\"width: 14.2857%; height: 24px; border-style: solid; border-color: #000000; text-align: center;\">Inglese, spagnolo, francese, tedesco, olandese, italiano.<\/td>\n<\/tr>\n<tr style=\"border-style: solid; border-color: #000000;\">\n<td style=\"width: 14.2857%; height: 24px; border-style: solid; border-color: #000000; text-align: center;\"><span style=\"color: #0c610c;\"><strong>Teide e Masca<\/strong><\/span><\/td>\n<td style=\"width: 14.2857%; height: 24px; border-style: solid; border-color: #000000; text-align: center;\">Spagnolo, francese, tedesco, olandese, italiano.<\/td>\n<td style=\"width: 14.2857%; height: 24px; border-style: solid; border-color: #000000; text-align: center;\">Inglese, spagnolo, francese, tedesco, olandese, italiano.<\/td>\n<td style=\"width: 14.2857%; height: 24px; border-style: solid; border-color: #000000; text-align: center;\">Spagnolo, francese, tedesco, olandese, italiano.<\/td>\n<td style=\"width: 14.2857%; height: 24px; border-style: solid; border-color: #000000; text-align: center;\">Inglese, spagnolo, francese, tedesco, olandese, italiano.<\/td>\n<td style=\"width: 14.2857%; height: 24px; border-style: solid; border-color: #000000; text-align: center;\">Spagnolo, francese, tedesco, olandese, italiano.<\/td>\n<td style=\"width: 14.2857%; height: 24px; border-style: solid; border-color: #000000; text-align: center;\">Inglese, spagnolo, francese, tedesco, olandese, italiano.<\/td>\n<\/tr>\n<tr style=\"border-style: solid; border-color: #000000;\">\n<td style=\"width: 14.2857%; height: 24px; border-style: solid; border-color: #000000; text-align: center;\"><span style=\"color: #0c610c;\"><strong>La Gomera da Puerto de la Cruz<\/strong><\/span><\/td>\n<td style=\"width: 14.2857%; height: 24px; border-style: solid; border-color: #000000; text-align: center;\">Inglese, spagnolo, francese, tedesco, olandese, italiano, polacco.<\/td>\n<td style=\"width: 14.2857%; height: 24px; border-style: solid; border-color: #000000; text-align: center;\"><\/td>\n<td style=\"width: 14.2857%; height: 24px; border-style: solid; border-color: #000000; text-align: center;\"><\/td>\n<td style=\"width: 14.2857%; height: 24px; border-style: solid; border-color: #000000; text-align: center;\"><\/td>\n<td style=\"width: 14.2857%; height: 24px; border-style: solid; border-color: #000000; text-align: center;\">Inglese, spagnolo, francese, tedesco, olandese, italiano.<\/td>\n<td style=\"width: 14.2857%; height: 24px; border-style: solid; border-color: #000000; text-align: center;\"><\/td>\n<\/tr>\n<tr style=\"border-style: solid; border-color: #000000;\">\n<td style=\"width: 14.2857%; height: 24px; border-style: solid; border-color: #000000; text-align: center;\"><span style=\"color: #0c610c;\"><strong>La Gomera dal sud<\/strong><\/span><\/td>\n<td style=\"width: 14.2857%; height: 24px; border-style: solid; border-color: #000000; text-align: center;\">Inglese, spagnolo, francese, tedesco, olandese, italiano, polacco.<\/td>\n<td style=\"width: 14.2857%; height: 24px; border-style: solid; border-color: #000000; text-align: center;\">Spagnolo, francese, tedesco, olandese, italiano.<\/td>\n<td style=\"width: 14.2857%; height: 24px; border-style: solid; border-color: #000000; text-align: center;\">Spagnolo, francese, tedesco, olandese, italiano, polacco.<\/td>\n<td style=\"width: 14.2857%; height: 24px; border-style: solid; border-color: #000000; text-align: center;\">Spagnolo, francese, tedesco, olandese, italiano.<\/td>\n<td style=\"width: 14.2857%; height: 24px; border-style: solid; border-color: #000000; text-align: center;\">Inglese, spagnolo, francese, tedesco, olandese, italiano.<\/td>\n<td style=\"width: 14.2857%; height: 24px; border-style: solid; border-color: #000000; text-align: center;\">Spagnolo, francese, tedesco, olandese, italiano, polacco.<\/td>\n<\/tr>\n<tr style=\"border-style: solid; border-color: #000000;\">\n<td style=\"width: 14.2857%; height: 23px; border-style: solid; border-color: #000000; text-align: center;\"><span style=\"color: #0c610c;\"><strong>Masca<\/strong><\/span><\/td>\n<td style=\"width: 14.2857%; height: 23px; border-style: solid; border-color: #000000; text-align: center;\"><\/td>\n<td style=\"width: 14.2857%; height: 23px; border-style: solid; border-color: #000000; text-align: center;\"><\/td>\n<td style=\"width: 14.2857%; height: 23px; border-style: solid; border-color: #000000; text-align: center;\">Inglese, spagnolo, francese, tedesco, italiano.<\/td>\n<td style=\"width: 14.2857%; height: 23px; border-style: solid; border-color: #000000; text-align: center;\"><\/td>\n<td style=\"width: 14.2857%; height: 23px; border-style: solid; border-color: #000000; text-align: center;\"><\/td>\n<td style=\"width: 14.2857%; height: 23px; border-style: solid; border-color: #000000; text-align: center;\"><\/td>\n<\/tr>\n<\/tbody>\n<\/table>\n<h6><\/h6>\n<p>&nbsp;<\/p>\n<h6><span style=\"color: #312c7a;\"><strong>Guardi il video, si faccia un&#8217;idea di com&#8217;\u00e8 il tour in jeep a Tenerife e prenoti subito!<\/strong><\/span><\/h6>\n<p>[\/vc_column_text][\/vc_tta_section][\/vc_tta_accordion]<style type=\"text\/css\">.thegem-button-69dea23e318638227 .gem-button svg {fill: #ffffff;}.thegem-button-69dea23e318638227 .gem-button:hover svg {fill: #312c7a;}<\/style><div class=\"gem-button-container gem-button-position-center thegem-button-69dea23e318638227    \"  ><a class=\"gem-button gem-button-size-small gem-button-style-flat gem-button-text-weight-normal\" data-ll-effect=\"drop-right-without-wrap\" style=\"border-radius: 3px;background-color: #312c7a;color: #ffffff;\" onmouseleave=\"this.style.backgroundColor='#312c7a';this.style.color='#ffffff';\" onmouseenter=\"this.style.backgroundColor='#f6eb14';this.style.color='#312c7a';\" href=\"#prezzi-jeepcomepasseggero\" target=\"_self\">PREZZI<\/a><\/div> [\/vc_column][\/vc_row][vc_row full_width=&#8221;stretch_row_content&#8221; css=&#8221;.vc_custom_1600437633584{background-color: #312c7a !important;background-position: center !important;background-repeat: no-repeat !important;background-size: cover !important;}&#8221;][vc_column][vc_column_text]<\/p>\n<h3 style=\"text-align: center;\"><span style=\"color: #ffffff;\"><strong><span style=\"font-size: 18pt;\">PRENOTA ORA<\/span><\/strong><\/span><\/h3>\n<p>[\/vc_column_text][vc_empty_space height=&#8221;10px&#8221; el_id=&#8221;prezzi-jeepcomepasseggero&#8221;][\/vc_column][\/vc_row]<\/p>\n<\/div>","protected":false},"excerpt":{"rendered":"<p>[vc_row full_width=&#8221;stretch_row_content_no_spaces&#8221;][vc_column][vc_column_text css=&#8221;.vc_custom_1743417460386{background-color: #F6EB14 !important;background-position: center !important;background-repeat: no-repeat !important;background-size: cover !important;}&#8221; css_animation=&#8221;fadeIn&#8221;] JEEP COME PASSEGGERO [\/vc_column_text][\/vc_column][\/vc_row][vc_row][vc_column][vc_column_text] Un tour in jeep&#8230;<\/p>\n","protected":false},"featured_media":432087,"template":"","meta":{"_acf_changed":false,"_seopress_robots_primary_cat":"2300","_seopress_titles_title":"Tour in jeep Tenerife. prenoti ora il suo ticket per scoprire l&#039;isola","_seopress_titles_desc":"Tour in jeep Tenerife, uno dei modi migliori per esplorare l&#039;isola con un&#039;escursione guidata. Varie lingue e tour disponibili, servizio di trasporto incluso","_seopress_robots_index":""},"product_brand":[],"product_cat":[2300],"product_tag":[2914,2916,2915,2913,2445,2441,2912],"class_list":{"0":"post-434074","1":"product","2":"type-product","3":"status-publish","4":"has-post-thumbnail","6":"product_cat-avventure-terrestri","7":"product_tag-jeep-la-gomera-it","8":"product_tag-jeep-safari-la-gomera-it","9":"product_tag-jeep-safari-teide-it","10":"product_tag-jeep-safari-tenerife-it","11":"product_tag-jeep-teide-it","12":"product_tag-jeep-tenerife","13":"product_tag-tour-in-jeep-tenerife","15":"first","16":"instock","17":"virtual","18":"sold-individually","19":"taxable","20":"purchasable","21":"product-type-booking"},"booking_location":"","booking_location_type":"","booking_duration":1,"booking_duration_unit":"day","booking_buffer":0,"booking_cost":0,"booking_resources":[],"acf":[],"_links":{"self":[{"href":"https:\/\/tenerife-trips.com\/it\/wp-json\/wp\/v2\/product\/434074","targetHints":{"allow":["GET"]}}],"collection":[{"href":"https:\/\/tenerife-trips.com\/it\/wp-json\/wp\/v2\/product"}],"about":[{"href":"https:\/\/tenerife-trips.com\/it\/wp-json\/wp\/v2\/types\/product"}],"wp:featuredmedia":[{"embeddable":true,"href":"https:\/\/tenerife-trips.com\/it\/wp-json\/wp\/v2\/media\/432087"}],"wp:attachment":[{"href":"https:\/\/tenerife-trips.com\/it\/wp-json\/wp\/v2\/media?parent=434074"}],"wp:term":[{"taxonomy":"product_brand","embeddable":true,"href":"https:\/\/tenerife-trips.com\/it\/wp-json\/wp\/v2\/product_brand?post=434074"},{"taxonomy":"product_cat","embeddable":true,"href":"https:\/\/tenerife-trips.com\/it\/wp-json\/wp\/v2\/product_cat?post=434074"},{"taxonomy":"product_tag","embeddable":true,"href":"https:\/\/tenerife-trips.com\/it\/wp-json\/wp\/v2\/product_tag?post=434074"}],"curies":[{"name":"wp","href":"https:\/\/api.w.org\/{rel}","templated":true}]}}