{"id":53154,"date":"2019-12-09T17:34:32","date_gmt":"2019-12-09T17:34:32","guid":{"rendered":"https:\/\/tenerife-trips.com\/product\/senza%20categoria\/parasailing\/"},"modified":"2025-12-02T20:12:47","modified_gmt":"2025-12-02T20:12:47","slug":"parasailing-tenerife","status":"publish","type":"product","link":"https:\/\/tenerife-trips.com\/it\/product\/sport-daria\/parasailing-tenerife\/","title":{"rendered":"PARASAILING"},"content":{"rendered":"<div class=\"wpb-content-wrapper\"><p>[vc_row full_width=&#8221;stretch_row_content_no_spaces&#8221;][vc_column][vc_column_text css=&#8221;.vc_custom_1743418512802{background-color: #F6EB14 !important;background-position: center !important;background-repeat: no-repeat !important;background-size: cover !important;}&#8221; css_animation=&#8221;fadeIn&#8221;]<\/p>\n<h1 class=\"title-h2\" style=\"text-align: center;\"><span style=\"font-size: 18pt; color: #312c7a;\">PARASAILING<\/span><\/h1>\n<p>[\/vc_column_text][\/vc_column][\/vc_row][vc_row][vc_column][vc_column_text]<\/p>\n<p style=\"text-align: center;\">Il Parasailing a Tenerife \u00e8 uno degli sport aerei pi\u00f9 popolari dell&#8217;isola; il clima qui \u00e8 caldo tutto l&#8217;anno, quindi \u00e8 possibile praticare questa attivit\u00e0 in qualsiasi stagione.<\/p>\n<p style=\"text-align: center;\"><strong>\u21d3 Vedi ulteriore descrizione di seguito \u21d3<\/strong><\/p>\n<p>[\/vc_column_text][\/vc_column][\/vc_row][vc_row full_width=&#8221;stretch_row_content&#8221; full_height=&#8221;yes&#8221; css=&#8221;.vc_custom_1576192123211{background-color: #312c7a !important;background-position: center !important;background-repeat: no-repeat !important;background-size: cover !important;}&#8221;][vc_column]<div class=\"gem-vimeo gem-wrapbox gem-wrapbox-style-no-style rounded-corners gem-wrapbox-position-below\" style=\"width: 100%;\"><div class=\"gem-wrapbox-inner gem-ratio-style\" style=\"padding-top: 56.25%\"><iframe webkitallowfullscreen=\"true\" mozallowfullscreen=\"true\" allowfullscreen=\"true\" class=\"gem-wrapbox-element img-responsive\" frameborder=\"0\" scrolling=\"no\" marginheight=\"0\" marginwidth=\"0\" src=\"\/\/player.vimeo.com\/video\/326803081?title=0&amp;byline=0&amp;portrait=0 \"><\/iframe><\/div><\/div>[vc_empty_space]<div class=\"preloader\"><div class=\"preloader-spin\"><\/div><\/div> <div id=\"gem-gallery-69e36e8615c4d\" class=\"gem-gallery gem-gallery-hover-zooming-blur\"> <div class=\"gem-gallery-item\"> <div class=\"gem-gallery-item-image\"> <a href=\"https:\/\/tenerife-trips.com\/wp-content\/uploads\/2019\/12\/f-thegem-gallery-sidebar.jpg\" data-fancybox-group=\"gallery-69e36e8615c4d\" data-full-image-url=\"https:\/\/tenerife-trips.com\/wp-content\/uploads\/2019\/12\/f.jpg\"> <svg width=\"20\" height=\"10\"><path d=\"M 0,10 Q 9,9 10,0 Q 11,9 20,10\" \/><\/svg> <img src=\"https:\/\/tenerife-trips.com\/wp-content\/uploads\/2019\/12\/f-thegem-post-thumb-small.jpg\" alt=\"parasailing en Tenerife\" class=\"img-responsive\"> <span class=\"gem-gallery-caption slide-info\"> <\/span> <\/a> <span class=\"gem-gallery-line\"><\/span> <\/div> <\/div> <div class=\"gem-gallery-item\"> <div class=\"gem-gallery-item-image\"> <a href=\"https:\/\/tenerife-trips.com\/wp-content\/uploads\/2019\/12\/a-thegem-gallery-sidebar.jpg\" data-fancybox-group=\"gallery-69e36e8615c4d\" data-full-image-url=\"https:\/\/tenerife-trips.com\/wp-content\/uploads\/2019\/12\/a.jpg\"> <svg width=\"20\" height=\"10\"><path d=\"M 0,10 Q 9,9 10,0 Q 11,9 20,10\" \/><\/svg> <img src=\"https:\/\/tenerife-trips.com\/wp-content\/uploads\/2019\/12\/a-thegem-post-thumb-small.jpg\" alt=\"\" class=\"img-responsive\"> <span class=\"gem-gallery-caption slide-info\"> <\/span> <\/a> <span class=\"gem-gallery-line\"><\/span> <\/div> <\/div> <div class=\"gem-gallery-item\"> <div class=\"gem-gallery-item-image\"> <a href=\"https:\/\/tenerife-trips.com\/wp-content\/uploads\/2019\/12\/c-thegem-gallery-sidebar.jpg\" data-fancybox-group=\"gallery-69e36e8615c4d\" data-full-image-url=\"https:\/\/tenerife-trips.com\/wp-content\/uploads\/2019\/12\/c.jpg\"> <svg width=\"20\" height=\"10\"><path d=\"M 0,10 Q 9,9 10,0 Q 11,9 20,10\" \/><\/svg> <img src=\"https:\/\/tenerife-trips.com\/wp-content\/uploads\/2019\/12\/c-thegem-post-thumb-small.jpg\" alt=\"parasailing na Teneryfie\" class=\"img-responsive\"> <span class=\"gem-gallery-caption slide-info\"> <\/span> <\/a> <span class=\"gem-gallery-line\"><\/span> <\/div> <\/div> <div class=\"gem-gallery-item\"> <div class=\"gem-gallery-item-image\"> <a href=\"https:\/\/tenerife-trips.com\/wp-content\/uploads\/2019\/12\/e-thegem-gallery-sidebar.jpg\" data-fancybox-group=\"gallery-69e36e8615c4d\" data-full-image-url=\"https:\/\/tenerife-trips.com\/wp-content\/uploads\/2019\/12\/e.jpg\"> <svg width=\"20\" height=\"10\"><path d=\"M 0,10 Q 9,9 10,0 Q 11,9 20,10\" \/><\/svg> <img src=\"https:\/\/tenerife-trips.com\/wp-content\/uploads\/2019\/12\/e-thegem-post-thumb-small.jpg\" alt=\"parasailing in Tenerife\" class=\"img-responsive\"> <span class=\"gem-gallery-caption slide-info\"> <\/span> <\/a> <span class=\"gem-gallery-line\"><\/span> <\/div> <\/div> <div class=\"gem-gallery-item\"> <div class=\"gem-gallery-item-image\"> <a href=\"https:\/\/tenerife-trips.com\/wp-content\/uploads\/2019\/12\/d-thegem-gallery-sidebar.jpg\" data-fancybox-group=\"gallery-69e36e8615c4d\" data-full-image-url=\"https:\/\/tenerife-trips.com\/wp-content\/uploads\/2019\/12\/d.jpg\"> <svg width=\"20\" height=\"10\"><path d=\"M 0,10 Q 9,9 10,0 Q 11,9 20,10\" \/><\/svg> <img src=\"https:\/\/tenerife-trips.com\/wp-content\/uploads\/2019\/12\/d-thegem-post-thumb-small.jpg\" alt=\"parasailing na Teneryfie\" class=\"img-responsive\"> <span class=\"gem-gallery-caption slide-info\"> <\/span> <\/a> <span class=\"gem-gallery-line\"><\/span> <\/div> <\/div> <\/div>[vc_empty_space][\/vc_column][\/vc_row][vc_row full_width=&#8221;stretch_row&#8221; css=&#8221;.vc_custom_1577671466192{background-color: #312c7a !important;background-position: center !important;background-repeat: no-repeat !important;background-size: cover !important;}&#8221;][vc_column][vc_column_text]<\/p>\n<h3 style=\"text-align: center;\"><span style=\"color: #ffffff; font-size: 18pt;\">DESCRIzione<\/span><\/h3>\n<p>[\/vc_column_text][\/vc_column][\/vc_row][vc_row][vc_column][vc_tta_accordion style=&#8221;simple_solid&#8221; color=&#8221;blue&#8221; c_icon=&#8221;chevron&#8221; active_section=&#8221;-1&#8243; collapsible_all=&#8221;true&#8221;][vc_tta_section title=&#8221;SPIEGAZIONE ESCURSIONE&#8221; tab_id=&#8221;1577671421707-18cf6a7b-34ef&#8221;][vc_column_text]In primo luogo possiamo dire che il parasailing a Tenerife \u00e8 essenzialmente costituito da un paracadute collegato da una lunga corda a una barca; cos\u00ec mentre questa avanza il paracadute si solleva in aria raggiungendo un massimo di 30 metri di altezza a seconda delle condizioni meteorologiche (guardare il video sopra); sorvolando l&#8217;oceano si pu\u00f2 godere di una fantastica vista della costa e delle montagne, compreso il picco del vulcano Teide.<\/p>\n<h3><span style=\"font-size: 12pt;\">Prima di iniziare le spieghiamo le regole di sicurezza di base da seguire durante il parasailing a Tenerife; poi montiamo a bordo del motoscafo e usciamo dal porto; quando siamo a circa 200 metri dalla riva apriamo il paracadute e la facciamo volare.<\/span><\/h3>\n<p>Il vento gioca un ruolo importante e quando \u00e8 troppo forte rende le cose difficili; fortunatamente le aree di Playa de Las Americas e Los Cristianos sono protette dagli <a href=\"https:\/\/www.outdoortenerife.eu\/it\/gli-alisei\/\">alisei<\/a> che soffiano sulle Isole Canarie; ci\u00f2 \u00e8 dovuto alle montagne alte 2000 metri nel centro dell&#8217;isola; questo significa che la zona \u00e8 particolarmente adatta per il parasailing a Tenerife e gli sport acquatici e aerei in generale.<\/p>\n<h3><span style=\"font-size: 12pt;\">L&#8217;esperienza del parasailing a Tenerife dura circa 30 minuti di cui 10 in aria; ha la possibilit\u00e0 di atterrare sulla piattaforma di decollo o rinfrescarsi nelle fresche acque dell&#8217;Oceano Atlantico.<\/span><\/h3>\n<h3><span style=\"text-decoration: underline; color: #ff0000;\"><span style=\"font-size: 12pt;\">Per il parasailing a Tenerife i bambini devono avere almeno 3 anni ed essere accompagnati da un adulto.La somma dei pesi delle persone che volano non dovrebbe superare i 250 Kg. Ad ogni modo influiscono anche le condizioni metereologiche, pi\u00f9 forte \u00e8 il vento pi\u00f9 peso pu\u00f2 sopportare il paracadute. Con le giuste condizioni \u00e8 quindi possibile per due adulti ed un bambino volare insieme.<\/span><\/span><\/h3>\n<p>[\/vc_column_text][\/vc_tta_section][vc_tta_section title=&#8221;ORARIO E TRASPORTO&#8221; tab_id=&#8221;1577671421760-8d2aabc6-06df&#8221;][vc_column_text]Il servizio di trasporto per questa escursione non \u00e8 disponibile, deve recarsi a <a href=\"https:\/\/goo.gl\/maps\/BedjedJUuizEgLww6\" target=\"_blank\" rel=\"noopener\">Puerto Col\u00f3n<\/a>.<\/p>\n<p><span style=\"text-decoration: underline; color: #ff0000;\">ORARIO:<\/span><\/p>\n<p>Tutti i giorni alle ore 10:00, 11:00, 12:00, 13:00, 14:00, 15:00, 16:00, 17:00.<\/p>\n<p><strong>Guardi il video, si faccia una idea di com&#8217;\u00e8 l&#8217;escursione e la prenoti ora!<\/strong>[\/vc_column_text][\/vc_tta_section][\/vc_tta_accordion]<style type=\"text\/css\">.thegem-button-69e36e86176d29003 .gem-button svg {fill: #ffffff;}.thegem-button-69e36e86176d29003 .gem-button:hover svg {fill: #312c7a;}<\/style><div class=\"gem-button-container gem-button-position-center thegem-button-69e36e86176d29003    \"  ><a class=\"gem-button gem-button-size-small gem-button-style-flat gem-button-text-weight-normal\" data-ll-effect=\"drop-right-without-wrap\" style=\"border-radius: 3px;background-color: #312c7a;color: #ffffff;\" onmouseleave=\"this.style.backgroundColor='#312c7a';this.style.color='#ffffff';\" onmouseenter=\"this.style.backgroundColor='#f6eb14';this.style.color='#312c7a';\" href=\"#prezzi-parasailing\" target=\"_self\">PREZZI<\/a><\/div> [\/vc_column][\/vc_row][vc_row full_width=&#8221;stretch_row_content&#8221; css=&#8221;.vc_custom_1577476183698{background-color: #312c7a !important;background-position: center !important;background-repeat: no-repeat !important;background-size: cover !important;}&#8221;][vc_column][vc_column_text]<\/p>\n<h3 style=\"text-align: center;\"><strong><span style=\"font-size: 18pt; color: #ffffff;\">PRENOTA ORA<\/span><\/strong><\/h3>\n<p>[\/vc_column_text][vc_empty_space height=&#8221;10px&#8221; el_id=&#8221;prezzi-parasailing&#8221;][\/vc_column][\/vc_row]<\/p>\n<\/div>","protected":false},"excerpt":{"rendered":"<p>[vc_row full_width=&#8221;stretch_row_content_no_spaces&#8221;][vc_column][vc_column_text css=&#8221;.vc_custom_1743418512802{background-color: #F6EB14 !important;background-position: center !important;background-repeat: no-repeat !important;background-size: cover !important;}&#8221; css_animation=&#8221;fadeIn&#8221;] PARASAILING [\/vc_column_text][\/vc_column][\/vc_row][vc_row][vc_column][vc_column_text] Il Parasailing a Tenerife \u00e8 uno&#8230;<\/p>\n","protected":false},"featured_media":44357,"template":"","meta":{"_acf_changed":false,"_seopress_robots_primary_cat":"2297","_seopress_titles_title":"Parasailing a Tenerife, sorvola la costa sud con un paracadute","_seopress_titles_desc":"Siamo un&#039;agenzia italiana, prenoti con noi ora il parasailing a Tenerife, un volo con il paracadute sorvolando la costa sud.","_seopress_robots_index":""},"product_brand":[],"product_cat":[2297],"product_tag":[2293,2294,2306],"class_list":{"0":"post-53154","1":"product","2":"type-product","3":"status-publish","4":"has-post-thumbnail","6":"product_cat-sport-daria","7":"product_tag-parasailing-tenerife-it","8":"product_tag-parascending-tenerife-it","9":"product_tag-sport-daria-tenerife","11":"first","12":"instock","13":"virtual","14":"sold-individually","15":"taxable","16":"purchasable","17":"product-type-booking"},"booking_location":"","booking_location_type":"","booking_duration":1,"booking_duration_unit":"hour","booking_buffer":0,"booking_cost":0,"booking_resources":[],"acf":[],"_links":{"self":[{"href":"https:\/\/tenerife-trips.com\/it\/wp-json\/wp\/v2\/product\/53154","targetHints":{"allow":["GET"]}}],"collection":[{"href":"https:\/\/tenerife-trips.com\/it\/wp-json\/wp\/v2\/product"}],"about":[{"href":"https:\/\/tenerife-trips.com\/it\/wp-json\/wp\/v2\/types\/product"}],"wp:featuredmedia":[{"embeddable":true,"href":"https:\/\/tenerife-trips.com\/it\/wp-json\/wp\/v2\/media\/44357"}],"wp:attachment":[{"href":"https:\/\/tenerife-trips.com\/it\/wp-json\/wp\/v2\/media?parent=53154"}],"wp:term":[{"taxonomy":"product_brand","embeddable":true,"href":"https:\/\/tenerife-trips.com\/it\/wp-json\/wp\/v2\/product_brand?post=53154"},{"taxonomy":"product_cat","embeddable":true,"href":"https:\/\/tenerife-trips.com\/it\/wp-json\/wp\/v2\/product_cat?post=53154"},{"taxonomy":"product_tag","embeddable":true,"href":"https:\/\/tenerife-trips.com\/it\/wp-json\/wp\/v2\/product_tag?post=53154"}],"curies":[{"name":"wp","href":"https:\/\/api.w.org\/{rel}","templated":true}]}}