{"id":53193,"date":"2018-01-15T22:34:19","date_gmt":"2018-01-15T22:34:19","guid":{"rendered":"https:\/\/tenerife-trips.com\/product\/senza%20categoria\/parapendio-tenerife\/"},"modified":"2025-12-02T20:31:46","modified_gmt":"2025-12-02T20:31:46","slug":"parapendio-tenerife","status":"publish","type":"product","link":"https:\/\/tenerife-trips.com\/it\/product\/sport-daria\/parapendio-tenerife\/","title":{"rendered":"PARAPENDIO"},"content":{"rendered":"<div class=\"wpb-content-wrapper\"><p>[vc_row full_width=&#8221;stretch_row_content_no_spaces&#8221;][vc_column][vc_column_text css=&#8221;.vc_custom_1743423935964{background-color: #F6EB14 !important;background-position: center !important;background-repeat: no-repeat !important;background-size: cover !important;}&#8221; css_animation=&#8221;fadeIn&#8221;]<\/p>\n<h1 class=\"title-h2\" style=\"text-align: center;\"><span style=\"font-size: 18pt; color: #312c7a;\">PARAPENDIO<\/span><\/h1>\n<p>[\/vc_column_text][\/vc_column][\/vc_row][vc_row][vc_column][vc_column_text]<\/p>\n<p style=\"text-align: center;\">Il parapendio Tenerife \u00e8 il modo migliore per godersi il paesaggio dell&#8217;isola sorvolando la sua meravigliosa costa in un volo in tandem; questa \u00e8 sicuramente una delle cose migliori da fare durante la sua vacanza!<\/p>\n<p style=\"text-align: center;\"><strong>\u21d3 Veda ulteriore descrizione di seguito \u21d3<\/strong><\/p>\n<p>[\/vc_column_text][\/vc_column][\/vc_row][vc_row full_width=&#8221;stretch_row_content&#8221; full_height=&#8221;yes&#8221; css=&#8221;.vc_custom_1576192123211{background-color: #312c7a !important;background-position: center !important;background-repeat: no-repeat !important;background-size: cover !important;}&#8221;][vc_column]<div class=\"gem-vimeo gem-wrapbox gem-wrapbox-style-no-style rounded-corners gem-wrapbox-position-below\" style=\"width: 100%;\"><div class=\"gem-wrapbox-inner gem-ratio-style\" style=\"padding-top: 56.25%\"><iframe webkitallowfullscreen=\"true\" mozallowfullscreen=\"true\" allowfullscreen=\"true\" class=\"gem-wrapbox-element img-responsive\" frameborder=\"0\" scrolling=\"no\" marginheight=\"0\" marginwidth=\"0\" src=\"\/\/player.vimeo.com\/video\/326164961?title=0&amp;byline=0&amp;portrait=0 \"><\/iframe><\/div><\/div>[vc_empty_space]<div class=\"preloader\"><div class=\"preloader-spin\"><\/div><\/div> <div id=\"gem-gallery-69dea1fa6e564\" class=\"gem-gallery gem-gallery-hover-zooming-blur\"> <div class=\"gem-gallery-item\"> <div class=\"gem-gallery-item-image\"> <a href=\"https:\/\/tenerife-trips.com\/wp-content\/uploads\/2019\/12\/paragliding-Teneriffa-thegem-gallery-sidebar.png\" data-fancybox-group=\"gallery-69dea1fa6e564\" data-full-image-url=\"https:\/\/tenerife-trips.com\/wp-content\/uploads\/2019\/12\/paragliding-Teneriffa.png\"> <svg width=\"20\" height=\"10\"><path d=\"M 0,10 Q 9,9 10,0 Q 11,9 20,10\" \/><\/svg> <img src=\"https:\/\/tenerife-trips.com\/wp-content\/uploads\/2019\/12\/paragliding-Teneriffa-thegem-post-thumb-small.png\" alt=\"\" class=\"img-responsive\"> <span class=\"gem-gallery-caption slide-info\"> <\/span> <\/a> <span class=\"gem-gallery-line\"><\/span> <\/div> <\/div> <div class=\"gem-gallery-item\"> <div class=\"gem-gallery-item-image\"> <a href=\"https:\/\/tenerife-trips.com\/wp-content\/uploads\/2018\/01\/paragliding-Tenerife-1-scaled-thegem-gallery-sidebar.jpg\" data-fancybox-group=\"gallery-69dea1fa6e564\" data-full-image-url=\"https:\/\/tenerife-trips.com\/wp-content\/uploads\/2018\/01\/paragliding-Tenerife-1-scaled.jpg\"> <svg width=\"20\" height=\"10\"><path d=\"M 0,10 Q 9,9 10,0 Q 11,9 20,10\" \/><\/svg> <img src=\"https:\/\/tenerife-trips.com\/wp-content\/uploads\/2018\/01\/paragliding-Tenerife-1-scaled-thegem-post-thumb-small.jpg\" alt=\"paragliding Tenerife\" class=\"img-responsive\"> <span class=\"gem-gallery-caption slide-info\"> <\/span> <\/a> <span class=\"gem-gallery-line\"><\/span> <\/div> <\/div> <div class=\"gem-gallery-item\"> <div class=\"gem-gallery-item-image\"> <a href=\"https:\/\/tenerife-trips.com\/wp-content\/uploads\/2018\/01\/paragliding-Tenerife-scaled-thegem-gallery-sidebar.png\" data-fancybox-group=\"gallery-69dea1fa6e564\" data-full-image-url=\"https:\/\/tenerife-trips.com\/wp-content\/uploads\/2018\/01\/paragliding-Tenerife-scaled.png\"> <svg width=\"20\" height=\"10\"><path d=\"M 0,10 Q 9,9 10,0 Q 11,9 20,10\" \/><\/svg> <img src=\"https:\/\/tenerife-trips.com\/wp-content\/uploads\/2018\/01\/paragliding-Tenerife-scaled-thegem-post-thumb-small.png\" alt=\"paragliding Tenerife\" class=\"img-responsive\"> <span class=\"gem-gallery-caption slide-info\"> <\/span> <\/a> <span class=\"gem-gallery-line\"><\/span> <\/div> <\/div> <div class=\"gem-gallery-item\"> <div class=\"gem-gallery-item-image\"> <a href=\"https:\/\/tenerife-trips.com\/wp-content\/uploads\/2018\/01\/paragliding-Tenerife-scaled-thegem-gallery-sidebar.jpg\" data-fancybox-group=\"gallery-69dea1fa6e564\" data-full-image-url=\"https:\/\/tenerife-trips.com\/wp-content\/uploads\/2018\/01\/paragliding-Tenerife-scaled.jpg\"> <svg width=\"20\" height=\"10\"><path d=\"M 0,10 Q 9,9 10,0 Q 11,9 20,10\" \/><\/svg> <img src=\"https:\/\/tenerife-trips.com\/wp-content\/uploads\/2018\/01\/paragliding-Tenerife-scaled-thegem-post-thumb-small.jpg\" alt=\"paragliding Tenerife\" class=\"img-responsive\"> <span class=\"gem-gallery-caption slide-info\"> <\/span> <\/a> <span class=\"gem-gallery-line\"><\/span> <\/div> <\/div> <div class=\"gem-gallery-item\"> <div class=\"gem-gallery-item-image\"> <a href=\"https:\/\/tenerife-trips.com\/wp-content\/uploads\/2019\/12\/parapente-Tenerife-scaled-thegem-gallery-sidebar.jpg\" data-fancybox-group=\"gallery-69dea1fa6e564\" data-full-image-url=\"https:\/\/tenerife-trips.com\/wp-content\/uploads\/2019\/12\/parapente-Tenerife-scaled.jpg\"> <svg width=\"20\" height=\"10\"><path d=\"M 0,10 Q 9,9 10,0 Q 11,9 20,10\" \/><\/svg> <img src=\"https:\/\/tenerife-trips.com\/wp-content\/uploads\/2019\/12\/parapente-Tenerife-scaled-thegem-post-thumb-small.jpg\" alt=\"parapente Tenerife\" class=\"img-responsive\"> <span class=\"gem-gallery-caption slide-info\"> <\/span> <\/a> <span class=\"gem-gallery-line\"><\/span> <\/div> <\/div> <div class=\"gem-gallery-item\"> <div class=\"gem-gallery-item-image\"> <a href=\"https:\/\/tenerife-trips.com\/wp-content\/uploads\/2019\/12\/paragliding-Tenerife-1-thegem-gallery-sidebar.png\" data-fancybox-group=\"gallery-69dea1fa6e564\" data-full-image-url=\"https:\/\/tenerife-trips.com\/wp-content\/uploads\/2019\/12\/paragliding-Tenerife-1.png\"> <svg width=\"20\" height=\"10\"><path d=\"M 0,10 Q 9,9 10,0 Q 11,9 20,10\" \/><\/svg> <img src=\"https:\/\/tenerife-trips.com\/wp-content\/uploads\/2019\/12\/paragliding-Tenerife-1-thegem-post-thumb-small.png\" alt=\"\" class=\"img-responsive\"> <span class=\"gem-gallery-caption slide-info\"> <\/span> <\/a> <span class=\"gem-gallery-line\"><\/span> <\/div> <\/div> <div class=\"gem-gallery-item\"> <div class=\"gem-gallery-item-image\"> <a href=\"https:\/\/tenerife-trips.com\/wp-content\/uploads\/2019\/12\/parapente-Tenerife-thegem-gallery-sidebar.png\" data-fancybox-group=\"gallery-69dea1fa6e564\" data-full-image-url=\"https:\/\/tenerife-trips.com\/wp-content\/uploads\/2019\/12\/parapente-Tenerife.png\"> <svg width=\"20\" height=\"10\"><path d=\"M 0,10 Q 9,9 10,0 Q 11,9 20,10\" \/><\/svg> <img src=\"https:\/\/tenerife-trips.com\/wp-content\/uploads\/2019\/12\/parapente-Tenerife-thegem-post-thumb-small.png\" alt=\"\" class=\"img-responsive\"> <span class=\"gem-gallery-caption slide-info\"> <\/span> <\/a> <span class=\"gem-gallery-line\"><\/span> <\/div> <\/div> <div class=\"gem-gallery-item\"> <div class=\"gem-gallery-item-image\"> <a href=\"https:\/\/tenerife-trips.com\/wp-content\/uploads\/2019\/12\/paralotnia-Teneryfa-thegem-gallery-sidebar.png\" data-fancybox-group=\"gallery-69dea1fa6e564\" data-full-image-url=\"https:\/\/tenerife-trips.com\/wp-content\/uploads\/2019\/12\/paralotnia-Teneryfa.png\"> <svg width=\"20\" height=\"10\"><path d=\"M 0,10 Q 9,9 10,0 Q 11,9 20,10\" \/><\/svg> <img src=\"https:\/\/tenerife-trips.com\/wp-content\/uploads\/2019\/12\/paralotnia-Teneryfa-thegem-post-thumb-small.png\" alt=\"\" class=\"img-responsive\"> <span class=\"gem-gallery-caption slide-info\"> <\/span> <\/a> <span class=\"gem-gallery-line\"><\/span> <\/div> <\/div> <div class=\"gem-gallery-item\"> <div class=\"gem-gallery-item-image\"> <a href=\"https:\/\/tenerife-trips.com\/wp-content\/uploads\/2019\/12\/paragliding-Tenerife-2-thegem-gallery-sidebar.png\" data-fancybox-group=\"gallery-69dea1fa6e564\" data-full-image-url=\"https:\/\/tenerife-trips.com\/wp-content\/uploads\/2019\/12\/paragliding-Tenerife-2.png\"> <svg width=\"20\" height=\"10\"><path d=\"M 0,10 Q 9,9 10,0 Q 11,9 20,10\" \/><\/svg> <img src=\"https:\/\/tenerife-trips.com\/wp-content\/uploads\/2019\/12\/paragliding-Tenerife-2-thegem-post-thumb-small.png\" alt=\"\" class=\"img-responsive\"> <span class=\"gem-gallery-caption slide-info\"> <\/span> <\/a> <span class=\"gem-gallery-line\"><\/span> <\/div> <\/div> <div class=\"gem-gallery-item\"> <div class=\"gem-gallery-item-image\"> <a href=\"https:\/\/tenerife-trips.com\/wp-content\/uploads\/2019\/12\/parapendio-Tenerife-scaled-thegem-gallery-sidebar.jpg\" data-fancybox-group=\"gallery-69dea1fa6e564\" data-full-image-url=\"https:\/\/tenerife-trips.com\/wp-content\/uploads\/2019\/12\/parapendio-Tenerife-scaled.jpg\"> <svg width=\"20\" height=\"10\"><path d=\"M 0,10 Q 9,9 10,0 Q 11,9 20,10\" \/><\/svg> <img src=\"https:\/\/tenerife-trips.com\/wp-content\/uploads\/2019\/12\/parapendio-Tenerife-scaled-thegem-post-thumb-small.jpg\" alt=\"parapendio Tenerife\" class=\"img-responsive\"> <span class=\"gem-gallery-caption slide-info\"> <\/span> <\/a> <span class=\"gem-gallery-line\"><\/span> <\/div> <\/div> <div class=\"gem-gallery-item\"> <div class=\"gem-gallery-item-image\"> <a href=\"https:\/\/tenerife-trips.com\/wp-content\/uploads\/2019\/12\/paratrike-scaled-thegem-gallery-sidebar.png\" data-fancybox-group=\"gallery-69dea1fa6e564\" data-full-image-url=\"https:\/\/tenerife-trips.com\/wp-content\/uploads\/2019\/12\/paratrike-scaled.png\"> <svg width=\"20\" height=\"10\"><path d=\"M 0,10 Q 9,9 10,0 Q 11,9 20,10\" \/><\/svg> <img src=\"https:\/\/tenerife-trips.com\/wp-content\/uploads\/2019\/12\/paratrike-scaled-thegem-post-thumb-small.png\" alt=\"\" class=\"img-responsive\"> <span class=\"gem-gallery-caption slide-info\"> <\/span> <\/a> <span class=\"gem-gallery-line\"><\/span> <\/div> <\/div> <\/div>[vc_empty_space][\/vc_column][\/vc_row][vc_row full_width=&#8221;stretch_row&#8221; css=&#8221;.vc_custom_1577671222333{background-color: #312c7a !important;background-position: center !important;background-repeat: no-repeat !important;background-size: cover !important;}&#8221;][vc_column][vc_column_text]<\/p>\n<h3 style=\"text-align: center;\"><span style=\"color: #ffffff; font-size: 18pt;\">DESCRIZIONE<\/span><\/h3>\n<p>[\/vc_column_text][\/vc_column][\/vc_row][vc_row][vc_column][vc_tta_accordion style=&#8221;simple_solid&#8221; color=&#8221;blue&#8221; c_icon=&#8221;chevron&#8221; active_section=&#8221;-0&#8243; collapsible_all=&#8221;true&#8221;][vc_tta_section title=&#8221;SPIEGAZIONE ESCURSIONE&#8221; tab_id=&#8221;1577671091617-0af8eee0-9402&#8243;][vc_column_text css=&#8221;&#8221;]Il parapendio Tenerife \u00e8 il modo migliore per godersi il paesaggio dell&#8217;isola sorvolando la sua meravigliosa costa in un volo in tandem; questa \u00e8 sicuramente una delle <a href=\"https:\/\/www.tenerife-trips.com\/attivita-a-tenerife\/?lang=it\" target=\"_blank\" rel=\"noopener\">cose migliori da fare<\/a> durante la sua vacanza!<\/p>\n<p>Se soggiorna in <a href=\"https:\/\/www.google.es\/maps\/place\/Costa+Adeje,+Santa+Cruz+de+Tenerife\/@28.0831106,-16.7640352,13z\/data=!3m1!4b1!4m5!3m4!1s0xc6a975a1ef338cb:0xba8c8c7bd5044e9f!8m2!3d28.0766856!4d-16.7319493\" target=\"_blank\" rel=\"noopener\">Costa Adeje<\/a> o a <a href=\"https:\/\/goo.gl\/maps\/fguSQ6QxzLZSdLj46\" target=\"_blank\" rel=\"noopener\">Puerto de la Cruz<\/a>, guardi in alto e vedr\u00e0 quanti parapend\u00eci volano nel cielo. Tenerife \u00e8 infatti ben nota agli appassionati di questo sport che scelgono l&#8217;isola per il suo bel tempo tutto l&#8217;anno che la rende un luogo perfetto per praticare.<\/p>\n<h3><span style=\"font-size: 12pt;\"> Non ha bisogno di alcuna esperienza per fare l&#8217;escursione parapendio Tenerife; pi\u00f9 di ogni altra cosa ci vuole un po&#8217; di voglia di vivere e di provare una cosa elettrizzante.<\/span><\/h3>\n<p>Quindi per il parapendio Tenerife prima di tutto veniamo a prenderla al suo alloggio. Offriamo questo servizio nel sud (Los Cristianos, Playa de Las Americas, Costa Adeje) o da Puerto de la Cruz. Dopo di che la portiamo al punto di decollo. Quando voliamo nel sud, questo \u00e8 situato sulle montagne dietro il paese di <a href=\"https:\/\/it.wikipedia.org\/wiki\/Adeje\" target=\"_blank\" rel=\"noopener\">Adeje<\/a>, a 15 minuti da Los Cristianos e Playa de Las Americas (il volo con il paratrike parte da un campo di decollo in Costa Adeje). Quando il volo viene effettuato nel nord, si parte da diversi punti di decollo (dipende dal vento) nella zona della Valle de la Orotava\/Los Realejos.<\/p>\n<h3><span style=\"font-size: 12pt;\">Qui il nostro istruttore esperto le spiegher\u00e0 le regole di sicurezza di base prima di decollare e iniziare l&#8217;esperienza del parapendio Tenerife. quindi ora \u00e8 tutto chiaro, apriamo la vela sopra la testa, iniziamo a correre e CI stacchiamo da terra!<\/span><\/h3>\n<p>Come pu\u00f2 vedere nel video sopra, il panorama che ammirer\u00e0 mentre vola \u00e8 fantastico; dietro di lei le montagne e il maestoso picco del Teide. Di fronte la soleggiata Costa con le sue spiagge, baie, campi da golf e hotel di lusso. Inoltre l&#8217;istruttore far\u00e0 un video ricordo professionale del volo che pu\u00f2 avere alla fine se interessato.<\/p>\n<p>Per il parapendio Tenerife sono disponibili 5 tipi di volo:<\/p>\n<ol>\n<li><span style=\"text-decoration: underline;\">Standard<\/span>: raggiunge un&#8217;altitudine di 700-900 metri e dura 10-20 minuti; effettuato nel sud, atterraggio in Costa Adeje.<\/li>\n<li><span style=\"text-decoration: underline;\">Consigliato<\/span>: raggiunge un&#8217;altitudine di 700-1100 metri e dura 20-25 minuti; effettuato nel sud, atterraggio in Costa Adeje.<\/li>\n<li><span style=\"text-decoration: underline;\">Performance:<\/span> raggiunge un&#8217;altitudine di 700-1300 metri e dura 25-30 minuti; effettuato nel sud, atterraggio in Costa Adeje.<\/li>\n<li><span style=\"text-decoration: underline;\">Costa Nord<\/span>: inizia da diversi punti di decollo (dipende dal vento) nella zona della Valle de la Orotava\/Los Realejos e dura 25-35 minuti. Atterraggio a Puerto de la Cruz (di solito), Las Caletillas o Puertito de G\u00fc\u00edmar (dipende dal vento).<\/li>\n<li><span style=\"text-decoration: underline;\">Paratrike (a motore)<\/span>: parte da un campo di decollo in Costa Adeje (sud di Tenerife) e vola solitamente a bassa quota sopra la costa. La durata del volo \u00e8 di circa 20 minuti.<\/li>\n<\/ol>\n<p><span style=\"color: #ff0000;\"><strong>Il limite di peso per il parapendio Tenerife \u00e8 di circa 100\/110 Kg (120 Kg per il paratrike). La preghiamo di comunicarci esattamente il suo peso e le sue condizioni fisiche per valutare se il volo \u00e8 possibile.<\/strong><\/span><\/p>\n<h3><span style=\"font-size: 12pt;\">Prenoti subito il paragliding Tenerife e viva un&#8217;esperienza indimenticabile!<\/span><\/h3>\n<p>[\/vc_column_text][\/vc_tta_section][vc_tta_section title=&#8221;ORARIO E TRASPORTO&#8221; tab_id=&#8221;1577671091666-736a5870-75e3&#8243;][vc_column_text css=&#8221;&#8221;]Il servizio di trasporto \u00e8 disponibile nel sud (Los Cristianos, Playa de Las Americas, Costa Adeje) o da Puerto de la Cruz. La preghiamo di contattarci per verificare la disponibilit\u00e0 del trasporto dalla sua zona prima di prenotare.<\/p>\n<p><span style=\"text-decoration: underline;\"><span style=\"color: #ff0000; text-decoration: underline;\">PROGRAMMA:<\/span><\/span><\/p>\n<p>Tutti i giorni. La preghiamo di consultare gli orari disponibili con il nostro supporto clienti prima di prenotare.<\/p>\n<p><strong>Guardi il video, si faccia un&#8217;idea di com&#8217;\u00e8 l&#8217;escursione e prenoti ora!<\/strong>[\/vc_column_text][\/vc_tta_section][\/vc_tta_accordion]<style type=\"text\/css\">.thegem-button-69dea1fa706239390 .gem-button svg {fill: #ffffff;}.thegem-button-69dea1fa706239390 .gem-button:hover svg {fill: #312c7a;}<\/style><div class=\"gem-button-container gem-button-position-center thegem-button-69dea1fa706239390    \"  ><a class=\"gem-button gem-button-size-small gem-button-style-flat gem-button-text-weight-normal\" data-ll-effect=\"drop-right-without-wrap\" style=\"border-radius: 3px;background-color: #312c7a;color: #ffffff;\" onmouseleave=\"this.style.backgroundColor='#312c7a';this.style.color='#ffffff';\" onmouseenter=\"this.style.backgroundColor='#f6eb14';this.style.color='#312c7a';\" href=\"#prezzi-paragliding\" target=\"_self\">PREZZI<\/a><\/div> [\/vc_column][\/vc_row][vc_row full_width=&#8221;stretch_row_content&#8221; css=&#8221;.vc_custom_1577476060002{background-color: #312c7a !important;background-position: center !important;background-repeat: no-repeat !important;background-size: cover !important;}&#8221;][vc_column][vc_column_text]<\/p>\n<h3 style=\"text-align: center;\"><strong><span style=\"font-size: 18pt; color: #ffffff;\">PRENOTA ORA<\/span><\/strong><\/h3>\n<p>[\/vc_column_text][vc_empty_space height=&#8221;10px&#8221; el_id=&#8221;prezzi-paragliding&#8221;][\/vc_column][\/vc_row]<\/p>\n<\/div>","protected":false},"excerpt":{"rendered":"<p>[vc_row full_width=&#8221;stretch_row_content_no_spaces&#8221;][vc_column][vc_column_text css=&#8221;.vc_custom_1743423935964{background-color: #F6EB14 !important;background-position: center !important;background-repeat: no-repeat !important;background-size: cover !important;}&#8221; css_animation=&#8221;fadeIn&#8221;] PARAPENDIO [\/vc_column_text][\/vc_column][\/vc_row][vc_row][vc_column][vc_column_text] Il parapendio Tenerife \u00e8 il modo&#8230;<\/p>\n","protected":false},"featured_media":377996,"template":"","meta":{"_acf_changed":false,"_seopress_robots_primary_cat":"0","_seopress_titles_title":"Parapendio Tenerife, vivi un&#039;emozione indimenticabile","_seopress_titles_desc":"Siamo una agenzia italiana, prenoti con noi il volo in parapendio Tenerife, pagamento online facile, sicuro e veloce con Tenerife Trips","_seopress_robots_index":""},"product_brand":[],"product_cat":[2297],"product_tag":[2407,2305,2304,2306],"class_list":{"0":"post-53193","1":"product","2":"type-product","3":"status-publish","4":"has-post-thumbnail","6":"product_cat-sport-daria","7":"product_tag-escursioni-tenerife","8":"product_tag-parapendio-tenerife","9":"product_tag-sport-aerei-tenerife","10":"product_tag-sport-daria-tenerife","12":"first","13":"instock","14":"virtual","15":"sold-individually","16":"taxable","17":"purchasable","18":"product-type-booking"},"booking_location":"","booking_location_type":"","booking_duration":1,"booking_duration_unit":"hour","booking_buffer":0,"booking_cost":0,"booking_resources":[],"acf":[],"_links":{"self":[{"href":"https:\/\/tenerife-trips.com\/it\/wp-json\/wp\/v2\/product\/53193","targetHints":{"allow":["GET"]}}],"collection":[{"href":"https:\/\/tenerife-trips.com\/it\/wp-json\/wp\/v2\/product"}],"about":[{"href":"https:\/\/tenerife-trips.com\/it\/wp-json\/wp\/v2\/types\/product"}],"wp:featuredmedia":[{"embeddable":true,"href":"https:\/\/tenerife-trips.com\/it\/wp-json\/wp\/v2\/media\/377996"}],"wp:attachment":[{"href":"https:\/\/tenerife-trips.com\/it\/wp-json\/wp\/v2\/media?parent=53193"}],"wp:term":[{"taxonomy":"product_brand","embeddable":true,"href":"https:\/\/tenerife-trips.com\/it\/wp-json\/wp\/v2\/product_brand?post=53193"},{"taxonomy":"product_cat","embeddable":true,"href":"https:\/\/tenerife-trips.com\/it\/wp-json\/wp\/v2\/product_cat?post=53193"},{"taxonomy":"product_tag","embeddable":true,"href":"https:\/\/tenerife-trips.com\/it\/wp-json\/wp\/v2\/product_tag?post=53193"}],"curies":[{"name":"wp","href":"https:\/\/api.w.org\/{rel}","templated":true}]}}