{"id":53882,"date":"2018-01-15T21:51:26","date_gmt":"2018-01-15T21:51:26","guid":{"rendered":"https:\/\/tenerife-trips.com\/?post_type=product&#038;p=53882"},"modified":"2025-12-02T20:32:27","modified_gmt":"2025-12-02T20:32:27","slug":"moto-dacqua-tenerife","status":"publish","type":"product","link":"https:\/\/tenerife-trips.com\/it\/product\/sport-dacqua\/moto-dacqua-tenerife\/","title":{"rendered":"MOTO D&#8217;ACQUA"},"content":{"rendered":"<div class=\"wpb-content-wrapper\"><p>[vc_row full_width=&#8221;stretch_row_content_no_spaces&#8221;][vc_column][vc_column_text css=&#8221;.vc_custom_1743424336627{background-color: #F6EB14 !important;background-position: center !important;background-repeat: no-repeat !important;background-size: cover !important;}&#8221; css_animation=&#8221;fadeIn&#8221;]<\/p>\n<h1 class=\"title-h2\" style=\"text-align: center;\"><span style=\"font-size: 18pt; color: #312c7a;\">MOTO D&#8217;ACQUA<\/span><\/h1>\n<p>[\/vc_column_text][\/vc_column][\/vc_row][vc_row][vc_column][vc_column_text]<\/p>\n<p style=\"text-align: center;\">Il nostro safari in moto d&#8217;acqua Tenerife sar\u00e0 il miglior ricordo della sua vacanza alle Isole Canarie!<\/p>\n<p style=\"text-align: center;\"><strong>\u21d3 Veda ulteriore descrizione di seguito <\/strong><strong>\u21d3<\/strong><\/p>\n<p>[\/vc_column_text][\/vc_column][\/vc_row][vc_row full_width=&#8221;stretch_row_content&#8221; full_height=&#8221;yes&#8221; css=&#8221;.vc_custom_1576192123211{background-color: #312c7a !important;background-position: center !important;background-repeat: no-repeat !important;background-size: cover !important;}&#8221;][vc_column]<div class=\"gem-vimeo gem-wrapbox gem-wrapbox-style-no-style rounded-corners gem-wrapbox-position-below\" style=\"width: 100%;\"><div class=\"gem-wrapbox-inner gem-ratio-style\" style=\"padding-top: 56.25%\"><iframe webkitallowfullscreen=\"true\" mozallowfullscreen=\"true\" allowfullscreen=\"true\" class=\"gem-wrapbox-element img-responsive\" frameborder=\"0\" scrolling=\"no\" marginheight=\"0\" marginwidth=\"0\" src=\"\/\/player.vimeo.com\/video\/306713519?title=0&amp;byline=0&amp;portrait=0 \"><\/iframe><\/div><\/div>[vc_empty_space]<div class=\"preloader\"><div class=\"preloader-spin\"><\/div><\/div> <div id=\"gem-gallery-69d6555a25e73\" class=\"gem-gallery gem-gallery-hover-zooming-blur\"> <div class=\"gem-gallery-item\"> <div class=\"gem-gallery-item-image\"> <a href=\"https:\/\/tenerife-trips.com\/wp-content\/uploads\/2019\/12\/3-leg-thegem-gallery-sidebar.jpg\" data-fancybox-group=\"gallery-69d6555a25e73\" data-full-image-url=\"https:\/\/tenerife-trips.com\/wp-content\/uploads\/2019\/12\/3-leg.jpg\"> <svg width=\"20\" height=\"10\"><path d=\"M 0,10 Q 9,9 10,0 Q 11,9 20,10\" \/><\/svg> <img src=\"https:\/\/tenerife-trips.com\/wp-content\/uploads\/2019\/12\/3-leg-thegem-post-thumb-small.jpg\" alt=\"moto d'acqua Tenerife\" class=\"img-responsive\"> <span class=\"gem-gallery-caption slide-info\"> <\/span> <\/a> <span class=\"gem-gallery-line\"><\/span> <\/div> <\/div> <div class=\"gem-gallery-item\"> <div class=\"gem-gallery-item-image\"> <a href=\"https:\/\/tenerife-trips.com\/wp-content\/uploads\/2019\/12\/2-leg-thegem-gallery-sidebar.jpg\" data-fancybox-group=\"gallery-69d6555a25e73\" data-full-image-url=\"https:\/\/tenerife-trips.com\/wp-content\/uploads\/2019\/12\/2-leg.jpg\"> <svg width=\"20\" height=\"10\"><path d=\"M 0,10 Q 9,9 10,0 Q 11,9 20,10\" \/><\/svg> <img src=\"https:\/\/tenerife-trips.com\/wp-content\/uploads\/2019\/12\/2-leg-thegem-post-thumb-small.jpg\" alt=\"moto de agua Tenerife\" class=\"img-responsive\"> <span class=\"gem-gallery-caption slide-info\"> <\/span> <\/a> <span class=\"gem-gallery-line\"><\/span> <\/div> <\/div> <div class=\"gem-gallery-item\"> <div class=\"gem-gallery-item-image\"> <a href=\"https:\/\/tenerife-trips.com\/wp-content\/uploads\/2018\/01\/Jet-Ski-Tenerife-1-thegem-gallery-sidebar.jpg\" data-fancybox-group=\"gallery-69d6555a25e73\" data-full-image-url=\"https:\/\/tenerife-trips.com\/wp-content\/uploads\/2018\/01\/Jet-Ski-Tenerife-1.jpg\"> <svg width=\"20\" height=\"10\"><path d=\"M 0,10 Q 9,9 10,0 Q 11,9 20,10\" \/><\/svg> <img src=\"https:\/\/tenerife-trips.com\/wp-content\/uploads\/2018\/01\/Jet-Ski-Tenerife-1-thegem-post-thumb-small.jpg\" alt=\"Jet Ski Tenerife\" class=\"img-responsive\"> <span class=\"gem-gallery-caption slide-info\"> <\/span> <\/a> <span class=\"gem-gallery-line\"><\/span> <\/div> <\/div> <div class=\"gem-gallery-item\"> <div class=\"gem-gallery-item-image\"> <a href=\"https:\/\/tenerife-trips.com\/wp-content\/uploads\/2019\/12\/1-leg-thegem-gallery-sidebar.jpg\" data-fancybox-group=\"gallery-69d6555a25e73\" data-full-image-url=\"https:\/\/tenerife-trips.com\/wp-content\/uploads\/2019\/12\/1-leg.jpg\"> <svg width=\"20\" height=\"10\"><path d=\"M 0,10 Q 9,9 10,0 Q 11,9 20,10\" \/><\/svg> <img src=\"https:\/\/tenerife-trips.com\/wp-content\/uploads\/2019\/12\/1-leg-thegem-post-thumb-small.jpg\" alt=\"Skutery wodne na Teneryfie\" class=\"img-responsive\"> <span class=\"gem-gallery-caption slide-info\"> <\/span> <\/a> <span class=\"gem-gallery-line\"><\/span> <\/div> <\/div> <\/div>[vc_empty_space][\/vc_column][\/vc_row][vc_row full_width=&#8221;stretch_row&#8221; css=&#8221;.vc_custom_1600431693535{background-color: #312c7a !important;background-position: center !important;background-repeat: no-repeat !important;background-size: cover !important;}&#8221;][vc_column][vc_column_text]<\/p>\n<h3 style=\"text-align: center;\"><span style=\"color: #ffffff;\"><span style=\"font-size: 18pt;\">DESCRIZIONE<\/span><\/span><\/h3>\n<p>[\/vc_column_text][\/vc_column][\/vc_row][vc_row][vc_column][vc_tta_accordion style=&#8221;simple_solid&#8221; color=&#8221;blue&#8221; c_icon=&#8221;chevron&#8221; active_section=&#8221;-0&#8243; collapsible_all=&#8221;true&#8221;][vc_tta_section title=&#8221;SPIEGAZIONE ESCURSIONE&#8221; tab_id=&#8221;1577671091617-0af8eee0-94022322-e32d&#8221;][vc_column_text css=&#8221;&#8221;]<span style=\"font-size: 14pt;\">Moto d\u2019acqua Tenerife, il nostro safari sar\u00e0 il miglior ricordo della sua vacanza alle Canarie!<\/span><\/p>\n<h3><span style=\"font-size: 12pt;\">Prima di tutto deve sapere che l&#8217;escursione in moto d&#8217;acqua Tenerife pu\u00f2 iniziare da due porti differenti, <a href=\"https:\/\/www.google.com\/maps\/place\/Puerto+Col%C3%B3n\/@28.0789928,-16.7359737,15z\/data=!4m5!3m4!1s0x0:0xd62345524f768247!8m2!3d28.0789928!4d-16.7359737\" target=\"_blank\" rel=\"noopener\">Puerto Col\u00f3n<\/a> oppure <a href=\"https:\/\/goo.gl\/maps\/dD8xjBa3yVAgw7SD9\" target=\"_blank\" rel=\"noopener\">LAS GALLETAS<\/a>.\u00a0<\/span><\/h3>\n<p><span style=\"font-size: 14pt;\">L&#8217;escursione comincia con una breve lezione di teoria al porto. Le spieghiamo le regole di base da seguire per la sua sicurezza durante l&#8217;escursione in moto d&#8217;acqua Tenerife. Una volta che tutto \u00e8 chiaro, le forniamo tutte le attrezzature necessarie come giubbotto di salvataggio e muta (di solito solo in inverno). Poi ci sediamo sulla moto d&#8217;acqua e lasciamo il porto in un piccolo gruppo di veicoli. Deve seguire la nostra guida che sta davanti al gruppo per controllare che tutto vada bene durante l&#8217;intera escursione.<\/span><\/p>\n<h3><span style=\"font-size: 12pt;\">LA ZONA CHE VISITIAMO CON LA NOSTRA ESCURSIONE IN MOTO D&#8217;ACQUA TENERIFE DIPENDe dalla durata dell&#8217;attivit\u00e0.<\/span><\/h3>\n<p><span style=\"font-size: 14pt;\">Partendo da Puerto Col\u00f3n per le escursioni di 40 minuti e di 1 ora andremo a La Caleta e a la famosa <a href=\"https:\/\/www.beach-inspector.com\/it\/b\/playa-de-diego-hernandez\" target=\"_blank\" rel=\"noopener\">spiaggia di Diego Hernandez<\/a>. Nel caso del viaggio di 2 ore, ci spingeremo pi\u00f9 a nord fino alla zona di <a href=\"https:\/\/goo.gl\/maps\/duaP6DC21vjhHZgB6\" target=\"_blank\" rel=\"noopener\">Alcal\u00e1<\/a>.\u00a0<\/span><\/p>\n<p>Partendo invece dal porto di Las Galletas viaggeremo solitamente verso ovest. Nel tour di 1 ora raggiungeremo la zona di Palm-Mar. Nel viaggio di 2 ore andremo un po&#8217; pi\u00f9 lontano fino alla zona di Los Cristianos. La durata dichiarata dell&#8217;escursione include la spiegazione delle norme di sicurezza al porto, quindi il tempo effettivo passato in acqua potrebbe essere un po&#8217; inferiore.<\/p>\n<p>L&#8217;escursione di 20 minuti non \u00e8 un safari e si svolge in un circuito nella zona di Puerto Col\u00f3n. Sarete liberi di guidare come volete all&#8217;interno dell&#8217;area delimitata.<\/p>\n<p><strong><span style=\"font-size: 14pt;\">Durante questa esperienza in moto d&#8217;acqua Tenerife vogliamo che si diverta e che si goda anche splendidi paesaggi. Ammirer\u00e0 una bellissima costa vulcanica e le alte montagne circostanti.<\/span><\/strong><\/p>\n<h3><span style=\"font-size: 12pt;\">In fondo a questa sezione pu\u00f2 vedere una mappa che mostra le aree appena menzionate. In ogni caso, <span style=\"text-decoration: underline;\">la informiamo che i luoghi che visitiamo con l&#8217;uscita in moto d&#8217;acqua Tenerife potrebbero cambiare a seconda delle condizioni meteo e del mare<\/span>. Durante l&#8217;escursione di 2 ore \u00e8 prevista anche una sosta di 10\/15 minuti per rilassarsi e fare il bagno. Siamo sicuri che pi\u00f9 tempo trascorre sulla moto d&#8217;acqua, pi\u00f9 si divertir\u00e0.<\/span><\/h3>\n<p><span style=\"font-size: 14pt;\">La moto d&#8217;acqua Tenerife raggiunge una buona velocit\u00e0, sufficiente per sentire l&#8217;adrenalina e restare al sicuro allo stesso tempo. La nostra guida le far\u00e0 delle foto che pu\u00f2 acquistare alla fine se interessato. Pu\u00f2 stare da solo sulla moto d&#8217;acqua (singola) o condividerla con un&#8217;altra persona (doppia, \u00e8 possibile cambiare pilota).<\/span><\/p>\n<h3><span style=\"font-size: 12pt;\">L&#8217;escursione in moto d\u2019acqua Tenerife \u00e8 uno degli sport acquatici migliori. Se \u00e8 fortunato potr\u00e0 anche vedere alcuni delfini, ce ne sono molti in queste acque!<\/span><\/h3>\n<p><span style=\"color: #ff0000; font-size: 14pt;\"><strong>Per guidare la moto d\u2019acqua bisogna avere almeno 16 anni; <\/strong><strong>le persone di 16 e 17 anni devono mostrare un&#8217;approvazione firmata dai genitori o tutori se vogliono guidare e non possono portare un altro minore sulla moto. I bambini fino ai 15 anni devono essere accompagnati da adulti. L&#8217;et\u00e0 minima \u00e8 6 anni per l&#8217;escursione di 20 minuti, 10 anni per le escursioni da 40 minuti e 1 ora, 12 anni per la escursione da 2 ore. Non \u00e8 richiesta nessuna patente di guida. I clienti devono portare con s\u00e9 la carta d&#8217;identit\u00e0 o il passaporto. Il limite di peso \u00e8 di 120 kg per la moto d&#8217;acqua singola e di 160 kg per quella doppia.<\/strong><\/span><\/p>\n<p>&nbsp;<\/p>\n<p><img alt=\"\" class=\"aligncenter wp-image-703042 size-full\" src=\"https:\/\/tenerife-trips.com\/wp-content\/uploads\/2018\/01\/map-estate-2025-3.png\" alt=\"\" width=\"1116\" height=\"817\" srcset=\"https:\/\/tenerife-trips.com\/wp-content\/uploads\/2018\/01\/map-estate-2025-3.png 1116w, https:\/\/tenerife-trips.com\/wp-content\/uploads\/2018\/01\/map-estate-2025-3-600x439.png 600w, https:\/\/tenerife-trips.com\/wp-content\/uploads\/2018\/01\/map-estate-2025-3-300x220.png 300w, https:\/\/tenerife-trips.com\/wp-content\/uploads\/2018\/01\/map-estate-2025-3-1024x750.png 1024w, https:\/\/tenerife-trips.com\/wp-content\/uploads\/2018\/01\/map-estate-2025-3-768x562.png 768w\" sizes=\"(max-width: 1116px) 100vw, 1116px\" \/>[\/vc_column_text][\/vc_tta_section][vc_tta_section title=&#8221;ORARIO E TRASPORTO&#8221; tab_id=&#8221;1577671091666-736a5870-75e32322-e32d&#8221;][vc_column_text]Quando si parte\u00a0 da <a href=\"https:\/\/www.google.com\/maps\/place\/Puerto+Col%C3%B3n\/@28.0789928,-16.7359737,15z\/data=!4m5!3m4!1s0x0:0xd62345524f768247!8m2!3d28.0789928!4d-16.7359737\" target=\"_blank\" rel=\"noopener\">Puerto Col\u00f3n<\/a> deve raggiungere il porto autonomamente. Quando si parte da <a href=\"https:\/\/goo.gl\/maps\/5kognbHfWdY7SSfHA\" target=\"_blank\" rel=\"noopener\">Las Galletas<\/a> offriamo il servizio di trasporto nel sud di Tenerife, la preghiamo di chiedere dettagli a riguardo al nostro servizio clienti.<\/p>\n<p><span style=\"color: #ff0000; font-size: 14pt;\"><u>ORARIO:<\/u><\/span><\/p>\n<p><span style=\"font-size: 14pt;\">In generale questa escursione \u00e8 disponibile dalle 10:00 alle 17:00 tutti i giorni. L&#8217;orario di escursione varia a seconda della stagione, la preghiamo quindi di contattarci per verificare.<\/span><\/p>\n<p><span style=\"font-size: 14pt;\"><strong>Guardi il video, si faccia una idea dell\u2019escursione e la prenoti ora!<\/strong><\/span>[\/vc_column_text][\/vc_tta_section][\/vc_tta_accordion]<style type=\"text\/css\">.thegem-button-69d6555a2ba339953 .gem-button svg {fill: #ffffff;}.thegem-button-69d6555a2ba339953 .gem-button:hover svg {fill: #312c7a;}<\/style><div class=\"gem-button-container gem-button-position-center thegem-button-69d6555a2ba339953    \"  ><a class=\"gem-button gem-button-size-small gem-button-style-flat gem-button-text-weight-normal\" data-ll-effect=\"drop-right-without-wrap\" style=\"border-radius: 3px;background-color: #312c7a;color: #ffffff;\" onmouseleave=\"this.style.backgroundColor='#312c7a';this.style.color='#ffffff';\" onmouseenter=\"this.style.backgroundColor='#f6eb14';this.style.color='#312c7a';\" href=\"#prezzi-jet-ski\" target=\"_self\">PREZZI<\/a><\/div> [\/vc_column][\/vc_row][vc_row full_width=&#8221;stretch_row_content&#8221; css=&#8221;.vc_custom_1600431728115{background-color: #312c7a !important;background-position: center !important;background-repeat: no-repeat !important;background-size: cover !important;}&#8221;][vc_column][vc_column_text]<\/p>\n<h3 style=\"text-align: center;\"><span style=\"color: #ffffff;\"><strong><span style=\"font-size: 18pt;\">PRENOTA ORA<\/span><\/strong><\/span><\/h3>\n<p>[\/vc_column_text][vc_empty_space height=&#8221;10px&#8221; el_id=&#8221;prezzi-jet-ski&#8221;][\/vc_column][\/vc_row]<\/p>\n<\/div>","protected":false},"excerpt":{"rendered":"<p>[vc_row full_width=&#8221;stretch_row_content_no_spaces&#8221;][vc_column][vc_column_text css=&#8221;.vc_custom_1743424336627{background-color: #F6EB14 !important;background-position: center !important;background-repeat: no-repeat !important;background-size: cover !important;}&#8221; css_animation=&#8221;fadeIn&#8221;] MOTO D&#8217;ACQUA [\/vc_column_text][\/vc_column][\/vc_row][vc_row][vc_column][vc_column_text] Il nostro safari in moto&#8230;<\/p>\n","protected":false},"featured_media":57673,"template":"","meta":{"_acf_changed":false,"_seopress_robots_primary_cat":"2295","_seopress_titles_title":"Moto d&#039;acqua Tenerife, la migliore escursione dell&#039;isola. Prenota ora","_seopress_titles_desc":"Prenota ora l&#039;escursione in moto d&#039;acqua a Tenerife da una agenzia italiana stanziata sul territorio. Gite di 1 o 2 ore, un&#039;emozione unica","_seopress_robots_index":""},"product_brand":[],"product_cat":[2295],"product_tag":[2407,2309,2310],"class_list":{"0":"post-53882","1":"product","2":"type-product","3":"status-publish","4":"has-post-thumbnail","6":"product_cat-sport-dacqua","7":"product_tag-escursioni-tenerife","8":"product_tag-moto-dacqua-tenerife","9":"product_tag-sport-acquatici-tenerife","11":"first","12":"instock","13":"virtual","14":"sold-individually","15":"taxable","16":"purchasable","17":"product-type-booking"},"booking_location":"","booking_location_type":"","booking_duration":1,"booking_duration_unit":"hour","booking_buffer":0,"booking_cost":0,"booking_resources":[],"acf":[],"_links":{"self":[{"href":"https:\/\/tenerife-trips.com\/it\/wp-json\/wp\/v2\/product\/53882","targetHints":{"allow":["GET"]}}],"collection":[{"href":"https:\/\/tenerife-trips.com\/it\/wp-json\/wp\/v2\/product"}],"about":[{"href":"https:\/\/tenerife-trips.com\/it\/wp-json\/wp\/v2\/types\/product"}],"wp:featuredmedia":[{"embeddable":true,"href":"https:\/\/tenerife-trips.com\/it\/wp-json\/wp\/v2\/media\/57673"}],"wp:attachment":[{"href":"https:\/\/tenerife-trips.com\/it\/wp-json\/wp\/v2\/media?parent=53882"}],"wp:term":[{"taxonomy":"product_brand","embeddable":true,"href":"https:\/\/tenerife-trips.com\/it\/wp-json\/wp\/v2\/product_brand?post=53882"},{"taxonomy":"product_cat","embeddable":true,"href":"https:\/\/tenerife-trips.com\/it\/wp-json\/wp\/v2\/product_cat?post=53882"},{"taxonomy":"product_tag","embeddable":true,"href":"https:\/\/tenerife-trips.com\/it\/wp-json\/wp\/v2\/product_tag?post=53882"}],"curies":[{"name":"wp","href":"https:\/\/api.w.org\/{rel}","templated":true}]}}