{"id":53892,"date":"2018-01-26T18:48:26","date_gmt":"2018-01-26T18:48:26","guid":{"rendered":"https:\/\/tenerife-trips.com\/?post_type=product&#038;p=53892"},"modified":"2025-12-02T20:22:42","modified_gmt":"2025-12-02T20:22:42","slug":"kayak-tenerife","status":"publish","type":"product","link":"https:\/\/tenerife-trips.com\/it\/product\/sport-dacqua\/kayak-tenerife\/","title":{"rendered":"KAYAK &#038; SNORKELING"},"content":{"rendered":"<div class=\"wpb-content-wrapper\"><p>[vc_row full_width=&#8221;stretch_row_content_no_spaces&#8221;][vc_column][vc_column_text css=&#8221;.vc_custom_1743421407327{background-color: #F6EB14 !important;background-position: center !important;background-repeat: no-repeat !important;background-size: cover !important;}&#8221; css_animation=&#8221;fadeIn&#8221;]<\/p>\n<h1 class=\"title-h2\" style=\"text-align: center;\"><span style=\"font-size: 18pt; color: #312c7a;\">KAYAK &amp; SNORKELING<\/span><\/h1>\n<p>[\/vc_column_text][\/vc_column][\/vc_row][vc_row][vc_column][vc_column_text]<\/p>\n<p style=\"text-align: center;\">Kayak e snorkeling a Tenerife, questa \u00e8 una delle migliori escursioni acquatiche disponibili sull&#8217;isola; \u00e8 sicuramente qualcosa che non dimenticher\u00e0 mai! La condurremo in kayak in un luogo segreto accessibile solo via mare. L\u00ec potrebbe fare l&#8217;esperienza di nuotare con le tartarughe marine e forse anche con le razze nel loro ambiente naturale. Le tartarughe sono animali molto amichevoli e amano controllare cosa fanno questi strani esseri nel loro habitat.<\/p>\n<p style=\"text-align: center;\"><strong>\u21d3<\/strong><strong> Veda ulteriore descrizione di seguito <\/strong><strong>\u21d3<\/strong><\/p>\n<p>[\/vc_column_text][\/vc_column][\/vc_row][vc_row full_width=&#8221;stretch_row_content&#8221; full_height=&#8221;yes&#8221; css=&#8221;.vc_custom_1576192123211{background-color: #312c7a !important;background-position: center !important;background-repeat: no-repeat !important;background-size: cover !important;}&#8221;][vc_column]<div class=\"gem-vimeo gem-wrapbox gem-wrapbox-style-no-style rounded-corners gem-wrapbox-position-below\" style=\"width: 100%;\"><div class=\"gem-wrapbox-inner gem-ratio-style\" style=\"padding-top: 56.25%\"><iframe webkitallowfullscreen=\"true\" mozallowfullscreen=\"true\" allowfullscreen=\"true\" class=\"gem-wrapbox-element img-responsive\" frameborder=\"0\" scrolling=\"no\" marginheight=\"0\" marginwidth=\"0\" src=\"\/\/player.vimeo.com\/video\/321716846?title=0&amp;byline=0&amp;portrait=0 \"><\/iframe><\/div><\/div>[vc_empty_space]<div class=\"preloader\"><div class=\"preloader-spin\"><\/div><\/div> <div id=\"gem-gallery-69edec1b242e5\" class=\"gem-gallery gem-gallery-hover-zooming-blur\"> <div class=\"gem-gallery-item\"> <div class=\"gem-gallery-item-image\"> <a href=\"https:\/\/tenerife-trips.com\/wp-content\/uploads\/2018\/01\/leg4-thegem-gallery-sidebar.jpg\" data-fancybox-group=\"gallery-69edec1b242e5\" data-full-image-url=\"https:\/\/tenerife-trips.com\/wp-content\/uploads\/2018\/01\/leg4.jpg\"> <svg width=\"20\" height=\"10\"><path d=\"M 0,10 Q 9,9 10,0 Q 11,9 20,10\" \/><\/svg> <img src=\"https:\/\/tenerife-trips.com\/wp-content\/uploads\/2018\/01\/leg4-thegem-post-thumb-small.jpg\" alt=\"\" class=\"img-responsive\"> <span class=\"gem-gallery-caption slide-info\"> <\/span> <\/a> <span class=\"gem-gallery-line\"><\/span> <\/div> <\/div> <div class=\"gem-gallery-item\"> <div class=\"gem-gallery-item-image\"> <a href=\"https:\/\/tenerife-trips.com\/wp-content\/uploads\/2018\/01\/leg3-thegem-gallery-sidebar.jpg\" data-fancybox-group=\"gallery-69edec1b242e5\" data-full-image-url=\"https:\/\/tenerife-trips.com\/wp-content\/uploads\/2018\/01\/leg3.jpg\"> <svg width=\"20\" height=\"10\"><path d=\"M 0,10 Q 9,9 10,0 Q 11,9 20,10\" \/><\/svg> <img src=\"https:\/\/tenerife-trips.com\/wp-content\/uploads\/2018\/01\/leg3-thegem-post-thumb-small.jpg\" alt=\"nurkowanie Teneryfa\" class=\"img-responsive\"> <span class=\"gem-gallery-caption slide-info\"> <\/span> <\/a> <span class=\"gem-gallery-line\"><\/span> <\/div> <\/div> <div class=\"gem-gallery-item\"> <div class=\"gem-gallery-item-image\"> <a href=\"https:\/\/tenerife-trips.com\/wp-content\/uploads\/2018\/01\/nurkowanie-Teneryfa-thegem-gallery-sidebar.jpg\" data-fancybox-group=\"gallery-69edec1b242e5\" data-full-image-url=\"https:\/\/tenerife-trips.com\/wp-content\/uploads\/2018\/01\/nurkowanie-Teneryfa.jpg\"> <svg width=\"20\" height=\"10\"><path d=\"M 0,10 Q 9,9 10,0 Q 11,9 20,10\" \/><\/svg> <img src=\"https:\/\/tenerife-trips.com\/wp-content\/uploads\/2018\/01\/nurkowanie-Teneryfa-thegem-post-thumb-small.jpg\" alt=\"nurkowanie Teneryfa\" class=\"img-responsive\"> <span class=\"gem-gallery-caption slide-info\"> <\/span> <\/a> <span class=\"gem-gallery-line\"><\/span> <\/div> <\/div> <div class=\"gem-gallery-item\"> <div class=\"gem-gallery-item-image\"> <a href=\"https:\/\/tenerife-trips.com\/wp-content\/uploads\/2018\/01\/1leg-thegem-gallery-sidebar.jpg\" data-fancybox-group=\"gallery-69edec1b242e5\" data-full-image-url=\"https:\/\/tenerife-trips.com\/wp-content\/uploads\/2018\/01\/1leg.jpg\"> <svg width=\"20\" height=\"10\"><path d=\"M 0,10 Q 9,9 10,0 Q 11,9 20,10\" \/><\/svg> <img src=\"https:\/\/tenerife-trips.com\/wp-content\/uploads\/2018\/01\/1leg-thegem-post-thumb-small.jpg\" alt=\"\" class=\"img-responsive\"> <span class=\"gem-gallery-caption slide-info\"> <\/span> <\/a> <span class=\"gem-gallery-line\"><\/span> <\/div> <\/div> <div class=\"gem-gallery-item\"> <div class=\"gem-gallery-item-image\"> <a href=\"https:\/\/tenerife-trips.com\/wp-content\/uploads\/2018\/01\/leg5-thegem-gallery-sidebar.jpg\" data-fancybox-group=\"gallery-69edec1b242e5\" data-full-image-url=\"https:\/\/tenerife-trips.com\/wp-content\/uploads\/2018\/01\/leg5.jpg\"> <svg width=\"20\" height=\"10\"><path d=\"M 0,10 Q 9,9 10,0 Q 11,9 20,10\" \/><\/svg> <img src=\"https:\/\/tenerife-trips.com\/wp-content\/uploads\/2018\/01\/leg5-thegem-post-thumb-small.jpg\" alt=\"\" class=\"img-responsive\"> <span class=\"gem-gallery-caption slide-info\"> <\/span> <\/a> <span class=\"gem-gallery-line\"><\/span> <\/div> <\/div> <\/div>[vc_empty_space][\/vc_column][\/vc_row][vc_row full_width=&#8221;stretch_row&#8221; css=&#8221;.vc_custom_1600433731897{background-color: #312c7a !important;background-position: center !important;background-repeat: no-repeat !important;background-size: cover !important;}&#8221;][vc_column][vc_column_text]<\/p>\n<h3 style=\"text-align: center;\"><span style=\"color: #ffffff;\"><span style=\"font-size: 18pt;\">DESCRIZIONE<\/span><\/span><\/h3>\n<p>[\/vc_column_text][\/vc_column][\/vc_row][vc_row][vc_column][vc_tta_accordion style=&#8221;simple_solid&#8221; color=&#8221;blue&#8221; c_icon=&#8221;chevron&#8221; active_section=&#8221;-0&#8243; collapsible_all=&#8221;true&#8221;][vc_tta_section title=&#8221;SPIEGAZIONE ESCURSIONE&#8221; tab_id=&#8221;1577671091617-0af8eee0-9402751a-bc9a&#8221;][vc_column_text]Allora prima di tutto per il kayak Tenerife partiamo da Los Cristianos in un piccolo gruppo di persone. La nostra esperta guida turistica la condurr\u00e0 lungo la costa in direzione <a href=\"https:\/\/www.google.com\/maps\/place\/38632+Palm-Mar,+Santa+Cruz+de+Tenerife\/data=!4m2!3m1!1s0xc6a9812da28e21b:0x11b2460957538518?sa=X&amp;ved=2ahUKEwj1lcWO_ZLoAhXQzoUKHWLiC8EQ8gEwDHoECBUQBA\" target=\"_blank\" rel=\"noopener\">El Palm-Mar<\/a>. Questa zona \u00e8 famosa soprattutto per le sue scogliere e le grotte naturali.<\/p>\n<p>In circa 30 minuti raggiungiamo il luogo in cui vivono le tartarughe. Qui finalmente ci tuffiamo in acqua, di solito in pochi minuti alcune arrivano e nuotano tra di noi. Non possiamo garantire al 100% la presenza della fauna acquatica perch\u00e8 gli animali sono liberi, ma la probabilit\u00e0 di vederli \u00e8 molto alta. Raramente pu\u00f2 capitare che le condizioni del mare non permettano di fare snorkeling; in questo caso offriamo ai clienti di ripetere l&#8217;escursione gratuitamente.<\/p>\n<h3><span style=\"font-size: 12pt;\">Durante l&#8217;escursione di kayak Tenerife ha abbastanza tempo per godersi l&#8217;incontro con le tartarughe e altre specie di pesci che popolano la zona. d&#8217;altra parte le persone che vogliono riposare possono semplicemente sedersi sul kayak e aspettare. la temperatura dell&#8217;acqua a Tenerife \u00e8 buona (19 \u00b0\/20 \u00b0 in inverno e 23 \u00b0\/24 \u00b0 in estate), pertanto \u00e8 possibile svolgere questa attivit\u00e0 tutto l&#8217;anno.<\/span><\/h3>\n<p>L&#8217;escursione di kayaking Tenerife dura circa 2 ore. Non \u00e8 richiesta alcuna precedente esperienza di snorkeling o kayak e non \u00e8 obbligatorio saper nuotare visto che si indossa un giubbotto di salvataggio. Anche se non ci sono limiti di et\u00e0, sarebbe bene che i bambini abbiano almeno 6 anni per godersi appi\u00e8no l&#8217;escursione di kayak Tenerife. Tuttavia, se hanno meno di 6 anni, le chiediamo di contattarci per confermare che possono partecipare all&#8217;attivit\u00e0.<\/p>\n<p>Abbiamo kayak professionali e molto sicuri di diverse dimensioni; vale a dire, pu\u00f2 usare il singolo o il doppio. Durante l&#8217;escursione \u00e8 abbastanza facile vedere anche delfini. Ci\u00f2 \u00e8 dovuto agli allevamenti ittici presenti nella zona che li attraggono. Sono animali molto amichevoli, quindi a volte vengono e nuotano vicino a noi quasi dicendo &#8220;ciao&#8221;!<\/p>\n<p><span style=\"color: #ff0000;\">Durante l&#8217;escursione la sua guida far\u00e0 foto e brevi video. Alla fine pu\u00f2 acquistarli per 15 \u20ac a kayak se interessato.<\/span><\/p>\n<h3><span style=\"font-size: 12pt;\">In conclusione, la escursione di kayak Tenerife \u00e8 una delle pi\u00f9 famose.<\/span><\/h3>\n<p><span style=\"font-size: 14pt;\"><strong>\u00a0Non se la pu\u00f2 perdere, prenoti subito il suo ticket!<\/strong><\/span>[\/vc_column_text][\/vc_tta_section][vc_tta_section title=&#8221;ORARIO E TRASPORTO&#8221; tab_id=&#8221;1577671091666-736a5870-75e3751a-bc9a&#8221;][vc_column_text]Il servizio di trasporto \u00e8 disponibile da Tenerife sud. Le consigliamo di mettersi in contatto con noi e verificare la disponibilit\u00e0 dalla sua zona.<\/p>\n<p><span style=\"text-decoration: underline;\"><span style=\"color: #ff0000; text-decoration: underline;\">ORARIO:<\/span><\/span><\/p>\n<p>Tutti i giorni generalmente alle 10:30, 11:30, 12:30, 14:30 e alcuni giorni alle 16:30. L&#8217;orario dell&#8217;escursione potrebbe cambiare a seconda del giorno e della stagione, quindi controlli con noi prima di prenotare per favore.<\/p>\n<p><strong>Guardi il video, si faccia un&#8217;idea di che com&#8217;\u00e8 l&#8217;escursione e prenoti subito!<\/strong>[\/vc_column_text][\/vc_tta_section][\/vc_tta_accordion]<style type=\"text\/css\">.thegem-button-69edec1b256632940 .gem-button svg {fill: #ffffff;}.thegem-button-69edec1b256632940 .gem-button:hover svg {fill: #312c7a;}<\/style><div class=\"gem-button-container gem-button-position-center thegem-button-69edec1b256632940    \"  ><a class=\"gem-button gem-button-size-small gem-button-style-flat gem-button-text-weight-normal\" data-ll-effect=\"drop-right-without-wrap\" style=\"border-radius: 3px;background-color: #312c7a;color: #ffffff;\" onmouseleave=\"this.style.backgroundColor='#312c7a';this.style.color='#ffffff';\" onmouseenter=\"this.style.backgroundColor='#f6eb14';this.style.color='#312c7a';\" href=\"#prezzi-kayak\" target=\"_self\">PREZZI<\/a><\/div> [\/vc_column][\/vc_row][vc_row full_width=&#8221;stretch_row_content&#8221; css=&#8221;.vc_custom_1600433761147{background-color: #312c7a !important;background-position: center !important;background-repeat: no-repeat !important;background-size: cover !important;}&#8221;][vc_column][vc_column_text]<\/p>\n<h3 style=\"text-align: center;\"><span style=\"color: #ffffff;\"><strong><span style=\"font-size: 18pt;\">PRENOTA ORA<\/span><\/strong><\/span><\/h3>\n<p>[\/vc_column_text][vc_empty_space height=&#8221;10px&#8221; el_id=&#8221;prezzi-kayak&#8221;][\/vc_column][\/vc_row]<\/p>\n<\/div>","protected":false},"excerpt":{"rendered":"<p>[vc_row full_width=&#8221;stretch_row_content_no_spaces&#8221;][vc_column][vc_column_text css=&#8221;.vc_custom_1743421407327{background-color: #F6EB14 !important;background-position: center !important;background-repeat: no-repeat !important;background-size: cover !important;}&#8221; css_animation=&#8221;fadeIn&#8221;] KAYAK &amp; SNORKELING [\/vc_column_text][\/vc_column][\/vc_row][vc_row][vc_column][vc_column_text] Kayak e snorkeling a&#8230;<\/p>\n","protected":false},"featured_media":42491,"template":"","meta":{"_acf_changed":false,"_seopress_robots_primary_cat":"0","_seopress_titles_title":"Kayak Tenerife, un&#039;escursione per fare snorkeling con le tartarughe","_seopress_titles_desc":"La escursione in kayak Tenerife \u00e8 una delle migliori attivit\u00e0 acquatiche sull&#039;isola. Questa esperienza include fare snorkeling.","_seopress_robots_index":""},"product_brand":[],"product_cat":[2295],"product_tag":[2362,2407,2315,2430],"class_list":{"0":"post-53892","1":"product","2":"type-product","3":"status-publish","4":"has-post-thumbnail","6":"product_cat-sport-dacqua","7":"product_tag-delfini-tenerife","8":"product_tag-escursioni-tenerife","9":"product_tag-kayak-tenerife-it","10":"product_tag-tartarughe-tenerife","12":"first","13":"instock","14":"virtual","15":"sold-individually","16":"taxable","17":"purchasable","18":"product-type-booking"},"booking_location":"","booking_location_type":"","booking_duration":1,"booking_duration_unit":"day","booking_buffer":0,"booking_cost":0,"booking_resources":[],"acf":[],"_links":{"self":[{"href":"https:\/\/tenerife-trips.com\/it\/wp-json\/wp\/v2\/product\/53892","targetHints":{"allow":["GET"]}}],"collection":[{"href":"https:\/\/tenerife-trips.com\/it\/wp-json\/wp\/v2\/product"}],"about":[{"href":"https:\/\/tenerife-trips.com\/it\/wp-json\/wp\/v2\/types\/product"}],"wp:featuredmedia":[{"embeddable":true,"href":"https:\/\/tenerife-trips.com\/it\/wp-json\/wp\/v2\/media\/42491"}],"wp:attachment":[{"href":"https:\/\/tenerife-trips.com\/it\/wp-json\/wp\/v2\/media?parent=53892"}],"wp:term":[{"taxonomy":"product_brand","embeddable":true,"href":"https:\/\/tenerife-trips.com\/it\/wp-json\/wp\/v2\/product_brand?post=53892"},{"taxonomy":"product_cat","embeddable":true,"href":"https:\/\/tenerife-trips.com\/it\/wp-json\/wp\/v2\/product_cat?post=53892"},{"taxonomy":"product_tag","embeddable":true,"href":"https:\/\/tenerife-trips.com\/it\/wp-json\/wp\/v2\/product_tag?post=53892"}],"curies":[{"name":"wp","href":"https:\/\/api.w.org\/{rel}","templated":true}]}}