{"id":54207,"date":"2018-01-15T22:17:27","date_gmt":"2018-01-15T22:17:27","guid":{"rendered":"https:\/\/tenerife-trips.com\/?post_type=product&#038;p=54207"},"modified":"2025-12-02T20:31:59","modified_gmt":"2025-12-02T20:31:59","slug":"scuba-diving-tenerife","status":"publish","type":"product","link":"https:\/\/tenerife-trips.com\/it\/product\/sport-dacqua\/scuba-diving-tenerife\/","title":{"rendered":"IMMERSIONE SUBACQUEA"},"content":{"rendered":"<div class=\"wpb-content-wrapper\"><p>[vc_row full_width=&#8221;stretch_row_content_no_spaces&#8221;][vc_column][vc_column_text css=&#8221;.vc_custom_1743423996047{background-color: #F6EB14 !important;background-position: center !important;background-repeat: no-repeat !important;background-size: cover !important;}&#8221; css_animation=&#8221;fadeIn&#8221;]<\/p>\n<h1 class=\"title-h2\" style=\"text-align: center;\"><span style=\"font-size: 18pt; color: #312c7a;\">IMMERSIONE SUBACQUEA<\/span><\/h1>\n<p>[\/vc_column_text][\/vc_column][\/vc_row][vc_row][vc_column][vc_column_text]<\/p>\n<p style=\"text-align: center;\"><span style=\"font-size: 14pt;\">Scuba diving Tenerife, immergersi \u00e8 davvero una delle <a href=\"https:\/\/www.tenerife-trips.com\/cosa-fare-a-tenerife\/?lang=it\" target=\"_blank\" rel=\"noopener\">escursioni migliori<\/a> da fare durante la sua vacanza. La vita marina nelle Isole Canarie \u00e8 abbondante e questo \u00e8 un modo per conoscerla molto bene.<\/span><\/p>\n<p style=\"text-align: center;\"><span style=\"font-size: 14pt;\">Guardi da una prospettiva diversa e scopra il fantastico mondo sottomarino che Tenerife ha da offrire!<\/span><\/p>\n<p style=\"text-align: center;\"><span style=\"font-size: 14pt;\"><strong>\u21d3 Veda ulteriore descrizione di seguito \u21d3<\/strong><\/span><\/p>\n<p>[\/vc_column_text][\/vc_column][\/vc_row][vc_row full_width=&#8221;stretch_row_content&#8221; css=&#8221;.vc_custom_1666445996472{background-color: #312c7a !important;}&#8221;][vc_column]<div class=\"gem-vimeo gem-wrapbox gem-wrapbox-style-no-style rounded-corners gem-wrapbox-position-below\" style=\"width: 100%;\"><div class=\"gem-wrapbox-inner gem-ratio-style\" style=\"padding-top: 56.25%\"><iframe webkitallowfullscreen=\"true\" mozallowfullscreen=\"true\" allowfullscreen=\"true\" class=\"gem-wrapbox-element img-responsive\" frameborder=\"0\" scrolling=\"no\" marginheight=\"0\" marginwidth=\"0\" src=\"\/\/player.vimeo.com\/video\/326160390?title=0&amp;byline=0&amp;portrait=0 \"><\/iframe><\/div><\/div>[vc_empty_space]<div class=\"preloader\"><div class=\"preloader-spin\"><\/div><\/div> <div id=\"gem-gallery-69d7805ef39c0\" class=\"gem-gallery gem-gallery-hover-zooming-blur\"> <div class=\"gem-gallery-item\"> <div class=\"gem-gallery-item-image\"> <a href=\"https:\/\/tenerife-trips.com\/wp-content\/uploads\/2019\/12\/buceo-Tenerife-1-scaled-thegem-gallery-sidebar.png\" data-fancybox-group=\"gallery-69d7805ef39c0\" data-full-image-url=\"https:\/\/tenerife-trips.com\/wp-content\/uploads\/2019\/12\/buceo-Tenerife-1-scaled.png\"> <svg width=\"20\" height=\"10\"><path d=\"M 0,10 Q 9,9 10,0 Q 11,9 20,10\" \/><\/svg> <img src=\"https:\/\/tenerife-trips.com\/wp-content\/uploads\/2019\/12\/buceo-Tenerife-1-scaled-thegem-post-thumb-small.png\" alt=\"\" class=\"img-responsive\"> <span class=\"gem-gallery-caption slide-info\"> <\/span> <\/a> <span class=\"gem-gallery-line\"><\/span> <\/div> <\/div> <div class=\"gem-gallery-item\"> <div class=\"gem-gallery-item-image\"> <a href=\"https:\/\/tenerife-trips.com\/wp-content\/uploads\/2019\/12\/scuba-diving-Tenerife-1-scaled-thegem-gallery-sidebar.png\" data-fancybox-group=\"gallery-69d7805ef39c0\" data-full-image-url=\"https:\/\/tenerife-trips.com\/wp-content\/uploads\/2019\/12\/scuba-diving-Tenerife-1-scaled.png\"> <svg width=\"20\" height=\"10\"><path d=\"M 0,10 Q 9,9 10,0 Q 11,9 20,10\" \/><\/svg> <img src=\"https:\/\/tenerife-trips.com\/wp-content\/uploads\/2019\/12\/scuba-diving-Tenerife-1-scaled-thegem-post-thumb-small.png\" alt=\"\" class=\"img-responsive\"> <span class=\"gem-gallery-caption slide-info\"> <\/span> <\/a> <span class=\"gem-gallery-line\"><\/span> <\/div> <\/div> <div class=\"gem-gallery-item\"> <div class=\"gem-gallery-item-image\"> <a href=\"https:\/\/tenerife-trips.com\/wp-content\/uploads\/2019\/12\/tauchen-Teneriffa-scaled-thegem-gallery-sidebar.png\" data-fancybox-group=\"gallery-69d7805ef39c0\" data-full-image-url=\"https:\/\/tenerife-trips.com\/wp-content\/uploads\/2019\/12\/tauchen-Teneriffa-scaled.png\"> <svg width=\"20\" height=\"10\"><path d=\"M 0,10 Q 9,9 10,0 Q 11,9 20,10\" \/><\/svg> <img src=\"https:\/\/tenerife-trips.com\/wp-content\/uploads\/2019\/12\/tauchen-Teneriffa-scaled-thegem-post-thumb-small.png\" alt=\"\" class=\"img-responsive\"> <span class=\"gem-gallery-caption slide-info\"> <\/span> <\/a> <span class=\"gem-gallery-line\"><\/span> <\/div> <\/div> <div class=\"gem-gallery-item\"> <div class=\"gem-gallery-item-image\"> <a href=\"https:\/\/tenerife-trips.com\/wp-content\/uploads\/2019\/12\/scuba-diving-Tenerife-2-scaled-thegem-gallery-sidebar.png\" data-fancybox-group=\"gallery-69d7805ef39c0\" data-full-image-url=\"https:\/\/tenerife-trips.com\/wp-content\/uploads\/2019\/12\/scuba-diving-Tenerife-2-scaled.png\"> <svg width=\"20\" height=\"10\"><path d=\"M 0,10 Q 9,9 10,0 Q 11,9 20,10\" \/><\/svg> <img src=\"https:\/\/tenerife-trips.com\/wp-content\/uploads\/2019\/12\/scuba-diving-Tenerife-2-scaled-thegem-post-thumb-small.png\" alt=\"\" class=\"img-responsive\"> <span class=\"gem-gallery-caption slide-info\"> <\/span> <\/a> <span class=\"gem-gallery-line\"><\/span> <\/div> <\/div> <div class=\"gem-gallery-item\"> <div class=\"gem-gallery-item-image\"> <a href=\"https:\/\/tenerife-trips.com\/wp-content\/uploads\/2019\/12\/nurkowanie-na-Teneryfie-1-scaled-thegem-gallery-sidebar.png\" data-fancybox-group=\"gallery-69d7805ef39c0\" data-full-image-url=\"https:\/\/tenerife-trips.com\/wp-content\/uploads\/2019\/12\/nurkowanie-na-Teneryfie-1-scaled.png\"> <svg width=\"20\" height=\"10\"><path d=\"M 0,10 Q 9,9 10,0 Q 11,9 20,10\" \/><\/svg> <img src=\"https:\/\/tenerife-trips.com\/wp-content\/uploads\/2019\/12\/nurkowanie-na-Teneryfie-1-scaled-thegem-post-thumb-small.png\" alt=\"\" class=\"img-responsive\"> <span class=\"gem-gallery-caption slide-info\"> <\/span> <\/a> <span class=\"gem-gallery-line\"><\/span> <\/div> <\/div> <div class=\"gem-gallery-item\"> <div class=\"gem-gallery-item-image\"> <a href=\"https:\/\/tenerife-trips.com\/wp-content\/uploads\/2019\/12\/tauchen-Teneriffa-2-scaled-thegem-gallery-sidebar.png\" data-fancybox-group=\"gallery-69d7805ef39c0\" data-full-image-url=\"https:\/\/tenerife-trips.com\/wp-content\/uploads\/2019\/12\/tauchen-Teneriffa-2-scaled.png\"> <svg width=\"20\" height=\"10\"><path d=\"M 0,10 Q 9,9 10,0 Q 11,9 20,10\" \/><\/svg> <img src=\"https:\/\/tenerife-trips.com\/wp-content\/uploads\/2019\/12\/tauchen-Teneriffa-2-scaled-thegem-post-thumb-small.png\" alt=\"\" class=\"img-responsive\"> <span class=\"gem-gallery-caption slide-info\"> <\/span> <\/a> <span class=\"gem-gallery-line\"><\/span> <\/div> <\/div> <div class=\"gem-gallery-item\"> <div class=\"gem-gallery-item-image\"> <a href=\"https:\/\/tenerife-trips.com\/wp-content\/uploads\/2018\/01\/diving-Tenerife-1-1-thegem-gallery-sidebar.png\" data-fancybox-group=\"gallery-69d7805ef39c0\" data-full-image-url=\"https:\/\/tenerife-trips.com\/wp-content\/uploads\/2018\/01\/diving-Tenerife-1-1.png\"> <svg width=\"20\" height=\"10\"><path d=\"M 0,10 Q 9,9 10,0 Q 11,9 20,10\" \/><\/svg> <img src=\"https:\/\/tenerife-trips.com\/wp-content\/uploads\/2018\/01\/diving-Tenerife-1-1-thegem-post-thumb-small.png\" alt=\"diving Tenerife\" class=\"img-responsive\"> <span class=\"gem-gallery-caption slide-info\"> <\/span> <\/a> <span class=\"gem-gallery-line\"><\/span> <\/div> <\/div> <div class=\"gem-gallery-item\"> <div class=\"gem-gallery-item-image\"> <a href=\"https:\/\/tenerife-trips.com\/wp-content\/uploads\/2018\/01\/diving-Tenerife-thegem-gallery-sidebar.png\" data-fancybox-group=\"gallery-69d7805ef39c0\" data-full-image-url=\"https:\/\/tenerife-trips.com\/wp-content\/uploads\/2018\/01\/diving-Tenerife.png\"> <svg width=\"20\" height=\"10\"><path d=\"M 0,10 Q 9,9 10,0 Q 11,9 20,10\" \/><\/svg> <img src=\"https:\/\/tenerife-trips.com\/wp-content\/uploads\/2018\/01\/diving-Tenerife-thegem-post-thumb-small.png\" alt=\"diving Tenerife\" class=\"img-responsive\"> <span class=\"gem-gallery-caption slide-info\"> <\/span> <\/a> <span class=\"gem-gallery-line\"><\/span> <\/div> <\/div> <\/div>[vc_empty_space][\/vc_column][\/vc_row][vc_row full_width=&#8221;stretch_row&#8221; css=&#8221;.vc_custom_1577671222333{background-color: #312c7a !important;background-position: center !important;background-repeat: no-repeat !important;background-size: cover !important;}&#8221;][vc_column][vc_column_text]<\/p>\n<h3 style=\"text-align: center;\"><span style=\"color: #ffffff; font-size: 18pt;\">DESCRIZIONE<\/span><\/h3>\n<p>[\/vc_column_text][\/vc_column][\/vc_row][vc_row][vc_column][vc_tta_accordion style=&#8221;simple_solid&#8221; color=&#8221;blue&#8221; c_icon=&#8221;chevron&#8221; active_section=&#8221;-0&#8243; collapsible_all=&#8221;true&#8221;][vc_tta_section title=&#8221;SPIEGAZIONE ESCURSIONE&#8221; tab_id=&#8221;1577671091617-0af8eee0-940298a3-ee92&#8243;][vc_column_text css=&#8221;&#8221;]<span style=\"font-size: 14pt;\">Lo scuba diving Tenerife \u00e8 davvero una delle migliori cose da fare durante la sua vacanza. La vita marina alle Canarie \u00e8 molto abbondante e questo \u00e8 modo per conoscerla bene!<\/span><\/p>\n<h3><span style=\"font-size: 12pt;\">\u00c8 difficile descrivere come ti senti laggi\u00f9 a persone che non hanno mai fatto questa esperienza prima; secondo me lo scuba diving Tenerife \u00e8 come scoprire un&#8217;altra dimensione, fuori dal nostro habitat naturale. \u00c8 in qualche modo simile ad essere su un aereo a 10 km di altitudine che vola a un altro paese; potremmo considerarlo evidenza dell&#8217;istinto umano ad andare oltre i propri limiti ed esplorare.<\/span><\/h3>\n<p><span style=\"font-size: 14pt;\">A seconda del luogo dell\u2019immersione e della profondit\u00e0, avete alte possibilit\u00e0 di incontrare vita marina durante lo scuba diving Tenerife. \u00c8 molto facile vedere <a href=\"https:\/\/www.youtube.com\/watch?v=nxa3BDSlSdg\" target=\"_blank\" rel=\"noopener\">tartarughe<\/a>, razze, murene, polipi e molte altre specie ittiche locali.<\/span><\/p>\n<p><span style=\"font-size: 14pt;\">Allora prima di tutto per i principianti iniziamo lo scuba diving Tenerife con una lezione di teoria presso il centro immersioni. Le spieghiamo le regole di sicurezza di base da seguire e il comportamento da adottare sott&#8217;acqua.<\/span><\/p>\n<h3><span style=\"font-size: 12pt;\">La prima esperienza di scuba diving Tenerife si chiama &#8220;battezzo&#8221; e sar\u00e0 un&#8217;immersione dalla spiaggia; vale a dire, andiamo in acqua camminando dalla riva con l&#8217;attrezzatura. Il suo istruttore personale si prender\u00e0 cura di lei e la monitorer\u00e0 per tutto il tempo. L&#8217;immersione durer\u00e0 circa 25-30 minuti e raggiunger\u00e0 una profondit\u00e0 massima di 5 metri.<\/span><\/h3>\n<p><span style=\"font-size: 14pt;\">Per le persone che hanno esperienza diversi luoghi di immersione e profondit\u00e0 sono disponibili in base al proprio livello; alcuni dei punti di immersione pi\u00f9 famosi di Tenerife sono Cueva de las morenas, El Caracol, El Condesito, El Meridian. Altri luoghi famosi sono Monta\u00f1a Amarilla, Playa Las Vistas, El Puertito. Il nostro centro immersioni le consiglier\u00e0 e offrir\u00e0 l&#8217;opzione migliore per lei.<\/span><\/p>\n<p><span style=\"font-size: 14pt;\">Durante l&#8217;immersione il suo istruttore le far\u00e0 delle foto e dei video. Alla fine potr\u00e0 acquistarli se vuole.<\/span>[\/vc_column_text][\/vc_tta_section][vc_tta_section title=&#8221;ORARIO E TRASPORTO&#8221; tab_id=&#8221;1577671091666-736a5870-75e398a3-ee92&#8243;][vc_column_text]<span style=\"font-size: 14pt;\">Per lo scuba diving a Tenerife il servizio di trasporto dal suo alloggio \u00e8 disponibile nel sud dell&#8217;isola ed \u00e8 incluso nel prezzo. La preghiamo di contattarci e verificare la disponibilit\u00e0 del trasporto dalla sua zona prima di prenotare.<\/span><\/p>\n<p><span style=\"text-decoration: underline; font-size: 14pt;\"><span style=\"color: #ff0000; text-decoration: underline;\">ORARIO:<\/span><\/span><\/p>\n<p><span style=\"font-size: 14pt;\">Tutti i giorni dell&#8217;anno. Si prega di verificare con il nostro servizio clienti gli orari disponibili.<\/span><\/p>\n<p><span style=\"font-size: 14pt;\"><strong>Guardi il video, si faccia un&#8217;idea di com&#8217;\u00e8 l&#8217;escursione e la prenoti ora!<\/strong><\/span>[\/vc_column_text][\/vc_tta_section][vc_tta_section title=&#8221;CORSI PADI&#8221; tab_id=&#8221;1610660842928-06e78250-a280&#8243;][vc_column_text]<span class=\"JLqJ4b ChMk0b\" style=\"font-size: 14pt;\" data-language-for-alternatives=\"it\" data-language-to-translate-into=\"en\" data-phrase-index=\"0\">Per lo scuba diving a Tenerife offriamo anche i seguenti corsi PADI:<\/span><\/p>\n<h3><span class=\"JLqJ4b ChMk0b\" style=\"font-size: 12pt;\" data-language-for-alternatives=\"it\" data-language-to-translate-into=\"en\" data-phrase-index=\"2\"><span style=\"text-decoration: underline; color: #ff0000;\">SCUBA DIVER<\/span> , 3 immersioni in 2 giorni, fino a 12 metri di profondit\u00e0.<\/span><\/h3>\n<p><span style=\"font-size: 14pt;\">Se non ha molto tempo o non vuole trascorrere la sua vacanza principalmente facendo immersioni questa sar\u00e0 la scelta migliore. Il corso richiede meno tempo del PADI Open Water Diver ed in soli due giorni lo completer\u00e0. Durante il corso affronter\u00e0 le prime tre sezioni dei cinque elementi di sviluppo della conoscenza del libro Open Water Diver.<\/span><\/p>\n<p><span style=\"font-size: 14pt;\">In questo corso di scuba diving a Tenerife imparer\u00e0 tutte le basi della subacquea attraverso lo sviluppo delle conoscenze (online, a casa o in aula), una serie di esercizi per immersioni sicure e divertenti e una percezione del mondo sottomarino che le far\u00e0 venire voglia di tornare in profondit\u00e0 appena possibile! Per tutta la durata del corso sar\u00e0 accompagnato dai nostri istruttori qualificati che renderanno questa esperienza sicura e indimenticabile. Al termine del corso ricever\u00e0 un certificato che attesta una estensiva esperienza subacquea ed \u00e8 propedeutico al corso Open Water Diver, se questo \u00e8 il suo obiettivo finale.<\/span><\/p>\n<p><span style=\"font-size: 14pt;\">I PADI Scuba Divers sono qualificati per immergersi sotto la diretta supervisione di un Divemaster, Istruttore Assistente o Istruttore PADI ad una profondit\u00e0 massima di 12 metri \/ 40 piedi.<\/span><\/p>\n<p><span style=\"font-size: 14pt;\">Per fare questo corso deve avere almeno 15 anni (o 10 anni per la certificazione Junior Scuba Diver).<\/span><\/p>\n<hr \/>\n<h3><span class=\"JLqJ4b ChMk0b\" style=\"font-size: 12pt;\" data-language-for-alternatives=\"it\" data-language-to-translate-into=\"en\" data-phrase-index=\"4\"><span style=\"text-decoration: underline; color: #ff0000;\">OPEN WATER<\/span> , 5 immersioni in 3\/4 giorni, fino a 18 metri di profondit\u00e0.<\/span><\/h3>\n<p><span style=\"font-size: 14pt;\">Il PADI Open Water Diver \u00e8 il corso pi\u00f9 popolare al mondo e ha introdotto milioni di persone allo stile di vita delle immersioni avventurose. Il suo istruttore la aiuter\u00e0 con considerazioni sull&#8217;attrezzatura subacquea per il suo ambiente di immersione locale, su come pianificare ed effettuare immersioni reali e su come prevenire e gestire i problemi.<\/span><\/p>\n<p><span style=\"font-size: 14pt;\">Il corso PADI Open Water Diver consiste nello sviluppo delle conoscenze teoriche (online, a casa o nella nostra classe) per comprendere i principi di base e nelle immersioni pratiche per apprendere le tecniche, rivedere le sue abilit\u00e0 ed esplorare. La durata di questo corso di scuba diving a Tenerife \u00e8 di tre o quattro giorni, a seconda delle esigenze di ogni studente.<\/span><\/p>\n<p><span style=\"font-size: 14pt;\">Gli Open Water Divers sono qualificati per immergersi in tutto il mondo, in autonomia e sempre con un partner.<\/span><br \/>\n<span style=\"font-size: 14pt;\">Per partecipare al corso PADI Open Water Diver o Junior Open Diver, deve avere almeno 10 anni (il PADI eLearning richiede un&#8217;et\u00e0 minima di 13 anni a causa delle leggi internazionali su Internet).<\/span>[\/vc_column_text][\/vc_tta_section][\/vc_tta_accordion]<style type=\"text\/css\">.thegem-button-69d7805f0135b6758 .gem-button svg {fill: #ffffff;}.thegem-button-69d7805f0135b6758 .gem-button:hover svg {fill: #312c7a;}<\/style><div class=\"gem-button-container gem-button-position-center thegem-button-69d7805f0135b6758    \"  ><a class=\"gem-button gem-button-size-small gem-button-style-flat gem-button-text-weight-normal\" data-ll-effect=\"drop-right-without-wrap\" style=\"border-radius: 3px;background-color: #312c7a;color: #ffffff;\" onmouseleave=\"this.style.backgroundColor='#312c7a';this.style.color='#ffffff';\" onmouseenter=\"this.style.backgroundColor='#f6eb14';this.style.color='#312c7a';\" href=\"#scuba-prezzi\" target=\"_self\">PREZZI<\/a><\/div> [\/vc_column][\/vc_row][vc_row full_width=&#8221;stretch_row_content&#8221; css=&#8221;.vc_custom_1577476060002{background-color: #312c7a !important;background-position: center !important;background-repeat: no-repeat !important;background-size: cover !important;}&#8221;][vc_column][vc_column_text]<\/p>\n<h3 style=\"text-align: center;\"><strong><span style=\"font-size: 18pt; color: #ffffff;\">PRENOTA ORA<\/span><\/strong><\/h3>\n<p>[\/vc_column_text][vc_empty_space height=&#8221;10px&#8221; el_id=&#8221;scuba-prezzi&#8221;][\/vc_column][\/vc_row]<\/p>\n<\/div>","protected":false},"excerpt":{"rendered":"<p>[vc_row full_width=&#8221;stretch_row_content_no_spaces&#8221;][vc_column][vc_column_text css=&#8221;.vc_custom_1743423996047{background-color: #F6EB14 !important;background-position: center !important;background-repeat: no-repeat !important;background-size: cover !important;}&#8221; css_animation=&#8221;fadeIn&#8221;] IMMERSIONE SUBACQUEA [\/vc_column_text][\/vc_column][\/vc_row][vc_row][vc_column][vc_column_text] Scuba diving Tenerife, immergersi \u00e8&#8230;<\/p>\n","protected":false},"featured_media":425436,"template":"","meta":{"_acf_changed":false,"_seopress_robots_primary_cat":"0","_seopress_titles_title":"Scuba diving Tenerife, scopri la vita marina dell&#039;Oceano Atlantico","_seopress_titles_desc":"Scuba diving Tenerife, un&#039;immersione nelle acque dell&#039;Oceano Atlantico per scoprire l&#039;abbondante vita marina delle Canarie. Prenota online","_seopress_robots_index":""},"product_brand":[],"product_cat":[2295],"product_tag":[2407,2324,2322,2310],"class_list":{"0":"post-54207","1":"product","2":"type-product","3":"status-publish","4":"has-post-thumbnail","6":"product_cat-sport-dacqua","7":"product_tag-escursioni-tenerife","8":"product_tag-immersione-subacquea-tenerife","9":"product_tag-scuba-diving-tenerife-it","10":"product_tag-sport-acquatici-tenerife","12":"first","13":"instock","14":"virtual","15":"sold-individually","16":"taxable","17":"purchasable","18":"product-type-booking"},"booking_location":"","booking_location_type":"","booking_duration":1,"booking_duration_unit":"hour","booking_buffer":0,"booking_cost":0,"booking_resources":[],"acf":[],"_links":{"self":[{"href":"https:\/\/tenerife-trips.com\/it\/wp-json\/wp\/v2\/product\/54207","targetHints":{"allow":["GET"]}}],"collection":[{"href":"https:\/\/tenerife-trips.com\/it\/wp-json\/wp\/v2\/product"}],"about":[{"href":"https:\/\/tenerife-trips.com\/it\/wp-json\/wp\/v2\/types\/product"}],"wp:featuredmedia":[{"embeddable":true,"href":"https:\/\/tenerife-trips.com\/it\/wp-json\/wp\/v2\/media\/425436"}],"wp:attachment":[{"href":"https:\/\/tenerife-trips.com\/it\/wp-json\/wp\/v2\/media?parent=54207"}],"wp:term":[{"taxonomy":"product_brand","embeddable":true,"href":"https:\/\/tenerife-trips.com\/it\/wp-json\/wp\/v2\/product_brand?post=54207"},{"taxonomy":"product_cat","embeddable":true,"href":"https:\/\/tenerife-trips.com\/it\/wp-json\/wp\/v2\/product_cat?post=54207"},{"taxonomy":"product_tag","embeddable":true,"href":"https:\/\/tenerife-trips.com\/it\/wp-json\/wp\/v2\/product_tag?post=54207"}],"curies":[{"name":"wp","href":"https:\/\/api.w.org\/{rel}","templated":true}]}}