{"id":54382,"date":"2018-04-05T15:47:07","date_gmt":"2018-04-05T14:47:07","guid":{"rendered":"https:\/\/tenerife-trips.com\/?post_type=product&#038;p=54382"},"modified":"2025-12-02T20:18:30","modified_gmt":"2025-12-02T20:18:30","slug":"pescare-a-tenerife","status":"publish","type":"product","link":"https:\/\/tenerife-trips.com\/it\/product\/sport-dacqua\/pescare-a-tenerife\/","title":{"rendered":"PESCA"},"content":{"rendered":"<div class=\"wpb-content-wrapper\"><p>[vc_row full_width=&#8221;stretch_row_content_no_spaces&#8221;][vc_column][vc_column_text css=&#8221;.vc_custom_1743421014366{background-color: #F6EB14 !important;background-position: center !important;background-repeat: no-repeat !important;background-size: cover !important;}&#8221; css_animation=&#8221;fadeIn&#8221;]<\/p>\n<h1 class=\"title-h2\" style=\"text-align: center;\"><span style=\"font-size: 18pt; color: #312c7a;\">PESCA<\/span><\/h1>\n<p>[\/vc_column_text][\/vc_column][\/vc_row][vc_row][vc_column][vc_column_text]<\/p>\n<p style=\"text-align: center;\">Pescare a Tenerife, \u00e8 appassionato di questo sport o semplicemente curioso di sapere com&#8217;\u00e8 pescare nelle acque delle Isole Canarie? L&#8217;escursione di pesca \u00e8 sicuramente una delle cose migliori da fare quando si visita questo bellissimo posto; \u00e8 un&#8217;attivit\u00e0 adatta a tutti, bambini e adulti, principianti ed esperti.<\/p>\n<p style=\"text-align: center;\"><strong>\u21d3 Veda ulteriore descrizione di seguito \u21d3<\/strong><\/p>\n<p>[\/vc_column_text][\/vc_column][\/vc_row][vc_row full_width=&#8221;stretch_row_content&#8221; full_height=&#8221;yes&#8221; css=&#8221;.vc_custom_1576192123211{background-color: #312c7a !important;background-position: center !important;background-repeat: no-repeat !important;background-size: cover !important;}&#8221;][vc_column]<div class=\"gem-vimeo gem-wrapbox gem-wrapbox-style-no-style rounded-corners gem-wrapbox-position-below\" style=\"width: 100%;\"><div class=\"gem-wrapbox-inner gem-ratio-style\" style=\"padding-top: 56.25%\"><iframe webkitallowfullscreen=\"true\" mozallowfullscreen=\"true\" allowfullscreen=\"true\" class=\"gem-wrapbox-element img-responsive\" frameborder=\"0\" scrolling=\"no\" marginheight=\"0\" marginwidth=\"0\" src=\"\/\/player.vimeo.com\/video\/397456105?title=0&amp;byline=0&amp;portrait=0 \"><\/iframe><\/div><\/div>[vc_empty_space]<div class=\"preloader\"><div class=\"preloader-spin\"><\/div><\/div> <div id=\"gem-gallery-69dea23e2f75f\" class=\"gem-gallery gem-gallery-hover-zooming-blur\"> <div class=\"gem-gallery-item\"> <div class=\"gem-gallery-item-image\"> <a href=\"https:\/\/tenerife-trips.com\/wp-content\/uploads\/2019\/12\/wedkarstwo-na-Teneryfie-scaled-thegem-gallery-sidebar.jpg\" data-fancybox-group=\"gallery-69dea23e2f75f\" data-full-image-url=\"https:\/\/tenerife-trips.com\/wp-content\/uploads\/2019\/12\/wedkarstwo-na-Teneryfie-scaled.jpg\"> <svg width=\"20\" height=\"10\"><path d=\"M 0,10 Q 9,9 10,0 Q 11,9 20,10\" \/><\/svg> <img src=\"https:\/\/tenerife-trips.com\/wp-content\/uploads\/2019\/12\/wedkarstwo-na-Teneryfie-scaled-thegem-post-thumb-small.jpg\" alt=\"\" class=\"img-responsive\"> <span class=\"gem-gallery-caption slide-info\"> <\/span> <\/a> <span class=\"gem-gallery-line\"><\/span> <\/div> <\/div> <div class=\"gem-gallery-item\"> <div class=\"gem-gallery-item-image\"> <a href=\"https:\/\/tenerife-trips.com\/wp-content\/uploads\/2019\/12\/pesca-en-Tenerife-scaled-thegem-gallery-sidebar.jpg\" data-fancybox-group=\"gallery-69dea23e2f75f\" data-full-image-url=\"https:\/\/tenerife-trips.com\/wp-content\/uploads\/2019\/12\/pesca-en-Tenerife-scaled.jpg\"> <svg width=\"20\" height=\"10\"><path d=\"M 0,10 Q 9,9 10,0 Q 11,9 20,10\" \/><\/svg> <img src=\"https:\/\/tenerife-trips.com\/wp-content\/uploads\/2019\/12\/pesca-en-Tenerife-scaled-thegem-post-thumb-small.jpg\" alt=\"\" class=\"img-responsive\"> <span class=\"gem-gallery-caption slide-info\"> <\/span> <\/a> <span class=\"gem-gallery-line\"><\/span> <\/div> <\/div> <div class=\"gem-gallery-item\"> <div class=\"gem-gallery-item-image\"> <a href=\"https:\/\/tenerife-trips.com\/wp-content\/uploads\/2018\/04\/Tenerife-Fishing-scaled-thegem-gallery-sidebar.jpg\" data-fancybox-group=\"gallery-69dea23e2f75f\" data-full-image-url=\"https:\/\/tenerife-trips.com\/wp-content\/uploads\/2018\/04\/Tenerife-Fishing-scaled.jpg\"> <svg width=\"20\" height=\"10\"><path d=\"M 0,10 Q 9,9 10,0 Q 11,9 20,10\" \/><\/svg> <img src=\"https:\/\/tenerife-trips.com\/wp-content\/uploads\/2018\/04\/Tenerife-Fishing-scaled-thegem-post-thumb-small.jpg\" alt=\"Tenerife fishing\" class=\"img-responsive\"> <span class=\"gem-gallery-caption slide-info\"> <\/span> <\/a> <span class=\"gem-gallery-line\"><\/span> <\/div> <\/div> <div class=\"gem-gallery-item\"> <div class=\"gem-gallery-item-image\"> <a href=\"https:\/\/tenerife-trips.com\/wp-content\/uploads\/2019\/12\/pesca-en-Tenerife-1-scaled-thegem-gallery-sidebar.jpg\" data-fancybox-group=\"gallery-69dea23e2f75f\" data-full-image-url=\"https:\/\/tenerife-trips.com\/wp-content\/uploads\/2019\/12\/pesca-en-Tenerife-1-scaled.jpg\"> <svg width=\"20\" height=\"10\"><path d=\"M 0,10 Q 9,9 10,0 Q 11,9 20,10\" \/><\/svg> <img src=\"https:\/\/tenerife-trips.com\/wp-content\/uploads\/2019\/12\/pesca-en-Tenerife-1-scaled-thegem-post-thumb-small.jpg\" alt=\"\" class=\"img-responsive\"> <span class=\"gem-gallery-caption slide-info\"> <\/span> <\/a> <span class=\"gem-gallery-line\"><\/span> <\/div> <\/div> <div class=\"gem-gallery-item\"> <div class=\"gem-gallery-item-image\"> <a href=\"https:\/\/tenerife-trips.com\/wp-content\/uploads\/2019\/12\/angeln-Teneriffa-1-scaled-thegem-gallery-sidebar.jpg\" data-fancybox-group=\"gallery-69dea23e2f75f\" data-full-image-url=\"https:\/\/tenerife-trips.com\/wp-content\/uploads\/2019\/12\/angeln-Teneriffa-1-scaled.jpg\"> <svg width=\"20\" height=\"10\"><path d=\"M 0,10 Q 9,9 10,0 Q 11,9 20,10\" \/><\/svg> <img src=\"https:\/\/tenerife-trips.com\/wp-content\/uploads\/2019\/12\/angeln-Teneriffa-1-scaled-thegem-post-thumb-small.jpg\" alt=\"angeln Teneriffa\" class=\"img-responsive\"> <span class=\"gem-gallery-caption slide-info\"> <\/span> <\/a> <span class=\"gem-gallery-line\"><\/span> <\/div> <\/div> <div class=\"gem-gallery-item\"> <div class=\"gem-gallery-item-image\"> <a href=\"https:\/\/tenerife-trips.com\/wp-content\/uploads\/2019\/12\/pescare-a-Tenerife-scaled-thegem-gallery-sidebar.jpg\" data-fancybox-group=\"gallery-69dea23e2f75f\" data-full-image-url=\"https:\/\/tenerife-trips.com\/wp-content\/uploads\/2019\/12\/pescare-a-Tenerife-scaled.jpg\"> <svg width=\"20\" height=\"10\"><path d=\"M 0,10 Q 9,9 10,0 Q 11,9 20,10\" \/><\/svg> <img src=\"https:\/\/tenerife-trips.com\/wp-content\/uploads\/2019\/12\/pescare-a-Tenerife-scaled-thegem-post-thumb-small.jpg\" alt=\"\" class=\"img-responsive\"> <span class=\"gem-gallery-caption slide-info\"> <\/span> <\/a> <span class=\"gem-gallery-line\"><\/span> <\/div> <\/div> <\/div>[vc_empty_space][\/vc_column][\/vc_row][vc_row full_width=&#8221;stretch_row&#8221; css=&#8221;.vc_custom_1600433896279{background-color: #312c7a !important;background-position: center !important;background-repeat: no-repeat !important;background-size: cover !important;}&#8221;][vc_column][vc_column_text]<\/p>\n<h3 style=\"text-align: center;\"><span style=\"color: #ffffff;\"><span style=\"font-size: 18pt;\">DESCRIZIONE<\/span><\/span><\/h3>\n<p>[\/vc_column_text][\/vc_column][\/vc_row][vc_row][vc_column][vc_tta_accordion style=&#8221;simple_solid&#8221; color=&#8221;blue&#8221; c_icon=&#8221;chevron&#8221; active_section=&#8221;-0&#8243; collapsible_all=&#8221;true&#8221;][vc_tta_section title=&#8221;SPIEGAZIONE ESCURSIONE&#8221; tab_id=&#8221;1577671091617-0af8eee0-94029548-04f4&#8243;][vc_column_text]Le nostre barche per pescare a Tenerife partono da <a href=\"https:\/\/goo.gl\/maps\/8X3qMq9YmQUGsiy96\" target=\"_blank\" rel=\"noopener\">Puerto Col\u00f3n<\/a>, il porto principale in Costa Adeje; abbiamo 2 barche, una per un massimo di 7 persone e l&#8217;altra per un massimo di 10 persone. \u00c8 possibile fare un&#8217;escursione condivisa o prenotare un charter privato solo per il suo gruppo (tutte le persone possono pescare e partecipare attivamente).<\/p>\n<h3><span style=\"font-size: 12pt;\">L&#8217;escursione condivisa per pescare a Tenerife dura 4 ore; il charter privato pu\u00f2 essere da 4 o 8 ore. Il prezzo include anche qualcosa da bere come birra, acqua e bibite gassate sempre disponibili per entrambe le escursioni. Il charter privato include anche panini e snack.<\/span><\/h3>\n<p>Durante tutto il tempo il nostro equipaggio di grande esperienza la aiuter\u00e0 a pescare a Tenerife con i metodi migliori; siamo specializzati in diverse tecniche come pesca subacquea, pesca a traino, pesca con la mosca, attrezzatura leggera e pesante, pesca di fondo e altre.<\/p>\n<p>Il prezzo include tutte le attrezzature di alta qualit\u00e0 come esche, attrezzi da pesca, esche vive, licenze di pesca; a bordo abbiamo anche dispositivi come GPS, ecoscandaglio, radar e radio VHF.<\/p>\n<p>La battuta di pesca \u00e8 rivolta a vari tipi di pesci, ad esempio tonno, marlin, wahoo, dentice, cernia, <a href=\"https:\/\/it.wikipedia.org\/wiki\/Coryphaena_hippurus\">lampuga<\/a>, barracuda e altri; possiamo anche aiutarla a ripulire e filettare il pescato, se necessario.<\/p>\n<p>Sulla nostra barca da pesca troverete anche servizi igienici, doccia, frigorifero, TV, impianto audio e una sala per rilassarsi; quindi tutto ci\u00f2 che deve portare con lei \u00e8 il suo entusiasmo e il desiderio di pescare il &#8220;grande&#8221;.<\/p>\n<p><strong>Guardi il video, si faccia un&#8217;idea di com&#8217;\u00e8 la escursione e la prenoti ora!<\/strong>[\/vc_column_text][\/vc_tta_section][vc_tta_section title=&#8221;ORARIO E TRASPORTO&#8221; tab_id=&#8221;1577671091666-736a5870-75e39548-04f4&#8243;][vc_column_text]Per questa escursione il servizio di trasporto non \u00e8 disponibile, deve venire a <a href=\"https:\/\/www.google.com\/search?q=Puerto%20Colon&amp;oq=Puerto+Colon&amp;aqs=chrome..69i57j0l2j0i395j0i22i30i395l4.2981j1j15&amp;sourceid=chrome&amp;ie=UTF-8&amp;tbs=lf:1,lf_ui:2&amp;tbm=lcl&amp;rflfq=1&amp;num=10&amp;rldimm=15430252968124252743&amp;lqi=CgxQdWVydG8gQ29sb25aHAoMcHVlcnRvIGNvbG9uIgxwdWVydG8gY29sb26qARQQASoQIgxwdWVydG8gY29sb24oBw&amp;ved=2ahUKEwid28Tk2sPuAhXPSsAKHdGBAHAQvS4wBXoECAIQLg&amp;rlst=f#rlfi=hd:;si:15430252968124252743,l,CgxQdWVydG8gQ29sb25aHAoMcHVlcnRvIGNvbG9uIgxwdWVydG8gY29sb26qARQQASoQIgxwdWVydG8gY29sb24oBw;mv:[[28.079788854248346,-16.731555744551095],[28.077739450775105,-16.73616914405671],null,[28.078764157399988,-16.733862444303902],18]\" target=\"_blank\" rel=\"noopener\">Puerto Col\u00f3n<\/a>.<\/p>\n<p><span style=\"text-decoration: underline;\"><span style=\"color: #ff0000; text-decoration: underline;\">ORARIO:<\/span><\/span><\/p>\n<p>Tutti i giorni alle 09:00 e alle 14:00.[\/vc_column_text][\/vc_tta_section][\/vc_tta_accordion]<style type=\"text\/css\">.thegem-button-69dea23e30ae71494 .gem-button svg {fill: #ffffff;}.thegem-button-69dea23e30ae71494 .gem-button:hover svg {fill: #312c7a;}<\/style><div class=\"gem-button-container gem-button-position-center thegem-button-69dea23e30ae71494    \"  ><a class=\"gem-button gem-button-size-small gem-button-style-flat gem-button-text-weight-normal\" data-ll-effect=\"drop-right-without-wrap\" style=\"border-radius: 3px;background-color: #312c7a;color: #ffffff;\" onmouseleave=\"this.style.backgroundColor='#312c7a';this.style.color='#ffffff';\" onmouseenter=\"this.style.backgroundColor='#f6eb14';this.style.color='#312c7a';\" href=\"#prezzi-fishing\" target=\"_self\">PREZZI<\/a><\/div> [\/vc_column][\/vc_row][vc_row full_width=&#8221;stretch_row_content&#8221; css=&#8221;.vc_custom_1600433923606{background-color: #312c7a !important;background-position: center !important;background-repeat: no-repeat !important;background-size: cover !important;}&#8221;][vc_column][vc_column_text]<\/p>\n<h3 style=\"text-align: center;\"><span style=\"color: #ffffff;\"><strong><span style=\"font-size: 18pt;\">PRENOTA ORA<\/span><\/strong><\/span><\/h3>\n<p>[\/vc_column_text][vc_empty_space height=&#8221;10px&#8221; el_id=&#8221;prezzi-fishing&#8221;][\/vc_column][\/vc_row]<\/p>\n<\/div>","protected":false},"excerpt":{"rendered":"<p>[vc_row full_width=&#8221;stretch_row_content_no_spaces&#8221;][vc_column][vc_column_text css=&#8221;.vc_custom_1743421014366{background-color: #F6EB14 !important;background-position: center !important;background-repeat: no-repeat !important;background-size: cover !important;}&#8221; css_animation=&#8221;fadeIn&#8221;] PESCA [\/vc_column_text][\/vc_column][\/vc_row][vc_row][vc_column][vc_column_text] Pescare a Tenerife, \u00e8 appassionato di&#8230;<\/p>\n","protected":false},"featured_media":105378,"template":"","meta":{"_acf_changed":false,"_seopress_robots_primary_cat":"2295","_seopress_titles_title":"Pescare a Tenerife, prenoti ora con un&#039;agenzia italiana","_seopress_titles_desc":"Pescare a Tenerife, un&#039;emozione che no si pu\u00f2 perdere durante la sua vacanza alle Canarie. Prenoti ora con un&#039;agenzia italiana.","_seopress_robots_index":""},"product_brand":[],"product_cat":[2295],"product_tag":[2399,2332,2330,2331],"class_list":{"0":"post-54382","1":"product","2":"type-product","3":"status-publish","4":"has-post-thumbnail","6":"product_cat-sport-dacqua","7":"product_tag-battuta-di-pesca-tenerife","8":"product_tag-escursione-pesca-tenerife","9":"product_tag-pesca-tenerife","10":"product_tag-pescare-tenerife","12":"first","13":"instock","14":"virtual","15":"sold-individually","16":"taxable","17":"purchasable","18":"product-type-booking"},"booking_location":"","booking_location_type":"","booking_duration":1,"booking_duration_unit":"day","booking_buffer":0,"booking_cost":0,"booking_resources":[],"acf":[],"_links":{"self":[{"href":"https:\/\/tenerife-trips.com\/it\/wp-json\/wp\/v2\/product\/54382","targetHints":{"allow":["GET"]}}],"collection":[{"href":"https:\/\/tenerife-trips.com\/it\/wp-json\/wp\/v2\/product"}],"about":[{"href":"https:\/\/tenerife-trips.com\/it\/wp-json\/wp\/v2\/types\/product"}],"wp:featuredmedia":[{"embeddable":true,"href":"https:\/\/tenerife-trips.com\/it\/wp-json\/wp\/v2\/media\/105378"}],"wp:attachment":[{"href":"https:\/\/tenerife-trips.com\/it\/wp-json\/wp\/v2\/media?parent=54382"}],"wp:term":[{"taxonomy":"product_brand","embeddable":true,"href":"https:\/\/tenerife-trips.com\/it\/wp-json\/wp\/v2\/product_brand?post=54382"},{"taxonomy":"product_cat","embeddable":true,"href":"https:\/\/tenerife-trips.com\/it\/wp-json\/wp\/v2\/product_cat?post=54382"},{"taxonomy":"product_tag","embeddable":true,"href":"https:\/\/tenerife-trips.com\/it\/wp-json\/wp\/v2\/product_tag?post=54382"}],"curies":[{"name":"wp","href":"https:\/\/api.w.org\/{rel}","templated":true}]}}