{"id":54551,"date":"2020-03-02T19:42:06","date_gmt":"2020-03-02T19:42:06","guid":{"rendered":"https:\/\/tenerife-trips.com\/?post_type=product&#038;p=54551"},"modified":"2025-12-02T20:11:51","modified_gmt":"2025-12-02T20:11:51","slug":"surf-tenerife","status":"publish","type":"product","link":"https:\/\/tenerife-trips.com\/it\/product\/sport-dacqua\/surf-tenerife\/","title":{"rendered":"LEZIONE SURF"},"content":{"rendered":"<div class=\"wpb-content-wrapper\"><p>[vc_row full_width=&#8221;stretch_row_content_no_spaces&#8221;][vc_column][vc_column_text css=&#8221;.vc_custom_1743418255772{background-color: #F6EB14 !important;background-position: center !important;background-repeat: no-repeat !important;background-size: cover !important;}&#8221; css_animation=&#8221;fadeIn&#8221;]<\/p>\n<h1 class=\"title-h2\" style=\"text-align: center;\"><span style=\"font-size: 18pt; color: #312c7a;\">LEZIONE SURF<\/span><\/h1>\n<p>[\/vc_column_text][\/vc_column][\/vc_row][vc_row][vc_column][vc_column_text]<\/p>\n<p style=\"text-align: center;\">Surf Tenerife, la nostra scuola situata nel cuore di Playa de Las Americas offre lezioni di gruppo e private per tutti i livelli. Provi uno dei <a href=\"https:\/\/www.tenerife-trips.com\/sport-acquatici-tenerife\/?lang=it\" target=\"_blank\" rel=\"noopener\">migliori sport d&#8217;acqua<\/a> dell&#8217;isola!<\/p>\n<p style=\"text-align: center;\"><strong>\u21d3 Veda ulteriore descrizione di seguito \u21d3<\/strong><\/p>\n<p>[\/vc_column_text][\/vc_column][\/vc_row][vc_row full_width=&#8221;stretch_row_content&#8221; full_height=&#8221;yes&#8221; css=&#8221;.vc_custom_1576192123211{background-color: #312c7a !important;background-position: center !important;background-repeat: no-repeat !important;background-size: cover !important;}&#8221;][vc_column]<div class=\"gem-vimeo gem-wrapbox gem-wrapbox-style-no-style rounded-corners gem-wrapbox-position-below\" style=\"width: 100%;\"><div class=\"gem-wrapbox-inner gem-ratio-style\" style=\"padding-top: 56.25%\"><iframe webkitallowfullscreen=\"true\" mozallowfullscreen=\"true\" allowfullscreen=\"true\" class=\"gem-wrapbox-element img-responsive\" frameborder=\"0\" scrolling=\"no\" marginheight=\"0\" marginwidth=\"0\" src=\"\/\/player.vimeo.com\/video\/394995267?title=0&amp;byline=0&amp;portrait=0 \"><\/iframe><\/div><\/div>[vc_empty_space]<div class=\"preloader\"><div class=\"preloader-spin\"><\/div><\/div> <div id=\"gem-gallery-69d12c4dcbb7a\" class=\"gem-gallery gem-gallery-hover-zooming-blur\"> <div class=\"gem-gallery-item\"> <div class=\"gem-gallery-item-image\"> <a href=\"https:\/\/tenerife-trips.com\/wp-content\/uploads\/2020\/03\/surf-school-Tenerife-2-thegem-gallery-fullwidth.jpg\" data-fancybox-group=\"gallery-69d12c4dcbb7a\" data-full-image-url=\"https:\/\/tenerife-trips.com\/wp-content\/uploads\/2020\/03\/surf-school-Tenerife-2.jpg\"> <svg width=\"20\" height=\"10\"><path d=\"M 0,10 Q 9,9 10,0 Q 11,9 20,10\" \/><\/svg> <img src=\"https:\/\/tenerife-trips.com\/wp-content\/uploads\/2020\/03\/surf-school-Tenerife-2-thegem-post-thumb-small.jpg\" alt=\"surf school Tenerife\" class=\"img-responsive\"> <span class=\"gem-gallery-caption slide-info\"> <\/span> <\/a> <span class=\"gem-gallery-line\"><\/span> <\/div> <\/div> <div class=\"gem-gallery-item\"> <div class=\"gem-gallery-item-image\"> <a href=\"https:\/\/tenerife-trips.com\/wp-content\/uploads\/2020\/03\/surfen-Teneriffa-thegem-gallery-fullwidth.jpg\" data-fancybox-group=\"gallery-69d12c4dcbb7a\" data-full-image-url=\"https:\/\/tenerife-trips.com\/wp-content\/uploads\/2020\/03\/surfen-Teneriffa.jpg\"> <svg width=\"20\" height=\"10\"><path d=\"M 0,10 Q 9,9 10,0 Q 11,9 20,10\" \/><\/svg> <img src=\"https:\/\/tenerife-trips.com\/wp-content\/uploads\/2020\/03\/surfen-Teneriffa-thegem-post-thumb-small.jpg\" alt=\"\" class=\"img-responsive\"> <span class=\"gem-gallery-caption slide-info\"> <\/span> <\/a> <span class=\"gem-gallery-line\"><\/span> <\/div> <\/div> <div class=\"gem-gallery-item\"> <div class=\"gem-gallery-item-image\"> <a href=\"https:\/\/tenerife-trips.com\/wp-content\/uploads\/2020\/03\/surf-school-Tenerife-thegem-gallery-fullwidth.png\" data-fancybox-group=\"gallery-69d12c4dcbb7a\" data-full-image-url=\"https:\/\/tenerife-trips.com\/wp-content\/uploads\/2020\/03\/surf-school-Tenerife.png\"> <svg width=\"20\" height=\"10\"><path d=\"M 0,10 Q 9,9 10,0 Q 11,9 20,10\" \/><\/svg> <img src=\"https:\/\/tenerife-trips.com\/wp-content\/uploads\/2020\/03\/surf-school-Tenerife-thegem-post-thumb-small.png\" alt=\"surf school Tenerife\" class=\"img-responsive\"> <span class=\"gem-gallery-caption slide-info\"> <\/span> <\/a> <span class=\"gem-gallery-line\"><\/span> <\/div> <\/div> <div class=\"gem-gallery-item\"> <div class=\"gem-gallery-item-image\"> <a href=\"https:\/\/tenerife-trips.com\/wp-content\/uploads\/2020\/03\/escuela-de-surf-Tenerife-2-thegem-gallery-fullwidth.jpg\" data-fancybox-group=\"gallery-69d12c4dcbb7a\" data-full-image-url=\"https:\/\/tenerife-trips.com\/wp-content\/uploads\/2020\/03\/escuela-de-surf-Tenerife-2.jpg\"> <svg width=\"20\" height=\"10\"><path d=\"M 0,10 Q 9,9 10,0 Q 11,9 20,10\" \/><\/svg> <img src=\"https:\/\/tenerife-trips.com\/wp-content\/uploads\/2020\/03\/escuela-de-surf-Tenerife-2-thegem-post-thumb-small.jpg\" alt=\"escuela de surf Tenerife\" class=\"img-responsive\"> <span class=\"gem-gallery-caption slide-info\"> <\/span> <\/a> <span class=\"gem-gallery-line\"><\/span> <\/div> <\/div> <div class=\"gem-gallery-item\"> <div class=\"gem-gallery-item-image\"> <a href=\"https:\/\/tenerife-trips.com\/wp-content\/uploads\/2020\/03\/escuela-de-surf-Tenerife-thegem-gallery-fullwidth.jpg\" data-fancybox-group=\"gallery-69d12c4dcbb7a\" data-full-image-url=\"https:\/\/tenerife-trips.com\/wp-content\/uploads\/2020\/03\/escuela-de-surf-Tenerife.jpg\"> <svg width=\"20\" height=\"10\"><path d=\"M 0,10 Q 9,9 10,0 Q 11,9 20,10\" \/><\/svg> <img src=\"https:\/\/tenerife-trips.com\/wp-content\/uploads\/2020\/03\/escuela-de-surf-Tenerife-thegem-post-thumb-small.jpg\" alt=\"\" class=\"img-responsive\"> <span class=\"gem-gallery-caption slide-info\"> <\/span> <\/a> <span class=\"gem-gallery-line\"><\/span> <\/div> <\/div> <div class=\"gem-gallery-item\"> <div class=\"gem-gallery-item-image\"> <a href=\"https:\/\/tenerife-trips.com\/wp-content\/uploads\/2020\/03\/surf-Tenerife-thegem-gallery-fullwidth.jpg\" data-fancybox-group=\"gallery-69d12c4dcbb7a\" data-full-image-url=\"https:\/\/tenerife-trips.com\/wp-content\/uploads\/2020\/03\/surf-Tenerife.jpg\"> <svg width=\"20\" height=\"10\"><path d=\"M 0,10 Q 9,9 10,0 Q 11,9 20,10\" \/><\/svg> <img src=\"https:\/\/tenerife-trips.com\/wp-content\/uploads\/2020\/03\/surf-Tenerife-thegem-post-thumb-small.jpg\" alt=\"\" class=\"img-responsive\"> <span class=\"gem-gallery-caption slide-info\"> <\/span> <\/a> <span class=\"gem-gallery-line\"><\/span> <\/div> <\/div> <div class=\"gem-gallery-item\"> <div class=\"gem-gallery-item-image\"> <a href=\"https:\/\/tenerife-trips.com\/wp-content\/uploads\/2020\/03\/Teneryfa-surfing-1-thegem-gallery-fullwidth.jpg\" data-fancybox-group=\"gallery-69d12c4dcbb7a\" data-full-image-url=\"https:\/\/tenerife-trips.com\/wp-content\/uploads\/2020\/03\/Teneryfa-surfing-1.jpg\"> <svg width=\"20\" height=\"10\"><path d=\"M 0,10 Q 9,9 10,0 Q 11,9 20,10\" \/><\/svg> <img src=\"https:\/\/tenerife-trips.com\/wp-content\/uploads\/2020\/03\/Teneryfa-surfing-1-thegem-post-thumb-small.jpg\" alt=\"\" class=\"img-responsive\"> <span class=\"gem-gallery-caption slide-info\"> <\/span> <\/a> <span class=\"gem-gallery-line\"><\/span> <\/div> <\/div> <\/div>[vc_empty_space][\/vc_column][\/vc_row][vc_row full_width=&#8221;stretch_row&#8221; css=&#8221;.vc_custom_1600433592637{background-color: #312c7a !important;background-position: center !important;background-repeat: no-repeat !important;background-size: cover !important;}&#8221;][vc_column][vc_column_text]<\/p>\n<h3 style=\"text-align: center;\"><span style=\"color: #ffffff;\"><span style=\"font-size: 18pt;\">DESCRIZIONE<\/span><\/span><\/h3>\n<p>[\/vc_column_text][\/vc_column][\/vc_row][vc_row][vc_column][vc_tta_accordion style=&#8221;simple_solid&#8221; color=&#8221;blue&#8221; c_icon=&#8221;chevron&#8221; active_section=&#8221;-0&#8243; collapsible_all=&#8221;true&#8221;][vc_tta_section title=&#8221;SPIEGAZIONE ESCURSIONE&#8221; tab_id=&#8221;1577671091617-0af8eee0-94029982-aedc&#8221;][vc_column_text]Surf Tenerife, la nostra scuola fornisce lezioni di gruppo e private per tutti i livelli. Su questa fantastica isola vulcanica baciata dall&#8217;oceano il sole brilla tutto l&#8217;anno. Grandi onde fanno felici surfisti da tutto il mondo. Tenerife \u00e8 di fatto un paradiso per surfisti a poche ore dall&#8217;Europa.<\/p>\n<h3><span style=\"font-size: 12pt;\">La parte migliore di questo sogno? Non ci sono squali pericolosi che cercano di morderle i piedi durante le sessioni di surf Tenerife. che sia un professionista o un principiante deve solo fare le valigie, prendere uno delle centinaia di voli che raggiungono l&#8217;isola ogni giorno e prepararsi per una fantastica esperienza di surf.<\/span><\/h3>\n<p>Le lezioni di gruppo sono per un massimo di 6 persone e bisogna avere almeno 14 anni per partecipare. Le lezioni private sono individuali o per un piccolo gruppo di massimo quattro persone. Ci sono diverse opzioni disponibili in base al numero di partecipanti:<\/p>\n<ul>\n<li>1 persona, possibile anche per bambini dai 5 anni;<\/li>\n<li>2 persone, possibile anche per bambini dagli 8 anni;<\/li>\n<li>3 o 4 persone, se ci sono bambini controlli con noi riguardo all&#8217;et\u00e0.<\/li>\n<\/ul>\n<h3><span style=\"font-size: 12pt;\">Alla nostra scuola di surf Tenerife tutte le lezioni, private o di gruppo, durano due ore. i nostri istruttori professionisti si prenderanno cura di lei durante tutto il tempo.<\/span><\/h3>\n<p>Tenerife \u00e8 la pi\u00f9 grande e popolata delle Isole Canarie. \u00c8 dominata dal <a href=\"https:\/\/it.wikipedia.org\/wiki\/Teide\" target=\"_blank\" rel=\"noopener\">Teide<\/a>, un meraviglioso vulcano alto 3718 metri proprio nel mezzo dell&#8217;isola. La sua altitudine impressionante crea le condizioni per diversi microclimi. Per questo motivo l&#8217;isola dell&#8217;eterna primavera \u00e8 ricca di natura e splendidi panorami. Qui infatti pu\u00f2 godere di paesaggi favolosi e avventure all&#8217;aria aperta se ha voglia di fare una pausa dal surf.<\/p>\n<p>A causa della particolare morfologia della costa, a Playa de Las Americas \u00e8 possibile prendere le onde migliori. Qui troviamo diversi punti per fare surf in un solo chilometro di costa, a pochi passi dagli hotel e resort della zona. I pi\u00f9 famosi sono &#8220;La Izquierda&#8221;, &#8220;El Medio&#8221;, &#8220;El Bunker&#8221;, &#8220;La Derecha&#8221;, &#8220;Piscina&#8221;, &#8220;El Dedo&#8221; e &#8220;Fitenia&#8221;. Attraverso <a href=\"https:\/\/www.youtube.com\/watch?v=LLsgZMnv4oY\" target=\"_blank\" rel=\"noopener\">questo link<\/a> pu\u00f2 guardare un video di un surfista esperto che cavalca le onde a Playa de Las Americas, dove ha sede la nostra scuola di surf Tenerife.<\/p>\n<p>Tenerife presenta mareggiate da nord in inverno e da sud in estate. A causa della sua posizione, Playa de Las Americas \u00e8 esposta ad entrambe; questo rende possibile fare surf tutto l&#8217;anno in questa localit\u00e0. Se abbiamo colto il suo interesse e vuole coltivare la sua passione, contatti la nostra scuola di surf Tenerife. Saremo felici di darle maggiori informazioni e suggerirle la soluzione migliore per godersi questa fantastica isola.[\/vc_column_text][\/vc_tta_section][vc_tta_section title=&#8221;ORARIO E TRASPORTO&#8221; tab_id=&#8221;1577671091666-736a5870-75e39982-aedc&#8221;][vc_column_text]Il servizio di trasporto non \u00e8 disponibile, deve venire alla nostra scuola a Playa de Las Americas.<\/p>\n<p>Le lezioni sono disponibili tutti i giorni in orari diversi a seconda del livello delle maree e delle condizioni del mare.<\/p>\n<p><strong>Guardi il video, si faccia un&#8217;idea di cosa si tratta e prenoti subito!<\/strong>[\/vc_column_text][\/vc_tta_section][\/vc_tta_accordion]<style type=\"text\/css\">.thegem-button-69d12c4dcc9db5641 .gem-button svg {fill: #ffffff;}.thegem-button-69d12c4dcc9db5641 .gem-button:hover svg {fill: #312c7a;}<\/style><div class=\"gem-button-container gem-button-position-center thegem-button-69d12c4dcc9db5641    \"  ><a class=\"gem-button gem-button-size-small gem-button-style-flat gem-button-text-weight-normal\" data-ll-effect=\"drop-right-without-wrap\" style=\"border-radius: 3px;background-color: #312c7a;color: #ffffff;\" onmouseleave=\"this.style.backgroundColor='#312c7a';this.style.color='#ffffff';\" onmouseenter=\"this.style.backgroundColor='#f6eb14';this.style.color='#312c7a';\" href=\"#prezzi-surf\" target=\"_self\">PREZZI<\/a><\/div> [\/vc_column][\/vc_row][vc_row full_width=&#8221;stretch_row_content&#8221; css=&#8221;.vc_custom_1600433607451{background-color: #312c7a !important;background-position: center !important;background-repeat: no-repeat !important;background-size: cover !important;}&#8221;][vc_column][vc_column_text]<\/p>\n<h3 style=\"text-align: center;\"><span style=\"color: #ffffff;\"><strong><span style=\"font-size: 18pt;\">PRENOTA ORA<\/span><\/strong><\/span><\/h3>\n<p>[\/vc_column_text][vc_empty_space height=&#8221;10px&#8221; el_id=&#8221;prezzi-surf&#8221;][\/vc_column][\/vc_row]<\/p>\n<\/div>","protected":false},"excerpt":{"rendered":"<p>[vc_row full_width=&#8221;stretch_row_content_no_spaces&#8221;][vc_column][vc_column_text css=&#8221;.vc_custom_1743418255772{background-color: #F6EB14 !important;background-position: center !important;background-repeat: no-repeat !important;background-size: cover !important;}&#8221; css_animation=&#8221;fadeIn&#8221;] LEZIONE SURF [\/vc_column_text][\/vc_column][\/vc_row][vc_row][vc_column][vc_column_text] Surf Tenerife, la nostra scuola&#8230;<\/p>\n","protected":false},"featured_media":419950,"template":"","meta":{"_acf_changed":false,"_seopress_robots_primary_cat":"2295","_seopress_titles_title":"Surf Tenerife, la nostra scuola offre lezioni per tutti i livelli","_seopress_titles_desc":"Surf Tenerife, siamo una scuola di surf Italiana a Playa de Las Americas; lezioni private e di gruppo per tutti i livelli. Prenoti ora","_seopress_robots_index":""},"product_brand":[],"product_cat":[2295],"product_tag":[2341,2384,2336,2334,2335],"class_list":{"0":"post-54551","1":"product","2":"type-product","3":"status-publish","4":"has-post-thumbnail","6":"product_cat-sport-dacqua","7":"product_tag-classe-surf-tenerife","8":"product_tag-fare-surf-tenerife","9":"product_tag-lezione-surf-tenerife","10":"product_tag-scuola-surf-tenerife","11":"product_tag-surf-tenerife-it","13":"first","14":"instock","15":"virtual","16":"sold-individually","17":"taxable","18":"purchasable","19":"product-type-booking"},"booking_location":"","booking_location_type":"","booking_duration":1,"booking_duration_unit":"day","booking_buffer":0,"booking_cost":0,"booking_resources":[],"acf":[],"_links":{"self":[{"href":"https:\/\/tenerife-trips.com\/it\/wp-json\/wp\/v2\/product\/54551","targetHints":{"allow":["GET"]}}],"collection":[{"href":"https:\/\/tenerife-trips.com\/it\/wp-json\/wp\/v2\/product"}],"about":[{"href":"https:\/\/tenerife-trips.com\/it\/wp-json\/wp\/v2\/types\/product"}],"wp:featuredmedia":[{"embeddable":true,"href":"https:\/\/tenerife-trips.com\/it\/wp-json\/wp\/v2\/media\/419950"}],"wp:attachment":[{"href":"https:\/\/tenerife-trips.com\/it\/wp-json\/wp\/v2\/media?parent=54551"}],"wp:term":[{"taxonomy":"product_brand","embeddable":true,"href":"https:\/\/tenerife-trips.com\/it\/wp-json\/wp\/v2\/product_brand?post=54551"},{"taxonomy":"product_cat","embeddable":true,"href":"https:\/\/tenerife-trips.com\/it\/wp-json\/wp\/v2\/product_cat?post=54551"},{"taxonomy":"product_tag","embeddable":true,"href":"https:\/\/tenerife-trips.com\/it\/wp-json\/wp\/v2\/product_tag?post=54551"}],"curies":[{"name":"wp","href":"https:\/\/api.w.org\/{rel}","templated":true}]}}