{"id":54596,"date":"2018-01-18T16:25:42","date_gmt":"2018-01-18T16:25:42","guid":{"rendered":"https:\/\/tenerife-trips.com\/?post_type=product&#038;p=54596"},"modified":"2025-12-02T20:27:17","modified_gmt":"2025-12-02T20:27:17","slug":"barca-a-vela-tenerife","status":"publish","type":"product","link":"https:\/\/tenerife-trips.com\/it\/product\/gite-in-barca\/barca-a-vela-tenerife\/","title":{"rendered":"BARCA A VELA"},"content":{"rendered":"<div class=\"wpb-content-wrapper\"><p>[vc_row full_width=&#8221;stretch_row_content_no_spaces&#8221;][vc_column][vc_column_text css=&#8221;.vc_custom_1743423581246{background-color: #F6EB14 !important;background-position: center !important;background-repeat: no-repeat !important;background-size: cover !important;}&#8221; css_animation=&#8221;fadeIn&#8221;]<\/p>\n<h1 class=\"title-h2\" style=\"text-align: center;\"><span style=\"font-size: 18pt; color: #312c7a;\">BARCA A VELA<\/span><\/h1>\n<p>[\/vc_column_text][\/vc_column][\/vc_row][vc_row][vc_column][vc_column_text css=&#8221;&#8221;]<\/p>\n<p style=\"text-align: center;\">L&#8217;escursione in barca a vela Tenerife \u00e8 un&#8217;esperienza da non perdere quando si visita l&#8217;isola. Durante questa gita conoscer\u00e0 l&#8217;abbondante vita marina delle Isole Canarie. Il mare tra Tenerife e La Gomera \u00e8 una riserva naturale. Il governo delle Canarie la protegge e la preserva con leggi severe.<\/p>\n<p style=\"text-align: center;\"><strong>\u21d3 Veda ulteriore descrizione di seguito \u21d3<\/strong><\/p>\n<p>[\/vc_column_text][\/vc_column][\/vc_row][vc_row full_width=&#8221;stretch_row_content&#8221; full_height=&#8221;yes&#8221; css=&#8221;.vc_custom_1576192123211{background-color: #312c7a !important;background-position: center !important;background-repeat: no-repeat !important;background-size: cover !important;}&#8221;][vc_column]<div class=\"gem-vimeo gem-wrapbox gem-wrapbox-style-no-style rounded-corners gem-wrapbox-position-below\" style=\"width: 100%;\"><div class=\"gem-wrapbox-inner gem-ratio-style\" style=\"padding-top: 56.25%\"><iframe webkitallowfullscreen=\"true\" mozallowfullscreen=\"true\" allowfullscreen=\"true\" class=\"gem-wrapbox-element img-responsive\" frameborder=\"0\" scrolling=\"no\" marginheight=\"0\" marginwidth=\"0\" src=\"\/\/player.vimeo.com\/video\/332838748?title=0&amp;byline=0&amp;portrait=0 \"><\/iframe><\/div><\/div>[vc_empty_space]<div class=\"preloader\"><div class=\"preloader-spin\"><\/div><\/div> <div id=\"gem-gallery-69de9f8681a51\" class=\"gem-gallery gem-gallery-hover-zooming-blur\"> <div class=\"gem-gallery-item\"> <div class=\"gem-gallery-item-image\"> <a href=\"https:\/\/tenerife-trips.com\/wp-content\/uploads\/2019\/12\/whale-watching-Tenerife-2-1-scaled-thegem-gallery-sidebar.jpg\" data-fancybox-group=\"gallery-69de9f8681a51\" data-full-image-url=\"https:\/\/tenerife-trips.com\/wp-content\/uploads\/2019\/12\/whale-watching-Tenerife-2-1-scaled.jpg\"> <svg width=\"20\" height=\"10\"><path d=\"M 0,10 Q 9,9 10,0 Q 11,9 20,10\" \/><\/svg> <img src=\"https:\/\/tenerife-trips.com\/wp-content\/uploads\/2019\/12\/whale-watching-Tenerife-2-1-scaled-thegem-post-thumb-small.jpg\" alt=\"whale watching Tenerife\" class=\"img-responsive\"> <span class=\"gem-gallery-caption slide-info\"> <\/span> <\/a> <span class=\"gem-gallery-line\"><\/span> <\/div> <\/div> <div class=\"gem-gallery-item\"> <div class=\"gem-gallery-item-image\"> <a href=\"https:\/\/tenerife-trips.com\/wp-content\/uploads\/2018\/01\/whale-watching-Tenerife-1-thegem-gallery-sidebar.jpg\" data-fancybox-group=\"gallery-69de9f8681a51\" data-full-image-url=\"https:\/\/tenerife-trips.com\/wp-content\/uploads\/2018\/01\/whale-watching-Tenerife-1.jpg\"> <svg width=\"20\" height=\"10\"><path d=\"M 0,10 Q 9,9 10,0 Q 11,9 20,10\" \/><\/svg> <img src=\"https:\/\/tenerife-trips.com\/wp-content\/uploads\/2018\/01\/whale-watching-Tenerife-1-thegem-post-thumb-small.jpg\" alt=\"\" class=\"img-responsive\"> <span class=\"gem-gallery-caption slide-info\"> <\/span> <\/a> <span class=\"gem-gallery-line\"><\/span> <\/div> <\/div> <div class=\"gem-gallery-item\"> <div class=\"gem-gallery-item-image\"> <a href=\"https:\/\/tenerife-trips.com\/wp-content\/uploads\/2018\/01\/whale-watching-Tenerife-thegem-gallery-sidebar.jpg\" data-fancybox-group=\"gallery-69de9f8681a51\" data-full-image-url=\"https:\/\/tenerife-trips.com\/wp-content\/uploads\/2018\/01\/whale-watching-Tenerife.jpg\"> <svg width=\"20\" height=\"10\"><path d=\"M 0,10 Q 9,9 10,0 Q 11,9 20,10\" \/><\/svg> <img src=\"https:\/\/tenerife-trips.com\/wp-content\/uploads\/2018\/01\/whale-watching-Tenerife-thegem-post-thumb-small.jpg\" alt=\"whale watching Tenerife\" class=\"img-responsive\"> <span class=\"gem-gallery-caption slide-info\"> <\/span> <\/a> <span class=\"gem-gallery-line\"><\/span> <\/div> <\/div> <div class=\"gem-gallery-item\"> <div class=\"gem-gallery-item-image\"> <a href=\"https:\/\/tenerife-trips.com\/wp-content\/uploads\/2019\/12\/whale-watching-Tenerife-2-thegem-gallery-sidebar.jpg\" data-fancybox-group=\"gallery-69de9f8681a51\" data-full-image-url=\"https:\/\/tenerife-trips.com\/wp-content\/uploads\/2019\/12\/whale-watching-Tenerife-2.jpg\"> <svg width=\"20\" height=\"10\"><path d=\"M 0,10 Q 9,9 10,0 Q 11,9 20,10\" \/><\/svg> <img src=\"https:\/\/tenerife-trips.com\/wp-content\/uploads\/2019\/12\/whale-watching-Tenerife-2-thegem-post-thumb-small.jpg\" alt=\"whale watching Tenerife\" class=\"img-responsive\"> <span class=\"gem-gallery-caption slide-info\"> <\/span> <\/a> <span class=\"gem-gallery-line\"><\/span> <\/div> <\/div> <div class=\"gem-gallery-item\"> <div class=\"gem-gallery-item-image\"> <a href=\"https:\/\/tenerife-trips.com\/wp-content\/uploads\/2019\/12\/avistamiento-de-ballenas-Tenerife-thegem-gallery-sidebar.jpg\" data-fancybox-group=\"gallery-69de9f8681a51\" data-full-image-url=\"https:\/\/tenerife-trips.com\/wp-content\/uploads\/2019\/12\/avistamiento-de-ballenas-Tenerife.jpg\"> <svg width=\"20\" height=\"10\"><path d=\"M 0,10 Q 9,9 10,0 Q 11,9 20,10\" \/><\/svg> <img src=\"https:\/\/tenerife-trips.com\/wp-content\/uploads\/2019\/12\/avistamiento-de-ballenas-Tenerife-thegem-post-thumb-small.jpg\" alt=\"avistamiento de ballenas Tenerife\" class=\"img-responsive\"> <span class=\"gem-gallery-caption slide-info\"> <\/span> <\/a> <span class=\"gem-gallery-line\"><\/span> <\/div> <\/div> <div class=\"gem-gallery-item\"> <div class=\"gem-gallery-item-image\"> <a href=\"https:\/\/tenerife-trips.com\/wp-content\/uploads\/2019\/12\/barca-a-vela-Tenerife-thegem-gallery-sidebar.jpg\" data-fancybox-group=\"gallery-69de9f8681a51\" data-full-image-url=\"https:\/\/tenerife-trips.com\/wp-content\/uploads\/2019\/12\/barca-a-vela-Tenerife.jpg\"> <svg width=\"20\" height=\"10\"><path d=\"M 0,10 Q 9,9 10,0 Q 11,9 20,10\" \/><\/svg> <img src=\"https:\/\/tenerife-trips.com\/wp-content\/uploads\/2019\/12\/barca-a-vela-Tenerife-thegem-post-thumb-small.jpg\" alt=\"barca a vela Tenerife\" class=\"img-responsive\"> <span class=\"gem-gallery-caption slide-info\"> <\/span> <\/a> <span class=\"gem-gallery-line\"><\/span> <\/div> <\/div> <\/div>[vc_empty_space][\/vc_column][\/vc_row][vc_row full_width=&#8221;stretch_row&#8221; css=&#8221;.vc_custom_1600437720739{background-color: #312c7a !important;background-position: center !important;background-repeat: no-repeat !important;background-size: cover !important;}&#8221;][vc_column][vc_column_text]<\/p>\n<h3 style=\"text-align: center;\"><span style=\"color: #ffffff;\"><span style=\"font-size: 18pt;\">DESCRIZIONE<\/span><\/span><\/h3>\n<p>[\/vc_column_text][\/vc_column][\/vc_row][vc_row][vc_column][vc_tta_accordion style=&#8221;simple_solid&#8221; color=&#8221;blue&#8221; c_icon=&#8221;chevron&#8221; active_section=&#8221;-0&#8243; collapsible_all=&#8221;true&#8221;][vc_tta_section title=&#8221;SPIEGAZIONE ESCURSIONE&#8221; tab_id=&#8221;1577671091617-0af8eee0-94024eb4-3f25&#8243;][vc_column_text]Allora prima di tutto ci incontriamo a <a href=\"https:\/\/www.google.com\/search?q=puerto%20colon&amp;oq=puerto+colon&amp;aqs=chrome.0.69i59j0l2j46i175i199l2j0j46j0.3257j0j15&amp;sourceid=chrome&amp;ie=UTF-8&amp;tbs=lf:1,lf_ui:2&amp;tbm=lcl&amp;rflfq=1&amp;num=10&amp;rldimm=15430252968124252743&amp;lqi=CgxwdWVydG8gY29sb25I_-6vu5mrgIAIWiQKDHB1ZXJ0byBjb2xvbhAAEAEYABgBIgxwdWVydG8gY29sb26SAQZtYXJpbmGqARQQASoQIgxwdWVydG8gY29sb24oDg&amp;ved=2ahUKEwjT3-763NruAhUvxYUKHRDWDmsQvS4wBXoECAIQLg&amp;rlst=f#rlfi=hd:;si:15430252968124252743,l,CgxwdWVydG8gY29sb25I_-6vu5mrgIAIWiQKDHB1ZXJ0byBjb2xvbhAAEAEYABgBIgxwdWVydG8gY29sb26SAQZtYXJpbmGqARQQASoQIgxwdWVydG8gY29sb24oDg;mv:[[28.080170499999998,-16.7344817],[28.077256199999997,-16.7380961]];tbs:lrf:!1m4!1u3!2m2!3m1!1e1!1m4!1u2!2m2!2m1!1e1!2m1!1e2!2m1!1e3!3sIAE,lf:1,lf_ui:2\" target=\"_blank\" rel=\"noopener\">Puerto Colon<\/a>, il porto principale di Playa de Las Americas, dove \u00e8 ancorata la barca; una volta che tutti sono a bordo lasciamo il molo e iniziamo il nostro viaggio.<\/p>\n<h3><span style=\"font-size: 12pt;\">In queste acque vivono cetacei amichevoli ed \u00e8 molto facile VEDERli tutto l&#8217;anno; ci allontaniamo con la barca a vela Tenerife un paio di chilometri dalla costa, qui di solito incontriamo balene pilota e delfini; quindi probabilmente avr\u00e0 la fortuna di vedere questi animali felici e liberi nel loro habitat.<\/span><\/h3>\n<p>Le possibilit\u00e0 di vedere cetacei durante l&#8217;escursione in barca a vela Tenerife sono molto alte; le balene pilota nuotano lentamente ed escono spesso dall&#8217;acqua per respirare; gli adulti possono raggiungere circa 7 metri di lunghezza e spesso si vedono gruppi con i piccoli. I delfini sono estremamente socievoli, amano giocare seguendo le barche e saltandogli di fianco; la specie pi\u00f9 comune che troviamo a Tenerife \u00e8 il <a href=\"https:\/\/it.wikipedia.org\/wiki\/Tursiops_truncatus\">delfino dal naso a bottiglia<\/a>.<\/p>\n<p>Dopo questa fantastica esperienza di avvistamento cetacei ci dirigiamo verso la costa; ci fermiamo vicino alla riva per circa un&#8217;ora di pausa e relax; di solito andiamo a Playa Diego Hernandez, una spiaggia di sabbia naturale in Costa Adeje. Qui vi offriamo da mangiare e da bere (panini, bibite, acqua, sangria, birra, spumante); se vuole pu\u00f2 fare il bagno usando la nostra attrezzatura per lo snorkeling. In conclusione, quando siamo sicuri che tutti abbiano goduto appieno della pausa, partiamo e torniamo al porto.<\/p>\n<h3><span style=\"font-size: 12pt;\">L&#8217;escursione in barca a vela Tenerife dura in totale 3 ore; a bordo c&#8217;\u00e8 posto per massimo 11 persone.<\/span><\/h3>\n<p>[\/vc_column_text][\/vc_tta_section][vc_tta_section title=&#8221;ORARIO E TRASPORTO&#8221; tab_id=&#8221;1577671091666-736a5870-75e34eb4-3f25&#8243;][vc_column_text css=&#8221;&#8221;]La barca parte da <a href=\"https:\/\/www.google.com\/search?q=puerto%20colon&amp;oq=puerto+colon&amp;aqs=chrome.0.69i59j0l2j46i175i199l2j0j46j0.3257j0j15&amp;sourceid=chrome&amp;ie=UTF-8&amp;tbs=lf:1,lf_ui:2&amp;tbm=lcl&amp;rflfq=1&amp;num=10&amp;rldimm=15430252968124252743&amp;lqi=CgxwdWVydG8gY29sb25I_-6vu5mrgIAIWiQKDHB1ZXJ0byBjb2xvbhAAEAEYABgBIgxwdWVydG8gY29sb26SAQZtYXJpbmGqARQQASoQIgxwdWVydG8gY29sb24oDg&amp;ved=2ahUKEwjT3-763NruAhUvxYUKHRDWDmsQvS4wBXoECAIQLg&amp;rlst=f#rlfi=hd:;si:15430252968124252743,l,CgxwdWVydG8gY29sb25I_-6vu5mrgIAIWiQKDHB1ZXJ0byBjb2xvbhAAEAEYABgBIgxwdWVydG8gY29sb26SAQZtYXJpbmGqARQQASoQIgxwdWVydG8gY29sb24oDg;mv:[[28.080170499999998,-16.7344817],[28.077256199999997,-16.7380961]];tbs:lrf:!1m4!1u3!2m2!3m1!1e1!1m4!1u2!2m2!2m1!1e1!2m1!1e2!2m1!1e3!3sIAE,lf:1,lf_ui:2\" target=\"_blank\" rel=\"noopener\">Puerto Col\u00f3n<\/a>. <span class=\"jCAhz ChMk0b\"><span class=\"ryNqvb\">Il servizio di trasporto \u00e8 disponibile per l&#8217;escursione condivisa nella zona tra Playa Paraiso e Los Cristianos e per l&#8217;escursione privata nella zona tra Los Gigantes e Golf del Sur.<\/span><\/span> <span class=\"jCAhz ChMk0b\"><span class=\"ryNqvb\">Questo servizio \u00e8 soggetto a un costo aggiuntivo, per maggiori dettagli si prega di contattare il nostro servizio clienti.<\/span><\/span><\/p>\n<p><span style=\"text-decoration: underline;\"><span style=\"color: #ff0000; text-decoration: underline;\">ORARIO:<\/span><\/span><\/p>\n<p>Tutti i giorni, chieda al nostro supporto gli orari disponibili.<\/p>\n<p><strong>Guardi il video, si faccia un&#8217;idea di com&#8217;\u00e8 la escursione e la prenoti ora!<\/strong>[\/vc_column_text][\/vc_tta_section][\/vc_tta_accordion]<style type=\"text\/css\">.thegem-button-69de9f8682ec07647 .gem-button svg {fill: #ffffff;}.thegem-button-69de9f8682ec07647 .gem-button:hover svg {fill: #312c7a;}<\/style><div class=\"gem-button-container gem-button-position-center thegem-button-69de9f8682ec07647    \"  ><a class=\"gem-button gem-button-size-small gem-button-style-flat gem-button-text-weight-normal\" data-ll-effect=\"drop-right-without-wrap\" style=\"border-radius: 3px;background-color: #312c7a;color: #ffffff;\" onmouseleave=\"this.style.backgroundColor='#312c7a';this.style.color='#ffffff';\" onmouseenter=\"this.style.backgroundColor='#f6eb14';this.style.color='#312c7a';\" href=\"#prezzi-vela\" target=\"_self\">PREZZI<\/a><\/div> [\/vc_column][\/vc_row][vc_row full_width=&#8221;stretch_row_content&#8221; css=&#8221;.vc_custom_1600437754886{background-color: #312c7a !important;background-position: center !important;background-repeat: no-repeat !important;background-size: cover !important;}&#8221;][vc_column][vc_column_text]<\/p>\n<h3 style=\"text-align: center;\"><span style=\"color: #ffffff;\"><strong><span style=\"font-size: 18pt;\">PRENOTA ORA<\/span><\/strong><\/span><\/h3>\n<p>[\/vc_column_text][vc_empty_space height=&#8221;10px&#8221; el_id=&#8221;prezzi-vela&#8221;][\/vc_column][\/vc_row]<\/p>\n<\/div>","protected":false},"excerpt":{"rendered":"<p>[vc_row full_width=&#8221;stretch_row_content_no_spaces&#8221;][vc_column][vc_column_text css=&#8221;.vc_custom_1743423581246{background-color: #F6EB14 !important;background-position: center !important;background-repeat: no-repeat !important;background-size: cover !important;}&#8221; css_animation=&#8221;fadeIn&#8221;] BARCA A VELA [\/vc_column_text][\/vc_column][\/vc_row][vc_row][vc_column][vc_column_text css=&#8221;&#8221;] L&#8217;escursione in barca&#8230;<\/p>\n","protected":false},"featured_media":71179,"template":"","meta":{"_acf_changed":false,"_seopress_robots_primary_cat":"0","_seopress_titles_title":"Barca a vela Tenerife, una escursione per avvistare cetacei","_seopress_titles_desc":"Barca a vela Tenerife, prenoti ora da un&#039;impresa italiana un&#039;uscita in barca per avvistare balene e delfini, una esperienza indimenticabile","_seopress_robots_index":""},"product_brand":[],"product_cat":[2298],"product_tag":[2344,2395,2385,2394],"class_list":{"0":"post-54596","1":"product","2":"type-product","3":"status-publish","4":"has-post-thumbnail","6":"product_cat-gite-in-barca","7":"product_tag-avvistamento-balene-tenerife","8":"product_tag-avvistamento-delfini-tenerife","9":"product_tag-escursioni-in-barca-tenerife","10":"product_tag-gita-in-barca-tenerife","12":"first","13":"instock","14":"virtual","15":"sold-individually","16":"taxable","17":"purchasable","18":"product-type-booking"},"booking_location":"","booking_location_type":"","booking_duration":1,"booking_duration_unit":"day","booking_buffer":0,"booking_cost":0,"booking_resources":[],"acf":[],"_links":{"self":[{"href":"https:\/\/tenerife-trips.com\/it\/wp-json\/wp\/v2\/product\/54596","targetHints":{"allow":["GET"]}}],"collection":[{"href":"https:\/\/tenerife-trips.com\/it\/wp-json\/wp\/v2\/product"}],"about":[{"href":"https:\/\/tenerife-trips.com\/it\/wp-json\/wp\/v2\/types\/product"}],"wp:featuredmedia":[{"embeddable":true,"href":"https:\/\/tenerife-trips.com\/it\/wp-json\/wp\/v2\/media\/71179"}],"wp:attachment":[{"href":"https:\/\/tenerife-trips.com\/it\/wp-json\/wp\/v2\/media?parent=54596"}],"wp:term":[{"taxonomy":"product_brand","embeddable":true,"href":"https:\/\/tenerife-trips.com\/it\/wp-json\/wp\/v2\/product_brand?post=54596"},{"taxonomy":"product_cat","embeddable":true,"href":"https:\/\/tenerife-trips.com\/it\/wp-json\/wp\/v2\/product_cat?post=54596"},{"taxonomy":"product_tag","embeddable":true,"href":"https:\/\/tenerife-trips.com\/it\/wp-json\/wp\/v2\/product_tag?post=54596"}],"curies":[{"name":"wp","href":"https:\/\/api.w.org\/{rel}","templated":true}]}}