{"id":54731,"date":"2019-12-17T18:36:16","date_gmt":"2019-12-17T18:36:16","guid":{"rendered":"https:\/\/tenerife-trips.com\/?post_type=product&#038;p=54731"},"modified":"2026-03-27T16:10:06","modified_gmt":"2026-03-27T16:10:06","slug":"catamarano-tenerife","status":"publish","type":"product","link":"https:\/\/tenerife-trips.com\/it\/product\/gite-in-barca\/catamarano-tenerife\/","title":{"rendered":"CATAMARANO"},"content":{"rendered":"<div class=\"wpb-content-wrapper\"><p>[vc_row full_width=&#8221;stretch_row_content_no_spaces&#8221;][vc_column][vc_column_text css=&#8221;.vc_custom_1743418308403{background-color: #F6EB14 !important;background-position: center !important;background-repeat: no-repeat !important;background-size: cover !important;}&#8221; css_animation=&#8221;fadeIn&#8221;]<\/p>\n<h1 class=\"title-h2\" style=\"text-align: center;\"><span style=\"font-size: 18pt; color: #312c7a;\">CATAMARANO<\/span><\/h1>\n<p>[\/vc_column_text][\/vc_column][\/vc_row][vc_row][vc_column][vc_column_text]<\/p>\n<p style=\"text-align: center;\">Si goda la vacanza con il nostro catamarano Tenerife e scopra l&#8217;incredibile vita marina delle Isole Canarie! Molti cetacei amichevoli popolano la riserva naturale tra Tenerife e La Gomera ed \u00e8 possibile avvistarli frequentemente vicino alla costa. Grazie a ci\u00f2 \u00e8 possibile per i turisti fare una gita in barca e vivere un&#8217;esperienza indimenticabile.<\/p>\n<p style=\"text-align: center;\"><strong>\u21d3 Veda ulteriore descrizione di seguito \u21d3<\/strong><\/p>\n<p>[\/vc_column_text][\/vc_column][\/vc_row][vc_row full_width=&#8221;stretch_row_content&#8221; full_height=&#8221;yes&#8221; css=&#8221;.vc_custom_1576192123211{background-color: #312c7a !important;background-position: center !important;background-repeat: no-repeat !important;background-size: cover !important;}&#8221;][vc_column]<div class=\"gem-vimeo gem-wrapbox gem-wrapbox-style-no-style rounded-corners gem-wrapbox-position-below\" style=\"width: 100%;\"><div class=\"gem-wrapbox-inner gem-ratio-style\" style=\"padding-top: 56.25%\"><iframe webkitallowfullscreen=\"true\" mozallowfullscreen=\"true\" allowfullscreen=\"true\" class=\"gem-wrapbox-element img-responsive\" frameborder=\"0\" scrolling=\"no\" marginheight=\"0\" marginwidth=\"0\" src=\"\/\/player.vimeo.com\/video\/326575374?title=0&amp;byline=0&amp;portrait=0 \"><\/iframe><\/div><\/div>[vc_empty_space]<div class=\"preloader\"><div class=\"preloader-spin\"><\/div><\/div> <div id=\"gem-gallery-69ecfa387532f\" class=\"gem-gallery gem-gallery-hover-zooming-blur\"> <div class=\"gem-gallery-item\"> <div class=\"gem-gallery-item-image\"> <a href=\"https:\/\/tenerife-trips.com\/wp-content\/uploads\/2019\/12\/catamaran-Tenerife-2-thegem-gallery-sidebar.jpg\" data-fancybox-group=\"gallery-69ecfa387532f\" data-full-image-url=\"https:\/\/tenerife-trips.com\/wp-content\/uploads\/2019\/12\/catamaran-Tenerife-2.jpg\"> <svg width=\"20\" height=\"10\"><path d=\"M 0,10 Q 9,9 10,0 Q 11,9 20,10\" \/><\/svg> <img src=\"https:\/\/tenerife-trips.com\/wp-content\/uploads\/2019\/12\/catamaran-Tenerife-2-thegem-post-thumb-small.jpg\" alt=\"catamaran Tenerife\" class=\"img-responsive\"> <span class=\"gem-gallery-caption slide-info\"> <\/span> <\/a> <span class=\"gem-gallery-line\"><\/span> <\/div> <\/div> <div class=\"gem-gallery-item\"> <div class=\"gem-gallery-item-image\"> <a href=\"https:\/\/tenerife-trips.com\/wp-content\/uploads\/2019\/12\/catamaran-Tenerife-8-thegem-gallery-sidebar.jpg\" data-fancybox-group=\"gallery-69ecfa387532f\" data-full-image-url=\"https:\/\/tenerife-trips.com\/wp-content\/uploads\/2019\/12\/catamaran-Tenerife-8.jpg\"> <svg width=\"20\" height=\"10\"><path d=\"M 0,10 Q 9,9 10,0 Q 11,9 20,10\" \/><\/svg> <img src=\"https:\/\/tenerife-trips.com\/wp-content\/uploads\/2019\/12\/catamaran-Tenerife-8-thegem-post-thumb-small.jpg\" alt=\"\" class=\"img-responsive\"> <span class=\"gem-gallery-caption slide-info\"> <\/span> <\/a> <span class=\"gem-gallery-line\"><\/span> <\/div> <\/div> <div class=\"gem-gallery-item\"> <div class=\"gem-gallery-item-image\"> <a href=\"https:\/\/tenerife-trips.com\/wp-content\/uploads\/2019\/12\/catamaran-Tenerife-1-2-thegem-gallery-sidebar.jpg\" data-fancybox-group=\"gallery-69ecfa387532f\" data-full-image-url=\"https:\/\/tenerife-trips.com\/wp-content\/uploads\/2019\/12\/catamaran-Tenerife-1-2.jpg\"> <svg width=\"20\" height=\"10\"><path d=\"M 0,10 Q 9,9 10,0 Q 11,9 20,10\" \/><\/svg> <img src=\"https:\/\/tenerife-trips.com\/wp-content\/uploads\/2019\/12\/catamaran-Tenerife-1-2-thegem-post-thumb-small.jpg\" alt=\"katamaran Teneriffa\" class=\"img-responsive\"> <span class=\"gem-gallery-caption slide-info\"> <\/span> <\/a> <span class=\"gem-gallery-line\"><\/span> <\/div> <\/div> <div class=\"gem-gallery-item\"> <div class=\"gem-gallery-item-image\"> <a href=\"https:\/\/tenerife-trips.com\/wp-content\/uploads\/2019\/12\/katamaran-Teneryfa-3-thegem-gallery-sidebar.jpg\" data-fancybox-group=\"gallery-69ecfa387532f\" data-full-image-url=\"https:\/\/tenerife-trips.com\/wp-content\/uploads\/2019\/12\/katamaran-Teneryfa-3.jpg\"> <svg width=\"20\" height=\"10\"><path d=\"M 0,10 Q 9,9 10,0 Q 11,9 20,10\" \/><\/svg> <img src=\"https:\/\/tenerife-trips.com\/wp-content\/uploads\/2019\/12\/katamaran-Teneryfa-3-thegem-post-thumb-small.jpg\" alt=\"katamaran Teneryfa\" class=\"img-responsive\"> <span class=\"gem-gallery-caption slide-info\"> <\/span> <\/a> <span class=\"gem-gallery-line\"><\/span> <\/div> <\/div> <div class=\"gem-gallery-item\"> <div class=\"gem-gallery-item-image\"> <a href=\"https:\/\/tenerife-trips.com\/wp-content\/uploads\/2019\/12\/catamaran-en-Tenerife-2-thegem-gallery-sidebar.jpg\" data-fancybox-group=\"gallery-69ecfa387532f\" data-full-image-url=\"https:\/\/tenerife-trips.com\/wp-content\/uploads\/2019\/12\/catamaran-en-Tenerife-2.jpg\"> <svg width=\"20\" height=\"10\"><path d=\"M 0,10 Q 9,9 10,0 Q 11,9 20,10\" \/><\/svg> <img src=\"https:\/\/tenerife-trips.com\/wp-content\/uploads\/2019\/12\/catamaran-en-Tenerife-2-thegem-post-thumb-small.jpg\" alt=\"catamaran en Tenerife\" class=\"img-responsive\"> <span class=\"gem-gallery-caption slide-info\"> <\/span> <\/a> <span class=\"gem-gallery-line\"><\/span> <\/div> <\/div> <div class=\"gem-gallery-item\"> <div class=\"gem-gallery-item-image\"> <a href=\"https:\/\/tenerife-trips.com\/wp-content\/uploads\/2019\/12\/catamaran-Tenerife-3-thegem-gallery-sidebar.jpg\" data-fancybox-group=\"gallery-69ecfa387532f\" data-full-image-url=\"https:\/\/tenerife-trips.com\/wp-content\/uploads\/2019\/12\/catamaran-Tenerife-3.jpg\"> <svg width=\"20\" height=\"10\"><path d=\"M 0,10 Q 9,9 10,0 Q 11,9 20,10\" \/><\/svg> <img src=\"https:\/\/tenerife-trips.com\/wp-content\/uploads\/2019\/12\/catamaran-Tenerife-3-thegem-post-thumb-small.jpg\" alt=\"\" class=\"img-responsive\"> <span class=\"gem-gallery-caption slide-info\"> <\/span> <\/a> <span class=\"gem-gallery-line\"><\/span> <\/div> <\/div> <div class=\"gem-gallery-item\"> <div class=\"gem-gallery-item-image\"> <a href=\"https:\/\/tenerife-trips.com\/wp-content\/uploads\/2019\/12\/catamaran-Tenerife-5-thegem-gallery-sidebar.jpg\" data-fancybox-group=\"gallery-69ecfa387532f\" data-full-image-url=\"https:\/\/tenerife-trips.com\/wp-content\/uploads\/2019\/12\/catamaran-Tenerife-5.jpg\"> <svg width=\"20\" height=\"10\"><path d=\"M 0,10 Q 9,9 10,0 Q 11,9 20,10\" \/><\/svg> <img src=\"https:\/\/tenerife-trips.com\/wp-content\/uploads\/2019\/12\/catamaran-Tenerife-5-thegem-post-thumb-small.jpg\" alt=\"\" class=\"img-responsive\"> <span class=\"gem-gallery-caption slide-info\"> <\/span> <\/a> <span class=\"gem-gallery-line\"><\/span> <\/div> <\/div> <div class=\"gem-gallery-item\"> <div class=\"gem-gallery-item-image\"> <a href=\"https:\/\/tenerife-trips.com\/wp-content\/uploads\/2019\/12\/catamarano-Tenerife-2-thegem-gallery-sidebar.jpg\" data-fancybox-group=\"gallery-69ecfa387532f\" data-full-image-url=\"https:\/\/tenerife-trips.com\/wp-content\/uploads\/2019\/12\/catamarano-Tenerife-2.jpg\"> <svg width=\"20\" height=\"10\"><path d=\"M 0,10 Q 9,9 10,0 Q 11,9 20,10\" \/><\/svg> <img src=\"https:\/\/tenerife-trips.com\/wp-content\/uploads\/2019\/12\/catamarano-Tenerife-2-thegem-post-thumb-small.jpg\" alt=\"catamarano Tenerife\" class=\"img-responsive\"> <span class=\"gem-gallery-caption slide-info\"> <\/span> <\/a> <span class=\"gem-gallery-line\"><\/span> <\/div> <\/div> <div class=\"gem-gallery-item\"> <div class=\"gem-gallery-item-image\"> <a href=\"https:\/\/tenerife-trips.com\/wp-content\/uploads\/2019\/12\/catamaran-Tenerife-2-1-thegem-gallery-sidebar.jpg\" data-fancybox-group=\"gallery-69ecfa387532f\" data-full-image-url=\"https:\/\/tenerife-trips.com\/wp-content\/uploads\/2019\/12\/catamaran-Tenerife-2-1.jpg\"> <svg width=\"20\" height=\"10\"><path d=\"M 0,10 Q 9,9 10,0 Q 11,9 20,10\" \/><\/svg> <img src=\"https:\/\/tenerife-trips.com\/wp-content\/uploads\/2019\/12\/catamaran-Tenerife-2-1-thegem-post-thumb-small.jpg\" alt=\"\" class=\"img-responsive\"> <span class=\"gem-gallery-caption slide-info\"> <\/span> <\/a> <span class=\"gem-gallery-line\"><\/span> <\/div> <\/div> <\/div>[vc_empty_space][\/vc_column][\/vc_row][vc_row full_width=&#8221;stretch_row&#8221; css=&#8221;.vc_custom_1600437606350{background-color: #312c7a !important;background-position: center !important;background-repeat: no-repeat !important;background-size: cover !important;}&#8221;][vc_column][vc_column_text]<\/p>\n<h3 style=\"text-align: center;\"><span style=\"color: #ffffff;\"><span style=\"font-size: 18pt;\">DESCRIZIONE<\/span><\/span><\/h3>\n<p>[\/vc_column_text][\/vc_column][\/vc_row][vc_row][vc_column][vc_tta_accordion style=&#8221;simple_solid&#8221; color=&#8221;blue&#8221; c_icon=&#8221;chevron&#8221; active_section=&#8221;-0&#8243; collapsible_all=&#8221;true&#8221;][vc_tta_section title=&#8221;SPIEGAZIONE ESCURSIONE&#8221; tab_id=&#8221;1577671091617-0af8eee0-94027ef3-2caf&#8221;][vc_column_text css=&#8221;&#8221;]Tanto per cominciare, dobbiamo dire che il catamarano Tenerife \u00e8 una delle migliori barche sull&#8217;isola. Parte da &#8220;<a href=\"https:\/\/goo.gl\/maps\/JAuqWHZ4CmmoNkGp9\" target=\"_blank\" rel=\"noopener\">Puerto Colon<\/a>&#8221; il porto principale nel sud.<\/p>\n<h3><span style=\"font-size: 12pt;\">All&#8217;inizio del viaggio il catamarano Tenerife esce dal porto e si allontana un paio di chilometri dalla costa. qui \u00e8 molto facile avvistare balene pilota e delfini felici e liberi nel loro ambiente naturale. il governo delle Canarie protegge e conserva il loro habitat con leggi severe.<\/span><\/h3>\n<p>Dopo questa straordinaria esperienza con il catamarano Tenerife ci dirigiamo verso la costa. Quando siamo vicino alla riva ci fermiamo. Durante questo tempo si pu\u00f2 fare il bagno, rilassarsi e mangiare. Nel caso dell&#8217;escursione di 3 ore il luogo in cui facciamo la pausa \u00e8 <a href=\"https:\/\/www.leggotenerife.com\/22100\/playa-diego-hernandez-inestimabile-area-naturale-2\/\" target=\"_blank\" rel=\"noopener\">Playa Diego Hernandez<\/a>; questa \u00e8 una spiaggia fantastica nella zona di La Caleta, Costa Adeje. Per l&#8217;escursione di 4,5 ore la zona \u00e8 invece la <a href=\"https:\/\/goo.gl\/maps\/UHCN4RnQSdKZKgyS7\" target=\"_blank\" rel=\"noopener\">baia di Masca<\/a>; da questo punto si possono contemplare perfettamente le maestose scogliere di Los Gigantes.<\/p>\n<p>Una volta che abbiamo ancorato la barca vicino alla costa vi forniamo cibo e bevande. Per la gita corta offriamo panini mentre per la lunga abbiamo riso con polpette di pollo, pane e banana delle Canarie. Come bevande sono sempre disponibili acqua, birra, vino e bibite gassate in entrambi i viaggi. A questo punto dell&#8217;escursione con il catamarano Tenerife si pu\u00f2 saltare nell&#8217;acqua incontaminata!<\/p>\n<h3><span style=\"font-size: 12pt;\">Alla fine, quando siamo sicuri che tutti abbiano goduto appieno della pausa, ripartiamo e torniamo al porto. dopo l&#8217;escursione la riportiamo al suo alloggio lasciandola nello stesso punto di raccolta. Per riassumere il catamarano Tenerife \u00e8 sicuramente uno delle migliori <a href=\"https:\/\/www.tenerife-trips.com\/escursioni-in-barca-tenerife\/?lang=it\" target=\"_blank\" rel=\"noopener\">ESCURSIONI IN BARCA<\/a> che pu\u00f2 fare quando visita l&#8217;isola!<\/span><\/h3>\n<p><span style=\"text-decoration: underline; color: #ff0000;\"><strong>Il catamarano offre una zona VIP con lettini. Questi non sono inclusi nel prezzo, si possono prenotare e pagare durante l&#8217;imbarco.<\/strong><\/span>[\/vc_column_text][\/vc_tta_section][vc_tta_section title=&#8221;ORARIO E TRASPORTO&#8221; tab_id=&#8221;1577671091666-736a5870-75e37ef3-2caf&#8221;][vc_column_text]Il servizio di trasporto \u00e8 disponibile da Tenerife sud e ovest <span style=\"color: #ff0000;\">(solo per la gita da 4,5 ore anche da Puerto de La Cruz alcuni giorni della settimana, da consultare con noi)<\/span>. Le consigliamo di contattarci e verificare la disponibilit\u00e0 dalla sua zona prima di prenotare.<\/p>\n<p><span style=\"text-decoration: underline;\"><span style=\"color: #ff0000; text-decoration: underline;\">ORARIO:<\/span><\/span><\/p>\n<p>Per favore verifichi con il nostro supporto clienti i giorni in cui \u00e8 possibile effettuare l\u2019escursione. L&#8217;escursione di 3 ore \u00e8 disponibile tutti i giorni alle 10:00 e quella di 4,5 ore tutti i giorni alle 13:00. Ricordi di prenotare in anticipo per trovare posto!<\/p>\n<p><strong>Guardi il video, si faccia un&#8217;idea di cosa si tratta e prenoti ora!<\/strong>[\/vc_column_text][\/vc_tta_section][\/vc_tta_accordion]<style type=\"text\/css\">.thegem-button-69ecfa3876cc06553 .gem-button svg {fill: #ffffff;}.thegem-button-69ecfa3876cc06553 .gem-button:hover svg {fill: #312c7a;}<\/style><div class=\"gem-button-container gem-button-position-center thegem-button-69ecfa3876cc06553    \"  ><a class=\"gem-button gem-button-size-small gem-button-style-flat gem-button-text-weight-normal\" data-ll-effect=\"drop-right-without-wrap\" style=\"border-radius: 3px;background-color: #312c7a;color: #ffffff;\" onmouseleave=\"this.style.backgroundColor='#312c7a';this.style.color='#ffffff';\" onmouseenter=\"this.style.backgroundColor='#f6eb14';this.style.color='#312c7a';\" href=\"#prezzi-cata\" target=\"_self\">PREZZI<\/a><\/div> [\/vc_column][\/vc_row][vc_row full_width=&#8221;stretch_row_content&#8221; css=&#8221;.vc_custom_1600437633584{background-color: #312c7a !important;background-position: center !important;background-repeat: no-repeat !important;background-size: cover !important;}&#8221;][vc_column][vc_column_text]<\/p>\n<h3 style=\"text-align: center;\"><span style=\"color: #ffffff;\"><strong><span style=\"font-size: 18pt;\">PRENOTA ORA<\/span><\/strong><\/span><\/h3>\n<p>[\/vc_column_text][vc_empty_space height=&#8221;10px&#8221; el_id=&#8221;prezzi-cata&#8221;][\/vc_column][\/vc_row]<\/p>\n<\/div>","protected":false},"excerpt":{"rendered":"<p>[vc_row full_width=&#8221;stretch_row_content_no_spaces&#8221;][vc_column][vc_column_text css=&#8221;.vc_custom_1743418308403{background-color: #F6EB14 !important;background-position: center !important;background-repeat: no-repeat !important;background-size: cover !important;}&#8221; css_animation=&#8221;fadeIn&#8221;] CATAMARANO [\/vc_column_text][\/vc_column][\/vc_row][vc_row][vc_column][vc_column_text] Si goda la vacanza con il&#8230;<\/p>\n","protected":false},"featured_media":412541,"template":"","meta":{"_acf_changed":false,"_seopress_robots_primary_cat":"2298","_seopress_titles_title":"Catamarano Tenerife, una gita per vedere balene e delfini","_seopress_titles_desc":"Prenoti con un'impresa italiana una escursione in Catamarano Tenerife, una gita per vedere balene e delfini e godersi la vacanza.","_seopress_robots_index":""},"product_brand":[],"product_cat":[2298],"product_tag":[2344,2355,2385,2386],"class_list":{"0":"post-54731","1":"product","2":"type-product","3":"status-publish","4":"has-post-thumbnail","6":"product_cat-gite-in-barca","7":"product_tag-avvistamento-balene-tenerife","8":"product_tag-catamarano-tenerife","9":"product_tag-escursioni-in-barca-tenerife","10":"product_tag-vedere-delfini-tenerife","12":"first","13":"instock","14":"virtual","15":"sold-individually","16":"taxable","17":"purchasable","18":"product-type-booking"},"booking_location":"","booking_location_type":"","booking_duration":1,"booking_duration_unit":"day","booking_buffer":0,"booking_cost":0,"booking_resources":[],"acf":[],"_links":{"self":[{"href":"https:\/\/tenerife-trips.com\/it\/wp-json\/wp\/v2\/product\/54731","targetHints":{"allow":["GET"]}}],"collection":[{"href":"https:\/\/tenerife-trips.com\/it\/wp-json\/wp\/v2\/product"}],"about":[{"href":"https:\/\/tenerife-trips.com\/it\/wp-json\/wp\/v2\/types\/product"}],"wp:featuredmedia":[{"embeddable":true,"href":"https:\/\/tenerife-trips.com\/it\/wp-json\/wp\/v2\/media\/412541"}],"wp:attachment":[{"href":"https:\/\/tenerife-trips.com\/it\/wp-json\/wp\/v2\/media?parent=54731"}],"wp:term":[{"taxonomy":"product_brand","embeddable":true,"href":"https:\/\/tenerife-trips.com\/it\/wp-json\/wp\/v2\/product_brand?post=54731"},{"taxonomy":"product_cat","embeddable":true,"href":"https:\/\/tenerife-trips.com\/it\/wp-json\/wp\/v2\/product_cat?post=54731"},{"taxonomy":"product_tag","embeddable":true,"href":"https:\/\/tenerife-trips.com\/it\/wp-json\/wp\/v2\/product_tag?post=54731"}],"curies":[{"name":"wp","href":"https:\/\/api.w.org\/{rel}","templated":true}]}}