{"id":54840,"date":"2018-01-26T13:17:02","date_gmt":"2018-01-26T13:17:02","guid":{"rendered":"https:\/\/tenerife-trips.com\/?post_type=product&#038;p=54840"},"modified":"2026-03-14T09:53:29","modified_gmt":"2026-03-14T09:53:29","slug":"balene-tenerife","status":"publish","type":"product","link":"https:\/\/tenerife-trips.com\/it\/product\/gite-in-barca\/balene-tenerife\/","title":{"rendered":"MOTOSCAFO"},"content":{"rendered":"<div class=\"wpb-content-wrapper\"><p>[vc_row full_width=&#8221;stretch_row_content_no_spaces&#8221;][vc_column][vc_column_text css=&#8221;.vc_custom_1743421515405{background-color: #F6EB14 !important;background-position: center !important;background-repeat: no-repeat !important;background-size: cover !important;}&#8221; css_animation=&#8221;fadeIn&#8221;]<\/p>\n<h1 class=\"title-h2\" style=\"text-align: center;\"><span style=\"font-size: 18pt; color: #312c7a;\">MOTOSCAFO<\/span><\/h1>\n<p>[\/vc_column_text][\/vc_column][\/vc_row][vc_row][vc_column][vc_column_text]<\/p>\n<p style=\"text-align: center;\">Una escursione in motoscafo per vedere balene Tenerife, un&#8217;esperienza da non perdere quando si visita l&#8217;isola. Durante questa gita in barca conoscer\u00e0 l&#8217;abbondante vita marina delle Isole Canarie. Il mare tra Tenerife e La Gomera \u00e8 una riserva naturale. Il governo delle Canarie la protegge e preserva con leggi severe.<\/p>\n<p style=\"text-align: center;\"><strong>\u21d3 Veda ulteriore descrizione di seguito \u21d3<\/strong><\/p>\n<p>[\/vc_column_text][\/vc_column][\/vc_row][vc_row full_width=&#8221;stretch_row_content&#8221; full_height=&#8221;yes&#8221; css=&#8221;.vc_custom_1576192123211{background-color: #312c7a !important;background-position: center !important;background-repeat: no-repeat !important;background-size: cover !important;}&#8221;][vc_column]<div class=\"gem-vimeo gem-wrapbox gem-wrapbox-style-no-style rounded-corners gem-wrapbox-position-below\" style=\"width: 100%;\"><div class=\"gem-wrapbox-inner gem-ratio-style\" style=\"padding-top: 56.25%\"><iframe webkitallowfullscreen=\"true\" mozallowfullscreen=\"true\" allowfullscreen=\"true\" class=\"gem-wrapbox-element img-responsive\" frameborder=\"0\" scrolling=\"no\" marginheight=\"0\" marginwidth=\"0\" src=\"\/\/player.vimeo.com\/video\/357066522?title=0&amp;byline=0&amp;portrait=0 \"><\/iframe><\/div><\/div>[vc_empty_space]<div class=\"preloader\"><div class=\"preloader-spin\"><\/div><\/div> <div id=\"gem-gallery-69e3438206a78\" class=\"gem-gallery gem-gallery-hover-zooming-blur\"> <div class=\"gem-gallery-item\"> <div class=\"gem-gallery-item-image\"> <a href=\"https:\/\/tenerife-trips.com\/wp-content\/uploads\/2019\/12\/power-boat-1-1-thegem-gallery-sidebar.png\" data-fancybox-group=\"gallery-69e3438206a78\" data-full-image-url=\"https:\/\/tenerife-trips.com\/wp-content\/uploads\/2019\/12\/power-boat-1-1.png\"> <svg width=\"20\" height=\"10\"><path d=\"M 0,10 Q 9,9 10,0 Q 11,9 20,10\" \/><\/svg> <img src=\"https:\/\/tenerife-trips.com\/wp-content\/uploads\/2019\/12\/power-boat-1-1-thegem-post-thumb-small.png\" alt=\"\" class=\"img-responsive\"> <span class=\"gem-gallery-caption slide-info\"> <\/span> <\/a> <span class=\"gem-gallery-line\"><\/span> <\/div> <\/div> <div class=\"gem-gallery-item\"> <div class=\"gem-gallery-item-image\"> <a href=\"https:\/\/tenerife-trips.com\/wp-content\/uploads\/2019\/12\/power-boat-2-thegem-gallery-sidebar.png\" data-fancybox-group=\"gallery-69e3438206a78\" data-full-image-url=\"https:\/\/tenerife-trips.com\/wp-content\/uploads\/2019\/12\/power-boat-2.png\"> <svg width=\"20\" height=\"10\"><path d=\"M 0,10 Q 9,9 10,0 Q 11,9 20,10\" \/><\/svg> <img src=\"https:\/\/tenerife-trips.com\/wp-content\/uploads\/2019\/12\/power-boat-2-thegem-post-thumb-small.png\" alt=\"\" class=\"img-responsive\"> <span class=\"gem-gallery-caption slide-info\"> <\/span> <\/a> <span class=\"gem-gallery-line\"><\/span> <\/div> <\/div> <div class=\"gem-gallery-item\"> <div class=\"gem-gallery-item-image\"> <a href=\"https:\/\/tenerife-trips.com\/wp-content\/uploads\/2019\/12\/b-1-thegem-gallery-sidebar.jpg\" data-fancybox-group=\"gallery-69e3438206a78\" data-full-image-url=\"https:\/\/tenerife-trips.com\/wp-content\/uploads\/2019\/12\/b-1.jpg\"> <svg width=\"20\" height=\"10\"><path d=\"M 0,10 Q 9,9 10,0 Q 11,9 20,10\" \/><\/svg> <img src=\"https:\/\/tenerife-trips.com\/wp-content\/uploads\/2019\/12\/b-1-thegem-post-thumb-small.jpg\" alt=\"whales in Tenerife\" class=\"img-responsive\"> <span class=\"gem-gallery-caption slide-info\"> <\/span> <\/a> <span class=\"gem-gallery-line\"><\/span> <\/div> <\/div> <div class=\"gem-gallery-item\"> <div class=\"gem-gallery-item-image\"> <a href=\"https:\/\/tenerife-trips.com\/wp-content\/uploads\/2019\/12\/d-1-thegem-gallery-sidebar.jpg\" data-fancybox-group=\"gallery-69e3438206a78\" data-full-image-url=\"https:\/\/tenerife-trips.com\/wp-content\/uploads\/2019\/12\/d-1.jpg\"> <svg width=\"20\" height=\"10\"><path d=\"M 0,10 Q 9,9 10,0 Q 11,9 20,10\" \/><\/svg> <img src=\"https:\/\/tenerife-trips.com\/wp-content\/uploads\/2019\/12\/d-1-thegem-post-thumb-small.jpg\" alt=\"whales in Tenerife\" class=\"img-responsive\"> <span class=\"gem-gallery-caption slide-info\"> <\/span> <\/a> <span class=\"gem-gallery-line\"><\/span> <\/div> <\/div> <div class=\"gem-gallery-item\"> <div class=\"gem-gallery-item-image\"> <a href=\"https:\/\/tenerife-trips.com\/wp-content\/uploads\/2019\/12\/a-1-thegem-gallery-sidebar.jpg\" data-fancybox-group=\"gallery-69e3438206a78\" data-full-image-url=\"https:\/\/tenerife-trips.com\/wp-content\/uploads\/2019\/12\/a-1.jpg\"> <svg width=\"20\" height=\"10\"><path d=\"M 0,10 Q 9,9 10,0 Q 11,9 20,10\" \/><\/svg> <img src=\"https:\/\/tenerife-trips.com\/wp-content\/uploads\/2019\/12\/a-1-thegem-post-thumb-small.jpg\" alt=\"whales in Tenerife\" class=\"img-responsive\"> <span class=\"gem-gallery-caption slide-info\"> <\/span> <\/a> <span class=\"gem-gallery-line\"><\/span> <\/div> <\/div> <div class=\"gem-gallery-item\"> <div class=\"gem-gallery-item-image\"> <a href=\"https:\/\/tenerife-trips.com\/wp-content\/uploads\/2019\/12\/c-1-thegem-gallery-sidebar.jpg\" data-fancybox-group=\"gallery-69e3438206a78\" data-full-image-url=\"https:\/\/tenerife-trips.com\/wp-content\/uploads\/2019\/12\/c-1.jpg\"> <svg width=\"20\" height=\"10\"><path d=\"M 0,10 Q 9,9 10,0 Q 11,9 20,10\" \/><\/svg> <img src=\"https:\/\/tenerife-trips.com\/wp-content\/uploads\/2019\/12\/c-1-thegem-post-thumb-small.jpg\" alt=\"whales in Tenerife\" class=\"img-responsive\"> <span class=\"gem-gallery-caption slide-info\"> <\/span> <\/a> <span class=\"gem-gallery-line\"><\/span> <\/div> <\/div> <div class=\"gem-gallery-item\"> <div class=\"gem-gallery-item-image\"> <a href=\"https:\/\/tenerife-trips.com\/wp-content\/uploads\/2019\/12\/7-3-thegem-gallery-sidebar.jpg\" data-fancybox-group=\"gallery-69e3438206a78\" data-full-image-url=\"https:\/\/tenerife-trips.com\/wp-content\/uploads\/2019\/12\/7-3.jpg\"> <svg width=\"20\" height=\"10\"><path d=\"M 0,10 Q 9,9 10,0 Q 11,9 20,10\" \/><\/svg> <img src=\"https:\/\/tenerife-trips.com\/wp-content\/uploads\/2019\/12\/7-3-thegem-post-thumb-small.jpg\" alt=\"Avistamiento cet\u00e1ceos Tenerife\" class=\"img-responsive\"> <span class=\"gem-gallery-caption slide-info\"> <\/span> <\/a> <span class=\"gem-gallery-line\"><\/span> <\/div> <\/div> <div class=\"gem-gallery-item\"> <div class=\"gem-gallery-item-image\"> <a href=\"https:\/\/tenerife-trips.com\/wp-content\/uploads\/2019\/12\/5-9-thegem-gallery-sidebar.jpg\" data-fancybox-group=\"gallery-69e3438206a78\" data-full-image-url=\"https:\/\/tenerife-trips.com\/wp-content\/uploads\/2019\/12\/5-9.jpg\"> <svg width=\"20\" height=\"10\"><path d=\"M 0,10 Q 9,9 10,0 Q 11,9 20,10\" \/><\/svg> <img src=\"https:\/\/tenerife-trips.com\/wp-content\/uploads\/2019\/12\/5-9-thegem-post-thumb-small.jpg\" alt=\"Avistamiento cet\u00e1ceos Tenerife\" class=\"img-responsive\"> <span class=\"gem-gallery-caption slide-info\"> <\/span> <\/a> <span class=\"gem-gallery-line\"><\/span> <\/div> <\/div> <div class=\"gem-gallery-item\"> <div class=\"gem-gallery-item-image\"> <a href=\"https:\/\/tenerife-trips.com\/wp-content\/uploads\/2019\/12\/6-6-thegem-gallery-sidebar.jpg\" data-fancybox-group=\"gallery-69e3438206a78\" data-full-image-url=\"https:\/\/tenerife-trips.com\/wp-content\/uploads\/2019\/12\/6-6.jpg\"> <svg width=\"20\" height=\"10\"><path d=\"M 0,10 Q 9,9 10,0 Q 11,9 20,10\" \/><\/svg> <img src=\"https:\/\/tenerife-trips.com\/wp-content\/uploads\/2019\/12\/6-6-thegem-post-thumb-small.jpg\" alt=\"Avistamiento cet\u00e1ceos Tenerife\" class=\"img-responsive\"> <span class=\"gem-gallery-caption slide-info\"> <\/span> <\/a> <span class=\"gem-gallery-line\"><\/span> <\/div> <\/div> <\/div>[vc_empty_space][\/vc_column][\/vc_row][vc_row full_width=&#8221;stretch_row&#8221; css=&#8221;.vc_custom_1577671222333{background-color: #312c7a !important;background-position: center !important;background-repeat: no-repeat !important;background-size: cover !important;}&#8221;][vc_column][vc_column_text]<\/p>\n<h3 style=\"text-align: center;\"><span style=\"color: #ffffff; font-size: 18pt;\">DESCRIZIONE<\/span><\/h3>\n<p>[\/vc_column_text][\/vc_column][\/vc_row][vc_row][vc_column][vc_tta_accordion style=&#8221;simple_solid&#8221; color=&#8221;blue&#8221; c_icon=&#8221;chevron&#8221; active_section=&#8221;-0&#8243; collapsible_all=&#8221;true&#8221;][vc_tta_section title=&#8221;SPIEGAZIONE ESCURSIONE&#8221; tab_id=&#8221;1577671091617-0af8eee0-9402d222-f040&#8243;][vc_column_text]L&#8217;escursione per vedere delfini e balene Tenerife parte da <a href=\"https:\/\/goo.gl\/maps\/BC3Be8Bczz4sxoK66\" target=\"_blank\" rel=\"noopener\">Puerto Col\u00f3n<\/a>, il porto principale di Playa de Las Americas. Qu\u00ec \u00e8 ancorato in nostro motoscafo a bordo del quale c&#8217;\u00e8 spazio per massimo 12 persone. Una volta saliti tutti i partecipanti lasciamo il molo e iniziamo il nostro viaggio.<\/p>\n<h3><span style=\"font-size: 12pt;\">In queste acque vivono molti cetacei amichevoli, di conseguenza \u00e8 facile avvistarli tutto l&#8217;anno. ci allontaniamo un paio di chilometri dalla costa dirigendoci verso la zona dove di solito vediamo i delfini e le balene Tenerife. questo significa che probabilmente potr\u00e0 ammirare questi spettacolari animali felici e liberi nel loro habitat naturale.<\/span><\/h3>\n<p>La possibilit\u00e0 che si verifichi un tale incontro \u00e8 molto alta. Le balene Tenerife nuotano lentamente ed escono spesso dall&#8217;acqua per respirare; gli adulti possono raggiungere circa 7 metri di lunghezza e non di rado si avvistano gruppi con i piccoli. I delfini sono estremamente socievoli, gli piace per esempio giocare con le barche saltandogli di fianco e accompagnandole. La specie pi\u00f9 comune a Tenerife \u00e8 il delfino dal naso a bottiglia.<\/p>\n<h3><span style=\"font-size: 12pt;\">Dopo la straordinaria esperienza di vedere delfini e balene Tenerife ci dirigiamo verso la costa. poi ci fermiamo vicino alla riva per circa un&#8217;ora per fare una pausa. di solito la zona \u00e8 &#8220;<a href=\"https:\/\/goo.gl\/maps\/5ZjYKniwCUUB86rQ9\" target=\"_blank\" rel=\"noopener\">EL PUERTITO DE ARME\u00d1IME<\/a>&#8220;, una baia naturale in Costa Adeje. <\/span><\/h3>\n<p>Durante questo tempo le forniamo cibo (omelette di patate, impanata di tonno, salsiccia, pomodorini, insalata e frutta) e bevande (bibite gassate, acqua, birra e vino). Inoltre, se lo desidera, pu\u00f2 fare il bagno usando la nostra attrezzatura per lo snorkeling (maschera e boccaglio). In conclusione, quando siamo sicuri che tutti abbiano goduto appieno della pausa, partiamo e torniamo al porto.<\/p>\n<p>Per riassumere, il motoscafo \u00e8 una delle barche pi\u00f9 comode disponibili per avvistare delfini e balene Tenerife. Ci\u00f2 nonostante il prezzo \u00e8 conveniente e la qualit\u00e0 garantita.[\/vc_column_text][\/vc_tta_section][vc_tta_section title=&#8221;ORARIO&#8221; tab_id=&#8221;1577671091666-736a5870-75e3d222-f040&#8243;][vc_column_text]Per questa escursione di avvistamento delfini e balene Tenerife il servizio di trasporto non \u00e8 al momento disponibile, deve venire a <a href=\"https:\/\/goo.gl\/maps\/BC3Be8Bczz4sxoK66\" target=\"_blank\" rel=\"noopener\">Puerto Col\u00f3n<\/a>.<\/p>\n<p><span style=\"text-decoration: underline;\"><span style=\"color: #ff0000; text-decoration: underline;\">ORARIO:<\/span><\/span><\/p>\n<p>Tutti i giorni. L&#8217;orario delle escursioni cambia leggermente a seconda della stagione. Sono previste 3 escursioni al giorno, approssimativamente alle 10:00, 13:00 e 16:00.<\/p>\n<p><strong>Guardi il video, si faccia un&#8217;idea della escursione e la prenoti subito!<\/strong>[\/vc_column_text][\/vc_tta_section][\/vc_tta_accordion]<style type=\"text\/css\">.thegem-button-69e34382088424832 .gem-button svg {fill: #ffffff;}.thegem-button-69e34382088424832 .gem-button:hover svg {fill: #312c7a;}<\/style><div class=\"gem-button-container gem-button-position-center thegem-button-69e34382088424832    \"  ><a class=\"gem-button gem-button-size-small gem-button-style-flat gem-button-text-weight-normal\" data-ll-effect=\"drop-right-without-wrap\" style=\"border-radius: 3px;background-color: #312c7a;color: #ffffff;\" onmouseleave=\"this.style.backgroundColor='#312c7a';this.style.color='#ffffff';\" onmouseenter=\"this.style.backgroundColor='#f6eb14';this.style.color='#312c7a';\" href=\"#prezzi-power\" target=\"_self\">PREZZI<\/a><\/div> [\/vc_column][\/vc_row][vc_row full_width=&#8221;stretch_row_content&#8221; css=&#8221;.vc_custom_1577476060002{background-color: #312c7a !important;background-position: center !important;background-repeat: no-repeat !important;background-size: cover !important;}&#8221;][vc_column][vc_column_text]<\/p>\n<h3 style=\"text-align: center;\"><strong><span style=\"font-size: 18pt; color: #ffffff;\">PRENOTA ORA<\/span><\/strong><\/h3>\n<p>[\/vc_column_text][vc_empty_space height=&#8221;10px&#8221; el_id=&#8221;prezzi-power&#8221;][\/vc_column][\/vc_row]<\/p>\n<\/div>","protected":false},"excerpt":{"rendered":"<p>[vc_row full_width=&#8221;stretch_row_content_no_spaces&#8221;][vc_column][vc_column_text css=&#8221;.vc_custom_1743421515405{background-color: #F6EB14 !important;background-position: center !important;background-repeat: no-repeat !important;background-size: cover !important;}&#8221; css_animation=&#8221;fadeIn&#8221;] MOTOSCAFO [\/vc_column_text][\/vc_column][\/vc_row][vc_row][vc_column][vc_column_text] Una escursione in motoscafo per vedere&#8230;<\/p>\n","protected":false},"featured_media":64998,"template":"","meta":{"_acf_changed":false,"_seopress_robots_primary_cat":"none","_seopress_titles_title":"Balene Tenerife e delfini, una gita in motoscafo di 3 ore","_seopress_titles_desc":"I delfini e le balene Tenerife possono essere facilmente avvistati durante una bella gita in motoscafo di 3 ore in Costa Adeje","_seopress_robots_index":""},"product_brand":[],"product_cat":[2298],"product_tag":[2344,2395,2385,2394],"class_list":{"0":"post-54840","1":"product","2":"type-product","3":"status-publish","4":"has-post-thumbnail","6":"product_cat-gite-in-barca","7":"product_tag-avvistamento-balene-tenerife","8":"product_tag-avvistamento-delfini-tenerife","9":"product_tag-escursioni-in-barca-tenerife","10":"product_tag-gita-in-barca-tenerife","12":"first","13":"instock","14":"virtual","15":"sold-individually","16":"taxable","17":"purchasable","18":"product-type-booking"},"booking_location":"","booking_location_type":"","booking_duration":1,"booking_duration_unit":"day","booking_buffer":0,"booking_cost":0,"booking_resources":[],"acf":[],"_links":{"self":[{"href":"https:\/\/tenerife-trips.com\/it\/wp-json\/wp\/v2\/product\/54840","targetHints":{"allow":["GET"]}}],"collection":[{"href":"https:\/\/tenerife-trips.com\/it\/wp-json\/wp\/v2\/product"}],"about":[{"href":"https:\/\/tenerife-trips.com\/it\/wp-json\/wp\/v2\/types\/product"}],"wp:featuredmedia":[{"embeddable":true,"href":"https:\/\/tenerife-trips.com\/it\/wp-json\/wp\/v2\/media\/64998"}],"wp:attachment":[{"href":"https:\/\/tenerife-trips.com\/it\/wp-json\/wp\/v2\/media?parent=54840"}],"wp:term":[{"taxonomy":"product_brand","embeddable":true,"href":"https:\/\/tenerife-trips.com\/it\/wp-json\/wp\/v2\/product_brand?post=54840"},{"taxonomy":"product_cat","embeddable":true,"href":"https:\/\/tenerife-trips.com\/it\/wp-json\/wp\/v2\/product_cat?post=54840"},{"taxonomy":"product_tag","embeddable":true,"href":"https:\/\/tenerife-trips.com\/it\/wp-json\/wp\/v2\/product_tag?post=54840"}],"curies":[{"name":"wp","href":"https:\/\/api.w.org\/{rel}","templated":true}]}}