{"id":54892,"date":"2018-12-13T18:36:26","date_gmt":"2018-12-13T18:36:26","guid":{"rendered":"https:\/\/tenerife-trips.com\/?post_type=product&#038;p=54892"},"modified":"2025-12-02T20:17:19","modified_gmt":"2025-12-02T20:17:19","slug":"barca-grande","status":"publish","type":"product","link":"https:\/\/tenerife-trips.com\/it\/product\/gite-in-barca\/barca-grande\/","title":{"rendered":"BARCA GRANDE"},"content":{"rendered":"<div class=\"wpb-content-wrapper\"><p>[vc_row full_width=&#8221;stretch_row_content_no_spaces&#8221;][vc_column][vc_column_text css=&#8221;.vc_custom_1743419659983{background-color: #F6EB14 !important;background-position: center !important;background-repeat: no-repeat !important;background-size: cover !important;}&#8221; css_animation=&#8221;fadeIn&#8221;]<\/p>\n<h1 class=\"title-h2\" style=\"text-align: center;\"><span style=\"font-size: 18pt; color: #312c7a;\">BARCA GRANDE<\/span><\/h1>\n<p>[\/vc_column_text][\/vc_column][\/vc_row][vc_row][vc_column][vc_column_text]<\/p>\n<p style=\"text-align: center;\">La Barca Grande \u00e8 un moderno catamarano diviso in due livelli, quello inferiore \u00e8 chiuso e quello superiore \u00e8 aperto; questa barca inoltre \u00e8 dotata di un fondo di vetro dal quale i passeggeri posso godere di una visione sottomarina.<\/p>\n<p style=\"text-align: center;\"><strong>\u21d3 Veda ulteriore descrizione di seguito \u21d3<\/strong><\/p>\n<p>[\/vc_column_text][\/vc_column][\/vc_row][vc_row full_width=&#8221;stretch_row_content&#8221; full_height=&#8221;yes&#8221; css=&#8221;.vc_custom_1576192123211{background-color: #312c7a !important;background-position: center !important;background-repeat: no-repeat !important;background-size: cover !important;}&#8221;][vc_column]<div class=\"gem-vimeo gem-wrapbox gem-wrapbox-style-no-style rounded-corners gem-wrapbox-position-below\" style=\"width: 100%;\"><div class=\"gem-wrapbox-inner gem-ratio-style\" style=\"padding-top: 56.25%\"><iframe webkitallowfullscreen=\"true\" mozallowfullscreen=\"true\" allowfullscreen=\"true\" class=\"gem-wrapbox-element img-responsive\" frameborder=\"0\" scrolling=\"no\" marginheight=\"0\" marginwidth=\"0\" src=\"\/\/player.vimeo.com\/video\/323154995?title=0&amp;byline=0&amp;portrait=0 \"><\/iframe><\/div><\/div>[vc_empty_space]<div class=\"preloader\"><div class=\"preloader-spin\"><\/div><\/div> <div id=\"gem-gallery-69d2a38d9ad8e\" class=\"gem-gallery gem-gallery-hover-zooming-blur\"> <div class=\"gem-gallery-item\"> <div class=\"gem-gallery-item-image\"> <a href=\"https:\/\/tenerife-trips.com\/wp-content\/uploads\/2019\/12\/large-boat-thegem-gallery-sidebar.jpg\" data-fancybox-group=\"gallery-69d2a38d9ad8e\" data-full-image-url=\"https:\/\/tenerife-trips.com\/wp-content\/uploads\/2019\/12\/large-boat.jpg\"> <svg width=\"20\" height=\"10\"><path d=\"M 0,10 Q 9,9 10,0 Q 11,9 20,10\" \/><\/svg> <img src=\"https:\/\/tenerife-trips.com\/wp-content\/uploads\/2019\/12\/large-boat-thegem-post-thumb-small.jpg\" alt=\"large boat\" class=\"img-responsive\"> <span class=\"gem-gallery-caption slide-info\"> <\/span> <\/a> <span class=\"gem-gallery-line\"><\/span> <\/div> <\/div> <div class=\"gem-gallery-item\"> <div class=\"gem-gallery-item-image\"> <a href=\"https:\/\/tenerife-trips.com\/wp-content\/uploads\/2019\/12\/duza-lodz-thegem-gallery-sidebar.jpg\" data-fancybox-group=\"gallery-69d2a38d9ad8e\" data-full-image-url=\"https:\/\/tenerife-trips.com\/wp-content\/uploads\/2019\/12\/duza-lodz.jpg\"> <svg width=\"20\" height=\"10\"><path d=\"M 0,10 Q 9,9 10,0 Q 11,9 20,10\" \/><\/svg> <img src=\"https:\/\/tenerife-trips.com\/wp-content\/uploads\/2019\/12\/duza-lodz-thegem-post-thumb-small.jpg\" alt=\"large boat\" class=\"img-responsive\"> <span class=\"gem-gallery-caption slide-info\"> <\/span> <\/a> <span class=\"gem-gallery-line\"><\/span> <\/div> <\/div> <div class=\"gem-gallery-item\"> <div class=\"gem-gallery-item-image\"> <a href=\"https:\/\/tenerife-trips.com\/wp-content\/uploads\/2019\/12\/das-grose-Boot-thegem-gallery-sidebar.jpg\" data-fancybox-group=\"gallery-69d2a38d9ad8e\" data-full-image-url=\"https:\/\/tenerife-trips.com\/wp-content\/uploads\/2019\/12\/das-grose-Boot.jpg\"> <svg width=\"20\" height=\"10\"><path d=\"M 0,10 Q 9,9 10,0 Q 11,9 20,10\" \/><\/svg> <img src=\"https:\/\/tenerife-trips.com\/wp-content\/uploads\/2019\/12\/das-grose-Boot-thegem-post-thumb-small.jpg\" alt=\"das gro\u00dfe Boot\" class=\"img-responsive\"> <span class=\"gem-gallery-caption slide-info\"> <\/span> <\/a> <span class=\"gem-gallery-line\"><\/span> <\/div> <\/div> <div class=\"gem-gallery-item\"> <div class=\"gem-gallery-item-image\"> <a href=\"https:\/\/tenerife-trips.com\/wp-content\/uploads\/2019\/12\/barco-grande--thegem-gallery-sidebar.jpg\" data-fancybox-group=\"gallery-69d2a38d9ad8e\" data-full-image-url=\"https:\/\/tenerife-trips.com\/wp-content\/uploads\/2019\/12\/barco-grande-.jpg\"> <svg width=\"20\" height=\"10\"><path d=\"M 0,10 Q 9,9 10,0 Q 11,9 20,10\" \/><\/svg> <img src=\"https:\/\/tenerife-trips.com\/wp-content\/uploads\/2019\/12\/barco-grande--thegem-post-thumb-small.jpg\" alt=\"\" class=\"img-responsive\"> <span class=\"gem-gallery-caption slide-info\"> <\/span> <\/a> <span class=\"gem-gallery-line\"><\/span> <\/div> <\/div> <div class=\"gem-gallery-item\"> <div class=\"gem-gallery-item-image\"> <a href=\"https:\/\/tenerife-trips.com\/wp-content\/uploads\/2019\/12\/barca-grande-thegem-gallery-sidebar.jpg\" data-fancybox-group=\"gallery-69d2a38d9ad8e\" data-full-image-url=\"https:\/\/tenerife-trips.com\/wp-content\/uploads\/2019\/12\/barca-grande.jpg\"> <svg width=\"20\" height=\"10\"><path d=\"M 0,10 Q 9,9 10,0 Q 11,9 20,10\" \/><\/svg> <img src=\"https:\/\/tenerife-trips.com\/wp-content\/uploads\/2019\/12\/barca-grande-thegem-post-thumb-small.jpg\" alt=\"\" class=\"img-responsive\"> <span class=\"gem-gallery-caption slide-info\"> <\/span> <\/a> <span class=\"gem-gallery-line\"><\/span> <\/div> <\/div> <\/div>[vc_empty_space][\/vc_column][\/vc_row][vc_row full_width=&#8221;stretch_row&#8221; css=&#8221;.vc_custom_1577671222333{background-color: #312c7a !important;background-position: center !important;background-repeat: no-repeat !important;background-size: cover !important;}&#8221;][vc_column][vc_column_text]<\/p>\n<h3 style=\"text-align: center;\"><span style=\"color: #ffffff; font-size: 18pt;\">DESCRIZIONE<\/span><\/h3>\n<p>[\/vc_column_text][\/vc_column][\/vc_row][vc_row][vc_column][vc_tta_accordion style=&#8221;simple_solid&#8221; color=&#8221;blue&#8221; c_icon=&#8221;chevron&#8221; active_section=&#8221;-0&#8243; collapsible_all=&#8221;true&#8221;][vc_tta_section title=&#8221;SPIEGAZIONE ESCURSIONE&#8221; tab_id=&#8221;1577671091617-0af8eee0-94027f89-7dc7&#8243;][vc_column_text]La Barca Grande \u00e8 un catamarano moderno diviso in due livelli, quello inferiore \u00e8 chiuso, mentre quello superiore \u00e8 aperto; questa barca inoltre \u00e8 dotata di un fondo di vetro attraverso cui i passeggeri possono godere di una visione sottomarina. Sono disponibili tre escursioni di diversa durata, 2 ore, 3 ore e 4,5 ore.<\/p>\n<h3><span style=\"font-size: 12pt;\">In primo luogo la Barca Grande lascia il porto &#8220;Puerto Colon&#8221; e si dirige a un paio di chilometri dalla costa; qui \u00e8 molto facile avvistare balene pilota e delfini felici e liberi nel loro ambiente naturale; il governo delle Canarie protegge e preserva il loro habitat con leggi severe.<\/span><\/h3>\n<p>Dopo questa straordinaria esperienza di avvistamento cetacei, torneremo al porto in caso della gita di 2 ore; per le escursioni di 3 ore e 4,5 ore ci dirigeremo invece a due luoghi diversi per fare una piacevole pausa; ci\u00f2 significa che la Barca Grande si fermer\u00e0 vicino alla riva per circa un&#8217;ora. Nel caso del viaggio di 3 ore la zona \u00e8 <a href=\"https:\/\/www.leggotenerife.com\/22100\/playa-diego-hernandez-inestimabile-area-naturale-2\/\">Playa Diego Hernandez<\/a>; questa fantastica spiaggia di sabbia naturale si trova nella zona di La Caleta, Costa Adeje; per l&#8217;escursione di 4,5 ore si andr\u00e0 alla baia di Masca, una delle principali attrazioni naturali di Tenerife; da qui potr\u00e0 contemplare perfettamente la bellezza delle maestose scogliere di Los Gigantes.<\/p>\n<h3><span style=\"font-size: 12pt;\">Una volta che abbiamo ancorato la Barca Grande vicino alla riva le forniamo cibo e bevande; da mangiare offriamo insalata di cavolo, riso bianco con piselli e mais dolce, polpette di pollo in salsa di pomodoro, pane e banane; da bere abbiamo birra, bibite gassate, sangria e acqua disponibili durante l&#8217;intero viaggio; a questo punto pu\u00f2 saltare nell&#8217;acqua limpida di Tenerife, nuotare e rilassarsi.<\/span><\/h3>\n<p>Alla fine, quando siamo sicuri che tutti abbiano goduto appieno della pausa sulla Barca Grande, ripartiamo e torniamo al porto; successivamente la riportiamo allo stesso punto di raccolta.<\/p>\n<p><span style=\"color: #ff0000;\">Nella gita di 2 ore cibo e bevande non sono inclusi.<\/span>[\/vc_column_text][\/vc_tta_section][vc_tta_section title=&#8221;ORARIO E TRASPORTO&#8221; tab_id=&#8221;1577671091666-736a5870-75e37f89-7dc7&#8243;][vc_column_text css=&#8221;&#8221;]Il servizio di trasporto \u00e8 disponibile nel sud di Tenerife ed \u00e8 incluso nel prezzo; le consigliamo di contattarci e verificare la disponibilit\u00e0 dalla sua zona prima di prenotare. Offriamo inoltre il trasporto da Puerto de la Cruz, ma solo per la gita di 4,5 ore.<\/p>\n<p><span style=\"text-decoration: underline;\"><span style=\"color: #ff0000; text-decoration: underline;\">ORARIO:<\/span><\/span><\/p>\n<p>Per favore chieda al nostro servizio clienti i giorni e gli orari disponibili.<\/p>\n<p><strong>LA GITA SULLA BARCA GRANDE \u00c8 LA SCELTA MIGLIORE PER GODERE DELLA SUA VACANZA, PRENOTI SUBITO I BIGLIETTI!<\/strong>[\/vc_column_text][\/vc_tta_section][\/vc_tta_accordion]<style type=\"text\/css\">.thegem-button-69d2a38d9c020846 .gem-button svg {fill: #ffffff;}.thegem-button-69d2a38d9c020846 .gem-button:hover svg {fill: #312c7a;}<\/style><div class=\"gem-button-container gem-button-position-center thegem-button-69d2a38d9c020846    \"  ><a class=\"gem-button gem-button-size-small gem-button-style-flat gem-button-text-weight-normal\" data-ll-effect=\"drop-right-without-wrap\" style=\"border-radius: 3px;background-color: #312c7a;color: #ffffff;\" onmouseleave=\"this.style.backgroundColor='#312c7a';this.style.color='#ffffff';\" onmouseenter=\"this.style.backgroundColor='#f6eb14';this.style.color='#312c7a';\" href=\"#prezzi-large\" target=\"_self\">PREZZI<\/a><\/div> [\/vc_column][\/vc_row][vc_row full_width=&#8221;stretch_row_content&#8221; css=&#8221;.vc_custom_1577476060002{background-color: #312c7a !important;background-position: center !important;background-repeat: no-repeat !important;background-size: cover !important;}&#8221;][vc_column][vc_column_text]<\/p>\n<h3 style=\"text-align: center;\"><strong><span style=\"font-size: 18pt; color: #ffffff;\">PRENOTA ORA<\/span><\/strong><\/h3>\n<p>[\/vc_column_text][vc_empty_space height=&#8221;10px&#8221; el_id=&#8221;prezzi-large&#8221;][\/vc_column][\/vc_row]<\/p>\n<\/div>","protected":false},"excerpt":{"rendered":"<p>[vc_row full_width=&#8221;stretch_row_content_no_spaces&#8221;][vc_column][vc_column_text css=&#8221;.vc_custom_1743419659983{background-color: #F6EB14 !important;background-position: center !important;background-repeat: no-repeat !important;background-size: cover !important;}&#8221; css_animation=&#8221;fadeIn&#8221;] BARCA GRANDE [\/vc_column_text][\/vc_column][\/vc_row][vc_row][vc_column][vc_column_text] La Barca Grande \u00e8 un&#8230;<\/p>\n","protected":false},"featured_media":155864,"template":"","meta":{"_acf_changed":false,"_seopress_robots_primary_cat":"2298","_seopress_titles_title":"Barca Grande, una escursione per vedere balene e delfini","_seopress_titles_desc":"La Barca Grande \u00e8 una delle migliori per fare una gita di avvistamento cetacei; \u00e8 dotata di fondo di vetro per una visione sottomarina.","_seopress_robots_index":""},"product_brand":[],"product_cat":[2298],"product_tag":[2344,2395,2385],"class_list":{"0":"post-54892","1":"product","2":"type-product","3":"status-publish","4":"has-post-thumbnail","6":"product_cat-gite-in-barca","7":"product_tag-avvistamento-balene-tenerife","8":"product_tag-avvistamento-delfini-tenerife","9":"product_tag-escursioni-in-barca-tenerife","11":"first","12":"instock","13":"virtual","14":"sold-individually","15":"taxable","16":"purchasable","17":"product-type-booking"},"booking_location":"","booking_location_type":"","booking_duration":1,"booking_duration_unit":"day","booking_buffer":0,"booking_cost":0,"booking_resources":[],"acf":[],"_links":{"self":[{"href":"https:\/\/tenerife-trips.com\/it\/wp-json\/wp\/v2\/product\/54892","targetHints":{"allow":["GET"]}}],"collection":[{"href":"https:\/\/tenerife-trips.com\/it\/wp-json\/wp\/v2\/product"}],"about":[{"href":"https:\/\/tenerife-trips.com\/it\/wp-json\/wp\/v2\/types\/product"}],"wp:featuredmedia":[{"embeddable":true,"href":"https:\/\/tenerife-trips.com\/it\/wp-json\/wp\/v2\/media\/155864"}],"wp:attachment":[{"href":"https:\/\/tenerife-trips.com\/it\/wp-json\/wp\/v2\/media?parent=54892"}],"wp:term":[{"taxonomy":"product_brand","embeddable":true,"href":"https:\/\/tenerife-trips.com\/it\/wp-json\/wp\/v2\/product_brand?post=54892"},{"taxonomy":"product_cat","embeddable":true,"href":"https:\/\/tenerife-trips.com\/it\/wp-json\/wp\/v2\/product_cat?post=54892"},{"taxonomy":"product_tag","embeddable":true,"href":"https:\/\/tenerife-trips.com\/it\/wp-json\/wp\/v2\/product_tag?post=54892"}],"curies":[{"name":"wp","href":"https:\/\/api.w.org\/{rel}","templated":true}]}}